{"id":17247,"date":"2018-07-03T16:43:33","date_gmt":"2018-07-03T14:43:33","guid":{"rendered":"https:\/\/www.cruillabarcelona.cat\/?page_id=17247"},"modified":"2018-07-06T10:58:59","modified_gmt":"2018-07-06T08:58:59","slug":"cruilla-is-more-than-music","status":"publish","type":"page","link":"https:\/\/www.cruillabarcelona.cat\/en\/cruilla-is-more-than-music\/","title":{"rendered":"Cru\u00eflla is more than music"},"content":{"rendered":"<h1 style=\"text-align: center;\">As well as concerts, you\u2019ll find all this at Cru\u00eflla<\/h1>\n<p style=\"text-align: center;\">Festival Cru\u00eflla is more than music. It\u2019s an experience with <strong>art, gastronomy, fashion, technology, wellbeing<\/strong> and a <strong>social and environmental commitment<\/strong> that means that everything makes sense.<\/p>\n<p style=\"text-align: center;\">You already know which concerts you\u2019ll find at the festival. Now, you can discover the whole experience.<\/p>\n<hr \/>\n<h2 style=\"text-align: center;\">Art all around<\/h2>\n<p>Cru\u00eflla is much more than music, <a href=\"https:\/\/www.cruillabarcelona.cat\/en\/cruilla-is-art\/\" target=\"_blank\" rel=\"noopener\">Cru\u00eflla is art<\/a>!<\/p>\n<p>One of the great stars of Cru\u00eflla each year is <strong>the Estrella Damm stage, designed by Llu\u00eds Dan\u00e9s<\/strong>. For another year, we can enjoy Dan\u00e9s&#8217; talent and handicraft, used to build a gigantic installation with an under the sea theme.<\/p>\n<p>What\u2019s more, we\u2019ll have the show <em>Dreams<\/em> from the legendary company <a href=\"https:\/\/www.cruillabarcelona.cat\/en\/artists\/la-fura-dels-baus\/\" target=\"_blank\" rel=\"noopener\">La Fura dels Baus<\/a>, and the popular fire and music festival <a href=\"https:\/\/www.cruillabarcelona.cat\/en\/artists\/aquelarre-de-cervera\/\" target=\"_blank\" rel=\"noopener\">Aquelarre de Cervera<\/a>. The performance arts will be rounded off with <strong>dance, aerial dance and theatre shows<\/strong> that you\u2019ll find as you wander around the festival.<\/p>\n<p>Once again, we\u2019ll have<strong> a space for urban art<\/strong> where a series of artists will paint the festival headliners. If you want to meet our team of urban artists, click <a href=\"https:\/\/www.cruillabarcelona.cat\/en\/blog\/meet-the-urban-artists-of-cruilla-2018\/\" target=\"_blank\" rel=\"noopener\">HERE<\/a>.<\/p>\n<p><img loading=\"lazy\" decoding=\"async\" class=\" wp-image-14289 aligncenter\" src=\"https:\/\/www.cruillabarcelona.cat\/wp-content\/uploads\/2018\/06\/Escenari-EstrellaDamm-copia2-800x356.jpg\" alt=\"Escenari EstrellaDamm\" width=\"730\" height=\"325\" srcset=\"https:\/\/www.cruillabarcelona.cat\/wp-content\/uploads\/2018\/06\/Escenari-EstrellaDamm-copia2.jpg 800w, https:\/\/www.cruillabarcelona.cat\/wp-content\/uploads\/2018\/06\/Escenari-EstrellaDamm-copia2-768x342.jpg 768w, https:\/\/www.cruillabarcelona.cat\/wp-content\/uploads\/2018\/06\/Escenari-EstrellaDamm-copia2-300x134.jpg 300w, https:\/\/www.cruillabarcelona.cat\/wp-content\/uploads\/2018\/06\/Escenari-EstrellaDamm-copia2-600x267.jpg 600w\" sizes=\"auto, (max-width: 730px) 100vw, 730px\" \/><\/p>\n<hr \/>\n<h2 style=\"text-align: center;\">Everyone can eat well<\/h2>\n<p>At the festival, you\u2019ll find a series of <strong>food trucks<\/strong> coordinated by White Summer, with a wide range of cuisines.<\/p>\n<p>This year, we wanted to have a bigger and better range of <strong>vegan, vegetarian and gluten-free food<\/strong>. Plus, we wanted this to be easy to find.<\/p>\n<p>As a new addition to this year\u2019s festival, you\u2019ll also be able to find quality <strong>coffee<\/strong>.<\/p>\n<p>If you want to discover the range of food on offer at Cru\u00eflla, click <a href=\"https:\/\/www.cruillabarcelona.cat\/en\/gastronomia\/\" target=\"_blank\" rel=\"noopener\">HERE<\/a>.<\/p>\n<hr \/>\n<h2 style=\"text-align: center;\">Technology, make it easy for me<\/h2>\n<p style=\"text-align: justify;\">We\u2019re continuing to use the <strong>cashless wristband<\/strong> system, a payment method that prevents queues and increases security. You simply charge your wristband from home, using the app or at the festival ticket booths, and pay for what you wish to consume. Afterwards, whatever you haven\u2019t spent will be automatically returned <strong>without commission<\/strong>. You can find out more about your wristband and charge it <a href=\"https:\/\/www.cruillabarcelona.cat\/en\/cashless\/\" target=\"_blank\" rel=\"noopener\">HERE<\/a>.<\/p>\n<p style=\"text-align: justify;\">From 12 June, the <strong>Cru\u00eflla App<\/strong> will be available with all the relevant timetables and information. A new addition <strong>this year<\/strong> is that <strong>the application will include a virtual reality game<\/strong>. Do you remember Pok\u00e9mon? Now, you will need to find Gaud\u00ed dragons hidden around the festival!<\/p>\n<p style=\"text-align: justify;\">Other new technological facilities at Cru\u00eflla 2018 are the <strong>areas with free Wi-Fi<\/strong> and <strong>mobile phone charging areas<\/strong>, as well as a <strong>gaming area<\/strong> which will amaze you.<\/p>\n<hr \/>\n<h2 style=\"text-align: center;\">We\u2019re fashion forward<\/h2>\n<p>The White Summer festival will coordinate two <strong>fashion<\/strong> areas: <strong>the Lifestyle area<\/strong>, where you\u2019ll find brands that identify with a specific lifestyle, and <strong>the Market area<\/strong>, where you\u2019ll find more artisanal, local and fair-trade products. What\u2019s more, this year we\u2019re introducing the festival\u2019s <strong>own merchandise<\/strong>.<\/p>\n<p>So you don\u2019t have to carry your purchases around the festival, there will be a <strong>home delivery service<\/strong>. Easy and cheap.<\/p>\n<hr \/>\n<h2 style=\"text-align: center;\">Let\u2019s take care of ourselves!<\/h2>\n<p>For another year, we\u2019ll have a space designed for <strong>massages and beauty<\/strong> thanks to the professionals from Treatwell.<\/p>\n<p>Plus, this year, the attendees who stay until 3 am will receive a <strong>refreshing pack with juice and fruit. <\/strong><\/p>\n<p><img loading=\"lazy\" decoding=\"async\" class=\"wp-image-5540 aligncenter\" src=\"https:\/\/www.cruillabarcelona.cat\/wp-content\/uploads\/2017\/06\/SX2A5872-800x528.jpeg\" alt=\"\" width=\"602\" height=\"397\" \/><\/p>\n<hr \/>\n<h2 style=\"text-align: center;\">Social responsibility<\/h2>\n<p style=\"text-align: center;\"><em>This isn\u2019t just another part of the festival, but a section in itself that means that everything we\u2019ve announced makes sense.<\/em><\/p>\n<p>This year, Cru\u00eflla is working with Obra Social Sant Joan de D\u00e9u. When you purchase your ticket to Cru\u00eflla, you have the opportunity to make a donation to Obra Social Sant Joan de D\u00e9u <strong>music therapy programmes<\/strong>.<\/p>\n<p>The social commitment continues with other measures we want to put in place so that families come to the festival. That\u2019s why <strong>children under 15 (inclusive)<\/strong> <strong>enter for free<\/strong>. As a new addition for this year, we also have a <strong>Kids Area for the youngest attendees. <\/strong><\/p>\n<p>Don\u2019t forget that we also offer a series of discounts for groups, such as <strong>discounts for unemployed people<\/strong> or for <strong>those accompanying people with reduced mobility<\/strong>.<\/p>\n<p>Another part of our social commitment is our support of Barcelona City Council\u2019s <strong>No Callem protocol<\/strong>, designed to detect and deal with any incidence of <strong>violence against women<\/strong>. Our staff will receive the necessary training and we will have a designated point for information and assistance.<\/p>\n<p><img loading=\"lazy\" decoding=\"async\" class=\" wp-image-13668 aligncenter\" src=\"https:\/\/www.cruillabarcelona.cat\/wp-content\/uploads\/2018\/06\/No-callem.jpg\" alt=\"No callem\" width=\"602\" height=\"301\" srcset=\"https:\/\/www.cruillabarcelona.cat\/wp-content\/uploads\/2018\/06\/No-callem.jpg 600w, https:\/\/www.cruillabarcelona.cat\/wp-content\/uploads\/2018\/06\/No-callem-300x150.jpg 300w\" sizes=\"auto, (max-width: 602px) 100vw, 602px\" \/><\/p>\n<hr \/>\n<h2 style=\"text-align: center;\">Environmental responsibility<\/h2>\n<p style=\"text-align: center;\"><em>This isn\u2019t just another part of the festival, but a section in itself that means that everything we\u2019ve announced makes sense.<\/em><\/p>\n<p>We want to highlight our most innovative and most exciting environmental proposal. Festival Cru\u00eflla will be <strong>the first big festival in Spain and one of the few in the world that will use 100% biodegradable cups.<\/strong> We\u2019re working to reduce plastic to a minimum within the festival and we\u2019re setting off an environmental trend that\u2019s just beginning. <strong>You can find out more about the bio-cup <a href=\"https:\/\/www.cruillabarcelona.cat\/en\/bio-cup\/\" target=\"_blank\" rel=\"noopener\">HERE<\/a>.<\/strong><\/p>\n<p>Halfway between our commitment to society and to the environment is <strong>mobility<\/strong>. We\u2019ve made an agreement with TRAM to <strong>extend the tram service<\/strong> to limit the need to bring the car. On Thursday until 2 am and on Friday and Saturday, all night.<\/p>\n<p>To help you go back home, you&#8217;ll also find <strong>shuttle buses<\/strong> from the festival to Pla\u00e7a de Catalunya. These buses will operate from 11PM to 01:15AM on Thursday, July 12th and from 01AM to 05AM on Friday and Saturday. Every 20 minutes.<\/p>\n<p><img loading=\"lazy\" decoding=\"async\" class=\"wp-image-13660 aligncenter\" src=\"https:\/\/www.cruillabarcelona.cat\/wp-content\/uploads\/2018\/06\/P1340268-R-1-800x528.jpeg\" alt=\"\" width=\"602\" height=\"397\" \/><\/p>\n","protected":false},"excerpt":{"rendered":"<p>As well as concerts, you\u2019ll find all this at Cru\u00eflla Festival Cru\u00eflla is more than music. It\u2019s an experience with art, gastronomy, fashion, technology, wellbeing and [&hellip;]<\/p>\n","protected":false},"author":2,"featured_media":9668,"parent":0,"menu_order":0,"comment_status":"closed","ping_status":"closed","template":"page-templates\/page-landing.php","meta":{"_acf_changed":false,"footnotes":""},"class_list":["post-17247","page","type-page","status-publish","has-post-thumbnail","hentry"],"acf":[],"yoast_head":"<!-- This site is optimized with the Yoast SEO plugin v27.3 - https:\/\/yoast.com\/product\/yoast-seo-wordpress\/ -->\n<title>Cru\u00eflla is more than music - Festival Cru\u00eflla<\/title>\n<meta name=\"robots\" content=\"index, follow, max-snippet:-1, max-image-preview:large, max-video-preview:-1\" \/>\n<link rel=\"canonical\" href=\"https:\/\/www.cruillabarcelona.cat\/en\/cruilla-is-more-than-music\/\" \/>\n<meta property=\"og:locale\" content=\"en_US\" \/>\n<meta property=\"og:type\" content=\"article\" \/>\n<meta property=\"og:title\" content=\"Cru\u00eflla is more than music - Festival Cru\u00eflla\" \/>\n<meta property=\"og:description\" content=\"As well as concerts, you\u2019ll find all this at Cru\u00eflla Festival Cru\u00eflla is more than music. It\u2019s an experience with art, gastronomy, fashion, technology, wellbeing and [&hellip;]\" \/>\n<meta property=\"og:url\" content=\"https:\/\/www.cruillabarcelona.cat\/en\/cruilla-is-more-than-music\/\" \/>\n<meta property=\"og:site_name\" content=\"Festival Cru\u00eflla\" \/>\n<meta property=\"article:modified_time\" content=\"2018-07-06T08:58:59+00:00\" \/>\n<meta property=\"og:image\" content=\"https:\/\/www.cruillabarcelona.cat\/wp-content\/uploads\/2018\/03\/cruilla-landing.jpg\" \/>\n\t<meta property=\"og:image:width\" content=\"1500\" \/>\n\t<meta property=\"og:image:height\" content=\"500\" \/>\n\t<meta property=\"og:image:type\" content=\"image\/jpeg\" \/>\n<meta name=\"twitter:card\" content=\"summary_large_image\" \/>\n<meta name=\"twitter:label1\" content=\"Est. reading time\" \/>\n\t<meta name=\"twitter:data1\" content=\"5 minutes\" \/>\n<script type=\"application\/ld+json\" class=\"yoast-schema-graph\">{\"@context\":\"https:\\\/\\\/schema.org\",\"@graph\":[{\"@type\":\"WebPage\",\"@id\":\"https:\\\/\\\/www.cruillabarcelona.cat\\\/en\\\/cruilla-is-more-than-music\\\/\",\"url\":\"https:\\\/\\\/www.cruillabarcelona.cat\\\/en\\\/cruilla-is-more-than-music\\\/\",\"name\":\"Cru\u00eflla is more than music - Festival Cru\u00eflla\",\"isPartOf\":{\"@id\":\"https:\\\/\\\/www.cruillabarcelona.cat\\\/en\\\/#website\"},\"primaryImageOfPage\":{\"@id\":\"https:\\\/\\\/www.cruillabarcelona.cat\\\/en\\\/cruilla-is-more-than-music\\\/#primaryimage\"},\"image\":{\"@id\":\"https:\\\/\\\/www.cruillabarcelona.cat\\\/en\\\/cruilla-is-more-than-music\\\/#primaryimage\"},\"thumbnailUrl\":\"https:\\\/\\\/www.cruillabarcelona.cat\\\/wp-content\\\/uploads\\\/2018\\\/03\\\/cruilla-landing.jpg\",\"datePublished\":\"2018-07-03T14:43:33+00:00\",\"dateModified\":\"2018-07-06T08:58:59+00:00\",\"breadcrumb\":{\"@id\":\"https:\\\/\\\/www.cruillabarcelona.cat\\\/en\\\/cruilla-is-more-than-music\\\/#breadcrumb\"},\"inLanguage\":\"en-US\",\"potentialAction\":[{\"@type\":\"ReadAction\",\"target\":[\"https:\\\/\\\/www.cruillabarcelona.cat\\\/en\\\/cruilla-is-more-than-music\\\/\"]}]},{\"@type\":\"ImageObject\",\"inLanguage\":\"en-US\",\"@id\":\"https:\\\/\\\/www.cruillabarcelona.cat\\\/en\\\/cruilla-is-more-than-music\\\/#primaryimage\",\"url\":\"https:\\\/\\\/www.cruillabarcelona.cat\\\/wp-content\\\/uploads\\\/2018\\\/03\\\/cruilla-landing.jpg\",\"contentUrl\":\"https:\\\/\\\/www.cruillabarcelona.cat\\\/wp-content\\\/uploads\\\/2018\\\/03\\\/cruilla-landing.jpg\",\"width\":1500,\"height\":500,\"caption\":\"Cru\u00eflla \u00e9s m\u00e9s\"},{\"@type\":\"BreadcrumbList\",\"@id\":\"https:\\\/\\\/www.cruillabarcelona.cat\\\/en\\\/cruilla-is-more-than-music\\\/#breadcrumb\",\"itemListElement\":[{\"@type\":\"ListItem\",\"position\":1,\"name\":\"Home\",\"item\":\"https:\\\/\\\/www.cruillabarcelona.cat\\\/en\\\/\"},{\"@type\":\"ListItem\",\"position\":2,\"name\":\"Cru\u00eflla is more than music\"}]},{\"@type\":\"WebSite\",\"@id\":\"https:\\\/\\\/www.cruillabarcelona.cat\\\/en\\\/#website\",\"url\":\"https:\\\/\\\/www.cruillabarcelona.cat\\\/en\\\/\",\"name\":\"Festival Cru\u00eflla\",\"description\":\"\",\"publisher\":{\"@id\":\"https:\\\/\\\/www.cruillabarcelona.cat\\\/en\\\/#organization\"},\"potentialAction\":[{\"@type\":\"SearchAction\",\"target\":{\"@type\":\"EntryPoint\",\"urlTemplate\":\"https:\\\/\\\/www.cruillabarcelona.cat\\\/en\\\/?s={search_term_string}\"},\"query-input\":{\"@type\":\"PropertyValueSpecification\",\"valueRequired\":true,\"valueName\":\"search_term_string\"}}],\"inLanguage\":\"en-US\"},{\"@type\":\"Organization\",\"@id\":\"https:\\\/\\\/www.cruillabarcelona.cat\\\/en\\\/#organization\",\"name\":\"Festival Cru\u00eflla\",\"url\":\"https:\\\/\\\/www.cruillabarcelona.cat\\\/en\\\/\",\"logo\":{\"@type\":\"ImageObject\",\"inLanguage\":\"en-US\",\"@id\":\"https:\\\/\\\/www.cruillabarcelona.cat\\\/en\\\/#\\\/schema\\\/logo\\\/image\\\/\",\"url\":\"https:\\\/\\\/www.cruillabarcelona.cat\\\/wp-content\\\/uploads\\\/2025\\\/12\\\/cruill-logo-negativo.png\",\"contentUrl\":\"https:\\\/\\\/www.cruillabarcelona.cat\\\/wp-content\\\/uploads\\\/2025\\\/12\\\/cruill-logo-negativo.png\",\"width\":400,\"height\":101,\"caption\":\"Festival Cru\u00eflla\"},\"image\":{\"@id\":\"https:\\\/\\\/www.cruillabarcelona.cat\\\/en\\\/#\\\/schema\\\/logo\\\/image\\\/\"}}]}<\/script>\n<!-- \/ Yoast SEO plugin. -->","yoast_head_json":{"title":"Cru\u00eflla is more than music - Festival Cru\u00eflla","robots":{"index":"index","follow":"follow","max-snippet":"max-snippet:-1","max-image-preview":"max-image-preview:large","max-video-preview":"max-video-preview:-1"},"canonical":"https:\/\/www.cruillabarcelona.cat\/en\/cruilla-is-more-than-music\/","og_locale":"en_US","og_type":"article","og_title":"Cru\u00eflla is more than music - Festival Cru\u00eflla","og_description":"As well as concerts, you\u2019ll find all this at Cru\u00eflla Festival Cru\u00eflla is more than music. It\u2019s an experience with art, gastronomy, fashion, technology, wellbeing and [&hellip;]","og_url":"https:\/\/www.cruillabarcelona.cat\/en\/cruilla-is-more-than-music\/","og_site_name":"Festival Cru\u00eflla","article_modified_time":"2018-07-06T08:58:59+00:00","og_image":[{"width":1500,"height":500,"url":"https:\/\/www.cruillabarcelona.cat\/wp-content\/uploads\/2018\/03\/cruilla-landing.jpg","type":"image\/jpeg"}],"twitter_card":"summary_large_image","twitter_misc":{"Est. reading time":"5 minutes"},"schema":{"@context":"https:\/\/schema.org","@graph":[{"@type":"WebPage","@id":"https:\/\/www.cruillabarcelona.cat\/en\/cruilla-is-more-than-music\/","url":"https:\/\/www.cruillabarcelona.cat\/en\/cruilla-is-more-than-music\/","name":"Cru\u00eflla is more than music - Festival Cru\u00eflla","isPartOf":{"@id":"https:\/\/www.cruillabarcelona.cat\/en\/#website"},"primaryImageOfPage":{"@id":"https:\/\/www.cruillabarcelona.cat\/en\/cruilla-is-more-than-music\/#primaryimage"},"image":{"@id":"https:\/\/www.cruillabarcelona.cat\/en\/cruilla-is-more-than-music\/#primaryimage"},"thumbnailUrl":"https:\/\/www.cruillabarcelona.cat\/wp-content\/uploads\/2018\/03\/cruilla-landing.jpg","datePublished":"2018-07-03T14:43:33+00:00","dateModified":"2018-07-06T08:58:59+00:00","breadcrumb":{"@id":"https:\/\/www.cruillabarcelona.cat\/en\/cruilla-is-more-than-music\/#breadcrumb"},"inLanguage":"en-US","potentialAction":[{"@type":"ReadAction","target":["https:\/\/www.cruillabarcelona.cat\/en\/cruilla-is-more-than-music\/"]}]},{"@type":"ImageObject","inLanguage":"en-US","@id":"https:\/\/www.cruillabarcelona.cat\/en\/cruilla-is-more-than-music\/#primaryimage","url":"https:\/\/www.cruillabarcelona.cat\/wp-content\/uploads\/2018\/03\/cruilla-landing.jpg","contentUrl":"https:\/\/www.cruillabarcelona.cat\/wp-content\/uploads\/2018\/03\/cruilla-landing.jpg","width":1500,"height":500,"caption":"Cru\u00eflla \u00e9s m\u00e9s"},{"@type":"BreadcrumbList","@id":"https:\/\/www.cruillabarcelona.cat\/en\/cruilla-is-more-than-music\/#breadcrumb","itemListElement":[{"@type":"ListItem","position":1,"name":"Home","item":"https:\/\/www.cruillabarcelona.cat\/en\/"},{"@type":"ListItem","position":2,"name":"Cru\u00eflla is more than music"}]},{"@type":"WebSite","@id":"https:\/\/www.cruillabarcelona.cat\/en\/#website","url":"https:\/\/www.cruillabarcelona.cat\/en\/","name":"Festival Cru\u00eflla","description":"","publisher":{"@id":"https:\/\/www.cruillabarcelona.cat\/en\/#organization"},"potentialAction":[{"@type":"SearchAction","target":{"@type":"EntryPoint","urlTemplate":"https:\/\/www.cruillabarcelona.cat\/en\/?s={search_term_string}"},"query-input":{"@type":"PropertyValueSpecification","valueRequired":true,"valueName":"search_term_string"}}],"inLanguage":"en-US"},{"@type":"Organization","@id":"https:\/\/www.cruillabarcelona.cat\/en\/#organization","name":"Festival Cru\u00eflla","url":"https:\/\/www.cruillabarcelona.cat\/en\/","logo":{"@type":"ImageObject","inLanguage":"en-US","@id":"https:\/\/www.cruillabarcelona.cat\/en\/#\/schema\/logo\/image\/","url":"https:\/\/www.cruillabarcelona.cat\/wp-content\/uploads\/2025\/12\/cruill-logo-negativo.png","contentUrl":"https:\/\/www.cruillabarcelona.cat\/wp-content\/uploads\/2025\/12\/cruill-logo-negativo.png","width":400,"height":101,"caption":"Festival Cru\u00eflla"},"image":{"@id":"https:\/\/www.cruillabarcelona.cat\/en\/#\/schema\/logo\/image\/"}}]}},"_links":{"self":[{"href":"https:\/\/www.cruillabarcelona.cat\/en\/wp-json\/wp\/v2\/pages\/17247","targetHints":{"allow":["GET"]}}],"collection":[{"href":"https:\/\/www.cruillabarcelona.cat\/en\/wp-json\/wp\/v2\/pages"}],"about":[{"href":"https:\/\/www.cruillabarcelona.cat\/en\/wp-json\/wp\/v2\/types\/page"}],"author":[{"embeddable":true,"href":"https:\/\/www.cruillabarcelona.cat\/en\/wp-json\/wp\/v2\/users\/2"}],"replies":[{"embeddable":true,"href":"https:\/\/www.cruillabarcelona.cat\/en\/wp-json\/wp\/v2\/comments?post=17247"}],"version-history":[{"count":0,"href":"https:\/\/www.cruillabarcelona.cat\/en\/wp-json\/wp\/v2\/pages\/17247\/revisions"}],"wp:featuredmedia":[{"embeddable":true,"href":"https:\/\/www.cruillabarcelona.cat\/en\/wp-json\/wp\/v2\/media\/9668"}],"wp:attachment":[{"href":"https:\/\/www.cruillabarcelona.cat\/en\/wp-json\/wp\/v2\/media?parent=17247"}],"curies":[{"name":"wp","href":"https:\/\/api.w.org\/{rel}","templated":true}]}}