{"id":42057,"date":"2022-03-10T17:20:29","date_gmt":"2022-03-10T15:20:29","guid":{"rendered":"https:\/\/www.cruillabarcelona.cat\/?page_id=42057"},"modified":"2024-02-21T13:04:12","modified_gmt":"2024-02-21T11:04:12","slug":"festival-cruilla-2024","status":"publish","type":"page","link":"https:\/\/www.cruillabarcelona.cat\/en\/festival-cruilla-2024\/","title":{"rendered":"Cru\u00eflla Festival 2024"},"content":{"rendered":"<h2 style=\"text-align: center;\">WELCOME TO THE FESTIVAL CRU\u00cfLLA!<\/h2>\n<p>The<strong> Festival Cru\u00eflla<\/strong> will be held on <strong>July 10, 11, 12 and 13 2024<\/strong>\u00a0at the Parc del F\u00f2rum in <strong>Barcelona<\/strong>. An emblematic city and an <strong>unbeatable setting<\/strong>: outdoors and <strong>facing the sea<\/strong>.<\/p>\n<p>This is an <strong>unrepeatable experience<\/strong>. Based on <strong>music<\/strong> and accompanied by <strong>arts<\/strong>\u00a0and <strong>comedy shows<\/strong>.<\/p>\n<p>Enjoy <strong>the best night of the summer<\/strong> with <strong>a day ticket<\/strong>. Or get a <strong>Full or weekend ticket<\/strong> and <strong>live the full experience<\/strong>.<\/p>\n<hr \/>\n<p style=\"text-align: center;\"><strong>Get your tickets here<\/strong><\/p>\n<p style=\"text-align: center;\"><a class=\"efsbutton button \" target=\"_blank\">TICKETS<\/a><\/p>\n<hr \/>\n<p>What we experienced in the first week of July is not a conventional festival. It is <strong>a whole life<\/strong>. It is a place designed to experience <strong>the best of summer<\/strong>. You can enjoy a good conversation and a Estrella in the <strong>gastronomic area<\/strong> while you eat something to recover your strength. You can laugh at the best <strong>comedy<\/strong>. You can contemplate the best <strong>art<\/strong>. Or you can give it your all in the <strong>concert area<\/strong>.<\/p>\n<p>Because Cru\u00eflla means <strong>freedom<\/strong>, <strong>happiness<\/strong> and a <strong>guaranteed party<\/strong>. And, this year, Cru\u00eflla means <strong>dancing<\/strong>, <strong>jumping<\/strong> and <strong>enjoying<\/strong> like never before.<\/p>\n<p>&nbsp;<\/p>\n<p><iframe loading=\"lazy\" title=\"FESTIVAL CRU\u00cfLLA 2023 - Aftermovie\" width=\"1200\" height=\"675\" src=\"https:\/\/www.youtube.com\/embed\/7_a4KlW0HfQ?feature=oembed\" frameborder=\"0\" allow=\"accelerometer; autoplay; clipboard-write; encrypted-media; gyroscope; picture-in-picture; web-share\" referrerpolicy=\"strict-origin-when-cross-origin\" allowfullscreen><\/iframe><\/p>\n","protected":false},"excerpt":{"rendered":"<p>WELCOME TO THE FESTIVAL CRU\u00cfLLA! The Festival Cru\u00eflla will be held on July 10, 11, 12 and 13 2024\u00a0at the Parc del F\u00f2rum in Barcelona. An [&hellip;]<\/p>\n","protected":false},"author":2,"featured_media":45495,"parent":0,"menu_order":0,"comment_status":"closed","ping_status":"closed","template":"","meta":{"_acf_changed":false,"footnotes":""},"class_list":["post-42057","page","type-page","status-publish","has-post-thumbnail","hentry"],"acf":[],"yoast_head":"<!-- This site is optimized with the Yoast SEO plugin v27.5 - https:\/\/yoast.com\/product\/yoast-seo-wordpress\/ -->\n<title>Cru\u00eflla Festival 2024 - From 10 to 13 July at Parc del F\u00f2rum<\/title>\n<meta name=\"description\" content=\"The next edition of the Cru\u00eflla Festival will be celebrated on July 10, 11, 12 and 13 2024 at the Parc del F\u00f2rum in Barcelona.\" \/>\n<meta name=\"robots\" content=\"index, follow, max-snippet:-1, max-image-preview:large, max-video-preview:-1\" \/>\n<link rel=\"canonical\" href=\"https:\/\/www.cruillabarcelona.cat\/en\/festival-cruilla-2024\/\" \/>\n<meta property=\"og:locale\" content=\"en_US\" \/>\n<meta property=\"og:type\" content=\"article\" \/>\n<meta property=\"og:title\" content=\"Cru\u00eflla Festival 2024 - From 10 to 13 July at Parc del F\u00f2rum\" \/>\n<meta property=\"og:description\" content=\"The next edition of the Cru\u00eflla Festival will be celebrated on July 10, 11, 12 and 13 2024 at the Parc del F\u00f2rum in Barcelona.\" \/>\n<meta property=\"og:url\" content=\"https:\/\/www.cruillabarcelona.cat\/en\/festival-cruilla-2024\/\" \/>\n<meta property=\"og:site_name\" content=\"Festival Cru\u00eflla\" \/>\n<meta property=\"article:modified_time\" content=\"2024-02-21T11:04:12+00:00\" \/>\n<meta property=\"og:image\" content=\"https:\/\/www.cruillabarcelona.cat\/wp-content\/uploads\/2022\/07\/2022-07-09-ESCENARI-1__41A1875_PhotoXaviTorrent-2-scaled.jpg\" \/>\n\t<meta property=\"og:image:width\" content=\"2560\" \/>\n\t<meta property=\"og:image:height\" content=\"1707\" \/>\n\t<meta property=\"og:image:type\" content=\"image\/jpeg\" \/>\n<meta name=\"twitter:card\" content=\"summary_large_image\" \/>\n<meta name=\"twitter:label1\" content=\"Est. reading time\" \/>\n\t<meta name=\"twitter:data1\" content=\"2 minutes\" \/>\n<script type=\"application\/ld+json\" class=\"yoast-schema-graph\">{\"@context\":\"https:\\\/\\\/schema.org\",\"@graph\":[{\"@type\":\"WebPage\",\"@id\":\"https:\\\/\\\/www.cruillabarcelona.cat\\\/en\\\/festival-cruilla-2024\\\/\",\"url\":\"https:\\\/\\\/www.cruillabarcelona.cat\\\/en\\\/festival-cruilla-2024\\\/\",\"name\":\"Cru\u00eflla Festival 2024 - From 10 to 13 July at Parc del F\u00f2rum\",\"isPartOf\":{\"@id\":\"https:\\\/\\\/www.cruillabarcelona.cat\\\/en\\\/#website\"},\"primaryImageOfPage\":{\"@id\":\"https:\\\/\\\/www.cruillabarcelona.cat\\\/en\\\/festival-cruilla-2024\\\/#primaryimage\"},\"image\":{\"@id\":\"https:\\\/\\\/www.cruillabarcelona.cat\\\/en\\\/festival-cruilla-2024\\\/#primaryimage\"},\"thumbnailUrl\":\"https:\\\/\\\/www.cruillabarcelona.cat\\\/wp-content\\\/uploads\\\/2022\\\/07\\\/2022-07-09-ESCENARI-1__41A1875_PhotoXaviTorrent-2-scaled.jpg\",\"datePublished\":\"2022-03-10T15:20:29+00:00\",\"dateModified\":\"2024-02-21T11:04:12+00:00\",\"description\":\"The next edition of the Cru\u00eflla Festival will be celebrated on July 10, 11, 12 and 13 2024 at the Parc del F\u00f2rum in Barcelona.\",\"breadcrumb\":{\"@id\":\"https:\\\/\\\/www.cruillabarcelona.cat\\\/en\\\/festival-cruilla-2024\\\/#breadcrumb\"},\"inLanguage\":\"en-US\",\"potentialAction\":[{\"@type\":\"ReadAction\",\"target\":[\"https:\\\/\\\/www.cruillabarcelona.cat\\\/en\\\/festival-cruilla-2024\\\/\"]}]},{\"@type\":\"ImageObject\",\"inLanguage\":\"en-US\",\"@id\":\"https:\\\/\\\/www.cruillabarcelona.cat\\\/en\\\/festival-cruilla-2024\\\/#primaryimage\",\"url\":\"https:\\\/\\\/www.cruillabarcelona.cat\\\/wp-content\\\/uploads\\\/2022\\\/07\\\/2022-07-09-ESCENARI-1__41A1875_PhotoXaviTorrent-2-scaled.jpg\",\"contentUrl\":\"https:\\\/\\\/www.cruillabarcelona.cat\\\/wp-content\\\/uploads\\\/2022\\\/07\\\/2022-07-09-ESCENARI-1__41A1875_PhotoXaviTorrent-2-scaled.jpg\",\"width\":2560,\"height\":1707},{\"@type\":\"BreadcrumbList\",\"@id\":\"https:\\\/\\\/www.cruillabarcelona.cat\\\/en\\\/festival-cruilla-2024\\\/#breadcrumb\",\"itemListElement\":[{\"@type\":\"ListItem\",\"position\":1,\"name\":\"Home\",\"item\":\"https:\\\/\\\/www.cruillabarcelona.cat\\\/en\\\/\"},{\"@type\":\"ListItem\",\"position\":2,\"name\":\"Cru\u00eflla Festival 2024\"}]},{\"@type\":\"WebSite\",\"@id\":\"https:\\\/\\\/www.cruillabarcelona.cat\\\/en\\\/#website\",\"url\":\"https:\\\/\\\/www.cruillabarcelona.cat\\\/en\\\/\",\"name\":\"Festival Cru\u00eflla\",\"description\":\"\",\"publisher\":{\"@id\":\"https:\\\/\\\/www.cruillabarcelona.cat\\\/en\\\/#organization\"},\"potentialAction\":[{\"@type\":\"SearchAction\",\"target\":{\"@type\":\"EntryPoint\",\"urlTemplate\":\"https:\\\/\\\/www.cruillabarcelona.cat\\\/en\\\/?s={search_term_string}\"},\"query-input\":{\"@type\":\"PropertyValueSpecification\",\"valueRequired\":true,\"valueName\":\"search_term_string\"}}],\"inLanguage\":\"en-US\"},{\"@type\":\"Organization\",\"@id\":\"https:\\\/\\\/www.cruillabarcelona.cat\\\/en\\\/#organization\",\"name\":\"Festival Cru\u00eflla\",\"url\":\"https:\\\/\\\/www.cruillabarcelona.cat\\\/en\\\/\",\"logo\":{\"@type\":\"ImageObject\",\"inLanguage\":\"en-US\",\"@id\":\"https:\\\/\\\/www.cruillabarcelona.cat\\\/en\\\/#\\\/schema\\\/logo\\\/image\\\/\",\"url\":\"https:\\\/\\\/www.cruillabarcelona.cat\\\/wp-content\\\/uploads\\\/2025\\\/12\\\/cruill-logo-negativo.png\",\"contentUrl\":\"https:\\\/\\\/www.cruillabarcelona.cat\\\/wp-content\\\/uploads\\\/2025\\\/12\\\/cruill-logo-negativo.png\",\"width\":400,\"height\":101,\"caption\":\"Festival Cru\u00eflla\"},\"image\":{\"@id\":\"https:\\\/\\\/www.cruillabarcelona.cat\\\/en\\\/#\\\/schema\\\/logo\\\/image\\\/\"}}]}<\/script>\n<!-- \/ Yoast SEO plugin. -->","yoast_head_json":{"title":"Cru\u00eflla Festival 2024 - From 10 to 13 July at Parc del F\u00f2rum","description":"The next edition of the Cru\u00eflla Festival will be celebrated on July 10, 11, 12 and 13 2024 at the Parc del F\u00f2rum in Barcelona.","robots":{"index":"index","follow":"follow","max-snippet":"max-snippet:-1","max-image-preview":"max-image-preview:large","max-video-preview":"max-video-preview:-1"},"canonical":"https:\/\/www.cruillabarcelona.cat\/en\/festival-cruilla-2024\/","og_locale":"en_US","og_type":"article","og_title":"Cru\u00eflla Festival 2024 - From 10 to 13 July at Parc del F\u00f2rum","og_description":"The next edition of the Cru\u00eflla Festival will be celebrated on July 10, 11, 12 and 13 2024 at the Parc del F\u00f2rum in Barcelona.","og_url":"https:\/\/www.cruillabarcelona.cat\/en\/festival-cruilla-2024\/","og_site_name":"Festival Cru\u00eflla","article_modified_time":"2024-02-21T11:04:12+00:00","og_image":[{"width":2560,"height":1707,"url":"https:\/\/www.cruillabarcelona.cat\/wp-content\/uploads\/2022\/07\/2022-07-09-ESCENARI-1__41A1875_PhotoXaviTorrent-2-scaled.jpg","type":"image\/jpeg"}],"twitter_card":"summary_large_image","twitter_misc":{"Est. reading time":"2 minutes"},"schema":{"@context":"https:\/\/schema.org","@graph":[{"@type":"WebPage","@id":"https:\/\/www.cruillabarcelona.cat\/en\/festival-cruilla-2024\/","url":"https:\/\/www.cruillabarcelona.cat\/en\/festival-cruilla-2024\/","name":"Cru\u00eflla Festival 2024 - From 10 to 13 July at Parc del F\u00f2rum","isPartOf":{"@id":"https:\/\/www.cruillabarcelona.cat\/en\/#website"},"primaryImageOfPage":{"@id":"https:\/\/www.cruillabarcelona.cat\/en\/festival-cruilla-2024\/#primaryimage"},"image":{"@id":"https:\/\/www.cruillabarcelona.cat\/en\/festival-cruilla-2024\/#primaryimage"},"thumbnailUrl":"https:\/\/www.cruillabarcelona.cat\/wp-content\/uploads\/2022\/07\/2022-07-09-ESCENARI-1__41A1875_PhotoXaviTorrent-2-scaled.jpg","datePublished":"2022-03-10T15:20:29+00:00","dateModified":"2024-02-21T11:04:12+00:00","description":"The next edition of the Cru\u00eflla Festival will be celebrated on July 10, 11, 12 and 13 2024 at the Parc del F\u00f2rum in Barcelona.","breadcrumb":{"@id":"https:\/\/www.cruillabarcelona.cat\/en\/festival-cruilla-2024\/#breadcrumb"},"inLanguage":"en-US","potentialAction":[{"@type":"ReadAction","target":["https:\/\/www.cruillabarcelona.cat\/en\/festival-cruilla-2024\/"]}]},{"@type":"ImageObject","inLanguage":"en-US","@id":"https:\/\/www.cruillabarcelona.cat\/en\/festival-cruilla-2024\/#primaryimage","url":"https:\/\/www.cruillabarcelona.cat\/wp-content\/uploads\/2022\/07\/2022-07-09-ESCENARI-1__41A1875_PhotoXaviTorrent-2-scaled.jpg","contentUrl":"https:\/\/www.cruillabarcelona.cat\/wp-content\/uploads\/2022\/07\/2022-07-09-ESCENARI-1__41A1875_PhotoXaviTorrent-2-scaled.jpg","width":2560,"height":1707},{"@type":"BreadcrumbList","@id":"https:\/\/www.cruillabarcelona.cat\/en\/festival-cruilla-2024\/#breadcrumb","itemListElement":[{"@type":"ListItem","position":1,"name":"Home","item":"https:\/\/www.cruillabarcelona.cat\/en\/"},{"@type":"ListItem","position":2,"name":"Cru\u00eflla Festival 2024"}]},{"@type":"WebSite","@id":"https:\/\/www.cruillabarcelona.cat\/en\/#website","url":"https:\/\/www.cruillabarcelona.cat\/en\/","name":"Festival Cru\u00eflla","description":"","publisher":{"@id":"https:\/\/www.cruillabarcelona.cat\/en\/#organization"},"potentialAction":[{"@type":"SearchAction","target":{"@type":"EntryPoint","urlTemplate":"https:\/\/www.cruillabarcelona.cat\/en\/?s={search_term_string}"},"query-input":{"@type":"PropertyValueSpecification","valueRequired":true,"valueName":"search_term_string"}}],"inLanguage":"en-US"},{"@type":"Organization","@id":"https:\/\/www.cruillabarcelona.cat\/en\/#organization","name":"Festival Cru\u00eflla","url":"https:\/\/www.cruillabarcelona.cat\/en\/","logo":{"@type":"ImageObject","inLanguage":"en-US","@id":"https:\/\/www.cruillabarcelona.cat\/en\/#\/schema\/logo\/image\/","url":"https:\/\/www.cruillabarcelona.cat\/wp-content\/uploads\/2025\/12\/cruill-logo-negativo.png","contentUrl":"https:\/\/www.cruillabarcelona.cat\/wp-content\/uploads\/2025\/12\/cruill-logo-negativo.png","width":400,"height":101,"caption":"Festival Cru\u00eflla"},"image":{"@id":"https:\/\/www.cruillabarcelona.cat\/en\/#\/schema\/logo\/image\/"}}]}},"_links":{"self":[{"href":"https:\/\/www.cruillabarcelona.cat\/en\/wp-json\/wp\/v2\/pages\/42057","targetHints":{"allow":["GET"]}}],"collection":[{"href":"https:\/\/www.cruillabarcelona.cat\/en\/wp-json\/wp\/v2\/pages"}],"about":[{"href":"https:\/\/www.cruillabarcelona.cat\/en\/wp-json\/wp\/v2\/types\/page"}],"author":[{"embeddable":true,"href":"https:\/\/www.cruillabarcelona.cat\/en\/wp-json\/wp\/v2\/users\/2"}],"replies":[{"embeddable":true,"href":"https:\/\/www.cruillabarcelona.cat\/en\/wp-json\/wp\/v2\/comments?post=42057"}],"version-history":[{"count":2,"href":"https:\/\/www.cruillabarcelona.cat\/en\/wp-json\/wp\/v2\/pages\/42057\/revisions"}],"predecessor-version":[{"id":51606,"href":"https:\/\/www.cruillabarcelona.cat\/en\/wp-json\/wp\/v2\/pages\/42057\/revisions\/51606"}],"wp:featuredmedia":[{"embeddable":true,"href":"https:\/\/www.cruillabarcelona.cat\/en\/wp-json\/wp\/v2\/media\/45495"}],"wp:attachment":[{"href":"https:\/\/www.cruillabarcelona.cat\/en\/wp-json\/wp\/v2\/media?parent=42057"}],"curies":[{"name":"wp","href":"https:\/\/api.w.org\/{rel}","templated":true}]}}