{"id":42874,"date":"2022-04-07T17:29:50","date_gmt":"2022-04-07T15:29:50","guid":{"rendered":"https:\/\/www.cruillabarcelona.cat\/?page_id=42874"},"modified":"2025-10-30T17:20:52","modified_gmt":"2025-10-30T15:20:52","slug":"comedia-2025","status":"publish","type":"page","link":"https:\/\/www.cruillabarcelona.cat\/en\/comedia-2025\/","title":{"rendered":"Com\u00e8dia 2025"},"content":{"rendered":"<h1 style=\"text-align: center;\">COMEDY, AN ESSENTIAL PART OF THE CRU\u00cfLLA FESTIVAL!<\/h1>\n<p data-start=\"1266\" data-end=\"1634\">In such a special edition, one of the most important artistic disciplines in the history of the festival couldn\u2019t be missing: on Friday, July 11, and Saturday, July 12, <em data-start=\"1435\" data-end=\"1444\">Com\u00e8dia<\/em> returned to the Cru\u00eflla Festival. A lineup full of friends and also new faces was prepared, making us laugh out loud under the sun at Parc del F\u00f2rum from the top of the Vallformosa Stage.<\/p>\n<p data-start=\"1636\" data-end=\"1910\">Established comedians and new emerging talents came together during the festival weekend to make us laugh with social criticism, sharp irony, dark humor, absurd jokes, personal anecdotes, and, ultimately, their best punchlines. That was the day-by-day lineup of <em data-start=\"1898\" data-end=\"1907\">Com\u00e8dia<\/em>!<\/p>\n<p data-start=\"407\" data-end=\"705\"><img loading=\"lazy\" decoding=\"async\" width=\"600\" height=\"920\" class=\"size-full wp-image-58733 aligncenter\" src=\"https:\/\/www.cruillabarcelona.cat\/wp-content\/uploads\/2025\/06\/CE25_Comedia_Cartell_WebMobile_CAT.jpg\" alt=\"\" srcset=\"https:\/\/www.cruillabarcelona.cat\/wp-content\/uploads\/2025\/06\/CE25_Comedia_Cartell_WebMobile_CAT.jpg 600w, https:\/\/www.cruillabarcelona.cat\/wp-content\/uploads\/2025\/06\/CE25_Comedia_Cartell_WebMobile_CAT-300x460.jpg 300w\" sizes=\"auto, (max-width: 600px) 100vw, 600px\" \/><\/p>\n<p data-start=\"707\" data-end=\"1090\">There were options for everyone\u2019s taste \u2014 from big names on the Catalan scene such as Ana Polo, Charlie Pee, or the founding members of El Soterrani, to artists making waves nationwide like Venga Monjas or Yunez Chaib, as well as emerging talents like Alba Segarra, Indicatiu, Alex Vila, and internationally acclaimed comedians like Fede Cyrulnik, among many others!<\/p>\n<p style=\"text-align: center;\">\n","protected":false},"excerpt":{"rendered":"<p>COMEDY, AN ESSENTIAL PART OF THE CRU\u00cfLLA FESTIVAL! In such a special edition, one of the most important artistic disciplines in the history of the festival [&hellip;]<\/p>\n","protected":false},"author":2,"featured_media":56947,"parent":0,"menu_order":0,"comment_status":"closed","ping_status":"closed","template":"page-templates\/page-landing.php","meta":{"_acf_changed":false,"footnotes":""},"class_list":["post-42874","page","type-page","status-publish","has-post-thumbnail","hentry"],"acf":[],"yoast_head":"<!-- This site is optimized with the Yoast SEO plugin v27.3 - https:\/\/yoast.com\/product\/yoast-seo-wordpress\/ -->\n<title>Com\u00e8dia 2024 - 12 and 13 July at the Festival Cru\u00eflla 2024<\/title>\n<meta name=\"description\" content=\"The Com\u00e8dia 2024 will be held on 12 and 13 July on the Vallformosa stage, as part of the Festival Cru\u00eflla programme.\" \/>\n<meta name=\"robots\" content=\"index, follow, max-snippet:-1, max-image-preview:large, max-video-preview:-1\" \/>\n<link rel=\"canonical\" href=\"https:\/\/www.cruillabarcelona.cat\/en\/comedia-2025\/\" \/>\n<meta property=\"og:locale\" content=\"en_US\" \/>\n<meta property=\"og:type\" content=\"article\" \/>\n<meta property=\"og:title\" content=\"Com\u00e8dia 2024 - 12 and 13 July at the Festival Cru\u00eflla 2024\" \/>\n<meta property=\"og:description\" content=\"The Com\u00e8dia 2024 will be held on 12 and 13 July on the Vallformosa stage, as part of the Festival Cru\u00eflla programme.\" \/>\n<meta property=\"og:url\" content=\"https:\/\/www.cruillabarcelona.cat\/en\/comedia-2025\/\" \/>\n<meta property=\"og:site_name\" content=\"Festival Cru\u00eflla\" \/>\n<meta property=\"article:modified_time\" content=\"2025-10-30T15:20:52+00:00\" \/>\n<meta property=\"og:image\" content=\"https:\/\/www.cruillabarcelona.cat\/wp-content\/uploads\/2025\/03\/LandingWeb2.jpg\" \/>\n\t<meta property=\"og:image:width\" content=\"1500\" \/>\n\t<meta property=\"og:image:height\" content=\"500\" \/>\n\t<meta property=\"og:image:type\" content=\"image\/jpeg\" \/>\n<meta name=\"twitter:card\" content=\"summary_large_image\" \/>\n<meta name=\"twitter:label1\" content=\"Est. reading time\" \/>\n\t<meta name=\"twitter:data1\" content=\"2 minutes\" \/>\n<script type=\"application\/ld+json\" class=\"yoast-schema-graph\">{\"@context\":\"https:\\\/\\\/schema.org\",\"@graph\":[{\"@type\":\"WebPage\",\"@id\":\"https:\\\/\\\/www.cruillabarcelona.cat\\\/en\\\/comedia-2025\\\/\",\"url\":\"https:\\\/\\\/www.cruillabarcelona.cat\\\/en\\\/comedia-2025\\\/\",\"name\":\"Com\u00e8dia 2024 - 12 and 13 July at the Festival Cru\u00eflla 2024\",\"isPartOf\":{\"@id\":\"https:\\\/\\\/www.cruillabarcelona.cat\\\/en\\\/#website\"},\"primaryImageOfPage\":{\"@id\":\"https:\\\/\\\/www.cruillabarcelona.cat\\\/en\\\/comedia-2025\\\/#primaryimage\"},\"image\":{\"@id\":\"https:\\\/\\\/www.cruillabarcelona.cat\\\/en\\\/comedia-2025\\\/#primaryimage\"},\"thumbnailUrl\":\"https:\\\/\\\/www.cruillabarcelona.cat\\\/wp-content\\\/uploads\\\/2025\\\/03\\\/LandingWeb2.jpg\",\"datePublished\":\"2022-04-07T15:29:50+00:00\",\"dateModified\":\"2025-10-30T15:20:52+00:00\",\"description\":\"The Com\u00e8dia 2024 will be held on 12 and 13 July on the Vallformosa stage, as part of the Festival Cru\u00eflla programme.\",\"breadcrumb\":{\"@id\":\"https:\\\/\\\/www.cruillabarcelona.cat\\\/en\\\/comedia-2025\\\/#breadcrumb\"},\"inLanguage\":\"en-US\",\"potentialAction\":[{\"@type\":\"ReadAction\",\"target\":[\"https:\\\/\\\/www.cruillabarcelona.cat\\\/en\\\/comedia-2025\\\/\"]}]},{\"@type\":\"ImageObject\",\"inLanguage\":\"en-US\",\"@id\":\"https:\\\/\\\/www.cruillabarcelona.cat\\\/en\\\/comedia-2025\\\/#primaryimage\",\"url\":\"https:\\\/\\\/www.cruillabarcelona.cat\\\/wp-content\\\/uploads\\\/2025\\\/03\\\/LandingWeb2.jpg\",\"contentUrl\":\"https:\\\/\\\/www.cruillabarcelona.cat\\\/wp-content\\\/uploads\\\/2025\\\/03\\\/LandingWeb2.jpg\",\"width\":1500,\"height\":500},{\"@type\":\"BreadcrumbList\",\"@id\":\"https:\\\/\\\/www.cruillabarcelona.cat\\\/en\\\/comedia-2025\\\/#breadcrumb\",\"itemListElement\":[{\"@type\":\"ListItem\",\"position\":1,\"name\":\"Home\",\"item\":\"https:\\\/\\\/www.cruillabarcelona.cat\\\/en\\\/\"},{\"@type\":\"ListItem\",\"position\":2,\"name\":\"Com\u00e8dia 2025\"}]},{\"@type\":\"WebSite\",\"@id\":\"https:\\\/\\\/www.cruillabarcelona.cat\\\/en\\\/#website\",\"url\":\"https:\\\/\\\/www.cruillabarcelona.cat\\\/en\\\/\",\"name\":\"Festival Cru\u00eflla\",\"description\":\"\",\"publisher\":{\"@id\":\"https:\\\/\\\/www.cruillabarcelona.cat\\\/en\\\/#organization\"},\"potentialAction\":[{\"@type\":\"SearchAction\",\"target\":{\"@type\":\"EntryPoint\",\"urlTemplate\":\"https:\\\/\\\/www.cruillabarcelona.cat\\\/en\\\/?s={search_term_string}\"},\"query-input\":{\"@type\":\"PropertyValueSpecification\",\"valueRequired\":true,\"valueName\":\"search_term_string\"}}],\"inLanguage\":\"en-US\"},{\"@type\":\"Organization\",\"@id\":\"https:\\\/\\\/www.cruillabarcelona.cat\\\/en\\\/#organization\",\"name\":\"Festival Cru\u00eflla\",\"url\":\"https:\\\/\\\/www.cruillabarcelona.cat\\\/en\\\/\",\"logo\":{\"@type\":\"ImageObject\",\"inLanguage\":\"en-US\",\"@id\":\"https:\\\/\\\/www.cruillabarcelona.cat\\\/en\\\/#\\\/schema\\\/logo\\\/image\\\/\",\"url\":\"https:\\\/\\\/www.cruillabarcelona.cat\\\/wp-content\\\/uploads\\\/2025\\\/12\\\/cruill-logo-negativo.png\",\"contentUrl\":\"https:\\\/\\\/www.cruillabarcelona.cat\\\/wp-content\\\/uploads\\\/2025\\\/12\\\/cruill-logo-negativo.png\",\"width\":400,\"height\":101,\"caption\":\"Festival Cru\u00eflla\"},\"image\":{\"@id\":\"https:\\\/\\\/www.cruillabarcelona.cat\\\/en\\\/#\\\/schema\\\/logo\\\/image\\\/\"}}]}<\/script>\n<!-- \/ Yoast SEO plugin. -->","yoast_head_json":{"title":"Com\u00e8dia 2024 - 12 and 13 July at the Festival Cru\u00eflla 2024","description":"The Com\u00e8dia 2024 will be held on 12 and 13 July on the Vallformosa stage, as part of the Festival Cru\u00eflla programme.","robots":{"index":"index","follow":"follow","max-snippet":"max-snippet:-1","max-image-preview":"max-image-preview:large","max-video-preview":"max-video-preview:-1"},"canonical":"https:\/\/www.cruillabarcelona.cat\/en\/comedia-2025\/","og_locale":"en_US","og_type":"article","og_title":"Com\u00e8dia 2024 - 12 and 13 July at the Festival Cru\u00eflla 2024","og_description":"The Com\u00e8dia 2024 will be held on 12 and 13 July on the Vallformosa stage, as part of the Festival Cru\u00eflla programme.","og_url":"https:\/\/www.cruillabarcelona.cat\/en\/comedia-2025\/","og_site_name":"Festival Cru\u00eflla","article_modified_time":"2025-10-30T15:20:52+00:00","og_image":[{"width":1500,"height":500,"url":"https:\/\/www.cruillabarcelona.cat\/wp-content\/uploads\/2025\/03\/LandingWeb2.jpg","type":"image\/jpeg"}],"twitter_card":"summary_large_image","twitter_misc":{"Est. reading time":"2 minutes"},"schema":{"@context":"https:\/\/schema.org","@graph":[{"@type":"WebPage","@id":"https:\/\/www.cruillabarcelona.cat\/en\/comedia-2025\/","url":"https:\/\/www.cruillabarcelona.cat\/en\/comedia-2025\/","name":"Com\u00e8dia 2024 - 12 and 13 July at the Festival Cru\u00eflla 2024","isPartOf":{"@id":"https:\/\/www.cruillabarcelona.cat\/en\/#website"},"primaryImageOfPage":{"@id":"https:\/\/www.cruillabarcelona.cat\/en\/comedia-2025\/#primaryimage"},"image":{"@id":"https:\/\/www.cruillabarcelona.cat\/en\/comedia-2025\/#primaryimage"},"thumbnailUrl":"https:\/\/www.cruillabarcelona.cat\/wp-content\/uploads\/2025\/03\/LandingWeb2.jpg","datePublished":"2022-04-07T15:29:50+00:00","dateModified":"2025-10-30T15:20:52+00:00","description":"The Com\u00e8dia 2024 will be held on 12 and 13 July on the Vallformosa stage, as part of the Festival Cru\u00eflla programme.","breadcrumb":{"@id":"https:\/\/www.cruillabarcelona.cat\/en\/comedia-2025\/#breadcrumb"},"inLanguage":"en-US","potentialAction":[{"@type":"ReadAction","target":["https:\/\/www.cruillabarcelona.cat\/en\/comedia-2025\/"]}]},{"@type":"ImageObject","inLanguage":"en-US","@id":"https:\/\/www.cruillabarcelona.cat\/en\/comedia-2025\/#primaryimage","url":"https:\/\/www.cruillabarcelona.cat\/wp-content\/uploads\/2025\/03\/LandingWeb2.jpg","contentUrl":"https:\/\/www.cruillabarcelona.cat\/wp-content\/uploads\/2025\/03\/LandingWeb2.jpg","width":1500,"height":500},{"@type":"BreadcrumbList","@id":"https:\/\/www.cruillabarcelona.cat\/en\/comedia-2025\/#breadcrumb","itemListElement":[{"@type":"ListItem","position":1,"name":"Home","item":"https:\/\/www.cruillabarcelona.cat\/en\/"},{"@type":"ListItem","position":2,"name":"Com\u00e8dia 2025"}]},{"@type":"WebSite","@id":"https:\/\/www.cruillabarcelona.cat\/en\/#website","url":"https:\/\/www.cruillabarcelona.cat\/en\/","name":"Festival Cru\u00eflla","description":"","publisher":{"@id":"https:\/\/www.cruillabarcelona.cat\/en\/#organization"},"potentialAction":[{"@type":"SearchAction","target":{"@type":"EntryPoint","urlTemplate":"https:\/\/www.cruillabarcelona.cat\/en\/?s={search_term_string}"},"query-input":{"@type":"PropertyValueSpecification","valueRequired":true,"valueName":"search_term_string"}}],"inLanguage":"en-US"},{"@type":"Organization","@id":"https:\/\/www.cruillabarcelona.cat\/en\/#organization","name":"Festival Cru\u00eflla","url":"https:\/\/www.cruillabarcelona.cat\/en\/","logo":{"@type":"ImageObject","inLanguage":"en-US","@id":"https:\/\/www.cruillabarcelona.cat\/en\/#\/schema\/logo\/image\/","url":"https:\/\/www.cruillabarcelona.cat\/wp-content\/uploads\/2025\/12\/cruill-logo-negativo.png","contentUrl":"https:\/\/www.cruillabarcelona.cat\/wp-content\/uploads\/2025\/12\/cruill-logo-negativo.png","width":400,"height":101,"caption":"Festival Cru\u00eflla"},"image":{"@id":"https:\/\/www.cruillabarcelona.cat\/en\/#\/schema\/logo\/image\/"}}]}},"_links":{"self":[{"href":"https:\/\/www.cruillabarcelona.cat\/en\/wp-json\/wp\/v2\/pages\/42874","targetHints":{"allow":["GET"]}}],"collection":[{"href":"https:\/\/www.cruillabarcelona.cat\/en\/wp-json\/wp\/v2\/pages"}],"about":[{"href":"https:\/\/www.cruillabarcelona.cat\/en\/wp-json\/wp\/v2\/types\/page"}],"author":[{"embeddable":true,"href":"https:\/\/www.cruillabarcelona.cat\/en\/wp-json\/wp\/v2\/users\/2"}],"replies":[{"embeddable":true,"href":"https:\/\/www.cruillabarcelona.cat\/en\/wp-json\/wp\/v2\/comments?post=42874"}],"version-history":[{"count":5,"href":"https:\/\/www.cruillabarcelona.cat\/en\/wp-json\/wp\/v2\/pages\/42874\/revisions"}],"predecessor-version":[{"id":60989,"href":"https:\/\/www.cruillabarcelona.cat\/en\/wp-json\/wp\/v2\/pages\/42874\/revisions\/60989"}],"wp:featuredmedia":[{"embeddable":true,"href":"https:\/\/www.cruillabarcelona.cat\/en\/wp-json\/wp\/v2\/media\/56947"}],"wp:attachment":[{"href":"https:\/\/www.cruillabarcelona.cat\/en\/wp-json\/wp\/v2\/media?parent=42874"}],"curies":[{"name":"wp","href":"https:\/\/api.w.org\/{rel}","templated":true}]}}