{"id":51844,"date":"2024-03-05T16:16:14","date_gmt":"2024-03-05T14:16:14","guid":{"rendered":"https:\/\/www.cruillabarcelona.cat\/?page_id=51844"},"modified":"2024-03-05T16:16:14","modified_gmt":"2024-03-05T14:16:14","slug":"avis-legal-mail-cruillabarcelona","status":"publish","type":"page","link":"https:\/\/www.cruillabarcelona.cat\/en\/avis-legal-mail-cruillabarcelona\/","title":{"rendered":"Av\u00eds Legal Mail"},"content":{"rendered":"<p class=\"p1\"><span class=\"s1\">La informaci\u00f3 inclosa en aquest email \u00e9s\u00a0CONFIDENCIAL. Si llegeixes aquest missatge i no ets el\u00a0destinatari indicat, t&#8217;informem que est\u00e0 totalment\u00a0prohibida qualsevol utilitzaci\u00f3, divulgaci\u00f3, distribuci\u00f3 i\/o\u00a0reproducci\u00f3 d&#8217;aquesta comunicaci\u00f3, total o parcial, sense\u00a0autoritzaci\u00f3 expressa en virtut de la legislaci\u00f3 vigent. Si\u00a0has rebut aquest missatge per error, preguem que ens ho\u00a0notifiquis immediatament per aquesta via i procedeixis a\u00a0la seva eliminaci\u00f3 juntament amb els fitxers annexes\u00a0sense llegir-ho ni gravar-ho.\u00a0<\/span><\/p>\n<p class=\"p1\"><span class=\"s1\">\u00a0En virtut de l&#8217;establert en el Reglament General de\u00a0Protecci\u00f3 de Dades i la LSSICE 34\/2002, t&#8217;informem que\u00a0les teves dades formen part d&#8217;un fitxer automatitzat\u00a0titularitat de BARCELONA EVENTS MUSICALS S.L. La finalitat del tractament de les dades ser\u00e0 la de gestionar els serveis prestats per l\u2019entitat. Tens el dret a sol\u00b7licitar al responsable l&#8217;acc\u00e9s\u00a0a les teves dades, a la seva rectificaci\u00f3 o supressi\u00f3, a\u00a0limitar el seu tractament, a oposar-te al mateix o a\u00a0exercitar la portabilitat de les dades. Per a l&#8217;exercici de qualsevol d&#8217;aquests drets pots dirigir-te a l&#8217;<a href=\"mailto:festival@cruillabarcelona.cat\"><span class=\"s2\">e-mail\u00a0festival@cruillabarcelona.cat<\/span><\/a>\u00a0\u00a0o al domicili situat en\u00a0\u00a0C\/Pujades 77, 2\u00ba 7\u00aa 08005 Barcelona. En cas de conflicte\u00a0tamb\u00e9 tens el dret a presentar una reclamaci\u00f3 davant una\u00a0autoritat de control, com pugui ser l&#8217;Ag\u00e8ncia Espanyola de\u00a0Protecci\u00f3 de Dades. Pots retirar a qualsevol moment el\u00a0teu consentiment per tractar les seves dades de car\u00e0cter\u00a0personal. Aix\u00f2 no afectar\u00e0 a la licitud del tractament basat\u00a0en el consentiment previ.<\/span><\/p>\n","protected":false},"excerpt":{"rendered":"<p>La informaci\u00f3 inclosa en aquest email \u00e9s\u00a0CONFIDENCIAL. Si llegeixes aquest missatge i no ets el\u00a0destinatari indicat, t&#8217;informem que est\u00e0 totalment\u00a0prohibida qualsevol utilitzaci\u00f3, divulgaci\u00f3, distribuci\u00f3 i\/o\u00a0reproducci\u00f3 d&#8217;aquesta [&hellip;]<\/p>\n","protected":false},"author":2,"featured_media":0,"parent":0,"menu_order":0,"comment_status":"closed","ping_status":"closed","template":"","meta":{"_acf_changed":false,"footnotes":""},"class_list":["post-51844","page","type-page","status-publish","hentry"],"acf":[],"yoast_head":"<!-- This site is optimized with the Yoast SEO plugin v27.3 - https:\/\/yoast.com\/product\/yoast-seo-wordpress\/ -->\n<title>Av\u00eds Legal Mail - Festival Cru\u00eflla<\/title>\n<meta name=\"robots\" content=\"index, follow, max-snippet:-1, max-image-preview:large, max-video-preview:-1\" \/>\n<link rel=\"canonical\" href=\"https:\/\/www.cruillabarcelona.cat\/en\/avis-legal-mail-cruillabarcelona\/\" \/>\n<meta property=\"og:locale\" content=\"en_US\" \/>\n<meta property=\"og:type\" content=\"article\" \/>\n<meta property=\"og:title\" content=\"Av\u00eds Legal Mail - Festival Cru\u00eflla\" \/>\n<meta property=\"og:description\" content=\"La informaci\u00f3 inclosa en aquest email \u00e9s\u00a0CONFIDENCIAL. Si llegeixes aquest missatge i no ets el\u00a0destinatari indicat, t&#8217;informem que est\u00e0 totalment\u00a0prohibida qualsevol utilitzaci\u00f3, divulgaci\u00f3, distribuci\u00f3 i\/o\u00a0reproducci\u00f3 d&#8217;aquesta [&hellip;]\" \/>\n<meta property=\"og:url\" content=\"https:\/\/www.cruillabarcelona.cat\/en\/avis-legal-mail-cruillabarcelona\/\" \/>\n<meta property=\"og:site_name\" content=\"Festival Cru\u00eflla\" \/>\n<meta name=\"twitter:card\" content=\"summary_large_image\" \/>\n<meta name=\"twitter:label1\" content=\"Est. reading time\" \/>\n\t<meta name=\"twitter:data1\" content=\"2 minutes\" \/>\n<script type=\"application\/ld+json\" class=\"yoast-schema-graph\">{\"@context\":\"https:\\\/\\\/schema.org\",\"@graph\":[{\"@type\":\"WebPage\",\"@id\":\"https:\\\/\\\/www.cruillabarcelona.cat\\\/en\\\/avis-legal-mail-cruillabarcelona\\\/\",\"url\":\"https:\\\/\\\/www.cruillabarcelona.cat\\\/en\\\/avis-legal-mail-cruillabarcelona\\\/\",\"name\":\"Av\u00eds Legal Mail - Festival Cru\u00eflla\",\"isPartOf\":{\"@id\":\"https:\\\/\\\/www.cruillabarcelona.cat\\\/en\\\/#website\"},\"datePublished\":\"2024-03-05T14:16:14+00:00\",\"breadcrumb\":{\"@id\":\"https:\\\/\\\/www.cruillabarcelona.cat\\\/en\\\/avis-legal-mail-cruillabarcelona\\\/#breadcrumb\"},\"inLanguage\":\"en-US\",\"potentialAction\":[{\"@type\":\"ReadAction\",\"target\":[\"https:\\\/\\\/www.cruillabarcelona.cat\\\/en\\\/avis-legal-mail-cruillabarcelona\\\/\"]}]},{\"@type\":\"BreadcrumbList\",\"@id\":\"https:\\\/\\\/www.cruillabarcelona.cat\\\/en\\\/avis-legal-mail-cruillabarcelona\\\/#breadcrumb\",\"itemListElement\":[{\"@type\":\"ListItem\",\"position\":1,\"name\":\"Home\",\"item\":\"https:\\\/\\\/www.cruillabarcelona.cat\\\/en\\\/\"},{\"@type\":\"ListItem\",\"position\":2,\"name\":\"Av\u00eds Legal Mail\"}]},{\"@type\":\"WebSite\",\"@id\":\"https:\\\/\\\/www.cruillabarcelona.cat\\\/en\\\/#website\",\"url\":\"https:\\\/\\\/www.cruillabarcelona.cat\\\/en\\\/\",\"name\":\"Festival Cru\u00eflla\",\"description\":\"\",\"publisher\":{\"@id\":\"https:\\\/\\\/www.cruillabarcelona.cat\\\/en\\\/#organization\"},\"potentialAction\":[{\"@type\":\"SearchAction\",\"target\":{\"@type\":\"EntryPoint\",\"urlTemplate\":\"https:\\\/\\\/www.cruillabarcelona.cat\\\/en\\\/?s={search_term_string}\"},\"query-input\":{\"@type\":\"PropertyValueSpecification\",\"valueRequired\":true,\"valueName\":\"search_term_string\"}}],\"inLanguage\":\"en-US\"},{\"@type\":\"Organization\",\"@id\":\"https:\\\/\\\/www.cruillabarcelona.cat\\\/en\\\/#organization\",\"name\":\"Festival Cru\u00eflla\",\"url\":\"https:\\\/\\\/www.cruillabarcelona.cat\\\/en\\\/\",\"logo\":{\"@type\":\"ImageObject\",\"inLanguage\":\"en-US\",\"@id\":\"https:\\\/\\\/www.cruillabarcelona.cat\\\/en\\\/#\\\/schema\\\/logo\\\/image\\\/\",\"url\":\"https:\\\/\\\/www.cruillabarcelona.cat\\\/wp-content\\\/uploads\\\/2025\\\/12\\\/cruill-logo-negativo.png\",\"contentUrl\":\"https:\\\/\\\/www.cruillabarcelona.cat\\\/wp-content\\\/uploads\\\/2025\\\/12\\\/cruill-logo-negativo.png\",\"width\":400,\"height\":101,\"caption\":\"Festival Cru\u00eflla\"},\"image\":{\"@id\":\"https:\\\/\\\/www.cruillabarcelona.cat\\\/en\\\/#\\\/schema\\\/logo\\\/image\\\/\"}}]}<\/script>\n<!-- \/ Yoast SEO plugin. -->","yoast_head_json":{"title":"Av\u00eds Legal Mail - Festival Cru\u00eflla","robots":{"index":"index","follow":"follow","max-snippet":"max-snippet:-1","max-image-preview":"max-image-preview:large","max-video-preview":"max-video-preview:-1"},"canonical":"https:\/\/www.cruillabarcelona.cat\/en\/avis-legal-mail-cruillabarcelona\/","og_locale":"en_US","og_type":"article","og_title":"Av\u00eds Legal Mail - Festival Cru\u00eflla","og_description":"La informaci\u00f3 inclosa en aquest email \u00e9s\u00a0CONFIDENCIAL. Si llegeixes aquest missatge i no ets el\u00a0destinatari indicat, t&#8217;informem que est\u00e0 totalment\u00a0prohibida qualsevol utilitzaci\u00f3, divulgaci\u00f3, distribuci\u00f3 i\/o\u00a0reproducci\u00f3 d&#8217;aquesta [&hellip;]","og_url":"https:\/\/www.cruillabarcelona.cat\/en\/avis-legal-mail-cruillabarcelona\/","og_site_name":"Festival Cru\u00eflla","twitter_card":"summary_large_image","twitter_misc":{"Est. reading time":"2 minutes"},"schema":{"@context":"https:\/\/schema.org","@graph":[{"@type":"WebPage","@id":"https:\/\/www.cruillabarcelona.cat\/en\/avis-legal-mail-cruillabarcelona\/","url":"https:\/\/www.cruillabarcelona.cat\/en\/avis-legal-mail-cruillabarcelona\/","name":"Av\u00eds Legal Mail - Festival Cru\u00eflla","isPartOf":{"@id":"https:\/\/www.cruillabarcelona.cat\/en\/#website"},"datePublished":"2024-03-05T14:16:14+00:00","breadcrumb":{"@id":"https:\/\/www.cruillabarcelona.cat\/en\/avis-legal-mail-cruillabarcelona\/#breadcrumb"},"inLanguage":"en-US","potentialAction":[{"@type":"ReadAction","target":["https:\/\/www.cruillabarcelona.cat\/en\/avis-legal-mail-cruillabarcelona\/"]}]},{"@type":"BreadcrumbList","@id":"https:\/\/www.cruillabarcelona.cat\/en\/avis-legal-mail-cruillabarcelona\/#breadcrumb","itemListElement":[{"@type":"ListItem","position":1,"name":"Home","item":"https:\/\/www.cruillabarcelona.cat\/en\/"},{"@type":"ListItem","position":2,"name":"Av\u00eds Legal Mail"}]},{"@type":"WebSite","@id":"https:\/\/www.cruillabarcelona.cat\/en\/#website","url":"https:\/\/www.cruillabarcelona.cat\/en\/","name":"Festival Cru\u00eflla","description":"","publisher":{"@id":"https:\/\/www.cruillabarcelona.cat\/en\/#organization"},"potentialAction":[{"@type":"SearchAction","target":{"@type":"EntryPoint","urlTemplate":"https:\/\/www.cruillabarcelona.cat\/en\/?s={search_term_string}"},"query-input":{"@type":"PropertyValueSpecification","valueRequired":true,"valueName":"search_term_string"}}],"inLanguage":"en-US"},{"@type":"Organization","@id":"https:\/\/www.cruillabarcelona.cat\/en\/#organization","name":"Festival Cru\u00eflla","url":"https:\/\/www.cruillabarcelona.cat\/en\/","logo":{"@type":"ImageObject","inLanguage":"en-US","@id":"https:\/\/www.cruillabarcelona.cat\/en\/#\/schema\/logo\/image\/","url":"https:\/\/www.cruillabarcelona.cat\/wp-content\/uploads\/2025\/12\/cruill-logo-negativo.png","contentUrl":"https:\/\/www.cruillabarcelona.cat\/wp-content\/uploads\/2025\/12\/cruill-logo-negativo.png","width":400,"height":101,"caption":"Festival Cru\u00eflla"},"image":{"@id":"https:\/\/www.cruillabarcelona.cat\/en\/#\/schema\/logo\/image\/"}}]}},"_links":{"self":[{"href":"https:\/\/www.cruillabarcelona.cat\/en\/wp-json\/wp\/v2\/pages\/51844","targetHints":{"allow":["GET"]}}],"collection":[{"href":"https:\/\/www.cruillabarcelona.cat\/en\/wp-json\/wp\/v2\/pages"}],"about":[{"href":"https:\/\/www.cruillabarcelona.cat\/en\/wp-json\/wp\/v2\/types\/page"}],"author":[{"embeddable":true,"href":"https:\/\/www.cruillabarcelona.cat\/en\/wp-json\/wp\/v2\/users\/2"}],"replies":[{"embeddable":true,"href":"https:\/\/www.cruillabarcelona.cat\/en\/wp-json\/wp\/v2\/comments?post=51844"}],"version-history":[{"count":1,"href":"https:\/\/www.cruillabarcelona.cat\/en\/wp-json\/wp\/v2\/pages\/51844\/revisions"}],"predecessor-version":[{"id":51845,"href":"https:\/\/www.cruillabarcelona.cat\/en\/wp-json\/wp\/v2\/pages\/51844\/revisions\/51845"}],"wp:attachment":[{"href":"https:\/\/www.cruillabarcelona.cat\/en\/wp-json\/wp\/v2\/media?parent=51844"}],"curies":[{"name":"wp","href":"https:\/\/api.w.org\/{rel}","templated":true}]}}