{"id":53064,"date":"2024-05-15T12:01:54","date_gmt":"2024-05-15T10:01:54","guid":{"rendered":"https:\/\/www.cruillabarcelona.cat\/?page_id=53064"},"modified":"2024-07-03T10:44:28","modified_gmt":"2024-07-03T08:44:28","slug":"vueling-raffle","status":"publish","type":"page","link":"https:\/\/www.cruillabarcelona.cat\/en\/vueling-raffle\/","title":{"rendered":"Vueling raffle"},"content":{"rendered":"<h2 style=\"text-align: center;\">VUELING TAKES YOU TO THE FESTIVAL CRU\u00cfLLA 2024!<\/h2>\n<p>From <strong>10 to 13 July,<\/strong> <strong>Barcelona&#8217;s Parc del F\u00f2rum<\/strong> will host the fourteenth edition of the <strong>Festival Cru\u00eflla<\/strong>: a festival in an <strong>unbeatable setting<\/strong>, in the open air and facing the sea, where you can live an unrepeatable experience based on <strong>music, art and comedy.<\/strong> In short, it is an experience designed to the millimetre to become <strong>the best memory of your summer.<\/strong><\/p>\n<p><strong>Do you want to experience it first hand?<\/strong> Fill in this form and you&#8217;ll be entered into a draw to win <strong>two 4-day Passes for the<\/strong> <strong>Festival Cru\u00eflla 2024<\/strong>! You have time until 2 July, when we will do the raffle and contact the winner.<\/p>\n<p style=\"text-align: center;\"><span style=\"color: #ff0000;\"><em><strong>This draw has already ended, but you still have time to buy your tickets! Hurry up, Saturday tickets and passes are about to sell out!<\/strong><\/em><\/span><\/p>\n<p style=\"text-align: center;\"><img decoding=\"async\" class=\"alignnone wp-image-53042 size-large\" src=\"https:\/\/www.cruillabarcelona.cat\/wp-content\/uploads\/2024\/05\/Cartell_CE24_WebQuadrat_EN-1024x1024.jpg\" alt=\"\" width=\"900\" height=\"900\" srcset=\"https:\/\/www.cruillabarcelona.cat\/wp-content\/uploads\/2024\/05\/Cartell_CE24_WebQuadrat_EN-1024x1024.jpg 1024w, https:\/\/www.cruillabarcelona.cat\/wp-content\/uploads\/2024\/05\/Cartell_CE24_WebQuadrat_EN-150x150.jpg 150w, https:\/\/www.cruillabarcelona.cat\/wp-content\/uploads\/2024\/05\/Cartell_CE24_WebQuadrat_EN-768x768.jpg 768w, https:\/\/www.cruillabarcelona.cat\/wp-content\/uploads\/2024\/05\/Cartell_CE24_WebQuadrat_EN-300x300.jpg 300w, https:\/\/www.cruillabarcelona.cat\/wp-content\/uploads\/2024\/05\/Cartell_CE24_WebQuadrat_EN-600x600.jpg 600w, https:\/\/www.cruillabarcelona.cat\/wp-content\/uploads\/2024\/05\/Cartell_CE24_WebQuadrat_EN.jpg 1200w\" sizes=\"(max-width: 900px) 100vw, 900px\" \/><\/p>\n<p>There will also be no shortage of <strong>comedy<\/strong>, with the main representatives of the <strong>Catalan scene<\/strong> or artists who are making waves on a <strong>national level<\/strong>, as well as the <strong>emerging talent<\/strong> or<strong> internationally consolidated comedians!<\/strong><\/p>\n<p style=\"text-align: center;\"><img decoding=\"async\" class=\"alignnone wp-image-53052 size-large\" src=\"https:\/\/www.cruillabarcelona.cat\/wp-content\/uploads\/2024\/05\/WebQuadrat_CE24_Comedia_Cartell_EN-1024x1024.jpg\" alt=\"\" width=\"900\" height=\"900\" srcset=\"https:\/\/www.cruillabarcelona.cat\/wp-content\/uploads\/2024\/05\/WebQuadrat_CE24_Comedia_Cartell_EN-1024x1024.jpg 1024w, https:\/\/www.cruillabarcelona.cat\/wp-content\/uploads\/2024\/05\/WebQuadrat_CE24_Comedia_Cartell_EN-150x150.jpg 150w, https:\/\/www.cruillabarcelona.cat\/wp-content\/uploads\/2024\/05\/WebQuadrat_CE24_Comedia_Cartell_EN-768x768.jpg 768w, https:\/\/www.cruillabarcelona.cat\/wp-content\/uploads\/2024\/05\/WebQuadrat_CE24_Comedia_Cartell_EN-300x300.jpg 300w, https:\/\/www.cruillabarcelona.cat\/wp-content\/uploads\/2024\/05\/WebQuadrat_CE24_Comedia_Cartell_EN-600x600.jpg 600w, https:\/\/www.cruillabarcelona.cat\/wp-content\/uploads\/2024\/05\/WebQuadrat_CE24_Comedia_Cartell_EN.jpg 1200w\" sizes=\"(max-width: 900px) 100vw, 900px\" \/><\/p>\n<p>At the Festival Cru\u00eflla 2024 we will also enjoy a huge programme of live arts and a wide gastronomic offer for all tastes. In addition, this year we will continue to work to further improve our commitment to sustainability and vulnerable groups in the city and around the world. <strong>We look forward to seeing you!<\/strong><\/p>\n<p style=\"text-align: center;\">[efsflexvideo type=&#8221;youtube&#8221; url=&#8221;https:\/\/www.youtube.com\/watch?v=7_a4KlW0HfQ&#8221; allowfullscreen=&#8221;yes&#8221; widescreen=&#8221;yes&#8221; width=&#8221;420&#8243; height=&#8221;315&#8243;\/]<\/p>\n","protected":false},"excerpt":{"rendered":"<p>VUELING TAKES YOU TO THE FESTIVAL CRU\u00cfLLA 2024! From 10 to 13 July, Barcelona&#8217;s Parc del F\u00f2rum will host the fourteenth edition of the Festival Cru\u00eflla: [&hellip;]<\/p>\n","protected":false},"author":2,"featured_media":53032,"parent":0,"menu_order":0,"comment_status":"closed","ping_status":"closed","template":"page-templates\/page-landing.php","meta":{"_acf_changed":false,"footnotes":""},"class_list":["post-53064","page","type-page","status-publish","has-post-thumbnail","hentry"],"acf":[],"yoast_head":"<!-- This site is optimized with the Yoast SEO plugin v27.5 - https:\/\/yoast.com\/product\/yoast-seo-wordpress\/ -->\n<title>Vueling x Festival Cru\u00eflla 2024<\/title>\n<meta name=\"description\" content=\"Take part in Vueling&#039;s raffle for two full festival passes for the Festival Cru\u00eflla 2024!\" \/>\n<meta name=\"robots\" content=\"index, follow, max-snippet:-1, max-image-preview:large, max-video-preview:-1\" \/>\n<link rel=\"canonical\" href=\"https:\/\/www.cruillabarcelona.cat\/en\/vueling-raffle\/\" \/>\n<meta property=\"og:locale\" content=\"en_US\" \/>\n<meta property=\"og:type\" content=\"article\" \/>\n<meta property=\"og:title\" content=\"Vueling x Festival Cru\u00eflla 2024\" \/>\n<meta property=\"og:description\" content=\"Take part in Vueling&#039;s raffle for two full festival passes for the Festival Cru\u00eflla 2024!\" \/>\n<meta property=\"og:url\" content=\"https:\/\/www.cruillabarcelona.cat\/en\/vueling-raffle\/\" \/>\n<meta property=\"og:site_name\" content=\"Festival Cru\u00eflla\" \/>\n<meta property=\"article:modified_time\" content=\"2024-07-03T08:44:28+00:00\" \/>\n<meta property=\"og:image\" content=\"https:\/\/www.cruillabarcelona.cat\/wp-content\/uploads\/2024\/05\/AMBIENT_230706_PhotoChristianBertrand-282-1.jpg\" \/>\n\t<meta property=\"og:image:width\" content=\"2080\" \/>\n\t<meta property=\"og:image:height\" content=\"1387\" \/>\n\t<meta property=\"og:image:type\" content=\"image\/jpeg\" \/>\n<meta name=\"twitter:card\" content=\"summary_large_image\" \/>\n<meta name=\"twitter:label1\" content=\"Est. reading time\" \/>\n\t<meta name=\"twitter:data1\" content=\"2 minutes\" \/>\n<script type=\"application\/ld+json\" class=\"yoast-schema-graph\">{\"@context\":\"https:\\\/\\\/schema.org\",\"@graph\":[{\"@type\":\"WebPage\",\"@id\":\"https:\\\/\\\/www.cruillabarcelona.cat\\\/en\\\/vueling-raffle\\\/\",\"url\":\"https:\\\/\\\/www.cruillabarcelona.cat\\\/en\\\/vueling-raffle\\\/\",\"name\":\"Vueling x Festival Cru\u00eflla 2024\",\"isPartOf\":{\"@id\":\"https:\\\/\\\/www.cruillabarcelona.cat\\\/en\\\/#website\"},\"primaryImageOfPage\":{\"@id\":\"https:\\\/\\\/www.cruillabarcelona.cat\\\/en\\\/vueling-raffle\\\/#primaryimage\"},\"image\":{\"@id\":\"https:\\\/\\\/www.cruillabarcelona.cat\\\/en\\\/vueling-raffle\\\/#primaryimage\"},\"thumbnailUrl\":\"https:\\\/\\\/www.cruillabarcelona.cat\\\/wp-content\\\/uploads\\\/2024\\\/05\\\/AMBIENT_230706_PhotoChristianBertrand-282-1.jpg\",\"datePublished\":\"2024-05-15T10:01:54+00:00\",\"dateModified\":\"2024-07-03T08:44:28+00:00\",\"description\":\"Take part in Vueling's raffle for two full festival passes for the Festival Cru\u00eflla 2024!\",\"breadcrumb\":{\"@id\":\"https:\\\/\\\/www.cruillabarcelona.cat\\\/en\\\/vueling-raffle\\\/#breadcrumb\"},\"inLanguage\":\"en-US\",\"potentialAction\":[{\"@type\":\"ReadAction\",\"target\":[\"https:\\\/\\\/www.cruillabarcelona.cat\\\/en\\\/vueling-raffle\\\/\"]}]},{\"@type\":\"ImageObject\",\"inLanguage\":\"en-US\",\"@id\":\"https:\\\/\\\/www.cruillabarcelona.cat\\\/en\\\/vueling-raffle\\\/#primaryimage\",\"url\":\"https:\\\/\\\/www.cruillabarcelona.cat\\\/wp-content\\\/uploads\\\/2024\\\/05\\\/AMBIENT_230706_PhotoChristianBertrand-282-1.jpg\",\"contentUrl\":\"https:\\\/\\\/www.cruillabarcelona.cat\\\/wp-content\\\/uploads\\\/2024\\\/05\\\/AMBIENT_230706_PhotoChristianBertrand-282-1.jpg\",\"width\":2080,\"height\":1387},{\"@type\":\"BreadcrumbList\",\"@id\":\"https:\\\/\\\/www.cruillabarcelona.cat\\\/en\\\/vueling-raffle\\\/#breadcrumb\",\"itemListElement\":[{\"@type\":\"ListItem\",\"position\":1,\"name\":\"Home\",\"item\":\"https:\\\/\\\/www.cruillabarcelona.cat\\\/en\\\/\"},{\"@type\":\"ListItem\",\"position\":2,\"name\":\"Vueling raffle\"}]},{\"@type\":\"WebSite\",\"@id\":\"https:\\\/\\\/www.cruillabarcelona.cat\\\/en\\\/#website\",\"url\":\"https:\\\/\\\/www.cruillabarcelona.cat\\\/en\\\/\",\"name\":\"Festival Cru\u00eflla\",\"description\":\"\",\"publisher\":{\"@id\":\"https:\\\/\\\/www.cruillabarcelona.cat\\\/en\\\/#organization\"},\"potentialAction\":[{\"@type\":\"SearchAction\",\"target\":{\"@type\":\"EntryPoint\",\"urlTemplate\":\"https:\\\/\\\/www.cruillabarcelona.cat\\\/en\\\/?s={search_term_string}\"},\"query-input\":{\"@type\":\"PropertyValueSpecification\",\"valueRequired\":true,\"valueName\":\"search_term_string\"}}],\"inLanguage\":\"en-US\"},{\"@type\":\"Organization\",\"@id\":\"https:\\\/\\\/www.cruillabarcelona.cat\\\/en\\\/#organization\",\"name\":\"Festival Cru\u00eflla\",\"url\":\"https:\\\/\\\/www.cruillabarcelona.cat\\\/en\\\/\",\"logo\":{\"@type\":\"ImageObject\",\"inLanguage\":\"en-US\",\"@id\":\"https:\\\/\\\/www.cruillabarcelona.cat\\\/en\\\/#\\\/schema\\\/logo\\\/image\\\/\",\"url\":\"https:\\\/\\\/www.cruillabarcelona.cat\\\/wp-content\\\/uploads\\\/2025\\\/12\\\/cruill-logo-negativo.png\",\"contentUrl\":\"https:\\\/\\\/www.cruillabarcelona.cat\\\/wp-content\\\/uploads\\\/2025\\\/12\\\/cruill-logo-negativo.png\",\"width\":400,\"height\":101,\"caption\":\"Festival Cru\u00eflla\"},\"image\":{\"@id\":\"https:\\\/\\\/www.cruillabarcelona.cat\\\/en\\\/#\\\/schema\\\/logo\\\/image\\\/\"}}]}<\/script>\n<!-- \/ Yoast SEO plugin. -->","yoast_head_json":{"title":"Vueling x Festival Cru\u00eflla 2024","description":"Take part in Vueling's raffle for two full festival passes for the Festival Cru\u00eflla 2024!","robots":{"index":"index","follow":"follow","max-snippet":"max-snippet:-1","max-image-preview":"max-image-preview:large","max-video-preview":"max-video-preview:-1"},"canonical":"https:\/\/www.cruillabarcelona.cat\/en\/vueling-raffle\/","og_locale":"en_US","og_type":"article","og_title":"Vueling x Festival Cru\u00eflla 2024","og_description":"Take part in Vueling's raffle for two full festival passes for the Festival Cru\u00eflla 2024!","og_url":"https:\/\/www.cruillabarcelona.cat\/en\/vueling-raffle\/","og_site_name":"Festival Cru\u00eflla","article_modified_time":"2024-07-03T08:44:28+00:00","og_image":[{"width":2080,"height":1387,"url":"https:\/\/www.cruillabarcelona.cat\/wp-content\/uploads\/2024\/05\/AMBIENT_230706_PhotoChristianBertrand-282-1.jpg","type":"image\/jpeg"}],"twitter_card":"summary_large_image","twitter_misc":{"Est. reading time":"2 minutes"},"schema":{"@context":"https:\/\/schema.org","@graph":[{"@type":"WebPage","@id":"https:\/\/www.cruillabarcelona.cat\/en\/vueling-raffle\/","url":"https:\/\/www.cruillabarcelona.cat\/en\/vueling-raffle\/","name":"Vueling x Festival Cru\u00eflla 2024","isPartOf":{"@id":"https:\/\/www.cruillabarcelona.cat\/en\/#website"},"primaryImageOfPage":{"@id":"https:\/\/www.cruillabarcelona.cat\/en\/vueling-raffle\/#primaryimage"},"image":{"@id":"https:\/\/www.cruillabarcelona.cat\/en\/vueling-raffle\/#primaryimage"},"thumbnailUrl":"https:\/\/www.cruillabarcelona.cat\/wp-content\/uploads\/2024\/05\/AMBIENT_230706_PhotoChristianBertrand-282-1.jpg","datePublished":"2024-05-15T10:01:54+00:00","dateModified":"2024-07-03T08:44:28+00:00","description":"Take part in Vueling's raffle for two full festival passes for the Festival Cru\u00eflla 2024!","breadcrumb":{"@id":"https:\/\/www.cruillabarcelona.cat\/en\/vueling-raffle\/#breadcrumb"},"inLanguage":"en-US","potentialAction":[{"@type":"ReadAction","target":["https:\/\/www.cruillabarcelona.cat\/en\/vueling-raffle\/"]}]},{"@type":"ImageObject","inLanguage":"en-US","@id":"https:\/\/www.cruillabarcelona.cat\/en\/vueling-raffle\/#primaryimage","url":"https:\/\/www.cruillabarcelona.cat\/wp-content\/uploads\/2024\/05\/AMBIENT_230706_PhotoChristianBertrand-282-1.jpg","contentUrl":"https:\/\/www.cruillabarcelona.cat\/wp-content\/uploads\/2024\/05\/AMBIENT_230706_PhotoChristianBertrand-282-1.jpg","width":2080,"height":1387},{"@type":"BreadcrumbList","@id":"https:\/\/www.cruillabarcelona.cat\/en\/vueling-raffle\/#breadcrumb","itemListElement":[{"@type":"ListItem","position":1,"name":"Home","item":"https:\/\/www.cruillabarcelona.cat\/en\/"},{"@type":"ListItem","position":2,"name":"Vueling raffle"}]},{"@type":"WebSite","@id":"https:\/\/www.cruillabarcelona.cat\/en\/#website","url":"https:\/\/www.cruillabarcelona.cat\/en\/","name":"Festival Cru\u00eflla","description":"","publisher":{"@id":"https:\/\/www.cruillabarcelona.cat\/en\/#organization"},"potentialAction":[{"@type":"SearchAction","target":{"@type":"EntryPoint","urlTemplate":"https:\/\/www.cruillabarcelona.cat\/en\/?s={search_term_string}"},"query-input":{"@type":"PropertyValueSpecification","valueRequired":true,"valueName":"search_term_string"}}],"inLanguage":"en-US"},{"@type":"Organization","@id":"https:\/\/www.cruillabarcelona.cat\/en\/#organization","name":"Festival Cru\u00eflla","url":"https:\/\/www.cruillabarcelona.cat\/en\/","logo":{"@type":"ImageObject","inLanguage":"en-US","@id":"https:\/\/www.cruillabarcelona.cat\/en\/#\/schema\/logo\/image\/","url":"https:\/\/www.cruillabarcelona.cat\/wp-content\/uploads\/2025\/12\/cruill-logo-negativo.png","contentUrl":"https:\/\/www.cruillabarcelona.cat\/wp-content\/uploads\/2025\/12\/cruill-logo-negativo.png","width":400,"height":101,"caption":"Festival Cru\u00eflla"},"image":{"@id":"https:\/\/www.cruillabarcelona.cat\/en\/#\/schema\/logo\/image\/"}}]}},"_links":{"self":[{"href":"https:\/\/www.cruillabarcelona.cat\/en\/wp-json\/wp\/v2\/pages\/53064","targetHints":{"allow":["GET"]}}],"collection":[{"href":"https:\/\/www.cruillabarcelona.cat\/en\/wp-json\/wp\/v2\/pages"}],"about":[{"href":"https:\/\/www.cruillabarcelona.cat\/en\/wp-json\/wp\/v2\/types\/page"}],"author":[{"embeddable":true,"href":"https:\/\/www.cruillabarcelona.cat\/en\/wp-json\/wp\/v2\/users\/2"}],"replies":[{"embeddable":true,"href":"https:\/\/www.cruillabarcelona.cat\/en\/wp-json\/wp\/v2\/comments?post=53064"}],"version-history":[{"count":5,"href":"https:\/\/www.cruillabarcelona.cat\/en\/wp-json\/wp\/v2\/pages\/53064\/revisions"}],"predecessor-version":[{"id":54355,"href":"https:\/\/www.cruillabarcelona.cat\/en\/wp-json\/wp\/v2\/pages\/53064\/revisions\/54355"}],"wp:featuredmedia":[{"embeddable":true,"href":"https:\/\/www.cruillabarcelona.cat\/en\/wp-json\/wp\/v2\/media\/53032"}],"wp:attachment":[{"href":"https:\/\/www.cruillabarcelona.cat\/en\/wp-json\/wp\/v2\/media?parent=53064"}],"curies":[{"name":"wp","href":"https:\/\/api.w.org\/{rel}","templated":true}]}}