{"id":56513,"date":"2025-04-22T10:34:23","date_gmt":"2025-04-22T08:34:23","guid":{"rendered":"https:\/\/www.cruillabarcelona.cat\/?page_id=56513"},"modified":"2025-04-23T10:03:00","modified_gmt":"2025-04-23T08:03:00","slug":"cruilla-communities","status":"publish","type":"page","link":"https:\/\/www.cruillabarcelona.cat\/en\/cruilla-communities\/","title":{"rendered":"Cru\u00eflla Communities"},"content":{"rendered":"<p><strong>Our mission<\/strong><br \/>\nWe offer cultural experiences (music and comedy) focused on audience satisfaction, and not<br \/>\nexclusively on an artist lineup. We seek to generate new live music and comedy audiences<br \/>\nand attract them to our activity by creating pleasant, comfortable experiences that are<br \/>\nof their interest also in other areas beyond the programming.<\/p>\n<p><strong>Audience management as a methodology: the new science<\/strong><br \/>\nFor years, we have focused our activity on creating new audiences. We work with<br \/>\nthe aim of increasing the number of tickets sold and we use various methodologies and tools to<br \/>\nanalyze and understand audiences.<br \/>\nThe fact of having our own Big Data and Business Intelligence systems demonstrates a commitment to<br \/>\nunderstanding the audience and the continuous improvement of the experiences we offer. Audience management has<br \/>\ngone from being an intuitive practice to a precise and data-based science. We have more and more data,<br \/>\nbut we increasingly need to understand audiences more and segment in a more surgical way, so that<br \/>\ncampaigns are more effective.<br \/>\nWe have, therefore, marketing, analysis and AI tools to help us in this process. On the one<br \/>\nhand, to be able to make a detailed follow-up of user activity through our channels (web,<br \/>\nparticipation and reaction to emails, social networks and in-person actions) and on the other hand to<br \/>\nanalyze and thus be able to implement effective marketing and communication strategies that contribute to<br \/>\nthe increase in conversions and, therefore, to the expansion of our audience.<\/p>\n<p><strong>The Cru\u00eflla Audiences.<\/strong><br \/>\nThe Cru\u00eflla Festival has evolved into an annual brand with Winter, Spring and Autumn cycles, and<br \/>\nevents throughout the territory: Ressons Pened\u00e8s by Cru\u00eflla, Cru\u00eflla DO Terra Alta, Cru\u00eflla Baix Segre or Cru\u00eflla Delta de l&#8217;Ebre.<br \/>\nThis year Barcelona Events Musicals has added two new brands:<br \/>\nHil\u00e0ria (Comedy) and El Molino (concert hall \/ jazz club, which programs minority music).<br \/>\nThrough this transformation, we guarantee a constant and diverse musical offer and achieve a<br \/>\ncontinuous presence in the public&#8217;s mind throughout the year.<br \/>\nOn the other hand, the expansion of the programming throughout the territory has opened up new opportunities to reach unexplored audiences.<br \/>\nWe observe positive feedback from an audience that has become loyal to our brand with this temporal and geographical expansion. We work with the same objective towards comedy audiences, through<br \/>\nHil\u00e0ria, and towards audiences of more minority musical genres through El Molino.<\/p>\n<p><strong>Cru\u00eflla Communities.<\/strong><br \/>\nThe project, financed by the European Union in its LIVE MX program, seeks to consolidate the working methodology and<br \/>\nthe tools used in order to reach new audiences and better understand their interests, concerns,<br \/>\naffinities, etc&#8230;to offer new content and experiences that satisfy users.<br \/>\nWith its support, Cru\u00eflla has been able to carry out the audience studies that have helped to promote the Festivals:<\/p>\n<ul>\n<li>Ressons Pened\u00e8s by Cru\u00eflla<\/li>\n<li>Cru\u00eflla DO Terra Alta<\/li>\n<li>Cru\u00eflla Baix Segre<\/li>\n<li>Cru\u00eflla Delta de l&#8217;Ebre<\/li>\n<\/ul>\n<p><strong>With support:<\/strong><\/p>\n<p><img decoding=\"async\" width=\"300\" height=\"300\" class=\"size-full wp-image-57473 alignleft\" src=\"https:\/\/www.cruillabarcelona.cat\/wp-content\/uploads\/2025\/04\/FundedEuropeanUnion_Logo.png\" alt=\"\" srcset=\"https:\/\/www.cruillabarcelona.cat\/wp-content\/uploads\/2025\/04\/FundedEuropeanUnion_Logo.png 300w, https:\/\/www.cruillabarcelona.cat\/wp-content\/uploads\/2025\/04\/FundedEuropeanUnion_Logo-150x150.png 150w\" sizes=\"(max-width: 300px) 100vw, 300px\" \/><img decoding=\"async\" width=\"300\" height=\"300\" class=\"size-full wp-image-53572 alignleft\" src=\"https:\/\/www.cruillabarcelona.cat\/wp-content\/uploads\/2024\/06\/Live_Web.png\" alt=\"\" srcset=\"https:\/\/www.cruillabarcelona.cat\/wp-content\/uploads\/2024\/06\/Live_Web.png 300w, https:\/\/www.cruillabarcelona.cat\/wp-content\/uploads\/2024\/06\/Live_Web-150x150.png 150w\" sizes=\"(max-width: 300px) 100vw, 300px\" \/><\/p>\n<p>&nbsp;<\/p>\n<p>&nbsp;<\/p>\n","protected":false},"excerpt":{"rendered":"<p>Our mission We offer cultural experiences (music and comedy) focused on audience satisfaction, and not exclusively on an artist lineup. We seek to generate new live [&hellip;]<\/p>\n","protected":false},"author":2,"featured_media":56520,"parent":0,"menu_order":0,"comment_status":"closed","ping_status":"closed","template":"page-templates\/page-landing.php","meta":{"_acf_changed":false,"footnotes":""},"class_list":["post-56513","page","type-page","status-publish","has-post-thumbnail","hentry"],"acf":[],"yoast_head":"<!-- This site is optimized with the Yoast SEO plugin v27.4 - https:\/\/yoast.com\/product\/yoast-seo-wordpress\/ -->\n<title>Cru\u00eflla Communities - Festival Cru\u00eflla<\/title>\n<meta name=\"robots\" content=\"index, follow, max-snippet:-1, max-image-preview:large, max-video-preview:-1\" \/>\n<link rel=\"canonical\" href=\"https:\/\/www.cruillabarcelona.cat\/en\/cruilla-communities\/\" \/>\n<meta property=\"og:locale\" content=\"en_US\" \/>\n<meta property=\"og:type\" content=\"article\" \/>\n<meta property=\"og:title\" content=\"Cru\u00eflla Communities - Festival Cru\u00eflla\" \/>\n<meta property=\"og:description\" content=\"Our mission We offer cultural experiences (music and comedy) focused on audience satisfaction, and not exclusively on an artist lineup. We seek to generate new live [&hellip;]\" \/>\n<meta property=\"og:url\" content=\"https:\/\/www.cruillabarcelona.cat\/en\/cruilla-communities\/\" \/>\n<meta property=\"og:site_name\" content=\"Festival Cru\u00eflla\" \/>\n<meta property=\"article:modified_time\" content=\"2025-04-23T08:03:00+00:00\" \/>\n<meta property=\"og:image\" content=\"https:\/\/www.cruillabarcelona.cat\/wp-content\/uploads\/2025\/02\/2788fbba-28ef-4eb8-968b-ec55a50b122f.jpg\" \/>\n\t<meta property=\"og:image:width\" content=\"1333\" \/>\n\t<meta property=\"og:image:height\" content=\"1000\" \/>\n\t<meta property=\"og:image:type\" content=\"image\/jpeg\" \/>\n<meta name=\"twitter:card\" content=\"summary_large_image\" \/>\n<meta name=\"twitter:label1\" content=\"Est. reading time\" \/>\n\t<meta name=\"twitter:data1\" content=\"4 minutes\" \/>\n<script type=\"application\/ld+json\" class=\"yoast-schema-graph\">{\"@context\":\"https:\\\/\\\/schema.org\",\"@graph\":[{\"@type\":\"WebPage\",\"@id\":\"https:\\\/\\\/www.cruillabarcelona.cat\\\/en\\\/cruilla-communities\\\/\",\"url\":\"https:\\\/\\\/www.cruillabarcelona.cat\\\/en\\\/cruilla-communities\\\/\",\"name\":\"Cru\u00eflla Communities - Festival Cru\u00eflla\",\"isPartOf\":{\"@id\":\"https:\\\/\\\/www.cruillabarcelona.cat\\\/en\\\/#website\"},\"primaryImageOfPage\":{\"@id\":\"https:\\\/\\\/www.cruillabarcelona.cat\\\/en\\\/cruilla-communities\\\/#primaryimage\"},\"image\":{\"@id\":\"https:\\\/\\\/www.cruillabarcelona.cat\\\/en\\\/cruilla-communities\\\/#primaryimage\"},\"thumbnailUrl\":\"https:\\\/\\\/www.cruillabarcelona.cat\\\/wp-content\\\/uploads\\\/2025\\\/02\\\/2788fbba-28ef-4eb8-968b-ec55a50b122f.jpg\",\"datePublished\":\"2025-04-22T08:34:23+00:00\",\"dateModified\":\"2025-04-23T08:03:00+00:00\",\"breadcrumb\":{\"@id\":\"https:\\\/\\\/www.cruillabarcelona.cat\\\/en\\\/cruilla-communities\\\/#breadcrumb\"},\"inLanguage\":\"en-US\",\"potentialAction\":[{\"@type\":\"ReadAction\",\"target\":[\"https:\\\/\\\/www.cruillabarcelona.cat\\\/en\\\/cruilla-communities\\\/\"]}]},{\"@type\":\"ImageObject\",\"inLanguage\":\"en-US\",\"@id\":\"https:\\\/\\\/www.cruillabarcelona.cat\\\/en\\\/cruilla-communities\\\/#primaryimage\",\"url\":\"https:\\\/\\\/www.cruillabarcelona.cat\\\/wp-content\\\/uploads\\\/2025\\\/02\\\/2788fbba-28ef-4eb8-968b-ec55a50b122f.jpg\",\"contentUrl\":\"https:\\\/\\\/www.cruillabarcelona.cat\\\/wp-content\\\/uploads\\\/2025\\\/02\\\/2788fbba-28ef-4eb8-968b-ec55a50b122f.jpg\",\"width\":1333,\"height\":1000},{\"@type\":\"BreadcrumbList\",\"@id\":\"https:\\\/\\\/www.cruillabarcelona.cat\\\/en\\\/cruilla-communities\\\/#breadcrumb\",\"itemListElement\":[{\"@type\":\"ListItem\",\"position\":1,\"name\":\"Home\",\"item\":\"https:\\\/\\\/www.cruillabarcelona.cat\\\/en\\\/\"},{\"@type\":\"ListItem\",\"position\":2,\"name\":\"Cru\u00eflla Communities\"}]},{\"@type\":\"WebSite\",\"@id\":\"https:\\\/\\\/www.cruillabarcelona.cat\\\/en\\\/#website\",\"url\":\"https:\\\/\\\/www.cruillabarcelona.cat\\\/en\\\/\",\"name\":\"Festival Cru\u00eflla\",\"description\":\"\",\"publisher\":{\"@id\":\"https:\\\/\\\/www.cruillabarcelona.cat\\\/en\\\/#organization\"},\"potentialAction\":[{\"@type\":\"SearchAction\",\"target\":{\"@type\":\"EntryPoint\",\"urlTemplate\":\"https:\\\/\\\/www.cruillabarcelona.cat\\\/en\\\/?s={search_term_string}\"},\"query-input\":{\"@type\":\"PropertyValueSpecification\",\"valueRequired\":true,\"valueName\":\"search_term_string\"}}],\"inLanguage\":\"en-US\"},{\"@type\":\"Organization\",\"@id\":\"https:\\\/\\\/www.cruillabarcelona.cat\\\/en\\\/#organization\",\"name\":\"Festival Cru\u00eflla\",\"url\":\"https:\\\/\\\/www.cruillabarcelona.cat\\\/en\\\/\",\"logo\":{\"@type\":\"ImageObject\",\"inLanguage\":\"en-US\",\"@id\":\"https:\\\/\\\/www.cruillabarcelona.cat\\\/en\\\/#\\\/schema\\\/logo\\\/image\\\/\",\"url\":\"https:\\\/\\\/www.cruillabarcelona.cat\\\/wp-content\\\/uploads\\\/2025\\\/12\\\/cruill-logo-negativo.png\",\"contentUrl\":\"https:\\\/\\\/www.cruillabarcelona.cat\\\/wp-content\\\/uploads\\\/2025\\\/12\\\/cruill-logo-negativo.png\",\"width\":400,\"height\":101,\"caption\":\"Festival Cru\u00eflla\"},\"image\":{\"@id\":\"https:\\\/\\\/www.cruillabarcelona.cat\\\/en\\\/#\\\/schema\\\/logo\\\/image\\\/\"}}]}<\/script>\n<!-- \/ Yoast SEO plugin. -->","yoast_head_json":{"title":"Cru\u00eflla Communities - Festival Cru\u00eflla","robots":{"index":"index","follow":"follow","max-snippet":"max-snippet:-1","max-image-preview":"max-image-preview:large","max-video-preview":"max-video-preview:-1"},"canonical":"https:\/\/www.cruillabarcelona.cat\/en\/cruilla-communities\/","og_locale":"en_US","og_type":"article","og_title":"Cru\u00eflla Communities - Festival Cru\u00eflla","og_description":"Our mission We offer cultural experiences (music and comedy) focused on audience satisfaction, and not exclusively on an artist lineup. We seek to generate new live [&hellip;]","og_url":"https:\/\/www.cruillabarcelona.cat\/en\/cruilla-communities\/","og_site_name":"Festival Cru\u00eflla","article_modified_time":"2025-04-23T08:03:00+00:00","og_image":[{"width":1333,"height":1000,"url":"https:\/\/www.cruillabarcelona.cat\/wp-content\/uploads\/2025\/02\/2788fbba-28ef-4eb8-968b-ec55a50b122f.jpg","type":"image\/jpeg"}],"twitter_card":"summary_large_image","twitter_misc":{"Est. reading time":"4 minutes"},"schema":{"@context":"https:\/\/schema.org","@graph":[{"@type":"WebPage","@id":"https:\/\/www.cruillabarcelona.cat\/en\/cruilla-communities\/","url":"https:\/\/www.cruillabarcelona.cat\/en\/cruilla-communities\/","name":"Cru\u00eflla Communities - Festival Cru\u00eflla","isPartOf":{"@id":"https:\/\/www.cruillabarcelona.cat\/en\/#website"},"primaryImageOfPage":{"@id":"https:\/\/www.cruillabarcelona.cat\/en\/cruilla-communities\/#primaryimage"},"image":{"@id":"https:\/\/www.cruillabarcelona.cat\/en\/cruilla-communities\/#primaryimage"},"thumbnailUrl":"https:\/\/www.cruillabarcelona.cat\/wp-content\/uploads\/2025\/02\/2788fbba-28ef-4eb8-968b-ec55a50b122f.jpg","datePublished":"2025-04-22T08:34:23+00:00","dateModified":"2025-04-23T08:03:00+00:00","breadcrumb":{"@id":"https:\/\/www.cruillabarcelona.cat\/en\/cruilla-communities\/#breadcrumb"},"inLanguage":"en-US","potentialAction":[{"@type":"ReadAction","target":["https:\/\/www.cruillabarcelona.cat\/en\/cruilla-communities\/"]}]},{"@type":"ImageObject","inLanguage":"en-US","@id":"https:\/\/www.cruillabarcelona.cat\/en\/cruilla-communities\/#primaryimage","url":"https:\/\/www.cruillabarcelona.cat\/wp-content\/uploads\/2025\/02\/2788fbba-28ef-4eb8-968b-ec55a50b122f.jpg","contentUrl":"https:\/\/www.cruillabarcelona.cat\/wp-content\/uploads\/2025\/02\/2788fbba-28ef-4eb8-968b-ec55a50b122f.jpg","width":1333,"height":1000},{"@type":"BreadcrumbList","@id":"https:\/\/www.cruillabarcelona.cat\/en\/cruilla-communities\/#breadcrumb","itemListElement":[{"@type":"ListItem","position":1,"name":"Home","item":"https:\/\/www.cruillabarcelona.cat\/en\/"},{"@type":"ListItem","position":2,"name":"Cru\u00eflla Communities"}]},{"@type":"WebSite","@id":"https:\/\/www.cruillabarcelona.cat\/en\/#website","url":"https:\/\/www.cruillabarcelona.cat\/en\/","name":"Festival Cru\u00eflla","description":"","publisher":{"@id":"https:\/\/www.cruillabarcelona.cat\/en\/#organization"},"potentialAction":[{"@type":"SearchAction","target":{"@type":"EntryPoint","urlTemplate":"https:\/\/www.cruillabarcelona.cat\/en\/?s={search_term_string}"},"query-input":{"@type":"PropertyValueSpecification","valueRequired":true,"valueName":"search_term_string"}}],"inLanguage":"en-US"},{"@type":"Organization","@id":"https:\/\/www.cruillabarcelona.cat\/en\/#organization","name":"Festival Cru\u00eflla","url":"https:\/\/www.cruillabarcelona.cat\/en\/","logo":{"@type":"ImageObject","inLanguage":"en-US","@id":"https:\/\/www.cruillabarcelona.cat\/en\/#\/schema\/logo\/image\/","url":"https:\/\/www.cruillabarcelona.cat\/wp-content\/uploads\/2025\/12\/cruill-logo-negativo.png","contentUrl":"https:\/\/www.cruillabarcelona.cat\/wp-content\/uploads\/2025\/12\/cruill-logo-negativo.png","width":400,"height":101,"caption":"Festival Cru\u00eflla"},"image":{"@id":"https:\/\/www.cruillabarcelona.cat\/en\/#\/schema\/logo\/image\/"}}]}},"_links":{"self":[{"href":"https:\/\/www.cruillabarcelona.cat\/en\/wp-json\/wp\/v2\/pages\/56513","targetHints":{"allow":["GET"]}}],"collection":[{"href":"https:\/\/www.cruillabarcelona.cat\/en\/wp-json\/wp\/v2\/pages"}],"about":[{"href":"https:\/\/www.cruillabarcelona.cat\/en\/wp-json\/wp\/v2\/types\/page"}],"author":[{"embeddable":true,"href":"https:\/\/www.cruillabarcelona.cat\/en\/wp-json\/wp\/v2\/users\/2"}],"replies":[{"embeddable":true,"href":"https:\/\/www.cruillabarcelona.cat\/en\/wp-json\/wp\/v2\/comments?post=56513"}],"version-history":[{"count":5,"href":"https:\/\/www.cruillabarcelona.cat\/en\/wp-json\/wp\/v2\/pages\/56513\/revisions"}],"predecessor-version":[{"id":57514,"href":"https:\/\/www.cruillabarcelona.cat\/en\/wp-json\/wp\/v2\/pages\/56513\/revisions\/57514"}],"wp:featuredmedia":[{"embeddable":true,"href":"https:\/\/www.cruillabarcelona.cat\/en\/wp-json\/wp\/v2\/media\/56520"}],"wp:attachment":[{"href":"https:\/\/www.cruillabarcelona.cat\/en\/wp-json\/wp\/v2\/media?parent=56513"}],"curies":[{"name":"wp","href":"https:\/\/api.w.org\/{rel}","templated":true}]}}