{"id":56735,"date":"2025-03-13T12:04:32","date_gmt":"2025-03-13T10:04:32","guid":{"rendered":"https:\/\/www.cruillabarcelona.cat\/nits-cruilla\/"},"modified":"2025-06-11T10:51:09","modified_gmt":"2025-06-11T08:51:09","slug":"nits-cruilla","status":"publish","type":"page","link":"https:\/\/www.cruillabarcelona.cat\/en\/nits-cruilla\/","title":{"rendered":"Nits Cru\u00eflla"},"content":{"rendered":"<h2 style=\"text-align: center;\">INTRODUCING: NITS CRU\u00cfLLA!<\/h2>\n<p><strong>Festival Cru\u00eflla<\/strong> is celebrating: this year marks <strong>15 years<\/strong> since it settled in Barcelona\u2019s Parc del F\u00f2rum. Additionally, this season, the organizing team is managing its own live event venue for the first time\u2014the legendary <a href=\"https:\/\/www.elmolinobarcelona.com\/\"><strong>El Molino<\/strong><\/a> on Paral\u00b7lel. To mark the occasion, in <strong>March, May, and June<\/strong>, the festival will host three events at <strong>its new home in the city<\/strong>, paving the way for its 15th edition from July 9 to 12 and the end of its first season as managers of El Molino: <b>Nits Cru\u00eflla<\/b> are here!<\/p>\n<p>The next Nit Cru\u00eflla will take place on <strong>Thursday 26th June<\/strong> and will feature performances by the comedian <strong>Marc Sarrats<\/strong>, the Catalan comedian of the moment who has already presented two solo shows, his first book and, very soon, his own series on 3Cat, the viral artist <strong>Maig<\/strong>, who has already performed on the biggest stages in the country and will present her EP <strong>&#8216;La Flor de Maig&#8217;<\/strong>, and <strong>DJ Hochi<\/strong>, one of the most active on the scene who has become a must!<\/p>\n<hr \/>\n<p style=\"text-align: center;\"><strong><em>Buy here your tickets for the third Nit Cru\u00eflla<\/em><\/strong><\/p>\n<p style=\"text-align: center;\"><a class=\"efsbutton button \" target=\"_blank\">TICKETS<\/a><\/p>\n<hr \/>\n<p data-start=\"0\" data-end=\"826\">The <span style=\"font-weight: 400;\">Nits Cru\u00eflla<\/span> will take place on the last Thursday of each month (March 27, May 29, and June 26) and will offer a <strong>unique opportunity to experience a taste of the festival<\/strong> at El Molino, featuring its <strong>two main pillars: music and comedy.<\/strong> Each Nit Cru\u00eflla will kick off with a stand-up monologue by a comedian, followed by a concert by an emerging artist and a set by a resident DJ. The goal is to bring the <strong>Cru\u00eflla experience to life in the magical setting of El Molino.<\/strong><\/p>\n<p style=\"text-align: center;\">[efsflexvideo type=&#8221;youtube&#8221; url=&#8221;https:\/\/www.youtube.com\/watch?v=mjKmT-A85BY&#8221; allowfullscreen=&#8221;yes&#8221; widescreen=&#8221;yes&#8221; width=&#8221;420&#8243; height=&#8221;315&#8243;\/]<\/p>\n<p>The ticket to enjoy the stand-up monologue, concert, and DJ set will cost \u20ac5, including a drink\u2014an affordable price to welcome all Cru\u00eflla fans, regular attendees of the venue, and those who have yet to discover the festival or the space. It\u2019s an invitation to celebrate the festival\u2019s 15th anniversary and<strong> experience the Cru\u00eflla essence firsthand<\/strong>. After the concert, if the venue is not at full capacity, free entry will be granted to anyone who wants to dance to the beats of the resident DJ at each Nit Cru\u00eflla.<\/p>\n<p data-start=\"0\" data-end=\"826\"><img decoding=\"async\" width=\"2560\" height=\"1703\" class=\"size-full wp-image-57153 aligncenter\" src=\"https:\/\/www.cruillabarcelona.cat\/wp-content\/uploads\/2025\/04\/El-Molino_Nits-Cruilla_DSC_5768_\u00a9Victor-Parreno-scaled.jpg\" alt=\"\" srcset=\"https:\/\/www.cruillabarcelona.cat\/wp-content\/uploads\/2025\/04\/El-Molino_Nits-Cruilla_DSC_5768_\u00a9Victor-Parreno-scaled.jpg 2560w, https:\/\/www.cruillabarcelona.cat\/wp-content\/uploads\/2025\/04\/El-Molino_Nits-Cruilla_DSC_5768_\u00a9Victor-Parreno-1024x681.jpg 1024w, https:\/\/www.cruillabarcelona.cat\/wp-content\/uploads\/2025\/04\/El-Molino_Nits-Cruilla_DSC_5768_\u00a9Victor-Parreno-768x511.jpg 768w, https:\/\/www.cruillabarcelona.cat\/wp-content\/uploads\/2025\/04\/El-Molino_Nits-Cruilla_DSC_5768_\u00a9Victor-Parreno-1536x1022.jpg 1536w, https:\/\/www.cruillabarcelona.cat\/wp-content\/uploads\/2025\/04\/El-Molino_Nits-Cruilla_DSC_5768_\u00a9Victor-Parreno-2048x1362.jpg 2048w, https:\/\/www.cruillabarcelona.cat\/wp-content\/uploads\/2025\/04\/El-Molino_Nits-Cruilla_DSC_5768_\u00a9Victor-Parreno-300x200.jpg 300w, https:\/\/www.cruillabarcelona.cat\/wp-content\/uploads\/2025\/04\/El-Molino_Nits-Cruilla_DSC_5768_\u00a9Victor-Parreno-1500x998.jpg 1500w\" sizes=\"(max-width: 2560px) 100vw, 2560px\" \/><\/p>\n<p data-start=\"828\" data-end=\"1305\">At Nits Cru\u00eflla, you\u2019ll experience <strong>everything the festival has to offer<\/strong>: the best talent in Catalan comedy, artists who may soon take to its main stages, and the unstoppable party spirit that defines both Cru\u00eflla and the city of Barcelona. Each Nit Cru\u00eflla will be a mini version of the festival\u2014a box full of surprises, a one-of-a-kind birthday celebration, and a milestone leading up to the grand Festival Cru\u00eflla 2025, taking place from July 9th to 12th at Parc del F\u00f2rum!<\/p>\n","protected":false},"excerpt":{"rendered":"<p>INTRODUCING: NITS CRU\u00cfLLA! Festival Cru\u00eflla is celebrating: this year marks 15 years since it settled in Barcelona\u2019s Parc del F\u00f2rum. Additionally, this season, the organizing team [&hellip;]<\/p>\n","protected":false},"author":2,"featured_media":56772,"parent":0,"menu_order":0,"comment_status":"closed","ping_status":"closed","template":"page-templates\/page-landing.php","meta":{"_acf_changed":false,"footnotes":""},"class_list":["post-56735","page","type-page","status-publish","has-post-thumbnail","hentry"],"acf":[],"yoast_head":"<!-- This site is optimized with the Yoast SEO plugin v27.5 - https:\/\/yoast.com\/product\/yoast-seo-wordpress\/ -->\n<title>Nits Cru\u00eflla - Festival Cru\u00eflla<\/title>\n<meta name=\"robots\" content=\"index, follow, max-snippet:-1, max-image-preview:large, max-video-preview:-1\" \/>\n<link rel=\"canonical\" href=\"https:\/\/www.cruillabarcelona.cat\/en\/nits-cruilla\/\" \/>\n<meta property=\"og:locale\" content=\"en_US\" \/>\n<meta property=\"og:type\" content=\"article\" \/>\n<meta property=\"og:title\" content=\"Nits Cru\u00eflla - Festival Cru\u00eflla\" \/>\n<meta property=\"og:description\" content=\"INTRODUCING: NITS CRU\u00cfLLA! Festival Cru\u00eflla is celebrating: this year marks 15 years since it settled in Barcelona\u2019s Parc del F\u00f2rum. Additionally, this season, the organizing team [&hellip;]\" \/>\n<meta property=\"og:url\" content=\"https:\/\/www.cruillabarcelona.cat\/en\/nits-cruilla\/\" \/>\n<meta property=\"og:site_name\" content=\"Festival Cru\u00eflla\" \/>\n<meta property=\"article:modified_time\" content=\"2025-06-11T08:51:09+00:00\" \/>\n<meta property=\"og:image\" content=\"https:\/\/www.cruillabarcelona.cat\/wp-content\/uploads\/2025\/03\/CE25_NitsCruilla_Landing-1.jpg\" \/>\n\t<meta property=\"og:image:width\" content=\"1500\" \/>\n\t<meta property=\"og:image:height\" content=\"500\" \/>\n\t<meta property=\"og:image:type\" content=\"image\/jpeg\" \/>\n<meta name=\"twitter:card\" content=\"summary_large_image\" \/>\n<meta name=\"twitter:label1\" content=\"Est. reading time\" \/>\n\t<meta name=\"twitter:data1\" content=\"3 minutes\" \/>\n<script type=\"application\/ld+json\" class=\"yoast-schema-graph\">{\"@context\":\"https:\\\/\\\/schema.org\",\"@graph\":[{\"@type\":\"WebPage\",\"@id\":\"https:\\\/\\\/www.cruillabarcelona.cat\\\/en\\\/nits-cruilla\\\/\",\"url\":\"https:\\\/\\\/www.cruillabarcelona.cat\\\/en\\\/nits-cruilla\\\/\",\"name\":\"Nits Cru\u00eflla - Festival Cru\u00eflla\",\"isPartOf\":{\"@id\":\"https:\\\/\\\/www.cruillabarcelona.cat\\\/en\\\/#website\"},\"primaryImageOfPage\":{\"@id\":\"https:\\\/\\\/www.cruillabarcelona.cat\\\/en\\\/nits-cruilla\\\/#primaryimage\"},\"image\":{\"@id\":\"https:\\\/\\\/www.cruillabarcelona.cat\\\/en\\\/nits-cruilla\\\/#primaryimage\"},\"thumbnailUrl\":\"https:\\\/\\\/www.cruillabarcelona.cat\\\/wp-content\\\/uploads\\\/2025\\\/03\\\/CE25_NitsCruilla_Landing-1.jpg\",\"datePublished\":\"2025-03-13T10:04:32+00:00\",\"dateModified\":\"2025-06-11T08:51:09+00:00\",\"breadcrumb\":{\"@id\":\"https:\\\/\\\/www.cruillabarcelona.cat\\\/en\\\/nits-cruilla\\\/#breadcrumb\"},\"inLanguage\":\"en-US\",\"potentialAction\":[{\"@type\":\"ReadAction\",\"target\":[\"https:\\\/\\\/www.cruillabarcelona.cat\\\/en\\\/nits-cruilla\\\/\"]}]},{\"@type\":\"ImageObject\",\"inLanguage\":\"en-US\",\"@id\":\"https:\\\/\\\/www.cruillabarcelona.cat\\\/en\\\/nits-cruilla\\\/#primaryimage\",\"url\":\"https:\\\/\\\/www.cruillabarcelona.cat\\\/wp-content\\\/uploads\\\/2025\\\/03\\\/CE25_NitsCruilla_Landing-1.jpg\",\"contentUrl\":\"https:\\\/\\\/www.cruillabarcelona.cat\\\/wp-content\\\/uploads\\\/2025\\\/03\\\/CE25_NitsCruilla_Landing-1.jpg\",\"width\":1500,\"height\":500},{\"@type\":\"BreadcrumbList\",\"@id\":\"https:\\\/\\\/www.cruillabarcelona.cat\\\/en\\\/nits-cruilla\\\/#breadcrumb\",\"itemListElement\":[{\"@type\":\"ListItem\",\"position\":1,\"name\":\"Home\",\"item\":\"https:\\\/\\\/www.cruillabarcelona.cat\\\/en\\\/\"},{\"@type\":\"ListItem\",\"position\":2,\"name\":\"Nits Cru\u00eflla\"}]},{\"@type\":\"WebSite\",\"@id\":\"https:\\\/\\\/www.cruillabarcelona.cat\\\/en\\\/#website\",\"url\":\"https:\\\/\\\/www.cruillabarcelona.cat\\\/en\\\/\",\"name\":\"Festival Cru\u00eflla\",\"description\":\"\",\"publisher\":{\"@id\":\"https:\\\/\\\/www.cruillabarcelona.cat\\\/en\\\/#organization\"},\"potentialAction\":[{\"@type\":\"SearchAction\",\"target\":{\"@type\":\"EntryPoint\",\"urlTemplate\":\"https:\\\/\\\/www.cruillabarcelona.cat\\\/en\\\/?s={search_term_string}\"},\"query-input\":{\"@type\":\"PropertyValueSpecification\",\"valueRequired\":true,\"valueName\":\"search_term_string\"}}],\"inLanguage\":\"en-US\"},{\"@type\":\"Organization\",\"@id\":\"https:\\\/\\\/www.cruillabarcelona.cat\\\/en\\\/#organization\",\"name\":\"Festival Cru\u00eflla\",\"url\":\"https:\\\/\\\/www.cruillabarcelona.cat\\\/en\\\/\",\"logo\":{\"@type\":\"ImageObject\",\"inLanguage\":\"en-US\",\"@id\":\"https:\\\/\\\/www.cruillabarcelona.cat\\\/en\\\/#\\\/schema\\\/logo\\\/image\\\/\",\"url\":\"https:\\\/\\\/www.cruillabarcelona.cat\\\/wp-content\\\/uploads\\\/2025\\\/12\\\/cruill-logo-negativo.png\",\"contentUrl\":\"https:\\\/\\\/www.cruillabarcelona.cat\\\/wp-content\\\/uploads\\\/2025\\\/12\\\/cruill-logo-negativo.png\",\"width\":400,\"height\":101,\"caption\":\"Festival Cru\u00eflla\"},\"image\":{\"@id\":\"https:\\\/\\\/www.cruillabarcelona.cat\\\/en\\\/#\\\/schema\\\/logo\\\/image\\\/\"}}]}<\/script>\n<!-- \/ Yoast SEO plugin. -->","yoast_head_json":{"title":"Nits Cru\u00eflla - Festival Cru\u00eflla","robots":{"index":"index","follow":"follow","max-snippet":"max-snippet:-1","max-image-preview":"max-image-preview:large","max-video-preview":"max-video-preview:-1"},"canonical":"https:\/\/www.cruillabarcelona.cat\/en\/nits-cruilla\/","og_locale":"en_US","og_type":"article","og_title":"Nits Cru\u00eflla - Festival Cru\u00eflla","og_description":"INTRODUCING: NITS CRU\u00cfLLA! Festival Cru\u00eflla is celebrating: this year marks 15 years since it settled in Barcelona\u2019s Parc del F\u00f2rum. Additionally, this season, the organizing team [&hellip;]","og_url":"https:\/\/www.cruillabarcelona.cat\/en\/nits-cruilla\/","og_site_name":"Festival Cru\u00eflla","article_modified_time":"2025-06-11T08:51:09+00:00","og_image":[{"width":1500,"height":500,"url":"https:\/\/www.cruillabarcelona.cat\/wp-content\/uploads\/2025\/03\/CE25_NitsCruilla_Landing-1.jpg","type":"image\/jpeg"}],"twitter_card":"summary_large_image","twitter_misc":{"Est. reading time":"3 minutes"},"schema":{"@context":"https:\/\/schema.org","@graph":[{"@type":"WebPage","@id":"https:\/\/www.cruillabarcelona.cat\/en\/nits-cruilla\/","url":"https:\/\/www.cruillabarcelona.cat\/en\/nits-cruilla\/","name":"Nits Cru\u00eflla - Festival Cru\u00eflla","isPartOf":{"@id":"https:\/\/www.cruillabarcelona.cat\/en\/#website"},"primaryImageOfPage":{"@id":"https:\/\/www.cruillabarcelona.cat\/en\/nits-cruilla\/#primaryimage"},"image":{"@id":"https:\/\/www.cruillabarcelona.cat\/en\/nits-cruilla\/#primaryimage"},"thumbnailUrl":"https:\/\/www.cruillabarcelona.cat\/wp-content\/uploads\/2025\/03\/CE25_NitsCruilla_Landing-1.jpg","datePublished":"2025-03-13T10:04:32+00:00","dateModified":"2025-06-11T08:51:09+00:00","breadcrumb":{"@id":"https:\/\/www.cruillabarcelona.cat\/en\/nits-cruilla\/#breadcrumb"},"inLanguage":"en-US","potentialAction":[{"@type":"ReadAction","target":["https:\/\/www.cruillabarcelona.cat\/en\/nits-cruilla\/"]}]},{"@type":"ImageObject","inLanguage":"en-US","@id":"https:\/\/www.cruillabarcelona.cat\/en\/nits-cruilla\/#primaryimage","url":"https:\/\/www.cruillabarcelona.cat\/wp-content\/uploads\/2025\/03\/CE25_NitsCruilla_Landing-1.jpg","contentUrl":"https:\/\/www.cruillabarcelona.cat\/wp-content\/uploads\/2025\/03\/CE25_NitsCruilla_Landing-1.jpg","width":1500,"height":500},{"@type":"BreadcrumbList","@id":"https:\/\/www.cruillabarcelona.cat\/en\/nits-cruilla\/#breadcrumb","itemListElement":[{"@type":"ListItem","position":1,"name":"Home","item":"https:\/\/www.cruillabarcelona.cat\/en\/"},{"@type":"ListItem","position":2,"name":"Nits Cru\u00eflla"}]},{"@type":"WebSite","@id":"https:\/\/www.cruillabarcelona.cat\/en\/#website","url":"https:\/\/www.cruillabarcelona.cat\/en\/","name":"Festival Cru\u00eflla","description":"","publisher":{"@id":"https:\/\/www.cruillabarcelona.cat\/en\/#organization"},"potentialAction":[{"@type":"SearchAction","target":{"@type":"EntryPoint","urlTemplate":"https:\/\/www.cruillabarcelona.cat\/en\/?s={search_term_string}"},"query-input":{"@type":"PropertyValueSpecification","valueRequired":true,"valueName":"search_term_string"}}],"inLanguage":"en-US"},{"@type":"Organization","@id":"https:\/\/www.cruillabarcelona.cat\/en\/#organization","name":"Festival Cru\u00eflla","url":"https:\/\/www.cruillabarcelona.cat\/en\/","logo":{"@type":"ImageObject","inLanguage":"en-US","@id":"https:\/\/www.cruillabarcelona.cat\/en\/#\/schema\/logo\/image\/","url":"https:\/\/www.cruillabarcelona.cat\/wp-content\/uploads\/2025\/12\/cruill-logo-negativo.png","contentUrl":"https:\/\/www.cruillabarcelona.cat\/wp-content\/uploads\/2025\/12\/cruill-logo-negativo.png","width":400,"height":101,"caption":"Festival Cru\u00eflla"},"image":{"@id":"https:\/\/www.cruillabarcelona.cat\/en\/#\/schema\/logo\/image\/"}}]}},"_links":{"self":[{"href":"https:\/\/www.cruillabarcelona.cat\/en\/wp-json\/wp\/v2\/pages\/56735","targetHints":{"allow":["GET"]}}],"collection":[{"href":"https:\/\/www.cruillabarcelona.cat\/en\/wp-json\/wp\/v2\/pages"}],"about":[{"href":"https:\/\/www.cruillabarcelona.cat\/en\/wp-json\/wp\/v2\/types\/page"}],"author":[{"embeddable":true,"href":"https:\/\/www.cruillabarcelona.cat\/en\/wp-json\/wp\/v2\/users\/2"}],"replies":[{"embeddable":true,"href":"https:\/\/www.cruillabarcelona.cat\/en\/wp-json\/wp\/v2\/comments?post=56735"}],"version-history":[{"count":5,"href":"https:\/\/www.cruillabarcelona.cat\/en\/wp-json\/wp\/v2\/pages\/56735\/revisions"}],"predecessor-version":[{"id":59489,"href":"https:\/\/www.cruillabarcelona.cat\/en\/wp-json\/wp\/v2\/pages\/56735\/revisions\/59489"}],"wp:featuredmedia":[{"embeddable":true,"href":"https:\/\/www.cruillabarcelona.cat\/en\/wp-json\/wp\/v2\/media\/56772"}],"wp:attachment":[{"href":"https:\/\/www.cruillabarcelona.cat\/en\/wp-json\/wp\/v2\/media?parent=56735"}],"curies":[{"name":"wp","href":"https:\/\/api.w.org\/{rel}","templated":true}]}}