{"id":58611,"date":"2025-06-02T10:40:55","date_gmt":"2025-06-02T08:40:55","guid":{"rendered":"https:\/\/www.cruillabarcelona.cat\/art-urba\/"},"modified":"2025-07-23T12:49:08","modified_gmt":"2025-07-23T10:49:08","slug":"art-urba","status":"publish","type":"page","link":"https:\/\/www.cruillabarcelona.cat\/en\/art-urba\/","title":{"rendered":"Art Urb\u00e0"},"content":{"rendered":"<h3>Portrait Contest<\/h3>\n<p>Once again, the portraits of the artists performing at the festival were one of the main features of our live arts programme. To select the 12 visual artists who created them, an Urban Art Contest was launched via the festival\u2019s social media, and after receiving over 50 proposals, the selected artists were: <a href=\"https:\/\/www.instagram.com\/alkimist__?igsh=cXc5aGs0MWc1aW55\" target=\"_blank\" rel=\"noopener\">Alkimist<\/a>, <a href=\"https:\/\/www.instagram.com\/atena_arts\/\" target=\"_blank\" rel=\"noopener\">Atena<\/a>, <a href=\"https:\/\/www.bkmafia.cat\/\" target=\"_blank\" rel=\"noopener\">B:K<\/a>, <a href=\"https:\/\/www.instagram.com\/el_rughi\/\" target=\"_blank\" rel=\"noopener\">El Rughi<\/a>, <a href=\"https:\/\/www.instagram.com\/ochagaviajorge\/\" target=\"_blank\" rel=\"noopener\">Jorge Ochagavia<\/a>, <a href=\"http:\/\/www.kensausage.com\/\" target=\"_blank\" rel=\"noopener\">Kensausage<\/a>, <a href=\"https:\/\/www.instagram.com\/lara.hoch_painter\/\" target=\"_blank\" rel=\"noopener\">Lara Hochreiter<\/a>, <a href=\"http:\/\/www.onasalvador.com\/\" target=\"_blank\" rel=\"noopener\">Ona Salvador<\/a>, <a href=\"https:\/\/www.instagram.com\/toni.obra\/\" target=\"_blank\" rel=\"noopener\">Toni Obra<\/a>, <a href=\"http:\/\/www.dantearcade.com\/\" target=\"_blank\" rel=\"noopener\">Dante Arcade<\/a>, <a href=\"https:\/\/www.instagram.com\/jotalo\/\" target=\"_blank\" rel=\"noopener\">Jota L\u00f3pez<\/a> i <a href=\"https:\/\/www.instagram.com\/uri.kthr\/\" target=\"_blank\" rel=\"noopener\">Uri Kthr<\/a>.<\/p>\n<p data-start=\"515\" data-end=\"814\">These creators of very different styles and techniques developed the portrait of one of the headliners during two days of the festival: 6 of them did it on Wednesday 9 and Thursday 10 July, while the other 6 did it on Friday 11 and Saturday 12, using different techniques and materials of urban art.<\/p>\n<p data-start=\"816\" data-end=\"1475\" data-is-last-node=\"\" data-is-only-node=\"\">Once the festival was over, the jury formed by Xavier Ballaz and Ana Manaia (Artistic Director and Project Coordinator of B-Murals), Marc Mascort (Cultural Manager at Can Safari), Marc Garc\u00eda (Director of Rebobinart), Laura Su\u00f1\u00e9 (Creative Director of Festival Cru\u00eflla), Antoine Careil (Director and Founder of Street Art Barcelona), Alex (Graffic Impact), Jordi Solsona and Mar L\u00f3pez-Pinto (Art Director and Producer of Binomic), Claudia Costa (Creative Director of Poblenou Urban District and curator of Cru\u00eflla Arts) and Esteban Mar\u00edn (Director of Contorno Urbano), chose Jota L\u00f3pez and his Ben Harper portrait as the winner.<\/p>\n<p><img loading=\"lazy\" decoding=\"async\" class=\"aligncenter wp-image-58467 size-large\" src=\"https:\/\/www.cruillabarcelona.cat\/wp-content\/uploads\/2025\/06\/ARTS_DSC_3131_\u00a9Victor-Parreno-1024x681.jpg\" alt=\"\" width=\"900\" height=\"599\" srcset=\"https:\/\/www.cruillabarcelona.cat\/wp-content\/uploads\/2025\/06\/ARTS_DSC_3131_\u00a9Victor-Parreno-1024x681.jpg 1024w, https:\/\/www.cruillabarcelona.cat\/wp-content\/uploads\/2025\/06\/ARTS_DSC_3131_\u00a9Victor-Parreno-768x511.jpg 768w, https:\/\/www.cruillabarcelona.cat\/wp-content\/uploads\/2025\/06\/ARTS_DSC_3131_\u00a9Victor-Parreno-1536x1022.jpg 1536w, https:\/\/www.cruillabarcelona.cat\/wp-content\/uploads\/2025\/06\/ARTS_DSC_3131_\u00a9Victor-Parreno-2048x1362.jpg 2048w, https:\/\/www.cruillabarcelona.cat\/wp-content\/uploads\/2025\/06\/ARTS_DSC_3131_\u00a9Victor-Parreno-300x200.jpg 300w, https:\/\/www.cruillabarcelona.cat\/wp-content\/uploads\/2025\/06\/ARTS_DSC_3131_\u00a9Victor-Parreno-1500x998.jpg 1500w\" sizes=\"auto, (max-width: 900px) 100vw, 900px\" \/><\/p>\n<p>&nbsp;<\/p>\n<h3>15-Year Mural Exhibition<\/h3>\n<p data-start=\"47\" data-end=\"236\">To celebrate that very special edition, we featured an exhibition of portraits created at past editions of the festival \u2014 a look back at 15 years of musical and artistic history.<\/p>\n<p data-start=\"238\" data-end=\"439\">The portraits, created using graffiti and urban art techniques, had been part of the festival since its early days, and their success was key to the growth of Cru\u00eflla\u2019s arts programming over the years.<\/p>\n<p data-start=\"441\" data-end=\"658\" data-is-last-node=\"\" data-is-only-node=\"\">That exhibition not only served as a retrospective of the visual artists who had accompanied us, but also as a tribute to the musical artists who had performed at the festival and were immortalised in those portraits.<\/p>\n<p><img loading=\"lazy\" decoding=\"async\" class=\"aligncenter wp-image-58464 size-large\" src=\"https:\/\/www.cruillabarcelona.cat\/wp-content\/uploads\/2025\/06\/IMG_8776-1-1024x468.jpg\" alt=\"\" width=\"900\" height=\"411\" srcset=\"https:\/\/www.cruillabarcelona.cat\/wp-content\/uploads\/2025\/06\/IMG_8776-1-1024x468.jpg 1024w, https:\/\/www.cruillabarcelona.cat\/wp-content\/uploads\/2025\/06\/IMG_8776-1-768x351.jpg 768w, https:\/\/www.cruillabarcelona.cat\/wp-content\/uploads\/2025\/06\/IMG_8776-1-300x137.jpg 300w, https:\/\/www.cruillabarcelona.cat\/wp-content\/uploads\/2025\/06\/IMG_8776-1.jpg 1400w\" sizes=\"auto, (max-width: 900px) 100vw, 900px\" \/><\/p>\n<h3>Large-Scale Murals with Gargar Festival<\/h3>\n<p>After a successful first collaboration with the Gargar Festival of Murals and Rural Art in Penelles during the 2023 edition, we renewed the partnership for the third year in a row. We once again had two artists creating large-scale murals (35 m\u00b2), which promised to leave us speechless.<\/p>\n<p><a href=\"https:\/\/www.slimsafont.com\/\" target=\"_blank\" rel=\"noopener\"><strong>SLIM SAFONT<\/strong><\/a><a href=\"https:\/\/www.slimsafont.com\/\" target=\"_blank\" rel=\"noopener\">:<\/a> Born in Berga in 1995 and internationally renowned, this artist works with a figurative and realistic style and a precise study of colour. Slim creates compositions that raise awareness and engage in dialogue with the environments where they are installed. In addition to his urban art work, he has participated in numerous international mural projects and exhibited his work in a wide variety of artistic spaces, from galleries and formal exhibition halls to more alternative venues.<\/p>\n<p><img loading=\"lazy\" decoding=\"async\" width=\"652\" height=\"670\" class=\"size-full wp-image-58470 aligncenter\" src=\"https:\/\/www.cruillabarcelona.cat\/wp-content\/uploads\/2025\/06\/Captura-de-Pantalla-2025-06-02-a-les-10.36.56.png\" alt=\"\" srcset=\"https:\/\/www.cruillabarcelona.cat\/wp-content\/uploads\/2025\/06\/Captura-de-Pantalla-2025-06-02-a-les-10.36.56.png 652w, https:\/\/www.cruillabarcelona.cat\/wp-content\/uploads\/2025\/06\/Captura-de-Pantalla-2025-06-02-a-les-10.36.56-300x308.png 300w\" sizes=\"auto, (max-width: 652px) 100vw, 652px\" \/><\/p>\n<p><a href=\"https:\/\/www.instagram.com\/guillemfontart\/?hl=es\" target=\"_blank\" rel=\"noopener\"><strong>GUILLEM FONT<\/strong><\/a><strong>:<\/strong> His work is inspired by popular culture, scientific illustration, science fiction, and performing arts in public space. His style, closely tied to the study of textures and organic forms from animals and plants, gives rise to a unique imaginary world filled with grayscale hybrid beings and landscapes.<\/p>\n<p><img loading=\"lazy\" decoding=\"async\" width=\"555\" height=\"770\" class=\"size-full wp-image-58473 aligncenter\" src=\"https:\/\/www.cruillabarcelona.cat\/wp-content\/uploads\/2025\/06\/Captura-de-Pantalla-2025-06-02-a-les-10.37.49.png\" alt=\"\" srcset=\"https:\/\/www.cruillabarcelona.cat\/wp-content\/uploads\/2025\/06\/Captura-de-Pantalla-2025-06-02-a-les-10.37.49.png 555w, https:\/\/www.cruillabarcelona.cat\/wp-content\/uploads\/2025\/06\/Captura-de-Pantalla-2025-06-02-a-les-10.37.49-300x416.png 300w\" sizes=\"auto, (max-width: 555px) 100vw, 555px\" \/><\/p>\n","protected":false},"excerpt":{"rendered":"<p>Portrait Contest Once again, the portraits of the artists performing at the festival were one of the main features of our live arts programme. To select [&hellip;]<\/p>\n","protected":false},"author":2,"featured_media":58477,"parent":0,"menu_order":0,"comment_status":"closed","ping_status":"closed","template":"page-templates\/page-landing.php","meta":{"_acf_changed":false,"footnotes":""},"class_list":["post-58611","page","type-page","status-publish","has-post-thumbnail","hentry"],"acf":[],"yoast_head":"<!-- This site is optimized with the Yoast SEO plugin v27.3 - https:\/\/yoast.com\/product\/yoast-seo-wordpress\/ -->\n<title>Art Urb\u00e0 - Festival Cru\u00eflla<\/title>\n<meta name=\"robots\" content=\"index, follow, max-snippet:-1, max-image-preview:large, max-video-preview:-1\" \/>\n<link rel=\"canonical\" href=\"https:\/\/www.cruillabarcelona.cat\/en\/art-urba\/\" \/>\n<meta property=\"og:locale\" content=\"en_US\" \/>\n<meta property=\"og:type\" content=\"article\" \/>\n<meta property=\"og:title\" content=\"Art Urb\u00e0 - Festival Cru\u00eflla\" \/>\n<meta property=\"og:description\" content=\"Portrait Contest Once again, the portraits of the artists performing at the festival were one of the main features of our live arts programme. To select [&hellip;]\" \/>\n<meta property=\"og:url\" content=\"https:\/\/www.cruillabarcelona.cat\/en\/art-urba\/\" \/>\n<meta property=\"og:site_name\" content=\"Festival Cru\u00eflla\" \/>\n<meta property=\"article:modified_time\" content=\"2025-07-23T10:49:08+00:00\" \/>\n<meta property=\"og:image\" content=\"https:\/\/www.cruillabarcelona.cat\/wp-content\/uploads\/2025\/06\/ARTS_PhotoChristian-Bertrand-006-1.jpg\" \/>\n\t<meta property=\"og:image:width\" content=\"1800\" \/>\n\t<meta property=\"og:image:height\" content=\"1200\" \/>\n\t<meta property=\"og:image:type\" content=\"image\/jpeg\" \/>\n<meta name=\"twitter:card\" content=\"summary_large_image\" \/>\n<meta name=\"twitter:label1\" content=\"Est. reading time\" \/>\n\t<meta name=\"twitter:data1\" content=\"4 minutes\" \/>\n<script type=\"application\/ld+json\" class=\"yoast-schema-graph\">{\"@context\":\"https:\\\/\\\/schema.org\",\"@graph\":[{\"@type\":\"WebPage\",\"@id\":\"https:\\\/\\\/www.cruillabarcelona.cat\\\/en\\\/art-urba\\\/\",\"url\":\"https:\\\/\\\/www.cruillabarcelona.cat\\\/en\\\/art-urba\\\/\",\"name\":\"Art Urb\u00e0 - Festival Cru\u00eflla\",\"isPartOf\":{\"@id\":\"https:\\\/\\\/www.cruillabarcelona.cat\\\/en\\\/#website\"},\"primaryImageOfPage\":{\"@id\":\"https:\\\/\\\/www.cruillabarcelona.cat\\\/en\\\/art-urba\\\/#primaryimage\"},\"image\":{\"@id\":\"https:\\\/\\\/www.cruillabarcelona.cat\\\/en\\\/art-urba\\\/#primaryimage\"},\"thumbnailUrl\":\"https:\\\/\\\/www.cruillabarcelona.cat\\\/wp-content\\\/uploads\\\/2025\\\/06\\\/ARTS_PhotoChristian-Bertrand-006-1.jpg\",\"datePublished\":\"2025-06-02T08:40:55+00:00\",\"dateModified\":\"2025-07-23T10:49:08+00:00\",\"breadcrumb\":{\"@id\":\"https:\\\/\\\/www.cruillabarcelona.cat\\\/en\\\/art-urba\\\/#breadcrumb\"},\"inLanguage\":\"en-US\",\"potentialAction\":[{\"@type\":\"ReadAction\",\"target\":[\"https:\\\/\\\/www.cruillabarcelona.cat\\\/en\\\/art-urba\\\/\"]}]},{\"@type\":\"ImageObject\",\"inLanguage\":\"en-US\",\"@id\":\"https:\\\/\\\/www.cruillabarcelona.cat\\\/en\\\/art-urba\\\/#primaryimage\",\"url\":\"https:\\\/\\\/www.cruillabarcelona.cat\\\/wp-content\\\/uploads\\\/2025\\\/06\\\/ARTS_PhotoChristian-Bertrand-006-1.jpg\",\"contentUrl\":\"https:\\\/\\\/www.cruillabarcelona.cat\\\/wp-content\\\/uploads\\\/2025\\\/06\\\/ARTS_PhotoChristian-Bertrand-006-1.jpg\",\"width\":1800,\"height\":1200},{\"@type\":\"BreadcrumbList\",\"@id\":\"https:\\\/\\\/www.cruillabarcelona.cat\\\/en\\\/art-urba\\\/#breadcrumb\",\"itemListElement\":[{\"@type\":\"ListItem\",\"position\":1,\"name\":\"Home\",\"item\":\"https:\\\/\\\/www.cruillabarcelona.cat\\\/en\\\/\"},{\"@type\":\"ListItem\",\"position\":2,\"name\":\"Art Urb\u00e0\"}]},{\"@type\":\"WebSite\",\"@id\":\"https:\\\/\\\/www.cruillabarcelona.cat\\\/en\\\/#website\",\"url\":\"https:\\\/\\\/www.cruillabarcelona.cat\\\/en\\\/\",\"name\":\"Festival Cru\u00eflla\",\"description\":\"\",\"publisher\":{\"@id\":\"https:\\\/\\\/www.cruillabarcelona.cat\\\/en\\\/#organization\"},\"potentialAction\":[{\"@type\":\"SearchAction\",\"target\":{\"@type\":\"EntryPoint\",\"urlTemplate\":\"https:\\\/\\\/www.cruillabarcelona.cat\\\/en\\\/?s={search_term_string}\"},\"query-input\":{\"@type\":\"PropertyValueSpecification\",\"valueRequired\":true,\"valueName\":\"search_term_string\"}}],\"inLanguage\":\"en-US\"},{\"@type\":\"Organization\",\"@id\":\"https:\\\/\\\/www.cruillabarcelona.cat\\\/en\\\/#organization\",\"name\":\"Festival Cru\u00eflla\",\"url\":\"https:\\\/\\\/www.cruillabarcelona.cat\\\/en\\\/\",\"logo\":{\"@type\":\"ImageObject\",\"inLanguage\":\"en-US\",\"@id\":\"https:\\\/\\\/www.cruillabarcelona.cat\\\/en\\\/#\\\/schema\\\/logo\\\/image\\\/\",\"url\":\"https:\\\/\\\/www.cruillabarcelona.cat\\\/wp-content\\\/uploads\\\/2025\\\/12\\\/cruill-logo-negativo.png\",\"contentUrl\":\"https:\\\/\\\/www.cruillabarcelona.cat\\\/wp-content\\\/uploads\\\/2025\\\/12\\\/cruill-logo-negativo.png\",\"width\":400,\"height\":101,\"caption\":\"Festival Cru\u00eflla\"},\"image\":{\"@id\":\"https:\\\/\\\/www.cruillabarcelona.cat\\\/en\\\/#\\\/schema\\\/logo\\\/image\\\/\"}}]}<\/script>\n<!-- \/ Yoast SEO plugin. -->","yoast_head_json":{"title":"Art Urb\u00e0 - Festival Cru\u00eflla","robots":{"index":"index","follow":"follow","max-snippet":"max-snippet:-1","max-image-preview":"max-image-preview:large","max-video-preview":"max-video-preview:-1"},"canonical":"https:\/\/www.cruillabarcelona.cat\/en\/art-urba\/","og_locale":"en_US","og_type":"article","og_title":"Art Urb\u00e0 - Festival Cru\u00eflla","og_description":"Portrait Contest Once again, the portraits of the artists performing at the festival were one of the main features of our live arts programme. To select [&hellip;]","og_url":"https:\/\/www.cruillabarcelona.cat\/en\/art-urba\/","og_site_name":"Festival Cru\u00eflla","article_modified_time":"2025-07-23T10:49:08+00:00","og_image":[{"width":1800,"height":1200,"url":"https:\/\/www.cruillabarcelona.cat\/wp-content\/uploads\/2025\/06\/ARTS_PhotoChristian-Bertrand-006-1.jpg","type":"image\/jpeg"}],"twitter_card":"summary_large_image","twitter_misc":{"Est. reading time":"4 minutes"},"schema":{"@context":"https:\/\/schema.org","@graph":[{"@type":"WebPage","@id":"https:\/\/www.cruillabarcelona.cat\/en\/art-urba\/","url":"https:\/\/www.cruillabarcelona.cat\/en\/art-urba\/","name":"Art Urb\u00e0 - Festival Cru\u00eflla","isPartOf":{"@id":"https:\/\/www.cruillabarcelona.cat\/en\/#website"},"primaryImageOfPage":{"@id":"https:\/\/www.cruillabarcelona.cat\/en\/art-urba\/#primaryimage"},"image":{"@id":"https:\/\/www.cruillabarcelona.cat\/en\/art-urba\/#primaryimage"},"thumbnailUrl":"https:\/\/www.cruillabarcelona.cat\/wp-content\/uploads\/2025\/06\/ARTS_PhotoChristian-Bertrand-006-1.jpg","datePublished":"2025-06-02T08:40:55+00:00","dateModified":"2025-07-23T10:49:08+00:00","breadcrumb":{"@id":"https:\/\/www.cruillabarcelona.cat\/en\/art-urba\/#breadcrumb"},"inLanguage":"en-US","potentialAction":[{"@type":"ReadAction","target":["https:\/\/www.cruillabarcelona.cat\/en\/art-urba\/"]}]},{"@type":"ImageObject","inLanguage":"en-US","@id":"https:\/\/www.cruillabarcelona.cat\/en\/art-urba\/#primaryimage","url":"https:\/\/www.cruillabarcelona.cat\/wp-content\/uploads\/2025\/06\/ARTS_PhotoChristian-Bertrand-006-1.jpg","contentUrl":"https:\/\/www.cruillabarcelona.cat\/wp-content\/uploads\/2025\/06\/ARTS_PhotoChristian-Bertrand-006-1.jpg","width":1800,"height":1200},{"@type":"BreadcrumbList","@id":"https:\/\/www.cruillabarcelona.cat\/en\/art-urba\/#breadcrumb","itemListElement":[{"@type":"ListItem","position":1,"name":"Home","item":"https:\/\/www.cruillabarcelona.cat\/en\/"},{"@type":"ListItem","position":2,"name":"Art Urb\u00e0"}]},{"@type":"WebSite","@id":"https:\/\/www.cruillabarcelona.cat\/en\/#website","url":"https:\/\/www.cruillabarcelona.cat\/en\/","name":"Festival Cru\u00eflla","description":"","publisher":{"@id":"https:\/\/www.cruillabarcelona.cat\/en\/#organization"},"potentialAction":[{"@type":"SearchAction","target":{"@type":"EntryPoint","urlTemplate":"https:\/\/www.cruillabarcelona.cat\/en\/?s={search_term_string}"},"query-input":{"@type":"PropertyValueSpecification","valueRequired":true,"valueName":"search_term_string"}}],"inLanguage":"en-US"},{"@type":"Organization","@id":"https:\/\/www.cruillabarcelona.cat\/en\/#organization","name":"Festival Cru\u00eflla","url":"https:\/\/www.cruillabarcelona.cat\/en\/","logo":{"@type":"ImageObject","inLanguage":"en-US","@id":"https:\/\/www.cruillabarcelona.cat\/en\/#\/schema\/logo\/image\/","url":"https:\/\/www.cruillabarcelona.cat\/wp-content\/uploads\/2025\/12\/cruill-logo-negativo.png","contentUrl":"https:\/\/www.cruillabarcelona.cat\/wp-content\/uploads\/2025\/12\/cruill-logo-negativo.png","width":400,"height":101,"caption":"Festival Cru\u00eflla"},"image":{"@id":"https:\/\/www.cruillabarcelona.cat\/en\/#\/schema\/logo\/image\/"}}]}},"_links":{"self":[{"href":"https:\/\/www.cruillabarcelona.cat\/en\/wp-json\/wp\/v2\/pages\/58611","targetHints":{"allow":["GET"]}}],"collection":[{"href":"https:\/\/www.cruillabarcelona.cat\/en\/wp-json\/wp\/v2\/pages"}],"about":[{"href":"https:\/\/www.cruillabarcelona.cat\/en\/wp-json\/wp\/v2\/types\/page"}],"author":[{"embeddable":true,"href":"https:\/\/www.cruillabarcelona.cat\/en\/wp-json\/wp\/v2\/users\/2"}],"replies":[{"embeddable":true,"href":"https:\/\/www.cruillabarcelona.cat\/en\/wp-json\/wp\/v2\/comments?post=58611"}],"version-history":[{"count":3,"href":"https:\/\/www.cruillabarcelona.cat\/en\/wp-json\/wp\/v2\/pages\/58611\/revisions"}],"predecessor-version":[{"id":60486,"href":"https:\/\/www.cruillabarcelona.cat\/en\/wp-json\/wp\/v2\/pages\/58611\/revisions\/60486"}],"wp:featuredmedia":[{"embeddable":true,"href":"https:\/\/www.cruillabarcelona.cat\/en\/wp-json\/wp\/v2\/media\/58477"}],"wp:attachment":[{"href":"https:\/\/www.cruillabarcelona.cat\/en\/wp-json\/wp\/v2\/media?parent=58611"}],"curies":[{"name":"wp","href":"https:\/\/api.w.org\/{rel}","templated":true}]}}