{"id":58630,"date":"2025-06-02T13:27:59","date_gmt":"2025-06-02T11:27:59","guid":{"rendered":"https:\/\/www.cruillabarcelona.cat\/installacions\/"},"modified":"2025-07-23T12:53:34","modified_gmt":"2025-07-23T10:53:34","slug":"installacions","status":"publish","type":"page","link":"https:\/\/www.cruillabarcelona.cat\/en\/installacions\/","title":{"rendered":"INSTALLATIONS"},"content":{"rendered":"<p>In the 2024 edition, the Festival Cru\u00eflla collaborated with the <strong>Fira de T\u00e0rrega<\/strong> to bring to the venue the <strong>LOOPHOLE<\/strong> light installation by <strong>Calidos<\/strong>. This large chandelier was one of the protagonists of 2024 and for this edition we were looking forward to more.<\/p>\n<p><a href=\"https:\/\/www.calidos.cat\/\" target=\"_blank\" rel=\"noopener\"><strong>CALIDOS<\/strong><\/a> is a small Catalan company with a long history in the visual arts and technology applied to art. Since its founding in 1995, it has developed a wide range of projects for companies and institutions, accumulating solid experience in both the technical and creative fields. CALIDOS is dedicated to the design and construction of interactive light art installations and this year we had two of its pieces at the festival.<\/p>\n<p><a href=\"https:\/\/www.calidos.cat\/portfolio\/items\/hexx-one-light-installation\/\" target=\"_blank\" rel=\"noopener\"><strong>Hexx \u00d8ne<\/strong><\/a> is an interactive modular art installation with a mapping of 7200 LEDs that form a tunnel where the audience can pass through. The music and the LEDs are synchronized creating an immersive experience.<\/p>\n<p><img loading=\"lazy\" decoding=\"async\" class=\"aligncenter wp-image-58490 size-large\" src=\"https:\/\/www.cruillabarcelona.cat\/wp-content\/uploads\/2025\/06\/9T4A5700-12-1024x682.jpeg\" alt=\"\" width=\"900\" height=\"599\" srcset=\"https:\/\/www.cruillabarcelona.cat\/wp-content\/uploads\/2025\/06\/9T4A5700-12-1024x682.jpeg 1024w, https:\/\/www.cruillabarcelona.cat\/wp-content\/uploads\/2025\/06\/9T4A5700-12-768x512.jpeg 768w, https:\/\/www.cruillabarcelona.cat\/wp-content\/uploads\/2025\/06\/9T4A5700-12-300x200.jpeg 300w, https:\/\/www.cruillabarcelona.cat\/wp-content\/uploads\/2025\/06\/9T4A5700-12.jpeg 1280w\" sizes=\"auto, (max-width: 900px) 100vw, 900px\" \/><\/p>\n<p><a href=\"https:\/\/www.calidos.cat\/portfolio\/items\/circled-interactive-installation\/\" target=\"_blank\" rel=\"noopener\"><strong>CIRCLEd <\/strong><\/a>includes 24 light totems and 4 interactive modes: motion, sound, touch and heart rate sensors that promise to immerse the audience in a unique immersive experience.<\/p>\n<p><img loading=\"lazy\" decoding=\"async\" class=\"aligncenter wp-image-58493 size-large\" src=\"https:\/\/www.cruillabarcelona.cat\/wp-content\/uploads\/2025\/06\/CALIDOS_CRICLED-1024x681.jpeg\" alt=\"\" width=\"900\" height=\"599\" srcset=\"https:\/\/www.cruillabarcelona.cat\/wp-content\/uploads\/2025\/06\/CALIDOS_CRICLED-1024x681.jpeg 1024w, https:\/\/www.cruillabarcelona.cat\/wp-content\/uploads\/2025\/06\/CALIDOS_CRICLED-768x511.jpeg 768w, https:\/\/www.cruillabarcelona.cat\/wp-content\/uploads\/2025\/06\/CALIDOS_CRICLED-300x199.jpeg 300w, https:\/\/www.cruillabarcelona.cat\/wp-content\/uploads\/2025\/06\/CALIDOS_CRICLED.jpeg 1280w\" sizes=\"auto, (max-width: 900px) 100vw, 900px\" \/><\/p>\n","protected":false},"excerpt":{"rendered":"<p>In the 2024 edition, the Festival Cru\u00eflla collaborated with the Fira de T\u00e0rrega to bring to the venue the LOOPHOLE light installation by Calidos. This large [&hellip;]<\/p>\n","protected":false},"author":2,"featured_media":58487,"parent":0,"menu_order":0,"comment_status":"closed","ping_status":"closed","template":"page-templates\/page-landing.php","meta":{"_acf_changed":false,"footnotes":""},"class_list":["post-58630","page","type-page","status-publish","has-post-thumbnail","hentry"],"acf":[],"yoast_head":"<!-- This site is optimized with the Yoast SEO plugin v27.3 - https:\/\/yoast.com\/product\/yoast-seo-wordpress\/ -->\n<title>INSTALLATIONS - Festival Cru\u00eflla<\/title>\n<meta name=\"robots\" content=\"index, follow, max-snippet:-1, max-image-preview:large, max-video-preview:-1\" \/>\n<link rel=\"canonical\" href=\"https:\/\/www.cruillabarcelona.cat\/en\/installacions\/\" \/>\n<meta property=\"og:locale\" content=\"en_US\" \/>\n<meta property=\"og:type\" content=\"article\" \/>\n<meta property=\"og:title\" content=\"INSTALLATIONS - Festival Cru\u00eflla\" \/>\n<meta property=\"og:description\" content=\"In the 2024 edition, the Festival Cru\u00eflla collaborated with the Fira de T\u00e0rrega to bring to the venue the LOOPHOLE light installation by Calidos. This large [&hellip;]\" \/>\n<meta property=\"og:url\" content=\"https:\/\/www.cruillabarcelona.cat\/en\/installacions\/\" \/>\n<meta property=\"og:site_name\" content=\"Festival Cru\u00eflla\" \/>\n<meta property=\"article:modified_time\" content=\"2025-07-23T10:53:34+00:00\" \/>\n<meta property=\"og:image\" content=\"https:\/\/www.cruillabarcelona.cat\/wp-content\/uploads\/2025\/06\/HEXX_ZP2023_Galerie_1920x108012.jpeg\" \/>\n\t<meta property=\"og:image:width\" content=\"1280\" \/>\n\t<meta property=\"og:image:height\" content=\"720\" \/>\n\t<meta property=\"og:image:type\" content=\"image\/jpeg\" \/>\n<meta name=\"twitter:card\" content=\"summary_large_image\" \/>\n<meta name=\"twitter:label1\" content=\"Est. reading time\" \/>\n\t<meta name=\"twitter:data1\" content=\"2 minutes\" \/>\n<script type=\"application\/ld+json\" class=\"yoast-schema-graph\">{\"@context\":\"https:\\\/\\\/schema.org\",\"@graph\":[{\"@type\":\"WebPage\",\"@id\":\"https:\\\/\\\/www.cruillabarcelona.cat\\\/en\\\/installacions\\\/\",\"url\":\"https:\\\/\\\/www.cruillabarcelona.cat\\\/en\\\/installacions\\\/\",\"name\":\"INSTALLATIONS - Festival Cru\u00eflla\",\"isPartOf\":{\"@id\":\"https:\\\/\\\/www.cruillabarcelona.cat\\\/en\\\/#website\"},\"primaryImageOfPage\":{\"@id\":\"https:\\\/\\\/www.cruillabarcelona.cat\\\/en\\\/installacions\\\/#primaryimage\"},\"image\":{\"@id\":\"https:\\\/\\\/www.cruillabarcelona.cat\\\/en\\\/installacions\\\/#primaryimage\"},\"thumbnailUrl\":\"https:\\\/\\\/www.cruillabarcelona.cat\\\/wp-content\\\/uploads\\\/2025\\\/06\\\/HEXX_ZP2023_Galerie_1920x108012.jpeg\",\"datePublished\":\"2025-06-02T11:27:59+00:00\",\"dateModified\":\"2025-07-23T10:53:34+00:00\",\"breadcrumb\":{\"@id\":\"https:\\\/\\\/www.cruillabarcelona.cat\\\/en\\\/installacions\\\/#breadcrumb\"},\"inLanguage\":\"en-US\",\"potentialAction\":[{\"@type\":\"ReadAction\",\"target\":[\"https:\\\/\\\/www.cruillabarcelona.cat\\\/en\\\/installacions\\\/\"]}]},{\"@type\":\"ImageObject\",\"inLanguage\":\"en-US\",\"@id\":\"https:\\\/\\\/www.cruillabarcelona.cat\\\/en\\\/installacions\\\/#primaryimage\",\"url\":\"https:\\\/\\\/www.cruillabarcelona.cat\\\/wp-content\\\/uploads\\\/2025\\\/06\\\/HEXX_ZP2023_Galerie_1920x108012.jpeg\",\"contentUrl\":\"https:\\\/\\\/www.cruillabarcelona.cat\\\/wp-content\\\/uploads\\\/2025\\\/06\\\/HEXX_ZP2023_Galerie_1920x108012.jpeg\",\"width\":1280,\"height\":720},{\"@type\":\"BreadcrumbList\",\"@id\":\"https:\\\/\\\/www.cruillabarcelona.cat\\\/en\\\/installacions\\\/#breadcrumb\",\"itemListElement\":[{\"@type\":\"ListItem\",\"position\":1,\"name\":\"Home\",\"item\":\"https:\\\/\\\/www.cruillabarcelona.cat\\\/en\\\/\"},{\"@type\":\"ListItem\",\"position\":2,\"name\":\"INSTALLATIONS\"}]},{\"@type\":\"WebSite\",\"@id\":\"https:\\\/\\\/www.cruillabarcelona.cat\\\/en\\\/#website\",\"url\":\"https:\\\/\\\/www.cruillabarcelona.cat\\\/en\\\/\",\"name\":\"Festival Cru\u00eflla\",\"description\":\"\",\"publisher\":{\"@id\":\"https:\\\/\\\/www.cruillabarcelona.cat\\\/en\\\/#organization\"},\"potentialAction\":[{\"@type\":\"SearchAction\",\"target\":{\"@type\":\"EntryPoint\",\"urlTemplate\":\"https:\\\/\\\/www.cruillabarcelona.cat\\\/en\\\/?s={search_term_string}\"},\"query-input\":{\"@type\":\"PropertyValueSpecification\",\"valueRequired\":true,\"valueName\":\"search_term_string\"}}],\"inLanguage\":\"en-US\"},{\"@type\":\"Organization\",\"@id\":\"https:\\\/\\\/www.cruillabarcelona.cat\\\/en\\\/#organization\",\"name\":\"Festival Cru\u00eflla\",\"url\":\"https:\\\/\\\/www.cruillabarcelona.cat\\\/en\\\/\",\"logo\":{\"@type\":\"ImageObject\",\"inLanguage\":\"en-US\",\"@id\":\"https:\\\/\\\/www.cruillabarcelona.cat\\\/en\\\/#\\\/schema\\\/logo\\\/image\\\/\",\"url\":\"https:\\\/\\\/www.cruillabarcelona.cat\\\/wp-content\\\/uploads\\\/2025\\\/12\\\/cruill-logo-negativo.png\",\"contentUrl\":\"https:\\\/\\\/www.cruillabarcelona.cat\\\/wp-content\\\/uploads\\\/2025\\\/12\\\/cruill-logo-negativo.png\",\"width\":400,\"height\":101,\"caption\":\"Festival Cru\u00eflla\"},\"image\":{\"@id\":\"https:\\\/\\\/www.cruillabarcelona.cat\\\/en\\\/#\\\/schema\\\/logo\\\/image\\\/\"}}]}<\/script>\n<!-- \/ Yoast SEO plugin. -->","yoast_head_json":{"title":"INSTALLATIONS - Festival Cru\u00eflla","robots":{"index":"index","follow":"follow","max-snippet":"max-snippet:-1","max-image-preview":"max-image-preview:large","max-video-preview":"max-video-preview:-1"},"canonical":"https:\/\/www.cruillabarcelona.cat\/en\/installacions\/","og_locale":"en_US","og_type":"article","og_title":"INSTALLATIONS - Festival Cru\u00eflla","og_description":"In the 2024 edition, the Festival Cru\u00eflla collaborated with the Fira de T\u00e0rrega to bring to the venue the LOOPHOLE light installation by Calidos. This large [&hellip;]","og_url":"https:\/\/www.cruillabarcelona.cat\/en\/installacions\/","og_site_name":"Festival Cru\u00eflla","article_modified_time":"2025-07-23T10:53:34+00:00","og_image":[{"width":1280,"height":720,"url":"https:\/\/www.cruillabarcelona.cat\/wp-content\/uploads\/2025\/06\/HEXX_ZP2023_Galerie_1920x108012.jpeg","type":"image\/jpeg"}],"twitter_card":"summary_large_image","twitter_misc":{"Est. reading time":"2 minutes"},"schema":{"@context":"https:\/\/schema.org","@graph":[{"@type":"WebPage","@id":"https:\/\/www.cruillabarcelona.cat\/en\/installacions\/","url":"https:\/\/www.cruillabarcelona.cat\/en\/installacions\/","name":"INSTALLATIONS - Festival Cru\u00eflla","isPartOf":{"@id":"https:\/\/www.cruillabarcelona.cat\/en\/#website"},"primaryImageOfPage":{"@id":"https:\/\/www.cruillabarcelona.cat\/en\/installacions\/#primaryimage"},"image":{"@id":"https:\/\/www.cruillabarcelona.cat\/en\/installacions\/#primaryimage"},"thumbnailUrl":"https:\/\/www.cruillabarcelona.cat\/wp-content\/uploads\/2025\/06\/HEXX_ZP2023_Galerie_1920x108012.jpeg","datePublished":"2025-06-02T11:27:59+00:00","dateModified":"2025-07-23T10:53:34+00:00","breadcrumb":{"@id":"https:\/\/www.cruillabarcelona.cat\/en\/installacions\/#breadcrumb"},"inLanguage":"en-US","potentialAction":[{"@type":"ReadAction","target":["https:\/\/www.cruillabarcelona.cat\/en\/installacions\/"]}]},{"@type":"ImageObject","inLanguage":"en-US","@id":"https:\/\/www.cruillabarcelona.cat\/en\/installacions\/#primaryimage","url":"https:\/\/www.cruillabarcelona.cat\/wp-content\/uploads\/2025\/06\/HEXX_ZP2023_Galerie_1920x108012.jpeg","contentUrl":"https:\/\/www.cruillabarcelona.cat\/wp-content\/uploads\/2025\/06\/HEXX_ZP2023_Galerie_1920x108012.jpeg","width":1280,"height":720},{"@type":"BreadcrumbList","@id":"https:\/\/www.cruillabarcelona.cat\/en\/installacions\/#breadcrumb","itemListElement":[{"@type":"ListItem","position":1,"name":"Home","item":"https:\/\/www.cruillabarcelona.cat\/en\/"},{"@type":"ListItem","position":2,"name":"INSTALLATIONS"}]},{"@type":"WebSite","@id":"https:\/\/www.cruillabarcelona.cat\/en\/#website","url":"https:\/\/www.cruillabarcelona.cat\/en\/","name":"Festival Cru\u00eflla","description":"","publisher":{"@id":"https:\/\/www.cruillabarcelona.cat\/en\/#organization"},"potentialAction":[{"@type":"SearchAction","target":{"@type":"EntryPoint","urlTemplate":"https:\/\/www.cruillabarcelona.cat\/en\/?s={search_term_string}"},"query-input":{"@type":"PropertyValueSpecification","valueRequired":true,"valueName":"search_term_string"}}],"inLanguage":"en-US"},{"@type":"Organization","@id":"https:\/\/www.cruillabarcelona.cat\/en\/#organization","name":"Festival Cru\u00eflla","url":"https:\/\/www.cruillabarcelona.cat\/en\/","logo":{"@type":"ImageObject","inLanguage":"en-US","@id":"https:\/\/www.cruillabarcelona.cat\/en\/#\/schema\/logo\/image\/","url":"https:\/\/www.cruillabarcelona.cat\/wp-content\/uploads\/2025\/12\/cruill-logo-negativo.png","contentUrl":"https:\/\/www.cruillabarcelona.cat\/wp-content\/uploads\/2025\/12\/cruill-logo-negativo.png","width":400,"height":101,"caption":"Festival Cru\u00eflla"},"image":{"@id":"https:\/\/www.cruillabarcelona.cat\/en\/#\/schema\/logo\/image\/"}}]}},"_links":{"self":[{"href":"https:\/\/www.cruillabarcelona.cat\/en\/wp-json\/wp\/v2\/pages\/58630","targetHints":{"allow":["GET"]}}],"collection":[{"href":"https:\/\/www.cruillabarcelona.cat\/en\/wp-json\/wp\/v2\/pages"}],"about":[{"href":"https:\/\/www.cruillabarcelona.cat\/en\/wp-json\/wp\/v2\/types\/page"}],"author":[{"embeddable":true,"href":"https:\/\/www.cruillabarcelona.cat\/en\/wp-json\/wp\/v2\/users\/2"}],"replies":[{"embeddable":true,"href":"https:\/\/www.cruillabarcelona.cat\/en\/wp-json\/wp\/v2\/comments?post=58630"}],"version-history":[{"count":3,"href":"https:\/\/www.cruillabarcelona.cat\/en\/wp-json\/wp\/v2\/pages\/58630\/revisions"}],"predecessor-version":[{"id":60491,"href":"https:\/\/www.cruillabarcelona.cat\/en\/wp-json\/wp\/v2\/pages\/58630\/revisions\/60491"}],"wp:featuredmedia":[{"embeddable":true,"href":"https:\/\/www.cruillabarcelona.cat\/en\/wp-json\/wp\/v2\/media\/58487"}],"wp:attachment":[{"href":"https:\/\/www.cruillabarcelona.cat\/en\/wp-json\/wp\/v2\/media?parent=58630"}],"curies":[{"name":"wp","href":"https:\/\/api.w.org\/{rel}","templated":true}]}}