{"id":58643,"date":"2025-06-02T13:28:03","date_gmt":"2025-06-02T11:28:03","guid":{"rendered":"https:\/\/www.cruillabarcelona.cat\/illustracio-participativa\/"},"modified":"2025-07-23T12:52:52","modified_gmt":"2025-07-23T10:52:52","slug":"illustracio-participativa","status":"publish","type":"page","link":"https:\/\/www.cruillabarcelona.cat\/en\/illustracio-participativa\/","title":{"rendered":"Participatory illustration"},"content":{"rendered":"<h3>El Estafador<\/h3>\n<p>We collaborated with them in past editions and in this one they could not miss: <strong>El Estafador returned to the Festival Cru\u00eflla!<\/strong><\/p>\n<p><a href=\"https:\/\/elestafador.com\/\" target=\"_blank\" rel=\"noopener\">EL ESTAFADOR<\/a> is an artistic collective and a digital publication with the participation of more than 40 authors who, on a weekly basis, offer their vision on current issues through <strong>humor or graphic reflection.<\/strong><\/p>\n<p>The collective develops participatory installations through drawing, where the public is invited to interact with the artists and enjoy their work, always with a touch of humor. The festival featured two of its proposals:<\/p>\n<p data-start=\"103\" data-end=\"315\"><strong data-start=\"103\" data-end=\"122\">THE &#8220;DIBUMAT\u00d3N&#8221;<\/strong>: The dibumat\u00f3n consisted of photo booth-type structures, where the public could sit and the artist immortalized them in a portrait that came out as if they were photographs from a photo booth.<\/p>\n<p data-start=\"317\" data-end=\"551\"><strong data-start=\"317\" data-end=\"332\">RADIOGRAPHY<\/strong>: The radiography was a &#8220;doctor&#8217;s office&#8221; type structure. The public was placed behind a screen and the artist, dressed as a doctor, created a fictitious, invented, and imaginative X-ray of each person who participated.<\/p>\n<p data-start=\"553\" data-end=\"890\" data-is-last-node=\"\" data-is-only-node=\"\">For these activities, we had some great illustrators: Ruango, Chantal Vizca\u00edno, Ferran Capo, Me sangran los ojos, Dianaconda, Albert Gen\u00e9, Jose Tom\u00e1s, Gerard Helena Anillo, Marylou, Sarandonga, Erola Boix, Roger Petra, El Averigua, Iv\u00e1n Bravo, Atxe, La Perra Laika, Hilda Beriain, Mar\u00eda Valenzuela, and Lope at the Festival Cru\u00eflla 2025!<\/p>\n<p><img loading=\"lazy\" decoding=\"async\" class=\"aligncenter wp-image-58497 size-large\" src=\"https:\/\/www.cruillabarcelona.cat\/wp-content\/uploads\/2025\/06\/EL-ESTAFADOR_230706_Foto\u00a9VictorParreno_DSC_1981-1-1-1024x682.jpg\" alt=\"\" width=\"900\" height=\"599\" srcset=\"https:\/\/www.cruillabarcelona.cat\/wp-content\/uploads\/2025\/06\/EL-ESTAFADOR_230706_Foto\u00a9VictorParreno_DSC_1981-1-1-1024x682.jpg 1024w, https:\/\/www.cruillabarcelona.cat\/wp-content\/uploads\/2025\/06\/EL-ESTAFADOR_230706_Foto\u00a9VictorParreno_DSC_1981-1-1-768x511.jpg 768w, https:\/\/www.cruillabarcelona.cat\/wp-content\/uploads\/2025\/06\/EL-ESTAFADOR_230706_Foto\u00a9VictorParreno_DSC_1981-1-1-1536x1023.jpg 1536w, https:\/\/www.cruillabarcelona.cat\/wp-content\/uploads\/2025\/06\/EL-ESTAFADOR_230706_Foto\u00a9VictorParreno_DSC_1981-1-1-300x200.jpg 300w, https:\/\/www.cruillabarcelona.cat\/wp-content\/uploads\/2025\/06\/EL-ESTAFADOR_230706_Foto\u00a9VictorParreno_DSC_1981-1-1-1500x999.jpg 1500w, https:\/\/www.cruillabarcelona.cat\/wp-content\/uploads\/2025\/06\/EL-ESTAFADOR_230706_Foto\u00a9VictorParreno_DSC_1981-1-1.jpg 1750w\" sizes=\"auto, (max-width: 900px) 100vw, 900px\" \/><\/p>\n","protected":false},"excerpt":{"rendered":"<p>El Estafador We collaborated with them in past editions and in this one they could not miss: El Estafador returned to the Festival Cru\u00eflla! EL ESTAFADOR [&hellip;]<\/p>\n","protected":false},"author":2,"featured_media":58501,"parent":0,"menu_order":0,"comment_status":"closed","ping_status":"closed","template":"page-templates\/page-landing.php","meta":{"_acf_changed":false,"footnotes":""},"class_list":["post-58643","page","type-page","status-publish","has-post-thumbnail","hentry"],"acf":[],"yoast_head":"<!-- This site is optimized with the Yoast SEO plugin v27.3 - https:\/\/yoast.com\/product\/yoast-seo-wordpress\/ -->\n<title>Participatory illustration - Festival Cru\u00eflla<\/title>\n<meta name=\"robots\" content=\"index, follow, max-snippet:-1, max-image-preview:large, max-video-preview:-1\" \/>\n<link rel=\"canonical\" href=\"https:\/\/www.cruillabarcelona.cat\/en\/illustracio-participativa\/\" \/>\n<meta property=\"og:locale\" content=\"en_US\" \/>\n<meta property=\"og:type\" content=\"article\" \/>\n<meta property=\"og:title\" content=\"Participatory illustration - Festival Cru\u00eflla\" \/>\n<meta property=\"og:description\" content=\"El Estafador We collaborated with them in past editions and in this one they could not miss: El Estafador returned to the Festival Cru\u00eflla! EL ESTAFADOR [&hellip;]\" \/>\n<meta property=\"og:url\" content=\"https:\/\/www.cruillabarcelona.cat\/en\/illustracio-participativa\/\" \/>\n<meta property=\"og:site_name\" content=\"Festival Cru\u00eflla\" \/>\n<meta property=\"article:modified_time\" content=\"2025-07-23T10:52:52+00:00\" \/>\n<meta property=\"og:image\" content=\"https:\/\/www.cruillabarcelona.cat\/wp-content\/uploads\/2025\/06\/4K_Toni-Villen_212204Z6P_5870-scaled.jpg\" \/>\n\t<meta property=\"og:image:width\" content=\"2560\" \/>\n\t<meta property=\"og:image:height\" content=\"1703\" \/>\n\t<meta property=\"og:image:type\" content=\"image\/jpeg\" \/>\n<meta name=\"twitter:card\" content=\"summary_large_image\" \/>\n<meta name=\"twitter:label1\" content=\"Est. reading time\" \/>\n\t<meta name=\"twitter:data1\" content=\"2 minutes\" \/>\n<script type=\"application\/ld+json\" class=\"yoast-schema-graph\">{\"@context\":\"https:\\\/\\\/schema.org\",\"@graph\":[{\"@type\":\"WebPage\",\"@id\":\"https:\\\/\\\/www.cruillabarcelona.cat\\\/en\\\/illustracio-participativa\\\/\",\"url\":\"https:\\\/\\\/www.cruillabarcelona.cat\\\/en\\\/illustracio-participativa\\\/\",\"name\":\"Participatory illustration - Festival Cru\u00eflla\",\"isPartOf\":{\"@id\":\"https:\\\/\\\/www.cruillabarcelona.cat\\\/en\\\/#website\"},\"primaryImageOfPage\":{\"@id\":\"https:\\\/\\\/www.cruillabarcelona.cat\\\/en\\\/illustracio-participativa\\\/#primaryimage\"},\"image\":{\"@id\":\"https:\\\/\\\/www.cruillabarcelona.cat\\\/en\\\/illustracio-participativa\\\/#primaryimage\"},\"thumbnailUrl\":\"https:\\\/\\\/www.cruillabarcelona.cat\\\/wp-content\\\/uploads\\\/2025\\\/06\\\/4K_Toni-Villen_212204Z6P_5870-scaled.jpg\",\"datePublished\":\"2025-06-02T11:28:03+00:00\",\"dateModified\":\"2025-07-23T10:52:52+00:00\",\"breadcrumb\":{\"@id\":\"https:\\\/\\\/www.cruillabarcelona.cat\\\/en\\\/illustracio-participativa\\\/#breadcrumb\"},\"inLanguage\":\"en-US\",\"potentialAction\":[{\"@type\":\"ReadAction\",\"target\":[\"https:\\\/\\\/www.cruillabarcelona.cat\\\/en\\\/illustracio-participativa\\\/\"]}]},{\"@type\":\"ImageObject\",\"inLanguage\":\"en-US\",\"@id\":\"https:\\\/\\\/www.cruillabarcelona.cat\\\/en\\\/illustracio-participativa\\\/#primaryimage\",\"url\":\"https:\\\/\\\/www.cruillabarcelona.cat\\\/wp-content\\\/uploads\\\/2025\\\/06\\\/4K_Toni-Villen_212204Z6P_5870-scaled.jpg\",\"contentUrl\":\"https:\\\/\\\/www.cruillabarcelona.cat\\\/wp-content\\\/uploads\\\/2025\\\/06\\\/4K_Toni-Villen_212204Z6P_5870-scaled.jpg\",\"width\":2560,\"height\":1703},{\"@type\":\"BreadcrumbList\",\"@id\":\"https:\\\/\\\/www.cruillabarcelona.cat\\\/en\\\/illustracio-participativa\\\/#breadcrumb\",\"itemListElement\":[{\"@type\":\"ListItem\",\"position\":1,\"name\":\"Home\",\"item\":\"https:\\\/\\\/www.cruillabarcelona.cat\\\/en\\\/\"},{\"@type\":\"ListItem\",\"position\":2,\"name\":\"Participatory illustration\"}]},{\"@type\":\"WebSite\",\"@id\":\"https:\\\/\\\/www.cruillabarcelona.cat\\\/en\\\/#website\",\"url\":\"https:\\\/\\\/www.cruillabarcelona.cat\\\/en\\\/\",\"name\":\"Festival Cru\u00eflla\",\"description\":\"\",\"publisher\":{\"@id\":\"https:\\\/\\\/www.cruillabarcelona.cat\\\/en\\\/#organization\"},\"potentialAction\":[{\"@type\":\"SearchAction\",\"target\":{\"@type\":\"EntryPoint\",\"urlTemplate\":\"https:\\\/\\\/www.cruillabarcelona.cat\\\/en\\\/?s={search_term_string}\"},\"query-input\":{\"@type\":\"PropertyValueSpecification\",\"valueRequired\":true,\"valueName\":\"search_term_string\"}}],\"inLanguage\":\"en-US\"},{\"@type\":\"Organization\",\"@id\":\"https:\\\/\\\/www.cruillabarcelona.cat\\\/en\\\/#organization\",\"name\":\"Festival Cru\u00eflla\",\"url\":\"https:\\\/\\\/www.cruillabarcelona.cat\\\/en\\\/\",\"logo\":{\"@type\":\"ImageObject\",\"inLanguage\":\"en-US\",\"@id\":\"https:\\\/\\\/www.cruillabarcelona.cat\\\/en\\\/#\\\/schema\\\/logo\\\/image\\\/\",\"url\":\"https:\\\/\\\/www.cruillabarcelona.cat\\\/wp-content\\\/uploads\\\/2025\\\/12\\\/cruill-logo-negativo.png\",\"contentUrl\":\"https:\\\/\\\/www.cruillabarcelona.cat\\\/wp-content\\\/uploads\\\/2025\\\/12\\\/cruill-logo-negativo.png\",\"width\":400,\"height\":101,\"caption\":\"Festival Cru\u00eflla\"},\"image\":{\"@id\":\"https:\\\/\\\/www.cruillabarcelona.cat\\\/en\\\/#\\\/schema\\\/logo\\\/image\\\/\"}}]}<\/script>\n<!-- \/ Yoast SEO plugin. -->","yoast_head_json":{"title":"Participatory illustration - Festival Cru\u00eflla","robots":{"index":"index","follow":"follow","max-snippet":"max-snippet:-1","max-image-preview":"max-image-preview:large","max-video-preview":"max-video-preview:-1"},"canonical":"https:\/\/www.cruillabarcelona.cat\/en\/illustracio-participativa\/","og_locale":"en_US","og_type":"article","og_title":"Participatory illustration - Festival Cru\u00eflla","og_description":"El Estafador We collaborated with them in past editions and in this one they could not miss: El Estafador returned to the Festival Cru\u00eflla! EL ESTAFADOR [&hellip;]","og_url":"https:\/\/www.cruillabarcelona.cat\/en\/illustracio-participativa\/","og_site_name":"Festival Cru\u00eflla","article_modified_time":"2025-07-23T10:52:52+00:00","og_image":[{"width":2560,"height":1703,"url":"https:\/\/www.cruillabarcelona.cat\/wp-content\/uploads\/2025\/06\/4K_Toni-Villen_212204Z6P_5870-scaled.jpg","type":"image\/jpeg"}],"twitter_card":"summary_large_image","twitter_misc":{"Est. reading time":"2 minutes"},"schema":{"@context":"https:\/\/schema.org","@graph":[{"@type":"WebPage","@id":"https:\/\/www.cruillabarcelona.cat\/en\/illustracio-participativa\/","url":"https:\/\/www.cruillabarcelona.cat\/en\/illustracio-participativa\/","name":"Participatory illustration - Festival Cru\u00eflla","isPartOf":{"@id":"https:\/\/www.cruillabarcelona.cat\/en\/#website"},"primaryImageOfPage":{"@id":"https:\/\/www.cruillabarcelona.cat\/en\/illustracio-participativa\/#primaryimage"},"image":{"@id":"https:\/\/www.cruillabarcelona.cat\/en\/illustracio-participativa\/#primaryimage"},"thumbnailUrl":"https:\/\/www.cruillabarcelona.cat\/wp-content\/uploads\/2025\/06\/4K_Toni-Villen_212204Z6P_5870-scaled.jpg","datePublished":"2025-06-02T11:28:03+00:00","dateModified":"2025-07-23T10:52:52+00:00","breadcrumb":{"@id":"https:\/\/www.cruillabarcelona.cat\/en\/illustracio-participativa\/#breadcrumb"},"inLanguage":"en-US","potentialAction":[{"@type":"ReadAction","target":["https:\/\/www.cruillabarcelona.cat\/en\/illustracio-participativa\/"]}]},{"@type":"ImageObject","inLanguage":"en-US","@id":"https:\/\/www.cruillabarcelona.cat\/en\/illustracio-participativa\/#primaryimage","url":"https:\/\/www.cruillabarcelona.cat\/wp-content\/uploads\/2025\/06\/4K_Toni-Villen_212204Z6P_5870-scaled.jpg","contentUrl":"https:\/\/www.cruillabarcelona.cat\/wp-content\/uploads\/2025\/06\/4K_Toni-Villen_212204Z6P_5870-scaled.jpg","width":2560,"height":1703},{"@type":"BreadcrumbList","@id":"https:\/\/www.cruillabarcelona.cat\/en\/illustracio-participativa\/#breadcrumb","itemListElement":[{"@type":"ListItem","position":1,"name":"Home","item":"https:\/\/www.cruillabarcelona.cat\/en\/"},{"@type":"ListItem","position":2,"name":"Participatory illustration"}]},{"@type":"WebSite","@id":"https:\/\/www.cruillabarcelona.cat\/en\/#website","url":"https:\/\/www.cruillabarcelona.cat\/en\/","name":"Festival Cru\u00eflla","description":"","publisher":{"@id":"https:\/\/www.cruillabarcelona.cat\/en\/#organization"},"potentialAction":[{"@type":"SearchAction","target":{"@type":"EntryPoint","urlTemplate":"https:\/\/www.cruillabarcelona.cat\/en\/?s={search_term_string}"},"query-input":{"@type":"PropertyValueSpecification","valueRequired":true,"valueName":"search_term_string"}}],"inLanguage":"en-US"},{"@type":"Organization","@id":"https:\/\/www.cruillabarcelona.cat\/en\/#organization","name":"Festival Cru\u00eflla","url":"https:\/\/www.cruillabarcelona.cat\/en\/","logo":{"@type":"ImageObject","inLanguage":"en-US","@id":"https:\/\/www.cruillabarcelona.cat\/en\/#\/schema\/logo\/image\/","url":"https:\/\/www.cruillabarcelona.cat\/wp-content\/uploads\/2025\/12\/cruill-logo-negativo.png","contentUrl":"https:\/\/www.cruillabarcelona.cat\/wp-content\/uploads\/2025\/12\/cruill-logo-negativo.png","width":400,"height":101,"caption":"Festival Cru\u00eflla"},"image":{"@id":"https:\/\/www.cruillabarcelona.cat\/en\/#\/schema\/logo\/image\/"}}]}},"_links":{"self":[{"href":"https:\/\/www.cruillabarcelona.cat\/en\/wp-json\/wp\/v2\/pages\/58643","targetHints":{"allow":["GET"]}}],"collection":[{"href":"https:\/\/www.cruillabarcelona.cat\/en\/wp-json\/wp\/v2\/pages"}],"about":[{"href":"https:\/\/www.cruillabarcelona.cat\/en\/wp-json\/wp\/v2\/types\/page"}],"author":[{"embeddable":true,"href":"https:\/\/www.cruillabarcelona.cat\/en\/wp-json\/wp\/v2\/users\/2"}],"replies":[{"embeddable":true,"href":"https:\/\/www.cruillabarcelona.cat\/en\/wp-json\/wp\/v2\/comments?post=58643"}],"version-history":[{"count":3,"href":"https:\/\/www.cruillabarcelona.cat\/en\/wp-json\/wp\/v2\/pages\/58643\/revisions"}],"predecessor-version":[{"id":60489,"href":"https:\/\/www.cruillabarcelona.cat\/en\/wp-json\/wp\/v2\/pages\/58643\/revisions\/60489"}],"wp:featuredmedia":[{"embeddable":true,"href":"https:\/\/www.cruillabarcelona.cat\/en\/wp-json\/wp\/v2\/media\/58501"}],"wp:attachment":[{"href":"https:\/\/www.cruillabarcelona.cat\/en\/wp-json\/wp\/v2\/media?parent=58643"}],"curies":[{"name":"wp","href":"https:\/\/api.w.org\/{rel}","templated":true}]}}