{"id":58879,"date":"2025-06-04T11:01:50","date_gmt":"2025-06-04T09:01:50","guid":{"rendered":"https:\/\/www.cruillabarcelona.cat\/?page_id=58879"},"modified":"2025-06-04T11:08:24","modified_gmt":"2025-06-04T09:08:24","slug":"how-to-get-there","status":"publish","type":"page","link":"https:\/\/www.cruillabarcelona.cat\/en\/how-to-get-there\/","title":{"rendered":"How to get there"},"content":{"rendered":"<h1 style=\"text-align: center;\"><span style=\"color: #ea6a4e;\">How to get there<\/span><\/h1>\n<h5><a href=\"https:\/\/maps.app.goo.gl\/Vg7hSnKQSanYoELP6\">Parc del F\u00f2rum<\/a><br \/>\nMoll de la Marina Seca<br \/>\nCarrer De la Pau, 12.<br \/>\n08930, Sant Adri\u00e0 del Bes\u00f2s, Barcelona<\/h5>\n<p>[efsrow]<br \/>\n[efscolumn lg=&#8221;6&#8243; md=&#8221;6&#8243; smoff=&#8221;0&#8243; mdoff=&#8221;0&#8243; lgoff=&#8221;0&#8243; ]<\/p>\n<h2>BY METRO<\/h2>\n<p>Line L4. Station: El Maresme \u2013 F\u00f2rum<br \/>\nExit: Rambla Prim<\/p>\n<p>Times:<\/p>\n<ul>\n<li>Sunday to Thursday: from 5AM to midnight<\/li>\n<li>Friday and the eve of public holiday: from 5AM to 2AM<\/li>\n<li>Saturday: open all night<\/li>\n<\/ul>\n<p><a href=\"https:\/\/www.tmb.cat\/en\/home\" target=\"_blank\" rel=\"noopener noreferrer\">www.tmb.cat<\/a><\/p>\n<h2>BY SHUTTLE BUS<\/h2>\n<p>This year we have implemented a\u00a0<strong>shuttle bus service<\/strong>\u00a0that will have a price of\u00a0<strong>2.5\u20ac<\/strong>\u00a0which can be paid by card or cash at the time of taking the bus. The departure point will be<strong>\u00a0in front of the Hotel Princess<\/strong>\u00a0and the discharge point will be at\u00a0<strong>Ronda Sant Pere with Passeig de Gr\u00e0cia<\/strong>. Buses will operate from Thursday night to Friday from 00h to 2AM and from Friday night to Saturday from 2AM to 6AM.<\/p>\n<h2>BY BUS<\/h2>\n<ul>\n<li>Lines 7, 36, 143, H14, H16, B23<\/li>\n<li>Times: from 6:30AM to 11:15PM (approx)<\/li>\n<\/ul>\n<h2>BY NIGHT BUS<\/h2>\n<ul>\n<li>Lines N6, N7<\/li>\n<li>Times: from 11PM to 6AM (approx)<\/li>\n<\/ul>\n<h2>BY TRAIN<\/h2>\n<p><strong>Renfe<\/strong> is Cru\u00eflla&#8217;s official train. Closest stations:<\/p>\n<ul>\n<li>Barcelona &#8211; El Clot Arag\u00f3<\/li>\n<li>Estaci\u00f3 de Fran\u00e7a<\/li>\n<li>Sant Adri\u00e0 de Bes\u00f2s<\/li>\n<li>Barcelona Sants: Barcelona&#8217;s main station, arrival of long-distance train<\/li>\n<\/ul>\n<h2>BY TRAM<\/h2>\n<p>Line T4. Station: F\u00f2rum.<\/p>\n<p>Times:<\/p>\n<ul>\n<li>Wednesday from 5 AM to 1 AM.<\/li>\n<li>Thursday from 5 AM from 2 AM.<\/li>\n<li>Friday and Saturday unlimited service.<\/li>\n<\/ul>\n<p><a href=\"http:\/\/www.tram.cat\/en\/\" target=\"_blank\" rel=\"noopener noreferrer\">www.tram.cat<\/a><\/p>\n<p>[\/efscolumn]<br \/>\n[efscolumn lg=&#8221;6&#8243; md=&#8221;6&#8243; smoff=&#8221;0&#8243; mdoff=&#8221;0&#8243; lgoff=&#8221;0&#8243; ]<\/p>\n<h2>BY BICING<\/h2>\n<p>Closet stations:<\/p>\n<ul>\n<li>160 Avda. d\u2019Eduard Maristany, 1\/ F\u00f2rum<\/li>\n<li>158 Rambla Prim, 1-9<\/li>\n<li>157 C\/ Llull, 396<\/li>\n<li>159 Avda. Diagonal, 26<\/li>\n<li>151 C\/ Pujades, 462<\/li>\n<li>147 Rambla Prim, 79<\/li>\n<li>156 Avda. Diagonal, 82<\/li>\n<\/ul>\n<p><a href=\"https:\/\/www.bicing.cat\/es\/\" target=\"_blank\" rel=\"noopener noreferrer\">www.bicing.cat<\/a><\/p>\n<h2>BY CAR<\/h2>\n<h3>By car from Tarragona:<\/h3>\n<p>Ronda Litoral, exit: Rambla Prim\/Diagonal Mar\/Port F\u00f2rum St. Adri\u00e0.<\/p>\n<h3>By car from Girona:<\/h3>\n<p>Ronda Litoral, exit: Rambla Prim.<br \/>\nContinue to the right towards: Sant R. Penyafort\/Sant Adri\u00e0\/Crist\u00f3bal de Moura<\/p>\n<h3>There are 3 indoor and outdoor parking areas near the F\u00f2rum:<\/h3>\n<p>1. B:SM Pla\u00e7a F\u00f2rum (Pla\u00e7a d\u2019Ernest Lluch i Mart\u00edn)<br \/>\n2. B:SM Garcia F\u00e0ria (c\/ Garcia F\u00e0ria, 1)<br \/>\n3. B:SM Gl\u00f2ries (Pla\u00e7a de les Gl\u00f2ries)<\/p>\n<p>[\/efscolumn]<br \/>\n[\/efsrow]<\/p>\n","protected":false},"excerpt":{"rendered":"<p>How to get there Parc del F\u00f2rum Moll de la Marina Seca Carrer De la Pau, 12. 08930, Sant Adri\u00e0 del Bes\u00f2s, Barcelona [efsrow] [efscolumn lg=&#8221;6&#8243; [&hellip;]<\/p>\n","protected":false},"author":2,"featured_media":57663,"parent":0,"menu_order":0,"comment_status":"closed","ping_status":"closed","template":"page-templates\/page-landing.php","meta":{"_acf_changed":false,"footnotes":""},"class_list":["post-58879","page","type-page","status-publish","has-post-thumbnail","hentry"],"acf":[],"yoast_head":"<!-- This site is optimized with the Yoast SEO plugin v27.5 - https:\/\/yoast.com\/product\/yoast-seo-wordpress\/ -->\n<title>How to get there - Festival Cru\u00eflla<\/title>\n<meta name=\"robots\" content=\"index, follow, max-snippet:-1, max-image-preview:large, max-video-preview:-1\" \/>\n<link rel=\"canonical\" href=\"https:\/\/www.cruillabarcelona.cat\/en\/how-to-get-there\/\" \/>\n<meta property=\"og:locale\" content=\"en_US\" \/>\n<meta property=\"og:type\" content=\"article\" \/>\n<meta property=\"og:title\" content=\"How to get there - Festival Cru\u00eflla\" \/>\n<meta property=\"og:description\" content=\"How to get there Parc del F\u00f2rum Moll de la Marina Seca Carrer De la Pau, 12. 08930, Sant Adri\u00e0 del Bes\u00f2s, Barcelona [efsrow] [efscolumn lg=&#8221;6&#8243; [&hellip;]\" \/>\n<meta property=\"og:url\" content=\"https:\/\/www.cruillabarcelona.cat\/en\/how-to-get-there\/\" \/>\n<meta property=\"og:site_name\" content=\"Festival Cru\u00eflla\" \/>\n<meta property=\"article:modified_time\" content=\"2025-06-04T09:08:24+00:00\" \/>\n<meta property=\"og:image\" content=\"https:\/\/www.cruillabarcelona.cat\/wp-content\/uploads\/2025\/05\/AMBIENT_DSC_2080_\u00a9Victor-Parreno-scaled.jpg\" \/>\n\t<meta property=\"og:image:width\" content=\"2560\" \/>\n\t<meta property=\"og:image:height\" content=\"1703\" \/>\n\t<meta property=\"og:image:type\" content=\"image\/jpeg\" \/>\n<meta name=\"twitter:card\" content=\"summary_large_image\" \/>\n<meta name=\"twitter:label1\" content=\"Est. reading time\" \/>\n\t<meta name=\"twitter:data1\" content=\"3 minutes\" \/>\n<script type=\"application\/ld+json\" class=\"yoast-schema-graph\">{\"@context\":\"https:\\\/\\\/schema.org\",\"@graph\":[{\"@type\":\"WebPage\",\"@id\":\"https:\\\/\\\/www.cruillabarcelona.cat\\\/en\\\/how-to-get-there\\\/\",\"url\":\"https:\\\/\\\/www.cruillabarcelona.cat\\\/en\\\/how-to-get-there\\\/\",\"name\":\"How to get there - Festival Cru\u00eflla\",\"isPartOf\":{\"@id\":\"https:\\\/\\\/www.cruillabarcelona.cat\\\/en\\\/#website\"},\"primaryImageOfPage\":{\"@id\":\"https:\\\/\\\/www.cruillabarcelona.cat\\\/en\\\/how-to-get-there\\\/#primaryimage\"},\"image\":{\"@id\":\"https:\\\/\\\/www.cruillabarcelona.cat\\\/en\\\/how-to-get-there\\\/#primaryimage\"},\"thumbnailUrl\":\"https:\\\/\\\/www.cruillabarcelona.cat\\\/wp-content\\\/uploads\\\/2025\\\/05\\\/AMBIENT_DSC_2080_\u00a9Victor-Parreno-scaled.jpg\",\"datePublished\":\"2025-06-04T09:01:50+00:00\",\"dateModified\":\"2025-06-04T09:08:24+00:00\",\"breadcrumb\":{\"@id\":\"https:\\\/\\\/www.cruillabarcelona.cat\\\/en\\\/how-to-get-there\\\/#breadcrumb\"},\"inLanguage\":\"en-US\",\"potentialAction\":[{\"@type\":\"ReadAction\",\"target\":[\"https:\\\/\\\/www.cruillabarcelona.cat\\\/en\\\/how-to-get-there\\\/\"]}]},{\"@type\":\"ImageObject\",\"inLanguage\":\"en-US\",\"@id\":\"https:\\\/\\\/www.cruillabarcelona.cat\\\/en\\\/how-to-get-there\\\/#primaryimage\",\"url\":\"https:\\\/\\\/www.cruillabarcelona.cat\\\/wp-content\\\/uploads\\\/2025\\\/05\\\/AMBIENT_DSC_2080_\u00a9Victor-Parreno-scaled.jpg\",\"contentUrl\":\"https:\\\/\\\/www.cruillabarcelona.cat\\\/wp-content\\\/uploads\\\/2025\\\/05\\\/AMBIENT_DSC_2080_\u00a9Victor-Parreno-scaled.jpg\",\"width\":2560,\"height\":1703,\"caption\":\"\u00a9 V\u00edctor Parre\u00f1o\"},{\"@type\":\"BreadcrumbList\",\"@id\":\"https:\\\/\\\/www.cruillabarcelona.cat\\\/en\\\/how-to-get-there\\\/#breadcrumb\",\"itemListElement\":[{\"@type\":\"ListItem\",\"position\":1,\"name\":\"Home\",\"item\":\"https:\\\/\\\/www.cruillabarcelona.cat\\\/en\\\/\"},{\"@type\":\"ListItem\",\"position\":2,\"name\":\"How to get there\"}]},{\"@type\":\"WebSite\",\"@id\":\"https:\\\/\\\/www.cruillabarcelona.cat\\\/en\\\/#website\",\"url\":\"https:\\\/\\\/www.cruillabarcelona.cat\\\/en\\\/\",\"name\":\"Festival Cru\u00eflla\",\"description\":\"\",\"publisher\":{\"@id\":\"https:\\\/\\\/www.cruillabarcelona.cat\\\/en\\\/#organization\"},\"potentialAction\":[{\"@type\":\"SearchAction\",\"target\":{\"@type\":\"EntryPoint\",\"urlTemplate\":\"https:\\\/\\\/www.cruillabarcelona.cat\\\/en\\\/?s={search_term_string}\"},\"query-input\":{\"@type\":\"PropertyValueSpecification\",\"valueRequired\":true,\"valueName\":\"search_term_string\"}}],\"inLanguage\":\"en-US\"},{\"@type\":\"Organization\",\"@id\":\"https:\\\/\\\/www.cruillabarcelona.cat\\\/en\\\/#organization\",\"name\":\"Festival Cru\u00eflla\",\"url\":\"https:\\\/\\\/www.cruillabarcelona.cat\\\/en\\\/\",\"logo\":{\"@type\":\"ImageObject\",\"inLanguage\":\"en-US\",\"@id\":\"https:\\\/\\\/www.cruillabarcelona.cat\\\/en\\\/#\\\/schema\\\/logo\\\/image\\\/\",\"url\":\"https:\\\/\\\/www.cruillabarcelona.cat\\\/wp-content\\\/uploads\\\/2025\\\/12\\\/cruill-logo-negativo.png\",\"contentUrl\":\"https:\\\/\\\/www.cruillabarcelona.cat\\\/wp-content\\\/uploads\\\/2025\\\/12\\\/cruill-logo-negativo.png\",\"width\":400,\"height\":101,\"caption\":\"Festival Cru\u00eflla\"},\"image\":{\"@id\":\"https:\\\/\\\/www.cruillabarcelona.cat\\\/en\\\/#\\\/schema\\\/logo\\\/image\\\/\"}}]}<\/script>\n<!-- \/ Yoast SEO plugin. -->","yoast_head_json":{"title":"How to get there - Festival Cru\u00eflla","robots":{"index":"index","follow":"follow","max-snippet":"max-snippet:-1","max-image-preview":"max-image-preview:large","max-video-preview":"max-video-preview:-1"},"canonical":"https:\/\/www.cruillabarcelona.cat\/en\/how-to-get-there\/","og_locale":"en_US","og_type":"article","og_title":"How to get there - Festival Cru\u00eflla","og_description":"How to get there Parc del F\u00f2rum Moll de la Marina Seca Carrer De la Pau, 12. 08930, Sant Adri\u00e0 del Bes\u00f2s, Barcelona [efsrow] [efscolumn lg=&#8221;6&#8243; [&hellip;]","og_url":"https:\/\/www.cruillabarcelona.cat\/en\/how-to-get-there\/","og_site_name":"Festival Cru\u00eflla","article_modified_time":"2025-06-04T09:08:24+00:00","og_image":[{"width":2560,"height":1703,"url":"https:\/\/www.cruillabarcelona.cat\/wp-content\/uploads\/2025\/05\/AMBIENT_DSC_2080_\u00a9Victor-Parreno-scaled.jpg","type":"image\/jpeg"}],"twitter_card":"summary_large_image","twitter_misc":{"Est. reading time":"3 minutes"},"schema":{"@context":"https:\/\/schema.org","@graph":[{"@type":"WebPage","@id":"https:\/\/www.cruillabarcelona.cat\/en\/how-to-get-there\/","url":"https:\/\/www.cruillabarcelona.cat\/en\/how-to-get-there\/","name":"How to get there - Festival Cru\u00eflla","isPartOf":{"@id":"https:\/\/www.cruillabarcelona.cat\/en\/#website"},"primaryImageOfPage":{"@id":"https:\/\/www.cruillabarcelona.cat\/en\/how-to-get-there\/#primaryimage"},"image":{"@id":"https:\/\/www.cruillabarcelona.cat\/en\/how-to-get-there\/#primaryimage"},"thumbnailUrl":"https:\/\/www.cruillabarcelona.cat\/wp-content\/uploads\/2025\/05\/AMBIENT_DSC_2080_\u00a9Victor-Parreno-scaled.jpg","datePublished":"2025-06-04T09:01:50+00:00","dateModified":"2025-06-04T09:08:24+00:00","breadcrumb":{"@id":"https:\/\/www.cruillabarcelona.cat\/en\/how-to-get-there\/#breadcrumb"},"inLanguage":"en-US","potentialAction":[{"@type":"ReadAction","target":["https:\/\/www.cruillabarcelona.cat\/en\/how-to-get-there\/"]}]},{"@type":"ImageObject","inLanguage":"en-US","@id":"https:\/\/www.cruillabarcelona.cat\/en\/how-to-get-there\/#primaryimage","url":"https:\/\/www.cruillabarcelona.cat\/wp-content\/uploads\/2025\/05\/AMBIENT_DSC_2080_\u00a9Victor-Parreno-scaled.jpg","contentUrl":"https:\/\/www.cruillabarcelona.cat\/wp-content\/uploads\/2025\/05\/AMBIENT_DSC_2080_\u00a9Victor-Parreno-scaled.jpg","width":2560,"height":1703,"caption":"\u00a9 V\u00edctor Parre\u00f1o"},{"@type":"BreadcrumbList","@id":"https:\/\/www.cruillabarcelona.cat\/en\/how-to-get-there\/#breadcrumb","itemListElement":[{"@type":"ListItem","position":1,"name":"Home","item":"https:\/\/www.cruillabarcelona.cat\/en\/"},{"@type":"ListItem","position":2,"name":"How to get there"}]},{"@type":"WebSite","@id":"https:\/\/www.cruillabarcelona.cat\/en\/#website","url":"https:\/\/www.cruillabarcelona.cat\/en\/","name":"Festival Cru\u00eflla","description":"","publisher":{"@id":"https:\/\/www.cruillabarcelona.cat\/en\/#organization"},"potentialAction":[{"@type":"SearchAction","target":{"@type":"EntryPoint","urlTemplate":"https:\/\/www.cruillabarcelona.cat\/en\/?s={search_term_string}"},"query-input":{"@type":"PropertyValueSpecification","valueRequired":true,"valueName":"search_term_string"}}],"inLanguage":"en-US"},{"@type":"Organization","@id":"https:\/\/www.cruillabarcelona.cat\/en\/#organization","name":"Festival Cru\u00eflla","url":"https:\/\/www.cruillabarcelona.cat\/en\/","logo":{"@type":"ImageObject","inLanguage":"en-US","@id":"https:\/\/www.cruillabarcelona.cat\/en\/#\/schema\/logo\/image\/","url":"https:\/\/www.cruillabarcelona.cat\/wp-content\/uploads\/2025\/12\/cruill-logo-negativo.png","contentUrl":"https:\/\/www.cruillabarcelona.cat\/wp-content\/uploads\/2025\/12\/cruill-logo-negativo.png","width":400,"height":101,"caption":"Festival Cru\u00eflla"},"image":{"@id":"https:\/\/www.cruillabarcelona.cat\/en\/#\/schema\/logo\/image\/"}}]}},"_links":{"self":[{"href":"https:\/\/www.cruillabarcelona.cat\/en\/wp-json\/wp\/v2\/pages\/58879","targetHints":{"allow":["GET"]}}],"collection":[{"href":"https:\/\/www.cruillabarcelona.cat\/en\/wp-json\/wp\/v2\/pages"}],"about":[{"href":"https:\/\/www.cruillabarcelona.cat\/en\/wp-json\/wp\/v2\/types\/page"}],"author":[{"embeddable":true,"href":"https:\/\/www.cruillabarcelona.cat\/en\/wp-json\/wp\/v2\/users\/2"}],"replies":[{"embeddable":true,"href":"https:\/\/www.cruillabarcelona.cat\/en\/wp-json\/wp\/v2\/comments?post=58879"}],"version-history":[{"count":2,"href":"https:\/\/www.cruillabarcelona.cat\/en\/wp-json\/wp\/v2\/pages\/58879\/revisions"}],"predecessor-version":[{"id":58882,"href":"https:\/\/www.cruillabarcelona.cat\/en\/wp-json\/wp\/v2\/pages\/58879\/revisions\/58882"}],"wp:featuredmedia":[{"embeddable":true,"href":"https:\/\/www.cruillabarcelona.cat\/en\/wp-json\/wp\/v2\/media\/57663"}],"wp:attachment":[{"href":"https:\/\/www.cruillabarcelona.cat\/en\/wp-json\/wp\/v2\/media?parent=58879"}],"curies":[{"name":"wp","href":"https:\/\/api.w.org\/{rel}","templated":true}]}}