{"id":59123,"date":"2025-06-04T13:35:43","date_gmt":"2025-06-04T11:35:43","guid":{"rendered":"https:\/\/www.cruillabarcelona.cat\/?page_id=59123"},"modified":"2025-07-03T11:20:14","modified_gmt":"2025-07-03T09:20:14","slug":"espai-transformat","status":"publish","type":"page","link":"https:\/\/www.cruillabarcelona.cat\/en\/espai-transformat\/","title":{"rendered":"Espai Transforma&#8217;t"},"content":{"rendered":"<h1 style=\"text-align: center;\"><span style=\"color: #a969b2;\">A meeting point for social change!<\/span><\/h1>\n<p>The Festival Cru\u00eflla is much more than a music festival: for many years other disciplines such as comedy, art, gastronomy or technological innovation are part of its program. A cultural program that aims to make us discover new things and enjoy like never before, but also to <strong>feed our critical spirit and contribute to improve the present and future of our society.<\/strong><\/p>\n<p>After being part of the Festival Cru\u00eflla for the first time in 2023, this July we will once again have the <strong>Espai Transforma&#8217;t<\/strong>, an area within the festival grounds that will become a meeting point for various organizations and NGOs committed to social change and that wants to <strong>raise awareness and motivate change to walk together towards a fairer world.<\/strong><\/p>\n<p>The fifteen groups that will participate will be coordinated by the <strong><a href=\"https:\/\/cooperaciocatalana.gencat.cat\/ca\/qui-som\/agencia_catalana_de_cooperacio_al_desenvolupament\/\">Ag\u00e8ncia Catalana de Cooperaci\u00f3 al Desenvolupament<\/a><\/strong>, a part of the Generalitat de Catalunya attached to the Department of External Action and European Union responsible for managing the policies of development cooperation and humanitarian action.<\/p>\n<p><img loading=\"lazy\" decoding=\"async\" class=\"aligncenter wp-image-51989 size-large\" src=\"https:\/\/www.cruillabarcelona.cat\/wp-content\/uploads\/2024\/03\/AMBIENT_230707_PhotoGiselaJane_GISJ6234-1-1024x682.jpg\" alt=\"\" width=\"900\" height=\"599\" srcset=\"https:\/\/www.cruillabarcelona.cat\/wp-content\/uploads\/2024\/03\/AMBIENT_230707_PhotoGiselaJane_GISJ6234-1-1024x682.jpg 1024w, https:\/\/www.cruillabarcelona.cat\/wp-content\/uploads\/2024\/03\/AMBIENT_230707_PhotoGiselaJane_GISJ6234-1-768x512.jpg 768w, https:\/\/www.cruillabarcelona.cat\/wp-content\/uploads\/2024\/03\/AMBIENT_230707_PhotoGiselaJane_GISJ6234-1-1536x1024.jpg 1536w, https:\/\/www.cruillabarcelona.cat\/wp-content\/uploads\/2024\/03\/AMBIENT_230707_PhotoGiselaJane_GISJ6234-1-300x200.jpg 300w, https:\/\/www.cruillabarcelona.cat\/wp-content\/uploads\/2024\/03\/AMBIENT_230707_PhotoGiselaJane_GISJ6234-1-1500x1000.jpg 1500w, https:\/\/www.cruillabarcelona.cat\/wp-content\/uploads\/2024\/03\/AMBIENT_230707_PhotoGiselaJane_GISJ6234-1.jpg 2030w\" sizes=\"auto, (max-width: 900px) 100vw, 900px\" \/><\/p>\n<h3>ESPAI TRANSFORMA&#8217;T AT THE FESTIVAL CRU\u00cfLLA 2025<\/h3>\n<p>The Espai Transforma&#8217;t, which can be visited <strong>the four days of the festival from the opening to 9 PM on Wednesday and to 11 PM on Thursday, Friday and Saturday<\/strong>, will be a space for reflection on the main inequalities and injustices that shake the world today and on the structural causes that provoke them.<\/p>\n<p>This year there will be <strong>15<\/strong> organizations that, through a dynamic and diverse program, will invite the festival audience to reflect and take active roles in the construction of peaceful, equitable and sustainable societies, both locally and globally.<\/p>\n<p>The <strong>Espai Transforma&#8217;t<\/strong> will be divided into the five sections \u201cCompr\u00e8n El M\u00f3n\u201d, \u201cMobilitza&#8217;t\u201d, \u201cSuma&#8217;t Al Comer\u00e7 Just\u201d, \u201cSolidaritza&#8217;t Amb Les Crisis Humanit\u00e0ries\u201d and \u201cCuidem-Nos Per Transformar\u201d and will feature a dynamic cultural program with various activations organized by the collaborating entities where they can play, reflect and awaken their critical spirit on issues such as gender, peace, human rights or the climate crisis.<\/p>\n<p><img loading=\"lazy\" decoding=\"async\" class=\"aligncenter wp-image-51995 size-large\" src=\"https:\/\/www.cruillabarcelona.cat\/wp-content\/uploads\/2024\/03\/AMBIENT_230707_PhotoGiselaJane_GISJ6269-1-1-1024x683.jpg\" alt=\"\" width=\"900\" height=\"600\" srcset=\"https:\/\/www.cruillabarcelona.cat\/wp-content\/uploads\/2024\/03\/AMBIENT_230707_PhotoGiselaJane_GISJ6269-1-1-1024x683.jpg 1024w, https:\/\/www.cruillabarcelona.cat\/wp-content\/uploads\/2024\/03\/AMBIENT_230707_PhotoGiselaJane_GISJ6269-1-1-768x512.jpg 768w, https:\/\/www.cruillabarcelona.cat\/wp-content\/uploads\/2024\/03\/AMBIENT_230707_PhotoGiselaJane_GISJ6269-1-1-1536x1024.jpg 1536w, https:\/\/www.cruillabarcelona.cat\/wp-content\/uploads\/2024\/03\/AMBIENT_230707_PhotoGiselaJane_GISJ6269-1-1-300x200.jpg 300w, https:\/\/www.cruillabarcelona.cat\/wp-content\/uploads\/2024\/03\/AMBIENT_230707_PhotoGiselaJane_GISJ6269-1-1-1500x1000.jpg 1500w, https:\/\/www.cruillabarcelona.cat\/wp-content\/uploads\/2024\/03\/AMBIENT_230707_PhotoGiselaJane_GISJ6269-1-1.jpg 1785w\" sizes=\"auto, (max-width: 900px) 100vw, 900px\" \/><\/p>\n<h3>TWO PHOTOGRAPHIC EXHIBITIONS<\/h3>\n<p>In addition, in this area there will also be two inspiring and impactful photography exhibitions. On the one hand, we will be able to enjoy <em>Primary Ocean<\/em>, a research, awareness and advocacy project on environmental justice and the climate crisis in the ocean presented by <a href=\"https:\/\/www.ruidophoto.com\/es\/\"><strong>Ruido Photo<\/strong><\/a> in collaboration with the <strong>Institute of Marine Sciences.<\/strong><\/p>\n<p>On the other hand, we will also be able to see <em>Activistes per la vida<\/em>, a proposal executed by photographer Gervasio S\u00e1nchez and the <a href=\"https:\/\/www.entrepobles.org\/\"><strong>Entrepueblos<\/strong><\/a> association that seeks to give visibility to human rights and nature defenders and their struggles, focusing on Guatemala and Honduras.<\/p>\n<p><img loading=\"lazy\" decoding=\"async\" class=\"aligncenter wp-image-51992 size-large\" src=\"https:\/\/www.cruillabarcelona.cat\/wp-content\/uploads\/2024\/03\/AMBIENT_230707_PhotoGiselaJane_GISJ6276-1-1024x683.jpg\" alt=\"\" width=\"900\" height=\"600\" srcset=\"https:\/\/www.cruillabarcelona.cat\/wp-content\/uploads\/2024\/03\/AMBIENT_230707_PhotoGiselaJane_GISJ6276-1-1024x683.jpg 1024w, https:\/\/www.cruillabarcelona.cat\/wp-content\/uploads\/2024\/03\/AMBIENT_230707_PhotoGiselaJane_GISJ6276-1-768x512.jpg 768w, https:\/\/www.cruillabarcelona.cat\/wp-content\/uploads\/2024\/03\/AMBIENT_230707_PhotoGiselaJane_GISJ6276-1-1536x1024.jpg 1536w, https:\/\/www.cruillabarcelona.cat\/wp-content\/uploads\/2024\/03\/AMBIENT_230707_PhotoGiselaJane_GISJ6276-1-300x200.jpg 300w, https:\/\/www.cruillabarcelona.cat\/wp-content\/uploads\/2024\/03\/AMBIENT_230707_PhotoGiselaJane_GISJ6276-1-1500x1000.jpg 1500w, https:\/\/www.cruillabarcelona.cat\/wp-content\/uploads\/2024\/03\/AMBIENT_230707_PhotoGiselaJane_GISJ6276-1.jpg 1764w\" sizes=\"auto, (max-width: 900px) 100vw, 900px\" \/><\/p>\n<h3>MORE THAN A DOZEN ORGANIZATIONS<\/h3>\n<p>Some of the organizations that will be part of the event are the <a href=\"https:\/\/lassociacio.org\/\"><strong>Associaci\u00f3 pels Drets Sexuals i Reproductius<\/strong><\/a>, which ensures the promotion, defense, claim and real guarantee of Sexual and Reproductive Rights, or the <a href=\"https:\/\/www.violenciadegenere.org\/\"><strong>Plataforma Unit\u00e0ria Contra les viol\u00e8ncies de g\u00e8nere<\/strong><\/a>, which promotes and supports the whole social movement that fights for the rights and freedom of women, two organizations that fight to eradicate male violence.<\/p>\n<p>There will also be the ONGD <a href=\"https:\/\/boscoglobal.org\/\"><strong>Bosco Global<\/strong><\/a>, which works for a fairer, more equitable and sustainable world through education and that repeats one more year in the Espai Transforma&#8217;t, as well as <a href=\"https:\/\/lacoordi.cat\/\"><strong>La Coordi<\/strong><\/a>, a second degree organization whose main objective is to articulate Fair Trade within the framework of the Solidarity Economy, which will repeat one more year in this space.<\/p>\n<p>The humanitarian organizations <a href=\"http:\/\/Metges Sense Fronteres\"><strong>Metges Sense Fronteres<\/strong><\/a>, which provides aid to victims of natural or human disasters and armed conflicts, and the <a href=\"https:\/\/www.cruzroja.es\/principal\/web\/barcelona\"><strong>Spanish Red Cross<\/strong><\/a> in Catalonia, a public interest institution that works for human and community development, will be other organizations that will be involved in the dynamization of the space.<\/p>\n<p>The Espai Transforma&#8217;t will also feature activations by the organizations <a href=\"https:\/\/www.mpdl.org\/\"><strong>Moviment per la Pau (MPDL)<\/strong><\/a>, which fights for peace and the care of people and the planet, and the <a href=\"https:\/\/www.ccoo.cat\/cooperacio\/\"><strong>Fundaci\u00f3 Pau i Solidaritat<\/strong><\/a>, which also works for the defense of human and labor rights around the world.<\/p>\n<p>There will also be the <a href=\"https:\/\/www.bancsang.net\/ca\/\"><strong>Blood and Tissue Bank<\/strong><\/a>, which will return to the festival after last year&#8217;s success -with a record 116 bone marrow donors in just two days-, with a space dedicated to adding new donors, and the <a href=\"https:\/\/www.pssjd.org\/\"><strong>Sant Joan de Deu Health Park<\/strong><\/a>, which will present some of the same therapies designed to generate changes in mental health and their relationships with others.<\/p>\n<p>The <a href=\"https:\/\/www.ccar.cat\/\"><strong>Comissi\u00f3 Catalana d&#8217;Acci\u00f3 pel Refugi<\/strong><\/a>, which defends the right to asylum and the rights of refugees and\/or migrants who are in a situation of special vulnerability, and the <a href=\"https:\/\/www.recercasantpau.cat\/\"><strong>Institut de Recerca Sant Pau<\/strong><\/a>, which works to contribute to improving the health and quality of life of people through the production and dissemination of scientific knowledge, among other things, will also be present.<\/p>\n<p>Finally, we will also have <a href=\"https:\/\/pallapupas.org\/es\/\"><strong>Pallapupas<\/strong><\/a>, the organization that is responsible for humanizing hospitals and accompanying, with humor and joy, children and adults who live through disease processes. In addition, they will be the recipients of this year&#8217;s donations of tickets and cashless wristbands.<\/p>\n","protected":false},"excerpt":{"rendered":"<p>A meeting point for social change! The Festival Cru\u00eflla is much more than a music festival: for many years other disciplines such as comedy, art, gastronomy [&hellip;]<\/p>\n","protected":false},"author":2,"featured_media":49680,"parent":0,"menu_order":0,"comment_status":"closed","ping_status":"closed","template":"page-templates\/page-landing.php","meta":{"_acf_changed":false,"footnotes":""},"class_list":["post-59123","page","type-page","status-publish","has-post-thumbnail","hentry"],"acf":[],"yoast_head":"<!-- This site is optimized with the Yoast SEO plugin v27.3 - https:\/\/yoast.com\/product\/yoast-seo-wordpress\/ -->\n<title>Espai Transforma&#039;t - Festival Cru\u00eflla<\/title>\n<meta name=\"robots\" content=\"index, follow, max-snippet:-1, max-image-preview:large, max-video-preview:-1\" \/>\n<link rel=\"canonical\" href=\"https:\/\/www.cruillabarcelona.cat\/en\/espai-transformat\/\" \/>\n<meta property=\"og:locale\" content=\"en_US\" \/>\n<meta property=\"og:type\" content=\"article\" \/>\n<meta property=\"og:title\" content=\"Espai Transforma&#039;t - Festival Cru\u00eflla\" \/>\n<meta property=\"og:description\" content=\"A meeting point for social change! The Festival Cru\u00eflla is much more than a music festival: for many years other disciplines such as comedy, art, gastronomy [&hellip;]\" \/>\n<meta property=\"og:url\" content=\"https:\/\/www.cruillabarcelona.cat\/en\/espai-transformat\/\" \/>\n<meta property=\"og:site_name\" content=\"Festival Cru\u00eflla\" \/>\n<meta property=\"article:modified_time\" content=\"2025-07-03T09:20:14+00:00\" \/>\n<meta property=\"og:image\" content=\"https:\/\/www.cruillabarcelona.cat\/wp-content\/uploads\/2023\/06\/Copia-de-2022-07-09-AMBIENT__DSC0513_Foto\u00a9VictorParreno-scaled.jpg\" \/>\n\t<meta property=\"og:image:width\" content=\"2560\" \/>\n\t<meta property=\"og:image:height\" content=\"1709\" \/>\n\t<meta property=\"og:image:type\" content=\"image\/jpeg\" \/>\n<meta name=\"twitter:card\" content=\"summary_large_image\" \/>\n<meta name=\"twitter:label1\" content=\"Est. reading time\" \/>\n\t<meta name=\"twitter:data1\" content=\"6 minutes\" \/>\n<script type=\"application\/ld+json\" class=\"yoast-schema-graph\">{\"@context\":\"https:\\\/\\\/schema.org\",\"@graph\":[{\"@type\":\"WebPage\",\"@id\":\"https:\\\/\\\/www.cruillabarcelona.cat\\\/en\\\/espai-transformat\\\/\",\"url\":\"https:\\\/\\\/www.cruillabarcelona.cat\\\/en\\\/espai-transformat\\\/\",\"name\":\"Espai Transforma't - Festival Cru\u00eflla\",\"isPartOf\":{\"@id\":\"https:\\\/\\\/www.cruillabarcelona.cat\\\/en\\\/#website\"},\"primaryImageOfPage\":{\"@id\":\"https:\\\/\\\/www.cruillabarcelona.cat\\\/en\\\/espai-transformat\\\/#primaryimage\"},\"image\":{\"@id\":\"https:\\\/\\\/www.cruillabarcelona.cat\\\/en\\\/espai-transformat\\\/#primaryimage\"},\"thumbnailUrl\":\"https:\\\/\\\/www.cruillabarcelona.cat\\\/wp-content\\\/uploads\\\/2023\\\/06\\\/Copia-de-2022-07-09-AMBIENT__DSC0513_Foto\u00a9VictorParreno-scaled.jpg\",\"datePublished\":\"2025-06-04T11:35:43+00:00\",\"dateModified\":\"2025-07-03T09:20:14+00:00\",\"breadcrumb\":{\"@id\":\"https:\\\/\\\/www.cruillabarcelona.cat\\\/en\\\/espai-transformat\\\/#breadcrumb\"},\"inLanguage\":\"en-US\",\"potentialAction\":[{\"@type\":\"ReadAction\",\"target\":[\"https:\\\/\\\/www.cruillabarcelona.cat\\\/en\\\/espai-transformat\\\/\"]}]},{\"@type\":\"ImageObject\",\"inLanguage\":\"en-US\",\"@id\":\"https:\\\/\\\/www.cruillabarcelona.cat\\\/en\\\/espai-transformat\\\/#primaryimage\",\"url\":\"https:\\\/\\\/www.cruillabarcelona.cat\\\/wp-content\\\/uploads\\\/2023\\\/06\\\/Copia-de-2022-07-09-AMBIENT__DSC0513_Foto\u00a9VictorParreno-scaled.jpg\",\"contentUrl\":\"https:\\\/\\\/www.cruillabarcelona.cat\\\/wp-content\\\/uploads\\\/2023\\\/06\\\/Copia-de-2022-07-09-AMBIENT__DSC0513_Foto\u00a9VictorParreno-scaled.jpg\",\"width\":2560,\"height\":1709},{\"@type\":\"BreadcrumbList\",\"@id\":\"https:\\\/\\\/www.cruillabarcelona.cat\\\/en\\\/espai-transformat\\\/#breadcrumb\",\"itemListElement\":[{\"@type\":\"ListItem\",\"position\":1,\"name\":\"Home\",\"item\":\"https:\\\/\\\/www.cruillabarcelona.cat\\\/en\\\/\"},{\"@type\":\"ListItem\",\"position\":2,\"name\":\"Espai Transforma&#8217;t\"}]},{\"@type\":\"WebSite\",\"@id\":\"https:\\\/\\\/www.cruillabarcelona.cat\\\/en\\\/#website\",\"url\":\"https:\\\/\\\/www.cruillabarcelona.cat\\\/en\\\/\",\"name\":\"Festival Cru\u00eflla\",\"description\":\"\",\"publisher\":{\"@id\":\"https:\\\/\\\/www.cruillabarcelona.cat\\\/en\\\/#organization\"},\"potentialAction\":[{\"@type\":\"SearchAction\",\"target\":{\"@type\":\"EntryPoint\",\"urlTemplate\":\"https:\\\/\\\/www.cruillabarcelona.cat\\\/en\\\/?s={search_term_string}\"},\"query-input\":{\"@type\":\"PropertyValueSpecification\",\"valueRequired\":true,\"valueName\":\"search_term_string\"}}],\"inLanguage\":\"en-US\"},{\"@type\":\"Organization\",\"@id\":\"https:\\\/\\\/www.cruillabarcelona.cat\\\/en\\\/#organization\",\"name\":\"Festival Cru\u00eflla\",\"url\":\"https:\\\/\\\/www.cruillabarcelona.cat\\\/en\\\/\",\"logo\":{\"@type\":\"ImageObject\",\"inLanguage\":\"en-US\",\"@id\":\"https:\\\/\\\/www.cruillabarcelona.cat\\\/en\\\/#\\\/schema\\\/logo\\\/image\\\/\",\"url\":\"https:\\\/\\\/www.cruillabarcelona.cat\\\/wp-content\\\/uploads\\\/2025\\\/12\\\/cruill-logo-negativo.png\",\"contentUrl\":\"https:\\\/\\\/www.cruillabarcelona.cat\\\/wp-content\\\/uploads\\\/2025\\\/12\\\/cruill-logo-negativo.png\",\"width\":400,\"height\":101,\"caption\":\"Festival Cru\u00eflla\"},\"image\":{\"@id\":\"https:\\\/\\\/www.cruillabarcelona.cat\\\/en\\\/#\\\/schema\\\/logo\\\/image\\\/\"}}]}<\/script>\n<!-- \/ Yoast SEO plugin. -->","yoast_head_json":{"title":"Espai Transforma't - Festival Cru\u00eflla","robots":{"index":"index","follow":"follow","max-snippet":"max-snippet:-1","max-image-preview":"max-image-preview:large","max-video-preview":"max-video-preview:-1"},"canonical":"https:\/\/www.cruillabarcelona.cat\/en\/espai-transformat\/","og_locale":"en_US","og_type":"article","og_title":"Espai Transforma't - Festival Cru\u00eflla","og_description":"A meeting point for social change! The Festival Cru\u00eflla is much more than a music festival: for many years other disciplines such as comedy, art, gastronomy [&hellip;]","og_url":"https:\/\/www.cruillabarcelona.cat\/en\/espai-transformat\/","og_site_name":"Festival Cru\u00eflla","article_modified_time":"2025-07-03T09:20:14+00:00","og_image":[{"width":2560,"height":1709,"url":"https:\/\/www.cruillabarcelona.cat\/wp-content\/uploads\/2023\/06\/Copia-de-2022-07-09-AMBIENT__DSC0513_Foto\u00a9VictorParreno-scaled.jpg","type":"image\/jpeg"}],"twitter_card":"summary_large_image","twitter_misc":{"Est. reading time":"6 minutes"},"schema":{"@context":"https:\/\/schema.org","@graph":[{"@type":"WebPage","@id":"https:\/\/www.cruillabarcelona.cat\/en\/espai-transformat\/","url":"https:\/\/www.cruillabarcelona.cat\/en\/espai-transformat\/","name":"Espai Transforma't - Festival Cru\u00eflla","isPartOf":{"@id":"https:\/\/www.cruillabarcelona.cat\/en\/#website"},"primaryImageOfPage":{"@id":"https:\/\/www.cruillabarcelona.cat\/en\/espai-transformat\/#primaryimage"},"image":{"@id":"https:\/\/www.cruillabarcelona.cat\/en\/espai-transformat\/#primaryimage"},"thumbnailUrl":"https:\/\/www.cruillabarcelona.cat\/wp-content\/uploads\/2023\/06\/Copia-de-2022-07-09-AMBIENT__DSC0513_Foto\u00a9VictorParreno-scaled.jpg","datePublished":"2025-06-04T11:35:43+00:00","dateModified":"2025-07-03T09:20:14+00:00","breadcrumb":{"@id":"https:\/\/www.cruillabarcelona.cat\/en\/espai-transformat\/#breadcrumb"},"inLanguage":"en-US","potentialAction":[{"@type":"ReadAction","target":["https:\/\/www.cruillabarcelona.cat\/en\/espai-transformat\/"]}]},{"@type":"ImageObject","inLanguage":"en-US","@id":"https:\/\/www.cruillabarcelona.cat\/en\/espai-transformat\/#primaryimage","url":"https:\/\/www.cruillabarcelona.cat\/wp-content\/uploads\/2023\/06\/Copia-de-2022-07-09-AMBIENT__DSC0513_Foto\u00a9VictorParreno-scaled.jpg","contentUrl":"https:\/\/www.cruillabarcelona.cat\/wp-content\/uploads\/2023\/06\/Copia-de-2022-07-09-AMBIENT__DSC0513_Foto\u00a9VictorParreno-scaled.jpg","width":2560,"height":1709},{"@type":"BreadcrumbList","@id":"https:\/\/www.cruillabarcelona.cat\/en\/espai-transformat\/#breadcrumb","itemListElement":[{"@type":"ListItem","position":1,"name":"Home","item":"https:\/\/www.cruillabarcelona.cat\/en\/"},{"@type":"ListItem","position":2,"name":"Espai Transforma&#8217;t"}]},{"@type":"WebSite","@id":"https:\/\/www.cruillabarcelona.cat\/en\/#website","url":"https:\/\/www.cruillabarcelona.cat\/en\/","name":"Festival Cru\u00eflla","description":"","publisher":{"@id":"https:\/\/www.cruillabarcelona.cat\/en\/#organization"},"potentialAction":[{"@type":"SearchAction","target":{"@type":"EntryPoint","urlTemplate":"https:\/\/www.cruillabarcelona.cat\/en\/?s={search_term_string}"},"query-input":{"@type":"PropertyValueSpecification","valueRequired":true,"valueName":"search_term_string"}}],"inLanguage":"en-US"},{"@type":"Organization","@id":"https:\/\/www.cruillabarcelona.cat\/en\/#organization","name":"Festival Cru\u00eflla","url":"https:\/\/www.cruillabarcelona.cat\/en\/","logo":{"@type":"ImageObject","inLanguage":"en-US","@id":"https:\/\/www.cruillabarcelona.cat\/en\/#\/schema\/logo\/image\/","url":"https:\/\/www.cruillabarcelona.cat\/wp-content\/uploads\/2025\/12\/cruill-logo-negativo.png","contentUrl":"https:\/\/www.cruillabarcelona.cat\/wp-content\/uploads\/2025\/12\/cruill-logo-negativo.png","width":400,"height":101,"caption":"Festival Cru\u00eflla"},"image":{"@id":"https:\/\/www.cruillabarcelona.cat\/en\/#\/schema\/logo\/image\/"}}]}},"_links":{"self":[{"href":"https:\/\/www.cruillabarcelona.cat\/en\/wp-json\/wp\/v2\/pages\/59123","targetHints":{"allow":["GET"]}}],"collection":[{"href":"https:\/\/www.cruillabarcelona.cat\/en\/wp-json\/wp\/v2\/pages"}],"about":[{"href":"https:\/\/www.cruillabarcelona.cat\/en\/wp-json\/wp\/v2\/types\/page"}],"author":[{"embeddable":true,"href":"https:\/\/www.cruillabarcelona.cat\/en\/wp-json\/wp\/v2\/users\/2"}],"replies":[{"embeddable":true,"href":"https:\/\/www.cruillabarcelona.cat\/en\/wp-json\/wp\/v2\/comments?post=59123"}],"version-history":[{"count":5,"href":"https:\/\/www.cruillabarcelona.cat\/en\/wp-json\/wp\/v2\/pages\/59123\/revisions"}],"predecessor-version":[{"id":59946,"href":"https:\/\/www.cruillabarcelona.cat\/en\/wp-json\/wp\/v2\/pages\/59123\/revisions\/59946"}],"wp:featuredmedia":[{"embeddable":true,"href":"https:\/\/www.cruillabarcelona.cat\/en\/wp-json\/wp\/v2\/media\/49680"}],"wp:attachment":[{"href":"https:\/\/www.cruillabarcelona.cat\/en\/wp-json\/wp\/v2\/media?parent=59123"}],"curies":[{"name":"wp","href":"https:\/\/api.w.org\/{rel}","templated":true}]}}