{"id":59333,"date":"2025-06-04T18:18:48","date_gmt":"2025-06-04T16:18:48","guid":{"rendered":"https:\/\/www.cruillabarcelona.cat\/batalles\/"},"modified":"2025-07-29T11:39:26","modified_gmt":"2025-07-29T09:39:26","slug":"batalles","status":"publish","type":"page","link":"https:\/\/www.cruillabarcelona.cat\/en\/batalles\/","title":{"rendered":"Batalles"},"content":{"rendered":"<p data-start=\"54\" data-end=\"203\">For the first time at Cru\u00eflla, dance took over the Parc del F\u00f2rum, and one of the boldest highlights that year came in the form of freestyle battles:<\/p>\n<h3 data-start=\"205\" data-end=\"227\">Round Robin Battle<\/h3>\n<p data-start=\"229\" data-end=\"460\">Eight top-level dancers went head-to-head in an intense stage showdown that tested their style, musicality, and creativity. The participants faced a rule-free stage, where every move was a response, a provocation, or pure instinct.<\/p>\n<p data-start=\"462\" data-end=\"806\">Under the expert judgment of Ruth Prim and Shyno, and fueled by the unmatched energy of Yuk from Brodas Bros on the mic as MC, OULOUY \u201cENFANTDESBOIS,\u201d MARINA MOLINA, BLAZE \u201cSHINY SHAZAM,\u201d NAHIEL DOMENECH, GUEST \u201c?,\u201d PITU \u201cPITROLO,\u201d AMIR, and ANDREA LATORRE competed to prove who deserved to be crowned winner of this thrilling clash of talents.<\/p>\n<h3 data-start=\"808\" data-end=\"831\">Experimental Battle<\/h3>\n<p data-start=\"833\" data-end=\"1068\">Next, the Experimental Battle featured another eight dancers\u2014accompanied by live musicians Guiliam Sons, Montes Turquesa, and French artist CJMS\u2014in a celebration of free movement, sound as space, and art as a genuine act of connection.<\/p>\n<p data-start=\"1070\" data-end=\"1267\">The audience witnessed a living, breathing experience where improvisation became poetic language. With no fixed rules, it was pure expression\u2014every move a response, a provocation, or raw intuition.<\/p>\n<p data-start=\"1269\" data-end=\"1420\">TULIO, JENNY, MARINA MOLINA, MARINA PRAVKINA, SKYCHIEF, ROY, OULOUY, and PEP led a night filled with tension, creativity, and authentic stage presence.<\/p>\n<p data-start=\"1422\" data-end=\"1581\" data-is-last-node=\"\" data-is-only-node=\"\">The delicate balance between technique, presence, and storytelling was assessed by expert judge Ruth Prim, while MC YUK brought voice and rhythm to the action.<\/p>\n","protected":false},"excerpt":{"rendered":"<p>For the first time at Cru\u00eflla, dance took over the Parc del F\u00f2rum, and one of the boldest highlights that year came in the form of [&hellip;]<\/p>\n","protected":false},"author":2,"featured_media":59229,"parent":0,"menu_order":0,"comment_status":"closed","ping_status":"closed","template":"page-templates\/page-landing.php","meta":{"_acf_changed":false,"footnotes":""},"class_list":["post-59333","page","type-page","status-publish","has-post-thumbnail","hentry"],"acf":[],"yoast_head":"<!-- This site is optimized with the Yoast SEO plugin v27.3 - https:\/\/yoast.com\/product\/yoast-seo-wordpress\/ -->\n<title>Batalles - Festival Cru\u00eflla<\/title>\n<meta name=\"robots\" content=\"index, follow, max-snippet:-1, max-image-preview:large, max-video-preview:-1\" \/>\n<link rel=\"canonical\" href=\"https:\/\/www.cruillabarcelona.cat\/en\/batalles\/\" \/>\n<meta property=\"og:locale\" content=\"en_US\" \/>\n<meta property=\"og:type\" content=\"article\" \/>\n<meta property=\"og:title\" content=\"Batalles - Festival Cru\u00eflla\" \/>\n<meta property=\"og:description\" content=\"For the first time at Cru\u00eflla, dance took over the Parc del F\u00f2rum, and one of the boldest highlights that year came in the form of [&hellip;]\" \/>\n<meta property=\"og:url\" content=\"https:\/\/www.cruillabarcelona.cat\/en\/batalles\/\" \/>\n<meta property=\"og:site_name\" content=\"Festival Cru\u00eflla\" \/>\n<meta property=\"article:modified_time\" content=\"2025-07-29T09:39:26+00:00\" \/>\n<meta property=\"og:image\" content=\"https:\/\/www.cruillabarcelona.cat\/wp-content\/uploads\/2025\/06\/pexels-mikez-12312-scaled.jpg\" \/>\n\t<meta property=\"og:image:width\" content=\"2560\" \/>\n\t<meta property=\"og:image:height\" content=\"1707\" \/>\n\t<meta property=\"og:image:type\" content=\"image\/jpeg\" \/>\n<meta name=\"twitter:card\" content=\"summary_large_image\" \/>\n<meta name=\"twitter:label1\" content=\"Est. reading time\" \/>\n\t<meta name=\"twitter:data1\" content=\"2 minutes\" \/>\n<script type=\"application\/ld+json\" class=\"yoast-schema-graph\">{\"@context\":\"https:\\\/\\\/schema.org\",\"@graph\":[{\"@type\":\"WebPage\",\"@id\":\"https:\\\/\\\/www.cruillabarcelona.cat\\\/en\\\/batalles\\\/\",\"url\":\"https:\\\/\\\/www.cruillabarcelona.cat\\\/en\\\/batalles\\\/\",\"name\":\"Batalles - Festival Cru\u00eflla\",\"isPartOf\":{\"@id\":\"https:\\\/\\\/www.cruillabarcelona.cat\\\/en\\\/#website\"},\"primaryImageOfPage\":{\"@id\":\"https:\\\/\\\/www.cruillabarcelona.cat\\\/en\\\/batalles\\\/#primaryimage\"},\"image\":{\"@id\":\"https:\\\/\\\/www.cruillabarcelona.cat\\\/en\\\/batalles\\\/#primaryimage\"},\"thumbnailUrl\":\"https:\\\/\\\/www.cruillabarcelona.cat\\\/wp-content\\\/uploads\\\/2025\\\/06\\\/pexels-mikez-12312-scaled.jpg\",\"datePublished\":\"2025-06-04T16:18:48+00:00\",\"dateModified\":\"2025-07-29T09:39:26+00:00\",\"breadcrumb\":{\"@id\":\"https:\\\/\\\/www.cruillabarcelona.cat\\\/en\\\/batalles\\\/#breadcrumb\"},\"inLanguage\":\"en-US\",\"potentialAction\":[{\"@type\":\"ReadAction\",\"target\":[\"https:\\\/\\\/www.cruillabarcelona.cat\\\/en\\\/batalles\\\/\"]}]},{\"@type\":\"ImageObject\",\"inLanguage\":\"en-US\",\"@id\":\"https:\\\/\\\/www.cruillabarcelona.cat\\\/en\\\/batalles\\\/#primaryimage\",\"url\":\"https:\\\/\\\/www.cruillabarcelona.cat\\\/wp-content\\\/uploads\\\/2025\\\/06\\\/pexels-mikez-12312-scaled.jpg\",\"contentUrl\":\"https:\\\/\\\/www.cruillabarcelona.cat\\\/wp-content\\\/uploads\\\/2025\\\/06\\\/pexels-mikez-12312-scaled.jpg\",\"width\":2560,\"height\":1707},{\"@type\":\"BreadcrumbList\",\"@id\":\"https:\\\/\\\/www.cruillabarcelona.cat\\\/en\\\/batalles\\\/#breadcrumb\",\"itemListElement\":[{\"@type\":\"ListItem\",\"position\":1,\"name\":\"Home\",\"item\":\"https:\\\/\\\/www.cruillabarcelona.cat\\\/en\\\/\"},{\"@type\":\"ListItem\",\"position\":2,\"name\":\"Batalles\"}]},{\"@type\":\"WebSite\",\"@id\":\"https:\\\/\\\/www.cruillabarcelona.cat\\\/en\\\/#website\",\"url\":\"https:\\\/\\\/www.cruillabarcelona.cat\\\/en\\\/\",\"name\":\"Festival Cru\u00eflla\",\"description\":\"\",\"publisher\":{\"@id\":\"https:\\\/\\\/www.cruillabarcelona.cat\\\/en\\\/#organization\"},\"potentialAction\":[{\"@type\":\"SearchAction\",\"target\":{\"@type\":\"EntryPoint\",\"urlTemplate\":\"https:\\\/\\\/www.cruillabarcelona.cat\\\/en\\\/?s={search_term_string}\"},\"query-input\":{\"@type\":\"PropertyValueSpecification\",\"valueRequired\":true,\"valueName\":\"search_term_string\"}}],\"inLanguage\":\"en-US\"},{\"@type\":\"Organization\",\"@id\":\"https:\\\/\\\/www.cruillabarcelona.cat\\\/en\\\/#organization\",\"name\":\"Festival Cru\u00eflla\",\"url\":\"https:\\\/\\\/www.cruillabarcelona.cat\\\/en\\\/\",\"logo\":{\"@type\":\"ImageObject\",\"inLanguage\":\"en-US\",\"@id\":\"https:\\\/\\\/www.cruillabarcelona.cat\\\/en\\\/#\\\/schema\\\/logo\\\/image\\\/\",\"url\":\"https:\\\/\\\/www.cruillabarcelona.cat\\\/wp-content\\\/uploads\\\/2025\\\/12\\\/cruill-logo-negativo.png\",\"contentUrl\":\"https:\\\/\\\/www.cruillabarcelona.cat\\\/wp-content\\\/uploads\\\/2025\\\/12\\\/cruill-logo-negativo.png\",\"width\":400,\"height\":101,\"caption\":\"Festival Cru\u00eflla\"},\"image\":{\"@id\":\"https:\\\/\\\/www.cruillabarcelona.cat\\\/en\\\/#\\\/schema\\\/logo\\\/image\\\/\"}}]}<\/script>\n<!-- \/ Yoast SEO plugin. -->","yoast_head_json":{"title":"Batalles - Festival Cru\u00eflla","robots":{"index":"index","follow":"follow","max-snippet":"max-snippet:-1","max-image-preview":"max-image-preview:large","max-video-preview":"max-video-preview:-1"},"canonical":"https:\/\/www.cruillabarcelona.cat\/en\/batalles\/","og_locale":"en_US","og_type":"article","og_title":"Batalles - Festival Cru\u00eflla","og_description":"For the first time at Cru\u00eflla, dance took over the Parc del F\u00f2rum, and one of the boldest highlights that year came in the form of [&hellip;]","og_url":"https:\/\/www.cruillabarcelona.cat\/en\/batalles\/","og_site_name":"Festival Cru\u00eflla","article_modified_time":"2025-07-29T09:39:26+00:00","og_image":[{"width":2560,"height":1707,"url":"https:\/\/www.cruillabarcelona.cat\/wp-content\/uploads\/2025\/06\/pexels-mikez-12312-scaled.jpg","type":"image\/jpeg"}],"twitter_card":"summary_large_image","twitter_misc":{"Est. reading time":"2 minutes"},"schema":{"@context":"https:\/\/schema.org","@graph":[{"@type":"WebPage","@id":"https:\/\/www.cruillabarcelona.cat\/en\/batalles\/","url":"https:\/\/www.cruillabarcelona.cat\/en\/batalles\/","name":"Batalles - Festival Cru\u00eflla","isPartOf":{"@id":"https:\/\/www.cruillabarcelona.cat\/en\/#website"},"primaryImageOfPage":{"@id":"https:\/\/www.cruillabarcelona.cat\/en\/batalles\/#primaryimage"},"image":{"@id":"https:\/\/www.cruillabarcelona.cat\/en\/batalles\/#primaryimage"},"thumbnailUrl":"https:\/\/www.cruillabarcelona.cat\/wp-content\/uploads\/2025\/06\/pexels-mikez-12312-scaled.jpg","datePublished":"2025-06-04T16:18:48+00:00","dateModified":"2025-07-29T09:39:26+00:00","breadcrumb":{"@id":"https:\/\/www.cruillabarcelona.cat\/en\/batalles\/#breadcrumb"},"inLanguage":"en-US","potentialAction":[{"@type":"ReadAction","target":["https:\/\/www.cruillabarcelona.cat\/en\/batalles\/"]}]},{"@type":"ImageObject","inLanguage":"en-US","@id":"https:\/\/www.cruillabarcelona.cat\/en\/batalles\/#primaryimage","url":"https:\/\/www.cruillabarcelona.cat\/wp-content\/uploads\/2025\/06\/pexels-mikez-12312-scaled.jpg","contentUrl":"https:\/\/www.cruillabarcelona.cat\/wp-content\/uploads\/2025\/06\/pexels-mikez-12312-scaled.jpg","width":2560,"height":1707},{"@type":"BreadcrumbList","@id":"https:\/\/www.cruillabarcelona.cat\/en\/batalles\/#breadcrumb","itemListElement":[{"@type":"ListItem","position":1,"name":"Home","item":"https:\/\/www.cruillabarcelona.cat\/en\/"},{"@type":"ListItem","position":2,"name":"Batalles"}]},{"@type":"WebSite","@id":"https:\/\/www.cruillabarcelona.cat\/en\/#website","url":"https:\/\/www.cruillabarcelona.cat\/en\/","name":"Festival Cru\u00eflla","description":"","publisher":{"@id":"https:\/\/www.cruillabarcelona.cat\/en\/#organization"},"potentialAction":[{"@type":"SearchAction","target":{"@type":"EntryPoint","urlTemplate":"https:\/\/www.cruillabarcelona.cat\/en\/?s={search_term_string}"},"query-input":{"@type":"PropertyValueSpecification","valueRequired":true,"valueName":"search_term_string"}}],"inLanguage":"en-US"},{"@type":"Organization","@id":"https:\/\/www.cruillabarcelona.cat\/en\/#organization","name":"Festival Cru\u00eflla","url":"https:\/\/www.cruillabarcelona.cat\/en\/","logo":{"@type":"ImageObject","inLanguage":"en-US","@id":"https:\/\/www.cruillabarcelona.cat\/en\/#\/schema\/logo\/image\/","url":"https:\/\/www.cruillabarcelona.cat\/wp-content\/uploads\/2025\/12\/cruill-logo-negativo.png","contentUrl":"https:\/\/www.cruillabarcelona.cat\/wp-content\/uploads\/2025\/12\/cruill-logo-negativo.png","width":400,"height":101,"caption":"Festival Cru\u00eflla"},"image":{"@id":"https:\/\/www.cruillabarcelona.cat\/en\/#\/schema\/logo\/image\/"}}]}},"_links":{"self":[{"href":"https:\/\/www.cruillabarcelona.cat\/en\/wp-json\/wp\/v2\/pages\/59333","targetHints":{"allow":["GET"]}}],"collection":[{"href":"https:\/\/www.cruillabarcelona.cat\/en\/wp-json\/wp\/v2\/pages"}],"about":[{"href":"https:\/\/www.cruillabarcelona.cat\/en\/wp-json\/wp\/v2\/types\/page"}],"author":[{"embeddable":true,"href":"https:\/\/www.cruillabarcelona.cat\/en\/wp-json\/wp\/v2\/users\/2"}],"replies":[{"embeddable":true,"href":"https:\/\/www.cruillabarcelona.cat\/en\/wp-json\/wp\/v2\/comments?post=59333"}],"version-history":[{"count":4,"href":"https:\/\/www.cruillabarcelona.cat\/en\/wp-json\/wp\/v2\/pages\/59333\/revisions"}],"predecessor-version":[{"id":60552,"href":"https:\/\/www.cruillabarcelona.cat\/en\/wp-json\/wp\/v2\/pages\/59333\/revisions\/60552"}],"wp:featuredmedia":[{"embeddable":true,"href":"https:\/\/www.cruillabarcelona.cat\/en\/wp-json\/wp\/v2\/media\/59229"}],"wp:attachment":[{"href":"https:\/\/www.cruillabarcelona.cat\/en\/wp-json\/wp\/v2\/media?parent=59333"}],"curies":[{"name":"wp","href":"https:\/\/api.w.org\/{rel}","templated":true}]}}