{"id":60018,"date":"2025-07-03T15:17:04","date_gmt":"2025-07-03T13:17:04","guid":{"rendered":"https:\/\/www.cruillabarcelona.cat\/?page_id=60018"},"modified":"2025-07-04T15:43:10","modified_gmt":"2025-07-04T13:43:10","slug":"gimcana-cruilla","status":"publish","type":"page","link":"https:\/\/www.cruillabarcelona.cat\/en\/gimcana-cruilla\/","title":{"rendered":"Gimcana Cru\u00eflla"},"content":{"rendered":"<h2 style=\"text-align: center;\">PARTICIPATE IN THE GIMCANA CRU\u00cfLLA AND WIN A GIFTS BASKET AND A DOUBLE PASS FOR 2026!<\/h2>\n<p>The <strong>Gimcana Cru\u00eflla<\/strong> is back, an incredible opportunity to win a gifts basket courtesy of some of our sponsors and a double pass for the Festival Cru\u00eflla 2026! Participating is very simple: when you visit the Bonpreu Esclat, Occident, Vueling, Endesa, Vichy Catalan, Ballantine&#8217;s, Kinder Bueno and Vera stands and the Botiga Cru\u00eflla, your cashless wristband will be validated and one point will be added to your account (only one point will be counted per stand, even if you visit it more than once!). Once you have 9 points, one for each validation, you will be automatically entered into the <strong>draw<\/strong>. Do you want to know what prizes you can win to convince you?<\/p>\n<ul>\n<li>1 double pass (ie, 2 passes) for the <strong>Festival Cru\u00eflla 2026<\/strong><\/li>\n<li>1 gift voucher worth 100\u20ac courtesy of <strong>Bonpreu Esclat<\/strong><\/li>\n<li>1 kayak for two people courtesy of <strong>Occident<\/strong><\/li>\n<li>1 JBL ultraportable speaker courtesy of <strong>Endesa<\/strong><\/li>\n<li>1 discount voucher worth 100\u20ac and 1 gift code worth 350\u20ac for two people* courtesy of <strong>Vueling<\/strong><\/li>\n<li>1 lot of Vichy Sabores courtesy of <strong>Vichy Catalan<\/strong><\/li>\n<li>1 bottle of Petroni and 1 bottle of Ballantine&#8217;s courtesy of <strong>Pernod Ricard<\/strong><\/li>\n<li>1 box of Kinder Bueno Ice Cream courtesy of <strong>Kinder Bueno<\/strong><\/li>\n<li>1 50% discount voucher for one year of Optical Fiber courtesy of <strong>Vera<\/strong><\/li>\n<\/ul>\n<p>*NOT applicable to travel between 08\/01\/2025 and 08\/31\/2025 (both inclusive) and 10\/28\/2025 and 11\/02\/2025 (both inclusive).<\/p>\n<p>We will contact the winner after the festival.\u00a0<strong>Good luck!<\/strong><\/p>\n","protected":false},"excerpt":{"rendered":"<p>PARTICIPATE IN THE GIMCANA CRU\u00cfLLA AND WIN A GIFTS BASKET AND A DOUBLE PASS FOR 2026! The Gimcana Cru\u00eflla is back, an incredible opportunity to win [&hellip;]<\/p>\n","protected":false},"author":2,"featured_media":60024,"parent":0,"menu_order":0,"comment_status":"closed","ping_status":"closed","template":"page-templates\/page-landing.php","meta":{"_acf_changed":false,"footnotes":""},"class_list":["post-60018","page","type-page","status-publish","has-post-thumbnail","hentry"],"acf":[],"yoast_head":"<!-- This site is optimized with the Yoast SEO plugin v27.3 - https:\/\/yoast.com\/product\/yoast-seo-wordpress\/ -->\n<title>Gimcana Cru\u00eflla - Festival Cru\u00eflla<\/title>\n<meta name=\"robots\" content=\"index, follow, max-snippet:-1, max-image-preview:large, max-video-preview:-1\" \/>\n<link rel=\"canonical\" href=\"https:\/\/www.cruillabarcelona.cat\/en\/gimcana-cruilla\/\" \/>\n<meta property=\"og:locale\" content=\"en_US\" \/>\n<meta property=\"og:type\" content=\"article\" \/>\n<meta property=\"og:title\" content=\"Gimcana Cru\u00eflla - Festival Cru\u00eflla\" \/>\n<meta property=\"og:description\" content=\"PARTICIPATE IN THE GIMCANA CRU\u00cfLLA AND WIN A GIFTS BASKET AND A DOUBLE PASS FOR 2026! The Gimcana Cru\u00eflla is back, an incredible opportunity to win [&hellip;]\" \/>\n<meta property=\"og:url\" content=\"https:\/\/www.cruillabarcelona.cat\/en\/gimcana-cruilla\/\" \/>\n<meta property=\"og:site_name\" content=\"Festival Cru\u00eflla\" \/>\n<meta property=\"article:modified_time\" content=\"2025-07-04T13:43:10+00:00\" \/>\n<meta property=\"og:image\" content=\"https:\/\/www.cruillabarcelona.cat\/wp-content\/uploads\/2025\/07\/GIMCANA.jpg\" \/>\n\t<meta property=\"og:image:width\" content=\"1500\" \/>\n\t<meta property=\"og:image:height\" content=\"500\" \/>\n\t<meta property=\"og:image:type\" content=\"image\/jpeg\" \/>\n<meta name=\"twitter:card\" content=\"summary_large_image\" \/>\n<meta name=\"twitter:label1\" content=\"Est. reading time\" \/>\n\t<meta name=\"twitter:data1\" content=\"2 minutes\" \/>\n<script type=\"application\/ld+json\" class=\"yoast-schema-graph\">{\"@context\":\"https:\\\/\\\/schema.org\",\"@graph\":[{\"@type\":\"WebPage\",\"@id\":\"https:\\\/\\\/www.cruillabarcelona.cat\\\/en\\\/gimcana-cruilla\\\/\",\"url\":\"https:\\\/\\\/www.cruillabarcelona.cat\\\/en\\\/gimcana-cruilla\\\/\",\"name\":\"Gimcana Cru\u00eflla - Festival Cru\u00eflla\",\"isPartOf\":{\"@id\":\"https:\\\/\\\/www.cruillabarcelona.cat\\\/en\\\/#website\"},\"primaryImageOfPage\":{\"@id\":\"https:\\\/\\\/www.cruillabarcelona.cat\\\/en\\\/gimcana-cruilla\\\/#primaryimage\"},\"image\":{\"@id\":\"https:\\\/\\\/www.cruillabarcelona.cat\\\/en\\\/gimcana-cruilla\\\/#primaryimage\"},\"thumbnailUrl\":\"https:\\\/\\\/www.cruillabarcelona.cat\\\/wp-content\\\/uploads\\\/2025\\\/07\\\/GIMCANA.jpg\",\"datePublished\":\"2025-07-03T13:17:04+00:00\",\"dateModified\":\"2025-07-04T13:43:10+00:00\",\"breadcrumb\":{\"@id\":\"https:\\\/\\\/www.cruillabarcelona.cat\\\/en\\\/gimcana-cruilla\\\/#breadcrumb\"},\"inLanguage\":\"en-US\",\"potentialAction\":[{\"@type\":\"ReadAction\",\"target\":[\"https:\\\/\\\/www.cruillabarcelona.cat\\\/en\\\/gimcana-cruilla\\\/\"]}]},{\"@type\":\"ImageObject\",\"inLanguage\":\"en-US\",\"@id\":\"https:\\\/\\\/www.cruillabarcelona.cat\\\/en\\\/gimcana-cruilla\\\/#primaryimage\",\"url\":\"https:\\\/\\\/www.cruillabarcelona.cat\\\/wp-content\\\/uploads\\\/2025\\\/07\\\/GIMCANA.jpg\",\"contentUrl\":\"https:\\\/\\\/www.cruillabarcelona.cat\\\/wp-content\\\/uploads\\\/2025\\\/07\\\/GIMCANA.jpg\",\"width\":1500,\"height\":500},{\"@type\":\"BreadcrumbList\",\"@id\":\"https:\\\/\\\/www.cruillabarcelona.cat\\\/en\\\/gimcana-cruilla\\\/#breadcrumb\",\"itemListElement\":[{\"@type\":\"ListItem\",\"position\":1,\"name\":\"Home\",\"item\":\"https:\\\/\\\/www.cruillabarcelona.cat\\\/en\\\/\"},{\"@type\":\"ListItem\",\"position\":2,\"name\":\"Gimcana Cru\u00eflla\"}]},{\"@type\":\"WebSite\",\"@id\":\"https:\\\/\\\/www.cruillabarcelona.cat\\\/en\\\/#website\",\"url\":\"https:\\\/\\\/www.cruillabarcelona.cat\\\/en\\\/\",\"name\":\"Festival Cru\u00eflla\",\"description\":\"\",\"publisher\":{\"@id\":\"https:\\\/\\\/www.cruillabarcelona.cat\\\/en\\\/#organization\"},\"potentialAction\":[{\"@type\":\"SearchAction\",\"target\":{\"@type\":\"EntryPoint\",\"urlTemplate\":\"https:\\\/\\\/www.cruillabarcelona.cat\\\/en\\\/?s={search_term_string}\"},\"query-input\":{\"@type\":\"PropertyValueSpecification\",\"valueRequired\":true,\"valueName\":\"search_term_string\"}}],\"inLanguage\":\"en-US\"},{\"@type\":\"Organization\",\"@id\":\"https:\\\/\\\/www.cruillabarcelona.cat\\\/en\\\/#organization\",\"name\":\"Festival Cru\u00eflla\",\"url\":\"https:\\\/\\\/www.cruillabarcelona.cat\\\/en\\\/\",\"logo\":{\"@type\":\"ImageObject\",\"inLanguage\":\"en-US\",\"@id\":\"https:\\\/\\\/www.cruillabarcelona.cat\\\/en\\\/#\\\/schema\\\/logo\\\/image\\\/\",\"url\":\"https:\\\/\\\/www.cruillabarcelona.cat\\\/wp-content\\\/uploads\\\/2025\\\/12\\\/cruill-logo-negativo.png\",\"contentUrl\":\"https:\\\/\\\/www.cruillabarcelona.cat\\\/wp-content\\\/uploads\\\/2025\\\/12\\\/cruill-logo-negativo.png\",\"width\":400,\"height\":101,\"caption\":\"Festival Cru\u00eflla\"},\"image\":{\"@id\":\"https:\\\/\\\/www.cruillabarcelona.cat\\\/en\\\/#\\\/schema\\\/logo\\\/image\\\/\"}}]}<\/script>\n<!-- \/ Yoast SEO plugin. -->","yoast_head_json":{"title":"Gimcana Cru\u00eflla - Festival Cru\u00eflla","robots":{"index":"index","follow":"follow","max-snippet":"max-snippet:-1","max-image-preview":"max-image-preview:large","max-video-preview":"max-video-preview:-1"},"canonical":"https:\/\/www.cruillabarcelona.cat\/en\/gimcana-cruilla\/","og_locale":"en_US","og_type":"article","og_title":"Gimcana Cru\u00eflla - Festival Cru\u00eflla","og_description":"PARTICIPATE IN THE GIMCANA CRU\u00cfLLA AND WIN A GIFTS BASKET AND A DOUBLE PASS FOR 2026! The Gimcana Cru\u00eflla is back, an incredible opportunity to win [&hellip;]","og_url":"https:\/\/www.cruillabarcelona.cat\/en\/gimcana-cruilla\/","og_site_name":"Festival Cru\u00eflla","article_modified_time":"2025-07-04T13:43:10+00:00","og_image":[{"width":1500,"height":500,"url":"https:\/\/www.cruillabarcelona.cat\/wp-content\/uploads\/2025\/07\/GIMCANA.jpg","type":"image\/jpeg"}],"twitter_card":"summary_large_image","twitter_misc":{"Est. reading time":"2 minutes"},"schema":{"@context":"https:\/\/schema.org","@graph":[{"@type":"WebPage","@id":"https:\/\/www.cruillabarcelona.cat\/en\/gimcana-cruilla\/","url":"https:\/\/www.cruillabarcelona.cat\/en\/gimcana-cruilla\/","name":"Gimcana Cru\u00eflla - Festival Cru\u00eflla","isPartOf":{"@id":"https:\/\/www.cruillabarcelona.cat\/en\/#website"},"primaryImageOfPage":{"@id":"https:\/\/www.cruillabarcelona.cat\/en\/gimcana-cruilla\/#primaryimage"},"image":{"@id":"https:\/\/www.cruillabarcelona.cat\/en\/gimcana-cruilla\/#primaryimage"},"thumbnailUrl":"https:\/\/www.cruillabarcelona.cat\/wp-content\/uploads\/2025\/07\/GIMCANA.jpg","datePublished":"2025-07-03T13:17:04+00:00","dateModified":"2025-07-04T13:43:10+00:00","breadcrumb":{"@id":"https:\/\/www.cruillabarcelona.cat\/en\/gimcana-cruilla\/#breadcrumb"},"inLanguage":"en-US","potentialAction":[{"@type":"ReadAction","target":["https:\/\/www.cruillabarcelona.cat\/en\/gimcana-cruilla\/"]}]},{"@type":"ImageObject","inLanguage":"en-US","@id":"https:\/\/www.cruillabarcelona.cat\/en\/gimcana-cruilla\/#primaryimage","url":"https:\/\/www.cruillabarcelona.cat\/wp-content\/uploads\/2025\/07\/GIMCANA.jpg","contentUrl":"https:\/\/www.cruillabarcelona.cat\/wp-content\/uploads\/2025\/07\/GIMCANA.jpg","width":1500,"height":500},{"@type":"BreadcrumbList","@id":"https:\/\/www.cruillabarcelona.cat\/en\/gimcana-cruilla\/#breadcrumb","itemListElement":[{"@type":"ListItem","position":1,"name":"Home","item":"https:\/\/www.cruillabarcelona.cat\/en\/"},{"@type":"ListItem","position":2,"name":"Gimcana Cru\u00eflla"}]},{"@type":"WebSite","@id":"https:\/\/www.cruillabarcelona.cat\/en\/#website","url":"https:\/\/www.cruillabarcelona.cat\/en\/","name":"Festival Cru\u00eflla","description":"","publisher":{"@id":"https:\/\/www.cruillabarcelona.cat\/en\/#organization"},"potentialAction":[{"@type":"SearchAction","target":{"@type":"EntryPoint","urlTemplate":"https:\/\/www.cruillabarcelona.cat\/en\/?s={search_term_string}"},"query-input":{"@type":"PropertyValueSpecification","valueRequired":true,"valueName":"search_term_string"}}],"inLanguage":"en-US"},{"@type":"Organization","@id":"https:\/\/www.cruillabarcelona.cat\/en\/#organization","name":"Festival Cru\u00eflla","url":"https:\/\/www.cruillabarcelona.cat\/en\/","logo":{"@type":"ImageObject","inLanguage":"en-US","@id":"https:\/\/www.cruillabarcelona.cat\/en\/#\/schema\/logo\/image\/","url":"https:\/\/www.cruillabarcelona.cat\/wp-content\/uploads\/2025\/12\/cruill-logo-negativo.png","contentUrl":"https:\/\/www.cruillabarcelona.cat\/wp-content\/uploads\/2025\/12\/cruill-logo-negativo.png","width":400,"height":101,"caption":"Festival Cru\u00eflla"},"image":{"@id":"https:\/\/www.cruillabarcelona.cat\/en\/#\/schema\/logo\/image\/"}}]}},"_links":{"self":[{"href":"https:\/\/www.cruillabarcelona.cat\/en\/wp-json\/wp\/v2\/pages\/60018","targetHints":{"allow":["GET"]}}],"collection":[{"href":"https:\/\/www.cruillabarcelona.cat\/en\/wp-json\/wp\/v2\/pages"}],"about":[{"href":"https:\/\/www.cruillabarcelona.cat\/en\/wp-json\/wp\/v2\/types\/page"}],"author":[{"embeddable":true,"href":"https:\/\/www.cruillabarcelona.cat\/en\/wp-json\/wp\/v2\/users\/2"}],"replies":[{"embeddable":true,"href":"https:\/\/www.cruillabarcelona.cat\/en\/wp-json\/wp\/v2\/comments?post=60018"}],"version-history":[{"count":5,"href":"https:\/\/www.cruillabarcelona.cat\/en\/wp-json\/wp\/v2\/pages\/60018\/revisions"}],"predecessor-version":[{"id":60052,"href":"https:\/\/www.cruillabarcelona.cat\/en\/wp-json\/wp\/v2\/pages\/60018\/revisions\/60052"}],"wp:featuredmedia":[{"embeddable":true,"href":"https:\/\/www.cruillabarcelona.cat\/en\/wp-json\/wp\/v2\/media\/60024"}],"wp:attachment":[{"href":"https:\/\/www.cruillabarcelona.cat\/en\/wp-json\/wp\/v2\/media?parent=60018"}],"curies":[{"name":"wp","href":"https:\/\/api.w.org\/{rel}","templated":true}]}}