{"id":60082,"date":"2025-07-07T17:43:13","date_gmt":"2025-07-07T15:43:13","guid":{"rendered":"https:\/\/www.cruillabarcelona.cat\/?page_id=60082"},"modified":"2025-07-10T17:10:24","modified_gmt":"2025-07-10T15:10:24","slug":"exposicio-retrats-15-anys","status":"publish","type":"page","link":"https:\/\/www.cruillabarcelona.cat\/en\/exposicio-retrats-15-anys\/","title":{"rendered":"Exposici\u00f3 retrats 15 anys"},"content":{"rendered":"<h2 style=\"text-align: center;\">FENT HIST\u00d2RIA A CADA TRA\u00c7: THE PORTRAIT EXHIBITION OF THE 15 YEARS OF THE FESTIVAL CRU\u00cfLLA<\/h2>\n<p>Since its inception, the Festival Cru\u00eflla has not only complemented its musical programming with artistic activities, but has also made <strong>live arts<\/strong> one of the pillars of its cultural offering. The <strong>portraits<\/strong> of some of the artists of the line-up for each edition have attracted thousands of curious people year after year who have come to see them born, drawn and filled with color.<\/p>\n<p>This year, the Festival Cru\u00eflla is in its <strong>fifteenth edition<\/strong>, which is why we wanted to collect some of the works of <strong>urban art<\/strong> that have been part of our history. Almost twenty pieces created with various techniques and materials typical of graffiti, such as sprays, acrylic paints, markers, brushes, stencils, rollers and others, by artists such as <strong>Maga, Dante Arcade, Valentina Wilson, Nuriatoll, Creto, Jota Lopez, Pauceda, Mon Devane, Bonet, Etienne Cristoffanini Ros, Rice, Connor.Art, Jay Bisual, Muraleslian, Eslic, Slim Safont or Bubblegum.<\/strong><\/p>\n<p>This exhibition is not only a <strong>retrospective of the visual artists<\/strong> who have accompanied us, but also a <strong>tribute to the musical artists<\/strong> who have passed through the festival and who have been immortalized in these portraits. In this way, we celebrate that <strong>the success of this proposal<\/strong> was a real boost for the growth of our Arts programming with this unique review of the <strong>15 years of musical and artistic history of the Festival Cru\u00eflla.<\/strong><\/p>\n","protected":false},"excerpt":{"rendered":"<p>FENT HIST\u00d2RIA A CADA TRA\u00c7: THE PORTRAIT EXHIBITION OF THE 15 YEARS OF THE FESTIVAL CRU\u00cfLLA Since its inception, the Festival Cru\u00eflla has not only complemented [&hellip;]<\/p>\n","protected":false},"author":2,"featured_media":0,"parent":0,"menu_order":0,"comment_status":"closed","ping_status":"closed","template":"page-templates\/page-landing.php","meta":{"_acf_changed":false,"footnotes":""},"class_list":["post-60082","page","type-page","status-publish","hentry"],"acf":[],"yoast_head":"<!-- This site is optimized with the Yoast SEO plugin v27.3 - https:\/\/yoast.com\/product\/yoast-seo-wordpress\/ -->\n<title>Exposici\u00f3 retrats 15 anys - Festival Cru\u00eflla<\/title>\n<meta name=\"robots\" content=\"index, follow, max-snippet:-1, max-image-preview:large, max-video-preview:-1\" \/>\n<link rel=\"canonical\" href=\"https:\/\/www.cruillabarcelona.cat\/en\/exposicio-retrats-15-anys\/\" \/>\n<meta property=\"og:locale\" content=\"en_US\" \/>\n<meta property=\"og:type\" content=\"article\" \/>\n<meta property=\"og:title\" content=\"Exposici\u00f3 retrats 15 anys - Festival Cru\u00eflla\" \/>\n<meta property=\"og:description\" content=\"FENT HIST\u00d2RIA A CADA TRA\u00c7: THE PORTRAIT EXHIBITION OF THE 15 YEARS OF THE FESTIVAL CRU\u00cfLLA Since its inception, the Festival Cru\u00eflla has not only complemented [&hellip;]\" \/>\n<meta property=\"og:url\" content=\"https:\/\/www.cruillabarcelona.cat\/en\/exposicio-retrats-15-anys\/\" \/>\n<meta property=\"og:site_name\" content=\"Festival Cru\u00eflla\" \/>\n<meta property=\"article:modified_time\" content=\"2025-07-10T15:10:24+00:00\" \/>\n<meta name=\"twitter:card\" content=\"summary_large_image\" \/>\n<meta name=\"twitter:label1\" content=\"Est. reading time\" \/>\n\t<meta name=\"twitter:data1\" content=\"2 minutes\" \/>\n<script type=\"application\/ld+json\" class=\"yoast-schema-graph\">{\"@context\":\"https:\\\/\\\/schema.org\",\"@graph\":[{\"@type\":\"WebPage\",\"@id\":\"https:\\\/\\\/www.cruillabarcelona.cat\\\/en\\\/exposicio-retrats-15-anys\\\/\",\"url\":\"https:\\\/\\\/www.cruillabarcelona.cat\\\/en\\\/exposicio-retrats-15-anys\\\/\",\"name\":\"Exposici\u00f3 retrats 15 anys - Festival Cru\u00eflla\",\"isPartOf\":{\"@id\":\"https:\\\/\\\/www.cruillabarcelona.cat\\\/en\\\/#website\"},\"datePublished\":\"2025-07-07T15:43:13+00:00\",\"dateModified\":\"2025-07-10T15:10:24+00:00\",\"breadcrumb\":{\"@id\":\"https:\\\/\\\/www.cruillabarcelona.cat\\\/en\\\/exposicio-retrats-15-anys\\\/#breadcrumb\"},\"inLanguage\":\"en-US\",\"potentialAction\":[{\"@type\":\"ReadAction\",\"target\":[\"https:\\\/\\\/www.cruillabarcelona.cat\\\/en\\\/exposicio-retrats-15-anys\\\/\"]}]},{\"@type\":\"BreadcrumbList\",\"@id\":\"https:\\\/\\\/www.cruillabarcelona.cat\\\/en\\\/exposicio-retrats-15-anys\\\/#breadcrumb\",\"itemListElement\":[{\"@type\":\"ListItem\",\"position\":1,\"name\":\"Home\",\"item\":\"https:\\\/\\\/www.cruillabarcelona.cat\\\/en\\\/\"},{\"@type\":\"ListItem\",\"position\":2,\"name\":\"Exposici\u00f3 retrats 15 anys\"}]},{\"@type\":\"WebSite\",\"@id\":\"https:\\\/\\\/www.cruillabarcelona.cat\\\/en\\\/#website\",\"url\":\"https:\\\/\\\/www.cruillabarcelona.cat\\\/en\\\/\",\"name\":\"Festival Cru\u00eflla\",\"description\":\"\",\"publisher\":{\"@id\":\"https:\\\/\\\/www.cruillabarcelona.cat\\\/en\\\/#organization\"},\"potentialAction\":[{\"@type\":\"SearchAction\",\"target\":{\"@type\":\"EntryPoint\",\"urlTemplate\":\"https:\\\/\\\/www.cruillabarcelona.cat\\\/en\\\/?s={search_term_string}\"},\"query-input\":{\"@type\":\"PropertyValueSpecification\",\"valueRequired\":true,\"valueName\":\"search_term_string\"}}],\"inLanguage\":\"en-US\"},{\"@type\":\"Organization\",\"@id\":\"https:\\\/\\\/www.cruillabarcelona.cat\\\/en\\\/#organization\",\"name\":\"Festival Cru\u00eflla\",\"url\":\"https:\\\/\\\/www.cruillabarcelona.cat\\\/en\\\/\",\"logo\":{\"@type\":\"ImageObject\",\"inLanguage\":\"en-US\",\"@id\":\"https:\\\/\\\/www.cruillabarcelona.cat\\\/en\\\/#\\\/schema\\\/logo\\\/image\\\/\",\"url\":\"https:\\\/\\\/www.cruillabarcelona.cat\\\/wp-content\\\/uploads\\\/2025\\\/12\\\/cruill-logo-negativo.png\",\"contentUrl\":\"https:\\\/\\\/www.cruillabarcelona.cat\\\/wp-content\\\/uploads\\\/2025\\\/12\\\/cruill-logo-negativo.png\",\"width\":400,\"height\":101,\"caption\":\"Festival Cru\u00eflla\"},\"image\":{\"@id\":\"https:\\\/\\\/www.cruillabarcelona.cat\\\/en\\\/#\\\/schema\\\/logo\\\/image\\\/\"}}]}<\/script>\n<!-- \/ Yoast SEO plugin. -->","yoast_head_json":{"title":"Exposici\u00f3 retrats 15 anys - Festival Cru\u00eflla","robots":{"index":"index","follow":"follow","max-snippet":"max-snippet:-1","max-image-preview":"max-image-preview:large","max-video-preview":"max-video-preview:-1"},"canonical":"https:\/\/www.cruillabarcelona.cat\/en\/exposicio-retrats-15-anys\/","og_locale":"en_US","og_type":"article","og_title":"Exposici\u00f3 retrats 15 anys - Festival Cru\u00eflla","og_description":"FENT HIST\u00d2RIA A CADA TRA\u00c7: THE PORTRAIT EXHIBITION OF THE 15 YEARS OF THE FESTIVAL CRU\u00cfLLA Since its inception, the Festival Cru\u00eflla has not only complemented [&hellip;]","og_url":"https:\/\/www.cruillabarcelona.cat\/en\/exposicio-retrats-15-anys\/","og_site_name":"Festival Cru\u00eflla","article_modified_time":"2025-07-10T15:10:24+00:00","twitter_card":"summary_large_image","twitter_misc":{"Est. reading time":"2 minutes"},"schema":{"@context":"https:\/\/schema.org","@graph":[{"@type":"WebPage","@id":"https:\/\/www.cruillabarcelona.cat\/en\/exposicio-retrats-15-anys\/","url":"https:\/\/www.cruillabarcelona.cat\/en\/exposicio-retrats-15-anys\/","name":"Exposici\u00f3 retrats 15 anys - Festival Cru\u00eflla","isPartOf":{"@id":"https:\/\/www.cruillabarcelona.cat\/en\/#website"},"datePublished":"2025-07-07T15:43:13+00:00","dateModified":"2025-07-10T15:10:24+00:00","breadcrumb":{"@id":"https:\/\/www.cruillabarcelona.cat\/en\/exposicio-retrats-15-anys\/#breadcrumb"},"inLanguage":"en-US","potentialAction":[{"@type":"ReadAction","target":["https:\/\/www.cruillabarcelona.cat\/en\/exposicio-retrats-15-anys\/"]}]},{"@type":"BreadcrumbList","@id":"https:\/\/www.cruillabarcelona.cat\/en\/exposicio-retrats-15-anys\/#breadcrumb","itemListElement":[{"@type":"ListItem","position":1,"name":"Home","item":"https:\/\/www.cruillabarcelona.cat\/en\/"},{"@type":"ListItem","position":2,"name":"Exposici\u00f3 retrats 15 anys"}]},{"@type":"WebSite","@id":"https:\/\/www.cruillabarcelona.cat\/en\/#website","url":"https:\/\/www.cruillabarcelona.cat\/en\/","name":"Festival Cru\u00eflla","description":"","publisher":{"@id":"https:\/\/www.cruillabarcelona.cat\/en\/#organization"},"potentialAction":[{"@type":"SearchAction","target":{"@type":"EntryPoint","urlTemplate":"https:\/\/www.cruillabarcelona.cat\/en\/?s={search_term_string}"},"query-input":{"@type":"PropertyValueSpecification","valueRequired":true,"valueName":"search_term_string"}}],"inLanguage":"en-US"},{"@type":"Organization","@id":"https:\/\/www.cruillabarcelona.cat\/en\/#organization","name":"Festival Cru\u00eflla","url":"https:\/\/www.cruillabarcelona.cat\/en\/","logo":{"@type":"ImageObject","inLanguage":"en-US","@id":"https:\/\/www.cruillabarcelona.cat\/en\/#\/schema\/logo\/image\/","url":"https:\/\/www.cruillabarcelona.cat\/wp-content\/uploads\/2025\/12\/cruill-logo-negativo.png","contentUrl":"https:\/\/www.cruillabarcelona.cat\/wp-content\/uploads\/2025\/12\/cruill-logo-negativo.png","width":400,"height":101,"caption":"Festival Cru\u00eflla"},"image":{"@id":"https:\/\/www.cruillabarcelona.cat\/en\/#\/schema\/logo\/image\/"}}]}},"_links":{"self":[{"href":"https:\/\/www.cruillabarcelona.cat\/en\/wp-json\/wp\/v2\/pages\/60082","targetHints":{"allow":["GET"]}}],"collection":[{"href":"https:\/\/www.cruillabarcelona.cat\/en\/wp-json\/wp\/v2\/pages"}],"about":[{"href":"https:\/\/www.cruillabarcelona.cat\/en\/wp-json\/wp\/v2\/types\/page"}],"author":[{"embeddable":true,"href":"https:\/\/www.cruillabarcelona.cat\/en\/wp-json\/wp\/v2\/users\/2"}],"replies":[{"embeddable":true,"href":"https:\/\/www.cruillabarcelona.cat\/en\/wp-json\/wp\/v2\/comments?post=60082"}],"version-history":[{"count":2,"href":"https:\/\/www.cruillabarcelona.cat\/en\/wp-json\/wp\/v2\/pages\/60082\/revisions"}],"predecessor-version":[{"id":60120,"href":"https:\/\/www.cruillabarcelona.cat\/en\/wp-json\/wp\/v2\/pages\/60082\/revisions\/60120"}],"wp:attachment":[{"href":"https:\/\/www.cruillabarcelona.cat\/en\/wp-json\/wp\/v2\/media?parent=60082"}],"curies":[{"name":"wp","href":"https:\/\/api.w.org\/{rel}","templated":true}]}}