{"id":61250,"date":"2025-11-14T11:54:55","date_gmt":"2025-11-14T09:54:55","guid":{"rendered":"https:\/\/www.cruillabarcelona.cat\/?page_id=61250"},"modified":"2025-11-14T14:40:55","modified_gmt":"2025-11-14T12:40:55","slug":"jovanotti-cruilla-2026","status":"publish","type":"page","link":"https:\/\/www.cruillabarcelona.cat\/en\/jovanotti-cruilla-2026\/","title":{"rendered":"Jovanotti at Festival Cru\u00eflla 2026!"},"content":{"rendered":"<h3 style=\"text-align: center;\">Yes yes, you read that right! Jovanotti \u00a0is finally bringing his spectacular live show to Barcelona on Saturday, July 11th!<\/h3>\n<p class=\"monday-block-1\" contenteditable=\"false\" data-monday-block-type=\"1\" data-monday-block-content=\"[{&quot;insert&quot;:&quot;There are artists who aren\u2019t just stars, but indescribable phenomena. And Jovanotti is the perfect example! He has become a true icon in Italy, performing tours of 54 concerts, all sold out, with more than 600,000 attendees. This magnitude \u2014unmatched by any local artist here\u2014 has made him one of the most influential cultural figures in his country and, at the same time, made it impossible to fulfil our dream of bringing him to Festival Cru\u00eflla\u2026 until now: Jovanotti is finally coming to our home!&quot;}]\" data-inline-monday=\"true\">There are artists who aren\u2019t just stars, but indescribable <strong>phenomena<\/strong>. And <strong>Jovanotti<\/strong> is the perfect example! He has become a true <strong>icon<\/strong> in Italy, performing tours of 54 concerts, all sold out, with more than 600,000 attendees. This magnitude \u2014unmatched by any local artist here\u2014 has made him one of<strong> the most influential cultural figures<\/strong> in his country and, at the same time, made it impossible to fulfil our dream of bringing him to Festival Cru\u00eflla\u2026 until now: <strong>Jovanotti is finally coming to our home!<\/strong><\/p>\n<p style=\"text-align: center;\"><em><b>Buy your tickets or passes for the Festival Cru\u00eflla 2026 here<\/b><\/em><\/p>\n<p style=\"text-align: center;\"><a class=\"efsbutton button \" target=\"_blank\">TICKETS<\/a><\/p>\n<p class=\"monday-block-1\" contenteditable=\"false\" data-monday-block-type=\"1\" data-monday-block-content=\"[{&quot;insert&quot;:&quot;Since his beginnings in the 80s, Lorenzo Cherubini has shaped a unique and unmistakable style. His music is the sonic expression of mythical worlds projected onto the real one, creating a body of work that blends artistic sensitivity, stage energy and a strong social commitment. He is a visionary creator, capable of delivering immersive experiences that transcend the traditional concert concept and that have captivated thousands across Italy and the world.&quot;}]\" data-inline-monday=\"true\">Since his beginnings in the 80s, Lorenzo Cherubini has shaped a<strong> unique and unmistakable style<\/strong>. His music is the sonic expression of <strong>mythical worlds<\/strong> projected onto the real one, creating a body of work that blends artistic sensitivity, stage energy and a strong social commitment. He is a visionary creator, capable of delivering<strong> immersive experiences<\/strong> that transcend the traditional concert concept and that have captivated thousands across Italy and the world.<\/p>\n<p style=\"text-align: center;\">[efsflexvideo type=&#8221;youtube&#8221; url=&#8221;https:\/\/www.youtube.com\/watch?v=_SdfMJ3SKmI&#8221; allowfullscreen=&#8221;yes&#8221; widescreen=&#8221;yes&#8221; width=&#8221;420&#8243; height=&#8221;315&#8243;\/]<\/p>\n<p class=\"monday-block-1\" contenteditable=\"false\" data-monday-block-type=\"1\" data-monday-block-content=\"[{&quot;insert&quot;:&quot;And now Jovanotti is coming to captivate us at Festival Cru\u00eflla 2026, joining a lineup with other major names like Pixies, David Byrne, Rene\u00e9 Rapp, Two Door Cinema Club, Bomba Est\u00e9reo, Ezra Collective, etc., promising an unforgettable edition of the festival!&quot;}]\" data-inline-monday=\"true\">And now Jovanotti is coming to captivate us at <strong>Festival Cru\u00eflla 2026<\/strong>, joining a lineup with other major names like Pixies, David Byrne, Rene\u00e9 Rapp, Two Door Cinema Club, Bomba Est\u00e9reo, Ezra Collective, etc., promising an <strong>unforgettable edition of the festival!<\/strong><\/p>\n<p><img loading=\"lazy\" decoding=\"async\" width=\"2560\" height=\"1041\" class=\"alignnone size-full wp-image-61258\" src=\"https:\/\/www.cruillabarcelona.cat\/wp-content\/uploads\/2025\/11\/CE26_CartellDies_WebDesktop_EN-2-scaled.jpg\" alt=\"\" srcset=\"https:\/\/www.cruillabarcelona.cat\/wp-content\/uploads\/2025\/11\/CE26_CartellDies_WebDesktop_EN-2-scaled.jpg 2560w, https:\/\/www.cruillabarcelona.cat\/wp-content\/uploads\/2025\/11\/CE26_CartellDies_WebDesktop_EN-2-1024x416.jpg 1024w, https:\/\/www.cruillabarcelona.cat\/wp-content\/uploads\/2025\/11\/CE26_CartellDies_WebDesktop_EN-2-768x312.jpg 768w, https:\/\/www.cruillabarcelona.cat\/wp-content\/uploads\/2025\/11\/CE26_CartellDies_WebDesktop_EN-2-1536x625.jpg 1536w, https:\/\/www.cruillabarcelona.cat\/wp-content\/uploads\/2025\/11\/CE26_CartellDies_WebDesktop_EN-2-2048x833.jpg 2048w, https:\/\/www.cruillabarcelona.cat\/wp-content\/uploads\/2025\/11\/CE26_CartellDies_WebDesktop_EN-2-300x122.jpg 300w, https:\/\/www.cruillabarcelona.cat\/wp-content\/uploads\/2025\/11\/CE26_CartellDies_WebDesktop_EN-2-1500x610.jpg 1500w\" sizes=\"auto, (max-width: 2560px) 100vw, 2560px\" \/><\/p>\n<p>&nbsp;<\/p>\n","protected":false},"excerpt":{"rendered":"<p>Yes yes, you read that right! Jovanotti \u00a0is finally bringing his spectacular live show to Barcelona on Saturday, July 11th! There are artists who aren\u2019t just [&hellip;]<\/p>\n","protected":false},"author":2,"featured_media":61273,"parent":0,"menu_order":0,"comment_status":"closed","ping_status":"closed","template":"page-templates\/page-landing.php","meta":{"_acf_changed":false,"footnotes":""},"class_list":["post-61250","page","type-page","status-publish","has-post-thumbnail","hentry"],"acf":[],"yoast_head":"<!-- This site is optimized with the Yoast SEO plugin v27.3 - https:\/\/yoast.com\/product\/yoast-seo-wordpress\/ -->\n<title>Jovanotti concert on July 11th at Festival Cru\u00eflla 2026!<\/title>\n<meta name=\"description\" content=\"Buy tickets for the Jovanotti concert and many more at the Festival Cru\u00eflla 2026, on July 11th at Parc del F\u00f2rum in Barcelona.\" \/>\n<meta name=\"robots\" content=\"index, follow, max-snippet:-1, max-image-preview:large, max-video-preview:-1\" \/>\n<link rel=\"canonical\" href=\"https:\/\/www.cruillabarcelona.cat\/en\/jovanotti-cruilla-2026\/\" \/>\n<meta property=\"og:locale\" content=\"en_US\" \/>\n<meta property=\"og:type\" content=\"article\" \/>\n<meta property=\"og:title\" content=\"Jovanotti concert on July 11th at Festival Cru\u00eflla 2026!\" \/>\n<meta property=\"og:description\" content=\"Buy tickets for the Jovanotti concert and many more at the Festival Cru\u00eflla 2026, on July 11th at Parc del F\u00f2rum in Barcelona.\" \/>\n<meta property=\"og:url\" content=\"https:\/\/www.cruillabarcelona.cat\/en\/jovanotti-cruilla-2026\/\" \/>\n<meta property=\"og:site_name\" content=\"Festival Cru\u00eflla\" \/>\n<meta property=\"article:modified_time\" content=\"2025-11-14T12:40:55+00:00\" \/>\n<meta property=\"og:image\" content=\"https:\/\/www.cruillabarcelona.cat\/wp-content\/uploads\/2025\/11\/maikid_43_verona-3794-Enhanced-NR-scaled.jpg\" \/>\n\t<meta property=\"og:image:width\" content=\"2560\" \/>\n\t<meta property=\"og:image:height\" content=\"1707\" \/>\n\t<meta property=\"og:image:type\" content=\"image\/jpeg\" \/>\n<meta name=\"twitter:card\" content=\"summary_large_image\" \/>\n<meta name=\"twitter:label1\" content=\"Est. reading time\" \/>\n\t<meta name=\"twitter:data1\" content=\"2 minutes\" \/>\n<script type=\"application\/ld+json\" class=\"yoast-schema-graph\">{\"@context\":\"https:\\\/\\\/schema.org\",\"@graph\":[{\"@type\":\"WebPage\",\"@id\":\"https:\\\/\\\/www.cruillabarcelona.cat\\\/en\\\/jovanotti-cruilla-2026\\\/\",\"url\":\"https:\\\/\\\/www.cruillabarcelona.cat\\\/en\\\/jovanotti-cruilla-2026\\\/\",\"name\":\"Jovanotti concert on July 11th at Festival Cru\u00eflla 2026!\",\"isPartOf\":{\"@id\":\"https:\\\/\\\/www.cruillabarcelona.cat\\\/en\\\/#website\"},\"primaryImageOfPage\":{\"@id\":\"https:\\\/\\\/www.cruillabarcelona.cat\\\/en\\\/jovanotti-cruilla-2026\\\/#primaryimage\"},\"image\":{\"@id\":\"https:\\\/\\\/www.cruillabarcelona.cat\\\/en\\\/jovanotti-cruilla-2026\\\/#primaryimage\"},\"thumbnailUrl\":\"https:\\\/\\\/www.cruillabarcelona.cat\\\/wp-content\\\/uploads\\\/2025\\\/11\\\/maikid_43_verona-3794-Enhanced-NR-scaled.jpg\",\"datePublished\":\"2025-11-14T09:54:55+00:00\",\"dateModified\":\"2025-11-14T12:40:55+00:00\",\"description\":\"Buy tickets for the Jovanotti concert and many more at the Festival Cru\u00eflla 2026, on July 11th at Parc del F\u00f2rum in Barcelona.\",\"breadcrumb\":{\"@id\":\"https:\\\/\\\/www.cruillabarcelona.cat\\\/en\\\/jovanotti-cruilla-2026\\\/#breadcrumb\"},\"inLanguage\":\"en-US\",\"potentialAction\":[{\"@type\":\"ReadAction\",\"target\":[\"https:\\\/\\\/www.cruillabarcelona.cat\\\/en\\\/jovanotti-cruilla-2026\\\/\"]}]},{\"@type\":\"ImageObject\",\"inLanguage\":\"en-US\",\"@id\":\"https:\\\/\\\/www.cruillabarcelona.cat\\\/en\\\/jovanotti-cruilla-2026\\\/#primaryimage\",\"url\":\"https:\\\/\\\/www.cruillabarcelona.cat\\\/wp-content\\\/uploads\\\/2025\\\/11\\\/maikid_43_verona-3794-Enhanced-NR-scaled.jpg\",\"contentUrl\":\"https:\\\/\\\/www.cruillabarcelona.cat\\\/wp-content\\\/uploads\\\/2025\\\/11\\\/maikid_43_verona-3794-Enhanced-NR-scaled.jpg\",\"width\":2560,\"height\":1707},{\"@type\":\"BreadcrumbList\",\"@id\":\"https:\\\/\\\/www.cruillabarcelona.cat\\\/en\\\/jovanotti-cruilla-2026\\\/#breadcrumb\",\"itemListElement\":[{\"@type\":\"ListItem\",\"position\":1,\"name\":\"Home\",\"item\":\"https:\\\/\\\/www.cruillabarcelona.cat\\\/en\\\/\"},{\"@type\":\"ListItem\",\"position\":2,\"name\":\"Jovanotti at Festival Cru\u00eflla 2026!\"}]},{\"@type\":\"WebSite\",\"@id\":\"https:\\\/\\\/www.cruillabarcelona.cat\\\/en\\\/#website\",\"url\":\"https:\\\/\\\/www.cruillabarcelona.cat\\\/en\\\/\",\"name\":\"Festival Cru\u00eflla\",\"description\":\"\",\"publisher\":{\"@id\":\"https:\\\/\\\/www.cruillabarcelona.cat\\\/en\\\/#organization\"},\"potentialAction\":[{\"@type\":\"SearchAction\",\"target\":{\"@type\":\"EntryPoint\",\"urlTemplate\":\"https:\\\/\\\/www.cruillabarcelona.cat\\\/en\\\/?s={search_term_string}\"},\"query-input\":{\"@type\":\"PropertyValueSpecification\",\"valueRequired\":true,\"valueName\":\"search_term_string\"}}],\"inLanguage\":\"en-US\"},{\"@type\":\"Organization\",\"@id\":\"https:\\\/\\\/www.cruillabarcelona.cat\\\/en\\\/#organization\",\"name\":\"Festival Cru\u00eflla\",\"url\":\"https:\\\/\\\/www.cruillabarcelona.cat\\\/en\\\/\",\"logo\":{\"@type\":\"ImageObject\",\"inLanguage\":\"en-US\",\"@id\":\"https:\\\/\\\/www.cruillabarcelona.cat\\\/en\\\/#\\\/schema\\\/logo\\\/image\\\/\",\"url\":\"https:\\\/\\\/www.cruillabarcelona.cat\\\/wp-content\\\/uploads\\\/2025\\\/12\\\/cruill-logo-negativo.png\",\"contentUrl\":\"https:\\\/\\\/www.cruillabarcelona.cat\\\/wp-content\\\/uploads\\\/2025\\\/12\\\/cruill-logo-negativo.png\",\"width\":400,\"height\":101,\"caption\":\"Festival Cru\u00eflla\"},\"image\":{\"@id\":\"https:\\\/\\\/www.cruillabarcelona.cat\\\/en\\\/#\\\/schema\\\/logo\\\/image\\\/\"}}]}<\/script>\n<!-- \/ Yoast SEO plugin. -->","yoast_head_json":{"title":"Jovanotti concert on July 11th at Festival Cru\u00eflla 2026!","description":"Buy tickets for the Jovanotti concert and many more at the Festival Cru\u00eflla 2026, on July 11th at Parc del F\u00f2rum in Barcelona.","robots":{"index":"index","follow":"follow","max-snippet":"max-snippet:-1","max-image-preview":"max-image-preview:large","max-video-preview":"max-video-preview:-1"},"canonical":"https:\/\/www.cruillabarcelona.cat\/en\/jovanotti-cruilla-2026\/","og_locale":"en_US","og_type":"article","og_title":"Jovanotti concert on July 11th at Festival Cru\u00eflla 2026!","og_description":"Buy tickets for the Jovanotti concert and many more at the Festival Cru\u00eflla 2026, on July 11th at Parc del F\u00f2rum in Barcelona.","og_url":"https:\/\/www.cruillabarcelona.cat\/en\/jovanotti-cruilla-2026\/","og_site_name":"Festival Cru\u00eflla","article_modified_time":"2025-11-14T12:40:55+00:00","og_image":[{"width":2560,"height":1707,"url":"https:\/\/www.cruillabarcelona.cat\/wp-content\/uploads\/2025\/11\/maikid_43_verona-3794-Enhanced-NR-scaled.jpg","type":"image\/jpeg"}],"twitter_card":"summary_large_image","twitter_misc":{"Est. reading time":"2 minutes"},"schema":{"@context":"https:\/\/schema.org","@graph":[{"@type":"WebPage","@id":"https:\/\/www.cruillabarcelona.cat\/en\/jovanotti-cruilla-2026\/","url":"https:\/\/www.cruillabarcelona.cat\/en\/jovanotti-cruilla-2026\/","name":"Jovanotti concert on July 11th at Festival Cru\u00eflla 2026!","isPartOf":{"@id":"https:\/\/www.cruillabarcelona.cat\/en\/#website"},"primaryImageOfPage":{"@id":"https:\/\/www.cruillabarcelona.cat\/en\/jovanotti-cruilla-2026\/#primaryimage"},"image":{"@id":"https:\/\/www.cruillabarcelona.cat\/en\/jovanotti-cruilla-2026\/#primaryimage"},"thumbnailUrl":"https:\/\/www.cruillabarcelona.cat\/wp-content\/uploads\/2025\/11\/maikid_43_verona-3794-Enhanced-NR-scaled.jpg","datePublished":"2025-11-14T09:54:55+00:00","dateModified":"2025-11-14T12:40:55+00:00","description":"Buy tickets for the Jovanotti concert and many more at the Festival Cru\u00eflla 2026, on July 11th at Parc del F\u00f2rum in Barcelona.","breadcrumb":{"@id":"https:\/\/www.cruillabarcelona.cat\/en\/jovanotti-cruilla-2026\/#breadcrumb"},"inLanguage":"en-US","potentialAction":[{"@type":"ReadAction","target":["https:\/\/www.cruillabarcelona.cat\/en\/jovanotti-cruilla-2026\/"]}]},{"@type":"ImageObject","inLanguage":"en-US","@id":"https:\/\/www.cruillabarcelona.cat\/en\/jovanotti-cruilla-2026\/#primaryimage","url":"https:\/\/www.cruillabarcelona.cat\/wp-content\/uploads\/2025\/11\/maikid_43_verona-3794-Enhanced-NR-scaled.jpg","contentUrl":"https:\/\/www.cruillabarcelona.cat\/wp-content\/uploads\/2025\/11\/maikid_43_verona-3794-Enhanced-NR-scaled.jpg","width":2560,"height":1707},{"@type":"BreadcrumbList","@id":"https:\/\/www.cruillabarcelona.cat\/en\/jovanotti-cruilla-2026\/#breadcrumb","itemListElement":[{"@type":"ListItem","position":1,"name":"Home","item":"https:\/\/www.cruillabarcelona.cat\/en\/"},{"@type":"ListItem","position":2,"name":"Jovanotti at Festival Cru\u00eflla 2026!"}]},{"@type":"WebSite","@id":"https:\/\/www.cruillabarcelona.cat\/en\/#website","url":"https:\/\/www.cruillabarcelona.cat\/en\/","name":"Festival Cru\u00eflla","description":"","publisher":{"@id":"https:\/\/www.cruillabarcelona.cat\/en\/#organization"},"potentialAction":[{"@type":"SearchAction","target":{"@type":"EntryPoint","urlTemplate":"https:\/\/www.cruillabarcelona.cat\/en\/?s={search_term_string}"},"query-input":{"@type":"PropertyValueSpecification","valueRequired":true,"valueName":"search_term_string"}}],"inLanguage":"en-US"},{"@type":"Organization","@id":"https:\/\/www.cruillabarcelona.cat\/en\/#organization","name":"Festival Cru\u00eflla","url":"https:\/\/www.cruillabarcelona.cat\/en\/","logo":{"@type":"ImageObject","inLanguage":"en-US","@id":"https:\/\/www.cruillabarcelona.cat\/en\/#\/schema\/logo\/image\/","url":"https:\/\/www.cruillabarcelona.cat\/wp-content\/uploads\/2025\/12\/cruill-logo-negativo.png","contentUrl":"https:\/\/www.cruillabarcelona.cat\/wp-content\/uploads\/2025\/12\/cruill-logo-negativo.png","width":400,"height":101,"caption":"Festival Cru\u00eflla"},"image":{"@id":"https:\/\/www.cruillabarcelona.cat\/en\/#\/schema\/logo\/image\/"}}]}},"_links":{"self":[{"href":"https:\/\/www.cruillabarcelona.cat\/en\/wp-json\/wp\/v2\/pages\/61250","targetHints":{"allow":["GET"]}}],"collection":[{"href":"https:\/\/www.cruillabarcelona.cat\/en\/wp-json\/wp\/v2\/pages"}],"about":[{"href":"https:\/\/www.cruillabarcelona.cat\/en\/wp-json\/wp\/v2\/types\/page"}],"author":[{"embeddable":true,"href":"https:\/\/www.cruillabarcelona.cat\/en\/wp-json\/wp\/v2\/users\/2"}],"replies":[{"embeddable":true,"href":"https:\/\/www.cruillabarcelona.cat\/en\/wp-json\/wp\/v2\/comments?post=61250"}],"version-history":[{"count":5,"href":"https:\/\/www.cruillabarcelona.cat\/en\/wp-json\/wp\/v2\/pages\/61250\/revisions"}],"predecessor-version":[{"id":61288,"href":"https:\/\/www.cruillabarcelona.cat\/en\/wp-json\/wp\/v2\/pages\/61250\/revisions\/61288"}],"wp:featuredmedia":[{"embeddable":true,"href":"https:\/\/www.cruillabarcelona.cat\/en\/wp-json\/wp\/v2\/media\/61273"}],"wp:attachment":[{"href":"https:\/\/www.cruillabarcelona.cat\/en\/wp-json\/wp\/v2\/media?parent=61250"}],"curies":[{"name":"wp","href":"https:\/\/api.w.org\/{rel}","templated":true}]}}