{"id":62717,"date":"2019-05-16T15:43:10","date_gmt":"2019-05-16T13:43:10","guid":{"rendered":"https:\/\/www.cruillabarcelona.cat\/comedia\/"},"modified":"2026-02-27T13:50:19","modified_gmt":"2026-02-27T11:50:19","slug":"comedia","status":"publish","type":"page","link":"https:\/\/www.cruillabarcelona.cat\/en\/comedia\/","title":{"rendered":"Cru\u00eflla Com\u00e8dia"},"content":{"rendered":"\n<div class=\"wp-block-cover alignfull has-custom-content-position is-position-bottom-left\" style=\"min-height:600px;aspect-ratio:unset;\"><img loading=\"lazy\" decoding=\"async\" width=\"1500\" height=\"500\" class=\"wp-block-cover__image-background wp-image-56946 size-full\" alt=\"Cru\u00eflla com\u00e8dia\" src=\"https:\/\/www.cruillabarcelona.cat\/wp-content\/uploads\/2025\/03\/LandingWeb2.jpg\" data-object-fit=\"cover\" srcset=\"https:\/\/www.cruillabarcelona.cat\/wp-content\/uploads\/2025\/03\/LandingWeb2.jpg 1500w, https:\/\/www.cruillabarcelona.cat\/wp-content\/uploads\/2025\/03\/LandingWeb2-1024x341.jpg 1024w, https:\/\/www.cruillabarcelona.cat\/wp-content\/uploads\/2025\/03\/LandingWeb2-768x256.jpg 768w, https:\/\/www.cruillabarcelona.cat\/wp-content\/uploads\/2025\/03\/LandingWeb2-300x100.jpg 300w\" sizes=\"auto, (max-width: 1500px) 100vw, 1500px\" \/><span aria-hidden=\"true\" class=\"wp-block-cover__background has-background-dim-70 has-background-dim wp-block-cover__gradient-background has-background-gradient\" style=\"background:linear-gradient(0deg,rgb(0,0,0) 0%,rgba(0,0,0,0) 33%)\"><\/span><div class=\"wp-block-cover__inner-container is-layout-flow wp-block-cover-is-layout-flow\"><h2 style=\"text-transform:uppercase;\" class=\"has-link-color wp-elements-27ac821ea27ea6c200b651281d2825a2 wp-block-post-title has-text-color has-background-color has-xx-large-font-size\">Cru\u00eflla Com\u00e8dia<\/h2><\/div><\/div>\n\n\n\n\n<div id=\"marquee-block_58c07e7f370e12ec851d532fe87034ec-8950\" class=\"marquee wp-elements-f5f4ca61ef48e2b72b7cbfd534d3237f has-background-color has-foreground-background-color\" style=\"margin:0;\">\n\n    <div class=\"content\">\n    <div class=\"acf-innerblocks-container\">\n\n<div class=\"wp-block-group is-nowrap is-layout-flex wp-container-core-group-is-layout-41c4bebd wp-block-group-is-layout-flex\" style=\"padding-top:0;padding-bottom:0\">\n<p class=\"has-text-align-left block__paragraph has-primary-color has-text-color has-link-color has-small-font-size wp-elements-21bf9b943a1431e18cea91c82d6fed29\" style=\"margin-top:0;margin-right:0;margin-bottom:0;margin-left:0;padding-top:0;padding-right:0;padding-bottom:0;padding-left:0\"><strong>M\u00daSICA<\/strong><\/p>\n\n\n\n\n<div class=\"icon-circle svg-icon disable-click-for-preview wp-elements-d0a3c00aaff51a51a7335f7ed0d9cbbd has-foreground-color solid tiny\">\n<svg class=\"icon\" viewBox=\"0 0 60 60\"><use xlink:href=\"#cruilla\"><\/use><\/svg><\/div>\n\n\n\n<p class=\"has-text-align-left block__paragraph has-primary-color has-text-color has-link-color has-small-font-size wp-elements-b9756c9464f6e7a37a2ba1405062f9f9\" style=\"margin-top:0;margin-right:0;margin-bottom:0;margin-left:0;padding-top:0;padding-right:0;padding-bottom:0;padding-left:0\"><strong>COM\u00c8DIA<\/strong><\/p>\n\n\n\n\n<div class=\"icon-circle svg-icon disable-click-for-preview wp-elements-d0a3c00aaff51a51a7335f7ed0d9cbbd has-foreground-color solid tiny\">\n<svg class=\"icon\" viewBox=\"0 0 60 60\"><use xlink:href=\"#cruilla\"><\/use><\/svg><\/div>\n\n\n\n<p class=\"has-text-align-left block__paragraph has-primary-color has-text-color has-link-color has-small-font-size wp-elements-db74b0bcff7e3d50d9a96c72d9f2ef3b\" style=\"margin-top:0;margin-right:0;margin-bottom:0;margin-left:0;padding-top:0;padding-right:0;padding-bottom:0;padding-left:0\"><strong>ARTS<\/strong><\/p>\n\n\n\n\n<div class=\"icon-circle svg-icon disable-click-for-preview wp-elements-d0a3c00aaff51a51a7335f7ed0d9cbbd has-foreground-color solid tiny\">\n<svg class=\"icon\" viewBox=\"0 0 60 60\"><use xlink:href=\"#cruilla\"><\/use><\/svg><\/div>\n\n\n\n<p class=\"has-text-align-left block__paragraph has-primary-color has-text-color has-link-color has-small-font-size wp-elements-5926a2bfa900bc860de86571225ca7c9\" style=\"margin-top:0;margin-right:0;margin-bottom:0;margin-left:0;padding-top:0;padding-right:0;padding-bottom:0;padding-left:0\"><strong>SOSTENIBILITAT<\/strong><\/p>\n\n\n\n\n<div class=\"icon-circle svg-icon disable-click-for-preview wp-elements-d0a3c00aaff51a51a7335f7ed0d9cbbd has-foreground-color solid tiny\">\n<svg class=\"icon\" viewBox=\"0 0 60 60\"><use xlink:href=\"#cruilla\"><\/use><\/svg><\/div>\n\n\n\n<p class=\"has-text-align-left block__paragraph has-primary-color has-text-color has-link-color has-small-font-size wp-elements-c25bcd1430a8b0e7d006327f2a56df16\" style=\"margin-top:0;margin-right:0;margin-bottom:0;margin-left:0;padding-top:0;padding-right:0;padding-bottom:0;padding-left:0\"><strong>Del 8 a l&#8217;11 de juliol<\/strong><\/p>\n\n\n\n\n<div class=\"icon-circle svg-icon disable-click-for-preview wp-elements-d0a3c00aaff51a51a7335f7ed0d9cbbd has-foreground-color solid tiny\">\n<svg class=\"icon\" viewBox=\"0 0 60 60\"><use xlink:href=\"#cruilla\"><\/use><\/svg><\/div>\n\n\n\n<p class=\"has-text-align-left block__paragraph has-primary-color has-text-color has-link-color has-small-font-size wp-elements-21bf9b943a1431e18cea91c82d6fed29\" style=\"margin-top:0;margin-right:0;margin-bottom:0;margin-left:0;padding-top:0;padding-right:0;padding-bottom:0;padding-left:0\"><strong>M\u00daSICA<\/strong><\/p>\n\n\n\n\n<div class=\"icon-circle svg-icon disable-click-for-preview wp-elements-eacfd610ed206c74092dc7b81685447d has-transparent-color solid tiny\">\n<svg class=\"icon\" viewBox=\"0 0 60 60\"><use xlink:href=\"#cruilla\"><\/use><\/svg><\/div>\n\n\n\n<p class=\"has-text-align-left block__paragraph has-primary-color has-text-color has-link-color has-small-font-size wp-elements-b9756c9464f6e7a37a2ba1405062f9f9\" style=\"margin-top:0;margin-right:0;margin-bottom:0;margin-left:0;padding-top:0;padding-right:0;padding-bottom:0;padding-left:0\"><strong>COM\u00c8DIA<\/strong><\/p>\n\n\n\n\n<div class=\"icon-circle svg-icon disable-click-for-preview wp-elements-d0a3c00aaff51a51a7335f7ed0d9cbbd has-foreground-color solid tiny\">\n<svg class=\"icon\" viewBox=\"0 0 60 60\"><use xlink:href=\"#cruilla\"><\/use><\/svg><\/div>\n\n\n\n<p class=\"has-text-align-left block__paragraph has-primary-color has-text-color has-link-color has-small-font-size wp-elements-db74b0bcff7e3d50d9a96c72d9f2ef3b\" style=\"margin-top:0;margin-right:0;margin-bottom:0;margin-left:0;padding-top:0;padding-right:0;padding-bottom:0;padding-left:0\"><strong>ARTS<\/strong><\/p>\n\n\n\n\n<div class=\"icon-circle svg-icon disable-click-for-preview wp-elements-d0a3c00aaff51a51a7335f7ed0d9cbbd has-foreground-color solid tiny\">\n<svg class=\"icon\" viewBox=\"0 0 60 60\"><use xlink:href=\"#cruilla\"><\/use><\/svg><\/div>\n\n\n\n<p class=\"has-text-align-left block__paragraph has-primary-color has-text-color has-link-color has-small-font-size wp-elements-5926a2bfa900bc860de86571225ca7c9\" style=\"margin-top:0;margin-right:0;margin-bottom:0;margin-left:0;padding-top:0;padding-right:0;padding-bottom:0;padding-left:0\"><strong>SOSTENIBILITAT<\/strong><\/p>\n\n\n\n\n<div class=\"icon-circle svg-icon disable-click-for-preview wp-elements-d0a3c00aaff51a51a7335f7ed0d9cbbd has-foreground-color solid tiny\">\n<svg class=\"icon\" viewBox=\"0 0 60 60\"><use xlink:href=\"#cruilla\"><\/use><\/svg><\/div>\n\n\n\n<p class=\"has-text-align-left block__paragraph has-primary-color has-text-color has-link-color has-small-font-size wp-elements-c25bcd1430a8b0e7d006327f2a56df16\" style=\"margin-top:0;margin-right:0;margin-bottom:0;margin-left:0;padding-top:0;padding-right:0;padding-bottom:0;padding-left:0\"><strong>Del 8 a l&#8217;11 de juliol<\/strong><\/p>\n\n\n\n\n<div class=\"icon-circle svg-icon disable-click-for-preview wp-elements-d0a3c00aaff51a51a7335f7ed0d9cbbd has-foreground-color solid tiny\">\n<svg class=\"icon\" viewBox=\"0 0 60 60\"><use xlink:href=\"#cruilla\"><\/use><\/svg><\/div>\n<\/div>\n\n<\/div>    <\/div>\n\n\n\n<\/div>\n\n<script>\n    document.addEventListener(\"DOMContentLoaded\", function () {\n        function Marquee(selector, speed) {\n        const parentSelector = document.querySelector(selector);\n        const clone = parentSelector.innerHTML;\n        const firstElement = parentSelector.children[0];\n        let i = 0;\n        console.log(firstElement);\n        parentSelector.insertAdjacentHTML('beforeend', clone);\n        parentSelector.insertAdjacentHTML('beforeend', clone);\n\n        setInterval(function () {\n            firstElement.style.marginLeft = `-${i}px`;\n            if (i > firstElement.clientWidth) {\n                i = 0;\n            }\n            i = i + speed;\n        }, 0);\n    }\n\n    \/\/ After window is completed load\n    \/\/ 1) CLASS or ID selector for marquee\n    \/\/ 2) marquee speed 0.2\n    window.addEventListener('load', Marquee('#marquee-block_58c07e7f370e12ec851d532fe87034ec-8950', 0.2))\n    });\n<\/script>\n\n\n<div class=\"wp-block-group has-background-color has-foreground-background-color has-text-color has-background has-link-color wp-elements-786669481c078c19df86ca734f5a360b has-global-padding is-layout-constrained wp-container-core-group-is-layout-c5bbea69 wp-block-group-is-layout-constrained\">\n<h2 class=\"wp-block-heading has-extra-2-color has-text-color has-link-color has-x-large-font-size wp-elements-85607624c1839dea6d3af076ae890a0b\">THE COMEDY, SEVEN YEARS AS ONE OF THE PILLARS OF THE FESTIVAL CRU\u00cfLLA!<\/h2>\n\n\n\n<div class=\"wp-block-columns is-layout-flex wp-container-core-columns-is-layout-f5a44f5b wp-block-columns-is-layout-flex\">\n<div class=\"wp-block-column is-layout-flow wp-block-column-is-layout-flow\">\n<p class=\"has-medium-font-size\">Although music was initially the epicenter of the\u00a0<strong>Festival<\/strong>\u00a0<strong>Cru\u00eflla<\/strong>, the truth is that since our first edition we have been very interested in incorporating other artistic disciplines into our program, including circus and urban art, among many others. In 2019, after noticing that a large part of our audience was becoming interested in it and that\u00a0<strong>stand-up comedy in Catalan<\/strong>\u00a0was gaining ground, we added comedy!<br><\/p>\n<\/div>\n\n\n\n<div class=\"wp-block-column is-layout-flow wp-block-column-is-layout-flow\">\n<p class=\"has-medium-font-size\">With a lineup headed by big names in Spanish comedy such as Valeria Ros, Susi Caramelo and Iggy Rub\u00edn, as well as local comedians who would soon become household names, such as Modgi, Tom\u00e1s Fuentes, and Charlie Pee, the first\u00a0<strong>Cru\u00eflla Comedy<\/strong>\u00a0brought together two days of social criticism, subtle irony, dark humor, absurd jokes, personal anecdotes, and, in short, the best comedy to confirm that it had a bright\u00a0<strong>future<\/strong>\u00a0at the festival.<\/p>\n<\/div>\n<\/div>\n<\/div>\n\n\n\n<div class=\"wp-block-cover parallax-image-container\" style=\"margin-top:0;margin-bottom:0\"><img loading=\"lazy\" decoding=\"async\" width=\"1024\" height=\"683\" class=\"wp-block-cover__image-background wp-image-55334 size-large\" alt=\"\" src=\"https:\/\/www.cruillabarcelona.cat\/wp-content\/uploads\/2024\/10\/COMEDY-03552_PhotoMireiaLlaguno-1024x683.jpg\" data-object-fit=\"cover\" srcset=\"https:\/\/www.cruillabarcelona.cat\/wp-content\/uploads\/2024\/10\/COMEDY-03552_PhotoMireiaLlaguno-1024x683.jpg 1024w, https:\/\/www.cruillabarcelona.cat\/wp-content\/uploads\/2024\/10\/COMEDY-03552_PhotoMireiaLlaguno-768x512.jpg 768w, https:\/\/www.cruillabarcelona.cat\/wp-content\/uploads\/2024\/10\/COMEDY-03552_PhotoMireiaLlaguno-1536x1024.jpg 1536w, https:\/\/www.cruillabarcelona.cat\/wp-content\/uploads\/2024\/10\/COMEDY-03552_PhotoMireiaLlaguno-2048x1366.jpg 2048w, https:\/\/www.cruillabarcelona.cat\/wp-content\/uploads\/2024\/10\/COMEDY-03552_PhotoMireiaLlaguno-300x200.jpg 300w, https:\/\/www.cruillabarcelona.cat\/wp-content\/uploads\/2024\/10\/COMEDY-03552_PhotoMireiaLlaguno-1500x1000.jpg 1500w\" sizes=\"auto, (max-width: 1024px) 100vw, 1024px\" \/><span aria-hidden=\"true\" class=\"wp-block-cover__background has-foreground-background-color has-background-dim-0 has-background-dim\"><\/span><div class=\"wp-block-cover__inner-container is-layout-flow wp-block-cover-is-layout-flow\">\n<p class=\"has-text-align-center has-large-font-size\"><\/p>\n<\/div><\/div>\n\n\n\n<div class=\"wp-block-group has-background-color has-foreground-background-color has-text-color has-background has-link-color wp-elements-dccfe05724f0b810ca4b15fafe141928 has-global-padding is-layout-constrained wp-container-core-group-is-layout-bea02a06 wp-block-group-is-layout-constrained\">\n<p class=\"has-medium-font-size\">However, the following year, the&nbsp;<strong>pandemic<\/strong>&nbsp;forced us to rethink the festival and, consequently, our comedy program. During July and August, more than thirty comedians performed in the&nbsp;<strong>Jard\u00ed del Museu Mar\u00edtim in Barcelona<\/strong>, reminding us that, no matter what happens, we will always have the sense of humor!<\/p>\n\n\n\n<p class=\"has-medium-font-size\">From 2021, with an edition that was closer to the normality we had experienced until then, until 2025, when we celebrated our fifteenth anniversary, comedy has continued to be present at the Festival Cru\u00eflla with&nbsp;<strong>two days of stand-up<\/strong>, demonstrating that this discipline has established itself not only as an&nbsp;<strong>essential<\/strong>&nbsp;part of our program, but also of our country\u2019s cultural offering.<\/p>\n<\/div>\n\n\n\n<div class=\"wp-block-cover parallax-image-container\" style=\"margin-top:0;margin-bottom:0\"><img loading=\"lazy\" decoding=\"async\" width=\"1024\" height=\"683\" class=\"wp-block-cover__image-background wp-image-52187 size-large\" alt=\"\" src=\"https:\/\/www.cruillabarcelona.cat\/wp-content\/uploads\/2024\/03\/COMEDY_230708_\u00a9eyesssence_111-1-1-1024x683.jpg\" data-object-fit=\"cover\" srcset=\"https:\/\/www.cruillabarcelona.cat\/wp-content\/uploads\/2024\/03\/COMEDY_230708_\u00a9eyesssence_111-1-1-1024x683.jpg 1024w, https:\/\/www.cruillabarcelona.cat\/wp-content\/uploads\/2024\/03\/COMEDY_230708_\u00a9eyesssence_111-1-1-768x512.jpg 768w, https:\/\/www.cruillabarcelona.cat\/wp-content\/uploads\/2024\/03\/COMEDY_230708_\u00a9eyesssence_111-1-1-1536x1024.jpg 1536w, https:\/\/www.cruillabarcelona.cat\/wp-content\/uploads\/2024\/03\/COMEDY_230708_\u00a9eyesssence_111-1-1-2048x1365.jpg 2048w, https:\/\/www.cruillabarcelona.cat\/wp-content\/uploads\/2024\/03\/COMEDY_230708_\u00a9eyesssence_111-1-1-300x200.jpg 300w, https:\/\/www.cruillabarcelona.cat\/wp-content\/uploads\/2024\/03\/COMEDY_230708_\u00a9eyesssence_111-1-1-1500x1000.jpg 1500w\" sizes=\"auto, (max-width: 1024px) 100vw, 1024px\" \/><span aria-hidden=\"true\" class=\"wp-block-cover__background has-foreground-background-color has-background-dim-0 has-background-dim\"><\/span><div class=\"wp-block-cover__inner-container is-layout-flow wp-block-cover-is-layout-flow\">\n<p class=\"has-text-align-center has-large-font-size\"><\/p>\n<\/div><\/div>\n\n\n\n<div class=\"wp-block-group has-background-color has-foreground-background-color has-text-color has-background has-link-color wp-elements-c3a66c22a6f34e7805c61403e3c6049a has-global-padding is-layout-constrained wp-container-core-group-is-layout-bea02a06 wp-block-group-is-layout-constrained\">\n<p class=\"has-medium-font-size\">FOutside of the summer festival, in March 2022 we organized the\u00a0<strong>In Risus Fest<\/strong>, and in the fall of 2023, 2024, and 2025, the\u00a0<strong>Cru\u00eflla Com\u00e8dia<\/strong>\u00a0festival, which in its third edition changed its name to\u00a0<strong>Festival Hil\u00e0ria<\/strong>. In these editions, we are committed to the creation and promotion of new comedy formats, mostly in Catalan and completely original.<\/p>\n\n\n\n<p class=\"has-medium-font-size\">In addition, since November 2024, we have been managing\u00a0<strong>El Molino<\/strong>\u00a0de Barcelona, the iconic venue on Paral\u00b7lel, where we have offered a weekly stand-up program during its first season with\u00a0<strong>Hil\u00e0ria<\/strong>, our comedy label, through which we organize shows and accompany a roster of comedians in theirs.<\/p>\n<\/div>\n\n\n\n<div class=\"wp-block-group has-extra-2-background-color has-background is-layout-flow wp-container-core-group-is-layout-f8ad9a2d wp-block-group-is-layout-flow\" style=\"margin-top:0;margin-bottom:0;padding-top:var(--wp--preset--spacing--60);padding-right:0;padding-bottom:var(--wp--preset--spacing--20);padding-left:0\">\n<h2 class=\"wp-block-heading has-text-align-center has-large-font-size\" style=\"text-transform:uppercase\">soon: line up comedy 2026<\/h2>\n<\/div>\n\n\n\n<p><\/p>\n","protected":false},"excerpt":{"rendered":"<p>THE COMEDY, SEVEN YEARS AS ONE OF THE PILLARS OF THE FESTIVAL CRU\u00cfLLA! Although music was initially the epicenter of the\u00a0Festival\u00a0Cru\u00eflla, the truth is that since [&hellip;]<\/p>\n","protected":false},"author":2,"featured_media":24313,"parent":0,"menu_order":0,"comment_status":"closed","ping_status":"closed","template":"","meta":{"_acf_changed":false,"footnotes":""},"class_list":["post-62717","page","type-page","status-publish","has-post-thumbnail","hentry"],"acf":[],"yoast_head":"<!-- This site is optimized with the Yoast SEO plugin v27.3 - https:\/\/yoast.com\/product\/yoast-seo-wordpress\/ -->\n<title>Descobreix la programaci\u00f3 del Cru\u00eflla Comedy - Festival Cru\u00eflla<\/title>\n<meta name=\"robots\" content=\"index, follow, max-snippet:-1, max-image-preview:large, max-video-preview:-1\" \/>\n<link rel=\"canonical\" href=\"https:\/\/www.cruillabarcelona.cat\/en\/comedia\/\" \/>\n<meta property=\"og:locale\" content=\"en_US\" \/>\n<meta property=\"og:type\" content=\"article\" \/>\n<meta property=\"og:title\" content=\"Descobreix la programaci\u00f3 del Cru\u00eflla Comedy - Festival Cru\u00eflla\" \/>\n<meta property=\"og:description\" content=\"THE COMEDY, SEVEN YEARS AS ONE OF THE PILLARS OF THE FESTIVAL CRU\u00cfLLA! Although music was initially the epicenter of the\u00a0Festival\u00a0Cru\u00eflla, the truth is that since [&hellip;]\" \/>\n<meta property=\"og:url\" content=\"https:\/\/www.cruillabarcelona.cat\/en\/comedia\/\" \/>\n<meta property=\"og:site_name\" content=\"Festival Cru\u00eflla\" \/>\n<meta property=\"article:modified_time\" content=\"2026-02-27T11:50:19+00:00\" \/>\n<meta property=\"og:image\" content=\"https:\/\/www.cruillabarcelona.cat\/wp-content\/uploads\/2019\/05\/PortadaWeb_Crui\u0308llaComedy7.jpg\" \/>\n\t<meta property=\"og:image:width\" content=\"6250\" \/>\n\t<meta property=\"og:image:height\" content=\"2083\" \/>\n\t<meta property=\"og:image:type\" content=\"image\/jpeg\" \/>\n<meta name=\"twitter:card\" content=\"summary_large_image\" \/>\n<meta name=\"twitter:label1\" content=\"Est. reading time\" \/>\n\t<meta name=\"twitter:data1\" content=\"3 minutes\" \/>\n<script type=\"application\/ld+json\" class=\"yoast-schema-graph\">{\"@context\":\"https:\\\/\\\/schema.org\",\"@graph\":[{\"@type\":\"WebPage\",\"@id\":\"https:\\\/\\\/www.cruillabarcelona.cat\\\/en\\\/comedia\\\/\",\"url\":\"https:\\\/\\\/www.cruillabarcelona.cat\\\/en\\\/comedia\\\/\",\"name\":\"Descobreix la programaci\u00f3 del Cru\u00eflla Comedy - Festival Cru\u00eflla\",\"isPartOf\":{\"@id\":\"https:\\\/\\\/www.cruillabarcelona.cat\\\/en\\\/#website\"},\"primaryImageOfPage\":{\"@id\":\"https:\\\/\\\/www.cruillabarcelona.cat\\\/en\\\/comedia\\\/#primaryimage\"},\"image\":{\"@id\":\"https:\\\/\\\/www.cruillabarcelona.cat\\\/en\\\/comedia\\\/#primaryimage\"},\"thumbnailUrl\":\"https:\\\/\\\/www.cruillabarcelona.cat\\\/wp-content\\\/uploads\\\/2019\\\/05\\\/PortadaWeb_Crui\u0308llaComedy7.jpg\",\"datePublished\":\"2019-05-16T13:43:10+00:00\",\"dateModified\":\"2026-02-27T11:50:19+00:00\",\"breadcrumb\":{\"@id\":\"https:\\\/\\\/www.cruillabarcelona.cat\\\/en\\\/comedia\\\/#breadcrumb\"},\"inLanguage\":\"en-US\",\"potentialAction\":[{\"@type\":\"ReadAction\",\"target\":[\"https:\\\/\\\/www.cruillabarcelona.cat\\\/en\\\/comedia\\\/\"]}]},{\"@type\":\"ImageObject\",\"inLanguage\":\"en-US\",\"@id\":\"https:\\\/\\\/www.cruillabarcelona.cat\\\/en\\\/comedia\\\/#primaryimage\",\"url\":\"https:\\\/\\\/www.cruillabarcelona.cat\\\/wp-content\\\/uploads\\\/2019\\\/05\\\/PortadaWeb_Crui\u0308llaComedy7.jpg\",\"contentUrl\":\"https:\\\/\\\/www.cruillabarcelona.cat\\\/wp-content\\\/uploads\\\/2019\\\/05\\\/PortadaWeb_Crui\u0308llaComedy7.jpg\",\"width\":6250,\"height\":2083},{\"@type\":\"BreadcrumbList\",\"@id\":\"https:\\\/\\\/www.cruillabarcelona.cat\\\/en\\\/comedia\\\/#breadcrumb\",\"itemListElement\":[{\"@type\":\"ListItem\",\"position\":1,\"name\":\"Home\",\"item\":\"https:\\\/\\\/www.cruillabarcelona.cat\\\/en\\\/\"},{\"@type\":\"ListItem\",\"position\":2,\"name\":\"Cru\u00eflla Com\u00e8dia\"}]},{\"@type\":\"WebSite\",\"@id\":\"https:\\\/\\\/www.cruillabarcelona.cat\\\/en\\\/#website\",\"url\":\"https:\\\/\\\/www.cruillabarcelona.cat\\\/en\\\/\",\"name\":\"Festival Cru\u00eflla\",\"description\":\"\",\"publisher\":{\"@id\":\"https:\\\/\\\/www.cruillabarcelona.cat\\\/en\\\/#organization\"},\"potentialAction\":[{\"@type\":\"SearchAction\",\"target\":{\"@type\":\"EntryPoint\",\"urlTemplate\":\"https:\\\/\\\/www.cruillabarcelona.cat\\\/en\\\/?s={search_term_string}\"},\"query-input\":{\"@type\":\"PropertyValueSpecification\",\"valueRequired\":true,\"valueName\":\"search_term_string\"}}],\"inLanguage\":\"en-US\"},{\"@type\":\"Organization\",\"@id\":\"https:\\\/\\\/www.cruillabarcelona.cat\\\/en\\\/#organization\",\"name\":\"Festival Cru\u00eflla\",\"url\":\"https:\\\/\\\/www.cruillabarcelona.cat\\\/en\\\/\",\"logo\":{\"@type\":\"ImageObject\",\"inLanguage\":\"en-US\",\"@id\":\"https:\\\/\\\/www.cruillabarcelona.cat\\\/en\\\/#\\\/schema\\\/logo\\\/image\\\/\",\"url\":\"https:\\\/\\\/www.cruillabarcelona.cat\\\/wp-content\\\/uploads\\\/2025\\\/12\\\/cruill-logo-negativo.png\",\"contentUrl\":\"https:\\\/\\\/www.cruillabarcelona.cat\\\/wp-content\\\/uploads\\\/2025\\\/12\\\/cruill-logo-negativo.png\",\"width\":400,\"height\":101,\"caption\":\"Festival Cru\u00eflla\"},\"image\":{\"@id\":\"https:\\\/\\\/www.cruillabarcelona.cat\\\/en\\\/#\\\/schema\\\/logo\\\/image\\\/\"}}]}<\/script>\n<!-- \/ Yoast SEO plugin. -->","yoast_head_json":{"title":"Descobreix la programaci\u00f3 del Cru\u00eflla Comedy - Festival Cru\u00eflla","robots":{"index":"index","follow":"follow","max-snippet":"max-snippet:-1","max-image-preview":"max-image-preview:large","max-video-preview":"max-video-preview:-1"},"canonical":"https:\/\/www.cruillabarcelona.cat\/en\/comedia\/","og_locale":"en_US","og_type":"article","og_title":"Descobreix la programaci\u00f3 del Cru\u00eflla Comedy - Festival Cru\u00eflla","og_description":"THE COMEDY, SEVEN YEARS AS ONE OF THE PILLARS OF THE FESTIVAL CRU\u00cfLLA! Although music was initially the epicenter of the\u00a0Festival\u00a0Cru\u00eflla, the truth is that since [&hellip;]","og_url":"https:\/\/www.cruillabarcelona.cat\/en\/comedia\/","og_site_name":"Festival Cru\u00eflla","article_modified_time":"2026-02-27T11:50:19+00:00","og_image":[{"width":6250,"height":2083,"url":"https:\/\/www.cruillabarcelona.cat\/wp-content\/uploads\/2019\/05\/PortadaWeb_Crui\u0308llaComedy7.jpg","type":"image\/jpeg"}],"twitter_card":"summary_large_image","twitter_misc":{"Est. reading time":"3 minutes"},"schema":{"@context":"https:\/\/schema.org","@graph":[{"@type":"WebPage","@id":"https:\/\/www.cruillabarcelona.cat\/en\/comedia\/","url":"https:\/\/www.cruillabarcelona.cat\/en\/comedia\/","name":"Descobreix la programaci\u00f3 del Cru\u00eflla Comedy - Festival Cru\u00eflla","isPartOf":{"@id":"https:\/\/www.cruillabarcelona.cat\/en\/#website"},"primaryImageOfPage":{"@id":"https:\/\/www.cruillabarcelona.cat\/en\/comedia\/#primaryimage"},"image":{"@id":"https:\/\/www.cruillabarcelona.cat\/en\/comedia\/#primaryimage"},"thumbnailUrl":"https:\/\/www.cruillabarcelona.cat\/wp-content\/uploads\/2019\/05\/PortadaWeb_Crui\u0308llaComedy7.jpg","datePublished":"2019-05-16T13:43:10+00:00","dateModified":"2026-02-27T11:50:19+00:00","breadcrumb":{"@id":"https:\/\/www.cruillabarcelona.cat\/en\/comedia\/#breadcrumb"},"inLanguage":"en-US","potentialAction":[{"@type":"ReadAction","target":["https:\/\/www.cruillabarcelona.cat\/en\/comedia\/"]}]},{"@type":"ImageObject","inLanguage":"en-US","@id":"https:\/\/www.cruillabarcelona.cat\/en\/comedia\/#primaryimage","url":"https:\/\/www.cruillabarcelona.cat\/wp-content\/uploads\/2019\/05\/PortadaWeb_Crui\u0308llaComedy7.jpg","contentUrl":"https:\/\/www.cruillabarcelona.cat\/wp-content\/uploads\/2019\/05\/PortadaWeb_Crui\u0308llaComedy7.jpg","width":6250,"height":2083},{"@type":"BreadcrumbList","@id":"https:\/\/www.cruillabarcelona.cat\/en\/comedia\/#breadcrumb","itemListElement":[{"@type":"ListItem","position":1,"name":"Home","item":"https:\/\/www.cruillabarcelona.cat\/en\/"},{"@type":"ListItem","position":2,"name":"Cru\u00eflla Com\u00e8dia"}]},{"@type":"WebSite","@id":"https:\/\/www.cruillabarcelona.cat\/en\/#website","url":"https:\/\/www.cruillabarcelona.cat\/en\/","name":"Festival Cru\u00eflla","description":"","publisher":{"@id":"https:\/\/www.cruillabarcelona.cat\/en\/#organization"},"potentialAction":[{"@type":"SearchAction","target":{"@type":"EntryPoint","urlTemplate":"https:\/\/www.cruillabarcelona.cat\/en\/?s={search_term_string}"},"query-input":{"@type":"PropertyValueSpecification","valueRequired":true,"valueName":"search_term_string"}}],"inLanguage":"en-US"},{"@type":"Organization","@id":"https:\/\/www.cruillabarcelona.cat\/en\/#organization","name":"Festival Cru\u00eflla","url":"https:\/\/www.cruillabarcelona.cat\/en\/","logo":{"@type":"ImageObject","inLanguage":"en-US","@id":"https:\/\/www.cruillabarcelona.cat\/en\/#\/schema\/logo\/image\/","url":"https:\/\/www.cruillabarcelona.cat\/wp-content\/uploads\/2025\/12\/cruill-logo-negativo.png","contentUrl":"https:\/\/www.cruillabarcelona.cat\/wp-content\/uploads\/2025\/12\/cruill-logo-negativo.png","width":400,"height":101,"caption":"Festival Cru\u00eflla"},"image":{"@id":"https:\/\/www.cruillabarcelona.cat\/en\/#\/schema\/logo\/image\/"}}]}},"_links":{"self":[{"href":"https:\/\/www.cruillabarcelona.cat\/en\/wp-json\/wp\/v2\/pages\/62717","targetHints":{"allow":["GET"]}}],"collection":[{"href":"https:\/\/www.cruillabarcelona.cat\/en\/wp-json\/wp\/v2\/pages"}],"about":[{"href":"https:\/\/www.cruillabarcelona.cat\/en\/wp-json\/wp\/v2\/types\/page"}],"author":[{"embeddable":true,"href":"https:\/\/www.cruillabarcelona.cat\/en\/wp-json\/wp\/v2\/users\/2"}],"replies":[{"embeddable":true,"href":"https:\/\/www.cruillabarcelona.cat\/en\/wp-json\/wp\/v2\/comments?post=62717"}],"version-history":[{"count":1,"href":"https:\/\/www.cruillabarcelona.cat\/en\/wp-json\/wp\/v2\/pages\/62717\/revisions"}],"predecessor-version":[{"id":62719,"href":"https:\/\/www.cruillabarcelona.cat\/en\/wp-json\/wp\/v2\/pages\/62717\/revisions\/62719"}],"wp:featuredmedia":[{"embeddable":true,"href":"https:\/\/www.cruillabarcelona.cat\/en\/wp-json\/wp\/v2\/media\/24313"}],"wp:attachment":[{"href":"https:\/\/www.cruillabarcelona.cat\/en\/wp-json\/wp\/v2\/media?parent=62717"}],"curies":[{"name":"wp","href":"https:\/\/api.w.org\/{rel}","templated":true}]}}