{"id":63461,"date":"2026-03-18T13:36:26","date_gmt":"2026-03-18T11:36:26","guid":{"rendered":"https:\/\/www.cruillabarcelona.cat\/?page_id=63461"},"modified":"2026-03-18T13:43:29","modified_gmt":"2026-03-18T11:43:29","slug":"cruillaescasa","status":"publish","type":"page","link":"https:\/\/www.cruillabarcelona.cat\/en\/cruillaescasa\/","title":{"rendered":"Cru\u00eflla \u00e9s casa"},"content":{"rendered":"\n<div class=\"wp-block-cover alignfull has-custom-content-position is-position-bottom-left\" style=\"min-height:600px;aspect-ratio:unset;\"><img loading=\"lazy\" decoding=\"async\" width=\"1124\" height=\"749\" class=\"wp-block-cover__image-background wp-image-63444 size-large\" alt=\"\" src=\"https:\/\/www.cruillabarcelona.cat\/wp-content\/uploads\/2026\/03\/Ambient_GISJ3874_PhotoGiselaJane-1124x749.jpg\" data-object-fit=\"cover\" srcset=\"https:\/\/www.cruillabarcelona.cat\/wp-content\/uploads\/2026\/03\/Ambient_GISJ3874_PhotoGiselaJane-1124x749.jpg 1124w, https:\/\/www.cruillabarcelona.cat\/wp-content\/uploads\/2026\/03\/Ambient_GISJ3874_PhotoGiselaJane-300x200.jpg 300w, https:\/\/www.cruillabarcelona.cat\/wp-content\/uploads\/2026\/03\/Ambient_GISJ3874_PhotoGiselaJane-800x533.jpg 800w, https:\/\/www.cruillabarcelona.cat\/wp-content\/uploads\/2026\/03\/Ambient_GISJ3874_PhotoGiselaJane-1536x1024.jpg 1536w, https:\/\/www.cruillabarcelona.cat\/wp-content\/uploads\/2026\/03\/Ambient_GISJ3874_PhotoGiselaJane-2048x1365.jpg 2048w, https:\/\/www.cruillabarcelona.cat\/wp-content\/uploads\/2026\/03\/Ambient_GISJ3874_PhotoGiselaJane-1500x1000.jpg 1500w\" sizes=\"auto, (max-width: 1124px) 100vw, 1124px\" \/><span aria-hidden=\"true\" class=\"wp-block-cover__background has-background-dim-70 has-background-dim wp-block-cover__gradient-background has-background-gradient\" style=\"background:linear-gradient(0deg,rgb(0,0,0) 0%,rgba(0,0,0,0) 33%)\"><\/span><div class=\"wp-block-cover__inner-container is-layout-flow wp-block-cover-is-layout-flow\"><h1 style=\"text-transform:uppercase;\" class=\"has-text-align-center has-link-color wp-elements-bbfe6bf4be048b6b5da945f4b1e7c6e2 wp-block-post-title has-text-color has-background-color has-xx-large-font-size\">Cru\u00eflla \u00e9s casa<\/h1><\/div><\/div>\n\n\n\n<div class=\"wp-block-group has-global-padding is-layout-constrained wp-block-group-is-layout-constrained\">\n<h2 class=\"wp-block-heading has-text-align-center\">THERE ARE PLACES YOU GO AND PLACES YOU ALWAYS COME BACK TO<\/h2>\n\n\n\n<p class=\"has-text-align-center\">At <strong>Cru\u00eflla Festival<\/strong>, we\u2019ve always done things our way: we want everyone who steps in to feel\u00a0<strong>comfortable, relaxed, and right at home<\/strong>. Cru\u00eflla is\u00a0friendly, welcoming, and easy-going, a space where\u00a0<strong>Barcelona comes alive in every detail<\/strong>, where everything feels familiar, and where you can just\u00a0be yourself.<\/p>\n<\/div>\n\n\n\n<figure class=\"wp-block-image aligncenter size-full\"><img loading=\"lazy\" decoding=\"async\" width=\"800\" height=\"450\" src=\"https:\/\/www.cruillabarcelona.cat\/wp-content\/uploads\/2026\/03\/CE26_CruillaECasa_GIF.gif\" alt=\"\" class=\"wp-image-63441\"\/><\/figure>\n\n\n\n<div class=\"wp-block-group has-global-padding is-content-justification-center is-layout-constrained wp-block-group-is-layout-constrained\">\n<h4 class=\"wp-block-heading has-text-align-center\">Artists as guests<\/h4>\n\n\n\n<p>Desfem la dist\u00e0ncia entre l\u2019escenari i el p\u00fablic: el <strong>artistes<\/strong> s\u00f3n&nbsp;<strong>els convidats de casa,<\/strong> rebuts amb la mateixa calidesa amb qu\u00e8 obrim la porta a un amic, fent de cada concert una trobada&nbsp;<strong>\u00edntima i compartida<\/strong>.<\/p>\n\n\n\n<h4 class=\"wp-block-heading has-text-align-center\">More than the lineup<\/h4>\n\n\n\n<p>It\u2019s also about what happens&nbsp;<strong>between the shows<\/strong>, at the bars, and across the festival grounds. We celebrate&nbsp;<strong>reunions, laughter, and sing-alongs that echo through the crowd<\/strong>.<\/p>\n\n\n\n<h4 class=\"wp-block-heading has-text-align-center\">Taking care of what we share<\/h4>\n\n\n\n<p>Small gestures make a big difference: from&nbsp;<strong>respecting the space around us<\/strong>&nbsp;to making sure everyone feels&nbsp;<strong>safe and welcome<\/strong>. This approach reflects our commitment to&nbsp;<strong>sustainability and social impact<\/strong>, for an audience that&nbsp;<strong>doesn\u2019t just come to enjoy, but to be part of something bigger<\/strong>.<\/p>\n<\/div>\n\n\n\n<p><\/p>\n\n\n\n<h4 class=\"wp-block-heading has-text-align-center\">July 8\u201311 we\u2019ll see you at home!<\/h4>\n\n\n\n<div class=\"wp-block-columns is-layout-flex wp-container-core-columns-is-layout-28f84493 wp-block-columns-is-layout-flex\">\n<div class=\"wp-block-column is-layout-flow wp-block-column-is-layout-flow\" style=\"flex-basis:100%\"><\/div>\n<\/div>\n\n\n\n<div class=\"wp-block-group has-global-padding is-content-justification-center is-layout-constrained wp-block-group-is-layout-constrained\">\n\n<a href=\"http:\/\/www.cruillabarcelona.com\/en\/tickets\/\" target=\"_self\" id=\"button-block_8bcfe4ddee8c1c631d04d82dc81fd2d2\" class=\"button default large default\">\nBUY YOUR TICKET HERE<\/a>\n\n<\/div>\n\n\n\n<p><\/p>\n\n\n\n<p><\/p>\n","protected":false},"excerpt":{"rendered":"<p>THERE ARE PLACES YOU GO AND PLACES YOU ALWAYS COME BACK TO At Cru\u00eflla Festival, we\u2019ve always done things our way: we want everyone who steps [&hellip;]<\/p>\n","protected":false},"author":55,"featured_media":63445,"parent":0,"menu_order":0,"comment_status":"closed","ping_status":"closed","template":"","meta":{"_acf_changed":false,"footnotes":""},"class_list":["post-63461","page","type-page","status-publish","has-post-thumbnail","hentry"],"acf":[],"yoast_head":"<!-- This site is optimized with the Yoast SEO plugin v27.3 - https:\/\/yoast.com\/product\/yoast-seo-wordpress\/ -->\n<title>Cru\u00eflla \u00e9s casa - Festival Cru\u00eflla<\/title>\n<meta name=\"description\" content=\"At Cru\u00eflla Festival, we\u2019ve always done things our way: we want everyone who steps in to feel\u00a0comfortable, relaxed, and right at home.\" \/>\n<meta name=\"robots\" content=\"index, follow, max-snippet:-1, max-image-preview:large, max-video-preview:-1\" \/>\n<link rel=\"canonical\" href=\"https:\/\/www.cruillabarcelona.cat\/en\/cruillaescasa\/\" \/>\n<meta property=\"og:locale\" content=\"en_US\" \/>\n<meta property=\"og:type\" content=\"article\" \/>\n<meta property=\"og:title\" content=\"Cru\u00eflla \u00e9s casa - Festival Cru\u00eflla\" \/>\n<meta property=\"og:description\" content=\"At Cru\u00eflla Festival, we\u2019ve always done things our way: we want everyone who steps in to feel\u00a0comfortable, relaxed, and right at home.\" \/>\n<meta property=\"og:url\" content=\"https:\/\/www.cruillabarcelona.cat\/en\/cruillaescasa\/\" \/>\n<meta property=\"og:site_name\" content=\"Festival Cru\u00eflla\" \/>\n<meta property=\"article:modified_time\" content=\"2026-03-18T11:43:29+00:00\" \/>\n<meta property=\"og:image\" content=\"https:\/\/www.cruillabarcelona.cat\/wp-content\/uploads\/2026\/03\/Ambient_GISJ3874_PhotoGiselaJane-scaled.jpg\" \/>\n\t<meta property=\"og:image:width\" content=\"2560\" \/>\n\t<meta property=\"og:image:height\" content=\"1707\" \/>\n\t<meta property=\"og:image:type\" content=\"image\/jpeg\" \/>\n<meta name=\"twitter:card\" content=\"summary_large_image\" \/>\n<meta name=\"twitter:label1\" content=\"Est. reading time\" \/>\n\t<meta name=\"twitter:data1\" content=\"2 minutes\" \/>\n<script type=\"application\/ld+json\" class=\"yoast-schema-graph\">{\"@context\":\"https:\\\/\\\/schema.org\",\"@graph\":[{\"@type\":\"WebPage\",\"@id\":\"https:\\\/\\\/www.cruillabarcelona.cat\\\/en\\\/cruillaescasa\\\/\",\"url\":\"https:\\\/\\\/www.cruillabarcelona.cat\\\/en\\\/cruillaescasa\\\/\",\"name\":\"Cru\u00eflla \u00e9s casa - Festival Cru\u00eflla\",\"isPartOf\":{\"@id\":\"https:\\\/\\\/www.cruillabarcelona.cat\\\/en\\\/#website\"},\"primaryImageOfPage\":{\"@id\":\"https:\\\/\\\/www.cruillabarcelona.cat\\\/en\\\/cruillaescasa\\\/#primaryimage\"},\"image\":{\"@id\":\"https:\\\/\\\/www.cruillabarcelona.cat\\\/en\\\/cruillaescasa\\\/#primaryimage\"},\"thumbnailUrl\":\"https:\\\/\\\/www.cruillabarcelona.cat\\\/wp-content\\\/uploads\\\/2026\\\/03\\\/Ambient_GISJ3874_PhotoGiselaJane-scaled.jpg\",\"datePublished\":\"2026-03-18T11:36:26+00:00\",\"dateModified\":\"2026-03-18T11:43:29+00:00\",\"description\":\"At Cru\u00eflla Festival, we\u2019ve always done things our way: we want everyone who steps in to feel\u00a0comfortable, relaxed, and right at home.\",\"breadcrumb\":{\"@id\":\"https:\\\/\\\/www.cruillabarcelona.cat\\\/en\\\/cruillaescasa\\\/#breadcrumb\"},\"inLanguage\":\"en-US\",\"potentialAction\":[{\"@type\":\"ReadAction\",\"target\":[\"https:\\\/\\\/www.cruillabarcelona.cat\\\/en\\\/cruillaescasa\\\/\"]}]},{\"@type\":\"ImageObject\",\"inLanguage\":\"en-US\",\"@id\":\"https:\\\/\\\/www.cruillabarcelona.cat\\\/en\\\/cruillaescasa\\\/#primaryimage\",\"url\":\"https:\\\/\\\/www.cruillabarcelona.cat\\\/wp-content\\\/uploads\\\/2026\\\/03\\\/Ambient_GISJ3874_PhotoGiselaJane-scaled.jpg\",\"contentUrl\":\"https:\\\/\\\/www.cruillabarcelona.cat\\\/wp-content\\\/uploads\\\/2026\\\/03\\\/Ambient_GISJ3874_PhotoGiselaJane-scaled.jpg\",\"width\":2560,\"height\":1707},{\"@type\":\"BreadcrumbList\",\"@id\":\"https:\\\/\\\/www.cruillabarcelona.cat\\\/en\\\/cruillaescasa\\\/#breadcrumb\",\"itemListElement\":[{\"@type\":\"ListItem\",\"position\":1,\"name\":\"Home\",\"item\":\"https:\\\/\\\/www.cruillabarcelona.cat\\\/en\\\/\"},{\"@type\":\"ListItem\",\"position\":2,\"name\":\"Cru\u00eflla \u00e9s casa\"}]},{\"@type\":\"WebSite\",\"@id\":\"https:\\\/\\\/www.cruillabarcelona.cat\\\/en\\\/#website\",\"url\":\"https:\\\/\\\/www.cruillabarcelona.cat\\\/en\\\/\",\"name\":\"Festival Cru\u00eflla\",\"description\":\"\",\"publisher\":{\"@id\":\"https:\\\/\\\/www.cruillabarcelona.cat\\\/en\\\/#organization\"},\"potentialAction\":[{\"@type\":\"SearchAction\",\"target\":{\"@type\":\"EntryPoint\",\"urlTemplate\":\"https:\\\/\\\/www.cruillabarcelona.cat\\\/en\\\/?s={search_term_string}\"},\"query-input\":{\"@type\":\"PropertyValueSpecification\",\"valueRequired\":true,\"valueName\":\"search_term_string\"}}],\"inLanguage\":\"en-US\"},{\"@type\":\"Organization\",\"@id\":\"https:\\\/\\\/www.cruillabarcelona.cat\\\/en\\\/#organization\",\"name\":\"Festival Cru\u00eflla\",\"url\":\"https:\\\/\\\/www.cruillabarcelona.cat\\\/en\\\/\",\"logo\":{\"@type\":\"ImageObject\",\"inLanguage\":\"en-US\",\"@id\":\"https:\\\/\\\/www.cruillabarcelona.cat\\\/en\\\/#\\\/schema\\\/logo\\\/image\\\/\",\"url\":\"https:\\\/\\\/www.cruillabarcelona.cat\\\/wp-content\\\/uploads\\\/2025\\\/12\\\/cruill-logo-negativo.png\",\"contentUrl\":\"https:\\\/\\\/www.cruillabarcelona.cat\\\/wp-content\\\/uploads\\\/2025\\\/12\\\/cruill-logo-negativo.png\",\"width\":400,\"height\":101,\"caption\":\"Festival Cru\u00eflla\"},\"image\":{\"@id\":\"https:\\\/\\\/www.cruillabarcelona.cat\\\/en\\\/#\\\/schema\\\/logo\\\/image\\\/\"}}]}<\/script>\n<!-- \/ Yoast SEO plugin. -->","yoast_head_json":{"title":"Cru\u00eflla \u00e9s casa - Festival Cru\u00eflla","description":"At Cru\u00eflla Festival, we\u2019ve always done things our way: we want everyone who steps in to feel\u00a0comfortable, relaxed, and right at home.","robots":{"index":"index","follow":"follow","max-snippet":"max-snippet:-1","max-image-preview":"max-image-preview:large","max-video-preview":"max-video-preview:-1"},"canonical":"https:\/\/www.cruillabarcelona.cat\/en\/cruillaescasa\/","og_locale":"en_US","og_type":"article","og_title":"Cru\u00eflla \u00e9s casa - Festival Cru\u00eflla","og_description":"At Cru\u00eflla Festival, we\u2019ve always done things our way: we want everyone who steps in to feel\u00a0comfortable, relaxed, and right at home.","og_url":"https:\/\/www.cruillabarcelona.cat\/en\/cruillaescasa\/","og_site_name":"Festival Cru\u00eflla","article_modified_time":"2026-03-18T11:43:29+00:00","og_image":[{"width":2560,"height":1707,"url":"https:\/\/www.cruillabarcelona.cat\/wp-content\/uploads\/2026\/03\/Ambient_GISJ3874_PhotoGiselaJane-scaled.jpg","type":"image\/jpeg"}],"twitter_card":"summary_large_image","twitter_misc":{"Est. reading time":"2 minutes"},"schema":{"@context":"https:\/\/schema.org","@graph":[{"@type":"WebPage","@id":"https:\/\/www.cruillabarcelona.cat\/en\/cruillaescasa\/","url":"https:\/\/www.cruillabarcelona.cat\/en\/cruillaescasa\/","name":"Cru\u00eflla \u00e9s casa - Festival Cru\u00eflla","isPartOf":{"@id":"https:\/\/www.cruillabarcelona.cat\/en\/#website"},"primaryImageOfPage":{"@id":"https:\/\/www.cruillabarcelona.cat\/en\/cruillaescasa\/#primaryimage"},"image":{"@id":"https:\/\/www.cruillabarcelona.cat\/en\/cruillaescasa\/#primaryimage"},"thumbnailUrl":"https:\/\/www.cruillabarcelona.cat\/wp-content\/uploads\/2026\/03\/Ambient_GISJ3874_PhotoGiselaJane-scaled.jpg","datePublished":"2026-03-18T11:36:26+00:00","dateModified":"2026-03-18T11:43:29+00:00","description":"At Cru\u00eflla Festival, we\u2019ve always done things our way: we want everyone who steps in to feel\u00a0comfortable, relaxed, and right at home.","breadcrumb":{"@id":"https:\/\/www.cruillabarcelona.cat\/en\/cruillaescasa\/#breadcrumb"},"inLanguage":"en-US","potentialAction":[{"@type":"ReadAction","target":["https:\/\/www.cruillabarcelona.cat\/en\/cruillaescasa\/"]}]},{"@type":"ImageObject","inLanguage":"en-US","@id":"https:\/\/www.cruillabarcelona.cat\/en\/cruillaescasa\/#primaryimage","url":"https:\/\/www.cruillabarcelona.cat\/wp-content\/uploads\/2026\/03\/Ambient_GISJ3874_PhotoGiselaJane-scaled.jpg","contentUrl":"https:\/\/www.cruillabarcelona.cat\/wp-content\/uploads\/2026\/03\/Ambient_GISJ3874_PhotoGiselaJane-scaled.jpg","width":2560,"height":1707},{"@type":"BreadcrumbList","@id":"https:\/\/www.cruillabarcelona.cat\/en\/cruillaescasa\/#breadcrumb","itemListElement":[{"@type":"ListItem","position":1,"name":"Home","item":"https:\/\/www.cruillabarcelona.cat\/en\/"},{"@type":"ListItem","position":2,"name":"Cru\u00eflla \u00e9s casa"}]},{"@type":"WebSite","@id":"https:\/\/www.cruillabarcelona.cat\/en\/#website","url":"https:\/\/www.cruillabarcelona.cat\/en\/","name":"Festival Cru\u00eflla","description":"","publisher":{"@id":"https:\/\/www.cruillabarcelona.cat\/en\/#organization"},"potentialAction":[{"@type":"SearchAction","target":{"@type":"EntryPoint","urlTemplate":"https:\/\/www.cruillabarcelona.cat\/en\/?s={search_term_string}"},"query-input":{"@type":"PropertyValueSpecification","valueRequired":true,"valueName":"search_term_string"}}],"inLanguage":"en-US"},{"@type":"Organization","@id":"https:\/\/www.cruillabarcelona.cat\/en\/#organization","name":"Festival Cru\u00eflla","url":"https:\/\/www.cruillabarcelona.cat\/en\/","logo":{"@type":"ImageObject","inLanguage":"en-US","@id":"https:\/\/www.cruillabarcelona.cat\/en\/#\/schema\/logo\/image\/","url":"https:\/\/www.cruillabarcelona.cat\/wp-content\/uploads\/2025\/12\/cruill-logo-negativo.png","contentUrl":"https:\/\/www.cruillabarcelona.cat\/wp-content\/uploads\/2025\/12\/cruill-logo-negativo.png","width":400,"height":101,"caption":"Festival Cru\u00eflla"},"image":{"@id":"https:\/\/www.cruillabarcelona.cat\/en\/#\/schema\/logo\/image\/"}}]}},"_links":{"self":[{"href":"https:\/\/www.cruillabarcelona.cat\/en\/wp-json\/wp\/v2\/pages\/63461","targetHints":{"allow":["GET"]}}],"collection":[{"href":"https:\/\/www.cruillabarcelona.cat\/en\/wp-json\/wp\/v2\/pages"}],"about":[{"href":"https:\/\/www.cruillabarcelona.cat\/en\/wp-json\/wp\/v2\/types\/page"}],"author":[{"embeddable":true,"href":"https:\/\/www.cruillabarcelona.cat\/en\/wp-json\/wp\/v2\/users\/55"}],"replies":[{"embeddable":true,"href":"https:\/\/www.cruillabarcelona.cat\/en\/wp-json\/wp\/v2\/comments?post=63461"}],"version-history":[{"count":3,"href":"https:\/\/www.cruillabarcelona.cat\/en\/wp-json\/wp\/v2\/pages\/63461\/revisions"}],"predecessor-version":[{"id":63474,"href":"https:\/\/www.cruillabarcelona.cat\/en\/wp-json\/wp\/v2\/pages\/63461\/revisions\/63474"}],"wp:featuredmedia":[{"embeddable":true,"href":"https:\/\/www.cruillabarcelona.cat\/en\/wp-json\/wp\/v2\/media\/63445"}],"wp:attachment":[{"href":"https:\/\/www.cruillabarcelona.cat\/en\/wp-json\/wp\/v2\/media?parent=63461"}],"curies":[{"name":"wp","href":"https:\/\/api.w.org\/{rel}","templated":true}]}}