{"id":63485,"date":"2025-06-04T18:18:34","date_gmt":"2025-06-04T16:18:34","guid":{"rendered":"https:\/\/www.cruillabarcelona.cat\/dansa\/"},"modified":"2026-03-18T17:20:02","modified_gmt":"2026-03-18T15:20:02","slug":"dansa","status":"publish","type":"page","link":"https:\/\/www.cruillabarcelona.cat\/en\/dansa\/","title":{"rendered":"Cru\u00eflla Dansa"},"content":{"rendered":"\n<div class=\"wp-block-cover alignfull has-custom-content-position is-position-bottom-left\" style=\"min-height:600px;aspect-ratio:unset;\"><img loading=\"lazy\" decoding=\"async\" width=\"1124\" height=\"749\" class=\"wp-block-cover__image-background wp-image-62983 size-large\" alt=\"\" src=\"https:\/\/www.cruillabarcelona.cat\/wp-content\/uploads\/2026\/03\/Dansa_Cruilla1-1124x749.jpg\" data-object-fit=\"cover\" srcset=\"https:\/\/www.cruillabarcelona.cat\/wp-content\/uploads\/2026\/03\/Dansa_Cruilla1-1124x749.jpg 1124w, https:\/\/www.cruillabarcelona.cat\/wp-content\/uploads\/2026\/03\/Dansa_Cruilla1-300x200.jpg 300w, https:\/\/www.cruillabarcelona.cat\/wp-content\/uploads\/2026\/03\/Dansa_Cruilla1-800x533.jpg 800w, https:\/\/www.cruillabarcelona.cat\/wp-content\/uploads\/2026\/03\/Dansa_Cruilla1.jpg 1200w\" sizes=\"auto, (max-width: 1124px) 100vw, 1124px\" \/><span aria-hidden=\"true\" class=\"wp-block-cover__background has-background-dim-70 has-background-dim wp-block-cover__gradient-background has-background-gradient\" style=\"background:linear-gradient(0deg,rgb(0,0,0) 0%,rgba(0,0,0,0) 33%)\"><\/span><div class=\"wp-block-cover__inner-container is-layout-flow wp-block-cover-is-layout-flow\">\n<p class=\"has-text-align-center has-large-font-size\"><\/p>\n<\/div><\/div>\n\n\n\n\n<div id=\"marquee-block_62d36404956f8e0d268e4d6dd065b774-4071\" class=\"marquee wp-elements-f5f4ca61ef48e2b72b7cbfd534d3237f has-background-color has-foreground-background-color\" style=\"margin:0;\">\n\n    <div class=\"content\">\n    <div class=\"acf-innerblocks-container\">\n\n<div class=\"wp-block-group is-nowrap is-layout-flex wp-container-core-group-is-layout-41c4bebd wp-block-group-is-layout-flex\" style=\"padding-top:0;padding-bottom:0\">\n<p class=\"has-text-align-left block__paragraph has-primary-color has-text-color has-link-color has-small-font-size wp-elements-21bf9b943a1431e18cea91c82d6fed29\" style=\"margin-top:0;margin-right:0;margin-bottom:0;margin-left:0;padding-top:0;padding-right:0;padding-bottom:0;padding-left:0\"><strong>M\u00daSICA<\/strong><\/p>\n\n\n\n\n<div class=\"icon-circle svg-icon disable-click-for-preview wp-elements-d0a3c00aaff51a51a7335f7ed0d9cbbd has-foreground-color solid tiny\">\n<svg class=\"icon\" viewBox=\"0 0 60 60\"><use xlink:href=\"#cruilla\"><\/use><\/svg><\/div>\n\n\n\n<p class=\"has-text-align-left block__paragraph has-primary-color has-text-color has-link-color has-small-font-size wp-elements-b9756c9464f6e7a37a2ba1405062f9f9\" style=\"margin-top:0;margin-right:0;margin-bottom:0;margin-left:0;padding-top:0;padding-right:0;padding-bottom:0;padding-left:0\"><strong>COM\u00c8DIA<\/strong><\/p>\n\n\n\n\n<div class=\"icon-circle svg-icon disable-click-for-preview wp-elements-d0a3c00aaff51a51a7335f7ed0d9cbbd has-foreground-color solid tiny\">\n<svg class=\"icon\" viewBox=\"0 0 60 60\"><use xlink:href=\"#cruilla\"><\/use><\/svg><\/div>\n\n\n\n<p class=\"has-text-align-left block__paragraph has-primary-color has-text-color has-link-color has-small-font-size wp-elements-db74b0bcff7e3d50d9a96c72d9f2ef3b\" style=\"margin-top:0;margin-right:0;margin-bottom:0;margin-left:0;padding-top:0;padding-right:0;padding-bottom:0;padding-left:0\"><strong>ARTS<\/strong><\/p>\n\n\n\n\n<div class=\"icon-circle svg-icon disable-click-for-preview wp-elements-d0a3c00aaff51a51a7335f7ed0d9cbbd has-foreground-color solid tiny\">\n<svg class=\"icon\" viewBox=\"0 0 60 60\"><use xlink:href=\"#cruilla\"><\/use><\/svg><\/div>\n\n\n\n<p class=\"has-text-align-left block__paragraph has-primary-color has-text-color has-link-color has-small-font-size wp-elements-5926a2bfa900bc860de86571225ca7c9\" style=\"margin-top:0;margin-right:0;margin-bottom:0;margin-left:0;padding-top:0;padding-right:0;padding-bottom:0;padding-left:0\"><strong>SOSTENIBILITAT<\/strong><\/p>\n\n\n\n\n<div class=\"icon-circle svg-icon disable-click-for-preview wp-elements-d0a3c00aaff51a51a7335f7ed0d9cbbd has-foreground-color solid tiny\">\n<svg class=\"icon\" viewBox=\"0 0 60 60\"><use xlink:href=\"#cruilla\"><\/use><\/svg><\/div>\n\n\n\n<p class=\"has-text-align-left block__paragraph has-primary-color has-text-color has-link-color has-small-font-size wp-elements-c25bcd1430a8b0e7d006327f2a56df16\" style=\"margin-top:0;margin-right:0;margin-bottom:0;margin-left:0;padding-top:0;padding-right:0;padding-bottom:0;padding-left:0\"><strong>Del 8 a l&#8217;11 de juliol<\/strong><\/p>\n\n\n\n\n<div class=\"icon-circle svg-icon disable-click-for-preview wp-elements-d0a3c00aaff51a51a7335f7ed0d9cbbd has-foreground-color solid tiny\">\n<svg class=\"icon\" viewBox=\"0 0 60 60\"><use xlink:href=\"#cruilla\"><\/use><\/svg><\/div>\n\n\n\n<p class=\"has-text-align-left block__paragraph has-primary-color has-text-color has-link-color has-small-font-size wp-elements-21bf9b943a1431e18cea91c82d6fed29\" style=\"margin-top:0;margin-right:0;margin-bottom:0;margin-left:0;padding-top:0;padding-right:0;padding-bottom:0;padding-left:0\"><strong>M\u00daSICA<\/strong><\/p>\n\n\n\n\n<div class=\"icon-circle svg-icon disable-click-for-preview wp-elements-eacfd610ed206c74092dc7b81685447d has-transparent-color solid tiny\">\n<svg class=\"icon\" viewBox=\"0 0 60 60\"><use xlink:href=\"#cruilla\"><\/use><\/svg><\/div>\n\n\n\n<p class=\"has-text-align-left block__paragraph has-primary-color has-text-color has-link-color has-small-font-size wp-elements-b9756c9464f6e7a37a2ba1405062f9f9\" style=\"margin-top:0;margin-right:0;margin-bottom:0;margin-left:0;padding-top:0;padding-right:0;padding-bottom:0;padding-left:0\"><strong>COM\u00c8DIA<\/strong><\/p>\n\n\n\n\n<div class=\"icon-circle svg-icon disable-click-for-preview wp-elements-d0a3c00aaff51a51a7335f7ed0d9cbbd has-foreground-color solid tiny\">\n<svg class=\"icon\" viewBox=\"0 0 60 60\"><use xlink:href=\"#cruilla\"><\/use><\/svg><\/div>\n\n\n\n<p class=\"has-text-align-left block__paragraph has-primary-color has-text-color has-link-color has-small-font-size wp-elements-db74b0bcff7e3d50d9a96c72d9f2ef3b\" style=\"margin-top:0;margin-right:0;margin-bottom:0;margin-left:0;padding-top:0;padding-right:0;padding-bottom:0;padding-left:0\"><strong>ARTS<\/strong><\/p>\n\n\n\n\n<div class=\"icon-circle svg-icon disable-click-for-preview wp-elements-d0a3c00aaff51a51a7335f7ed0d9cbbd has-foreground-color solid tiny\">\n<svg class=\"icon\" viewBox=\"0 0 60 60\"><use xlink:href=\"#cruilla\"><\/use><\/svg><\/div>\n\n\n\n<p class=\"has-text-align-left block__paragraph has-primary-color has-text-color has-link-color has-small-font-size wp-elements-5926a2bfa900bc860de86571225ca7c9\" style=\"margin-top:0;margin-right:0;margin-bottom:0;margin-left:0;padding-top:0;padding-right:0;padding-bottom:0;padding-left:0\"><strong>SOSTENIBILITAT<\/strong><\/p>\n\n\n\n\n<div class=\"icon-circle svg-icon disable-click-for-preview wp-elements-d0a3c00aaff51a51a7335f7ed0d9cbbd has-foreground-color solid tiny\">\n<svg class=\"icon\" viewBox=\"0 0 60 60\"><use xlink:href=\"#cruilla\"><\/use><\/svg><\/div>\n\n\n\n<p class=\"has-text-align-left block__paragraph has-primary-color has-text-color has-link-color has-small-font-size wp-elements-c25bcd1430a8b0e7d006327f2a56df16\" style=\"margin-top:0;margin-right:0;margin-bottom:0;margin-left:0;padding-top:0;padding-right:0;padding-bottom:0;padding-left:0\"><strong>Del 8 a l&#8217;11 de juliol<\/strong><\/p>\n\n\n\n\n<div class=\"icon-circle svg-icon disable-click-for-preview wp-elements-d0a3c00aaff51a51a7335f7ed0d9cbbd has-foreground-color solid tiny\">\n<svg class=\"icon\" viewBox=\"0 0 60 60\"><use xlink:href=\"#cruilla\"><\/use><\/svg><\/div>\n<\/div>\n\n<\/div>    <\/div>\n\n\n\n<\/div>\n\n<script>\n    document.addEventListener(\"DOMContentLoaded\", function () {\n        function Marquee(selector, speed) {\n        const parentSelector = document.querySelector(selector);\n        const clone = parentSelector.innerHTML;\n        const firstElement = parentSelector.children[0];\n        let i = 0;\n        console.log(firstElement);\n        parentSelector.insertAdjacentHTML('beforeend', clone);\n        parentSelector.insertAdjacentHTML('beforeend', clone);\n\n        setInterval(function () {\n            firstElement.style.marginLeft = `-${i}px`;\n            if (i > firstElement.clientWidth) {\n                i = 0;\n            }\n            i = i + speed;\n        }, 0);\n    }\n\n    \/\/ After window is completed load\n    \/\/ 1) CLASS or ID selector for marquee\n    \/\/ 2) marquee speed 0.2\n    window.addEventListener('load', Marquee('#marquee-block_62d36404956f8e0d268e4d6dd065b774-4071', 0.2))\n    });\n<\/script>\n\n\n<div class=\"wp-block-group has-background-color has-foreground-background-color has-text-color has-background has-link-color wp-elements-5d6b645e400b5f41c78184807a370373 has-global-padding is-layout-constrained wp-container-core-group-is-layout-c5bbea69 wp-block-group-is-layout-constrained\">\n<p class=\"has-secondary-color has-text-color has-link-color has-x-large-font-size wp-elements-51d9572fc21dab0e36c964adab63f502\" style=\"padding-right:5%;line-height:1\">CRU\u00cfLLA DANSA\u00a0BONPREU ESCLAT: THE BODY IN MOTION, A NEW DIMENSION OF THE FESTIVAL!<\/p>\n\n\n\n<div class=\"wp-block-columns is-layout-flex wp-container-core-columns-is-layout-f5a44f5b wp-block-columns-is-layout-flex\">\n<div class=\"wp-block-column is-layout-flow wp-block-column-is-layout-flow\">\n<p class=\"has-medium-font-size\">In the 2025 edition we proudly presented one of the biggest new additions of 2025: introduced Cru\u00eflla Dansa Bonpreu Esclat, a brand-new stage entirely dedicated to dance!<\/p>\n\n\n\n<p class=\"has-medium-font-size\">Dance has always been part of the Cru\u00eflla spirit: from spontaneous choreography among the crowd to performances that had turned the Parc del F\u00f2rum into a true dance floor. That year, we took it a step further by giving dance the spotlight it deserved\u2014elevating it to a leading discipline within the festival.<\/p>\n<\/div>\n\n\n\n<div class=\"wp-block-column is-layout-flow wp-block-column-is-layout-flow\">\n<p class=\"has-medium-font-size\">With the support of Bonpreu Esclat, we launched a stage devoted to movement, energy, and physical creativity. Dancing is much more than just moving\u2014it is a form of expression, a way to build community, release tension, and connect with joy. It is health, it is art, and above all, it is pure vitality.<\/p>\n\n\n\n<p class=\"has-medium-font-size\">At Cru\u00eflla Dansa Bonpreu Esclat, people enjoyed a vibrant and diverse lineup featuring some of that moment\u2019s top professional dance crews, with styles, categories, and choreographic proposals for every taste. From urban dance to improvisation, surprising fashion showcases to DJ sets that made the audience move like never before.<\/p>\n<\/div>\n<\/div>\n<\/div>\n\n\n\n<div class=\"wp-block-media-text is-stacked-on-mobile is-vertically-aligned-center has-foreground-color has-foreground-background-color has-text-color has-background has-link-color wp-elements-e80fd9429024f3b455cf8a600eb0f537\" style=\"margin-top:0;margin-bottom:0;padding-top:0;padding-right:0;padding-bottom:0;padding-left:0\"><figure class=\"wp-block-media-text__media\"><img loading=\"lazy\" decoding=\"async\" width=\"916\" height=\"611\" src=\"https:\/\/www.cruillabarcelona.cat\/wp-content\/uploads\/2026\/03\/Dansa_Cruilla4.jpg\" alt=\"\" class=\"wp-image-62987 size-full\" srcset=\"https:\/\/www.cruillabarcelona.cat\/wp-content\/uploads\/2026\/03\/Dansa_Cruilla4.jpg 916w, https:\/\/www.cruillabarcelona.cat\/wp-content\/uploads\/2026\/03\/Dansa_Cruilla4-300x200.jpg 300w, https:\/\/www.cruillabarcelona.cat\/wp-content\/uploads\/2026\/03\/Dansa_Cruilla4-800x534.jpg 800w\" sizes=\"auto, (max-width: 916px) 100vw, 916px\" \/><\/figure><div class=\"wp-block-media-text__content\">\n<h2 class=\"wp-block-heading has-secondary-color has-text-color has-link-color has-x-large-font-size wp-elements-29981e8c3b1f7bf7824b8fc9be385ae5\" id=\"fusce-porttitor-a-mi-at-suscipit-facilisis-dolo\">Shows<\/h2>\n\n\n\n<p class=\"has-background-color has-text-color has-link-color has-medium-font-size wp-elements-ca7b4a7990f4e93221da9762c575a51a\">We were able to enjoy several shows by great local dance companies that encompassed all styles and disciplines!<\/p>\n<\/div><\/div>\n\n\n\n<div class=\"wp-block-media-text has-media-on-the-right is-stacked-on-mobile is-vertically-aligned-center has-foreground-color has-foreground-background-color has-text-color has-background has-link-color wp-elements-9cf51fd4218d76e66b84795ec31b5079\" style=\"margin-top:0;margin-bottom:0;padding-top:0;padding-right:0;padding-bottom:0;padding-left:0\"><div class=\"wp-block-media-text__content\">\n<h2 class=\"wp-block-heading has-secondary-color has-text-color has-link-color has-x-large-font-size wp-elements-8c2e22aa142687034e13858b50950b8d\" id=\"fusce-porttitor-a-mi-at-suscipit-facilisis-dolo\">Battles<\/h2>\n\n\n\n<p class=\"has-background-color has-text-color has-link-color has-medium-font-size wp-elements-31ea17479dac2447620857655210bd32\">One of the most daring proposals: we presented the freestyle battles! A face-to-face between dancers who showed their best to win!<\/p>\n<\/div><figure class=\"wp-block-media-text__media\"><img loading=\"lazy\" decoding=\"async\" width=\"1124\" height=\"750\" src=\"https:\/\/www.cruillabarcelona.cat\/wp-content\/uploads\/2026\/03\/Dansa_Cruilla2-1124x750.jpg\" alt=\"\" class=\"wp-image-62990 size-full\" srcset=\"https:\/\/www.cruillabarcelona.cat\/wp-content\/uploads\/2026\/03\/Dansa_Cruilla2-1124x750.jpg 1124w, https:\/\/www.cruillabarcelona.cat\/wp-content\/uploads\/2026\/03\/Dansa_Cruilla2-300x200.jpg 300w, https:\/\/www.cruillabarcelona.cat\/wp-content\/uploads\/2026\/03\/Dansa_Cruilla2-800x534.jpg 800w, https:\/\/www.cruillabarcelona.cat\/wp-content\/uploads\/2026\/03\/Dansa_Cruilla2.jpg 1369w\" sizes=\"auto, (max-width: 1124px) 100vw, 1124px\" \/><\/figure><\/div>\n\n\n\n<div class=\"wp-block-media-text is-stacked-on-mobile is-vertically-aligned-center has-foreground-color has-foreground-background-color has-text-color has-background has-link-color wp-elements-7971fd91dbfc46f96f2fe43026c37e66\" style=\"margin-top:0;margin-bottom:0;padding-top:0;padding-right:0;padding-bottom:0;padding-left:0\"><figure class=\"wp-block-media-text__media\"><img loading=\"lazy\" decoding=\"async\" width=\"1000\" height=\"667\" src=\"https:\/\/www.cruillabarcelona.cat\/wp-content\/uploads\/2026\/03\/Dansa_Cruilla7.jpg\" alt=\"\" class=\"wp-image-62993 size-full\" srcset=\"https:\/\/www.cruillabarcelona.cat\/wp-content\/uploads\/2026\/03\/Dansa_Cruilla7.jpg 1000w, https:\/\/www.cruillabarcelona.cat\/wp-content\/uploads\/2026\/03\/Dansa_Cruilla7-300x200.jpg 300w, https:\/\/www.cruillabarcelona.cat\/wp-content\/uploads\/2026\/03\/Dansa_Cruilla7-800x534.jpg 800w\" sizes=\"auto, (max-width: 1000px) 100vw, 1000px\" \/><\/figure><div class=\"wp-block-media-text__content\">\n<h2 class=\"wp-block-heading has-secondary-color has-text-color has-link-color has-x-large-font-size wp-elements-2259321588d458e5f480f661950896e4\" id=\"fusce-porttitor-a-mi-at-suscipit-facilisis-dolo\">Dj Sessions<\/h2>\n\n\n\n<p class=\"has-background-color has-text-color has-link-color has-medium-font-size wp-elements-cadd761ee340c61b2dfc4cfaf9c889f1\">Those in charge of setting the rhythms for the best choreographies: the best DJ sessions came to the festival!<br><br><\/p>\n<\/div><\/div>\n\n\n\n<div class=\"wp-block-media-text has-media-on-the-right is-stacked-on-mobile is-vertically-aligned-center has-foreground-color has-foreground-background-color has-text-color has-background has-link-color wp-elements-3463e925efd7bd950da60153618f352d\" style=\"margin-top:0;margin-bottom:0;padding-top:0;padding-right:0;padding-bottom:0;padding-left:0\"><div class=\"wp-block-media-text__content\">\n<h2 class=\"wp-block-heading has-secondary-color has-text-color has-link-color has-x-large-font-size wp-elements-f70e3ca2b95ed7cfc4b6f27211d25ab4\" id=\"fusce-porttitor-a-mi-at-suscipit-facilisis-dolo\">Fashion<\/h2>\n\n\n\n<p class=\"has-background-color has-text-color has-link-color has-medium-font-size wp-elements-4cada9246c61ec992ae732e293024907\">For the first time, the talent of young designers was exhibited at the festival in a fashion show reflecting the most creative Barcelona!<br><\/p>\n<\/div><figure class=\"wp-block-media-text__media\"><img loading=\"lazy\" decoding=\"async\" width=\"1124\" height=\"750\" src=\"https:\/\/www.cruillabarcelona.cat\/wp-content\/uploads\/2026\/03\/Dansa_Cruilla8-1124x750.jpg\" alt=\"\" class=\"wp-image-62996 size-full\" srcset=\"https:\/\/www.cruillabarcelona.cat\/wp-content\/uploads\/2026\/03\/Dansa_Cruilla8-1124x750.jpg 1124w, https:\/\/www.cruillabarcelona.cat\/wp-content\/uploads\/2026\/03\/Dansa_Cruilla8-300x200.jpg 300w, https:\/\/www.cruillabarcelona.cat\/wp-content\/uploads\/2026\/03\/Dansa_Cruilla8-800x534.jpg 800w, https:\/\/www.cruillabarcelona.cat\/wp-content\/uploads\/2026\/03\/Dansa_Cruilla8.jpg 1217w\" sizes=\"auto, (max-width: 1124px) 100vw, 1124px\" \/><\/figure><\/div>\n","protected":false},"excerpt":{"rendered":"<p>CRU\u00cfLLA DANSA\u00a0BONPREU ESCLAT: THE BODY IN MOTION, A NEW DIMENSION OF THE FESTIVAL! In the 2025 edition we proudly presented one of the biggest new additions [&hellip;]<\/p>\n","protected":false},"author":2,"featured_media":0,"parent":0,"menu_order":0,"comment_status":"closed","ping_status":"closed","template":"","meta":{"_acf_changed":false,"footnotes":""},"class_list":["post-63485","page","type-page","status-publish","hentry"],"acf":[],"yoast_head":"<!-- This site is optimized with the Yoast SEO plugin v27.3 - https:\/\/yoast.com\/product\/yoast-seo-wordpress\/ -->\n<title>Cru\u00eflla Dansa - Festival Cru\u00eflla<\/title>\n<meta name=\"robots\" content=\"index, follow, max-snippet:-1, max-image-preview:large, max-video-preview:-1\" \/>\n<link rel=\"canonical\" href=\"https:\/\/www.cruillabarcelona.cat\/en\/dansa\/\" \/>\n<meta property=\"og:locale\" content=\"en_US\" \/>\n<meta property=\"og:type\" content=\"article\" \/>\n<meta property=\"og:title\" content=\"Cru\u00eflla Dansa - Festival Cru\u00eflla\" \/>\n<meta property=\"og:description\" content=\"CRU\u00cfLLA DANSA\u00a0BONPREU ESCLAT: THE BODY IN MOTION, A NEW DIMENSION OF THE FESTIVAL! In the 2025 edition we proudly presented one of the biggest new additions [&hellip;]\" \/>\n<meta property=\"og:url\" content=\"https:\/\/www.cruillabarcelona.cat\/en\/dansa\/\" \/>\n<meta property=\"og:site_name\" content=\"Festival Cru\u00eflla\" \/>\n<meta property=\"article:modified_time\" content=\"2026-03-18T15:20:02+00:00\" \/>\n<meta property=\"og:image\" content=\"https:\/\/www.cruillabarcelona.cat\/wp-content\/uploads\/2026\/03\/Dansa_Cruilla1-1124x749.jpg\" \/>\n<meta name=\"twitter:card\" content=\"summary_large_image\" \/>\n<meta name=\"twitter:label1\" content=\"Est. reading time\" \/>\n\t<meta name=\"twitter:data1\" content=\"3 minutes\" \/>\n<script type=\"application\/ld+json\" class=\"yoast-schema-graph\">{\"@context\":\"https:\\\/\\\/schema.org\",\"@graph\":[{\"@type\":\"WebPage\",\"@id\":\"https:\\\/\\\/www.cruillabarcelona.cat\\\/en\\\/dansa\\\/\",\"url\":\"https:\\\/\\\/www.cruillabarcelona.cat\\\/en\\\/dansa\\\/\",\"name\":\"Cru\u00eflla Dansa - Festival Cru\u00eflla\",\"isPartOf\":{\"@id\":\"https:\\\/\\\/www.cruillabarcelona.cat\\\/en\\\/#website\"},\"primaryImageOfPage\":{\"@id\":\"https:\\\/\\\/www.cruillabarcelona.cat\\\/en\\\/dansa\\\/#primaryimage\"},\"image\":{\"@id\":\"https:\\\/\\\/www.cruillabarcelona.cat\\\/en\\\/dansa\\\/#primaryimage\"},\"thumbnailUrl\":\"https:\\\/\\\/www.cruillabarcelona.cat\\\/wp-content\\\/uploads\\\/2026\\\/03\\\/Dansa_Cruilla1-1124x749.jpg\",\"datePublished\":\"2025-06-04T16:18:34+00:00\",\"dateModified\":\"2026-03-18T15:20:02+00:00\",\"breadcrumb\":{\"@id\":\"https:\\\/\\\/www.cruillabarcelona.cat\\\/en\\\/dansa\\\/#breadcrumb\"},\"inLanguage\":\"en-US\",\"potentialAction\":[{\"@type\":\"ReadAction\",\"target\":[\"https:\\\/\\\/www.cruillabarcelona.cat\\\/en\\\/dansa\\\/\"]}]},{\"@type\":\"ImageObject\",\"inLanguage\":\"en-US\",\"@id\":\"https:\\\/\\\/www.cruillabarcelona.cat\\\/en\\\/dansa\\\/#primaryimage\",\"url\":\"https:\\\/\\\/www.cruillabarcelona.cat\\\/wp-content\\\/uploads\\\/2026\\\/03\\\/Dansa_Cruilla1-1124x749.jpg\",\"contentUrl\":\"https:\\\/\\\/www.cruillabarcelona.cat\\\/wp-content\\\/uploads\\\/2026\\\/03\\\/Dansa_Cruilla1-1124x749.jpg\"},{\"@type\":\"BreadcrumbList\",\"@id\":\"https:\\\/\\\/www.cruillabarcelona.cat\\\/en\\\/dansa\\\/#breadcrumb\",\"itemListElement\":[{\"@type\":\"ListItem\",\"position\":1,\"name\":\"Home\",\"item\":\"https:\\\/\\\/www.cruillabarcelona.cat\\\/en\\\/\"},{\"@type\":\"ListItem\",\"position\":2,\"name\":\"Cru\u00eflla Dansa\"}]},{\"@type\":\"WebSite\",\"@id\":\"https:\\\/\\\/www.cruillabarcelona.cat\\\/en\\\/#website\",\"url\":\"https:\\\/\\\/www.cruillabarcelona.cat\\\/en\\\/\",\"name\":\"Festival Cru\u00eflla\",\"description\":\"\",\"publisher\":{\"@id\":\"https:\\\/\\\/www.cruillabarcelona.cat\\\/en\\\/#organization\"},\"potentialAction\":[{\"@type\":\"SearchAction\",\"target\":{\"@type\":\"EntryPoint\",\"urlTemplate\":\"https:\\\/\\\/www.cruillabarcelona.cat\\\/en\\\/?s={search_term_string}\"},\"query-input\":{\"@type\":\"PropertyValueSpecification\",\"valueRequired\":true,\"valueName\":\"search_term_string\"}}],\"inLanguage\":\"en-US\"},{\"@type\":\"Organization\",\"@id\":\"https:\\\/\\\/www.cruillabarcelona.cat\\\/en\\\/#organization\",\"name\":\"Festival Cru\u00eflla\",\"url\":\"https:\\\/\\\/www.cruillabarcelona.cat\\\/en\\\/\",\"logo\":{\"@type\":\"ImageObject\",\"inLanguage\":\"en-US\",\"@id\":\"https:\\\/\\\/www.cruillabarcelona.cat\\\/en\\\/#\\\/schema\\\/logo\\\/image\\\/\",\"url\":\"https:\\\/\\\/www.cruillabarcelona.cat\\\/wp-content\\\/uploads\\\/2025\\\/12\\\/cruill-logo-negativo.png\",\"contentUrl\":\"https:\\\/\\\/www.cruillabarcelona.cat\\\/wp-content\\\/uploads\\\/2025\\\/12\\\/cruill-logo-negativo.png\",\"width\":400,\"height\":101,\"caption\":\"Festival Cru\u00eflla\"},\"image\":{\"@id\":\"https:\\\/\\\/www.cruillabarcelona.cat\\\/en\\\/#\\\/schema\\\/logo\\\/image\\\/\"}}]}<\/script>\n<!-- \/ Yoast SEO plugin. -->","yoast_head_json":{"title":"Cru\u00eflla Dansa - Festival Cru\u00eflla","robots":{"index":"index","follow":"follow","max-snippet":"max-snippet:-1","max-image-preview":"max-image-preview:large","max-video-preview":"max-video-preview:-1"},"canonical":"https:\/\/www.cruillabarcelona.cat\/en\/dansa\/","og_locale":"en_US","og_type":"article","og_title":"Cru\u00eflla Dansa - Festival Cru\u00eflla","og_description":"CRU\u00cfLLA DANSA\u00a0BONPREU ESCLAT: THE BODY IN MOTION, A NEW DIMENSION OF THE FESTIVAL! In the 2025 edition we proudly presented one of the biggest new additions [&hellip;]","og_url":"https:\/\/www.cruillabarcelona.cat\/en\/dansa\/","og_site_name":"Festival Cru\u00eflla","article_modified_time":"2026-03-18T15:20:02+00:00","og_image":[{"url":"https:\/\/www.cruillabarcelona.cat\/wp-content\/uploads\/2026\/03\/Dansa_Cruilla1-1124x749.jpg","type":"","width":"","height":""}],"twitter_card":"summary_large_image","twitter_misc":{"Est. reading time":"3 minutes"},"schema":{"@context":"https:\/\/schema.org","@graph":[{"@type":"WebPage","@id":"https:\/\/www.cruillabarcelona.cat\/en\/dansa\/","url":"https:\/\/www.cruillabarcelona.cat\/en\/dansa\/","name":"Cru\u00eflla Dansa - Festival Cru\u00eflla","isPartOf":{"@id":"https:\/\/www.cruillabarcelona.cat\/en\/#website"},"primaryImageOfPage":{"@id":"https:\/\/www.cruillabarcelona.cat\/en\/dansa\/#primaryimage"},"image":{"@id":"https:\/\/www.cruillabarcelona.cat\/en\/dansa\/#primaryimage"},"thumbnailUrl":"https:\/\/www.cruillabarcelona.cat\/wp-content\/uploads\/2026\/03\/Dansa_Cruilla1-1124x749.jpg","datePublished":"2025-06-04T16:18:34+00:00","dateModified":"2026-03-18T15:20:02+00:00","breadcrumb":{"@id":"https:\/\/www.cruillabarcelona.cat\/en\/dansa\/#breadcrumb"},"inLanguage":"en-US","potentialAction":[{"@type":"ReadAction","target":["https:\/\/www.cruillabarcelona.cat\/en\/dansa\/"]}]},{"@type":"ImageObject","inLanguage":"en-US","@id":"https:\/\/www.cruillabarcelona.cat\/en\/dansa\/#primaryimage","url":"https:\/\/www.cruillabarcelona.cat\/wp-content\/uploads\/2026\/03\/Dansa_Cruilla1-1124x749.jpg","contentUrl":"https:\/\/www.cruillabarcelona.cat\/wp-content\/uploads\/2026\/03\/Dansa_Cruilla1-1124x749.jpg"},{"@type":"BreadcrumbList","@id":"https:\/\/www.cruillabarcelona.cat\/en\/dansa\/#breadcrumb","itemListElement":[{"@type":"ListItem","position":1,"name":"Home","item":"https:\/\/www.cruillabarcelona.cat\/en\/"},{"@type":"ListItem","position":2,"name":"Cru\u00eflla Dansa"}]},{"@type":"WebSite","@id":"https:\/\/www.cruillabarcelona.cat\/en\/#website","url":"https:\/\/www.cruillabarcelona.cat\/en\/","name":"Festival Cru\u00eflla","description":"","publisher":{"@id":"https:\/\/www.cruillabarcelona.cat\/en\/#organization"},"potentialAction":[{"@type":"SearchAction","target":{"@type":"EntryPoint","urlTemplate":"https:\/\/www.cruillabarcelona.cat\/en\/?s={search_term_string}"},"query-input":{"@type":"PropertyValueSpecification","valueRequired":true,"valueName":"search_term_string"}}],"inLanguage":"en-US"},{"@type":"Organization","@id":"https:\/\/www.cruillabarcelona.cat\/en\/#organization","name":"Festival Cru\u00eflla","url":"https:\/\/www.cruillabarcelona.cat\/en\/","logo":{"@type":"ImageObject","inLanguage":"en-US","@id":"https:\/\/www.cruillabarcelona.cat\/en\/#\/schema\/logo\/image\/","url":"https:\/\/www.cruillabarcelona.cat\/wp-content\/uploads\/2025\/12\/cruill-logo-negativo.png","contentUrl":"https:\/\/www.cruillabarcelona.cat\/wp-content\/uploads\/2025\/12\/cruill-logo-negativo.png","width":400,"height":101,"caption":"Festival Cru\u00eflla"},"image":{"@id":"https:\/\/www.cruillabarcelona.cat\/en\/#\/schema\/logo\/image\/"}}]}},"_links":{"self":[{"href":"https:\/\/www.cruillabarcelona.cat\/en\/wp-json\/wp\/v2\/pages\/63485","targetHints":{"allow":["GET"]}}],"collection":[{"href":"https:\/\/www.cruillabarcelona.cat\/en\/wp-json\/wp\/v2\/pages"}],"about":[{"href":"https:\/\/www.cruillabarcelona.cat\/en\/wp-json\/wp\/v2\/types\/page"}],"author":[{"embeddable":true,"href":"https:\/\/www.cruillabarcelona.cat\/en\/wp-json\/wp\/v2\/users\/2"}],"replies":[{"embeddable":true,"href":"https:\/\/www.cruillabarcelona.cat\/en\/wp-json\/wp\/v2\/comments?post=63485"}],"version-history":[{"count":1,"href":"https:\/\/www.cruillabarcelona.cat\/en\/wp-json\/wp\/v2\/pages\/63485\/revisions"}],"predecessor-version":[{"id":63487,"href":"https:\/\/www.cruillabarcelona.cat\/en\/wp-json\/wp\/v2\/pages\/63485\/revisions\/63487"}],"wp:attachment":[{"href":"https:\/\/www.cruillabarcelona.cat\/en\/wp-json\/wp\/v2\/media?parent=63485"}],"curies":[{"name":"wp","href":"https:\/\/api.w.org\/{rel}","templated":true}]}}