{"id":63490,"date":"2018-06-29T11:59:02","date_gmt":"2018-06-29T09:59:02","guid":{"rendered":"https:\/\/www.cruillabarcelona.cat\/infos-2\/preguntes-recinte\/"},"modified":"2026-03-20T16:39:32","modified_gmt":"2026-03-20T14:39:32","slug":"preguntes-recinte","status":"publish","type":"page","link":"https:\/\/www.cruillabarcelona.cat\/en\/infos-2\/preguntes-recinte\/","title":{"rendered":"Questions about the venue"},"content":{"rendered":"\n<header class=\"wp-block-group has-foreground-background-color has-background is-layout-flow wp-block-group-is-layout-flow\" style=\"margin-top:0;margin-bottom:0\"><h1 style=\"line-height:1.2;text-transform:uppercase;\" class=\"has-text-align-center has-link-color wp-elements-b68ac12c420099fa2af427171991f2c5 wp-block-post-title has-text-color has-background-color has-x-large-font-size\">Questions about the venue<\/h1><\/header>\n\n\n\n<div class=\"wp-block-group has-foreground-background-color has-background has-global-padding is-layout-constrained wp-block-group-is-layout-constrained\">\n<div class=\"wp-block-columns has-foreground-background-color has-background is-layout-flex wp-container-core-columns-is-layout-039d06b3 wp-block-columns-is-layout-flex\" style=\"margin-top:0;margin-bottom:0;padding-right:0;padding-left:0\">\n<div class=\"wp-block-column is-layout-flow wp-block-column-is-layout-flow\" style=\"flex-basis:25%\">\n<div class=\"wp-block-group has-background-background-color has-background has-global-padding is-layout-constrained wp-container-core-group-is-layout-f611be13 wp-block-group-is-layout-constrained\" style=\"padding-top:var(--wp--preset--spacing--50);padding-right:var(--wp--preset--spacing--50);padding-bottom:var(--wp--preset--spacing--50);padding-left:var(--wp--preset--spacing--50)\"><nav style=\"line-height:1;text-transform:uppercase;\" class=\"has-small-font-size  is-vertical wp-block-navigation is-layout-flex wp-container-core-navigation-is-layout-355c4241 wp-block-navigation-is-layout-flex\" aria-label=\"FAQ_EN\"><ul style=\"line-height:1;text-transform:uppercase;\" class=\"wp-block-navigation__container has-small-font-size  is-vertical wp-block-navigation has-small-font-size\"><li class=\"has-small-font-size wp-block-navigation-item wp-block-navigation-link\"><a class=\"wp-block-navigation-item__content\"  href=\"https:\/\/www.cruillabarcelona.cat\/infos\/preguntes-recinte\/\"><span class=\"wp-block-navigation-item__label\">about the venue<\/span><\/a><\/li><li class=\"has-small-font-size wp-block-navigation-item wp-block-navigation-link\"><a class=\"wp-block-navigation-item__content\"  href=\"https:\/\/www.cruillabarcelona.cat\/en\/infos-2\/preguntes-frequents\/\"><span class=\"wp-block-navigation-item__label\">about the tickets<\/span><\/a><\/li><li class=\"has-small-font-size wp-block-navigation-item wp-block-navigation-link\"><a class=\"wp-block-navigation-item__content\"  href=\"https:\/\/www.cruillabarcelona.cat\/en\/infos-2\/menors\/\"><span class=\"wp-block-navigation-item__label\">KIDS IN CRU\u00cfLLA<\/span><\/a><\/li><li class=\"has-small-font-size wp-block-navigation-item wp-block-navigation-link\"><a class=\"wp-block-navigation-item__content\"  href=\"https:\/\/www.cruillabarcelona.cat\/en\/infos-2\/menors\/minors-form\/\"><span class=\"wp-block-navigation-item__label\">MINORS FORM<\/span><\/a><\/li><li class=\"has-small-font-size wp-block-navigation-item wp-block-navigation-link\"><a class=\"wp-block-navigation-item__content\"  href=\"https:\/\/www.cruillabarcelona.cat\/en\/infos-2\/com-arribar\/\"><span class=\"wp-block-navigation-item__label\">HOW TO GET THERE<\/span><\/a><\/li><li class=\"has-small-font-size wp-block-navigation-item wp-block-navigation-link\"><a class=\"wp-block-navigation-item__content\"  href=\"https:\/\/www.cruillabarcelona.cat\/en\/infos-2\/descomptes\/\"><span class=\"wp-block-navigation-item__label\">DISCOUNT<\/span><\/a><\/li><li class=\"has-small-font-size wp-block-navigation-item wp-block-navigation-link\"><a class=\"wp-block-navigation-item__content\"  href=\"https:\/\/www.cruillabarcelona.cat\/premsa\/\"><span class=\"wp-block-navigation-item__label\">Press<\/span><\/a><\/li><\/ul><\/nav><\/div>\n<\/div>\n\n\n\n<div class=\"wp-block-column is-layout-flow wp-container-core-column-is-layout-22223934 wp-block-column-is-layout-flow\">\n<details class=\"wp-block-details has-background-background-color has-background is-layout-flow wp-block-details-is-layout-flow\"><summary>What will Festival Cru\u00eflla 2026 be like?<\/summary>\n<p class=\"has-small-font-size\">Festival Cru\u00eflla 2026 is a music, comedy, and arts event taking place from July 8th to 11th at the Parc del F\u00f2rum \u2014 an open-air venue with space to dance and jump, but also areas to relax.<\/p>\n\n\n\n<p class=\"has-small-font-size\">Inside the venue, you\u2019ll find all kinds of concerts and activities, as well as drink bars and food zones with tables and a wide culinary offering. All concerts will last between 75 and 90 minutes.<\/p>\n<\/details>\n\n\n\n<details class=\"wp-block-details has-background-background-color has-background is-layout-flow wp-block-details-is-layout-flow\"><summary>How to arrive and leave the venue<\/summary>\n<p class=\"has-small-font-size\">Check all transport options <a href=\"https:\/\/www.cruillabarcelona.com\/en\/infos-2\/how-to-arrive\/\" target=\"_blank\" rel=\"noreferrer noopener\">HERE<\/a>.<\/p>\n<\/details>\n\n\n\n<details class=\"wp-block-details has-background-background-color has-background is-layout-flow wp-block-details-is-layout-flow\"><summary>Reduced mobility<\/summary>\n<p class=\"has-small-font-size\">The F\u00f2rum is fully adapted for people with reduced mobility, and all stages have a reserved area.\u00a0<\/p>\n<\/details>\n\n\n\n<details class=\"wp-block-details has-background-background-color has-background is-layout-flow wp-block-details-is-layout-flow\"><summary>What food will I find at the Festival?<\/summary>\n<p class=\"has-small-font-size\">This year, you will find all kinds of gastronomic proposals with a wide range of food and <strong>vegetarian, vegan, gluten-free and lactose-free options<\/strong>.<\/p>\n\n\n\n<p class=\"has-small-font-size\">In the bars you will find <strong>gluten-free and non-alcoholic beer<\/strong>.<\/p>\n<\/details>\n\n\n\n<details class=\"wp-block-details has-background-background-color has-background is-layout-flow wp-block-details-is-layout-flow\"><summary>Can I bring some food?<\/summary>\n<p class=\"has-small-font-size\">Food may be brought in, but not cutlery or glass containers. The only beverages allowed are 33cl water bottles without caps.<\/p>\n\n\n\n<p class=\"has-small-font-size\">Reusable bottles (plastic, glass or metal) cannot be brought into the venue.<\/p>\n<\/details>\n\n\n\n<details class=\"wp-block-details has-background-background-color has-background is-layout-flow wp-block-details-is-layout-flow\"><summary>Allowed objects in the venue<\/summary>\n<p class=\"has-small-font-size\">Professional photo or video cameras, motorcycle helmets, selfie sticks, large bags or suitcases, scooters, skateboards, bikes, chairs or stools are <strong>not<\/strong> allowed.<br>Pets are also <strong>not<\/strong> permitted.<\/p>\n<\/details>\n\n\n\n<details class=\"wp-block-details has-background-background-color has-background is-layout-flow wp-block-details-is-layout-flow\"><summary>Lost &amp; Found<\/summary>\n<p class=\"has-small-font-size\">If you lost any object during the festival, you can send an email to festival@cruillabarcelona.com and we will try to locate it.<\/p>\n<\/details>\n\n\n\n<details class=\"wp-block-details has-background-background-color has-background is-layout-flow wp-block-details-is-layout-flow\"><summary>Are there water fountains at the venue?<\/summary>\n<p class=\"has-small-font-size\">We have set up 4 free drinking water fountains at the venue. Remember to stay hydrated during the hottest hours!<\/p>\n<\/details>\n\n\n\n<details class=\"wp-block-details has-background-background-color has-background is-layout-flow wp-block-details-is-layout-flow\"><summary>Medical Service at the Venue<\/summary>\n<p class=\"has-small-font-size\">You will find the RACC medical assistance truck next to the Vueling Stage, at the top of the stands.<\/p>\n<\/details>\n\n\n\n<p class=\"has-background-color has-text-color has-link-color wp-elements-6577b95c43ca3dbca25e72eadcbd9358\">If you did not find the answer to your questions about the venue, please <a href=\"https:\/\/www.cruillabarcelona.com\/en\/contact\/\" target=\"_blank\" rel=\"noreferrer noopener\">contact us<\/a><\/p>\n<\/div>\n<\/div>\n<\/div>\n","protected":false},"excerpt":{"rendered":"<p>If you did not find the answer to your questions about the venue, please contact us<\/p>\n","protected":false},"author":2,"featured_media":0,"parent":63610,"menu_order":1,"comment_status":"closed","ping_status":"closed","template":"","meta":{"_acf_changed":false,"footnotes":""},"class_list":["post-63490","page","type-page","status-publish","hentry"],"acf":[],"yoast_head":"<!-- This site is optimized with the Yoast SEO plugin v27.3 - https:\/\/yoast.com\/product\/yoast-seo-wordpress\/ -->\n<title>Preguntes freq\u00fcents sobre el recinte del Festival Cru\u00eflla 2025<\/title>\n<meta name=\"description\" content=\"Resolem tots els dubtes que pots tenir abans de celebrar el Festival Cru\u00eflla 2025. 9, 10, 11, 12 de juliol al Parc del F\u00f2rum de Barcelona\" \/>\n<meta name=\"robots\" content=\"index, follow, max-snippet:-1, max-image-preview:large, max-video-preview:-1\" \/>\n<link rel=\"canonical\" href=\"https:\/\/www.cruillabarcelona.cat\/en\/infos-2\/preguntes-recinte\/\" \/>\n<meta property=\"og:locale\" content=\"en_US\" \/>\n<meta property=\"og:type\" content=\"article\" \/>\n<meta property=\"og:title\" content=\"Preguntes freq\u00fcents sobre el recinte del Festival Cru\u00eflla 2025\" \/>\n<meta property=\"og:description\" content=\"Resolem tots els dubtes que pots tenir abans de celebrar el Festival Cru\u00eflla 2025. 9, 10, 11, 12 de juliol al Parc del F\u00f2rum de Barcelona\" \/>\n<meta property=\"og:url\" content=\"https:\/\/www.cruillabarcelona.cat\/en\/infos-2\/preguntes-recinte\/\" \/>\n<meta property=\"og:site_name\" content=\"Festival Cru\u00eflla\" \/>\n<meta property=\"article:modified_time\" content=\"2026-03-20T14:39:32+00:00\" \/>\n<meta name=\"twitter:card\" content=\"summary_large_image\" \/>\n<meta name=\"twitter:label1\" content=\"Est. reading time\" \/>\n\t<meta name=\"twitter:data1\" content=\"2 minutes\" \/>\n<script type=\"application\/ld+json\" class=\"yoast-schema-graph\">{\"@context\":\"https:\\\/\\\/schema.org\",\"@graph\":[{\"@type\":\"WebPage\",\"@id\":\"https:\\\/\\\/www.cruillabarcelona.cat\\\/en\\\/infos-2\\\/preguntes-recinte\\\/\",\"url\":\"https:\\\/\\\/www.cruillabarcelona.cat\\\/en\\\/infos-2\\\/preguntes-recinte\\\/\",\"name\":\"Preguntes freq\u00fcents sobre el recinte del Festival Cru\u00eflla 2025\",\"isPartOf\":{\"@id\":\"https:\\\/\\\/www.cruillabarcelona.cat\\\/en\\\/#website\"},\"datePublished\":\"2018-06-29T09:59:02+00:00\",\"dateModified\":\"2026-03-20T14:39:32+00:00\",\"description\":\"Resolem tots els dubtes que pots tenir abans de celebrar el Festival Cru\u00eflla 2025. 9, 10, 11, 12 de juliol al Parc del F\u00f2rum de Barcelona\",\"breadcrumb\":{\"@id\":\"https:\\\/\\\/www.cruillabarcelona.cat\\\/en\\\/infos-2\\\/preguntes-recinte\\\/#breadcrumb\"},\"inLanguage\":\"en-US\",\"potentialAction\":[{\"@type\":\"ReadAction\",\"target\":[\"https:\\\/\\\/www.cruillabarcelona.cat\\\/en\\\/infos-2\\\/preguntes-recinte\\\/\"]}]},{\"@type\":\"BreadcrumbList\",\"@id\":\"https:\\\/\\\/www.cruillabarcelona.cat\\\/en\\\/infos-2\\\/preguntes-recinte\\\/#breadcrumb\",\"itemListElement\":[{\"@type\":\"ListItem\",\"position\":1,\"name\":\"Home\",\"item\":\"https:\\\/\\\/www.cruillabarcelona.cat\\\/en\\\/\"},{\"@type\":\"ListItem\",\"position\":2,\"name\":\"Infos Festival Cru\u00eflla 2026\",\"item\":\"https:\\\/\\\/www.cruillabarcelona.cat\\\/en\\\/infos-2\\\/\"},{\"@type\":\"ListItem\",\"position\":3,\"name\":\"Questions about the venue\"}]},{\"@type\":\"WebSite\",\"@id\":\"https:\\\/\\\/www.cruillabarcelona.cat\\\/en\\\/#website\",\"url\":\"https:\\\/\\\/www.cruillabarcelona.cat\\\/en\\\/\",\"name\":\"Festival Cru\u00eflla\",\"description\":\"\",\"publisher\":{\"@id\":\"https:\\\/\\\/www.cruillabarcelona.cat\\\/en\\\/#organization\"},\"potentialAction\":[{\"@type\":\"SearchAction\",\"target\":{\"@type\":\"EntryPoint\",\"urlTemplate\":\"https:\\\/\\\/www.cruillabarcelona.cat\\\/en\\\/?s={search_term_string}\"},\"query-input\":{\"@type\":\"PropertyValueSpecification\",\"valueRequired\":true,\"valueName\":\"search_term_string\"}}],\"inLanguage\":\"en-US\"},{\"@type\":\"Organization\",\"@id\":\"https:\\\/\\\/www.cruillabarcelona.cat\\\/en\\\/#organization\",\"name\":\"Festival Cru\u00eflla\",\"url\":\"https:\\\/\\\/www.cruillabarcelona.cat\\\/en\\\/\",\"logo\":{\"@type\":\"ImageObject\",\"inLanguage\":\"en-US\",\"@id\":\"https:\\\/\\\/www.cruillabarcelona.cat\\\/en\\\/#\\\/schema\\\/logo\\\/image\\\/\",\"url\":\"https:\\\/\\\/www.cruillabarcelona.cat\\\/wp-content\\\/uploads\\\/2025\\\/12\\\/cruill-logo-negativo.png\",\"contentUrl\":\"https:\\\/\\\/www.cruillabarcelona.cat\\\/wp-content\\\/uploads\\\/2025\\\/12\\\/cruill-logo-negativo.png\",\"width\":400,\"height\":101,\"caption\":\"Festival Cru\u00eflla\"},\"image\":{\"@id\":\"https:\\\/\\\/www.cruillabarcelona.cat\\\/en\\\/#\\\/schema\\\/logo\\\/image\\\/\"}}]}<\/script>\n<!-- \/ Yoast SEO plugin. -->","yoast_head_json":{"title":"Preguntes freq\u00fcents sobre el recinte del Festival Cru\u00eflla 2025","description":"Resolem tots els dubtes que pots tenir abans de celebrar el Festival Cru\u00eflla 2025. 9, 10, 11, 12 de juliol al Parc del F\u00f2rum de Barcelona","robots":{"index":"index","follow":"follow","max-snippet":"max-snippet:-1","max-image-preview":"max-image-preview:large","max-video-preview":"max-video-preview:-1"},"canonical":"https:\/\/www.cruillabarcelona.cat\/en\/infos-2\/preguntes-recinte\/","og_locale":"en_US","og_type":"article","og_title":"Preguntes freq\u00fcents sobre el recinte del Festival Cru\u00eflla 2025","og_description":"Resolem tots els dubtes que pots tenir abans de celebrar el Festival Cru\u00eflla 2025. 9, 10, 11, 12 de juliol al Parc del F\u00f2rum de Barcelona","og_url":"https:\/\/www.cruillabarcelona.cat\/en\/infos-2\/preguntes-recinte\/","og_site_name":"Festival Cru\u00eflla","article_modified_time":"2026-03-20T14:39:32+00:00","twitter_card":"summary_large_image","twitter_misc":{"Est. reading time":"2 minutes"},"schema":{"@context":"https:\/\/schema.org","@graph":[{"@type":"WebPage","@id":"https:\/\/www.cruillabarcelona.cat\/en\/infos-2\/preguntes-recinte\/","url":"https:\/\/www.cruillabarcelona.cat\/en\/infos-2\/preguntes-recinte\/","name":"Preguntes freq\u00fcents sobre el recinte del Festival Cru\u00eflla 2025","isPartOf":{"@id":"https:\/\/www.cruillabarcelona.cat\/en\/#website"},"datePublished":"2018-06-29T09:59:02+00:00","dateModified":"2026-03-20T14:39:32+00:00","description":"Resolem tots els dubtes que pots tenir abans de celebrar el Festival Cru\u00eflla 2025. 9, 10, 11, 12 de juliol al Parc del F\u00f2rum de Barcelona","breadcrumb":{"@id":"https:\/\/www.cruillabarcelona.cat\/en\/infos-2\/preguntes-recinte\/#breadcrumb"},"inLanguage":"en-US","potentialAction":[{"@type":"ReadAction","target":["https:\/\/www.cruillabarcelona.cat\/en\/infos-2\/preguntes-recinte\/"]}]},{"@type":"BreadcrumbList","@id":"https:\/\/www.cruillabarcelona.cat\/en\/infos-2\/preguntes-recinte\/#breadcrumb","itemListElement":[{"@type":"ListItem","position":1,"name":"Home","item":"https:\/\/www.cruillabarcelona.cat\/en\/"},{"@type":"ListItem","position":2,"name":"Infos Festival Cru\u00eflla 2026","item":"https:\/\/www.cruillabarcelona.cat\/en\/infos-2\/"},{"@type":"ListItem","position":3,"name":"Questions about the venue"}]},{"@type":"WebSite","@id":"https:\/\/www.cruillabarcelona.cat\/en\/#website","url":"https:\/\/www.cruillabarcelona.cat\/en\/","name":"Festival Cru\u00eflla","description":"","publisher":{"@id":"https:\/\/www.cruillabarcelona.cat\/en\/#organization"},"potentialAction":[{"@type":"SearchAction","target":{"@type":"EntryPoint","urlTemplate":"https:\/\/www.cruillabarcelona.cat\/en\/?s={search_term_string}"},"query-input":{"@type":"PropertyValueSpecification","valueRequired":true,"valueName":"search_term_string"}}],"inLanguage":"en-US"},{"@type":"Organization","@id":"https:\/\/www.cruillabarcelona.cat\/en\/#organization","name":"Festival Cru\u00eflla","url":"https:\/\/www.cruillabarcelona.cat\/en\/","logo":{"@type":"ImageObject","inLanguage":"en-US","@id":"https:\/\/www.cruillabarcelona.cat\/en\/#\/schema\/logo\/image\/","url":"https:\/\/www.cruillabarcelona.cat\/wp-content\/uploads\/2025\/12\/cruill-logo-negativo.png","contentUrl":"https:\/\/www.cruillabarcelona.cat\/wp-content\/uploads\/2025\/12\/cruill-logo-negativo.png","width":400,"height":101,"caption":"Festival Cru\u00eflla"},"image":{"@id":"https:\/\/www.cruillabarcelona.cat\/en\/#\/schema\/logo\/image\/"}}]}},"_links":{"self":[{"href":"https:\/\/www.cruillabarcelona.cat\/en\/wp-json\/wp\/v2\/pages\/63490","targetHints":{"allow":["GET"]}}],"collection":[{"href":"https:\/\/www.cruillabarcelona.cat\/en\/wp-json\/wp\/v2\/pages"}],"about":[{"href":"https:\/\/www.cruillabarcelona.cat\/en\/wp-json\/wp\/v2\/types\/page"}],"author":[{"embeddable":true,"href":"https:\/\/www.cruillabarcelona.cat\/en\/wp-json\/wp\/v2\/users\/2"}],"replies":[{"embeddable":true,"href":"https:\/\/www.cruillabarcelona.cat\/en\/wp-json\/wp\/v2\/comments?post=63490"}],"version-history":[{"count":4,"href":"https:\/\/www.cruillabarcelona.cat\/en\/wp-json\/wp\/v2\/pages\/63490\/revisions"}],"predecessor-version":[{"id":63822,"href":"https:\/\/www.cruillabarcelona.cat\/en\/wp-json\/wp\/v2\/pages\/63490\/revisions\/63822"}],"up":[{"embeddable":true,"href":"https:\/\/www.cruillabarcelona.cat\/en\/wp-json\/wp\/v2\/pages\/63610"}],"wp:attachment":[{"href":"https:\/\/www.cruillabarcelona.cat\/en\/wp-json\/wp\/v2\/media?parent=63490"}],"curies":[{"name":"wp","href":"https:\/\/api.w.org\/{rel}","templated":true}]}}