{"id":63505,"date":"2016-11-28T09:24:29","date_gmt":"2016-11-28T07:24:29","guid":{"rendered":"https:\/\/www.cruillabarcelona.cat\/infos-2\/com-arribar\/"},"modified":"2026-03-20T19:23:03","modified_gmt":"2026-03-20T17:23:03","slug":"com-arribar","status":"publish","type":"page","link":"https:\/\/www.cruillabarcelona.cat\/en\/infos-2\/com-arribar\/","title":{"rendered":"How to arrive and leave the venue"},"content":{"rendered":"\n<header class=\"wp-block-group has-foreground-background-color has-background is-layout-flow wp-block-group-is-layout-flow\" style=\"margin-top:0;margin-bottom:0\"><h1 style=\"line-height:1.2;text-transform:uppercase;\" class=\"has-text-align-center has-link-color wp-elements-b68ac12c420099fa2af427171991f2c5 wp-block-post-title has-text-color has-background-color has-x-large-font-size\">How to arrive and leave the venue<\/h1><\/header>\n\n\n\n<div class=\"wp-block-group has-foreground-background-color has-background has-global-padding is-layout-constrained wp-block-group-is-layout-constrained\">\n<div class=\"wp-block-columns has-foreground-background-color has-background is-layout-flex wp-container-core-columns-is-layout-039d06b3 wp-block-columns-is-layout-flex\" style=\"margin-top:0;margin-bottom:0;padding-right:0;padding-left:0\">\n<div class=\"wp-block-column is-layout-flow wp-block-column-is-layout-flow\" style=\"flex-basis:25%\">\n<div class=\"wp-block-group has-background-background-color has-background has-global-padding is-layout-constrained wp-container-core-group-is-layout-f611be13 wp-block-group-is-layout-constrained\" style=\"padding-top:var(--wp--preset--spacing--50);padding-right:var(--wp--preset--spacing--50);padding-bottom:var(--wp--preset--spacing--50);padding-left:var(--wp--preset--spacing--50)\"><nav style=\"line-height:1;text-transform:uppercase;\" class=\"has-small-font-size  is-vertical wp-block-navigation is-layout-flex wp-container-core-navigation-is-layout-355c4241 wp-block-navigation-is-layout-flex\" aria-label=\"FAQ_EN\"><ul style=\"line-height:1;text-transform:uppercase;\" class=\"wp-block-navigation__container has-small-font-size  is-vertical wp-block-navigation has-small-font-size\"><li class=\"has-small-font-size wp-block-navigation-item wp-block-navigation-link\"><a class=\"wp-block-navigation-item__content\"  href=\"https:\/\/www.cruillabarcelona.cat\/infos\/preguntes-recinte\/\"><span class=\"wp-block-navigation-item__label\">about the venue<\/span><\/a><\/li><li class=\"has-small-font-size wp-block-navigation-item wp-block-navigation-link\"><a class=\"wp-block-navigation-item__content\"  href=\"https:\/\/www.cruillabarcelona.cat\/en\/infos-2\/preguntes-frequents\/\"><span class=\"wp-block-navigation-item__label\">about the tickets<\/span><\/a><\/li><li class=\"has-small-font-size wp-block-navigation-item wp-block-navigation-link\"><a class=\"wp-block-navigation-item__content\"  href=\"https:\/\/www.cruillabarcelona.cat\/en\/infos-2\/menors\/\"><span class=\"wp-block-navigation-item__label\">KIDS IN CRU\u00cfLLA<\/span><\/a><\/li><li class=\"has-small-font-size wp-block-navigation-item wp-block-navigation-link\"><a class=\"wp-block-navigation-item__content\"  href=\"https:\/\/www.cruillabarcelona.cat\/en\/infos-2\/menors\/minors-form\/\"><span class=\"wp-block-navigation-item__label\">MINORS FORM<\/span><\/a><\/li><li class=\"has-small-font-size wp-block-navigation-item wp-block-navigation-link\"><a class=\"wp-block-navigation-item__content\"  href=\"https:\/\/www.cruillabarcelona.cat\/en\/infos-2\/com-arribar\/\"><span class=\"wp-block-navigation-item__label\">HOW TO GET THERE<\/span><\/a><\/li><li class=\"has-small-font-size wp-block-navigation-item wp-block-navigation-link\"><a class=\"wp-block-navigation-item__content\"  href=\"https:\/\/www.cruillabarcelona.cat\/en\/infos-2\/descomptes\/\"><span class=\"wp-block-navigation-item__label\">DISCOUNT<\/span><\/a><\/li><li class=\"has-small-font-size wp-block-navigation-item wp-block-navigation-link\"><a class=\"wp-block-navigation-item__content\"  href=\"https:\/\/www.cruillabarcelona.cat\/premsa\/\"><span class=\"wp-block-navigation-item__label\">Press<\/span><\/a><\/li><\/ul><\/nav><\/div>\n<\/div>\n\n\n\n<div class=\"wp-block-column is-layout-flow wp-block-column-is-layout-flow\">\n<iframe src=\"https:\/\/www.google.com\/maps\/embed?pb=!1m18!1m12!1m3!1d3689.821933437813!2d2.2186159765496303!3d41.40928319463603!2m3!1f0!2f0!3f0!3m2!1i1024!2i768!4f13.1!3m3!1m2!1s0x12a4a300430ea171%3A0x3bca58d548347ad0!2sParque%20del%20Forum%2C%20Barcelona!5e1!3m2!1ses!2ses!4v1767799384094!5m2!1ses!2ses\" width=\"600\" height=\"450\" style=\"border:0;\" allowfullscreen=\"\" loading=\"lazy\" referrerpolicy=\"no-referrer-when-downgrade\"><\/iframe>\n\n\n\n<h2 class=\"wp-block-heading has-background-color has-text-color has-link-color wp-elements-8cf9b6b747c587070ad31aaf57cc040e\" style=\"font-size:clamp(0.875rem, 0.875rem + ((1vw - 0.2rem) * 0.536), 1.25rem);\">Parc del F\u00f2rum<br>Moll de la Marina Seca<br>Carrer De la Pau, 12.<br>08930, Sant Adri\u00e0 del Bes\u00f2s, Barcelona<\/h2>\n\n\n\n<p><\/p>\n\n\n\n<div class=\"wp-block-columns is-layout-flex wp-container-core-columns-is-layout-28f84493 wp-block-columns-is-layout-flex\">\n<div class=\"wp-block-column is-vertically-aligned-top is-layout-flow wp-block-column-is-layout-flow\" style=\"flex-basis:50%\">\n<p class=\"has-primary-color has-text-color has-link-color has-medium-large-font-size wp-elements-90a5561197216cd4e814ac598ca5fc96\">BY METRO<\/p>\n\n\n\n<p class=\"has-background-color has-text-color has-link-color wp-elements-ac677264a38ffa64e00333ffc1493b26\">Line L4. Station: El Maresme \u2013 F\u00f2rum<br>Exit: Rambla Prim<br><\/p>\n\n\n\n<p class=\"has-primary-color has-text-color has-link-color has-medium-large-font-size wp-elements-1891e63c3df95cfb44b82969651cb83a\">BY NIGHT BUS<\/p>\n\n\n\n<p class=\"has-background-color has-text-color has-link-color wp-elements-4e2a94e2e204ec148a768d5d3dc20ef1\">Lines N6, N7<\/p>\n\n\n\n<p class=\"has-background-color has-text-color has-link-color wp-elements-5dd9de5a100e13b4ff139f166683507e\">Times: from 11PM to 6AM (aprox)<\/p>\n\n\n\n<p class=\"has-primary-color has-text-color has-link-color has-medium-large-font-size wp-elements-af9ae6e54a9d0c9378692a98e7741b25\">BY BIKE<\/p>\n\n\n\n<p class=\"has-background-color has-text-color has-link-color wp-elements-bf8fd0c97f76d93ba31f49be5f3dcb19\">This year, in collaboration with BSM-Parc del F\u00f2rum, we will have a free and secure bike parking with capacity for 150 bikes. It will be located under the Museu Blau and will be available from half an hour before the venue opens until half an hour after the venue closes: just bring your own lock!<\/p>\n\n\n\n<p class=\"has-primary-color has-text-color has-link-color has-medium-large-font-size wp-elements-1790b05c2b0dfac5ac7154254faab37f\">BY TRAIN<\/p>\n\n\n\n<ul class=\"wp-block-list\">\n<li class=\"has-background-color has-text-color has-link-color wp-elements-4ee677917c57f7e3d184acf2ef979a64\"><strong>Renfe<\/strong> is Cru\u00eflla&#8217;s official train. Closest stations:<\/li>\n\n\n\n<li class=\"has-background-color has-text-color has-link-color wp-elements-137d7903990c158f6b9f941f5665bd80\">Barcelona &#8211; El Clot Arag\u00f3<\/li>\n\n\n\n<li class=\"has-background-color has-text-color has-link-color wp-elements-74101fd04719c3d93de335b86a5fa7eb\">Estaci\u00f3 de Fran\u00e7a<\/li>\n\n\n\n<li class=\"has-background-color has-text-color has-link-color wp-elements-74533b77e00df1fe57d8c40d1d137f3d\">Sant Adri\u00e0 de Bes\u00f2s<\/li>\n\n\n\n<li class=\"has-background-color has-text-color has-link-color wp-elements-9c6ac516298e961836f6ac71690869f2\">Barcelona Sants: Barcelona&#8217;s main station, arrival of long-distance train.<\/li>\n<\/ul>\n\n\n\n<p class=\"has-background-color has-text-color has-link-color wp-elements-369b0148fee8b3f0f81a697a0727c8f3\"><br><a href=\"https:\/\/www.renfe.com\/es\/ca\">www.renfe.com<\/a><\/p>\n\n\n\n<p><\/p>\n\n\n\n<p><\/p>\n\n\n\n<p><\/p>\n<\/div>\n\n\n\n<div class=\"wp-block-column is-layout-flow wp-block-column-is-layout-flow\" style=\"flex-basis:50%\">\n<p class=\"has-primary-color has-text-color has-link-color has-medium-large-font-size wp-elements-0bc04136786aeb42f9c0497ef6358b3e\">BY BUS<\/p>\n\n\n\n<p class=\"has-background-color has-text-color has-link-color wp-elements-055fc3e91248cc425ad012921a70c1d7\">Lines 7, 36, 143, H14, H16, B23<\/p>\n\n\n\n<p class=\"has-background-color has-text-color has-link-color wp-elements-d99604dd3b9f46b2477e440da033290e\">Times: from 6:30AM to 11:15PM (aprox)<\/p>\n\n\n\n<h4 class=\"wp-block-heading has-primary-color has-text-color has-link-color wp-elements-a7b583a8338827c871534bc4b5ba31ef\">BY SHUTTLE BUS<\/h4>\n\n\n\n<p class=\"has-background-color has-text-color has-link-color wp-elements-48f350ecedbac34fae56bdde40df7f8f\">This year, we\u2019ve set up a <strong>shuttle bus<\/strong> service running from Parc del F\u00f2rum to Ronda Sant Pere. The fare is <strong>\u20ac2.50<\/strong>, payable by <strong>card or cashless wristband<\/strong>&nbsp;when boarding the bus.<\/p>\n\n\n\n<p class=\"has-background-color has-text-color has-link-color wp-elements-2ae4ed0fcab44b8e91c6e2aae2544fcf\">The departure point is in front of the <strong>Hotel Princess<\/strong>. The drop-off point is at <strong>Ronda Sant Pere with Passeig de Gr\u00e0cia<\/strong>.<\/p>\n\n\n\n<p class=\"has-background-color has-text-color has-link-color wp-elements-bf14f3855bdcec5d6380d569caad7683\"><strong>Timetable:<\/strong><\/p>\n\n\n\n<p class=\"has-background-color has-text-color has-link-color wp-elements-5e2ccfab83773bedb32b005b04e177e7\">Wednesday to Thursday night: 22:45 to 00:45<br>Thursday to Friday night: 00:00 to 02:00<br>Friday to Saturday night: 01:30 to 05:30<br>Saturday to Sunday night: 01:30 to 04:30<\/p>\n\n\n\n<p class=\"has-primary-color has-text-color has-link-color has-medium-large-font-size wp-elements-d27f2d93c36e2c6a9c0a50199132b6c4\">BY TRAM<\/p>\n\n\n\n<p class=\"has-background-color has-text-color has-link-color wp-elements-862346f25c27f819fd470fbdc33e8c39\">Line T4. Station: F\u00f2rum.<\/p>\n\n\n\n<ul class=\"wp-block-list\">\n<li class=\"has-background-color has-text-color has-link-color wp-elements-2c410b764f0e409e566cf55938a3a10c\">Wednesday from 5 AM to 1 AM.<\/li>\n\n\n\n<li class=\"has-background-color has-text-color has-link-color wp-elements-841ca7588814dd9f41ac0b1495ee6bb3\">Thursday from 5 AM from 2 AM.<\/li>\n\n\n\n<li class=\"has-background-color has-text-color has-link-color wp-elements-a38182fdff4fae0a95ea8034f389064b\">Friday and Saturday unlimited service.<\/li>\n<\/ul>\n\n\n\n<p>Times:<br><a href=\"http:\/\/www.tram.cat\" target=\"_blank\" rel=\"noreferrer noopener\">www.tram.cat<\/a><\/p>\n\n\n\n<p><\/p>\n\n\n\n<p>Thursday from 5 AM from 2 AM.<\/p>\n\n\n\n<p class=\"has-primary-color has-text-color has-link-color has-medium-large-font-size wp-elements-7bdc625fe8acb23d67c61e0553db952e\">EN BICING<\/p>\n\n\n\n<p class=\"has-background-color has-text-color has-link-color wp-elements-04538e401b79d6156a1af70c06567896\">Closet stations:<\/p>\n\n\n\n<p class=\"has-background-color has-text-color has-link-color wp-elements-df7525739d0a2316081535c66ad088e9\">&#8211; 35 C\/ Sant Ramon de Penyafort, 1: this stop will be reinforced on Wednesday and Thursday after the last concert.<\/p>\n\n\n\n<p class=\"has-background-color has-text-color has-link-color wp-elements-aa881c80bb14b3e149f36d8df2a10834\">-160 Avda. d\u2019Eduard Maristany, 1\/ F\u00f2rum<\/p>\n\n\n\n<p class=\"has-background-color has-text-color has-link-color wp-elements-620fdef2b66a39fb791e26c68d79727a\">-158 Rambla Prim, 1-9<\/p>\n\n\n\n<p class=\"has-background-color has-text-color has-link-color wp-elements-7d40d1e5e67643939d0b73b500b0110f\">-157 C\/ Llull, 396<\/p>\n\n\n\n<p class=\"has-background-color has-text-color has-link-color wp-elements-e996ee664e87aaf2890171cd3ca95ded\">-159 Avda. Diagonal, 26<\/p>\n\n\n\n<p class=\"has-background-color has-text-color has-link-color wp-elements-039fd36af063c43b199dda4f0d3afff4\">-151 C\/ Pujades, 462<\/p>\n\n\n\n<p class=\"has-background-color has-text-color has-link-color wp-elements-79a6ec06af94b218917ecd58040cdaa9\">-147 Rambla Prim, 79<\/p>\n\n\n\n<p class=\"has-background-color has-text-color has-link-color wp-elements-4950c11628bed871065d7ba4889072b2\">-156 Avda. Diagonal, 82<br><br><a href=\"http:\/\/www.bicing.cat\" target=\"_blank\" rel=\"noreferrer noopener\">www.bicing.cat<\/a><\/p>\n\n\n\n<p class=\"has-background-color has-text-color has-link-color wp-elements-a911c1e84d24e6faf78292314ec0274f\"><\/p>\n\n\n\n<p class=\"has-primary-color has-text-color has-link-color has-medium-large-font-size wp-elements-dc20830e3cf8f866cb78dc047aca0040\">BY TAXI<\/p>\n\n\n\n<p class=\"has-background-color has-text-color has-link-color wp-elements-ac689759a3462d7526ff95eb9489bf37\">The taxi stand will be located at the corner of Josep Pla and Taulat streets.<\/p>\n<\/div>\n<\/div>\n\n\n\n<p class=\"has-primary-color has-text-color has-link-color has-medium-large-font-size wp-elements-cd3c455e554eca1ab9f8db58c216fb17\">BY CAR<\/p>\n\n\n\n<div class=\"wp-block-columns is-layout-flex wp-container-core-columns-is-layout-28f84493 wp-block-columns-is-layout-flex\">\n<div class=\"wp-block-column is-layout-flow wp-block-column-is-layout-flow\">\n<p class=\"has-primary-color has-text-color has-link-color wp-elements-910341a20750c1f8d4b7e5331fd735b2\">By car from Tarragona:<\/p>\n\n\n\n<p class=\"has-background-color has-text-color has-link-color wp-elements-b452089f645c66bafb3b828c9257bd2c\">Ronda Litoral, exit: Rambla Prim\/Diagonal Mar\/Port F\u00f2rum St. Adri\u00e0.<\/p>\n<\/div>\n\n\n\n<div class=\"wp-block-column is-layout-flow wp-block-column-is-layout-flow\">\n<p class=\"has-primary-color has-text-color has-link-color wp-elements-29f4a6fe6c70b90ee6887ae3b3f96135\">By car from Girona:<\/p>\n\n\n\n<p class=\"has-background-color has-text-color has-link-color wp-elements-53dba9ed7529c92a489b867584474721\">Ronda Litoral, exit: Rambla Prim.<br>Continue to the right towards: Sant R. Penyafort\/Sant Adri\u00e0\/Crist\u00f3bal de Moura<\/p>\n<\/div>\n<\/div>\n\n\n\n<p class=\"has-background-color has-text-color has-link-color wp-elements-51e990d93f081487541fdf163f45b812\">There are 3 indoor and outdoor parking areas near the F\u00f2rum:<\/p>\n\n\n\n<p class=\"has-background-color has-text-color has-link-color wp-elements-cd080befaaf208c82f513618991bc584\">B:SM Pla\u00e7a F\u00f2rum (Pla\u00e7a d\u2019Ernest Lluch i Mart\u00edn)<\/p>\n\n\n\n<p class=\"has-background-color has-text-color has-link-color wp-elements-d854f0ae0fc85d505c53ec9f7a49a434\">B:SM Garcia F\u00e0ria (c\/ Garcia F\u00e0ria, 1)<\/p>\n\n\n\n<p class=\"has-background-color has-text-color has-link-color wp-elements-904737bc4985736bde40e75b43d41bf0\">B:SM Gl\u00f2ries (Pla\u00e7a de les Gl\u00f2ries)<\/p>\n\n\n\n<p class=\"has-background-color has-text-color has-link-color wp-elements-a911c1e84d24e6faf78292314ec0274f\"><\/p>\n<\/div>\n<\/div>\n<\/div>\n\n\n\n<p><\/p>\n","protected":false},"excerpt":{"rendered":"<p>Parc del F\u00f2rumMoll de la Marina SecaCarrer De la Pau, 12.08930, Sant Adri\u00e0 del Bes\u00f2s, Barcelona BY METRO Line L4. Station: El Maresme \u2013 F\u00f2rumExit: Rambla [&hellip;]<\/p>\n","protected":false},"author":1,"featured_media":0,"parent":63610,"menu_order":6,"comment_status":"closed","ping_status":"closed","template":"","meta":{"_acf_changed":false,"footnotes":""},"class_list":["post-63505","page","type-page","status-publish","hentry"],"acf":[],"yoast_head":"<!-- This site is optimized with the Yoast SEO plugin v27.3 - https:\/\/yoast.com\/product\/yoast-seo-wordpress\/ -->\n<title>Com arribar al Cru\u00eflla 2025: transport p\u00fablic, cotxe, aparcament<\/title>\n<meta name=\"description\" content=\"Com arribar al Parc del F\u00f2rum de Barcelona per gaudir del Festival Cru\u00eflla 2025 en transport p\u00fablic: metro, autob\u00fas, bicicleta o tramvia.\" \/>\n<meta name=\"robots\" content=\"index, follow, max-snippet:-1, max-image-preview:large, max-video-preview:-1\" \/>\n<link rel=\"canonical\" href=\"https:\/\/www.cruillabarcelona.cat\/en\/infos-2\/com-arribar\/\" \/>\n<meta property=\"og:locale\" content=\"en_US\" \/>\n<meta property=\"og:type\" content=\"article\" \/>\n<meta property=\"og:title\" content=\"Com arribar al Cru\u00eflla 2025: transport p\u00fablic, cotxe, aparcament\" \/>\n<meta property=\"og:description\" content=\"Com arribar al Parc del F\u00f2rum de Barcelona per gaudir del Festival Cru\u00eflla 2025 en transport p\u00fablic: metro, autob\u00fas, bicicleta o tramvia.\" \/>\n<meta property=\"og:url\" content=\"https:\/\/www.cruillabarcelona.cat\/en\/infos-2\/com-arribar\/\" \/>\n<meta property=\"og:site_name\" content=\"Festival Cru\u00eflla\" \/>\n<meta property=\"article:modified_time\" content=\"2026-03-20T17:23:03+00:00\" \/>\n<meta name=\"twitter:card\" content=\"summary_large_image\" \/>\n<meta name=\"twitter:label1\" content=\"Est. reading time\" \/>\n\t<meta name=\"twitter:data1\" content=\"3 minutes\" \/>\n<script type=\"application\/ld+json\" class=\"yoast-schema-graph\">{\"@context\":\"https:\\\/\\\/schema.org\",\"@graph\":[{\"@type\":\"WebPage\",\"@id\":\"https:\\\/\\\/www.cruillabarcelona.cat\\\/en\\\/infos-2\\\/com-arribar\\\/\",\"url\":\"https:\\\/\\\/www.cruillabarcelona.cat\\\/en\\\/infos-2\\\/com-arribar\\\/\",\"name\":\"Com arribar al Cru\u00eflla 2025: transport p\u00fablic, cotxe, aparcament\",\"isPartOf\":{\"@id\":\"https:\\\/\\\/www.cruillabarcelona.cat\\\/en\\\/#website\"},\"datePublished\":\"2016-11-28T07:24:29+00:00\",\"dateModified\":\"2026-03-20T17:23:03+00:00\",\"description\":\"Com arribar al Parc del F\u00f2rum de Barcelona per gaudir del Festival Cru\u00eflla 2025 en transport p\u00fablic: metro, autob\u00fas, bicicleta o tramvia.\",\"breadcrumb\":{\"@id\":\"https:\\\/\\\/www.cruillabarcelona.cat\\\/en\\\/infos-2\\\/com-arribar\\\/#breadcrumb\"},\"inLanguage\":\"en-US\",\"potentialAction\":[{\"@type\":\"ReadAction\",\"target\":[\"https:\\\/\\\/www.cruillabarcelona.cat\\\/en\\\/infos-2\\\/com-arribar\\\/\"]}]},{\"@type\":\"BreadcrumbList\",\"@id\":\"https:\\\/\\\/www.cruillabarcelona.cat\\\/en\\\/infos-2\\\/com-arribar\\\/#breadcrumb\",\"itemListElement\":[{\"@type\":\"ListItem\",\"position\":1,\"name\":\"Home\",\"item\":\"https:\\\/\\\/www.cruillabarcelona.cat\\\/en\\\/\"},{\"@type\":\"ListItem\",\"position\":2,\"name\":\"Infos Festival Cru\u00eflla 2026\",\"item\":\"https:\\\/\\\/www.cruillabarcelona.cat\\\/en\\\/infos-2\\\/\"},{\"@type\":\"ListItem\",\"position\":3,\"name\":\"How to arrive and leave the venue\"}]},{\"@type\":\"WebSite\",\"@id\":\"https:\\\/\\\/www.cruillabarcelona.cat\\\/en\\\/#website\",\"url\":\"https:\\\/\\\/www.cruillabarcelona.cat\\\/en\\\/\",\"name\":\"Festival Cru\u00eflla\",\"description\":\"\",\"publisher\":{\"@id\":\"https:\\\/\\\/www.cruillabarcelona.cat\\\/en\\\/#organization\"},\"potentialAction\":[{\"@type\":\"SearchAction\",\"target\":{\"@type\":\"EntryPoint\",\"urlTemplate\":\"https:\\\/\\\/www.cruillabarcelona.cat\\\/en\\\/?s={search_term_string}\"},\"query-input\":{\"@type\":\"PropertyValueSpecification\",\"valueRequired\":true,\"valueName\":\"search_term_string\"}}],\"inLanguage\":\"en-US\"},{\"@type\":\"Organization\",\"@id\":\"https:\\\/\\\/www.cruillabarcelona.cat\\\/en\\\/#organization\",\"name\":\"Festival Cru\u00eflla\",\"url\":\"https:\\\/\\\/www.cruillabarcelona.cat\\\/en\\\/\",\"logo\":{\"@type\":\"ImageObject\",\"inLanguage\":\"en-US\",\"@id\":\"https:\\\/\\\/www.cruillabarcelona.cat\\\/en\\\/#\\\/schema\\\/logo\\\/image\\\/\",\"url\":\"https:\\\/\\\/www.cruillabarcelona.cat\\\/wp-content\\\/uploads\\\/2025\\\/12\\\/cruill-logo-negativo.png\",\"contentUrl\":\"https:\\\/\\\/www.cruillabarcelona.cat\\\/wp-content\\\/uploads\\\/2025\\\/12\\\/cruill-logo-negativo.png\",\"width\":400,\"height\":101,\"caption\":\"Festival Cru\u00eflla\"},\"image\":{\"@id\":\"https:\\\/\\\/www.cruillabarcelona.cat\\\/en\\\/#\\\/schema\\\/logo\\\/image\\\/\"}}]}<\/script>\n<!-- \/ Yoast SEO plugin. -->","yoast_head_json":{"title":"Com arribar al Cru\u00eflla 2025: transport p\u00fablic, cotxe, aparcament","description":"Com arribar al Parc del F\u00f2rum de Barcelona per gaudir del Festival Cru\u00eflla 2025 en transport p\u00fablic: metro, autob\u00fas, bicicleta o tramvia.","robots":{"index":"index","follow":"follow","max-snippet":"max-snippet:-1","max-image-preview":"max-image-preview:large","max-video-preview":"max-video-preview:-1"},"canonical":"https:\/\/www.cruillabarcelona.cat\/en\/infos-2\/com-arribar\/","og_locale":"en_US","og_type":"article","og_title":"Com arribar al Cru\u00eflla 2025: transport p\u00fablic, cotxe, aparcament","og_description":"Com arribar al Parc del F\u00f2rum de Barcelona per gaudir del Festival Cru\u00eflla 2025 en transport p\u00fablic: metro, autob\u00fas, bicicleta o tramvia.","og_url":"https:\/\/www.cruillabarcelona.cat\/en\/infos-2\/com-arribar\/","og_site_name":"Festival Cru\u00eflla","article_modified_time":"2026-03-20T17:23:03+00:00","twitter_card":"summary_large_image","twitter_misc":{"Est. reading time":"3 minutes"},"schema":{"@context":"https:\/\/schema.org","@graph":[{"@type":"WebPage","@id":"https:\/\/www.cruillabarcelona.cat\/en\/infos-2\/com-arribar\/","url":"https:\/\/www.cruillabarcelona.cat\/en\/infos-2\/com-arribar\/","name":"Com arribar al Cru\u00eflla 2025: transport p\u00fablic, cotxe, aparcament","isPartOf":{"@id":"https:\/\/www.cruillabarcelona.cat\/en\/#website"},"datePublished":"2016-11-28T07:24:29+00:00","dateModified":"2026-03-20T17:23:03+00:00","description":"Com arribar al Parc del F\u00f2rum de Barcelona per gaudir del Festival Cru\u00eflla 2025 en transport p\u00fablic: metro, autob\u00fas, bicicleta o tramvia.","breadcrumb":{"@id":"https:\/\/www.cruillabarcelona.cat\/en\/infos-2\/com-arribar\/#breadcrumb"},"inLanguage":"en-US","potentialAction":[{"@type":"ReadAction","target":["https:\/\/www.cruillabarcelona.cat\/en\/infos-2\/com-arribar\/"]}]},{"@type":"BreadcrumbList","@id":"https:\/\/www.cruillabarcelona.cat\/en\/infos-2\/com-arribar\/#breadcrumb","itemListElement":[{"@type":"ListItem","position":1,"name":"Home","item":"https:\/\/www.cruillabarcelona.cat\/en\/"},{"@type":"ListItem","position":2,"name":"Infos Festival Cru\u00eflla 2026","item":"https:\/\/www.cruillabarcelona.cat\/en\/infos-2\/"},{"@type":"ListItem","position":3,"name":"How to arrive and leave the venue"}]},{"@type":"WebSite","@id":"https:\/\/www.cruillabarcelona.cat\/en\/#website","url":"https:\/\/www.cruillabarcelona.cat\/en\/","name":"Festival Cru\u00eflla","description":"","publisher":{"@id":"https:\/\/www.cruillabarcelona.cat\/en\/#organization"},"potentialAction":[{"@type":"SearchAction","target":{"@type":"EntryPoint","urlTemplate":"https:\/\/www.cruillabarcelona.cat\/en\/?s={search_term_string}"},"query-input":{"@type":"PropertyValueSpecification","valueRequired":true,"valueName":"search_term_string"}}],"inLanguage":"en-US"},{"@type":"Organization","@id":"https:\/\/www.cruillabarcelona.cat\/en\/#organization","name":"Festival Cru\u00eflla","url":"https:\/\/www.cruillabarcelona.cat\/en\/","logo":{"@type":"ImageObject","inLanguage":"en-US","@id":"https:\/\/www.cruillabarcelona.cat\/en\/#\/schema\/logo\/image\/","url":"https:\/\/www.cruillabarcelona.cat\/wp-content\/uploads\/2025\/12\/cruill-logo-negativo.png","contentUrl":"https:\/\/www.cruillabarcelona.cat\/wp-content\/uploads\/2025\/12\/cruill-logo-negativo.png","width":400,"height":101,"caption":"Festival Cru\u00eflla"},"image":{"@id":"https:\/\/www.cruillabarcelona.cat\/en\/#\/schema\/logo\/image\/"}}]}},"_links":{"self":[{"href":"https:\/\/www.cruillabarcelona.cat\/en\/wp-json\/wp\/v2\/pages\/63505","targetHints":{"allow":["GET"]}}],"collection":[{"href":"https:\/\/www.cruillabarcelona.cat\/en\/wp-json\/wp\/v2\/pages"}],"about":[{"href":"https:\/\/www.cruillabarcelona.cat\/en\/wp-json\/wp\/v2\/types\/page"}],"author":[{"embeddable":true,"href":"https:\/\/www.cruillabarcelona.cat\/en\/wp-json\/wp\/v2\/users\/1"}],"replies":[{"embeddable":true,"href":"https:\/\/www.cruillabarcelona.cat\/en\/wp-json\/wp\/v2\/comments?post=63505"}],"version-history":[{"count":3,"href":"https:\/\/www.cruillabarcelona.cat\/en\/wp-json\/wp\/v2\/pages\/63505\/revisions"}],"predecessor-version":[{"id":63781,"href":"https:\/\/www.cruillabarcelona.cat\/en\/wp-json\/wp\/v2\/pages\/63505\/revisions\/63781"}],"up":[{"embeddable":true,"href":"https:\/\/www.cruillabarcelona.cat\/en\/wp-json\/wp\/v2\/pages\/63610"}],"wp:attachment":[{"href":"https:\/\/www.cruillabarcelona.cat\/en\/wp-json\/wp\/v2\/media?parent=63505"}],"curies":[{"name":"wp","href":"https:\/\/api.w.org\/{rel}","templated":true}]}}