{"id":63529,"date":"2018-06-29T10:00:18","date_gmt":"2018-06-29T08:00:18","guid":{"rendered":"https:\/\/www.cruillabarcelona.cat\/infos\/menors\/"},"modified":"2026-03-20T16:47:18","modified_gmt":"2026-03-20T14:47:18","slug":"menors","status":"publish","type":"page","link":"https:\/\/www.cruillabarcelona.cat\/en\/infos-2\/menors\/","title":{"rendered":"Children at Cru\u00eflla Festival"},"content":{"rendered":"\n<header class=\"wp-block-group has-foreground-background-color has-background is-layout-flow wp-block-group-is-layout-flow\" style=\"margin-top:0;margin-bottom:0\"><h1 style=\"line-height:1.2;text-transform:uppercase;\" class=\"has-text-align-center has-link-color wp-elements-b68ac12c420099fa2af427171991f2c5 wp-block-post-title has-text-color has-background-color has-x-large-font-size\">Children at Cru\u00eflla Festival<\/h1><\/header>\n\n\n\n<div class=\"wp-block-group has-foreground-background-color has-background has-global-padding is-layout-constrained wp-block-group-is-layout-constrained\">\n<div class=\"wp-block-columns has-foreground-background-color has-background is-layout-flex wp-container-core-columns-is-layout-039d06b3 wp-block-columns-is-layout-flex\" style=\"margin-top:0;margin-bottom:0;padding-right:0;padding-left:0\">\n<div class=\"wp-block-column is-layout-flow wp-block-column-is-layout-flow\" style=\"flex-basis:25%\">\n<div class=\"wp-block-group has-background-background-color has-background has-global-padding is-layout-constrained wp-container-core-group-is-layout-f611be13 wp-block-group-is-layout-constrained\" style=\"padding-top:var(--wp--preset--spacing--50);padding-right:var(--wp--preset--spacing--50);padding-bottom:var(--wp--preset--spacing--50);padding-left:var(--wp--preset--spacing--50)\"><nav style=\"line-height:1;text-transform:uppercase;\" class=\"has-small-font-size  is-vertical wp-block-navigation is-layout-flex wp-container-core-navigation-is-layout-355c4241 wp-block-navigation-is-layout-flex\" aria-label=\"FAQ_EN\"><ul style=\"line-height:1;text-transform:uppercase;\" class=\"wp-block-navigation__container has-small-font-size  is-vertical wp-block-navigation has-small-font-size\"><li class=\"has-small-font-size wp-block-navigation-item wp-block-navigation-link\"><a class=\"wp-block-navigation-item__content\"  href=\"https:\/\/www.cruillabarcelona.cat\/infos\/preguntes-recinte\/\"><span class=\"wp-block-navigation-item__label\">about the venue<\/span><\/a><\/li><li class=\"has-small-font-size wp-block-navigation-item wp-block-navigation-link\"><a class=\"wp-block-navigation-item__content\"  href=\"https:\/\/www.cruillabarcelona.cat\/en\/infos-2\/preguntes-frequents\/\"><span class=\"wp-block-navigation-item__label\">about the tickets<\/span><\/a><\/li><li class=\"has-small-font-size wp-block-navigation-item wp-block-navigation-link\"><a class=\"wp-block-navigation-item__content\"  href=\"https:\/\/www.cruillabarcelona.cat\/en\/infos-2\/menors\/\"><span class=\"wp-block-navigation-item__label\">KIDS IN CRU\u00cfLLA<\/span><\/a><\/li><li class=\"has-small-font-size wp-block-navigation-item wp-block-navigation-link\"><a class=\"wp-block-navigation-item__content\"  href=\"https:\/\/www.cruillabarcelona.cat\/en\/infos-2\/menors\/minors-form\/\"><span class=\"wp-block-navigation-item__label\">MINORS FORM<\/span><\/a><\/li><li class=\"has-small-font-size wp-block-navigation-item wp-block-navigation-link\"><a class=\"wp-block-navigation-item__content\"  href=\"https:\/\/www.cruillabarcelona.cat\/en\/infos-2\/com-arribar\/\"><span class=\"wp-block-navigation-item__label\">HOW TO GET THERE<\/span><\/a><\/li><li class=\"has-small-font-size wp-block-navigation-item wp-block-navigation-link\"><a class=\"wp-block-navigation-item__content\"  href=\"https:\/\/www.cruillabarcelona.cat\/en\/infos-2\/descomptes\/\"><span class=\"wp-block-navigation-item__label\">DISCOUNT<\/span><\/a><\/li><li class=\"has-small-font-size wp-block-navigation-item wp-block-navigation-link\"><a class=\"wp-block-navigation-item__content\"  href=\"https:\/\/www.cruillabarcelona.cat\/premsa\/\"><span class=\"wp-block-navigation-item__label\">Press<\/span><\/a><\/li><\/ul><\/nav><\/div>\n<\/div>\n\n\n\n<div class=\"wp-block-column has-background-color has-text-color has-link-color wp-elements-545c7dc32f68c7ee4a81e6eeee9dff44 is-layout-flow wp-container-core-column-is-layout-22223934 wp-block-column-is-layout-flow\">\n<p class=\"has-background-color has-text-color has-link-color has-medium-large-font-size wp-elements-53df253bd272a5923e3b066085511002\">If you are coming to Festival Cru\u00eflla with children up to, and including, 15 years of age, you will need to fill out\u00a0<a href=\"https:\/\/near.tl\/sm\/5j361hUHj\"><strong>this form<\/strong><\/a>\u00a0to enter the festival.<br><\/p>\n\n\n\n<p>Due to capacity control, ALL children must purchase a ticket to enter the venue.<\/p>\n\n\n\n<p><strong>Children from 0 to 13 years&nbsp;<\/strong>(included) must purchase the Kid Ticket at the symbolic price of 5\u20ac (day ticket) or 10\u20ac (2-day, 3-day and 4-day ticket). They&nbsp;must&nbsp;be accompanied by a parent or legal guardian and it will be mandatory to show the ticket at the indicated access control.<\/p>\n\n\n\n<p><strong>Children aged 14 and 15<\/strong>&nbsp;must purchase the normal ticket, and they&nbsp;must&nbsp;access the venue accompanied by a parent or legal guardian.<\/p>\n\n\n\n<p><strong>Children 16 years and older<\/strong>&nbsp;must purchase the normal ticket. They can enter the venue unaccompanied and without parental authorization.<\/p>\n\n\n\n<p>When entering the venue, different documents must be presented depending on who accompanies the children:<\/p>\n\n\n\n<ul class=\"wp-block-list\">\n<li>In the case that the parent or legal guardian is accompanying the child, they will have to present an\u00a0<strong>ID card and legal documentation<\/strong>\u00a0that confirms the relationship with the child.<\/li>\n\n\n\n<li>In the case that the accompanying person is not the father, mother, or legal guardian, they need to present an\u00a0<strong>authorized signature from the parent or legal guardian<\/strong>, together with a\u00a0<strong>photocopy of the parent or guardian\u2019s ID card, and the child\u2019s and companion\u2019s ID cards<\/strong>.\u00a0<a href=\"https:\/\/www.cruillabarcelona.com\/arxius\/en-document-menors-no-tutor.pdf\">You can download here the authorization<\/a><\/li>\n\n\n\n<li>In both cases, the person responsible for the child must be 18 years or older and can only be responsible for a maximum of 3 children. In addition, you must fill out\u00a0<a href=\"https:\/\/near.tl\/sm\/5j361hUHj\"><strong>THIS FORM<\/strong><\/a>\u00a0before\u00a0going to the venue.<\/li>\n<\/ul>\n\n\n\n<p>When you get to Parc del F\u00f2rum, enter the festival through the&nbsp;<strong>FAMILY ACCESS<\/strong>, located in the leftmost lane. Children will be given an&nbsp;<strong>ID wristband&nbsp;<\/strong>where the phone number of the person accompanying the child will be printed. The child must wear the wristband while in the venue.<\/p>\n\n\n\n<p>The organization will provide, if the person accompanying the child so requests,&nbsp;<strong>earplugs<\/strong>&nbsp;or&nbsp;<strong>headphones<\/strong>&nbsp;to reduce the effects of the sound volume. To acquire the&nbsp;<strong>headphones<\/strong>, a&nbsp;<strong>deposit of 20\u20ac<\/strong>&nbsp;will be necessary, paid with the cashless wristband. This deposit will be refunded when the headphones are returned.<\/p>\n\n\n\n<p><\/p>\n<\/div>\n<\/div>\n<\/div>\n","protected":false},"excerpt":{"rendered":"<p>If you are coming to Festival Cru\u00eflla with children up to, and including, 15 years of age, you will need to fill out\u00a0this form\u00a0to enter the [&hellip;]<\/p>\n","protected":false},"author":1,"featured_media":0,"parent":63610,"menu_order":5,"comment_status":"closed","ping_status":"closed","template":"","meta":{"_acf_changed":false,"footnotes":""},"class_list":["post-63529","page","type-page","status-publish","hentry"],"acf":[],"yoast_head":"<!-- This site is optimized with the Yoast SEO plugin v27.3 - https:\/\/yoast.com\/product\/yoast-seo-wordpress\/ -->\n<title>Pol\u00edtica de menors del Festival Cru\u00eflla 2024 - 10, 11, 12, 13 de juliol<\/title>\n<meta name=\"description\" content=\"Si vens amb nens al Festival Cru\u00eflla 2024, en aquesta p\u00e0gina trobar\u00e0s tots els detalls i documentaci\u00f3 sobre la nostra pol\u00edtica de menors.\" \/>\n<meta name=\"robots\" content=\"index, follow, max-snippet:-1, max-image-preview:large, max-video-preview:-1\" \/>\n<link rel=\"canonical\" href=\"https:\/\/www.cruillabarcelona.cat\/en\/infos-2\/menors\/\" \/>\n<meta property=\"og:locale\" content=\"en_US\" \/>\n<meta property=\"og:type\" content=\"article\" \/>\n<meta property=\"og:title\" content=\"Pol\u00edtica de menors del Festival Cru\u00eflla 2024 - 10, 11, 12, 13 de juliol\" \/>\n<meta property=\"og:description\" content=\"Si vens amb nens al Festival Cru\u00eflla 2024, en aquesta p\u00e0gina trobar\u00e0s tots els detalls i documentaci\u00f3 sobre la nostra pol\u00edtica de menors.\" \/>\n<meta property=\"og:url\" content=\"https:\/\/www.cruillabarcelona.cat\/en\/infos-2\/menors\/\" \/>\n<meta property=\"og:site_name\" content=\"Festival Cru\u00eflla\" \/>\n<meta property=\"article:modified_time\" content=\"2026-03-20T14:47:18+00:00\" \/>\n<meta name=\"twitter:card\" content=\"summary_large_image\" \/>\n<meta name=\"twitter:label1\" content=\"Est. reading time\" \/>\n\t<meta name=\"twitter:data1\" content=\"3 minutes\" \/>\n<script type=\"application\/ld+json\" class=\"yoast-schema-graph\">{\"@context\":\"https:\\\/\\\/schema.org\",\"@graph\":[{\"@type\":\"WebPage\",\"@id\":\"https:\\\/\\\/www.cruillabarcelona.cat\\\/en\\\/infos-2\\\/menors\\\/\",\"url\":\"https:\\\/\\\/www.cruillabarcelona.cat\\\/en\\\/infos-2\\\/menors\\\/\",\"name\":\"Pol\u00edtica de menors del Festival Cru\u00eflla 2024 - 10, 11, 12, 13 de juliol\",\"isPartOf\":{\"@id\":\"https:\\\/\\\/www.cruillabarcelona.cat\\\/en\\\/#website\"},\"datePublished\":\"2018-06-29T08:00:18+00:00\",\"dateModified\":\"2026-03-20T14:47:18+00:00\",\"description\":\"Si vens amb nens al Festival Cru\u00eflla 2024, en aquesta p\u00e0gina trobar\u00e0s tots els detalls i documentaci\u00f3 sobre la nostra pol\u00edtica de menors.\",\"breadcrumb\":{\"@id\":\"https:\\\/\\\/www.cruillabarcelona.cat\\\/en\\\/infos-2\\\/menors\\\/#breadcrumb\"},\"inLanguage\":\"en-US\",\"potentialAction\":[{\"@type\":\"ReadAction\",\"target\":[\"https:\\\/\\\/www.cruillabarcelona.cat\\\/en\\\/infos-2\\\/menors\\\/\"]}]},{\"@type\":\"BreadcrumbList\",\"@id\":\"https:\\\/\\\/www.cruillabarcelona.cat\\\/en\\\/infos-2\\\/menors\\\/#breadcrumb\",\"itemListElement\":[{\"@type\":\"ListItem\",\"position\":1,\"name\":\"Home\",\"item\":\"https:\\\/\\\/www.cruillabarcelona.cat\\\/en\\\/\"},{\"@type\":\"ListItem\",\"position\":2,\"name\":\"Infos Festival Cru\u00eflla 2026\",\"item\":\"https:\\\/\\\/www.cruillabarcelona.cat\\\/en\\\/infos-2\\\/\"},{\"@type\":\"ListItem\",\"position\":3,\"name\":\"Children at Cru\u00eflla Festival\"}]},{\"@type\":\"WebSite\",\"@id\":\"https:\\\/\\\/www.cruillabarcelona.cat\\\/en\\\/#website\",\"url\":\"https:\\\/\\\/www.cruillabarcelona.cat\\\/en\\\/\",\"name\":\"Festival Cru\u00eflla\",\"description\":\"\",\"publisher\":{\"@id\":\"https:\\\/\\\/www.cruillabarcelona.cat\\\/en\\\/#organization\"},\"potentialAction\":[{\"@type\":\"SearchAction\",\"target\":{\"@type\":\"EntryPoint\",\"urlTemplate\":\"https:\\\/\\\/www.cruillabarcelona.cat\\\/en\\\/?s={search_term_string}\"},\"query-input\":{\"@type\":\"PropertyValueSpecification\",\"valueRequired\":true,\"valueName\":\"search_term_string\"}}],\"inLanguage\":\"en-US\"},{\"@type\":\"Organization\",\"@id\":\"https:\\\/\\\/www.cruillabarcelona.cat\\\/en\\\/#organization\",\"name\":\"Festival Cru\u00eflla\",\"url\":\"https:\\\/\\\/www.cruillabarcelona.cat\\\/en\\\/\",\"logo\":{\"@type\":\"ImageObject\",\"inLanguage\":\"en-US\",\"@id\":\"https:\\\/\\\/www.cruillabarcelona.cat\\\/en\\\/#\\\/schema\\\/logo\\\/image\\\/\",\"url\":\"https:\\\/\\\/www.cruillabarcelona.cat\\\/wp-content\\\/uploads\\\/2025\\\/12\\\/cruill-logo-negativo.png\",\"contentUrl\":\"https:\\\/\\\/www.cruillabarcelona.cat\\\/wp-content\\\/uploads\\\/2025\\\/12\\\/cruill-logo-negativo.png\",\"width\":400,\"height\":101,\"caption\":\"Festival Cru\u00eflla\"},\"image\":{\"@id\":\"https:\\\/\\\/www.cruillabarcelona.cat\\\/en\\\/#\\\/schema\\\/logo\\\/image\\\/\"}}]}<\/script>\n<!-- \/ Yoast SEO plugin. -->","yoast_head_json":{"title":"Pol\u00edtica de menors del Festival Cru\u00eflla 2024 - 10, 11, 12, 13 de juliol","description":"Si vens amb nens al Festival Cru\u00eflla 2024, en aquesta p\u00e0gina trobar\u00e0s tots els detalls i documentaci\u00f3 sobre la nostra pol\u00edtica de menors.","robots":{"index":"index","follow":"follow","max-snippet":"max-snippet:-1","max-image-preview":"max-image-preview:large","max-video-preview":"max-video-preview:-1"},"canonical":"https:\/\/www.cruillabarcelona.cat\/en\/infos-2\/menors\/","og_locale":"en_US","og_type":"article","og_title":"Pol\u00edtica de menors del Festival Cru\u00eflla 2024 - 10, 11, 12, 13 de juliol","og_description":"Si vens amb nens al Festival Cru\u00eflla 2024, en aquesta p\u00e0gina trobar\u00e0s tots els detalls i documentaci\u00f3 sobre la nostra pol\u00edtica de menors.","og_url":"https:\/\/www.cruillabarcelona.cat\/en\/infos-2\/menors\/","og_site_name":"Festival Cru\u00eflla","article_modified_time":"2026-03-20T14:47:18+00:00","twitter_card":"summary_large_image","twitter_misc":{"Est. reading time":"3 minutes"},"schema":{"@context":"https:\/\/schema.org","@graph":[{"@type":"WebPage","@id":"https:\/\/www.cruillabarcelona.cat\/en\/infos-2\/menors\/","url":"https:\/\/www.cruillabarcelona.cat\/en\/infos-2\/menors\/","name":"Pol\u00edtica de menors del Festival Cru\u00eflla 2024 - 10, 11, 12, 13 de juliol","isPartOf":{"@id":"https:\/\/www.cruillabarcelona.cat\/en\/#website"},"datePublished":"2018-06-29T08:00:18+00:00","dateModified":"2026-03-20T14:47:18+00:00","description":"Si vens amb nens al Festival Cru\u00eflla 2024, en aquesta p\u00e0gina trobar\u00e0s tots els detalls i documentaci\u00f3 sobre la nostra pol\u00edtica de menors.","breadcrumb":{"@id":"https:\/\/www.cruillabarcelona.cat\/en\/infos-2\/menors\/#breadcrumb"},"inLanguage":"en-US","potentialAction":[{"@type":"ReadAction","target":["https:\/\/www.cruillabarcelona.cat\/en\/infos-2\/menors\/"]}]},{"@type":"BreadcrumbList","@id":"https:\/\/www.cruillabarcelona.cat\/en\/infos-2\/menors\/#breadcrumb","itemListElement":[{"@type":"ListItem","position":1,"name":"Home","item":"https:\/\/www.cruillabarcelona.cat\/en\/"},{"@type":"ListItem","position":2,"name":"Infos Festival Cru\u00eflla 2026","item":"https:\/\/www.cruillabarcelona.cat\/en\/infos-2\/"},{"@type":"ListItem","position":3,"name":"Children at Cru\u00eflla Festival"}]},{"@type":"WebSite","@id":"https:\/\/www.cruillabarcelona.cat\/en\/#website","url":"https:\/\/www.cruillabarcelona.cat\/en\/","name":"Festival Cru\u00eflla","description":"","publisher":{"@id":"https:\/\/www.cruillabarcelona.cat\/en\/#organization"},"potentialAction":[{"@type":"SearchAction","target":{"@type":"EntryPoint","urlTemplate":"https:\/\/www.cruillabarcelona.cat\/en\/?s={search_term_string}"},"query-input":{"@type":"PropertyValueSpecification","valueRequired":true,"valueName":"search_term_string"}}],"inLanguage":"en-US"},{"@type":"Organization","@id":"https:\/\/www.cruillabarcelona.cat\/en\/#organization","name":"Festival Cru\u00eflla","url":"https:\/\/www.cruillabarcelona.cat\/en\/","logo":{"@type":"ImageObject","inLanguage":"en-US","@id":"https:\/\/www.cruillabarcelona.cat\/en\/#\/schema\/logo\/image\/","url":"https:\/\/www.cruillabarcelona.cat\/wp-content\/uploads\/2025\/12\/cruill-logo-negativo.png","contentUrl":"https:\/\/www.cruillabarcelona.cat\/wp-content\/uploads\/2025\/12\/cruill-logo-negativo.png","width":400,"height":101,"caption":"Festival Cru\u00eflla"},"image":{"@id":"https:\/\/www.cruillabarcelona.cat\/en\/#\/schema\/logo\/image\/"}}]}},"_links":{"self":[{"href":"https:\/\/www.cruillabarcelona.cat\/en\/wp-json\/wp\/v2\/pages\/63529","targetHints":{"allow":["GET"]}}],"collection":[{"href":"https:\/\/www.cruillabarcelona.cat\/en\/wp-json\/wp\/v2\/pages"}],"about":[{"href":"https:\/\/www.cruillabarcelona.cat\/en\/wp-json\/wp\/v2\/types\/page"}],"author":[{"embeddable":true,"href":"https:\/\/www.cruillabarcelona.cat\/en\/wp-json\/wp\/v2\/users\/1"}],"replies":[{"embeddable":true,"href":"https:\/\/www.cruillabarcelona.cat\/en\/wp-json\/wp\/v2\/comments?post=63529"}],"version-history":[{"count":3,"href":"https:\/\/www.cruillabarcelona.cat\/en\/wp-json\/wp\/v2\/pages\/63529\/revisions"}],"predecessor-version":[{"id":63776,"href":"https:\/\/www.cruillabarcelona.cat\/en\/wp-json\/wp\/v2\/pages\/63529\/revisions\/63776"}],"up":[{"embeddable":true,"href":"https:\/\/www.cruillabarcelona.cat\/en\/wp-json\/wp\/v2\/pages\/63610"}],"wp:attachment":[{"href":"https:\/\/www.cruillabarcelona.cat\/en\/wp-json\/wp\/v2\/media?parent=63529"}],"curies":[{"name":"wp","href":"https:\/\/api.w.org\/{rel}","templated":true}]}}