{"id":63551,"date":"2019-02-26T10:34:09","date_gmt":"2019-02-26T08:34:09","guid":{"rendered":"https:\/\/www.cruillabarcelona.cat\/tickets\/"},"modified":"2026-03-25T12:18:47","modified_gmt":"2026-03-25T10:18:47","slug":"tickets","status":"publish","type":"page","link":"https:\/\/www.cruillabarcelona.cat\/en\/tickets\/","title":{"rendered":"Entradas del Festival Cru\u00eflla 2026"},"content":{"rendered":"\n<header class=\"wp-block-group has-foreground-background-color has-background is-layout-flow wp-block-group-is-layout-flow\" style=\"margin-top:0;margin-bottom:0\">\n<h1 class=\"wp-block-heading has-text-align-center has-primary-color has-text-color has-link-color has-large-font-size wp-elements-fbbfaed4014d7130e2e535e87b29a8c5\" style=\"font-style:normal;font-weight:700;letter-spacing:0.5px\"> FESTIVAL CRU\u00cfLLA 2026 TICKETS AND PASSES<\/h1>\n\n\n\n<figure class=\"wp-block-image aligncenter size-full is-resized\"><img loading=\"lazy\" decoding=\"async\" width=\"1000\" height=\"200\" src=\"https:\/\/www.cruillabarcelona.cat\/wp-content\/uploads\/2025\/12\/CE26_PoweredbyFever_negative.png\" alt=\"\" class=\"wp-image-61710\" style=\"width:160px\" srcset=\"https:\/\/www.cruillabarcelona.cat\/wp-content\/uploads\/2025\/12\/CE26_PoweredbyFever_negative.png 1000w, https:\/\/www.cruillabarcelona.cat\/wp-content\/uploads\/2025\/12\/CE26_PoweredbyFever_negative-300x60.png 300w, https:\/\/www.cruillabarcelona.cat\/wp-content\/uploads\/2025\/12\/CE26_PoweredbyFever_negative-800x160.png 800w\" sizes=\"auto, (max-width: 1000px) 100vw, 1000px\" \/><\/figure>\n<\/header>\n\n\n\n<section class=\"wp-block-group has-foreground-background-color has-background has-global-padding is-layout-constrained wp-container-core-group-is-layout-16b7c3fd wp-block-group-is-layout-constrained\" style=\"margin-top:0;margin-bottom:0;padding-top:var(--wp--preset--spacing--30);padding-right:0;padding-bottom:var(--wp--preset--spacing--30);padding-left:0\">\n<div class=\"wp-block-columns is-layout-flex wp-container-core-columns-is-layout-ea69a204 wp-block-columns-is-layout-flex\">\n<div class=\"wp-block-column is-layout-flow wp-container-core-column-is-layout-f016c79b wp-block-column-is-layout-flow\" style=\"padding-top:0;padding-right:0;padding-bottom:0;padding-left:0;flex-basis:50%\"><\/div>\n<\/div>\n\n\n\n<div class=\"wp-block-columns is-layout-flex wp-container-core-columns-is-layout-ea69a204 wp-block-columns-is-layout-flex\">\n<div class=\"wp-block-column is-layout-flow wp-container-core-column-is-layout-f016c79b wp-block-column-is-layout-flow\" style=\"padding-top:0;padding-right:0;padding-bottom:0;padding-left:0;flex-basis:33.33%\">\n<div class=\"wp-block-group has-border-color has-foreground-border-color has-foreground-color has-pale-gray-background-color has-text-color has-background has-link-color wp-elements-d8a07cd816f6962768777955b0f41a8d wp-container-content-9cfa9a5a is-vertical is-content-justification-center is-layout-flex wp-container-core-group-is-layout-9e45bf12 wp-block-group-is-layout-flex\" style=\"border-width:1px;min-height:100%;margin-top:0;margin-bottom:0;padding-top:var(--wp--preset--spacing--30);padding-right:var(--wp--preset--spacing--30);padding-bottom:var(--wp--preset--spacing--30);padding-left:var(--wp--preset--spacing--30)\">\n<h2 class=\"wp-block-heading has-text-align-center has-large-font-size\" style=\"font-style:normal;font-weight:600;line-height:0.9;text-transform:uppercase\">4-DAY PASS<\/h2>\n\n\n\n<p><\/p>\n\n\n\n<p class=\"has-text-align-center has-medium-font-size\">Access every day, from July 8th to 11th<\/p>\n\n\n\n<p class=\"has-text-align-center has-small-font-size\" style=\"font-style:normal;font-weight:600;letter-spacing:0.2px;text-transform:uppercase\">Pixies, David Byrne, Halsey, Faithless, Jovanotti  AND MANY MORE&#8230;<\/p>\n\n\n\n<div class=\"wp-block-group is-nowrap is-layout-flex wp-container-core-group-is-layout-6273275d wp-block-group-is-layout-flex\" style=\"padding-top:0;padding-bottom:0\">\n<p class=\"has-medium-large-font-size\">156\u20ac<\/p>\n\n\n\n<p>+ fee<\/p>\n<\/div>\n\n\n\n\n<a href=\"https:\/\/tickets.oneboxtds.com\/cruilla\/select\/2556132\" target=\"_blank\" id=\"button-block_1b28f7f35591e78a09fcce66bb6b2a14\" class=\"button default expanded default\">\nBuy<\/a>\n\n<\/div>\n<\/div>\n\n\n\n<div class=\"wp-block-column is-layout-flow wp-container-core-column-is-layout-f016c79b wp-block-column-is-layout-flow\" style=\"padding-top:0;padding-right:0;padding-bottom:0;padding-left:0;flex-basis:33.33%\">\n<div class=\"wp-block-group has-border-color has-foreground-border-color has-foreground-color has-pale-gray-background-color has-text-color has-background has-link-color wp-elements-d18d8eab9899c66453d2335d9f49d83a wp-container-content-9cfa9a5a is-vertical is-content-justification-center is-layout-flex wp-container-core-group-is-layout-9e45bf12 wp-block-group-is-layout-flex\" style=\"border-width:1px;min-height:100%;margin-top:0;margin-bottom:0;padding-top:var(--wp--preset--spacing--30);padding-right:var(--wp--preset--spacing--30);padding-bottom:var(--wp--preset--spacing--30);padding-left:var(--wp--preset--spacing--30)\">\n<h2 class=\"wp-block-heading has-text-align-center has-large-font-size\" style=\"font-style:normal;font-weight:600;line-height:0.9;text-transform:uppercase\">3-DAY PASS<\/h2>\n\n\n\n<p class=\"has-text-align-center has-medium-font-size\" style=\"line-height:1.2\">Access on Thursday 9th, Friday 10th and Saturday 11th July<\/p>\n\n\n\n<p class=\"has-text-align-center has-small-font-size\" style=\"font-style:normal;font-weight:600;letter-spacing:0.2px;text-transform:uppercase\">Pixies, David Byrne, Jovanotti, Faithless, Rigoberta Bandini and many more&#8230;<\/p>\n\n\n\n<div class=\"wp-block-group is-nowrap is-layout-flex wp-container-core-group-is-layout-6273275d wp-block-group-is-layout-flex\" style=\"padding-top:0;padding-bottom:0\">\n<p class=\"has-medium-large-font-size\">147\u20ac<\/p>\n\n\n\n<p>+ fee<\/p>\n<\/div>\n\n\n\n\n<a href=\"https:\/\/tickets.oneboxtds.com\/cruilla\/select\/2637217?hl=ca-ES\" target=\"_self\" id=\"button-block_b93f939e6a83a72c041213412e8adf2d\" class=\"button default expanded default\">\nBuy<\/a>\n\n<\/div>\n<\/div>\n\n\n\n<div class=\"wp-block-column is-layout-flow wp-container-core-column-is-layout-f016c79b wp-block-column-is-layout-flow\" style=\"padding-top:0;padding-right:0;padding-bottom:0;padding-left:0;flex-basis:33.33%\">\n<div class=\"wp-block-group has-border-color has-foreground-border-color has-foreground-color has-pale-gray-background-color has-text-color has-background has-link-color wp-elements-979ddd768066f860f3ba102ba0b02302 wp-container-content-9cfa9a5a is-vertical is-content-justification-center is-layout-flex wp-container-core-group-is-layout-9e45bf12 wp-block-group-is-layout-flex\" style=\"border-width:1px;min-height:100%;margin-top:0;margin-bottom:0;padding-top:var(--wp--preset--spacing--30);padding-right:var(--wp--preset--spacing--30);padding-bottom:var(--wp--preset--spacing--30);padding-left:var(--wp--preset--spacing--30)\">\n<h2 class=\"wp-block-heading has-text-align-center has-large-font-size\" style=\"font-style:normal;font-weight:600;line-height:0.9;text-transform:uppercase\">weekend<br>pass<\/h2>\n\n\n\n<p class=\"has-text-align-center has-medium-font-size\" style=\"line-height:1.2\">Access Friday July 10th and Saturday July 11th<\/p>\n\n\n\n<p class=\"has-text-align-center has-small-font-size\" style=\"font-style:normal;font-weight:600;letter-spacing:0.3px;text-transform:uppercase\">David Byrne, Two Door Cinema Club, Jovanotti, FAITHLESS, Bomba Est\u00e9reo and many more&#8230;<\/p>\n\n\n\n<div class=\"wp-block-group is-nowrap is-layout-flex wp-container-core-group-is-layout-6273275d wp-block-group-is-layout-flex\" style=\"padding-top:0;padding-bottom:0\">\n<p class=\"has-medium-large-font-size\">132\u20ac<\/p>\n\n\n\n<p>+  fee<\/p>\n<\/div>\n\n\n\n\n<a href=\"https:\/\/tickets.oneboxtds.com\/cruilla\/select\/2556135?hl=ca-ES\" target=\"_self\" id=\"button-block_4b1debc8317d0889e5a97c7c992ec078\" class=\"button default expanded default\">\nBuy<\/a>\n\n<\/div>\n<\/div>\n<\/div>\n\n\n\n<div class=\"wp-block-columns is-layout-flex wp-container-core-columns-is-layout-ea69a204 wp-block-columns-is-layout-flex\">\n<div class=\"wp-block-column is-layout-flow wp-container-core-column-is-layout-f016c79b wp-block-column-is-layout-flow\" style=\"padding-top:0;padding-right:0;padding-bottom:0;padding-left:0;flex-basis:25%\">\n<div class=\"wp-block-group has-border-color has-foreground-border-color has-foreground-color has-primary-background-color has-text-color has-background has-link-color wp-elements-4b57e3f10ca05b951c7147a519ad44d3 wp-container-content-9cfa9a5a is-vertical is-content-justification-center is-layout-flex wp-container-core-group-is-layout-9e45bf12 wp-block-group-is-layout-flex\" style=\"border-width:1px;min-height:100%;margin-top:0;margin-bottom:0;padding-top:var(--wp--preset--spacing--30);padding-right:var(--wp--preset--spacing--30);padding-bottom:var(--wp--preset--spacing--30);padding-left:var(--wp--preset--spacing--30)\">\n<h2 class=\"wp-block-heading has-text-align-center has-medium-large-font-size\" style=\"font-style:normal;font-weight:600;letter-spacing:0.54px;text-transform:uppercase\">wednesday ticket<\/h2>\n\n\n\n<p class=\"has-text-align-center has-small-font-size\">Access Wednesday, July 8th<\/p>\n\n\n\n<p class=\"has-text-align-center has-x-small-font-size\" style=\"line-height:1.1;text-transform:uppercase\">Halsey, Sen Senra, Rene\u00e9 Rapp, Sigrid, Yami Safdieand many more&#8230;<\/p>\n\n\n\n<div class=\"wp-block-group is-nowrap is-layout-flex wp-container-core-group-is-layout-6273275d wp-block-group-is-layout-flex\" style=\"padding-top:0;padding-bottom:0\">\n<p class=\"has-medium-large-font-size\">75\u20ac<\/p>\n\n\n\n<p>+ fee<\/p>\n<\/div>\n\n\n\n\n<a href=\"https:\/\/tickets.oneboxtds.com\/cruilla\/select\/2556128?hl=ca-ES\" target=\"_self\" id=\"button-block_fd9f79b848af49d8a75e709ee652a4c4\" class=\"button black expanded default\">\nBuy<\/a>\n\n<\/div>\n<\/div>\n\n\n\n<div class=\"wp-block-column is-layout-flow wp-container-core-column-is-layout-f016c79b wp-block-column-is-layout-flow\" style=\"padding-top:0;padding-right:0;padding-bottom:0;padding-left:0;flex-basis:25%\">\n<div class=\"wp-block-group has-border-color has-foreground-border-color has-foreground-color has-primary-background-color has-text-color has-background has-link-color wp-elements-c380f390ef8992ee0f3f1d73325583f8 wp-container-content-9cfa9a5a is-vertical is-content-justification-center is-layout-flex wp-container-core-group-is-layout-9e45bf12 wp-block-group-is-layout-flex\" style=\"border-width:1px;min-height:100%;margin-top:0;margin-bottom:0;padding-top:var(--wp--preset--spacing--30);padding-right:var(--wp--preset--spacing--30);padding-bottom:var(--wp--preset--spacing--30);padding-left:var(--wp--preset--spacing--30)\">\n<h2 class=\"wp-block-heading has-text-align-center has-medium-large-font-size\" style=\"font-style:normal;font-weight:600;letter-spacing:0.5px;text-transform:uppercase\">thursday ticket<\/h2>\n\n\n\n<p class=\"has-text-align-center has-small-font-size\">Access Thursday, July 9th<\/p>\n\n\n\n<p class=\"has-text-align-center has-x-small-font-size\" style=\"line-height:1.1;text-transform:uppercase\">Pixies, Garbage, Suede, Mishima, Mazoni yand many more&#8230;<\/p>\n\n\n\n<div class=\"wp-block-group is-nowrap is-layout-flex wp-container-core-group-is-layout-6273275d wp-block-group-is-layout-flex\" style=\"padding-top:0;padding-bottom:0\">\n<p class=\"has-medium-large-font-size\">78\u20ac<\/p>\n\n\n\n<p class=\"wp-container-content-9cfa9a5a\">+  fee<\/p>\n<\/div>\n\n\n\n\n<a href=\"https:\/\/tickets.oneboxtds.com\/cruilla\/select\/2556129?hl=ca-ES\" target=\"_self\" id=\"button-block_e1ea0646fba5e0b45b80a789959ad1b9\" class=\"button black expanded default\">\nBuy<\/a>\n\n<\/div>\n<\/div>\n\n\n\n<div class=\"wp-block-column is-layout-flow wp-container-core-column-is-layout-f016c79b wp-block-column-is-layout-flow\" style=\"padding-top:0;padding-right:0;padding-bottom:0;padding-left:0;flex-basis:25%\">\n<div class=\"wp-block-group has-border-color has-foreground-border-color has-foreground-color has-primary-background-color has-text-color has-background has-link-color wp-elements-4c14232ae7ae2cee185974c89e293e76 wp-container-content-9cfa9a5a is-vertical is-content-justification-center is-layout-flex wp-container-core-group-is-layout-9e45bf12 wp-block-group-is-layout-flex\" style=\"border-width:1px;min-height:100%;margin-top:0;margin-bottom:0;padding-top:var(--wp--preset--spacing--30);padding-right:var(--wp--preset--spacing--30);padding-bottom:var(--wp--preset--spacing--30);padding-left:var(--wp--preset--spacing--30)\">\n<h2 class=\"wp-block-heading has-text-align-center has-medium-large-font-size\" style=\"font-style:normal;font-weight:600;letter-spacing:0.5px;text-transform:uppercase\">friday ticket<\/h2>\n\n\n\n<p class=\"has-text-align-center has-small-font-size\">Access Thursday, July 10th<\/p>\n\n\n\n<p class=\"has-text-align-center has-x-small-font-size\" style=\"line-height:1.1;text-transform:uppercase\">the black crowes, bomba est\u00e9rio, ezra collective, ultraligera and many more&#8230;<\/p>\n\n\n\n<div class=\"wp-block-group is-nowrap is-layout-flex wp-container-core-group-is-layout-6273275d wp-block-group-is-layout-flex\" style=\"padding-top:0;padding-bottom:0\">\n<p class=\"has-medium-large-font-size\">87\u20ac<\/p>\n\n\n\n<p>+  fee<\/p>\n<\/div>\n\n\n\n\n<a href=\"https:\/\/tickets.oneboxtds.com\/cruilla\/select\/2556130?hl=ca-ES\" target=\"_self\" id=\"button-block_bbbe52e13840637b9d046358a00e9964\" class=\"button black expanded default\">\nBuy<\/a>\n\n<\/div>\n<\/div>\n\n\n\n<div class=\"wp-block-column is-layout-flow wp-container-core-column-is-layout-f016c79b wp-block-column-is-layout-flow\" style=\"padding-top:0;padding-right:0;padding-bottom:0;padding-left:0;flex-basis:25%\">\n<div class=\"wp-block-group has-border-color has-foreground-border-color has-foreground-color has-primary-background-color has-text-color has-background has-link-color wp-elements-2dca094f6269806e5780dd7a9afe1ac4 wp-container-content-9cfa9a5a is-vertical is-content-justification-center is-layout-flex wp-container-core-group-is-layout-9e45bf12 wp-block-group-is-layout-flex\" style=\"border-width:1px;min-height:100%;margin-top:0;margin-bottom:0;padding-top:var(--wp--preset--spacing--30);padding-right:var(--wp--preset--spacing--30);padding-bottom:var(--wp--preset--spacing--30);padding-left:var(--wp--preset--spacing--30)\">\n<h2 class=\"wp-block-heading has-text-align-center has-medium-large-font-size\" style=\"font-style:normal;font-weight:600;letter-spacing:0.5px;text-transform:uppercase\">saturday ticket<\/h2>\n\n\n\n<p class=\"has-small-font-size\">Access Thursday, July 11th<\/p>\n\n\n\n<p class=\"has-text-align-center has-x-small-font-size\" style=\"line-height:1.1;text-transform:uppercase\">the hives, jovanotti, two door cinema club, jon batiste and many more&#8230;<\/p>\n\n\n\n<div class=\"wp-block-group is-nowrap is-layout-flex wp-container-core-group-is-layout-6273275d wp-block-group-is-layout-flex\" style=\"padding-top:0;padding-bottom:0\">\n<p class=\"has-medium-large-font-size\">87\u20ac<\/p>\n\n\n\n<p>+ fee<\/p>\n<\/div>\n\n\n\n\n<a href=\"https:\/\/tickets.oneboxtds.com\/cruilla\/select\/2556131?hl=ca-ES\" target=\"_self\" id=\"button-block_26b25824ae4f5921bcdc5ca76db3eec4\" class=\"button black expanded default\">\nBuy<\/a>\n\n<\/div>\n<\/div>\n<\/div>\n<\/section>\n","protected":false},"excerpt":{"rendered":"<p>FESTIVAL CRU\u00cfLLA 2026 TICKETS AND PASSES 4-DAY PASS Access every day, from July 8th to 11th Pixies, David Byrne, Halsey, Faithless, Jovanotti AND MANY MORE&#8230; 156\u20ac [&hellip;]<\/p>\n","protected":false},"author":2,"featured_media":0,"parent":0,"menu_order":0,"comment_status":"closed","ping_status":"closed","template":"","meta":{"_acf_changed":false,"footnotes":""},"class_list":["post-63551","page","type-page","status-publish","hentry"],"acf":[],"yoast_head":"<!-- This site is optimized with the Yoast SEO plugin v27.3 - https:\/\/yoast.com\/product\/yoast-seo-wordpress\/ -->\n<title>Compra entrades i abonaments del Festival Cru\u00eflla 2025<\/title>\n<meta name=\"description\" content=\"Compra entrades i abonaments per al Festival Cru\u00eflla 2025 a Barcelona, del 9 al 12 de juliol al Parc del F\u00f2rum.\" \/>\n<meta name=\"robots\" content=\"index, follow, max-snippet:-1, max-image-preview:large, max-video-preview:-1\" \/>\n<link rel=\"canonical\" href=\"https:\/\/www.cruillabarcelona.cat\/en\/tickets\/\" \/>\n<meta property=\"og:locale\" content=\"en_US\" \/>\n<meta property=\"og:type\" content=\"article\" \/>\n<meta property=\"og:title\" content=\"Compra entrades i abonaments del Festival Cru\u00eflla 2025\" \/>\n<meta property=\"og:description\" content=\"Compra entrades i abonaments per al Festival Cru\u00eflla 2025 a Barcelona, del 9 al 12 de juliol al Parc del F\u00f2rum.\" \/>\n<meta property=\"og:url\" content=\"https:\/\/www.cruillabarcelona.cat\/en\/tickets\/\" \/>\n<meta property=\"og:site_name\" content=\"Festival Cru\u00eflla\" \/>\n<meta property=\"article:modified_time\" content=\"2026-03-25T10:18:47+00:00\" \/>\n<meta property=\"og:image\" content=\"https:\/\/www.cruillabarcelona.cat\/wp-content\/uploads\/2025\/12\/CE26_PoweredbyFever_negative.png\" \/>\n<meta name=\"twitter:card\" content=\"summary_large_image\" \/>\n<meta name=\"twitter:label1\" content=\"Est. reading time\" \/>\n\t<meta name=\"twitter:data1\" content=\"2 minutes\" \/>\n<script type=\"application\/ld+json\" class=\"yoast-schema-graph\">{\"@context\":\"https:\\\/\\\/schema.org\",\"@graph\":[{\"@type\":\"WebPage\",\"@id\":\"https:\\\/\\\/www.cruillabarcelona.cat\\\/en\\\/tickets\\\/\",\"url\":\"https:\\\/\\\/www.cruillabarcelona.cat\\\/en\\\/tickets\\\/\",\"name\":\"Compra entrades i abonaments del Festival Cru\u00eflla 2025\",\"isPartOf\":{\"@id\":\"https:\\\/\\\/www.cruillabarcelona.cat\\\/en\\\/#website\"},\"primaryImageOfPage\":{\"@id\":\"https:\\\/\\\/www.cruillabarcelona.cat\\\/en\\\/tickets\\\/#primaryimage\"},\"image\":{\"@id\":\"https:\\\/\\\/www.cruillabarcelona.cat\\\/en\\\/tickets\\\/#primaryimage\"},\"thumbnailUrl\":\"https:\\\/\\\/www.cruillabarcelona.cat\\\/wp-content\\\/uploads\\\/2025\\\/12\\\/CE26_PoweredbyFever_negative.png\",\"datePublished\":\"2019-02-26T08:34:09+00:00\",\"dateModified\":\"2026-03-25T10:18:47+00:00\",\"description\":\"Compra entrades i abonaments per al Festival Cru\u00eflla 2025 a Barcelona, del 9 al 12 de juliol al Parc del F\u00f2rum.\",\"breadcrumb\":{\"@id\":\"https:\\\/\\\/www.cruillabarcelona.cat\\\/en\\\/tickets\\\/#breadcrumb\"},\"inLanguage\":\"en-US\",\"potentialAction\":[{\"@type\":\"ReadAction\",\"target\":[\"https:\\\/\\\/www.cruillabarcelona.cat\\\/en\\\/tickets\\\/\"]}]},{\"@type\":\"ImageObject\",\"inLanguage\":\"en-US\",\"@id\":\"https:\\\/\\\/www.cruillabarcelona.cat\\\/en\\\/tickets\\\/#primaryimage\",\"url\":\"https:\\\/\\\/www.cruillabarcelona.cat\\\/wp-content\\\/uploads\\\/2025\\\/12\\\/CE26_PoweredbyFever_negative.png\",\"contentUrl\":\"https:\\\/\\\/www.cruillabarcelona.cat\\\/wp-content\\\/uploads\\\/2025\\\/12\\\/CE26_PoweredbyFever_negative.png\"},{\"@type\":\"BreadcrumbList\",\"@id\":\"https:\\\/\\\/www.cruillabarcelona.cat\\\/en\\\/tickets\\\/#breadcrumb\",\"itemListElement\":[{\"@type\":\"ListItem\",\"position\":1,\"name\":\"Home\",\"item\":\"https:\\\/\\\/www.cruillabarcelona.cat\\\/en\\\/\"},{\"@type\":\"ListItem\",\"position\":2,\"name\":\"Entradas del Festival Cru\u00eflla 2026\"}]},{\"@type\":\"WebSite\",\"@id\":\"https:\\\/\\\/www.cruillabarcelona.cat\\\/en\\\/#website\",\"url\":\"https:\\\/\\\/www.cruillabarcelona.cat\\\/en\\\/\",\"name\":\"Festival Cru\u00eflla\",\"description\":\"\",\"publisher\":{\"@id\":\"https:\\\/\\\/www.cruillabarcelona.cat\\\/en\\\/#organization\"},\"potentialAction\":[{\"@type\":\"SearchAction\",\"target\":{\"@type\":\"EntryPoint\",\"urlTemplate\":\"https:\\\/\\\/www.cruillabarcelona.cat\\\/en\\\/?s={search_term_string}\"},\"query-input\":{\"@type\":\"PropertyValueSpecification\",\"valueRequired\":true,\"valueName\":\"search_term_string\"}}],\"inLanguage\":\"en-US\"},{\"@type\":\"Organization\",\"@id\":\"https:\\\/\\\/www.cruillabarcelona.cat\\\/en\\\/#organization\",\"name\":\"Festival Cru\u00eflla\",\"url\":\"https:\\\/\\\/www.cruillabarcelona.cat\\\/en\\\/\",\"logo\":{\"@type\":\"ImageObject\",\"inLanguage\":\"en-US\",\"@id\":\"https:\\\/\\\/www.cruillabarcelona.cat\\\/en\\\/#\\\/schema\\\/logo\\\/image\\\/\",\"url\":\"https:\\\/\\\/www.cruillabarcelona.cat\\\/wp-content\\\/uploads\\\/2025\\\/12\\\/cruill-logo-negativo.png\",\"contentUrl\":\"https:\\\/\\\/www.cruillabarcelona.cat\\\/wp-content\\\/uploads\\\/2025\\\/12\\\/cruill-logo-negativo.png\",\"width\":400,\"height\":101,\"caption\":\"Festival Cru\u00eflla\"},\"image\":{\"@id\":\"https:\\\/\\\/www.cruillabarcelona.cat\\\/en\\\/#\\\/schema\\\/logo\\\/image\\\/\"}}]}<\/script>\n<!-- \/ Yoast SEO plugin. -->","yoast_head_json":{"title":"Compra entrades i abonaments del Festival Cru\u00eflla 2025","description":"Compra entrades i abonaments per al Festival Cru\u00eflla 2025 a Barcelona, del 9 al 12 de juliol al Parc del F\u00f2rum.","robots":{"index":"index","follow":"follow","max-snippet":"max-snippet:-1","max-image-preview":"max-image-preview:large","max-video-preview":"max-video-preview:-1"},"canonical":"https:\/\/www.cruillabarcelona.cat\/en\/tickets\/","og_locale":"en_US","og_type":"article","og_title":"Compra entrades i abonaments del Festival Cru\u00eflla 2025","og_description":"Compra entrades i abonaments per al Festival Cru\u00eflla 2025 a Barcelona, del 9 al 12 de juliol al Parc del F\u00f2rum.","og_url":"https:\/\/www.cruillabarcelona.cat\/en\/tickets\/","og_site_name":"Festival Cru\u00eflla","article_modified_time":"2026-03-25T10:18:47+00:00","og_image":[{"url":"https:\/\/www.cruillabarcelona.cat\/wp-content\/uploads\/2025\/12\/CE26_PoweredbyFever_negative.png","type":"","width":"","height":""}],"twitter_card":"summary_large_image","twitter_misc":{"Est. reading time":"2 minutes"},"schema":{"@context":"https:\/\/schema.org","@graph":[{"@type":"WebPage","@id":"https:\/\/www.cruillabarcelona.cat\/en\/tickets\/","url":"https:\/\/www.cruillabarcelona.cat\/en\/tickets\/","name":"Compra entrades i abonaments del Festival Cru\u00eflla 2025","isPartOf":{"@id":"https:\/\/www.cruillabarcelona.cat\/en\/#website"},"primaryImageOfPage":{"@id":"https:\/\/www.cruillabarcelona.cat\/en\/tickets\/#primaryimage"},"image":{"@id":"https:\/\/www.cruillabarcelona.cat\/en\/tickets\/#primaryimage"},"thumbnailUrl":"https:\/\/www.cruillabarcelona.cat\/wp-content\/uploads\/2025\/12\/CE26_PoweredbyFever_negative.png","datePublished":"2019-02-26T08:34:09+00:00","dateModified":"2026-03-25T10:18:47+00:00","description":"Compra entrades i abonaments per al Festival Cru\u00eflla 2025 a Barcelona, del 9 al 12 de juliol al Parc del F\u00f2rum.","breadcrumb":{"@id":"https:\/\/www.cruillabarcelona.cat\/en\/tickets\/#breadcrumb"},"inLanguage":"en-US","potentialAction":[{"@type":"ReadAction","target":["https:\/\/www.cruillabarcelona.cat\/en\/tickets\/"]}]},{"@type":"ImageObject","inLanguage":"en-US","@id":"https:\/\/www.cruillabarcelona.cat\/en\/tickets\/#primaryimage","url":"https:\/\/www.cruillabarcelona.cat\/wp-content\/uploads\/2025\/12\/CE26_PoweredbyFever_negative.png","contentUrl":"https:\/\/www.cruillabarcelona.cat\/wp-content\/uploads\/2025\/12\/CE26_PoweredbyFever_negative.png"},{"@type":"BreadcrumbList","@id":"https:\/\/www.cruillabarcelona.cat\/en\/tickets\/#breadcrumb","itemListElement":[{"@type":"ListItem","position":1,"name":"Home","item":"https:\/\/www.cruillabarcelona.cat\/en\/"},{"@type":"ListItem","position":2,"name":"Entradas del Festival Cru\u00eflla 2026"}]},{"@type":"WebSite","@id":"https:\/\/www.cruillabarcelona.cat\/en\/#website","url":"https:\/\/www.cruillabarcelona.cat\/en\/","name":"Festival Cru\u00eflla","description":"","publisher":{"@id":"https:\/\/www.cruillabarcelona.cat\/en\/#organization"},"potentialAction":[{"@type":"SearchAction","target":{"@type":"EntryPoint","urlTemplate":"https:\/\/www.cruillabarcelona.cat\/en\/?s={search_term_string}"},"query-input":{"@type":"PropertyValueSpecification","valueRequired":true,"valueName":"search_term_string"}}],"inLanguage":"en-US"},{"@type":"Organization","@id":"https:\/\/www.cruillabarcelona.cat\/en\/#organization","name":"Festival Cru\u00eflla","url":"https:\/\/www.cruillabarcelona.cat\/en\/","logo":{"@type":"ImageObject","inLanguage":"en-US","@id":"https:\/\/www.cruillabarcelona.cat\/en\/#\/schema\/logo\/image\/","url":"https:\/\/www.cruillabarcelona.cat\/wp-content\/uploads\/2025\/12\/cruill-logo-negativo.png","contentUrl":"https:\/\/www.cruillabarcelona.cat\/wp-content\/uploads\/2025\/12\/cruill-logo-negativo.png","width":400,"height":101,"caption":"Festival Cru\u00eflla"},"image":{"@id":"https:\/\/www.cruillabarcelona.cat\/en\/#\/schema\/logo\/image\/"}}]}},"_links":{"self":[{"href":"https:\/\/www.cruillabarcelona.cat\/en\/wp-json\/wp\/v2\/pages\/63551","targetHints":{"allow":["GET"]}}],"collection":[{"href":"https:\/\/www.cruillabarcelona.cat\/en\/wp-json\/wp\/v2\/pages"}],"about":[{"href":"https:\/\/www.cruillabarcelona.cat\/en\/wp-json\/wp\/v2\/types\/page"}],"author":[{"embeddable":true,"href":"https:\/\/www.cruillabarcelona.cat\/en\/wp-json\/wp\/v2\/users\/2"}],"replies":[{"embeddable":true,"href":"https:\/\/www.cruillabarcelona.cat\/en\/wp-json\/wp\/v2\/comments?post=63551"}],"version-history":[{"count":2,"href":"https:\/\/www.cruillabarcelona.cat\/en\/wp-json\/wp\/v2\/pages\/63551\/revisions"}],"predecessor-version":[{"id":63923,"href":"https:\/\/www.cruillabarcelona.cat\/en\/wp-json\/wp\/v2\/pages\/63551\/revisions\/63923"}],"wp:attachment":[{"href":"https:\/\/www.cruillabarcelona.cat\/en\/wp-json\/wp\/v2\/media?parent=63551"}],"curies":[{"name":"wp","href":"https:\/\/api.w.org\/{rel}","templated":true}]}}