{"id":63852,"date":"2026-03-20T13:26:22","date_gmt":"2026-03-20T11:26:22","guid":{"rendered":"https:\/\/www.cruillabarcelona.cat\/dimecres-2026\/"},"modified":"2026-03-24T17:55:55","modified_gmt":"2026-03-24T15:55:55","slug":"dimecres-2026","status":"publish","type":"page","link":"https:\/\/www.cruillabarcelona.cat\/en\/dimecres-2026\/","title":{"rendered":"Landing Dimecres 2026"},"content":{"rendered":"\n<div class=\"wp-block-cover\"><img loading=\"lazy\" decoding=\"async\" width=\"1124\" height=\"281\" class=\"wp-block-cover__image-background wp-image-63581 size-large\" alt=\"\" src=\"https:\/\/www.cruillabarcelona.cat\/wp-content\/uploads\/2026\/03\/Portada_LandingDimecres-1124x281.png\" data-object-fit=\"cover\" srcset=\"https:\/\/www.cruillabarcelona.cat\/wp-content\/uploads\/2026\/03\/Portada_LandingDimecres-1124x281.png 1124w, https:\/\/www.cruillabarcelona.cat\/wp-content\/uploads\/2026\/03\/Portada_LandingDimecres-300x75.png 300w, https:\/\/www.cruillabarcelona.cat\/wp-content\/uploads\/2026\/03\/Portada_LandingDimecres-800x200.png 800w, https:\/\/www.cruillabarcelona.cat\/wp-content\/uploads\/2026\/03\/Portada_LandingDimecres-1536x384.png 1536w, https:\/\/www.cruillabarcelona.cat\/wp-content\/uploads\/2026\/03\/Portada_LandingDimecres-1500x375.png 1500w, https:\/\/www.cruillabarcelona.cat\/wp-content\/uploads\/2026\/03\/Portada_LandingDimecres.png 2000w\" sizes=\"auto, (max-width: 1124px) 100vw, 1124px\" \/><span aria-hidden=\"true\" class=\"wp-block-cover__background has-background-dim\"><\/span><div class=\"wp-block-cover__inner-container has-global-padding is-layout-constrained wp-block-cover-is-layout-constrained\">\n<p class=\"has-text-align-center has-large-font-size\"><\/p>\n<\/div><\/div>\n\n\n\n<h2 class=\"wp-block-heading has-text-align-center\"><strong>EL <strong>POP TAKES OVER FESTIVAL CRU\u00cfLLA 2026<\/strong><\/strong><\/h2>\n\n\n\n<div class=\"wp-block-group has-global-padding is-layout-constrained wp-container-core-group-is-layout-704e782a wp-block-group-is-layout-constrained\">\n<p class=\"has-text-align-center\">The opening day of&nbsp;<strong>Festival Cru\u00eflla 2026<\/strong>&nbsp;arrives packed with must-see international talent. On&nbsp;<strong>Wednesday, July 8th<\/strong>, Parc del F\u00f2rum will become the epicenter of pop.<\/p>\n<\/div>\n\n\n\n<figure class=\"wp-block-image aligncenter size-large\"><img loading=\"lazy\" decoding=\"async\" width=\"1124\" height=\"506\" src=\"https:\/\/www.cruillabarcelona.cat\/wp-content\/uploads\/2026\/03\/Cartell_LandingDimecres_EN-1124x506.png\" alt=\"\" class=\"wp-image-63624\" srcset=\"https:\/\/www.cruillabarcelona.cat\/wp-content\/uploads\/2026\/03\/Cartell_LandingDimecres_EN-1124x506.png 1124w, https:\/\/www.cruillabarcelona.cat\/wp-content\/uploads\/2026\/03\/Cartell_LandingDimecres_EN-300x135.png 300w, https:\/\/www.cruillabarcelona.cat\/wp-content\/uploads\/2026\/03\/Cartell_LandingDimecres_EN-800x360.png 800w, https:\/\/www.cruillabarcelona.cat\/wp-content\/uploads\/2026\/03\/Cartell_LandingDimecres_EN-1536x691.png 1536w, https:\/\/www.cruillabarcelona.cat\/wp-content\/uploads\/2026\/03\/Cartell_LandingDimecres_EN-1500x675.png 1500w, https:\/\/www.cruillabarcelona.cat\/wp-content\/uploads\/2026\/03\/Cartell_LandingDimecres_EN.png 2000w\" sizes=\"auto, (max-width: 1124px) 100vw, 1124px\" \/><\/figure>\n\n\n\n<div class=\"wp-block-group has-global-padding is-layout-constrained wp-container-core-group-is-layout-704e782a wp-block-group-is-layout-constrained\">\n<p class=\"has-text-align-center\"><em><strong><em><strong><em><strong>Get your Wednesday ticket or your 4-day pass here!&nbsp;<\/strong><\/em><br><\/strong><\/em><\/strong><\/em><\/p>\n\n\n\n<div class=\"wp-block-buttons is-content-justification-center is-layout-flex wp-container-core-buttons-is-layout-a89b3969 wp-block-buttons-is-layout-flex\">\n<div class=\"wp-block-button has-custom-width wp-block-button__width-25\"><a class=\"wp-block-button__link wp-element-button\" href=\"https:\/\/tickets.oneboxtds.com\/cruilla\/select\/2556128?hl=ca-ES\">WEDNESDAY TICKET<\/a><\/div>\n\n\n\n<div class=\"wp-block-button has-custom-width wp-block-button__width-25\"><a class=\"wp-block-button__link wp-element-button\" href=\"https:\/\/tickets.oneboxtds.com\/cruilla\/select\/2556132?hl=ca-ES\">4-day pass<\/a><\/div>\n<\/div>\n\n\n\n<p class=\"has-text-align-center has-foreground-color has-text-color has-link-color wp-elements-68c8b54ff357aeae385603ceb8ecc6a7\">If you are a group of 10 or more people, you can benefit from the&nbsp;<a href=\"https:\/\/www.cruillabarcelona.com\/en\/group-ticket\/\">Group Ticket<\/a>&nbsp;to get a 15% discount.<\/p>\n\n\n\n<p class=\"has-text-align-center\">Ten years after the iconic&nbsp;<em>&#8216;Badlands&#8217;<\/em>&nbsp;(2015),&nbsp;<strong>Halsey<\/strong>&nbsp;returns to Barcelona at her most groundbreaking moment. With over&nbsp;<strong>50 billion<\/strong>&nbsp;streams and a sound that redefined alternative pop, the artist debuts a new musical era at&nbsp;<strong>Festival Cru\u00eflla<\/strong>, while still performing hits like &#8220;<strong>Colors<\/strong>&#8221; and &#8220;<strong>Without Me.<\/strong>\u201d<\/p>\n\n\n\n<p><\/p>\n\n\n\n<figure class=\"wp-block-embed is-type-video is-provider-youtube wp-block-embed-youtube wp-embed-aspect-16-9 wp-has-aspect-ratio\" style=\"margin-top:0;margin-right:0;margin-bottom:0;margin-left:0\"><div class=\"wp-block-embed__wrapper\">\n<iframe loading=\"lazy\" title=\"Halsey - Without Me\" width=\"1200\" height=\"675\" src=\"https:\/\/www.youtube.com\/embed\/ZAfAud_M_mg?feature=oembed\" frameborder=\"0\" allow=\"accelerometer; autoplay; clipboard-write; encrypted-media; gyroscope; picture-in-picture; web-share\" referrerpolicy=\"strict-origin-when-cross-origin\" allowfullscreen><\/iframe>\n<\/div><\/figure>\n<\/div>\n\n\n\n<div class=\"wp-block-group has-global-padding is-layout-constrained wp-container-core-group-is-layout-704e782a wp-block-group-is-layout-constrained\">\n<p class=\"has-text-align-center\">The Broadway star and lead of the&nbsp;<em>Mean Girls<\/em>&nbsp;musical arrives in Spain for the first time, and she\u2019s making a grand entrance.&nbsp;<strong>Rene\u00e9 Rapp<\/strong>&nbsp;leaves the screen behind to deliver a unique concert with a powerful attitude and songs that have already become anthems. Experience the phenomenon live!<br><\/p>\n\n\n\n<figure class=\"wp-block-embed aligncenter is-type-video is-provider-youtube wp-block-embed-youtube wp-embed-aspect-16-9 wp-has-aspect-ratio\"><div class=\"wp-block-embed__wrapper\">\n<iframe loading=\"lazy\" title=\"Rene\u00e9 Rapp - I Think I Like You Better When You\u2019re Gone (Jimmy Kimmel Live!)\" width=\"1200\" height=\"675\" src=\"https:\/\/www.youtube.com\/embed\/YxChYZwOPK0?feature=oembed\" frameborder=\"0\" allow=\"accelerometer; autoplay; clipboard-write; encrypted-media; gyroscope; picture-in-picture; web-share\" referrerpolicy=\"strict-origin-when-cross-origin\" allowfullscreen><\/iframe>\n<\/div><\/figure>\n<\/div>\n\n\n\n<div class=\"wp-block-group has-global-padding is-layout-constrained wp-container-core-group-is-layout-704e782a wp-block-group-is-layout-constrained\">\n<p class=\"has-text-align-center\"><strong>Sen Senra\u2019s<\/strong>&nbsp;universe lands at Cru\u00eflla to show why he has become one of the most hypnotic artists on the current scene. With a contemporary sound full of character and a unique identity that captivates from the very first note, the Galician artist will deliver one of the most magnetic performances of this edition.<br><br><\/p>\n\n\n\n<figure class=\"wp-block-embed is-type-video is-provider-youtube wp-block-embed-youtube wp-embed-aspect-16-9 wp-has-aspect-ratio\"><div class=\"wp-block-embed__wrapper\">\n<iframe loading=\"lazy\" title=\"Sen Senra - R O M E O (V\u00eddeo Oficial)\" width=\"1200\" height=\"675\" src=\"https:\/\/www.youtube.com\/embed\/7qNrl7Zxs54?feature=oembed\" frameborder=\"0\" allow=\"accelerometer; autoplay; clipboard-write; encrypted-media; gyroscope; picture-in-picture; web-share\" referrerpolicy=\"strict-origin-when-cross-origin\" allowfullscreen><\/iframe>\n<\/div><\/figure>\n\n\n\n<p class=\"has-text-align-center\">Additionally, with your&nbsp;<strong>Wednesday ticket or 4-day pass<\/strong>, you can also see&nbsp;<strong>Sigrid<\/strong>, one of the most promising voices in pop today;&nbsp;<strong>Yami Safdie<\/strong>, the Argentine singer-songwriter who has made a name for herself with tracks like \u201c<strong>Querida Yo<\/strong>&#8220;;&nbsp;<strong>Sadie Jean<\/strong>&nbsp;with her bedroom pop; and also&nbsp;<strong>Joaquina, Bacilos, Xicu, and Greta<\/strong>.<br><\/p>\n<\/div>\n\n\n\n<h4 class=\"wp-block-heading has-text-align-center\">See you at Festival Cru\u00eflla 2026!<\/h4>\n\n\n\n<p><\/p>\n","protected":false},"excerpt":{"rendered":"<p>EL POP TAKES OVER FESTIVAL CRU\u00cfLLA 2026 The opening day of&nbsp;Festival Cru\u00eflla 2026&nbsp;arrives packed with must-see international talent. On&nbsp;Wednesday, July 8th, Parc del F\u00f2rum will become [&hellip;]<\/p>\n","protected":false},"author":55,"featured_media":63575,"parent":0,"menu_order":0,"comment_status":"closed","ping_status":"closed","template":"","meta":{"_acf_changed":false,"footnotes":""},"class_list":["post-63852","page","type-page","status-publish","has-post-thumbnail","hentry"],"acf":[],"yoast_head":"<!-- This site is optimized with the Yoast SEO plugin v27.3 - https:\/\/yoast.com\/product\/yoast-seo-wordpress\/ -->\n<title>Landing Dimecres 2026 - Festival Cru\u00eflla<\/title>\n<meta name=\"robots\" content=\"index, follow, max-snippet:-1, max-image-preview:large, max-video-preview:-1\" \/>\n<link rel=\"canonical\" href=\"https:\/\/www.cruillabarcelona.cat\/en\/dimecres-2026\/\" \/>\n<meta property=\"og:locale\" content=\"en_US\" \/>\n<meta property=\"og:type\" content=\"article\" \/>\n<meta property=\"og:title\" content=\"Landing Dimecres 2026 - Festival Cru\u00eflla\" \/>\n<meta property=\"og:description\" content=\"EL POP TAKES OVER FESTIVAL CRU\u00cfLLA 2026 The opening day of&nbsp;Festival Cru\u00eflla 2026&nbsp;arrives packed with must-see international talent. On&nbsp;Wednesday, July 8th, Parc del F\u00f2rum will become [&hellip;]\" \/>\n<meta property=\"og:url\" content=\"https:\/\/www.cruillabarcelona.cat\/en\/dimecres-2026\/\" \/>\n<meta property=\"og:site_name\" content=\"Festival Cru\u00eflla\" \/>\n<meta property=\"article:modified_time\" content=\"2026-03-24T15:55:55+00:00\" \/>\n<meta property=\"og:image\" content=\"https:\/\/www.cruillabarcelona.cat\/wp-content\/uploads\/2026\/03\/Portada_LandingDimecres_Mobile.jpg\" \/>\n\t<meta property=\"og:image:width\" content=\"1000\" \/>\n\t<meta property=\"og:image:height\" content=\"1000\" \/>\n\t<meta property=\"og:image:type\" content=\"image\/jpeg\" \/>\n<meta name=\"twitter:card\" content=\"summary_large_image\" \/>\n<meta name=\"twitter:label1\" content=\"Est. reading time\" \/>\n\t<meta name=\"twitter:data1\" content=\"2 minutes\" \/>\n<script type=\"application\/ld+json\" class=\"yoast-schema-graph\">{\"@context\":\"https:\\\/\\\/schema.org\",\"@graph\":[{\"@type\":\"WebPage\",\"@id\":\"https:\\\/\\\/www.cruillabarcelona.cat\\\/en\\\/dimecres-2026\\\/\",\"url\":\"https:\\\/\\\/www.cruillabarcelona.cat\\\/en\\\/dimecres-2026\\\/\",\"name\":\"Landing Dimecres 2026 - Festival Cru\u00eflla\",\"isPartOf\":{\"@id\":\"https:\\\/\\\/www.cruillabarcelona.cat\\\/en\\\/#website\"},\"primaryImageOfPage\":{\"@id\":\"https:\\\/\\\/www.cruillabarcelona.cat\\\/en\\\/dimecres-2026\\\/#primaryimage\"},\"image\":{\"@id\":\"https:\\\/\\\/www.cruillabarcelona.cat\\\/en\\\/dimecres-2026\\\/#primaryimage\"},\"thumbnailUrl\":\"https:\\\/\\\/www.cruillabarcelona.cat\\\/wp-content\\\/uploads\\\/2026\\\/03\\\/Portada_LandingDimecres_Mobile.jpg\",\"datePublished\":\"2026-03-20T11:26:22+00:00\",\"dateModified\":\"2026-03-24T15:55:55+00:00\",\"breadcrumb\":{\"@id\":\"https:\\\/\\\/www.cruillabarcelona.cat\\\/en\\\/dimecres-2026\\\/#breadcrumb\"},\"inLanguage\":\"en-US\",\"potentialAction\":[{\"@type\":\"ReadAction\",\"target\":[\"https:\\\/\\\/www.cruillabarcelona.cat\\\/en\\\/dimecres-2026\\\/\"]}]},{\"@type\":\"ImageObject\",\"inLanguage\":\"en-US\",\"@id\":\"https:\\\/\\\/www.cruillabarcelona.cat\\\/en\\\/dimecres-2026\\\/#primaryimage\",\"url\":\"https:\\\/\\\/www.cruillabarcelona.cat\\\/wp-content\\\/uploads\\\/2026\\\/03\\\/Portada_LandingDimecres_Mobile.jpg\",\"contentUrl\":\"https:\\\/\\\/www.cruillabarcelona.cat\\\/wp-content\\\/uploads\\\/2026\\\/03\\\/Portada_LandingDimecres_Mobile.jpg\",\"width\":1000,\"height\":1000},{\"@type\":\"BreadcrumbList\",\"@id\":\"https:\\\/\\\/www.cruillabarcelona.cat\\\/en\\\/dimecres-2026\\\/#breadcrumb\",\"itemListElement\":[{\"@type\":\"ListItem\",\"position\":1,\"name\":\"Home\",\"item\":\"https:\\\/\\\/www.cruillabarcelona.cat\\\/en\\\/\"},{\"@type\":\"ListItem\",\"position\":2,\"name\":\"Landing Dimecres 2026\"}]},{\"@type\":\"WebSite\",\"@id\":\"https:\\\/\\\/www.cruillabarcelona.cat\\\/en\\\/#website\",\"url\":\"https:\\\/\\\/www.cruillabarcelona.cat\\\/en\\\/\",\"name\":\"Festival Cru\u00eflla\",\"description\":\"\",\"publisher\":{\"@id\":\"https:\\\/\\\/www.cruillabarcelona.cat\\\/en\\\/#organization\"},\"potentialAction\":[{\"@type\":\"SearchAction\",\"target\":{\"@type\":\"EntryPoint\",\"urlTemplate\":\"https:\\\/\\\/www.cruillabarcelona.cat\\\/en\\\/?s={search_term_string}\"},\"query-input\":{\"@type\":\"PropertyValueSpecification\",\"valueRequired\":true,\"valueName\":\"search_term_string\"}}],\"inLanguage\":\"en-US\"},{\"@type\":\"Organization\",\"@id\":\"https:\\\/\\\/www.cruillabarcelona.cat\\\/en\\\/#organization\",\"name\":\"Festival Cru\u00eflla\",\"url\":\"https:\\\/\\\/www.cruillabarcelona.cat\\\/en\\\/\",\"logo\":{\"@type\":\"ImageObject\",\"inLanguage\":\"en-US\",\"@id\":\"https:\\\/\\\/www.cruillabarcelona.cat\\\/en\\\/#\\\/schema\\\/logo\\\/image\\\/\",\"url\":\"https:\\\/\\\/www.cruillabarcelona.cat\\\/wp-content\\\/uploads\\\/2025\\\/12\\\/cruill-logo-negativo.png\",\"contentUrl\":\"https:\\\/\\\/www.cruillabarcelona.cat\\\/wp-content\\\/uploads\\\/2025\\\/12\\\/cruill-logo-negativo.png\",\"width\":400,\"height\":101,\"caption\":\"Festival Cru\u00eflla\"},\"image\":{\"@id\":\"https:\\\/\\\/www.cruillabarcelona.cat\\\/en\\\/#\\\/schema\\\/logo\\\/image\\\/\"}}]}<\/script>\n<!-- \/ Yoast SEO plugin. -->","yoast_head_json":{"title":"Landing Dimecres 2026 - Festival Cru\u00eflla","robots":{"index":"index","follow":"follow","max-snippet":"max-snippet:-1","max-image-preview":"max-image-preview:large","max-video-preview":"max-video-preview:-1"},"canonical":"https:\/\/www.cruillabarcelona.cat\/en\/dimecres-2026\/","og_locale":"en_US","og_type":"article","og_title":"Landing Dimecres 2026 - Festival Cru\u00eflla","og_description":"EL POP TAKES OVER FESTIVAL CRU\u00cfLLA 2026 The opening day of&nbsp;Festival Cru\u00eflla 2026&nbsp;arrives packed with must-see international talent. On&nbsp;Wednesday, July 8th, Parc del F\u00f2rum will become [&hellip;]","og_url":"https:\/\/www.cruillabarcelona.cat\/en\/dimecres-2026\/","og_site_name":"Festival Cru\u00eflla","article_modified_time":"2026-03-24T15:55:55+00:00","og_image":[{"width":1000,"height":1000,"url":"https:\/\/www.cruillabarcelona.cat\/wp-content\/uploads\/2026\/03\/Portada_LandingDimecres_Mobile.jpg","type":"image\/jpeg"}],"twitter_card":"summary_large_image","twitter_misc":{"Est. reading time":"2 minutes"},"schema":{"@context":"https:\/\/schema.org","@graph":[{"@type":"WebPage","@id":"https:\/\/www.cruillabarcelona.cat\/en\/dimecres-2026\/","url":"https:\/\/www.cruillabarcelona.cat\/en\/dimecres-2026\/","name":"Landing Dimecres 2026 - Festival Cru\u00eflla","isPartOf":{"@id":"https:\/\/www.cruillabarcelona.cat\/en\/#website"},"primaryImageOfPage":{"@id":"https:\/\/www.cruillabarcelona.cat\/en\/dimecres-2026\/#primaryimage"},"image":{"@id":"https:\/\/www.cruillabarcelona.cat\/en\/dimecres-2026\/#primaryimage"},"thumbnailUrl":"https:\/\/www.cruillabarcelona.cat\/wp-content\/uploads\/2026\/03\/Portada_LandingDimecres_Mobile.jpg","datePublished":"2026-03-20T11:26:22+00:00","dateModified":"2026-03-24T15:55:55+00:00","breadcrumb":{"@id":"https:\/\/www.cruillabarcelona.cat\/en\/dimecres-2026\/#breadcrumb"},"inLanguage":"en-US","potentialAction":[{"@type":"ReadAction","target":["https:\/\/www.cruillabarcelona.cat\/en\/dimecres-2026\/"]}]},{"@type":"ImageObject","inLanguage":"en-US","@id":"https:\/\/www.cruillabarcelona.cat\/en\/dimecres-2026\/#primaryimage","url":"https:\/\/www.cruillabarcelona.cat\/wp-content\/uploads\/2026\/03\/Portada_LandingDimecres_Mobile.jpg","contentUrl":"https:\/\/www.cruillabarcelona.cat\/wp-content\/uploads\/2026\/03\/Portada_LandingDimecres_Mobile.jpg","width":1000,"height":1000},{"@type":"BreadcrumbList","@id":"https:\/\/www.cruillabarcelona.cat\/en\/dimecres-2026\/#breadcrumb","itemListElement":[{"@type":"ListItem","position":1,"name":"Home","item":"https:\/\/www.cruillabarcelona.cat\/en\/"},{"@type":"ListItem","position":2,"name":"Landing Dimecres 2026"}]},{"@type":"WebSite","@id":"https:\/\/www.cruillabarcelona.cat\/en\/#website","url":"https:\/\/www.cruillabarcelona.cat\/en\/","name":"Festival Cru\u00eflla","description":"","publisher":{"@id":"https:\/\/www.cruillabarcelona.cat\/en\/#organization"},"potentialAction":[{"@type":"SearchAction","target":{"@type":"EntryPoint","urlTemplate":"https:\/\/www.cruillabarcelona.cat\/en\/?s={search_term_string}"},"query-input":{"@type":"PropertyValueSpecification","valueRequired":true,"valueName":"search_term_string"}}],"inLanguage":"en-US"},{"@type":"Organization","@id":"https:\/\/www.cruillabarcelona.cat\/en\/#organization","name":"Festival Cru\u00eflla","url":"https:\/\/www.cruillabarcelona.cat\/en\/","logo":{"@type":"ImageObject","inLanguage":"en-US","@id":"https:\/\/www.cruillabarcelona.cat\/en\/#\/schema\/logo\/image\/","url":"https:\/\/www.cruillabarcelona.cat\/wp-content\/uploads\/2025\/12\/cruill-logo-negativo.png","contentUrl":"https:\/\/www.cruillabarcelona.cat\/wp-content\/uploads\/2025\/12\/cruill-logo-negativo.png","width":400,"height":101,"caption":"Festival Cru\u00eflla"},"image":{"@id":"https:\/\/www.cruillabarcelona.cat\/en\/#\/schema\/logo\/image\/"}}]}},"_links":{"self":[{"href":"https:\/\/www.cruillabarcelona.cat\/en\/wp-json\/wp\/v2\/pages\/63852","targetHints":{"allow":["GET"]}}],"collection":[{"href":"https:\/\/www.cruillabarcelona.cat\/en\/wp-json\/wp\/v2\/pages"}],"about":[{"href":"https:\/\/www.cruillabarcelona.cat\/en\/wp-json\/wp\/v2\/types\/page"}],"author":[{"embeddable":true,"href":"https:\/\/www.cruillabarcelona.cat\/en\/wp-json\/wp\/v2\/users\/55"}],"replies":[{"embeddable":true,"href":"https:\/\/www.cruillabarcelona.cat\/en\/wp-json\/wp\/v2\/comments?post=63852"}],"version-history":[{"count":2,"href":"https:\/\/www.cruillabarcelona.cat\/en\/wp-json\/wp\/v2\/pages\/63852\/revisions"}],"predecessor-version":[{"id":63858,"href":"https:\/\/www.cruillabarcelona.cat\/en\/wp-json\/wp\/v2\/pages\/63852\/revisions\/63858"}],"wp:featuredmedia":[{"embeddable":true,"href":"https:\/\/www.cruillabarcelona.cat\/en\/wp-json\/wp\/v2\/media\/63575"}],"wp:attachment":[{"href":"https:\/\/www.cruillabarcelona.cat\/en\/wp-json\/wp\/v2\/media?parent=63852"}],"curies":[{"name":"wp","href":"https:\/\/api.w.org\/{rel}","templated":true}]}}