{"id":11336,"date":"2018-05-17T13:28:29","date_gmt":"2018-05-17T13:28:29","guid":{"rendered":"https:\/\/www.cruillabarcelona.cat\/?page_id=11336"},"modified":"2018-07-03T13:37:22","modified_gmt":"2018-07-03T11:37:22","slug":"ven-al-cruilla-con-white-summer","status":"publish","type":"page","link":"https:\/\/www.cruillabarcelona.cat\/es\/ven-al-cruilla-con-white-summer\/","title":{"rendered":"\u00a1Ven al Cru\u00eflla con White Summer!"},"content":{"rendered":"<p>Si has llegado aqu\u00ed desde la p\u00e1gina de White Summer, seguramente es porque te gustan los festivales en verano y al aire libre. Y seguramente tambi\u00e9n te gusta <strong>un festival tranquilo<\/strong>, que puedes disfrutar con amigos o en familia. Un festival donde, adem\u00e1s de m\u00fasica, <strong>hay comercio justo, gastronom\u00eda y todo tipo de actividades<\/strong>. Y esto es tambi\u00e9n es lo que nos gusta a nosotros.<\/p>\n<p>En cuanto a los artistas, en el Festival Cru\u00eflla no te aburrir\u00e1s. <strong>Jack White<\/strong>, <strong>Pharrell Williams<\/strong>, <strong>David Byrne<\/strong>, <strong>The Roots<\/strong> y <strong>Justice<\/strong> son algunos de los conciertos que te esperan. No son los \u00fanicos: hay m\u00e1s de 40.<\/p>\n<p><img decoding=\"async\" width=\"800\" height=\"200\" class=\"size-medium wp-image-11311 aligncenter\" src=\"https:\/\/www.cruillabarcelona.cat\/wp-content\/uploads\/2018\/05\/Sin-ti\u0301tulo-5-800x200.jpg\" alt=\"\" \/><\/p>\n<p>Pero el Cru\u00eflla es mucho m\u00e1s que la suma de sus conciertos. Es por eso que hemos unido fuerzas con White Summer para crear el Cru\u00eflla Lifestyle. <strong>Actividades de danza<\/strong>, <strong>moda<\/strong>, <strong>artes<\/strong>, <strong>gastronom\u00eda<\/strong>, <strong>tiendas de proximidad<\/strong> y muchas sorpresas m\u00e1s.<\/p>\n<p>Queremos crear una peque\u00f1a ciudad dentro de la ciudad, un lugar donde no solo vas de un lugar al otro, sino que tiene sentido pasear y perderse. White Summer nos ayudar\u00e1 a hacerlo realidad.<\/p>\n<h3 style=\"text-align: center;\">Tenemos mucho en com\u00fan \ud83d\ude42<\/h3>\n<p>Y con que tenemos tanto en com\u00fan te ofrecemos un <strong>15% de descuento<\/strong> en las entradas y abonos del <strong>Festival Cru\u00eflla 2018<\/strong>!<\/p>\n<p><em>Para usar tu descuento, solo tienes que seguir estos pasos:<\/em><\/p>\n<p>1) Haz click en el bot\u00f3n <em>Entradas<\/em> de abajo.<\/p>\n<p>2) Selecciona qu\u00e9 tipo de <strong>entrada o abono<\/strong> quieres.<\/p>\n<p>3) Abre el desplegable \u201cPromociones disponibles\u201d y selecciona \u201c<strong>Descuento 15%<\/strong>\u201d.<\/p>\n<p>4) Introduce tu <strong>c\u00f3digo de descuento <em>FOH7U56Y\u00a0<\/em><\/strong>en la casilla y haz click en \u201cAplicar promoci\u00f3n\u201d.<\/p>\n<p>5) Aparecer\u00e1 la <strong>nueva tarifa<\/strong>\u00a0con el descuento del <strong>15%.<\/strong><\/p>\n<p>6) Finaliza el proceso de compra. \u00a1Ya lo tienes! \ud83d\ude42<\/p>\n<a class=\"efsbutton button \" target=\"_blank\">Entradas<\/a>\n<p><em><strong>Tu c\u00f3digo de descuento es FOH7U56Y<\/strong><\/em><\/p>\n<hr \/>\n<ul class=\"small-block-grid-1 medium-block-grid-2 large-block-grid-5\">\n<li><\/li>\n<\/ul>\n<p><img decoding=\"async\" class=\"wp-image-11263 aligncenter\" src=\"https:\/\/www.cruillabarcelona.cat\/wp-content\/uploads\/2018\/06\/Cartell-general_low-es.jpg\" alt=\"Horarios cruilla\" width=\"499\" height=\"704\" \/><\/p>\n","protected":false},"excerpt":{"rendered":"<p>Si has llegado aqu\u00ed desde la p\u00e1gina de White Summer, seguramente es porque te gustan los festivales en verano y al aire libre. Y seguramente tambi\u00e9n [&hellip;]<\/p>\n","protected":false},"author":2,"featured_media":11294,"parent":0,"menu_order":0,"comment_status":"closed","ping_status":"closed","template":"page-templates\/page-landing.php","meta":{"_acf_changed":false,"footnotes":""},"class_list":["post-11336","page","type-page","status-publish","has-post-thumbnail","hentry"],"acf":[],"yoast_head":"<!-- This site is optimized with the Yoast SEO plugin v27.6 - https:\/\/yoast.com\/product\/yoast-seo-wordpress\/ -->\n<title>\u00a1Ven al Cru\u00eflla con White Summer! - Festival Cru\u00eflla<\/title>\n<meta name=\"robots\" content=\"index, follow, max-snippet:-1, max-image-preview:large, max-video-preview:-1\" \/>\n<link rel=\"canonical\" href=\"https:\/\/www.cruillabarcelona.cat\/es\/ven-al-cruilla-con-white-summer\/\" \/>\n<meta property=\"og:locale\" content=\"es_ES\" \/>\n<meta property=\"og:type\" content=\"article\" \/>\n<meta property=\"og:title\" content=\"\u00a1Ven al Cru\u00eflla con White Summer! - Festival Cru\u00eflla\" \/>\n<meta property=\"og:description\" content=\"Si has llegado aqu\u00ed desde la p\u00e1gina de White Summer, seguramente es porque te gustan los festivales en verano y al aire libre. Y seguramente tambi\u00e9n [&hellip;]\" \/>\n<meta property=\"og:url\" content=\"https:\/\/www.cruillabarcelona.cat\/es\/ven-al-cruilla-con-white-summer\/\" \/>\n<meta property=\"og:site_name\" content=\"Festival Cru\u00eflla\" \/>\n<meta property=\"article:modified_time\" content=\"2018-07-03T11:37:22+00:00\" \/>\n<meta property=\"og:image\" content=\"https:\/\/www.cruillabarcelona.cat\/wp-content\/uploads\/2018\/05\/whitesummer_1500x500.jpg\" \/>\n\t<meta property=\"og:image:width\" content=\"1500\" \/>\n\t<meta property=\"og:image:height\" content=\"500\" \/>\n\t<meta property=\"og:image:type\" content=\"image\/jpeg\" \/>\n<meta name=\"twitter:card\" content=\"summary_large_image\" \/>\n<meta name=\"twitter:label1\" content=\"Tiempo de lectura\" \/>\n\t<meta name=\"twitter:data1\" content=\"2 minutos\" \/>\n<script type=\"application\/ld+json\" class=\"yoast-schema-graph\">{\"@context\":\"https:\\\/\\\/schema.org\",\"@graph\":[{\"@type\":\"WebPage\",\"@id\":\"https:\\\/\\\/www.cruillabarcelona.cat\\\/es\\\/ven-al-cruilla-con-white-summer\\\/\",\"url\":\"https:\\\/\\\/www.cruillabarcelona.cat\\\/es\\\/ven-al-cruilla-con-white-summer\\\/\",\"name\":\"\u00a1Ven al Cru\u00eflla con White Summer! - Festival Cru\u00eflla\",\"isPartOf\":{\"@id\":\"https:\\\/\\\/www.cruillabarcelona.cat\\\/es\\\/#website\"},\"primaryImageOfPage\":{\"@id\":\"https:\\\/\\\/www.cruillabarcelona.cat\\\/es\\\/ven-al-cruilla-con-white-summer\\\/#primaryimage\"},\"image\":{\"@id\":\"https:\\\/\\\/www.cruillabarcelona.cat\\\/es\\\/ven-al-cruilla-con-white-summer\\\/#primaryimage\"},\"thumbnailUrl\":\"https:\\\/\\\/www.cruillabarcelona.cat\\\/wp-content\\\/uploads\\\/2018\\\/05\\\/whitesummer_1500x500.jpg\",\"datePublished\":\"2018-05-17T13:28:29+00:00\",\"dateModified\":\"2018-07-03T11:37:22+00:00\",\"breadcrumb\":{\"@id\":\"https:\\\/\\\/www.cruillabarcelona.cat\\\/es\\\/ven-al-cruilla-con-white-summer\\\/#breadcrumb\"},\"inLanguage\":\"es\",\"potentialAction\":[{\"@type\":\"ReadAction\",\"target\":[\"https:\\\/\\\/www.cruillabarcelona.cat\\\/es\\\/ven-al-cruilla-con-white-summer\\\/\"]}]},{\"@type\":\"ImageObject\",\"inLanguage\":\"es\",\"@id\":\"https:\\\/\\\/www.cruillabarcelona.cat\\\/es\\\/ven-al-cruilla-con-white-summer\\\/#primaryimage\",\"url\":\"https:\\\/\\\/www.cruillabarcelona.cat\\\/wp-content\\\/uploads\\\/2018\\\/05\\\/whitesummer_1500x500.jpg\",\"contentUrl\":\"https:\\\/\\\/www.cruillabarcelona.cat\\\/wp-content\\\/uploads\\\/2018\\\/05\\\/whitesummer_1500x500.jpg\",\"width\":1500,\"height\":500},{\"@type\":\"BreadcrumbList\",\"@id\":\"https:\\\/\\\/www.cruillabarcelona.cat\\\/es\\\/ven-al-cruilla-con-white-summer\\\/#breadcrumb\",\"itemListElement\":[{\"@type\":\"ListItem\",\"position\":1,\"name\":\"Home\",\"item\":\"https:\\\/\\\/www.cruillabarcelona.cat\\\/es\\\/\"},{\"@type\":\"ListItem\",\"position\":2,\"name\":\"\u00a1Ven al Cru\u00eflla con White Summer!\"}]},{\"@type\":\"WebSite\",\"@id\":\"https:\\\/\\\/www.cruillabarcelona.cat\\\/es\\\/#website\",\"url\":\"https:\\\/\\\/www.cruillabarcelona.cat\\\/es\\\/\",\"name\":\"Festival Cru\u00eflla\",\"description\":\"\",\"publisher\":{\"@id\":\"https:\\\/\\\/www.cruillabarcelona.cat\\\/es\\\/#organization\"},\"potentialAction\":[{\"@type\":\"SearchAction\",\"target\":{\"@type\":\"EntryPoint\",\"urlTemplate\":\"https:\\\/\\\/www.cruillabarcelona.cat\\\/es\\\/?s={search_term_string}\"},\"query-input\":{\"@type\":\"PropertyValueSpecification\",\"valueRequired\":true,\"valueName\":\"search_term_string\"}}],\"inLanguage\":\"es\"},{\"@type\":\"Organization\",\"@id\":\"https:\\\/\\\/www.cruillabarcelona.cat\\\/es\\\/#organization\",\"name\":\"Festival Cru\u00eflla\",\"url\":\"https:\\\/\\\/www.cruillabarcelona.cat\\\/es\\\/\",\"logo\":{\"@type\":\"ImageObject\",\"inLanguage\":\"es\",\"@id\":\"https:\\\/\\\/www.cruillabarcelona.cat\\\/es\\\/#\\\/schema\\\/logo\\\/image\\\/\",\"url\":\"https:\\\/\\\/www.cruillabarcelona.cat\\\/wp-content\\\/uploads\\\/2025\\\/12\\\/cruill-logo-negativo.png\",\"contentUrl\":\"https:\\\/\\\/www.cruillabarcelona.cat\\\/wp-content\\\/uploads\\\/2025\\\/12\\\/cruill-logo-negativo.png\",\"width\":400,\"height\":101,\"caption\":\"Festival Cru\u00eflla\"},\"image\":{\"@id\":\"https:\\\/\\\/www.cruillabarcelona.cat\\\/es\\\/#\\\/schema\\\/logo\\\/image\\\/\"}}]}<\/script>\n<!-- \/ Yoast SEO plugin. -->","yoast_head_json":{"title":"\u00a1Ven al Cru\u00eflla con White Summer! - Festival Cru\u00eflla","robots":{"index":"index","follow":"follow","max-snippet":"max-snippet:-1","max-image-preview":"max-image-preview:large","max-video-preview":"max-video-preview:-1"},"canonical":"https:\/\/www.cruillabarcelona.cat\/es\/ven-al-cruilla-con-white-summer\/","og_locale":"es_ES","og_type":"article","og_title":"\u00a1Ven al Cru\u00eflla con White Summer! - Festival Cru\u00eflla","og_description":"Si has llegado aqu\u00ed desde la p\u00e1gina de White Summer, seguramente es porque te gustan los festivales en verano y al aire libre. Y seguramente tambi\u00e9n [&hellip;]","og_url":"https:\/\/www.cruillabarcelona.cat\/es\/ven-al-cruilla-con-white-summer\/","og_site_name":"Festival Cru\u00eflla","article_modified_time":"2018-07-03T11:37:22+00:00","og_image":[{"width":1500,"height":500,"url":"https:\/\/www.cruillabarcelona.cat\/wp-content\/uploads\/2018\/05\/whitesummer_1500x500.jpg","type":"image\/jpeg"}],"twitter_card":"summary_large_image","twitter_misc":{"Tiempo de lectura":"2 minutos"},"schema":{"@context":"https:\/\/schema.org","@graph":[{"@type":"WebPage","@id":"https:\/\/www.cruillabarcelona.cat\/es\/ven-al-cruilla-con-white-summer\/","url":"https:\/\/www.cruillabarcelona.cat\/es\/ven-al-cruilla-con-white-summer\/","name":"\u00a1Ven al Cru\u00eflla con White Summer! - Festival Cru\u00eflla","isPartOf":{"@id":"https:\/\/www.cruillabarcelona.cat\/es\/#website"},"primaryImageOfPage":{"@id":"https:\/\/www.cruillabarcelona.cat\/es\/ven-al-cruilla-con-white-summer\/#primaryimage"},"image":{"@id":"https:\/\/www.cruillabarcelona.cat\/es\/ven-al-cruilla-con-white-summer\/#primaryimage"},"thumbnailUrl":"https:\/\/www.cruillabarcelona.cat\/wp-content\/uploads\/2018\/05\/whitesummer_1500x500.jpg","datePublished":"2018-05-17T13:28:29+00:00","dateModified":"2018-07-03T11:37:22+00:00","breadcrumb":{"@id":"https:\/\/www.cruillabarcelona.cat\/es\/ven-al-cruilla-con-white-summer\/#breadcrumb"},"inLanguage":"es","potentialAction":[{"@type":"ReadAction","target":["https:\/\/www.cruillabarcelona.cat\/es\/ven-al-cruilla-con-white-summer\/"]}]},{"@type":"ImageObject","inLanguage":"es","@id":"https:\/\/www.cruillabarcelona.cat\/es\/ven-al-cruilla-con-white-summer\/#primaryimage","url":"https:\/\/www.cruillabarcelona.cat\/wp-content\/uploads\/2018\/05\/whitesummer_1500x500.jpg","contentUrl":"https:\/\/www.cruillabarcelona.cat\/wp-content\/uploads\/2018\/05\/whitesummer_1500x500.jpg","width":1500,"height":500},{"@type":"BreadcrumbList","@id":"https:\/\/www.cruillabarcelona.cat\/es\/ven-al-cruilla-con-white-summer\/#breadcrumb","itemListElement":[{"@type":"ListItem","position":1,"name":"Home","item":"https:\/\/www.cruillabarcelona.cat\/es\/"},{"@type":"ListItem","position":2,"name":"\u00a1Ven al Cru\u00eflla con White Summer!"}]},{"@type":"WebSite","@id":"https:\/\/www.cruillabarcelona.cat\/es\/#website","url":"https:\/\/www.cruillabarcelona.cat\/es\/","name":"Festival Cru\u00eflla","description":"","publisher":{"@id":"https:\/\/www.cruillabarcelona.cat\/es\/#organization"},"potentialAction":[{"@type":"SearchAction","target":{"@type":"EntryPoint","urlTemplate":"https:\/\/www.cruillabarcelona.cat\/es\/?s={search_term_string}"},"query-input":{"@type":"PropertyValueSpecification","valueRequired":true,"valueName":"search_term_string"}}],"inLanguage":"es"},{"@type":"Organization","@id":"https:\/\/www.cruillabarcelona.cat\/es\/#organization","name":"Festival Cru\u00eflla","url":"https:\/\/www.cruillabarcelona.cat\/es\/","logo":{"@type":"ImageObject","inLanguage":"es","@id":"https:\/\/www.cruillabarcelona.cat\/es\/#\/schema\/logo\/image\/","url":"https:\/\/www.cruillabarcelona.cat\/wp-content\/uploads\/2025\/12\/cruill-logo-negativo.png","contentUrl":"https:\/\/www.cruillabarcelona.cat\/wp-content\/uploads\/2025\/12\/cruill-logo-negativo.png","width":400,"height":101,"caption":"Festival Cru\u00eflla"},"image":{"@id":"https:\/\/www.cruillabarcelona.cat\/es\/#\/schema\/logo\/image\/"}}]}},"_links":{"self":[{"href":"https:\/\/www.cruillabarcelona.cat\/es\/wp-json\/wp\/v2\/pages\/11336","targetHints":{"allow":["GET"]}}],"collection":[{"href":"https:\/\/www.cruillabarcelona.cat\/es\/wp-json\/wp\/v2\/pages"}],"about":[{"href":"https:\/\/www.cruillabarcelona.cat\/es\/wp-json\/wp\/v2\/types\/page"}],"author":[{"embeddable":true,"href":"https:\/\/www.cruillabarcelona.cat\/es\/wp-json\/wp\/v2\/users\/2"}],"replies":[{"embeddable":true,"href":"https:\/\/www.cruillabarcelona.cat\/es\/wp-json\/wp\/v2\/comments?post=11336"}],"version-history":[{"count":0,"href":"https:\/\/www.cruillabarcelona.cat\/es\/wp-json\/wp\/v2\/pages\/11336\/revisions"}],"wp:featuredmedia":[{"embeddable":true,"href":"https:\/\/www.cruillabarcelona.cat\/es\/wp-json\/wp\/v2\/media\/11294"}],"wp:attachment":[{"href":"https:\/\/www.cruillabarcelona.cat\/es\/wp-json\/wp\/v2\/media?parent=11336"}],"curies":[{"name":"wp","href":"https:\/\/api.w.org\/{rel}","templated":true}]}}