{"id":12574,"date":"2018-06-04T09:45:20","date_gmt":"2018-06-04T09:45:20","guid":{"rendered":"https:\/\/www.cruillabarcelona.cat\/?page_id=12574"},"modified":"2018-11-05T19:28:51","modified_gmt":"2018-11-05T17:28:51","slug":"artistes-cruilla-de-tardor-2018","status":"publish","type":"page","link":"https:\/\/www.cruillabarcelona.cat\/es\/artistes-cruilla-de-tardor-2018\/","title":{"rendered":"Artistas Cru\u00eflla de Tardor 2018"},"content":{"rendered":"<p><img loading=\"lazy\" decoding=\"async\" class=\"alignnone wp-image-18911 size-full\" src=\"https:\/\/www.cruillabarcelona.cat\/wp-content\/uploads\/2018\/10\/franja-logos-cruillla-de-tardor.png\" alt=\"\" width=\"1368\" height=\"137\" srcset=\"https:\/\/www.cruillabarcelona.cat\/wp-content\/uploads\/2018\/10\/franja-logos-cruillla-de-tardor.png 1368w, https:\/\/www.cruillabarcelona.cat\/wp-content\/uploads\/2018\/10\/franja-logos-cruillla-de-tardor-768x77.png 768w, https:\/\/www.cruillabarcelona.cat\/wp-content\/uploads\/2018\/10\/franja-logos-cruillla-de-tardor-1024x103.png 1024w, https:\/\/www.cruillabarcelona.cat\/wp-content\/uploads\/2018\/10\/franja-logos-cruillla-de-tardor-300x30.png 300w\" sizes=\"auto, (max-width: 1368px) 100vw, 1368px\" \/><\/p>\n","protected":false},"excerpt":{"rendered":"","protected":false},"author":7,"featured_media":0,"parent":0,"menu_order":0,"comment_status":"closed","ping_status":"closed","template":"page-templates\/page-artists-pre.php","meta":{"_acf_changed":false,"footnotes":""},"class_list":["post-12574","page","type-page","status-publish","hentry"],"acf":[],"yoast_head":"<!-- This site is optimized with the Yoast SEO plugin v27.3 - https:\/\/yoast.com\/product\/yoast-seo-wordpress\/ -->\n<title>Artistas del Cru\u00eflla de Tardor 2018, del 14 de octubre a 1 de noviembre<\/title>\n<meta name=\"description\" content=\"El Cru\u00eflla de Tardor 2018 contar\u00e1 con artistas como MGMT, Cat Power, Emir Kusturica, Anna Calvi, La M.O.D.A. o Viva Suecia. Entradas ya a la venta.\" \/>\n<meta name=\"robots\" content=\"index, follow, max-snippet:-1, max-image-preview:large, max-video-preview:-1\" \/>\n<link rel=\"canonical\" href=\"https:\/\/www.cruillabarcelona.cat\/es\/artistes-cruilla-de-tardor-2018\/\" \/>\n<meta property=\"og:locale\" content=\"es_ES\" \/>\n<meta property=\"og:type\" content=\"article\" \/>\n<meta property=\"og:title\" content=\"Artistas del Cru\u00eflla de Tardor 2018, del 14 de octubre a 1 de noviembre\" \/>\n<meta property=\"og:description\" content=\"El Cru\u00eflla de Tardor 2018 contar\u00e1 con artistas como MGMT, Cat Power, Emir Kusturica, Anna Calvi, La M.O.D.A. o Viva Suecia. Entradas ya a la venta.\" \/>\n<meta property=\"og:url\" content=\"https:\/\/www.cruillabarcelona.cat\/es\/artistes-cruilla-de-tardor-2018\/\" \/>\n<meta property=\"og:site_name\" content=\"Festival Cru\u00eflla\" \/>\n<meta property=\"article:modified_time\" content=\"2018-11-05T17:28:51+00:00\" \/>\n<meta property=\"og:image\" content=\"https:\/\/www.cruillabarcelona.cat\/wp-content\/uploads\/2018\/10\/franja-logos-cruillla-de-tardor.png\" \/>\n<meta name=\"twitter:card\" content=\"summary_large_image\" \/>\n<script type=\"application\/ld+json\" class=\"yoast-schema-graph\">{\"@context\":\"https:\\\/\\\/schema.org\",\"@graph\":[{\"@type\":\"WebPage\",\"@id\":\"https:\\\/\\\/www.cruillabarcelona.cat\\\/es\\\/artistes-cruilla-de-tardor-2018\\\/\",\"url\":\"https:\\\/\\\/www.cruillabarcelona.cat\\\/es\\\/artistes-cruilla-de-tardor-2018\\\/\",\"name\":\"Artistas del Cru\u00eflla de Tardor 2018, del 14 de octubre a 1 de noviembre\",\"isPartOf\":{\"@id\":\"https:\\\/\\\/www.cruillabarcelona.cat\\\/es\\\/#website\"},\"primaryImageOfPage\":{\"@id\":\"https:\\\/\\\/www.cruillabarcelona.cat\\\/es\\\/artistes-cruilla-de-tardor-2018\\\/#primaryimage\"},\"image\":{\"@id\":\"https:\\\/\\\/www.cruillabarcelona.cat\\\/es\\\/artistes-cruilla-de-tardor-2018\\\/#primaryimage\"},\"thumbnailUrl\":\"https:\\\/\\\/www.cruillabarcelona.cat\\\/wp-content\\\/uploads\\\/2018\\\/10\\\/franja-logos-cruillla-de-tardor.png\",\"datePublished\":\"2018-06-04T09:45:20+00:00\",\"dateModified\":\"2018-11-05T17:28:51+00:00\",\"description\":\"El Cru\u00eflla de Tardor 2018 contar\u00e1 con artistas como MGMT, Cat Power, Emir Kusturica, Anna Calvi, La M.O.D.A. o Viva Suecia. Entradas ya a la venta.\",\"breadcrumb\":{\"@id\":\"https:\\\/\\\/www.cruillabarcelona.cat\\\/es\\\/artistes-cruilla-de-tardor-2018\\\/#breadcrumb\"},\"inLanguage\":\"es\",\"potentialAction\":[{\"@type\":\"ReadAction\",\"target\":[\"https:\\\/\\\/www.cruillabarcelona.cat\\\/es\\\/artistes-cruilla-de-tardor-2018\\\/\"]}]},{\"@type\":\"ImageObject\",\"inLanguage\":\"es\",\"@id\":\"https:\\\/\\\/www.cruillabarcelona.cat\\\/es\\\/artistes-cruilla-de-tardor-2018\\\/#primaryimage\",\"url\":\"https:\\\/\\\/www.cruillabarcelona.cat\\\/wp-content\\\/uploads\\\/2018\\\/10\\\/franja-logos-cruillla-de-tardor.png\",\"contentUrl\":\"https:\\\/\\\/www.cruillabarcelona.cat\\\/wp-content\\\/uploads\\\/2018\\\/10\\\/franja-logos-cruillla-de-tardor.png\"},{\"@type\":\"BreadcrumbList\",\"@id\":\"https:\\\/\\\/www.cruillabarcelona.cat\\\/es\\\/artistes-cruilla-de-tardor-2018\\\/#breadcrumb\",\"itemListElement\":[{\"@type\":\"ListItem\",\"position\":1,\"name\":\"Home\",\"item\":\"https:\\\/\\\/www.cruillabarcelona.cat\\\/es\\\/\"},{\"@type\":\"ListItem\",\"position\":2,\"name\":\"Artistas Cru\u00eflla de Tardor 2018\"}]},{\"@type\":\"WebSite\",\"@id\":\"https:\\\/\\\/www.cruillabarcelona.cat\\\/es\\\/#website\",\"url\":\"https:\\\/\\\/www.cruillabarcelona.cat\\\/es\\\/\",\"name\":\"Festival Cru\u00eflla\",\"description\":\"\",\"publisher\":{\"@id\":\"https:\\\/\\\/www.cruillabarcelona.cat\\\/es\\\/#organization\"},\"potentialAction\":[{\"@type\":\"SearchAction\",\"target\":{\"@type\":\"EntryPoint\",\"urlTemplate\":\"https:\\\/\\\/www.cruillabarcelona.cat\\\/es\\\/?s={search_term_string}\"},\"query-input\":{\"@type\":\"PropertyValueSpecification\",\"valueRequired\":true,\"valueName\":\"search_term_string\"}}],\"inLanguage\":\"es\"},{\"@type\":\"Organization\",\"@id\":\"https:\\\/\\\/www.cruillabarcelona.cat\\\/es\\\/#organization\",\"name\":\"Festival Cru\u00eflla\",\"url\":\"https:\\\/\\\/www.cruillabarcelona.cat\\\/es\\\/\",\"logo\":{\"@type\":\"ImageObject\",\"inLanguage\":\"es\",\"@id\":\"https:\\\/\\\/www.cruillabarcelona.cat\\\/es\\\/#\\\/schema\\\/logo\\\/image\\\/\",\"url\":\"https:\\\/\\\/www.cruillabarcelona.cat\\\/wp-content\\\/uploads\\\/2025\\\/12\\\/cruill-logo-negativo.png\",\"contentUrl\":\"https:\\\/\\\/www.cruillabarcelona.cat\\\/wp-content\\\/uploads\\\/2025\\\/12\\\/cruill-logo-negativo.png\",\"width\":400,\"height\":101,\"caption\":\"Festival Cru\u00eflla\"},\"image\":{\"@id\":\"https:\\\/\\\/www.cruillabarcelona.cat\\\/es\\\/#\\\/schema\\\/logo\\\/image\\\/\"}}]}<\/script>\n<!-- \/ Yoast SEO plugin. -->","yoast_head_json":{"title":"Artistas del Cru\u00eflla de Tardor 2018, del 14 de octubre a 1 de noviembre","description":"El Cru\u00eflla de Tardor 2018 contar\u00e1 con artistas como MGMT, Cat Power, Emir Kusturica, Anna Calvi, La M.O.D.A. o Viva Suecia. Entradas ya a la venta.","robots":{"index":"index","follow":"follow","max-snippet":"max-snippet:-1","max-image-preview":"max-image-preview:large","max-video-preview":"max-video-preview:-1"},"canonical":"https:\/\/www.cruillabarcelona.cat\/es\/artistes-cruilla-de-tardor-2018\/","og_locale":"es_ES","og_type":"article","og_title":"Artistas del Cru\u00eflla de Tardor 2018, del 14 de octubre a 1 de noviembre","og_description":"El Cru\u00eflla de Tardor 2018 contar\u00e1 con artistas como MGMT, Cat Power, Emir Kusturica, Anna Calvi, La M.O.D.A. o Viva Suecia. Entradas ya a la venta.","og_url":"https:\/\/www.cruillabarcelona.cat\/es\/artistes-cruilla-de-tardor-2018\/","og_site_name":"Festival Cru\u00eflla","article_modified_time":"2018-11-05T17:28:51+00:00","og_image":[{"url":"https:\/\/www.cruillabarcelona.cat\/wp-content\/uploads\/2018\/10\/franja-logos-cruillla-de-tardor.png","type":"","width":"","height":""}],"twitter_card":"summary_large_image","schema":{"@context":"https:\/\/schema.org","@graph":[{"@type":"WebPage","@id":"https:\/\/www.cruillabarcelona.cat\/es\/artistes-cruilla-de-tardor-2018\/","url":"https:\/\/www.cruillabarcelona.cat\/es\/artistes-cruilla-de-tardor-2018\/","name":"Artistas del Cru\u00eflla de Tardor 2018, del 14 de octubre a 1 de noviembre","isPartOf":{"@id":"https:\/\/www.cruillabarcelona.cat\/es\/#website"},"primaryImageOfPage":{"@id":"https:\/\/www.cruillabarcelona.cat\/es\/artistes-cruilla-de-tardor-2018\/#primaryimage"},"image":{"@id":"https:\/\/www.cruillabarcelona.cat\/es\/artistes-cruilla-de-tardor-2018\/#primaryimage"},"thumbnailUrl":"https:\/\/www.cruillabarcelona.cat\/wp-content\/uploads\/2018\/10\/franja-logos-cruillla-de-tardor.png","datePublished":"2018-06-04T09:45:20+00:00","dateModified":"2018-11-05T17:28:51+00:00","description":"El Cru\u00eflla de Tardor 2018 contar\u00e1 con artistas como MGMT, Cat Power, Emir Kusturica, Anna Calvi, La M.O.D.A. o Viva Suecia. Entradas ya a la venta.","breadcrumb":{"@id":"https:\/\/www.cruillabarcelona.cat\/es\/artistes-cruilla-de-tardor-2018\/#breadcrumb"},"inLanguage":"es","potentialAction":[{"@type":"ReadAction","target":["https:\/\/www.cruillabarcelona.cat\/es\/artistes-cruilla-de-tardor-2018\/"]}]},{"@type":"ImageObject","inLanguage":"es","@id":"https:\/\/www.cruillabarcelona.cat\/es\/artistes-cruilla-de-tardor-2018\/#primaryimage","url":"https:\/\/www.cruillabarcelona.cat\/wp-content\/uploads\/2018\/10\/franja-logos-cruillla-de-tardor.png","contentUrl":"https:\/\/www.cruillabarcelona.cat\/wp-content\/uploads\/2018\/10\/franja-logos-cruillla-de-tardor.png"},{"@type":"BreadcrumbList","@id":"https:\/\/www.cruillabarcelona.cat\/es\/artistes-cruilla-de-tardor-2018\/#breadcrumb","itemListElement":[{"@type":"ListItem","position":1,"name":"Home","item":"https:\/\/www.cruillabarcelona.cat\/es\/"},{"@type":"ListItem","position":2,"name":"Artistas Cru\u00eflla de Tardor 2018"}]},{"@type":"WebSite","@id":"https:\/\/www.cruillabarcelona.cat\/es\/#website","url":"https:\/\/www.cruillabarcelona.cat\/es\/","name":"Festival Cru\u00eflla","description":"","publisher":{"@id":"https:\/\/www.cruillabarcelona.cat\/es\/#organization"},"potentialAction":[{"@type":"SearchAction","target":{"@type":"EntryPoint","urlTemplate":"https:\/\/www.cruillabarcelona.cat\/es\/?s={search_term_string}"},"query-input":{"@type":"PropertyValueSpecification","valueRequired":true,"valueName":"search_term_string"}}],"inLanguage":"es"},{"@type":"Organization","@id":"https:\/\/www.cruillabarcelona.cat\/es\/#organization","name":"Festival Cru\u00eflla","url":"https:\/\/www.cruillabarcelona.cat\/es\/","logo":{"@type":"ImageObject","inLanguage":"es","@id":"https:\/\/www.cruillabarcelona.cat\/es\/#\/schema\/logo\/image\/","url":"https:\/\/www.cruillabarcelona.cat\/wp-content\/uploads\/2025\/12\/cruill-logo-negativo.png","contentUrl":"https:\/\/www.cruillabarcelona.cat\/wp-content\/uploads\/2025\/12\/cruill-logo-negativo.png","width":400,"height":101,"caption":"Festival Cru\u00eflla"},"image":{"@id":"https:\/\/www.cruillabarcelona.cat\/es\/#\/schema\/logo\/image\/"}}]}},"_links":{"self":[{"href":"https:\/\/www.cruillabarcelona.cat\/es\/wp-json\/wp\/v2\/pages\/12574","targetHints":{"allow":["GET"]}}],"collection":[{"href":"https:\/\/www.cruillabarcelona.cat\/es\/wp-json\/wp\/v2\/pages"}],"about":[{"href":"https:\/\/www.cruillabarcelona.cat\/es\/wp-json\/wp\/v2\/types\/page"}],"author":[{"embeddable":true,"href":"https:\/\/www.cruillabarcelona.cat\/es\/wp-json\/wp\/v2\/users\/7"}],"replies":[{"embeddable":true,"href":"https:\/\/www.cruillabarcelona.cat\/es\/wp-json\/wp\/v2\/comments?post=12574"}],"version-history":[{"count":0,"href":"https:\/\/www.cruillabarcelona.cat\/es\/wp-json\/wp\/v2\/pages\/12574\/revisions"}],"wp:attachment":[{"href":"https:\/\/www.cruillabarcelona.cat\/es\/wp-json\/wp\/v2\/media?parent=12574"}],"curies":[{"name":"wp","href":"https:\/\/api.w.org\/{rel}","templated":true}]}}