{"id":13073,"date":"2018-06-01T15:18:56","date_gmt":"2018-06-01T15:18:56","guid":{"rendered":"https:\/\/www.cruillabarcelona.cat\/?page_id=13073"},"modified":"2018-06-06T11:24:48","modified_gmt":"2018-06-06T09:24:48","slug":"el-cruilla-te-lleva-al-liceu","status":"publish","type":"page","link":"https:\/\/www.cruillabarcelona.cat\/es\/el-cruilla-te-lleva-al-liceu\/","title":{"rendered":"\u00a1El Cru\u00eflla te lleva al Liceu!"},"content":{"rendered":"<h2 style=\"text-align: center;\">\u00a1Ahorra hasta 80\u20ac en tu entrada del Liceu!<\/h2>\n<p>Si tienes una entrada o abono del Festival Cru\u00eflla, \u00a1puedes ir al Gran Teatre del Liceu con un descuento exclusivo!<\/p>\n<p>Cru\u00eflla y Liceu te dan la oportunidad de ver la obra <strong>La Favorite<\/strong> por un precio \u00fanico de <strong>50\u20ac<\/strong> (+1,90 de gastos de gesti\u00f3n). Esto quiere decir que <strong>te puedes llegar a ahorrar hasta 80\u20ac <\/strong>en cada entrada.<\/p>\n<h2 style=\"text-align: center;\">\u00bfCu\u00e1ndo?<\/h2>\n<p style=\"text-align: center;\">Puedes elegir cualquier funci\u00f3n <strong>a partir del 8 de julio<\/strong>.<\/p>\n<h2 style=\"text-align: center;\">\u00bfC\u00f3mo?<\/h2>\n<p style=\"text-align: center;\">Haz click en el bot\u00f3n de compra y sigue estas instrucciones:<\/p>\n<p style=\"text-align: center;\"><a class=\"efsbutton button \" target=\"_blank\">Entrades<\/a><\/p>\n<ol>\n<li>Elige una fecha posterior al 8 de julio.<\/li>\n<li>Elige tus asientos, que deben estar situados <strong>en las zonas 3, 4 o 5<\/strong> del teatro<\/li>\n<li>En el resumen de la compra, selecciona la tarifa <strong>CRU\u00cfLLA<\/strong> e introduce el c\u00f3digo promocional <strong>Cruilla50<\/strong>. Ver\u00e1s como el precio se reduce.<\/li>\n<li>Finaliza la compra (con un m\u00e1ximo de dos entradas por compra)<\/li>\n<\/ol>\n<h2 style=\"text-align: center;\">\u00bfQu\u00e9?<\/h2>\n<p>La Favorite es una \u00f3pera de Donizetti con las grandes voces de Cl\u00e9mentine Margaine y Ksenia Dudnikova, junto con Michael Spyres y Stephen Costello. Una historia que parte del tri\u00e1ngulo amoroso que mantienen L\u00e9onor, amante de Alphonse XI de Castilla, el mencionado monarca y el joven Fernand, en pleno siglo XIV.<\/p>\n<p>Se trata de una obra en versi\u00f3n original, en franc\u00e9s, con la producci\u00f3n firmada por el director y actor francoespa\u00f1ol Ariel Garc\u00eda Vald\u00e9s, estrenada en el teatro barcelon\u00e9s en 2002. Ahora con la joven mezzosoprano francesa Cl\u00e9mentine Margaine, una cantante revelaci\u00f3n. Como Fernand, dos tenores de \u00e9xito, Michael Spyres y Stephen Costello.<\/p>\n<p><img loading=\"lazy\" decoding=\"async\" width=\"800\" height=\"528\" class=\"size-medium wp-image-13045 aligncenter\" src=\"https:\/\/www.cruillabarcelona.cat\/wp-content\/uploads\/2018\/06\/header-Liceu-800x528.jpg\" alt=\"\" \/><\/p>\n","protected":false},"excerpt":{"rendered":"<p>\u00a1Ahorra hasta 80\u20ac en tu entrada del Liceu! Si tienes una entrada o abono del Festival Cru\u00eflla, \u00a1puedes ir al Gran Teatre del Liceu con un [&hellip;]<\/p>\n","protected":false},"author":2,"featured_media":13047,"parent":0,"menu_order":0,"comment_status":"closed","ping_status":"closed","template":"page-templates\/page-landing.php","meta":{"_acf_changed":false,"footnotes":""},"class_list":["post-13073","page","type-page","status-publish","has-post-thumbnail","hentry"],"acf":[],"yoast_head":"<!-- This site is optimized with the Yoast SEO plugin v27.3 - https:\/\/yoast.com\/product\/yoast-seo-wordpress\/ -->\n<title>\u00a1El Cru\u00eflla te lleva al Liceu! - Festival Cru\u00eflla<\/title>\n<meta name=\"robots\" content=\"index, follow, max-snippet:-1, max-image-preview:large, max-video-preview:-1\" \/>\n<link rel=\"canonical\" href=\"https:\/\/www.cruillabarcelona.cat\/es\/el-cruilla-te-lleva-al-liceu\/\" \/>\n<meta property=\"og:locale\" content=\"es_ES\" \/>\n<meta property=\"og:type\" content=\"article\" \/>\n<meta property=\"og:title\" content=\"\u00a1El Cru\u00eflla te lleva al Liceu! - Festival Cru\u00eflla\" \/>\n<meta property=\"og:description\" content=\"\u00a1Ahorra hasta 80\u20ac en tu entrada del Liceu! Si tienes una entrada o abono del Festival Cru\u00eflla, \u00a1puedes ir al Gran Teatre del Liceu con un [&hellip;]\" \/>\n<meta property=\"og:url\" content=\"https:\/\/www.cruillabarcelona.cat\/es\/el-cruilla-te-lleva-al-liceu\/\" \/>\n<meta property=\"og:site_name\" content=\"Festival Cru\u00eflla\" \/>\n<meta property=\"article:modified_time\" content=\"2018-06-06T09:24:48+00:00\" \/>\n<meta property=\"og:image\" content=\"https:\/\/www.cruillabarcelona.cat\/wp-content\/uploads\/2018\/06\/header-Liceu.jpg\" \/>\n\t<meta property=\"og:image:width\" content=\"960\" \/>\n\t<meta property=\"og:image:height\" content=\"601\" \/>\n\t<meta property=\"og:image:type\" content=\"image\/jpeg\" \/>\n<meta name=\"twitter:card\" content=\"summary_large_image\" \/>\n<meta name=\"twitter:label1\" content=\"Tiempo de lectura\" \/>\n\t<meta name=\"twitter:data1\" content=\"1 minuto\" \/>\n<script type=\"application\/ld+json\" class=\"yoast-schema-graph\">{\"@context\":\"https:\\\/\\\/schema.org\",\"@graph\":[{\"@type\":\"WebPage\",\"@id\":\"https:\\\/\\\/www.cruillabarcelona.cat\\\/es\\\/el-cruilla-te-lleva-al-liceu\\\/\",\"url\":\"https:\\\/\\\/www.cruillabarcelona.cat\\\/es\\\/el-cruilla-te-lleva-al-liceu\\\/\",\"name\":\"\u00a1El Cru\u00eflla te lleva al Liceu! - Festival Cru\u00eflla\",\"isPartOf\":{\"@id\":\"https:\\\/\\\/www.cruillabarcelona.cat\\\/es\\\/#website\"},\"primaryImageOfPage\":{\"@id\":\"https:\\\/\\\/www.cruillabarcelona.cat\\\/es\\\/el-cruilla-te-lleva-al-liceu\\\/#primaryimage\"},\"image\":{\"@id\":\"https:\\\/\\\/www.cruillabarcelona.cat\\\/es\\\/el-cruilla-te-lleva-al-liceu\\\/#primaryimage\"},\"thumbnailUrl\":\"https:\\\/\\\/www.cruillabarcelona.cat\\\/wp-content\\\/uploads\\\/2018\\\/06\\\/header-Liceu.jpg\",\"datePublished\":\"2018-06-01T15:18:56+00:00\",\"dateModified\":\"2018-06-06T09:24:48+00:00\",\"breadcrumb\":{\"@id\":\"https:\\\/\\\/www.cruillabarcelona.cat\\\/es\\\/el-cruilla-te-lleva-al-liceu\\\/#breadcrumb\"},\"inLanguage\":\"es\",\"potentialAction\":[{\"@type\":\"ReadAction\",\"target\":[\"https:\\\/\\\/www.cruillabarcelona.cat\\\/es\\\/el-cruilla-te-lleva-al-liceu\\\/\"]}]},{\"@type\":\"ImageObject\",\"inLanguage\":\"es\",\"@id\":\"https:\\\/\\\/www.cruillabarcelona.cat\\\/es\\\/el-cruilla-te-lleva-al-liceu\\\/#primaryimage\",\"url\":\"https:\\\/\\\/www.cruillabarcelona.cat\\\/wp-content\\\/uploads\\\/2018\\\/06\\\/header-Liceu.jpg\",\"contentUrl\":\"https:\\\/\\\/www.cruillabarcelona.cat\\\/wp-content\\\/uploads\\\/2018\\\/06\\\/header-Liceu.jpg\",\"width\":960,\"height\":601},{\"@type\":\"BreadcrumbList\",\"@id\":\"https:\\\/\\\/www.cruillabarcelona.cat\\\/es\\\/el-cruilla-te-lleva-al-liceu\\\/#breadcrumb\",\"itemListElement\":[{\"@type\":\"ListItem\",\"position\":1,\"name\":\"Home\",\"item\":\"https:\\\/\\\/www.cruillabarcelona.cat\\\/es\\\/\"},{\"@type\":\"ListItem\",\"position\":2,\"name\":\"\u00a1El Cru\u00eflla te lleva al Liceu!\"}]},{\"@type\":\"WebSite\",\"@id\":\"https:\\\/\\\/www.cruillabarcelona.cat\\\/es\\\/#website\",\"url\":\"https:\\\/\\\/www.cruillabarcelona.cat\\\/es\\\/\",\"name\":\"Festival Cru\u00eflla\",\"description\":\"\",\"publisher\":{\"@id\":\"https:\\\/\\\/www.cruillabarcelona.cat\\\/es\\\/#organization\"},\"potentialAction\":[{\"@type\":\"SearchAction\",\"target\":{\"@type\":\"EntryPoint\",\"urlTemplate\":\"https:\\\/\\\/www.cruillabarcelona.cat\\\/es\\\/?s={search_term_string}\"},\"query-input\":{\"@type\":\"PropertyValueSpecification\",\"valueRequired\":true,\"valueName\":\"search_term_string\"}}],\"inLanguage\":\"es\"},{\"@type\":\"Organization\",\"@id\":\"https:\\\/\\\/www.cruillabarcelona.cat\\\/es\\\/#organization\",\"name\":\"Festival Cru\u00eflla\",\"url\":\"https:\\\/\\\/www.cruillabarcelona.cat\\\/es\\\/\",\"logo\":{\"@type\":\"ImageObject\",\"inLanguage\":\"es\",\"@id\":\"https:\\\/\\\/www.cruillabarcelona.cat\\\/es\\\/#\\\/schema\\\/logo\\\/image\\\/\",\"url\":\"https:\\\/\\\/www.cruillabarcelona.cat\\\/wp-content\\\/uploads\\\/2025\\\/12\\\/cruill-logo-negativo.png\",\"contentUrl\":\"https:\\\/\\\/www.cruillabarcelona.cat\\\/wp-content\\\/uploads\\\/2025\\\/12\\\/cruill-logo-negativo.png\",\"width\":400,\"height\":101,\"caption\":\"Festival Cru\u00eflla\"},\"image\":{\"@id\":\"https:\\\/\\\/www.cruillabarcelona.cat\\\/es\\\/#\\\/schema\\\/logo\\\/image\\\/\"}}]}<\/script>\n<!-- \/ Yoast SEO plugin. -->","yoast_head_json":{"title":"\u00a1El Cru\u00eflla te lleva al Liceu! - Festival Cru\u00eflla","robots":{"index":"index","follow":"follow","max-snippet":"max-snippet:-1","max-image-preview":"max-image-preview:large","max-video-preview":"max-video-preview:-1"},"canonical":"https:\/\/www.cruillabarcelona.cat\/es\/el-cruilla-te-lleva-al-liceu\/","og_locale":"es_ES","og_type":"article","og_title":"\u00a1El Cru\u00eflla te lleva al Liceu! - Festival Cru\u00eflla","og_description":"\u00a1Ahorra hasta 80\u20ac en tu entrada del Liceu! Si tienes una entrada o abono del Festival Cru\u00eflla, \u00a1puedes ir al Gran Teatre del Liceu con un [&hellip;]","og_url":"https:\/\/www.cruillabarcelona.cat\/es\/el-cruilla-te-lleva-al-liceu\/","og_site_name":"Festival Cru\u00eflla","article_modified_time":"2018-06-06T09:24:48+00:00","og_image":[{"width":960,"height":601,"url":"https:\/\/www.cruillabarcelona.cat\/wp-content\/uploads\/2018\/06\/header-Liceu.jpg","type":"image\/jpeg"}],"twitter_card":"summary_large_image","twitter_misc":{"Tiempo de lectura":"1 minuto"},"schema":{"@context":"https:\/\/schema.org","@graph":[{"@type":"WebPage","@id":"https:\/\/www.cruillabarcelona.cat\/es\/el-cruilla-te-lleva-al-liceu\/","url":"https:\/\/www.cruillabarcelona.cat\/es\/el-cruilla-te-lleva-al-liceu\/","name":"\u00a1El Cru\u00eflla te lleva al Liceu! - Festival Cru\u00eflla","isPartOf":{"@id":"https:\/\/www.cruillabarcelona.cat\/es\/#website"},"primaryImageOfPage":{"@id":"https:\/\/www.cruillabarcelona.cat\/es\/el-cruilla-te-lleva-al-liceu\/#primaryimage"},"image":{"@id":"https:\/\/www.cruillabarcelona.cat\/es\/el-cruilla-te-lleva-al-liceu\/#primaryimage"},"thumbnailUrl":"https:\/\/www.cruillabarcelona.cat\/wp-content\/uploads\/2018\/06\/header-Liceu.jpg","datePublished":"2018-06-01T15:18:56+00:00","dateModified":"2018-06-06T09:24:48+00:00","breadcrumb":{"@id":"https:\/\/www.cruillabarcelona.cat\/es\/el-cruilla-te-lleva-al-liceu\/#breadcrumb"},"inLanguage":"es","potentialAction":[{"@type":"ReadAction","target":["https:\/\/www.cruillabarcelona.cat\/es\/el-cruilla-te-lleva-al-liceu\/"]}]},{"@type":"ImageObject","inLanguage":"es","@id":"https:\/\/www.cruillabarcelona.cat\/es\/el-cruilla-te-lleva-al-liceu\/#primaryimage","url":"https:\/\/www.cruillabarcelona.cat\/wp-content\/uploads\/2018\/06\/header-Liceu.jpg","contentUrl":"https:\/\/www.cruillabarcelona.cat\/wp-content\/uploads\/2018\/06\/header-Liceu.jpg","width":960,"height":601},{"@type":"BreadcrumbList","@id":"https:\/\/www.cruillabarcelona.cat\/es\/el-cruilla-te-lleva-al-liceu\/#breadcrumb","itemListElement":[{"@type":"ListItem","position":1,"name":"Home","item":"https:\/\/www.cruillabarcelona.cat\/es\/"},{"@type":"ListItem","position":2,"name":"\u00a1El Cru\u00eflla te lleva al Liceu!"}]},{"@type":"WebSite","@id":"https:\/\/www.cruillabarcelona.cat\/es\/#website","url":"https:\/\/www.cruillabarcelona.cat\/es\/","name":"Festival Cru\u00eflla","description":"","publisher":{"@id":"https:\/\/www.cruillabarcelona.cat\/es\/#organization"},"potentialAction":[{"@type":"SearchAction","target":{"@type":"EntryPoint","urlTemplate":"https:\/\/www.cruillabarcelona.cat\/es\/?s={search_term_string}"},"query-input":{"@type":"PropertyValueSpecification","valueRequired":true,"valueName":"search_term_string"}}],"inLanguage":"es"},{"@type":"Organization","@id":"https:\/\/www.cruillabarcelona.cat\/es\/#organization","name":"Festival Cru\u00eflla","url":"https:\/\/www.cruillabarcelona.cat\/es\/","logo":{"@type":"ImageObject","inLanguage":"es","@id":"https:\/\/www.cruillabarcelona.cat\/es\/#\/schema\/logo\/image\/","url":"https:\/\/www.cruillabarcelona.cat\/wp-content\/uploads\/2025\/12\/cruill-logo-negativo.png","contentUrl":"https:\/\/www.cruillabarcelona.cat\/wp-content\/uploads\/2025\/12\/cruill-logo-negativo.png","width":400,"height":101,"caption":"Festival Cru\u00eflla"},"image":{"@id":"https:\/\/www.cruillabarcelona.cat\/es\/#\/schema\/logo\/image\/"}}]}},"_links":{"self":[{"href":"https:\/\/www.cruillabarcelona.cat\/es\/wp-json\/wp\/v2\/pages\/13073","targetHints":{"allow":["GET"]}}],"collection":[{"href":"https:\/\/www.cruillabarcelona.cat\/es\/wp-json\/wp\/v2\/pages"}],"about":[{"href":"https:\/\/www.cruillabarcelona.cat\/es\/wp-json\/wp\/v2\/types\/page"}],"author":[{"embeddable":true,"href":"https:\/\/www.cruillabarcelona.cat\/es\/wp-json\/wp\/v2\/users\/2"}],"replies":[{"embeddable":true,"href":"https:\/\/www.cruillabarcelona.cat\/es\/wp-json\/wp\/v2\/comments?post=13073"}],"version-history":[{"count":0,"href":"https:\/\/www.cruillabarcelona.cat\/es\/wp-json\/wp\/v2\/pages\/13073\/revisions"}],"wp:featuredmedia":[{"embeddable":true,"href":"https:\/\/www.cruillabarcelona.cat\/es\/wp-json\/wp\/v2\/media\/13047"}],"wp:attachment":[{"href":"https:\/\/www.cruillabarcelona.cat\/es\/wp-json\/wp\/v2\/media?parent=13073"}],"curies":[{"name":"wp","href":"https:\/\/api.w.org\/{rel}","templated":true}]}}