{"id":13726,"date":"2018-06-06T10:27:00","date_gmt":"2018-06-06T08:27:00","guid":{"rendered":"https:\/\/www.cruillabarcelona.cat\/?page_id=13726"},"modified":"2018-07-05T18:35:59","modified_gmt":"2018-07-05T16:35:59","slug":"got-bio","status":"publish","type":"page","link":"https:\/\/www.cruillabarcelona.cat\/es\/got-bio\/","title":{"rendered":"Parece pl\u00e1stico pero no lo es, llega el bio-vaso!"},"content":{"rendered":"<h1>El primer festival de gran formato con vasos 100% biodegradables<\/h1>\n<p style=\"text-align: justify;\">Los <strong>residuos<\/strong> son un problema de todos los festivales, sobre todo los residuos pl\u00e1sticos y especialmente los que tienen que ver con la cantidad de vasos de pl\u00e1stico que se utilizan.<\/p>\n<p style=\"text-align: justify;\">Hemos querido reducir el impacto medioambiental de nuestro festival, por eso nos enorgullece anunciar que <strong>todos los vasos que encontrar\u00e1s en el Cru\u00eflla ser\u00e1n 100% biodegradables.<\/strong><\/p>\n<p style=\"text-align: justify;\">El bio-vaso, un proyecto <strong>desarrollado por Estrella Damm<\/strong>, es un recipiente que aparenta ser un vaso tradicional: <strong>parece pl\u00e1stico a la vista y se dobla como el pl\u00e1stico, \u00a1pero no lo es!<\/strong><\/p>\n<p style=\"text-align: justify;\">Est\u00e1 fabricado con \u00e1cido polil\u00e1ctico, un material que se obtiene a partir de\u00a0<strong>materias primas vegetales<\/strong>. Nuestro vaso estar\u00e1 hecho, entre otros materiales, de\u00a0<strong>trigo<\/strong>, por eso podr\u00e1s tirar el vaso al <strong>contenedor de desechos org\u00e1nicos<\/strong> despu\u00e9s de utilizarlo.<\/p>\n<p style=\"text-align: justify;\">Si tienes alergia al trigo o a cualquier otro componente, \u00a1no te preocupes! Los materiales del bio-vaso se someten a temperaturas muy altas y esto hace que <strong>no genere ninguna reacci\u00f3n al\u00e9rgica<\/strong>.<\/p>\n<p><strong>Los bio-vasos volver\u00e1n a la tierra<\/strong> despu\u00e9s de un proceso de compostaje industrial, por eso necesitamos que colabores dej\u00e1ndolos en el contenedor adecuado.<\/p>\n<p style=\"text-align: justify;\">Con esta propuesta, convertimos el Cru\u00eflla en el <strong>primer festival de gran formato<\/strong> en Espa\u00f1a y uno de los primeros festivales del mundo en utilizar vasos 100% biodegradables.<\/p>\n<p style=\"text-align: center;\">Con cada bebida ayudas al medio ambiente \ud83d\ude42<\/p>\n<p><img loading=\"lazy\" decoding=\"async\" class=\"wp-image-13722 aligncenter\" src=\"https:\/\/www.cruillabarcelona.cat\/wp-content\/uploads\/2018\/06\/gots-bio-1-800x500.jpg\" alt=\"\" width=\"549\" height=\"292\" \/><\/p>\n","protected":false},"excerpt":{"rendered":"<p>El primer festival de gran formato con vasos 100% biodegradables Los residuos son un problema de todos los festivales, sobre todo los residuos pl\u00e1sticos y especialmente [&hellip;]<\/p>\n","protected":false},"author":7,"featured_media":16413,"parent":0,"menu_order":0,"comment_status":"closed","ping_status":"closed","template":"page-templates\/page-landing.php","meta":{"_acf_changed":false,"footnotes":""},"class_list":["post-13726","page","type-page","status-publish","has-post-thumbnail","hentry"],"acf":[],"yoast_head":"<!-- This site is optimized with the Yoast SEO plugin v27.3 - https:\/\/yoast.com\/product\/yoast-seo-wordpress\/ -->\n<title>Cru\u00eflla, el festival con vasos 100% biodegradables. \u00a1Llega el bio-vaso!<\/title>\n<meta name=\"description\" content=\"El bio-vaso, que hemos desarrollado en colaboraci\u00f3n con Estrella Damm, es un recipiente que aparenta ser un vaso tradicional: parece pl\u00e1stico a la vista y se dobla como el pl\u00e1stico, \u00a1pero no lo es! Est\u00e1 compuesto de ma\u00edz. El Cru\u00eflla se convierte en el primer festival del estado en utilizarlo.\" \/>\n<meta name=\"robots\" content=\"index, follow, max-snippet:-1, max-image-preview:large, max-video-preview:-1\" \/>\n<link rel=\"canonical\" href=\"https:\/\/www.cruillabarcelona.cat\/es\/got-bio\/\" \/>\n<meta property=\"og:locale\" content=\"es_ES\" \/>\n<meta property=\"og:type\" content=\"article\" \/>\n<meta property=\"og:title\" content=\"Cru\u00eflla, el festival con vasos 100% biodegradables. \u00a1Llega el bio-vaso!\" \/>\n<meta property=\"og:description\" content=\"El bio-vaso, que hemos desarrollado en colaboraci\u00f3n con Estrella Damm, es un recipiente que aparenta ser un vaso tradicional: parece pl\u00e1stico a la vista y se dobla como el pl\u00e1stico, \u00a1pero no lo es! Est\u00e1 compuesto de ma\u00edz. El Cru\u00eflla se convierte en el primer festival del estado en utilizarlo.\" \/>\n<meta property=\"og:url\" content=\"https:\/\/www.cruillabarcelona.cat\/es\/got-bio\/\" \/>\n<meta property=\"og:site_name\" content=\"Festival Cru\u00eflla\" \/>\n<meta property=\"article:modified_time\" content=\"2018-07-05T16:35:59+00:00\" \/>\n<meta property=\"og:image\" content=\"https:\/\/www.cruillabarcelona.cat\/wp-content\/uploads\/2018\/06\/got_bio_landing_1500x500_low.jpg\" \/>\n\t<meta property=\"og:image:width\" content=\"1500\" \/>\n\t<meta property=\"og:image:height\" content=\"500\" \/>\n\t<meta property=\"og:image:type\" content=\"image\/jpeg\" \/>\n<meta name=\"twitter:card\" content=\"summary_large_image\" \/>\n<meta name=\"twitter:label1\" content=\"Tiempo de lectura\" \/>\n\t<meta name=\"twitter:data1\" content=\"1 minuto\" \/>\n<script type=\"application\/ld+json\" class=\"yoast-schema-graph\">{\"@context\":\"https:\\\/\\\/schema.org\",\"@graph\":[{\"@type\":\"WebPage\",\"@id\":\"https:\\\/\\\/www.cruillabarcelona.cat\\\/es\\\/got-bio\\\/\",\"url\":\"https:\\\/\\\/www.cruillabarcelona.cat\\\/es\\\/got-bio\\\/\",\"name\":\"Cru\u00eflla, el festival con vasos 100% biodegradables. \u00a1Llega el bio-vaso!\",\"isPartOf\":{\"@id\":\"https:\\\/\\\/www.cruillabarcelona.cat\\\/es\\\/#website\"},\"primaryImageOfPage\":{\"@id\":\"https:\\\/\\\/www.cruillabarcelona.cat\\\/es\\\/got-bio\\\/#primaryimage\"},\"image\":{\"@id\":\"https:\\\/\\\/www.cruillabarcelona.cat\\\/es\\\/got-bio\\\/#primaryimage\"},\"thumbnailUrl\":\"https:\\\/\\\/www.cruillabarcelona.cat\\\/wp-content\\\/uploads\\\/2018\\\/06\\\/got_bio_landing_1500x500_low.jpg\",\"datePublished\":\"2018-06-06T08:27:00+00:00\",\"dateModified\":\"2018-07-05T16:35:59+00:00\",\"description\":\"El bio-vaso, que hemos desarrollado en colaboraci\u00f3n con Estrella Damm, es un recipiente que aparenta ser un vaso tradicional: parece pl\u00e1stico a la vista y se dobla como el pl\u00e1stico, \u00a1pero no lo es! Est\u00e1 compuesto de ma\u00edz. El Cru\u00eflla se convierte en el primer festival del estado en utilizarlo.\",\"breadcrumb\":{\"@id\":\"https:\\\/\\\/www.cruillabarcelona.cat\\\/es\\\/got-bio\\\/#breadcrumb\"},\"inLanguage\":\"es\",\"potentialAction\":[{\"@type\":\"ReadAction\",\"target\":[\"https:\\\/\\\/www.cruillabarcelona.cat\\\/es\\\/got-bio\\\/\"]}]},{\"@type\":\"ImageObject\",\"inLanguage\":\"es\",\"@id\":\"https:\\\/\\\/www.cruillabarcelona.cat\\\/es\\\/got-bio\\\/#primaryimage\",\"url\":\"https:\\\/\\\/www.cruillabarcelona.cat\\\/wp-content\\\/uploads\\\/2018\\\/06\\\/got_bio_landing_1500x500_low.jpg\",\"contentUrl\":\"https:\\\/\\\/www.cruillabarcelona.cat\\\/wp-content\\\/uploads\\\/2018\\\/06\\\/got_bio_landing_1500x500_low.jpg\",\"width\":1500,\"height\":500,\"caption\":\"Got_biodegradable_1500x500_low\"},{\"@type\":\"BreadcrumbList\",\"@id\":\"https:\\\/\\\/www.cruillabarcelona.cat\\\/es\\\/got-bio\\\/#breadcrumb\",\"itemListElement\":[{\"@type\":\"ListItem\",\"position\":1,\"name\":\"Home\",\"item\":\"https:\\\/\\\/www.cruillabarcelona.cat\\\/es\\\/\"},{\"@type\":\"ListItem\",\"position\":2,\"name\":\"Parece pl\u00e1stico pero no lo es, llega el bio-vaso!\"}]},{\"@type\":\"WebSite\",\"@id\":\"https:\\\/\\\/www.cruillabarcelona.cat\\\/es\\\/#website\",\"url\":\"https:\\\/\\\/www.cruillabarcelona.cat\\\/es\\\/\",\"name\":\"Festival Cru\u00eflla\",\"description\":\"\",\"publisher\":{\"@id\":\"https:\\\/\\\/www.cruillabarcelona.cat\\\/es\\\/#organization\"},\"potentialAction\":[{\"@type\":\"SearchAction\",\"target\":{\"@type\":\"EntryPoint\",\"urlTemplate\":\"https:\\\/\\\/www.cruillabarcelona.cat\\\/es\\\/?s={search_term_string}\"},\"query-input\":{\"@type\":\"PropertyValueSpecification\",\"valueRequired\":true,\"valueName\":\"search_term_string\"}}],\"inLanguage\":\"es\"},{\"@type\":\"Organization\",\"@id\":\"https:\\\/\\\/www.cruillabarcelona.cat\\\/es\\\/#organization\",\"name\":\"Festival Cru\u00eflla\",\"url\":\"https:\\\/\\\/www.cruillabarcelona.cat\\\/es\\\/\",\"logo\":{\"@type\":\"ImageObject\",\"inLanguage\":\"es\",\"@id\":\"https:\\\/\\\/www.cruillabarcelona.cat\\\/es\\\/#\\\/schema\\\/logo\\\/image\\\/\",\"url\":\"https:\\\/\\\/www.cruillabarcelona.cat\\\/wp-content\\\/uploads\\\/2025\\\/12\\\/cruill-logo-negativo.png\",\"contentUrl\":\"https:\\\/\\\/www.cruillabarcelona.cat\\\/wp-content\\\/uploads\\\/2025\\\/12\\\/cruill-logo-negativo.png\",\"width\":400,\"height\":101,\"caption\":\"Festival Cru\u00eflla\"},\"image\":{\"@id\":\"https:\\\/\\\/www.cruillabarcelona.cat\\\/es\\\/#\\\/schema\\\/logo\\\/image\\\/\"}}]}<\/script>\n<!-- \/ Yoast SEO plugin. -->","yoast_head_json":{"title":"Cru\u00eflla, el festival con vasos 100% biodegradables. \u00a1Llega el bio-vaso!","description":"El bio-vaso, que hemos desarrollado en colaboraci\u00f3n con Estrella Damm, es un recipiente que aparenta ser un vaso tradicional: parece pl\u00e1stico a la vista y se dobla como el pl\u00e1stico, \u00a1pero no lo es! Est\u00e1 compuesto de ma\u00edz. El Cru\u00eflla se convierte en el primer festival del estado en utilizarlo.","robots":{"index":"index","follow":"follow","max-snippet":"max-snippet:-1","max-image-preview":"max-image-preview:large","max-video-preview":"max-video-preview:-1"},"canonical":"https:\/\/www.cruillabarcelona.cat\/es\/got-bio\/","og_locale":"es_ES","og_type":"article","og_title":"Cru\u00eflla, el festival con vasos 100% biodegradables. \u00a1Llega el bio-vaso!","og_description":"El bio-vaso, que hemos desarrollado en colaboraci\u00f3n con Estrella Damm, es un recipiente que aparenta ser un vaso tradicional: parece pl\u00e1stico a la vista y se dobla como el pl\u00e1stico, \u00a1pero no lo es! Est\u00e1 compuesto de ma\u00edz. El Cru\u00eflla se convierte en el primer festival del estado en utilizarlo.","og_url":"https:\/\/www.cruillabarcelona.cat\/es\/got-bio\/","og_site_name":"Festival Cru\u00eflla","article_modified_time":"2018-07-05T16:35:59+00:00","og_image":[{"width":1500,"height":500,"url":"https:\/\/www.cruillabarcelona.cat\/wp-content\/uploads\/2018\/06\/got_bio_landing_1500x500_low.jpg","type":"image\/jpeg"}],"twitter_card":"summary_large_image","twitter_misc":{"Tiempo de lectura":"1 minuto"},"schema":{"@context":"https:\/\/schema.org","@graph":[{"@type":"WebPage","@id":"https:\/\/www.cruillabarcelona.cat\/es\/got-bio\/","url":"https:\/\/www.cruillabarcelona.cat\/es\/got-bio\/","name":"Cru\u00eflla, el festival con vasos 100% biodegradables. \u00a1Llega el bio-vaso!","isPartOf":{"@id":"https:\/\/www.cruillabarcelona.cat\/es\/#website"},"primaryImageOfPage":{"@id":"https:\/\/www.cruillabarcelona.cat\/es\/got-bio\/#primaryimage"},"image":{"@id":"https:\/\/www.cruillabarcelona.cat\/es\/got-bio\/#primaryimage"},"thumbnailUrl":"https:\/\/www.cruillabarcelona.cat\/wp-content\/uploads\/2018\/06\/got_bio_landing_1500x500_low.jpg","datePublished":"2018-06-06T08:27:00+00:00","dateModified":"2018-07-05T16:35:59+00:00","description":"El bio-vaso, que hemos desarrollado en colaboraci\u00f3n con Estrella Damm, es un recipiente que aparenta ser un vaso tradicional: parece pl\u00e1stico a la vista y se dobla como el pl\u00e1stico, \u00a1pero no lo es! Est\u00e1 compuesto de ma\u00edz. El Cru\u00eflla se convierte en el primer festival del estado en utilizarlo.","breadcrumb":{"@id":"https:\/\/www.cruillabarcelona.cat\/es\/got-bio\/#breadcrumb"},"inLanguage":"es","potentialAction":[{"@type":"ReadAction","target":["https:\/\/www.cruillabarcelona.cat\/es\/got-bio\/"]}]},{"@type":"ImageObject","inLanguage":"es","@id":"https:\/\/www.cruillabarcelona.cat\/es\/got-bio\/#primaryimage","url":"https:\/\/www.cruillabarcelona.cat\/wp-content\/uploads\/2018\/06\/got_bio_landing_1500x500_low.jpg","contentUrl":"https:\/\/www.cruillabarcelona.cat\/wp-content\/uploads\/2018\/06\/got_bio_landing_1500x500_low.jpg","width":1500,"height":500,"caption":"Got_biodegradable_1500x500_low"},{"@type":"BreadcrumbList","@id":"https:\/\/www.cruillabarcelona.cat\/es\/got-bio\/#breadcrumb","itemListElement":[{"@type":"ListItem","position":1,"name":"Home","item":"https:\/\/www.cruillabarcelona.cat\/es\/"},{"@type":"ListItem","position":2,"name":"Parece pl\u00e1stico pero no lo es, llega el bio-vaso!"}]},{"@type":"WebSite","@id":"https:\/\/www.cruillabarcelona.cat\/es\/#website","url":"https:\/\/www.cruillabarcelona.cat\/es\/","name":"Festival Cru\u00eflla","description":"","publisher":{"@id":"https:\/\/www.cruillabarcelona.cat\/es\/#organization"},"potentialAction":[{"@type":"SearchAction","target":{"@type":"EntryPoint","urlTemplate":"https:\/\/www.cruillabarcelona.cat\/es\/?s={search_term_string}"},"query-input":{"@type":"PropertyValueSpecification","valueRequired":true,"valueName":"search_term_string"}}],"inLanguage":"es"},{"@type":"Organization","@id":"https:\/\/www.cruillabarcelona.cat\/es\/#organization","name":"Festival Cru\u00eflla","url":"https:\/\/www.cruillabarcelona.cat\/es\/","logo":{"@type":"ImageObject","inLanguage":"es","@id":"https:\/\/www.cruillabarcelona.cat\/es\/#\/schema\/logo\/image\/","url":"https:\/\/www.cruillabarcelona.cat\/wp-content\/uploads\/2025\/12\/cruill-logo-negativo.png","contentUrl":"https:\/\/www.cruillabarcelona.cat\/wp-content\/uploads\/2025\/12\/cruill-logo-negativo.png","width":400,"height":101,"caption":"Festival Cru\u00eflla"},"image":{"@id":"https:\/\/www.cruillabarcelona.cat\/es\/#\/schema\/logo\/image\/"}}]}},"_links":{"self":[{"href":"https:\/\/www.cruillabarcelona.cat\/es\/wp-json\/wp\/v2\/pages\/13726","targetHints":{"allow":["GET"]}}],"collection":[{"href":"https:\/\/www.cruillabarcelona.cat\/es\/wp-json\/wp\/v2\/pages"}],"about":[{"href":"https:\/\/www.cruillabarcelona.cat\/es\/wp-json\/wp\/v2\/types\/page"}],"author":[{"embeddable":true,"href":"https:\/\/www.cruillabarcelona.cat\/es\/wp-json\/wp\/v2\/users\/7"}],"replies":[{"embeddable":true,"href":"https:\/\/www.cruillabarcelona.cat\/es\/wp-json\/wp\/v2\/comments?post=13726"}],"version-history":[{"count":0,"href":"https:\/\/www.cruillabarcelona.cat\/es\/wp-json\/wp\/v2\/pages\/13726\/revisions"}],"wp:featuredmedia":[{"embeddable":true,"href":"https:\/\/www.cruillabarcelona.cat\/es\/wp-json\/wp\/v2\/media\/16413"}],"wp:attachment":[{"href":"https:\/\/www.cruillabarcelona.cat\/es\/wp-json\/wp\/v2\/media?parent=13726"}],"curies":[{"name":"wp","href":"https:\/\/api.w.org\/{rel}","templated":true}]}}