{"id":13831,"date":"2018-06-06T10:36:34","date_gmt":"2018-06-06T08:36:34","guid":{"rendered":"https:\/\/www.cruillabarcelona.cat\/?page_id=13831"},"modified":"2018-06-28T10:31:33","modified_gmt":"2018-06-28T08:31:33","slug":"cruilla-es-arte","status":"publish","type":"page","link":"https:\/\/www.cruillabarcelona.cat\/es\/cruilla-es-arte\/","title":{"rendered":"Cru\u00eflla es arte"},"content":{"rendered":"<h1 style=\"text-align: center;\">Llenamos el festival de arte<\/h1>\n<p>Una de las partes m\u00e1s importantes del Festival Cru\u00eflla es <strong>todo el arte que se crea fuera de los escenarios.<\/strong><\/p>\n<p>Artistas pl\u00e1sticos y esc\u00e9nicos se persegu\u00edran por el Parque del F\u00f3rum como enamorados. Y t\u00fa los pillar\u00e1s haciendo el amor de la \u00fanica manera que conocen: <strong>danza, teatro, pintura, performance<\/strong> &#8230;<\/p>\n<p>A continuaci\u00f3n conocer\u00e1s las principales propuestas art\u00edsticas del Cru\u00eflla 2018.<\/p>\n<h2 style=\"text-align: center;\">Escenario Estrella Damm<\/h2>\n<p>Un a\u00f1o m\u00e1s, el escenario Estrella Damm construido por Llu\u00eds Dan\u00e9s es uno de los principales protagonistas.<\/p>\n<p>Se trata de una construcci\u00f3n de dimensiones colosales que acoger\u00e1 los principales conciertos del festival bajo la<strong> tem\u00e1tica del fondo marino<\/strong>. Caballitos de mar de 12 metros con faros como ojos y un ej\u00e9rcito de medusas decoran la fachada del <strong>escenario m\u00e1s grande que jam\u00e1s ha fabricado Llu\u00eds Dan\u00e9s<\/strong>. Con una altura equivalente a un edificio de 5 plantas, \u00e9l mismo lo ha bautizado como \u00ab<strong>La catedral del mar<\/strong>\u00ab.<\/p>\n<p><img loading=\"lazy\" decoding=\"async\" width=\"600\" height=\"300\" class=\"aligncenter size-full wp-image-13973 aligncenter\" src=\"https:\/\/www.cruillabarcelona.cat\/wp-content\/uploads\/2018\/06\/Escenari_lluis_danes.jpg\" alt=\"Escenari_lluis_danes\" srcset=\"https:\/\/www.cruillabarcelona.cat\/wp-content\/uploads\/2018\/06\/Escenari_lluis_danes.jpg 600w, https:\/\/www.cruillabarcelona.cat\/wp-content\/uploads\/2018\/06\/Escenari_lluis_danes-300x150.jpg 300w\" sizes=\"auto, (max-width: 600px) 100vw, 600px\" \/><\/p>\n<hr \/>\n<h2 style=\"text-align: center;\">Artes esc\u00e9nicas<\/h2>\n<p>La m\u00edtica compa\u00f1\u00eda <strong>La Fura dels Baus<\/strong> presentar\u00e1 su espect\u00e1culo <em>Dreams<\/em> en el Cru\u00eflla. Es una gran performance a\u00e9rea l\u00fadico-terap\u00e9utica que conecta las personas con necesidades especiales y sus terapeutas, escenificando un gran v\u00ednculo emocional. Puedes leer m\u00e1s sobre La Fura <a href=\"https:\/\/www.cruillabarcelona.cat\/es\/artists\/la-fura-dels-baus\/\" target=\"_blank\" rel=\"noopener\">AQU\u00cd<\/a>.<\/p>\n<p>En el Cru\u00eflla tambi\u00e9n viviremos la gran fiesta de las brujas que tradicionalmente se celebra en la capital de la Segarra: el <strong>Aquelarre de Cervera<\/strong>. Una gran fiesta de la cultura popular con p\u00f3lvora, correfocs y m\u00fasica. Puedes leer m\u00e1s sobre Aquelarre de Cervera <a href=\"https:\/\/www.cruillabarcelona.cat\/es\/artists\/aquelarre-de-cervera\/\" target=\"_blank\" rel=\"noopener\">AQU\u00cd<\/a>.<\/p>\n<p>Adem\u00e1s, mientras paseas por el Cru\u00eflla encontrar\u00e1s espect\u00e1culos de <strong>danza, danza a\u00e9rea y teatro<\/strong> coordinados por White Summer.<\/p>\n<p><img loading=\"lazy\" decoding=\"async\" class=\"wp-image-8466 aligncenter\" src=\"https:\/\/www.cruillabarcelona.cat\/wp-content\/uploads\/2018\/02\/FURA-web-800x528.jpg\" alt=\"La Fura dels Baus\" width=\"602\" height=\"397\" \/><\/p>\n<h2 style=\"text-align: center;\">Pintamos a los cabezas de cartel<\/h2>\n<p>Durante el festival, un grupo de <strong>artistas urbanos<\/strong> pintar\u00e1n retratos de las cabezas de cartel. Lo har\u00e1n con diferentes t\u00e9cnicas urbanas, como el <em>graffiti<\/em>, sobre grandes bastidores de tela.<\/p>\n<p>A medida que avance el Cru\u00eflla, podr\u00e1s ver como progresan los retratos de <strong>Jack White, David Byrne, Pharrell Williams<\/strong>&#8230; Si quieres conocer los artistas que se encargar\u00e1n de pintarlos, clica <a href=\"https:\/\/www.cruillabarcelona.cat\/es\/blog\/artistas-urbanos-cruilla-2018\/\" target=\"_blank\" rel=\"noopener\">AQU\u00cd<\/a>!<\/p>\n<p><img loading=\"lazy\" decoding=\"async\" class=\"wp-image-13638 aligncenter\" src=\"https:\/\/www.cruillabarcelona.cat\/wp-content\/uploads\/2018\/06\/D0A1056-e1528210602619-800x528.jpg\" alt=\"\" width=\"601\" height=\"402\" \/><\/p>\n<h2 style=\"text-align: center;\">Cru\u00eflla te lleva al Liceu<\/h2>\n<p>Hemos iniciado una colaboraci\u00f3n con el Gran Teatro del Liceu porque queremos que diferentes propuestas art\u00edsticas se den la mano y queremos <strong>acercar el mundo de la \u00f3pera a nuestro p\u00fablico<\/strong>.<\/p>\n<p>Si has comprado una entrada o abono del Cru\u00eflla puedes ver la \u00f3pera <em>La Favorite<\/em> por un <strong>precio \u00fanico de 50 \u20ac<\/strong>. Esto quiere decir que te <strong>podr\u00e1s ahorrar hasta 80\u20ac<\/strong> en tu entrada.<\/p>\n<p style=\"text-align: center;\"><a href=\"https:\/\/www.cruillabarcelona.cat\/es\/el-cruilla-et-porta-al-liceu\/\" target=\"_blank\" rel=\"noopener\">AQU\u00cd<\/a> te explicamos c\u00f3mo hacerlo.<\/p>\n<p><a href=\"https:\/\/www.cruillabarcelona.cat\/el-cruilla-et-porta-al-liceu\/\" target=\"_blank\" rel=\"noopener\"><img loading=\"lazy\" decoding=\"async\" class=\" wp-image-13045 aligncenter\" src=\"https:\/\/www.cruillabarcelona.cat\/wp-content\/uploads\/2018\/06\/header-Liceu-800x528.jpg\" alt=\"\" width=\"600\" height=\"396\" \/><\/a><\/p>\n","protected":false},"excerpt":{"rendered":"<p>Llenamos el festival de arte Una de las partes m\u00e1s importantes del Festival Cru\u00eflla es todo el arte que se crea fuera de los escenarios. Artistas [&hellip;]<\/p>\n","protected":false},"author":7,"featured_media":16074,"parent":0,"menu_order":0,"comment_status":"closed","ping_status":"closed","template":"page-templates\/page-landing.php","meta":{"_acf_changed":false,"footnotes":""},"class_list":["post-13831","page","type-page","status-publish","has-post-thumbnail","hentry"],"acf":[],"yoast_head":"<!-- This site is optimized with the Yoast SEO plugin v27.3 - https:\/\/yoast.com\/product\/yoast-seo-wordpress\/ -->\n<title>El Festival Cru\u00eflla 2018 es arte: danza, teatro, pintura, performance<\/title>\n<meta name=\"description\" content=\"El Festival Cru\u00eflla 2018 es mucho m\u00e1s que m\u00fasica, el Cru\u00eflla es arte. Este verano, durante los d\u00edas del festival, disfrutar\u00e1s de muestras art\u00edsticas tales como la escenograf\u00eda del escenario principal, performances en el recinto, espect\u00e1culos de danza, teatro, graffiti y arte urbano.\" \/>\n<meta name=\"robots\" content=\"index, follow, max-snippet:-1, max-image-preview:large, max-video-preview:-1\" \/>\n<link rel=\"canonical\" href=\"https:\/\/www.cruillabarcelona.cat\/es\/cruilla-es-arte\/\" \/>\n<meta property=\"og:locale\" content=\"es_ES\" \/>\n<meta property=\"og:type\" content=\"article\" \/>\n<meta property=\"og:title\" content=\"El Festival Cru\u00eflla 2018 es arte: danza, teatro, pintura, performance\" \/>\n<meta property=\"og:description\" content=\"El Festival Cru\u00eflla 2018 es mucho m\u00e1s que m\u00fasica, el Cru\u00eflla es arte. Este verano, durante los d\u00edas del festival, disfrutar\u00e1s de muestras art\u00edsticas tales como la escenograf\u00eda del escenario principal, performances en el recinto, espect\u00e1culos de danza, teatro, graffiti y arte urbano.\" \/>\n<meta property=\"og:url\" content=\"https:\/\/www.cruillabarcelona.cat\/es\/cruilla-es-arte\/\" \/>\n<meta property=\"og:site_name\" content=\"Festival Cru\u00eflla\" \/>\n<meta property=\"article:modified_time\" content=\"2018-06-28T08:31:33+00:00\" \/>\n<meta property=\"og:image\" content=\"https:\/\/www.cruillabarcelona.cat\/wp-content\/uploads\/2018\/06\/La_Fura_Langing_low.jpg\" \/>\n\t<meta property=\"og:image:width\" content=\"1500\" \/>\n\t<meta property=\"og:image:height\" content=\"500\" \/>\n\t<meta property=\"og:image:type\" content=\"image\/jpeg\" \/>\n<meta name=\"twitter:card\" content=\"summary_large_image\" \/>\n<meta name=\"twitter:label1\" content=\"Tiempo de lectura\" \/>\n\t<meta name=\"twitter:data1\" content=\"2 minutos\" \/>\n<script type=\"application\/ld+json\" class=\"yoast-schema-graph\">{\"@context\":\"https:\\\/\\\/schema.org\",\"@graph\":[{\"@type\":\"WebPage\",\"@id\":\"https:\\\/\\\/www.cruillabarcelona.cat\\\/es\\\/cruilla-es-arte\\\/\",\"url\":\"https:\\\/\\\/www.cruillabarcelona.cat\\\/es\\\/cruilla-es-arte\\\/\",\"name\":\"El Festival Cru\u00eflla 2018 es arte: danza, teatro, pintura, performance\",\"isPartOf\":{\"@id\":\"https:\\\/\\\/www.cruillabarcelona.cat\\\/es\\\/#website\"},\"primaryImageOfPage\":{\"@id\":\"https:\\\/\\\/www.cruillabarcelona.cat\\\/es\\\/cruilla-es-arte\\\/#primaryimage\"},\"image\":{\"@id\":\"https:\\\/\\\/www.cruillabarcelona.cat\\\/es\\\/cruilla-es-arte\\\/#primaryimage\"},\"thumbnailUrl\":\"https:\\\/\\\/www.cruillabarcelona.cat\\\/wp-content\\\/uploads\\\/2018\\\/06\\\/La_Fura_Langing_low.jpg\",\"datePublished\":\"2018-06-06T08:36:34+00:00\",\"dateModified\":\"2018-06-28T08:31:33+00:00\",\"description\":\"El Festival Cru\u00eflla 2018 es mucho m\u00e1s que m\u00fasica, el Cru\u00eflla es arte. Este verano, durante los d\u00edas del festival, disfrutar\u00e1s de muestras art\u00edsticas tales como la escenograf\u00eda del escenario principal, performances en el recinto, espect\u00e1culos de danza, teatro, graffiti y arte urbano.\",\"breadcrumb\":{\"@id\":\"https:\\\/\\\/www.cruillabarcelona.cat\\\/es\\\/cruilla-es-arte\\\/#breadcrumb\"},\"inLanguage\":\"es\",\"potentialAction\":[{\"@type\":\"ReadAction\",\"target\":[\"https:\\\/\\\/www.cruillabarcelona.cat\\\/es\\\/cruilla-es-arte\\\/\"]}]},{\"@type\":\"ImageObject\",\"inLanguage\":\"es\",\"@id\":\"https:\\\/\\\/www.cruillabarcelona.cat\\\/es\\\/cruilla-es-arte\\\/#primaryimage\",\"url\":\"https:\\\/\\\/www.cruillabarcelona.cat\\\/wp-content\\\/uploads\\\/2018\\\/06\\\/La_Fura_Langing_low.jpg\",\"contentUrl\":\"https:\\\/\\\/www.cruillabarcelona.cat\\\/wp-content\\\/uploads\\\/2018\\\/06\\\/La_Fura_Langing_low.jpg\",\"width\":1500,\"height\":500,\"caption\":\"La Fura Low\"},{\"@type\":\"BreadcrumbList\",\"@id\":\"https:\\\/\\\/www.cruillabarcelona.cat\\\/es\\\/cruilla-es-arte\\\/#breadcrumb\",\"itemListElement\":[{\"@type\":\"ListItem\",\"position\":1,\"name\":\"Home\",\"item\":\"https:\\\/\\\/www.cruillabarcelona.cat\\\/es\\\/\"},{\"@type\":\"ListItem\",\"position\":2,\"name\":\"Cru\u00eflla es arte\"}]},{\"@type\":\"WebSite\",\"@id\":\"https:\\\/\\\/www.cruillabarcelona.cat\\\/es\\\/#website\",\"url\":\"https:\\\/\\\/www.cruillabarcelona.cat\\\/es\\\/\",\"name\":\"Festival Cru\u00eflla\",\"description\":\"\",\"publisher\":{\"@id\":\"https:\\\/\\\/www.cruillabarcelona.cat\\\/es\\\/#organization\"},\"potentialAction\":[{\"@type\":\"SearchAction\",\"target\":{\"@type\":\"EntryPoint\",\"urlTemplate\":\"https:\\\/\\\/www.cruillabarcelona.cat\\\/es\\\/?s={search_term_string}\"},\"query-input\":{\"@type\":\"PropertyValueSpecification\",\"valueRequired\":true,\"valueName\":\"search_term_string\"}}],\"inLanguage\":\"es\"},{\"@type\":\"Organization\",\"@id\":\"https:\\\/\\\/www.cruillabarcelona.cat\\\/es\\\/#organization\",\"name\":\"Festival Cru\u00eflla\",\"url\":\"https:\\\/\\\/www.cruillabarcelona.cat\\\/es\\\/\",\"logo\":{\"@type\":\"ImageObject\",\"inLanguage\":\"es\",\"@id\":\"https:\\\/\\\/www.cruillabarcelona.cat\\\/es\\\/#\\\/schema\\\/logo\\\/image\\\/\",\"url\":\"https:\\\/\\\/www.cruillabarcelona.cat\\\/wp-content\\\/uploads\\\/2025\\\/12\\\/cruill-logo-negativo.png\",\"contentUrl\":\"https:\\\/\\\/www.cruillabarcelona.cat\\\/wp-content\\\/uploads\\\/2025\\\/12\\\/cruill-logo-negativo.png\",\"width\":400,\"height\":101,\"caption\":\"Festival Cru\u00eflla\"},\"image\":{\"@id\":\"https:\\\/\\\/www.cruillabarcelona.cat\\\/es\\\/#\\\/schema\\\/logo\\\/image\\\/\"}}]}<\/script>\n<!-- \/ Yoast SEO plugin. -->","yoast_head_json":{"title":"El Festival Cru\u00eflla 2018 es arte: danza, teatro, pintura, performance","description":"El Festival Cru\u00eflla 2018 es mucho m\u00e1s que m\u00fasica, el Cru\u00eflla es arte. Este verano, durante los d\u00edas del festival, disfrutar\u00e1s de muestras art\u00edsticas tales como la escenograf\u00eda del escenario principal, performances en el recinto, espect\u00e1culos de danza, teatro, graffiti y arte urbano.","robots":{"index":"index","follow":"follow","max-snippet":"max-snippet:-1","max-image-preview":"max-image-preview:large","max-video-preview":"max-video-preview:-1"},"canonical":"https:\/\/www.cruillabarcelona.cat\/es\/cruilla-es-arte\/","og_locale":"es_ES","og_type":"article","og_title":"El Festival Cru\u00eflla 2018 es arte: danza, teatro, pintura, performance","og_description":"El Festival Cru\u00eflla 2018 es mucho m\u00e1s que m\u00fasica, el Cru\u00eflla es arte. Este verano, durante los d\u00edas del festival, disfrutar\u00e1s de muestras art\u00edsticas tales como la escenograf\u00eda del escenario principal, performances en el recinto, espect\u00e1culos de danza, teatro, graffiti y arte urbano.","og_url":"https:\/\/www.cruillabarcelona.cat\/es\/cruilla-es-arte\/","og_site_name":"Festival Cru\u00eflla","article_modified_time":"2018-06-28T08:31:33+00:00","og_image":[{"width":1500,"height":500,"url":"https:\/\/www.cruillabarcelona.cat\/wp-content\/uploads\/2018\/06\/La_Fura_Langing_low.jpg","type":"image\/jpeg"}],"twitter_card":"summary_large_image","twitter_misc":{"Tiempo de lectura":"2 minutos"},"schema":{"@context":"https:\/\/schema.org","@graph":[{"@type":"WebPage","@id":"https:\/\/www.cruillabarcelona.cat\/es\/cruilla-es-arte\/","url":"https:\/\/www.cruillabarcelona.cat\/es\/cruilla-es-arte\/","name":"El Festival Cru\u00eflla 2018 es arte: danza, teatro, pintura, performance","isPartOf":{"@id":"https:\/\/www.cruillabarcelona.cat\/es\/#website"},"primaryImageOfPage":{"@id":"https:\/\/www.cruillabarcelona.cat\/es\/cruilla-es-arte\/#primaryimage"},"image":{"@id":"https:\/\/www.cruillabarcelona.cat\/es\/cruilla-es-arte\/#primaryimage"},"thumbnailUrl":"https:\/\/www.cruillabarcelona.cat\/wp-content\/uploads\/2018\/06\/La_Fura_Langing_low.jpg","datePublished":"2018-06-06T08:36:34+00:00","dateModified":"2018-06-28T08:31:33+00:00","description":"El Festival Cru\u00eflla 2018 es mucho m\u00e1s que m\u00fasica, el Cru\u00eflla es arte. Este verano, durante los d\u00edas del festival, disfrutar\u00e1s de muestras art\u00edsticas tales como la escenograf\u00eda del escenario principal, performances en el recinto, espect\u00e1culos de danza, teatro, graffiti y arte urbano.","breadcrumb":{"@id":"https:\/\/www.cruillabarcelona.cat\/es\/cruilla-es-arte\/#breadcrumb"},"inLanguage":"es","potentialAction":[{"@type":"ReadAction","target":["https:\/\/www.cruillabarcelona.cat\/es\/cruilla-es-arte\/"]}]},{"@type":"ImageObject","inLanguage":"es","@id":"https:\/\/www.cruillabarcelona.cat\/es\/cruilla-es-arte\/#primaryimage","url":"https:\/\/www.cruillabarcelona.cat\/wp-content\/uploads\/2018\/06\/La_Fura_Langing_low.jpg","contentUrl":"https:\/\/www.cruillabarcelona.cat\/wp-content\/uploads\/2018\/06\/La_Fura_Langing_low.jpg","width":1500,"height":500,"caption":"La Fura Low"},{"@type":"BreadcrumbList","@id":"https:\/\/www.cruillabarcelona.cat\/es\/cruilla-es-arte\/#breadcrumb","itemListElement":[{"@type":"ListItem","position":1,"name":"Home","item":"https:\/\/www.cruillabarcelona.cat\/es\/"},{"@type":"ListItem","position":2,"name":"Cru\u00eflla es arte"}]},{"@type":"WebSite","@id":"https:\/\/www.cruillabarcelona.cat\/es\/#website","url":"https:\/\/www.cruillabarcelona.cat\/es\/","name":"Festival Cru\u00eflla","description":"","publisher":{"@id":"https:\/\/www.cruillabarcelona.cat\/es\/#organization"},"potentialAction":[{"@type":"SearchAction","target":{"@type":"EntryPoint","urlTemplate":"https:\/\/www.cruillabarcelona.cat\/es\/?s={search_term_string}"},"query-input":{"@type":"PropertyValueSpecification","valueRequired":true,"valueName":"search_term_string"}}],"inLanguage":"es"},{"@type":"Organization","@id":"https:\/\/www.cruillabarcelona.cat\/es\/#organization","name":"Festival Cru\u00eflla","url":"https:\/\/www.cruillabarcelona.cat\/es\/","logo":{"@type":"ImageObject","inLanguage":"es","@id":"https:\/\/www.cruillabarcelona.cat\/es\/#\/schema\/logo\/image\/","url":"https:\/\/www.cruillabarcelona.cat\/wp-content\/uploads\/2025\/12\/cruill-logo-negativo.png","contentUrl":"https:\/\/www.cruillabarcelona.cat\/wp-content\/uploads\/2025\/12\/cruill-logo-negativo.png","width":400,"height":101,"caption":"Festival Cru\u00eflla"},"image":{"@id":"https:\/\/www.cruillabarcelona.cat\/es\/#\/schema\/logo\/image\/"}}]}},"_links":{"self":[{"href":"https:\/\/www.cruillabarcelona.cat\/es\/wp-json\/wp\/v2\/pages\/13831","targetHints":{"allow":["GET"]}}],"collection":[{"href":"https:\/\/www.cruillabarcelona.cat\/es\/wp-json\/wp\/v2\/pages"}],"about":[{"href":"https:\/\/www.cruillabarcelona.cat\/es\/wp-json\/wp\/v2\/types\/page"}],"author":[{"embeddable":true,"href":"https:\/\/www.cruillabarcelona.cat\/es\/wp-json\/wp\/v2\/users\/7"}],"replies":[{"embeddable":true,"href":"https:\/\/www.cruillabarcelona.cat\/es\/wp-json\/wp\/v2\/comments?post=13831"}],"version-history":[{"count":0,"href":"https:\/\/www.cruillabarcelona.cat\/es\/wp-json\/wp\/v2\/pages\/13831\/revisions"}],"wp:featuredmedia":[{"embeddable":true,"href":"https:\/\/www.cruillabarcelona.cat\/es\/wp-json\/wp\/v2\/media\/16074"}],"wp:attachment":[{"href":"https:\/\/www.cruillabarcelona.cat\/es\/wp-json\/wp\/v2\/media?parent=13831"}],"curies":[{"name":"wp","href":"https:\/\/api.w.org\/{rel}","templated":true}]}}