{"id":17893,"date":"2018-07-13T20:03:24","date_gmt":"2018-07-13T18:03:24","guid":{"rendered":"https:\/\/www.cruillabarcelona.cat\/imatges-cruilla\/"},"modified":"2018-11-05T19:41:17","modified_gmt":"2018-11-05T17:41:17","slug":"imatges-cruilla","status":"publish","type":"page","link":"https:\/\/www.cruillabarcelona.cat\/es\/imatges-cruilla\/","title":{"rendered":"Im\u00e1genes Cru\u00eflla"},"content":{"rendered":"<div id=\"widgetContainerID\" class=\"ps-container\"><script data-type=\"photoslurp\">\nif(!photoSlurpWidgetSettings) {\n  var photoSlurpWidgetSettings = {};\n}\n(function() {\n  photoSlurpWidgetSettings['widgetContainerID'] = {\n    widgetId: 'cruilla-gallery',\n    widgetType: 'gallery',\n    albumId: 1024,\n    lang: 'ca',\n    theme: 'dark',\n    pageLimit: 18, \n    pageType: 'home',\n    addPhotosImg:'',\n    varyingThumbSizes: true\n  };\n  var script = document.createElement('script');\n  script.async = true;\n  script.src = 'https:\/\/static.photoslurp.com\/widget\/v3\/widget_loader.js';\n  var entry = document.getElementsByTagName('script')[0];\n  entry.parentNode.insertBefore(script, entry);\n})();\n<\/script><\/div>\n","protected":false},"excerpt":{"rendered":"","protected":false},"author":2,"featured_media":0,"parent":0,"menu_order":0,"comment_status":"closed","ping_status":"closed","template":"page-templates\/page-full.php","meta":{"_acf_changed":false,"footnotes":""},"class_list":["post-17893","page","type-page","status-publish","hentry"],"acf":[],"yoast_head":"<!-- This site is optimized with the Yoast SEO plugin v27.3 - https:\/\/yoast.com\/product\/yoast-seo-wordpress\/ -->\n<title>Selecci\u00f3n de las mejores im\u00e1genes del Festival Cru\u00eflla 2018<\/title>\n<meta name=\"description\" content=\"Los mejores momentos del Festival Cru\u00eflla 2018: selecci\u00f3n de im\u00e1genes de lo que sucedi\u00f3 en el Parc del F\u00f2rum de Barcelona los d\u00edas 12, 13 y 14 de julio.\" \/>\n<meta name=\"robots\" content=\"index, follow, max-snippet:-1, max-image-preview:large, max-video-preview:-1\" \/>\n<link rel=\"canonical\" href=\"https:\/\/www.cruillabarcelona.cat\/es\/imatges-cruilla\/\" \/>\n<meta property=\"og:locale\" content=\"es_ES\" \/>\n<meta property=\"og:type\" content=\"article\" \/>\n<meta property=\"og:title\" content=\"Selecci\u00f3n de las mejores im\u00e1genes del Festival Cru\u00eflla 2018\" \/>\n<meta property=\"og:description\" content=\"Los mejores momentos del Festival Cru\u00eflla 2018: selecci\u00f3n de im\u00e1genes de lo que sucedi\u00f3 en el Parc del F\u00f2rum de Barcelona los d\u00edas 12, 13 y 14 de julio.\" \/>\n<meta property=\"og:url\" content=\"https:\/\/www.cruillabarcelona.cat\/es\/imatges-cruilla\/\" \/>\n<meta property=\"og:site_name\" content=\"Festival Cru\u00eflla\" \/>\n<meta property=\"article:modified_time\" content=\"2018-11-05T17:41:17+00:00\" \/>\n<meta name=\"twitter:card\" content=\"summary_large_image\" \/>\n<script type=\"application\/ld+json\" class=\"yoast-schema-graph\">{\"@context\":\"https:\\\/\\\/schema.org\",\"@graph\":[{\"@type\":\"WebPage\",\"@id\":\"https:\\\/\\\/www.cruillabarcelona.cat\\\/es\\\/imatges-cruilla\\\/\",\"url\":\"https:\\\/\\\/www.cruillabarcelona.cat\\\/es\\\/imatges-cruilla\\\/\",\"name\":\"Selecci\u00f3n de las mejores im\u00e1genes del Festival Cru\u00eflla 2018\",\"isPartOf\":{\"@id\":\"https:\\\/\\\/www.cruillabarcelona.cat\\\/es\\\/#website\"},\"datePublished\":\"2018-07-13T18:03:24+00:00\",\"dateModified\":\"2018-11-05T17:41:17+00:00\",\"description\":\"Los mejores momentos del Festival Cru\u00eflla 2018: selecci\u00f3n de im\u00e1genes de lo que sucedi\u00f3 en el Parc del F\u00f2rum de Barcelona los d\u00edas 12, 13 y 14 de julio.\",\"breadcrumb\":{\"@id\":\"https:\\\/\\\/www.cruillabarcelona.cat\\\/es\\\/imatges-cruilla\\\/#breadcrumb\"},\"inLanguage\":\"es\",\"potentialAction\":[{\"@type\":\"ReadAction\",\"target\":[\"https:\\\/\\\/www.cruillabarcelona.cat\\\/es\\\/imatges-cruilla\\\/\"]}]},{\"@type\":\"BreadcrumbList\",\"@id\":\"https:\\\/\\\/www.cruillabarcelona.cat\\\/es\\\/imatges-cruilla\\\/#breadcrumb\",\"itemListElement\":[{\"@type\":\"ListItem\",\"position\":1,\"name\":\"Home\",\"item\":\"https:\\\/\\\/www.cruillabarcelona.cat\\\/es\\\/\"},{\"@type\":\"ListItem\",\"position\":2,\"name\":\"Im\u00e1genes Cru\u00eflla\"}]},{\"@type\":\"WebSite\",\"@id\":\"https:\\\/\\\/www.cruillabarcelona.cat\\\/es\\\/#website\",\"url\":\"https:\\\/\\\/www.cruillabarcelona.cat\\\/es\\\/\",\"name\":\"Festival Cru\u00eflla\",\"description\":\"\",\"publisher\":{\"@id\":\"https:\\\/\\\/www.cruillabarcelona.cat\\\/es\\\/#organization\"},\"potentialAction\":[{\"@type\":\"SearchAction\",\"target\":{\"@type\":\"EntryPoint\",\"urlTemplate\":\"https:\\\/\\\/www.cruillabarcelona.cat\\\/es\\\/?s={search_term_string}\"},\"query-input\":{\"@type\":\"PropertyValueSpecification\",\"valueRequired\":true,\"valueName\":\"search_term_string\"}}],\"inLanguage\":\"es\"},{\"@type\":\"Organization\",\"@id\":\"https:\\\/\\\/www.cruillabarcelona.cat\\\/es\\\/#organization\",\"name\":\"Festival Cru\u00eflla\",\"url\":\"https:\\\/\\\/www.cruillabarcelona.cat\\\/es\\\/\",\"logo\":{\"@type\":\"ImageObject\",\"inLanguage\":\"es\",\"@id\":\"https:\\\/\\\/www.cruillabarcelona.cat\\\/es\\\/#\\\/schema\\\/logo\\\/image\\\/\",\"url\":\"https:\\\/\\\/www.cruillabarcelona.cat\\\/wp-content\\\/uploads\\\/2025\\\/12\\\/cruill-logo-negativo.png\",\"contentUrl\":\"https:\\\/\\\/www.cruillabarcelona.cat\\\/wp-content\\\/uploads\\\/2025\\\/12\\\/cruill-logo-negativo.png\",\"width\":400,\"height\":101,\"caption\":\"Festival Cru\u00eflla\"},\"image\":{\"@id\":\"https:\\\/\\\/www.cruillabarcelona.cat\\\/es\\\/#\\\/schema\\\/logo\\\/image\\\/\"}}]}<\/script>\n<!-- \/ Yoast SEO plugin. -->","yoast_head_json":{"title":"Selecci\u00f3n de las mejores im\u00e1genes del Festival Cru\u00eflla 2018","description":"Los mejores momentos del Festival Cru\u00eflla 2018: selecci\u00f3n de im\u00e1genes de lo que sucedi\u00f3 en el Parc del F\u00f2rum de Barcelona los d\u00edas 12, 13 y 14 de julio.","robots":{"index":"index","follow":"follow","max-snippet":"max-snippet:-1","max-image-preview":"max-image-preview:large","max-video-preview":"max-video-preview:-1"},"canonical":"https:\/\/www.cruillabarcelona.cat\/es\/imatges-cruilla\/","og_locale":"es_ES","og_type":"article","og_title":"Selecci\u00f3n de las mejores im\u00e1genes del Festival Cru\u00eflla 2018","og_description":"Los mejores momentos del Festival Cru\u00eflla 2018: selecci\u00f3n de im\u00e1genes de lo que sucedi\u00f3 en el Parc del F\u00f2rum de Barcelona los d\u00edas 12, 13 y 14 de julio.","og_url":"https:\/\/www.cruillabarcelona.cat\/es\/imatges-cruilla\/","og_site_name":"Festival Cru\u00eflla","article_modified_time":"2018-11-05T17:41:17+00:00","twitter_card":"summary_large_image","schema":{"@context":"https:\/\/schema.org","@graph":[{"@type":"WebPage","@id":"https:\/\/www.cruillabarcelona.cat\/es\/imatges-cruilla\/","url":"https:\/\/www.cruillabarcelona.cat\/es\/imatges-cruilla\/","name":"Selecci\u00f3n de las mejores im\u00e1genes del Festival Cru\u00eflla 2018","isPartOf":{"@id":"https:\/\/www.cruillabarcelona.cat\/es\/#website"},"datePublished":"2018-07-13T18:03:24+00:00","dateModified":"2018-11-05T17:41:17+00:00","description":"Los mejores momentos del Festival Cru\u00eflla 2018: selecci\u00f3n de im\u00e1genes de lo que sucedi\u00f3 en el Parc del F\u00f2rum de Barcelona los d\u00edas 12, 13 y 14 de julio.","breadcrumb":{"@id":"https:\/\/www.cruillabarcelona.cat\/es\/imatges-cruilla\/#breadcrumb"},"inLanguage":"es","potentialAction":[{"@type":"ReadAction","target":["https:\/\/www.cruillabarcelona.cat\/es\/imatges-cruilla\/"]}]},{"@type":"BreadcrumbList","@id":"https:\/\/www.cruillabarcelona.cat\/es\/imatges-cruilla\/#breadcrumb","itemListElement":[{"@type":"ListItem","position":1,"name":"Home","item":"https:\/\/www.cruillabarcelona.cat\/es\/"},{"@type":"ListItem","position":2,"name":"Im\u00e1genes Cru\u00eflla"}]},{"@type":"WebSite","@id":"https:\/\/www.cruillabarcelona.cat\/es\/#website","url":"https:\/\/www.cruillabarcelona.cat\/es\/","name":"Festival Cru\u00eflla","description":"","publisher":{"@id":"https:\/\/www.cruillabarcelona.cat\/es\/#organization"},"potentialAction":[{"@type":"SearchAction","target":{"@type":"EntryPoint","urlTemplate":"https:\/\/www.cruillabarcelona.cat\/es\/?s={search_term_string}"},"query-input":{"@type":"PropertyValueSpecification","valueRequired":true,"valueName":"search_term_string"}}],"inLanguage":"es"},{"@type":"Organization","@id":"https:\/\/www.cruillabarcelona.cat\/es\/#organization","name":"Festival Cru\u00eflla","url":"https:\/\/www.cruillabarcelona.cat\/es\/","logo":{"@type":"ImageObject","inLanguage":"es","@id":"https:\/\/www.cruillabarcelona.cat\/es\/#\/schema\/logo\/image\/","url":"https:\/\/www.cruillabarcelona.cat\/wp-content\/uploads\/2025\/12\/cruill-logo-negativo.png","contentUrl":"https:\/\/www.cruillabarcelona.cat\/wp-content\/uploads\/2025\/12\/cruill-logo-negativo.png","width":400,"height":101,"caption":"Festival Cru\u00eflla"},"image":{"@id":"https:\/\/www.cruillabarcelona.cat\/es\/#\/schema\/logo\/image\/"}}]}},"_links":{"self":[{"href":"https:\/\/www.cruillabarcelona.cat\/es\/wp-json\/wp\/v2\/pages\/17893","targetHints":{"allow":["GET"]}}],"collection":[{"href":"https:\/\/www.cruillabarcelona.cat\/es\/wp-json\/wp\/v2\/pages"}],"about":[{"href":"https:\/\/www.cruillabarcelona.cat\/es\/wp-json\/wp\/v2\/types\/page"}],"author":[{"embeddable":true,"href":"https:\/\/www.cruillabarcelona.cat\/es\/wp-json\/wp\/v2\/users\/2"}],"replies":[{"embeddable":true,"href":"https:\/\/www.cruillabarcelona.cat\/es\/wp-json\/wp\/v2\/comments?post=17893"}],"version-history":[{"count":0,"href":"https:\/\/www.cruillabarcelona.cat\/es\/wp-json\/wp\/v2\/pages\/17893\/revisions"}],"wp:attachment":[{"href":"https:\/\/www.cruillabarcelona.cat\/es\/wp-json\/wp\/v2\/media?parent=17893"}],"curies":[{"name":"wp","href":"https:\/\/api.w.org\/{rel}","templated":true}]}}