{"id":26381,"date":"2019-06-26T17:43:44","date_gmt":"2019-06-26T15:43:44","guid":{"rendered":"https:\/\/www.cruillabarcelona.cat\/?page_id=26381"},"modified":"2019-07-05T11:45:42","modified_gmt":"2019-07-05T09:45:42","slug":"mosaic-cruilla","status":"publish","type":"page","link":"https:\/\/www.cruillabarcelona.cat\/es\/mosaic-cruilla\/","title":{"rendered":"Mosaic Cru\u00eflla"},"content":{"rendered":"<p style=\"text-align: center;\"><a class=\"efsbutton button \" target=\"_blank\">DESC\u00c1RGATE IUPIX<\/a><\/p>\n<h2>La linterna del m\u00f3vil es cosa del pasado<\/h2>\n<p>Nos encanta cuando nuestros artistas se emocionan encima del escenario. Cuando se sorprenden con las reacciones del p\u00fablico. Por eso, este a\u00f1o hemos decidido sorprenderles m\u00e1s que nunca con un <strong>mosaico luminoso gigante<\/strong> donde los colores cambiar\u00e1n al ritmo de la m\u00fasica: el <strong>Mosaic Cru\u00eflla<\/strong>.<\/p>\n<p>Pero, como siempre, \u00a1te necesitamos a ti! \u00a1Necesitamos a <strong>todos los cru\u00eflleros unidos en un mar de colores<\/strong>! As\u00ed que, si quieres convertirte en una de las peque\u00f1as luces que formar\u00e1n parte del mosaico, tienes que seguir los <strong>siguientes pasos<\/strong>:<\/p>\n<p style=\"text-align: left;\"><strong>1)<\/strong> Desc\u00e1rgate la aplicaci\u00f3n de <strong>IUPIX<\/strong> para <a href=\"https:\/\/play.google.com\/store\/apps\/details?id=iupix.mobile&amp;hl=es_419\" target=\"_blank\" rel=\"noopener noreferrer\">Android<\/a> o para <a href=\"https:\/\/apps.apple.com\/es\/app\/iupix\/id1155098372\" target=\"_blank\" rel=\"noopener noreferrer\">IOS<\/a>.<\/p>\n<p style=\"text-align: left;\"><strong>2)<\/strong> Entra y selecciona <strong>el evento del Festival Cru\u00eflla 2019<\/strong>. \u00a1<strong>No necesitas registrarte<\/strong>, solo tienes que abrir la aplicaci\u00f3n!<\/p>\n<p><strong>3) <\/strong>Estate atento a las <strong>pantallas del Cru\u00eflla<\/strong> y a los <strong>mensajes de la aplicaci\u00f3n oficial<\/strong>. \u00a1As\u00ed sabr\u00e1s con que canci\u00f3n tienes que activar el Mosaic Cru\u00eflla en cada concierto!<\/p>\n<p style=\"text-align: left;\"><strong>4)<\/strong> En el momento indicado, busca entre los <strong>conciertos disponibles<\/strong> y pulsa encima del artista que est\u00e9s viendo en ese momento. Cada concierto tendr\u00e1 una secuencia de colores diferente y personalizada y, en la app, solo <strong>aparecer\u00e1n los de aquel mismo d\u00eda<\/strong>.<\/p>\n<p style=\"text-align: left;\"><strong>5)<\/strong> Ahora solo queda el paso m\u00e1s sencillo:<strong> levanta tu m\u00f3vil<\/strong> con la pantalla hacia arriba. \u00a1Y ya est\u00e1! El mosaico est\u00e1 en marcha.<\/p>\n<p>Los<strong> conciertos<\/strong> donde podr\u00e1s disfrutar de esta experiencia interactiva son:<\/p>\n<ul>\n<li>Mi\u00e9rcoles: <strong>Black Eyed Peas<\/strong>.<\/li>\n<li>Viernes:<strong> ZAZ<\/strong> y\u00a0<strong>Foals<\/strong>.<\/li>\n<li>S\u00e1bado: <strong>Kylie Minogue<\/strong>, <strong>Michael Kiwanuka<\/strong>, <strong>Love of Lesbian<\/strong> y\u00a0<strong>Parov Stelar<\/strong>.<\/li>\n<\/ul>\n<p style=\"text-align: center;\"><em>\u00bfQuieres saber m\u00e1s sobre IUPIX? Echa un vistazo a su <a href=\"https:\/\/www.instagram.com\/iupixlive\/\" target=\"_blank\" rel=\"noopener noreferrer\">Instagram<\/a>, <a href=\"https:\/\/twitter.com\/iupixlive\" target=\"_blank\" rel=\"noopener noreferrer\">Twitter<\/a> y\u00a0<a href=\"https:\/\/www.facebook.com\/iupixlive\/\" target=\"_blank\" rel=\"noopener noreferrer\">Facebook<\/a>.<\/em><\/p>\n<p><img decoding=\"async\" class=\"wp-image-26366 aligncenter\" src=\"https:\/\/www.cruillabarcelona.cat\/wp-content\/uploads\/2019\/06\/IUPIX-1.jpg\" alt=\"\" width=\"277\" height=\"167\" srcset=\"https:\/\/www.cruillabarcelona.cat\/wp-content\/uploads\/2019\/06\/IUPIX-1.jpg 488w, https:\/\/www.cruillabarcelona.cat\/wp-content\/uploads\/2019\/06\/IUPIX-1-300x180.jpg 300w\" sizes=\"(max-width: 277px) 100vw, 277px\" \/><\/p>\n","protected":false},"excerpt":{"rendered":"<p>La linterna del m\u00f3vil es cosa del pasado Nos encanta cuando nuestros artistas se emocionan encima del escenario. Cuando se sorprenden con las reacciones del p\u00fablico. [&hellip;]<\/p>\n","protected":false},"author":2,"featured_media":26375,"parent":0,"menu_order":0,"comment_status":"closed","ping_status":"closed","template":"page-templates\/page-landing.php","meta":{"_acf_changed":false,"footnotes":""},"class_list":["post-26381","page","type-page","status-publish","has-post-thumbnail","hentry"],"acf":[],"yoast_head":"<!-- This site is optimized with the Yoast SEO plugin v27.5 - https:\/\/yoast.com\/product\/yoast-seo-wordpress\/ -->\n<title>Mosaic Cru\u00eflla: \u00a1ilumina el festival! - Cru\u00eflla 2019. 3-6 de julio, Barcelona<\/title>\n<meta name=\"description\" content=\"Desc\u00e1rgate la aplicaci\u00f3n de IUPIX y forma parte de un mosaico luminoso en tu concierto preferido. Del 3 al 6 de julio en el Festival Cru\u00eflla, en Barcelona.\" \/>\n<meta name=\"robots\" content=\"index, follow, max-snippet:-1, max-image-preview:large, max-video-preview:-1\" \/>\n<link rel=\"canonical\" href=\"https:\/\/www.cruillabarcelona.cat\/es\/mosaic-cruilla\/\" \/>\n<meta property=\"og:locale\" content=\"es_ES\" \/>\n<meta property=\"og:type\" content=\"article\" \/>\n<meta property=\"og:title\" content=\"Mosaic Cru\u00eflla: \u00a1ilumina el festival! - Cru\u00eflla 2019. 3-6 de julio, Barcelona\" \/>\n<meta property=\"og:description\" content=\"Desc\u00e1rgate la aplicaci\u00f3n de IUPIX y forma parte de un mosaico luminoso en tu concierto preferido. Del 3 al 6 de julio en el Festival Cru\u00eflla, en Barcelona.\" \/>\n<meta property=\"og:url\" content=\"https:\/\/www.cruillabarcelona.cat\/es\/mosaic-cruilla\/\" \/>\n<meta property=\"og:site_name\" content=\"Festival Cru\u00eflla\" \/>\n<meta property=\"article:modified_time\" content=\"2019-07-05T09:45:42+00:00\" \/>\n<meta property=\"og:image\" content=\"https:\/\/www.cruillabarcelona.cat\/wp-content\/uploads\/2019\/06\/IUPIX.png\" \/>\n\t<meta property=\"og:image:width\" content=\"1280\" \/>\n\t<meta property=\"og:image:height\" content=\"720\" \/>\n\t<meta property=\"og:image:type\" content=\"image\/png\" \/>\n<meta name=\"twitter:card\" content=\"summary_large_image\" \/>\n<meta name=\"twitter:label1\" content=\"Tiempo de lectura\" \/>\n\t<meta name=\"twitter:data1\" content=\"2 minutos\" \/>\n<script type=\"application\/ld+json\" class=\"yoast-schema-graph\">{\"@context\":\"https:\\\/\\\/schema.org\",\"@graph\":[{\"@type\":\"WebPage\",\"@id\":\"https:\\\/\\\/www.cruillabarcelona.cat\\\/es\\\/mosaic-cruilla\\\/\",\"url\":\"https:\\\/\\\/www.cruillabarcelona.cat\\\/es\\\/mosaic-cruilla\\\/\",\"name\":\"Mosaic Cru\u00eflla: \u00a1ilumina el festival! - Cru\u00eflla 2019. 3-6 de julio, Barcelona\",\"isPartOf\":{\"@id\":\"https:\\\/\\\/www.cruillabarcelona.cat\\\/es\\\/#website\"},\"primaryImageOfPage\":{\"@id\":\"https:\\\/\\\/www.cruillabarcelona.cat\\\/es\\\/mosaic-cruilla\\\/#primaryimage\"},\"image\":{\"@id\":\"https:\\\/\\\/www.cruillabarcelona.cat\\\/es\\\/mosaic-cruilla\\\/#primaryimage\"},\"thumbnailUrl\":\"https:\\\/\\\/www.cruillabarcelona.cat\\\/wp-content\\\/uploads\\\/2019\\\/06\\\/IUPIX.png\",\"datePublished\":\"2019-06-26T15:43:44+00:00\",\"dateModified\":\"2019-07-05T09:45:42+00:00\",\"description\":\"Desc\u00e1rgate la aplicaci\u00f3n de IUPIX y forma parte de un mosaico luminoso en tu concierto preferido. Del 3 al 6 de julio en el Festival Cru\u00eflla, en Barcelona.\",\"breadcrumb\":{\"@id\":\"https:\\\/\\\/www.cruillabarcelona.cat\\\/es\\\/mosaic-cruilla\\\/#breadcrumb\"},\"inLanguage\":\"es\",\"potentialAction\":[{\"@type\":\"ReadAction\",\"target\":[\"https:\\\/\\\/www.cruillabarcelona.cat\\\/es\\\/mosaic-cruilla\\\/\"]}]},{\"@type\":\"ImageObject\",\"inLanguage\":\"es\",\"@id\":\"https:\\\/\\\/www.cruillabarcelona.cat\\\/es\\\/mosaic-cruilla\\\/#primaryimage\",\"url\":\"https:\\\/\\\/www.cruillabarcelona.cat\\\/wp-content\\\/uploads\\\/2019\\\/06\\\/IUPIX.png\",\"contentUrl\":\"https:\\\/\\\/www.cruillabarcelona.cat\\\/wp-content\\\/uploads\\\/2019\\\/06\\\/IUPIX.png\",\"width\":1280,\"height\":720},{\"@type\":\"BreadcrumbList\",\"@id\":\"https:\\\/\\\/www.cruillabarcelona.cat\\\/es\\\/mosaic-cruilla\\\/#breadcrumb\",\"itemListElement\":[{\"@type\":\"ListItem\",\"position\":1,\"name\":\"Home\",\"item\":\"https:\\\/\\\/www.cruillabarcelona.cat\\\/es\\\/\"},{\"@type\":\"ListItem\",\"position\":2,\"name\":\"Mosaic Cru\u00eflla\"}]},{\"@type\":\"WebSite\",\"@id\":\"https:\\\/\\\/www.cruillabarcelona.cat\\\/es\\\/#website\",\"url\":\"https:\\\/\\\/www.cruillabarcelona.cat\\\/es\\\/\",\"name\":\"Festival Cru\u00eflla\",\"description\":\"\",\"publisher\":{\"@id\":\"https:\\\/\\\/www.cruillabarcelona.cat\\\/es\\\/#organization\"},\"potentialAction\":[{\"@type\":\"SearchAction\",\"target\":{\"@type\":\"EntryPoint\",\"urlTemplate\":\"https:\\\/\\\/www.cruillabarcelona.cat\\\/es\\\/?s={search_term_string}\"},\"query-input\":{\"@type\":\"PropertyValueSpecification\",\"valueRequired\":true,\"valueName\":\"search_term_string\"}}],\"inLanguage\":\"es\"},{\"@type\":\"Organization\",\"@id\":\"https:\\\/\\\/www.cruillabarcelona.cat\\\/es\\\/#organization\",\"name\":\"Festival Cru\u00eflla\",\"url\":\"https:\\\/\\\/www.cruillabarcelona.cat\\\/es\\\/\",\"logo\":{\"@type\":\"ImageObject\",\"inLanguage\":\"es\",\"@id\":\"https:\\\/\\\/www.cruillabarcelona.cat\\\/es\\\/#\\\/schema\\\/logo\\\/image\\\/\",\"url\":\"https:\\\/\\\/www.cruillabarcelona.cat\\\/wp-content\\\/uploads\\\/2025\\\/12\\\/cruill-logo-negativo.png\",\"contentUrl\":\"https:\\\/\\\/www.cruillabarcelona.cat\\\/wp-content\\\/uploads\\\/2025\\\/12\\\/cruill-logo-negativo.png\",\"width\":400,\"height\":101,\"caption\":\"Festival Cru\u00eflla\"},\"image\":{\"@id\":\"https:\\\/\\\/www.cruillabarcelona.cat\\\/es\\\/#\\\/schema\\\/logo\\\/image\\\/\"}}]}<\/script>\n<!-- \/ Yoast SEO plugin. -->","yoast_head_json":{"title":"Mosaic Cru\u00eflla: \u00a1ilumina el festival! - Cru\u00eflla 2019. 3-6 de julio, Barcelona","description":"Desc\u00e1rgate la aplicaci\u00f3n de IUPIX y forma parte de un mosaico luminoso en tu concierto preferido. Del 3 al 6 de julio en el Festival Cru\u00eflla, en Barcelona.","robots":{"index":"index","follow":"follow","max-snippet":"max-snippet:-1","max-image-preview":"max-image-preview:large","max-video-preview":"max-video-preview:-1"},"canonical":"https:\/\/www.cruillabarcelona.cat\/es\/mosaic-cruilla\/","og_locale":"es_ES","og_type":"article","og_title":"Mosaic Cru\u00eflla: \u00a1ilumina el festival! - Cru\u00eflla 2019. 3-6 de julio, Barcelona","og_description":"Desc\u00e1rgate la aplicaci\u00f3n de IUPIX y forma parte de un mosaico luminoso en tu concierto preferido. Del 3 al 6 de julio en el Festival Cru\u00eflla, en Barcelona.","og_url":"https:\/\/www.cruillabarcelona.cat\/es\/mosaic-cruilla\/","og_site_name":"Festival Cru\u00eflla","article_modified_time":"2019-07-05T09:45:42+00:00","og_image":[{"width":1280,"height":720,"url":"https:\/\/www.cruillabarcelona.cat\/wp-content\/uploads\/2019\/06\/IUPIX.png","type":"image\/png"}],"twitter_card":"summary_large_image","twitter_misc":{"Tiempo de lectura":"2 minutos"},"schema":{"@context":"https:\/\/schema.org","@graph":[{"@type":"WebPage","@id":"https:\/\/www.cruillabarcelona.cat\/es\/mosaic-cruilla\/","url":"https:\/\/www.cruillabarcelona.cat\/es\/mosaic-cruilla\/","name":"Mosaic Cru\u00eflla: \u00a1ilumina el festival! - Cru\u00eflla 2019. 3-6 de julio, Barcelona","isPartOf":{"@id":"https:\/\/www.cruillabarcelona.cat\/es\/#website"},"primaryImageOfPage":{"@id":"https:\/\/www.cruillabarcelona.cat\/es\/mosaic-cruilla\/#primaryimage"},"image":{"@id":"https:\/\/www.cruillabarcelona.cat\/es\/mosaic-cruilla\/#primaryimage"},"thumbnailUrl":"https:\/\/www.cruillabarcelona.cat\/wp-content\/uploads\/2019\/06\/IUPIX.png","datePublished":"2019-06-26T15:43:44+00:00","dateModified":"2019-07-05T09:45:42+00:00","description":"Desc\u00e1rgate la aplicaci\u00f3n de IUPIX y forma parte de un mosaico luminoso en tu concierto preferido. Del 3 al 6 de julio en el Festival Cru\u00eflla, en Barcelona.","breadcrumb":{"@id":"https:\/\/www.cruillabarcelona.cat\/es\/mosaic-cruilla\/#breadcrumb"},"inLanguage":"es","potentialAction":[{"@type":"ReadAction","target":["https:\/\/www.cruillabarcelona.cat\/es\/mosaic-cruilla\/"]}]},{"@type":"ImageObject","inLanguage":"es","@id":"https:\/\/www.cruillabarcelona.cat\/es\/mosaic-cruilla\/#primaryimage","url":"https:\/\/www.cruillabarcelona.cat\/wp-content\/uploads\/2019\/06\/IUPIX.png","contentUrl":"https:\/\/www.cruillabarcelona.cat\/wp-content\/uploads\/2019\/06\/IUPIX.png","width":1280,"height":720},{"@type":"BreadcrumbList","@id":"https:\/\/www.cruillabarcelona.cat\/es\/mosaic-cruilla\/#breadcrumb","itemListElement":[{"@type":"ListItem","position":1,"name":"Home","item":"https:\/\/www.cruillabarcelona.cat\/es\/"},{"@type":"ListItem","position":2,"name":"Mosaic Cru\u00eflla"}]},{"@type":"WebSite","@id":"https:\/\/www.cruillabarcelona.cat\/es\/#website","url":"https:\/\/www.cruillabarcelona.cat\/es\/","name":"Festival Cru\u00eflla","description":"","publisher":{"@id":"https:\/\/www.cruillabarcelona.cat\/es\/#organization"},"potentialAction":[{"@type":"SearchAction","target":{"@type":"EntryPoint","urlTemplate":"https:\/\/www.cruillabarcelona.cat\/es\/?s={search_term_string}"},"query-input":{"@type":"PropertyValueSpecification","valueRequired":true,"valueName":"search_term_string"}}],"inLanguage":"es"},{"@type":"Organization","@id":"https:\/\/www.cruillabarcelona.cat\/es\/#organization","name":"Festival Cru\u00eflla","url":"https:\/\/www.cruillabarcelona.cat\/es\/","logo":{"@type":"ImageObject","inLanguage":"es","@id":"https:\/\/www.cruillabarcelona.cat\/es\/#\/schema\/logo\/image\/","url":"https:\/\/www.cruillabarcelona.cat\/wp-content\/uploads\/2025\/12\/cruill-logo-negativo.png","contentUrl":"https:\/\/www.cruillabarcelona.cat\/wp-content\/uploads\/2025\/12\/cruill-logo-negativo.png","width":400,"height":101,"caption":"Festival Cru\u00eflla"},"image":{"@id":"https:\/\/www.cruillabarcelona.cat\/es\/#\/schema\/logo\/image\/"}}]}},"_links":{"self":[{"href":"https:\/\/www.cruillabarcelona.cat\/es\/wp-json\/wp\/v2\/pages\/26381","targetHints":{"allow":["GET"]}}],"collection":[{"href":"https:\/\/www.cruillabarcelona.cat\/es\/wp-json\/wp\/v2\/pages"}],"about":[{"href":"https:\/\/www.cruillabarcelona.cat\/es\/wp-json\/wp\/v2\/types\/page"}],"author":[{"embeddable":true,"href":"https:\/\/www.cruillabarcelona.cat\/es\/wp-json\/wp\/v2\/users\/2"}],"replies":[{"embeddable":true,"href":"https:\/\/www.cruillabarcelona.cat\/es\/wp-json\/wp\/v2\/comments?post=26381"}],"version-history":[{"count":0,"href":"https:\/\/www.cruillabarcelona.cat\/es\/wp-json\/wp\/v2\/pages\/26381\/revisions"}],"wp:featuredmedia":[{"embeddable":true,"href":"https:\/\/www.cruillabarcelona.cat\/es\/wp-json\/wp\/v2\/media\/26375"}],"wp:attachment":[{"href":"https:\/\/www.cruillabarcelona.cat\/es\/wp-json\/wp\/v2\/media?parent=26381"}],"curies":[{"name":"wp","href":"https:\/\/api.w.org\/{rel}","templated":true}]}}