{"id":38210,"date":"2021-07-02T13:21:16","date_gmt":"2021-07-02T11:21:16","guid":{"rendered":"https:\/\/www.cruillabarcelona.cat\/?page_id=38210"},"modified":"2021-07-02T13:37:03","modified_gmt":"2021-07-02T11:37:03","slug":"lesmevesentrades","status":"publish","type":"page","link":"https:\/\/www.cruillabarcelona.cat\/es\/lesmevesentrades\/","title":{"rendered":"Mis cuentas"},"content":{"rendered":"<h4><span style=\"font-weight: 400;\">CONSULTA O DESCARGA TUS ENTRADAS<\/span><\/h4>\n<p><span style=\"font-weight: 400;\"><br \/>\nPuedes consultar y volverte a descargar tus entradas compradas a trav\u00e9s de Seetickets <a href=\"https:\/\/cruilla.seetickets.com\/Account\/Login?_ga=2.124649225.245801452.1624789814-1764897681.1615284248\">aqu\u00ed.<\/a><br \/>\nHay deber\u00e1s acceder con el mismo email con el que hiciste la compra.<br \/>\n<\/span><\/p>\n<h4>Si lo que quieres es RESERVAR \/ CONSULTAR el RESULTADO DEL TEST DE ANT\u00cdGENOS o CARGAR TU PULSERA, crea o accede a tu cuenta personal<\/h4>\n<p>Para acceder al festival es <strong>IMPRESCINDIBLE<\/strong> que te crees tu <strong>CUENTA PERSONAL.<\/strong>(Esta es independiente de la cuenta que creaste para comprar tus entradas). Tu cuenta personal te servir\u00e1 para:<\/p>\n<p>1- Reservar y pagar el\/los tu\/s test\/s de ant\u00edgenos<br \/>\n2- Recibir y consultar el resultado de los tests de ant\u00edgenos. Tambi\u00e9n recibir\u00e1s el resultado en el correo que utilices para registrar esta cuenta.<br \/>\n3- Subir dinero en tu pulsera cashless, que ser\u00e1 el \u00fanico sistema de pago del Cru\u00eflla*. Una vez finalizado el festival, te devolveremos autom\u00e1ticamente el dinero que no hayas gastado.<\/p>\n<p><a id=\"nemolink\" href=\"https:\/\/widget.weezevent.com\/pay\/261961\/widgets\/3a9cd129-8a57-4040-adfc-5ae600ff3094#?lang=es\" data-iframe-width=\"100%\" data-iframe-background=\"transparent\">Rec\u00e0rrega online<\/a><script type=\"text\/javascript\" src=\"https:\/\/widget.nemopay.net\/scripts\/nemoframe.js\"><\/script><\/p>\n<p>(En algunos sistemas operativos es posible que no veas el formulario de arriba. Si es tu caso, accede a tu cuenta personal des <a href=\"https:\/\/widget.weezevent.com\/pay\/261961\/widgets\/3a9cd129-8a57-4040-adfc-5ae600ff3094#?lang=es\">AQU\u00cd<\/a>)<\/p>\n<p><strong>*IMPORTANTE:<\/strong><br \/>\n<span style=\"font-size: small;\">Por razones sanitarias este a\u00f1o <strong>NO se ofrecer\u00e1 la posibilidad de realizar cargas de pulseras en el recinto, ni con efectivo ni con tarjeta de cr\u00e9dito<\/strong>. Todas las recargas se deber\u00e1n hacer en l\u00ednea desde cualquier dispositivo m\u00f3vil, accediendo a tu cuenta personal. En el momento de hacer el pago del test o hacer la primera recarga, te recomendamos que valides la opci\u00f3n: <strong>Guardar m\u00e9todo de Pago<\/strong>, para facilitarte la recarga en cualquier momento.<\/span><\/p>\n","protected":false},"excerpt":{"rendered":"<p>CONSULTA O DESCARGA TUS ENTRADAS Puedes consultar y volverte a descargar tus entradas compradas a trav\u00e9s de Seetickets aqu\u00ed. Hay deber\u00e1s acceder con el mismo email [&hellip;]<\/p>\n","protected":false},"author":2,"featured_media":0,"parent":0,"menu_order":0,"comment_status":"closed","ping_status":"closed","template":"page-templates\/page-full.php","meta":{"_acf_changed":false,"footnotes":""},"class_list":["post-38210","page","type-page","status-publish","hentry"],"acf":[],"yoast_head":"<!-- This site is optimized with the Yoast SEO plugin v27.4 - https:\/\/yoast.com\/product\/yoast-seo-wordpress\/ -->\n<title>Mis cuentas - Festival Cru\u00eflla<\/title>\n<meta name=\"robots\" content=\"index, follow, max-snippet:-1, max-image-preview:large, max-video-preview:-1\" \/>\n<link rel=\"canonical\" href=\"https:\/\/www.cruillabarcelona.cat\/es\/lesmevesentrades\/\" \/>\n<meta property=\"og:locale\" content=\"es_ES\" \/>\n<meta property=\"og:type\" content=\"article\" \/>\n<meta property=\"og:title\" content=\"Mis cuentas - Festival Cru\u00eflla\" \/>\n<meta property=\"og:description\" content=\"CONSULTA O DESCARGA TUS ENTRADAS Puedes consultar y volverte a descargar tus entradas compradas a trav\u00e9s de Seetickets aqu\u00ed. Hay deber\u00e1s acceder con el mismo email [&hellip;]\" \/>\n<meta property=\"og:url\" content=\"https:\/\/www.cruillabarcelona.cat\/es\/lesmevesentrades\/\" \/>\n<meta property=\"og:site_name\" content=\"Festival Cru\u00eflla\" \/>\n<meta property=\"article:modified_time\" content=\"2021-07-02T11:37:03+00:00\" \/>\n<meta name=\"twitter:card\" content=\"summary_large_image\" \/>\n<meta name=\"twitter:label1\" content=\"Tiempo de lectura\" \/>\n\t<meta name=\"twitter:data1\" content=\"2 minutos\" \/>\n<script type=\"application\/ld+json\" class=\"yoast-schema-graph\">{\"@context\":\"https:\\\/\\\/schema.org\",\"@graph\":[{\"@type\":\"WebPage\",\"@id\":\"https:\\\/\\\/www.cruillabarcelona.cat\\\/es\\\/lesmevesentrades\\\/\",\"url\":\"https:\\\/\\\/www.cruillabarcelona.cat\\\/es\\\/lesmevesentrades\\\/\",\"name\":\"Mis cuentas - Festival Cru\u00eflla\",\"isPartOf\":{\"@id\":\"https:\\\/\\\/www.cruillabarcelona.cat\\\/es\\\/#website\"},\"datePublished\":\"2021-07-02T11:21:16+00:00\",\"dateModified\":\"2021-07-02T11:37:03+00:00\",\"breadcrumb\":{\"@id\":\"https:\\\/\\\/www.cruillabarcelona.cat\\\/es\\\/lesmevesentrades\\\/#breadcrumb\"},\"inLanguage\":\"es\",\"potentialAction\":[{\"@type\":\"ReadAction\",\"target\":[\"https:\\\/\\\/www.cruillabarcelona.cat\\\/es\\\/lesmevesentrades\\\/\"]}]},{\"@type\":\"BreadcrumbList\",\"@id\":\"https:\\\/\\\/www.cruillabarcelona.cat\\\/es\\\/lesmevesentrades\\\/#breadcrumb\",\"itemListElement\":[{\"@type\":\"ListItem\",\"position\":1,\"name\":\"Home\",\"item\":\"https:\\\/\\\/www.cruillabarcelona.cat\\\/es\\\/\"},{\"@type\":\"ListItem\",\"position\":2,\"name\":\"Mis cuentas\"}]},{\"@type\":\"WebSite\",\"@id\":\"https:\\\/\\\/www.cruillabarcelona.cat\\\/es\\\/#website\",\"url\":\"https:\\\/\\\/www.cruillabarcelona.cat\\\/es\\\/\",\"name\":\"Festival Cru\u00eflla\",\"description\":\"\",\"publisher\":{\"@id\":\"https:\\\/\\\/www.cruillabarcelona.cat\\\/es\\\/#organization\"},\"potentialAction\":[{\"@type\":\"SearchAction\",\"target\":{\"@type\":\"EntryPoint\",\"urlTemplate\":\"https:\\\/\\\/www.cruillabarcelona.cat\\\/es\\\/?s={search_term_string}\"},\"query-input\":{\"@type\":\"PropertyValueSpecification\",\"valueRequired\":true,\"valueName\":\"search_term_string\"}}],\"inLanguage\":\"es\"},{\"@type\":\"Organization\",\"@id\":\"https:\\\/\\\/www.cruillabarcelona.cat\\\/es\\\/#organization\",\"name\":\"Festival Cru\u00eflla\",\"url\":\"https:\\\/\\\/www.cruillabarcelona.cat\\\/es\\\/\",\"logo\":{\"@type\":\"ImageObject\",\"inLanguage\":\"es\",\"@id\":\"https:\\\/\\\/www.cruillabarcelona.cat\\\/es\\\/#\\\/schema\\\/logo\\\/image\\\/\",\"url\":\"https:\\\/\\\/www.cruillabarcelona.cat\\\/wp-content\\\/uploads\\\/2025\\\/12\\\/cruill-logo-negativo.png\",\"contentUrl\":\"https:\\\/\\\/www.cruillabarcelona.cat\\\/wp-content\\\/uploads\\\/2025\\\/12\\\/cruill-logo-negativo.png\",\"width\":400,\"height\":101,\"caption\":\"Festival Cru\u00eflla\"},\"image\":{\"@id\":\"https:\\\/\\\/www.cruillabarcelona.cat\\\/es\\\/#\\\/schema\\\/logo\\\/image\\\/\"}}]}<\/script>\n<!-- \/ Yoast SEO plugin. -->","yoast_head_json":{"title":"Mis cuentas - Festival Cru\u00eflla","robots":{"index":"index","follow":"follow","max-snippet":"max-snippet:-1","max-image-preview":"max-image-preview:large","max-video-preview":"max-video-preview:-1"},"canonical":"https:\/\/www.cruillabarcelona.cat\/es\/lesmevesentrades\/","og_locale":"es_ES","og_type":"article","og_title":"Mis cuentas - Festival Cru\u00eflla","og_description":"CONSULTA O DESCARGA TUS ENTRADAS Puedes consultar y volverte a descargar tus entradas compradas a trav\u00e9s de Seetickets aqu\u00ed. Hay deber\u00e1s acceder con el mismo email [&hellip;]","og_url":"https:\/\/www.cruillabarcelona.cat\/es\/lesmevesentrades\/","og_site_name":"Festival Cru\u00eflla","article_modified_time":"2021-07-02T11:37:03+00:00","twitter_card":"summary_large_image","twitter_misc":{"Tiempo de lectura":"2 minutos"},"schema":{"@context":"https:\/\/schema.org","@graph":[{"@type":"WebPage","@id":"https:\/\/www.cruillabarcelona.cat\/es\/lesmevesentrades\/","url":"https:\/\/www.cruillabarcelona.cat\/es\/lesmevesentrades\/","name":"Mis cuentas - Festival Cru\u00eflla","isPartOf":{"@id":"https:\/\/www.cruillabarcelona.cat\/es\/#website"},"datePublished":"2021-07-02T11:21:16+00:00","dateModified":"2021-07-02T11:37:03+00:00","breadcrumb":{"@id":"https:\/\/www.cruillabarcelona.cat\/es\/lesmevesentrades\/#breadcrumb"},"inLanguage":"es","potentialAction":[{"@type":"ReadAction","target":["https:\/\/www.cruillabarcelona.cat\/es\/lesmevesentrades\/"]}]},{"@type":"BreadcrumbList","@id":"https:\/\/www.cruillabarcelona.cat\/es\/lesmevesentrades\/#breadcrumb","itemListElement":[{"@type":"ListItem","position":1,"name":"Home","item":"https:\/\/www.cruillabarcelona.cat\/es\/"},{"@type":"ListItem","position":2,"name":"Mis cuentas"}]},{"@type":"WebSite","@id":"https:\/\/www.cruillabarcelona.cat\/es\/#website","url":"https:\/\/www.cruillabarcelona.cat\/es\/","name":"Festival Cru\u00eflla","description":"","publisher":{"@id":"https:\/\/www.cruillabarcelona.cat\/es\/#organization"},"potentialAction":[{"@type":"SearchAction","target":{"@type":"EntryPoint","urlTemplate":"https:\/\/www.cruillabarcelona.cat\/es\/?s={search_term_string}"},"query-input":{"@type":"PropertyValueSpecification","valueRequired":true,"valueName":"search_term_string"}}],"inLanguage":"es"},{"@type":"Organization","@id":"https:\/\/www.cruillabarcelona.cat\/es\/#organization","name":"Festival Cru\u00eflla","url":"https:\/\/www.cruillabarcelona.cat\/es\/","logo":{"@type":"ImageObject","inLanguage":"es","@id":"https:\/\/www.cruillabarcelona.cat\/es\/#\/schema\/logo\/image\/","url":"https:\/\/www.cruillabarcelona.cat\/wp-content\/uploads\/2025\/12\/cruill-logo-negativo.png","contentUrl":"https:\/\/www.cruillabarcelona.cat\/wp-content\/uploads\/2025\/12\/cruill-logo-negativo.png","width":400,"height":101,"caption":"Festival Cru\u00eflla"},"image":{"@id":"https:\/\/www.cruillabarcelona.cat\/es\/#\/schema\/logo\/image\/"}}]}},"_links":{"self":[{"href":"https:\/\/www.cruillabarcelona.cat\/es\/wp-json\/wp\/v2\/pages\/38210","targetHints":{"allow":["GET"]}}],"collection":[{"href":"https:\/\/www.cruillabarcelona.cat\/es\/wp-json\/wp\/v2\/pages"}],"about":[{"href":"https:\/\/www.cruillabarcelona.cat\/es\/wp-json\/wp\/v2\/types\/page"}],"author":[{"embeddable":true,"href":"https:\/\/www.cruillabarcelona.cat\/es\/wp-json\/wp\/v2\/users\/2"}],"replies":[{"embeddable":true,"href":"https:\/\/www.cruillabarcelona.cat\/es\/wp-json\/wp\/v2\/comments?post=38210"}],"version-history":[{"count":0,"href":"https:\/\/www.cruillabarcelona.cat\/es\/wp-json\/wp\/v2\/pages\/38210\/revisions"}],"wp:attachment":[{"href":"https:\/\/www.cruillabarcelona.cat\/es\/wp-json\/wp\/v2\/media?parent=38210"}],"curies":[{"name":"wp","href":"https:\/\/api.w.org\/{rel}","templated":true}]}}