{"id":42104,"date":"2022-03-11T17:32:47","date_gmt":"2022-03-11T15:32:47","guid":{"rendered":"https:\/\/www.cruillabarcelona.cat\/?page_id=42104"},"modified":"2023-06-08T13:30:00","modified_gmt":"2023-06-08T11:30:00","slug":"challenge","status":"publish","type":"page","link":"https:\/\/www.cruillabarcelona.cat\/es\/challenge\/","title":{"rendered":"Sustainable Festival Challenge"},"content":{"rendered":"<h2 style=\"text-align: center;\">\u00a1Ay\u00fadanos a ser el festival m\u00e1s sostenible del pa\u00eds!<\/h2>\n<p><span style=\"font-weight: 400;\">En el Cru\u00eflla somos conscientes de que la celebraci\u00f3n de grandes festivales como el nuestro tiene un<\/span><b> impacto sobre su entorno<\/b><span style=\"font-weight: 400;\"> tanto cercano como lejano, por eso hace a\u00f1os que trabajamos para <\/span><b>reducirlo a la m\u00ednima expresi\u00f3n.<\/b><\/p>\n<p><span style=\"font-weight: 400;\">Desde impulsar el transporte p\u00fablico o trabajar con proveedores locales y productos de proximidad, hasta convertirnos en un festival 0 residuos o reducir stock de merchandising, entre muchas otras medidas.<\/span><\/p>\n<p><span style=\"font-weight: 400;\">En este sentido, un a\u00f1o m\u00e1s convocamos el <\/span><b>Sustainable Festival Challenge<\/b><span style=\"font-weight: 400;\">, un proyecto de innovaci\u00f3n abierta que busca <\/span><b>startups<\/b><span style=\"font-weight: 400;\"> que trabajen para solucionar problemas medioambientales y nos ayuden a alcanzar nuevos retos y objeectivos een materia de sostenibilidad.<\/span><\/p>\n<p><span style=\"font-weight: 400;\">Este a\u00f1o este reto, fruto de la colaboraci\u00f3n entre <\/span><b>Damm, Cru\u00eflla, la Ag\u00e8ncia de Residus de Catalunya, la Fundaci\u00f3n Ship2B y la Fundaci\u00f3n Barcelona Music Lab<\/b><span style=\"font-weight: 400;\">, se centrar\u00e1 en la <\/span><b>gesti\u00f3n de residuos, <\/b><span style=\"font-weight: 400;\">desde su reducci\u00f3n o valorizaci\u00f3n, hasta un enfoque de circularidad en los mismos y la transici\u00f3n hacia un sistema m\u00e1s sostenible y regenerativo.<\/span><\/p>\n<p><span style=\"font-weight: 400;\">La convocatoria estar\u00e1 abierta desde <\/span><b>el martes 6 de junio hasta el domingo 3 de septiembre<\/b><span style=\"font-weight: 400;\"> a medianoche y un Comit\u00e9 de Selecci\u00f3n elegir\u00e1 las <\/span><b>10 entidades finalistas<\/b><span style=\"font-weight: 400;\">, que participar\u00e1n en la <\/span><b>Barcelona Startup Week<\/b><span style=\"font-weight: 400;\"> durante la semana del 2 de octubre. El Challenge culminar\u00e1 con las pruebas piloto de los proyectos seleccionados en el Festival Cru\u00eflla 2024. <\/span><b>\u00a1Consulta las bases <\/b><a href=\"https:\/\/drive.google.com\/file\/d\/1u8HWJKZJ8CB0WgciERGmNPzaUpFaTMcG\/view?usp=sharing\"><b>aqu\u00ed<\/b><\/a><b>!<\/b><\/p>\n<p style=\"text-align: center;\"><a class=\"efsbutton button \" target=\"_blank\">\u00a1QUIERO PARTICIPAR!<\/a><\/p>\n<h4 style=\"text-align: center;\">Si tienes cualquier duda, puedes ponerte en contacto con <span style=\"color: #0000ff;\"><a style=\"color: #0000ff;\" href=\"mailto:innovation@ship2b.org\">innovation@ship2b.org<\/a><\/span><\/h4>\n<h3 style=\"text-align: center;\">Un proyecto de:<\/h3>\n<p><center><img loading=\"lazy\" decoding=\"async\" class=\"alignnone wp-image-42135\" src=\"https:\/\/www.cruillabarcelona.cat\/wp-content\/uploads\/2022\/03\/Logo_Cruilla2019_Negre.png\" alt=\"\" width=\"253\" height=\"176\" srcset=\"https:\/\/www.cruillabarcelona.cat\/wp-content\/uploads\/2022\/03\/Logo_Cruilla2019_Negre.png 2093w, https:\/\/www.cruillabarcelona.cat\/wp-content\/uploads\/2022\/03\/Logo_Cruilla2019_Negre-1024x714.png 1024w, https:\/\/www.cruillabarcelona.cat\/wp-content\/uploads\/2022\/03\/Logo_Cruilla2019_Negre-768x535.png 768w, https:\/\/www.cruillabarcelona.cat\/wp-content\/uploads\/2022\/03\/Logo_Cruilla2019_Negre-1536x1071.png 1536w, https:\/\/www.cruillabarcelona.cat\/wp-content\/uploads\/2022\/03\/Logo_Cruilla2019_Negre-2048x1428.png 2048w, https:\/\/www.cruillabarcelona.cat\/wp-content\/uploads\/2022\/03\/Logo_Cruilla2019_Negre-300x209.png 300w, https:\/\/www.cruillabarcelona.cat\/wp-content\/uploads\/2022\/03\/Logo_Cruilla2019_Negre-1500x1046.png 1500w\" sizes=\"auto, (max-width: 253px) 100vw, 253px\" \/><img loading=\"lazy\" decoding=\"async\" class=\"wp-image-42113\" src=\"https:\/\/www.cruillabarcelona.cat\/wp-content\/uploads\/2022\/03\/Damm.png\" alt=\"\" width=\"209\" height=\"203\" srcset=\"https:\/\/www.cruillabarcelona.cat\/wp-content\/uploads\/2022\/03\/Damm.png 336w, https:\/\/www.cruillabarcelona.cat\/wp-content\/uploads\/2022\/03\/Damm-300x292.png 300w\" sizes=\"auto, (max-width: 209px) 100vw, 209px\" \/> \u00a0<img loading=\"lazy\" decoding=\"async\" class=\"wp-image-42119\" src=\"https:\/\/www.cruillabarcelona.cat\/wp-content\/uploads\/2022\/03\/BCN-MUSIC_LAB-LOGOS-1.png\" alt=\"\" width=\"257\" height=\"205\" srcset=\"https:\/\/www.cruillabarcelona.cat\/wp-content\/uploads\/2022\/03\/BCN-MUSIC_LAB-LOGOS-1.png 717w, https:\/\/www.cruillabarcelona.cat\/wp-content\/uploads\/2022\/03\/BCN-MUSIC_LAB-LOGOS-1-300x239.png 300w\" sizes=\"auto, (max-width: 257px) 100vw, 257px\" \/>\u00a0<\/center><\/p>\n<h3 style=\"text-align: center;\">En alianza con:<\/h3>\n<p style=\"text-align: center;\"><img loading=\"lazy\" decoding=\"async\" class=\"wp-image-42114\" src=\"https:\/\/www.cruillabarcelona.cat\/wp-content\/uploads\/2022\/03\/Ship2B.png\" alt=\"\" width=\"252\" height=\"126\" \/>\u00a0 \u00a0 \u00a0 \u00a0 \u00a0 \u00a0 <img loading=\"lazy\" decoding=\"async\" class=\"alignnone wp-image-49242 \" src=\"https:\/\/www.cruillabarcelona.cat\/wp-content\/uploads\/2023\/06\/Agencia_de_Residus_de_Catalunya.svg-1024x383.png\" alt=\"\" width=\"350\" height=\"131\" \/><\/p>\n<h2 style=\"text-align: center;\">\u00a1Hazlo por el futuro, hazlo sostenible, hazlo Cru\u00eflla!<\/h2>\n","protected":false},"excerpt":{"rendered":"<p>\u00a1Ay\u00fadanos a ser el festival m\u00e1s sostenible del pa\u00eds! En el Cru\u00eflla somos conscientes de que la celebraci\u00f3n de grandes festivales como el nuestro tiene un [&hellip;]<\/p>\n","protected":false},"author":2,"featured_media":49198,"parent":0,"menu_order":0,"comment_status":"closed","ping_status":"closed","template":"page-templates\/page-landing.php","meta":{"_acf_changed":false,"footnotes":""},"class_list":["post-42104","page","type-page","status-publish","has-post-thumbnail","hentry"],"acf":[],"yoast_head":"<!-- This site is optimized with the Yoast SEO plugin v27.3 - https:\/\/yoast.com\/product\/yoast-seo-wordpress\/ -->\n<title>Sustainable Festival Challenge - Festival Cru\u00eflla<\/title>\n<meta name=\"description\" content=\"Cru\u00eflla y Estrella Damm, con Ship2B, abrimos convocatoria de startups que nos ayuden a afrontar nuevos retos en materia de sostenibilidad.\" \/>\n<meta name=\"robots\" content=\"index, follow, max-snippet:-1, max-image-preview:large, max-video-preview:-1\" \/>\n<link rel=\"canonical\" href=\"https:\/\/www.cruillabarcelona.cat\/es\/challenge\/\" \/>\n<meta property=\"og:locale\" content=\"es_ES\" \/>\n<meta property=\"og:type\" content=\"article\" \/>\n<meta property=\"og:title\" content=\"Sustainable Festival Challenge - Festival Cru\u00eflla\" \/>\n<meta property=\"og:description\" content=\"Cru\u00eflla y Estrella Damm, con Ship2B, abrimos convocatoria de startups que nos ayuden a afrontar nuevos retos en materia de sostenibilidad.\" \/>\n<meta property=\"og:url\" content=\"https:\/\/www.cruillabarcelona.cat\/es\/challenge\/\" \/>\n<meta property=\"og:site_name\" content=\"Festival Cru\u00eflla\" \/>\n<meta property=\"article:modified_time\" content=\"2023-06-08T11:30:00+00:00\" \/>\n<meta property=\"og:image\" content=\"https:\/\/www.cruillabarcelona.cat\/wp-content\/uploads\/2023\/06\/Capcalera_Desktop_SustainableChallenge.jpg\" \/>\n\t<meta property=\"og:image:width\" content=\"1200\" \/>\n\t<meta property=\"og:image:height\" content=\"300\" \/>\n\t<meta property=\"og:image:type\" content=\"image\/jpeg\" \/>\n<meta name=\"twitter:card\" content=\"summary_large_image\" \/>\n<meta name=\"twitter:label1\" content=\"Tiempo de lectura\" \/>\n\t<meta name=\"twitter:data1\" content=\"3 minutos\" \/>\n<script type=\"application\/ld+json\" class=\"yoast-schema-graph\">{\"@context\":\"https:\\\/\\\/schema.org\",\"@graph\":[{\"@type\":\"WebPage\",\"@id\":\"https:\\\/\\\/www.cruillabarcelona.cat\\\/es\\\/challenge\\\/\",\"url\":\"https:\\\/\\\/www.cruillabarcelona.cat\\\/es\\\/challenge\\\/\",\"name\":\"Sustainable Festival Challenge - Festival Cru\u00eflla\",\"isPartOf\":{\"@id\":\"https:\\\/\\\/www.cruillabarcelona.cat\\\/es\\\/#website\"},\"primaryImageOfPage\":{\"@id\":\"https:\\\/\\\/www.cruillabarcelona.cat\\\/es\\\/challenge\\\/#primaryimage\"},\"image\":{\"@id\":\"https:\\\/\\\/www.cruillabarcelona.cat\\\/es\\\/challenge\\\/#primaryimage\"},\"thumbnailUrl\":\"https:\\\/\\\/www.cruillabarcelona.cat\\\/wp-content\\\/uploads\\\/2023\\\/06\\\/Capcalera_Desktop_SustainableChallenge.jpg\",\"datePublished\":\"2022-03-11T15:32:47+00:00\",\"dateModified\":\"2023-06-08T11:30:00+00:00\",\"description\":\"Cru\u00eflla y Estrella Damm, con Ship2B, abrimos convocatoria de startups que nos ayuden a afrontar nuevos retos en materia de sostenibilidad.\",\"breadcrumb\":{\"@id\":\"https:\\\/\\\/www.cruillabarcelona.cat\\\/es\\\/challenge\\\/#breadcrumb\"},\"inLanguage\":\"es\",\"potentialAction\":[{\"@type\":\"ReadAction\",\"target\":[\"https:\\\/\\\/www.cruillabarcelona.cat\\\/es\\\/challenge\\\/\"]}]},{\"@type\":\"ImageObject\",\"inLanguage\":\"es\",\"@id\":\"https:\\\/\\\/www.cruillabarcelona.cat\\\/es\\\/challenge\\\/#primaryimage\",\"url\":\"https:\\\/\\\/www.cruillabarcelona.cat\\\/wp-content\\\/uploads\\\/2023\\\/06\\\/Capcalera_Desktop_SustainableChallenge.jpg\",\"contentUrl\":\"https:\\\/\\\/www.cruillabarcelona.cat\\\/wp-content\\\/uploads\\\/2023\\\/06\\\/Capcalera_Desktop_SustainableChallenge.jpg\",\"width\":1200,\"height\":300},{\"@type\":\"BreadcrumbList\",\"@id\":\"https:\\\/\\\/www.cruillabarcelona.cat\\\/es\\\/challenge\\\/#breadcrumb\",\"itemListElement\":[{\"@type\":\"ListItem\",\"position\":1,\"name\":\"Home\",\"item\":\"https:\\\/\\\/www.cruillabarcelona.cat\\\/es\\\/\"},{\"@type\":\"ListItem\",\"position\":2,\"name\":\"Sustainable Festival Challenge\"}]},{\"@type\":\"WebSite\",\"@id\":\"https:\\\/\\\/www.cruillabarcelona.cat\\\/es\\\/#website\",\"url\":\"https:\\\/\\\/www.cruillabarcelona.cat\\\/es\\\/\",\"name\":\"Festival Cru\u00eflla\",\"description\":\"\",\"publisher\":{\"@id\":\"https:\\\/\\\/www.cruillabarcelona.cat\\\/es\\\/#organization\"},\"potentialAction\":[{\"@type\":\"SearchAction\",\"target\":{\"@type\":\"EntryPoint\",\"urlTemplate\":\"https:\\\/\\\/www.cruillabarcelona.cat\\\/es\\\/?s={search_term_string}\"},\"query-input\":{\"@type\":\"PropertyValueSpecification\",\"valueRequired\":true,\"valueName\":\"search_term_string\"}}],\"inLanguage\":\"es\"},{\"@type\":\"Organization\",\"@id\":\"https:\\\/\\\/www.cruillabarcelona.cat\\\/es\\\/#organization\",\"name\":\"Festival Cru\u00eflla\",\"url\":\"https:\\\/\\\/www.cruillabarcelona.cat\\\/es\\\/\",\"logo\":{\"@type\":\"ImageObject\",\"inLanguage\":\"es\",\"@id\":\"https:\\\/\\\/www.cruillabarcelona.cat\\\/es\\\/#\\\/schema\\\/logo\\\/image\\\/\",\"url\":\"https:\\\/\\\/www.cruillabarcelona.cat\\\/wp-content\\\/uploads\\\/2025\\\/12\\\/cruill-logo-negativo.png\",\"contentUrl\":\"https:\\\/\\\/www.cruillabarcelona.cat\\\/wp-content\\\/uploads\\\/2025\\\/12\\\/cruill-logo-negativo.png\",\"width\":400,\"height\":101,\"caption\":\"Festival Cru\u00eflla\"},\"image\":{\"@id\":\"https:\\\/\\\/www.cruillabarcelona.cat\\\/es\\\/#\\\/schema\\\/logo\\\/image\\\/\"}}]}<\/script>\n<!-- \/ Yoast SEO plugin. -->","yoast_head_json":{"title":"Sustainable Festival Challenge - Festival Cru\u00eflla","description":"Cru\u00eflla y Estrella Damm, con Ship2B, abrimos convocatoria de startups que nos ayuden a afrontar nuevos retos en materia de sostenibilidad.","robots":{"index":"index","follow":"follow","max-snippet":"max-snippet:-1","max-image-preview":"max-image-preview:large","max-video-preview":"max-video-preview:-1"},"canonical":"https:\/\/www.cruillabarcelona.cat\/es\/challenge\/","og_locale":"es_ES","og_type":"article","og_title":"Sustainable Festival Challenge - Festival Cru\u00eflla","og_description":"Cru\u00eflla y Estrella Damm, con Ship2B, abrimos convocatoria de startups que nos ayuden a afrontar nuevos retos en materia de sostenibilidad.","og_url":"https:\/\/www.cruillabarcelona.cat\/es\/challenge\/","og_site_name":"Festival Cru\u00eflla","article_modified_time":"2023-06-08T11:30:00+00:00","og_image":[{"width":1200,"height":300,"url":"https:\/\/www.cruillabarcelona.cat\/wp-content\/uploads\/2023\/06\/Capcalera_Desktop_SustainableChallenge.jpg","type":"image\/jpeg"}],"twitter_card":"summary_large_image","twitter_misc":{"Tiempo de lectura":"3 minutos"},"schema":{"@context":"https:\/\/schema.org","@graph":[{"@type":"WebPage","@id":"https:\/\/www.cruillabarcelona.cat\/es\/challenge\/","url":"https:\/\/www.cruillabarcelona.cat\/es\/challenge\/","name":"Sustainable Festival Challenge - Festival Cru\u00eflla","isPartOf":{"@id":"https:\/\/www.cruillabarcelona.cat\/es\/#website"},"primaryImageOfPage":{"@id":"https:\/\/www.cruillabarcelona.cat\/es\/challenge\/#primaryimage"},"image":{"@id":"https:\/\/www.cruillabarcelona.cat\/es\/challenge\/#primaryimage"},"thumbnailUrl":"https:\/\/www.cruillabarcelona.cat\/wp-content\/uploads\/2023\/06\/Capcalera_Desktop_SustainableChallenge.jpg","datePublished":"2022-03-11T15:32:47+00:00","dateModified":"2023-06-08T11:30:00+00:00","description":"Cru\u00eflla y Estrella Damm, con Ship2B, abrimos convocatoria de startups que nos ayuden a afrontar nuevos retos en materia de sostenibilidad.","breadcrumb":{"@id":"https:\/\/www.cruillabarcelona.cat\/es\/challenge\/#breadcrumb"},"inLanguage":"es","potentialAction":[{"@type":"ReadAction","target":["https:\/\/www.cruillabarcelona.cat\/es\/challenge\/"]}]},{"@type":"ImageObject","inLanguage":"es","@id":"https:\/\/www.cruillabarcelona.cat\/es\/challenge\/#primaryimage","url":"https:\/\/www.cruillabarcelona.cat\/wp-content\/uploads\/2023\/06\/Capcalera_Desktop_SustainableChallenge.jpg","contentUrl":"https:\/\/www.cruillabarcelona.cat\/wp-content\/uploads\/2023\/06\/Capcalera_Desktop_SustainableChallenge.jpg","width":1200,"height":300},{"@type":"BreadcrumbList","@id":"https:\/\/www.cruillabarcelona.cat\/es\/challenge\/#breadcrumb","itemListElement":[{"@type":"ListItem","position":1,"name":"Home","item":"https:\/\/www.cruillabarcelona.cat\/es\/"},{"@type":"ListItem","position":2,"name":"Sustainable Festival Challenge"}]},{"@type":"WebSite","@id":"https:\/\/www.cruillabarcelona.cat\/es\/#website","url":"https:\/\/www.cruillabarcelona.cat\/es\/","name":"Festival Cru\u00eflla","description":"","publisher":{"@id":"https:\/\/www.cruillabarcelona.cat\/es\/#organization"},"potentialAction":[{"@type":"SearchAction","target":{"@type":"EntryPoint","urlTemplate":"https:\/\/www.cruillabarcelona.cat\/es\/?s={search_term_string}"},"query-input":{"@type":"PropertyValueSpecification","valueRequired":true,"valueName":"search_term_string"}}],"inLanguage":"es"},{"@type":"Organization","@id":"https:\/\/www.cruillabarcelona.cat\/es\/#organization","name":"Festival Cru\u00eflla","url":"https:\/\/www.cruillabarcelona.cat\/es\/","logo":{"@type":"ImageObject","inLanguage":"es","@id":"https:\/\/www.cruillabarcelona.cat\/es\/#\/schema\/logo\/image\/","url":"https:\/\/www.cruillabarcelona.cat\/wp-content\/uploads\/2025\/12\/cruill-logo-negativo.png","contentUrl":"https:\/\/www.cruillabarcelona.cat\/wp-content\/uploads\/2025\/12\/cruill-logo-negativo.png","width":400,"height":101,"caption":"Festival Cru\u00eflla"},"image":{"@id":"https:\/\/www.cruillabarcelona.cat\/es\/#\/schema\/logo\/image\/"}}]}},"_links":{"self":[{"href":"https:\/\/www.cruillabarcelona.cat\/es\/wp-json\/wp\/v2\/pages\/42104","targetHints":{"allow":["GET"]}}],"collection":[{"href":"https:\/\/www.cruillabarcelona.cat\/es\/wp-json\/wp\/v2\/pages"}],"about":[{"href":"https:\/\/www.cruillabarcelona.cat\/es\/wp-json\/wp\/v2\/types\/page"}],"author":[{"embeddable":true,"href":"https:\/\/www.cruillabarcelona.cat\/es\/wp-json\/wp\/v2\/users\/2"}],"replies":[{"embeddable":true,"href":"https:\/\/www.cruillabarcelona.cat\/es\/wp-json\/wp\/v2\/comments?post=42104"}],"version-history":[{"count":0,"href":"https:\/\/www.cruillabarcelona.cat\/es\/wp-json\/wp\/v2\/pages\/42104\/revisions"}],"wp:featuredmedia":[{"embeddable":true,"href":"https:\/\/www.cruillabarcelona.cat\/es\/wp-json\/wp\/v2\/media\/49198"}],"wp:attachment":[{"href":"https:\/\/www.cruillabarcelona.cat\/es\/wp-json\/wp\/v2\/media?parent=42104"}],"curies":[{"name":"wp","href":"https:\/\/api.w.org\/{rel}","templated":true}]}}