{"id":42773,"date":"2022-04-07T12:21:48","date_gmt":"2022-04-07T10:21:48","guid":{"rendered":"https:\/\/www.cruillabarcelona.cat\/?page_id=42773"},"modified":"2025-10-30T17:17:17","modified_gmt":"2025-10-30T15:17:17","slug":"comedia-2025","status":"publish","type":"page","link":"https:\/\/www.cruillabarcelona.cat\/es\/comedia-2025\/","title":{"rendered":"Com\u00e8dia 2025"},"content":{"rendered":"<h1 style=\"text-align: center;\">\u00a1COM\u00c8DIA EN EL FESTIVAL CRU\u00cfLLA!<\/h1>\n<p>En una edici\u00f3n tan especial como esa no pod\u00eda faltar una de las disciplinas art\u00edsticas m\u00e1s importantes de la historia del festival: el viernes 11 y el s\u00e1bado 12 de julio volvi\u00f3 la Com\u00e8dia al Festival Cru\u00eflla. Se prepar\u00f3 un cartel lleno de amigos y tambi\u00e9n de caras nuevas que nos hicieron re\u00edr a carcajadas bajo el sol del Parc del F\u00f2rum desde lo alto del Escenario Vallformosa.<\/p>\n<p>Humoristas consolidados y nuevos talentos emergentes se unieron durante el fin de semana del festival para hacernos re\u00edr con cr\u00edtica social, iron\u00eda fina, humor negro, bromas absurdas, an\u00e9cdotas personales y, en definitiva, sus mejores chistes. \u00a1Esta fue la programaci\u00f3n por d\u00edas del Com\u00e8dia!<\/p>\n<p><img loading=\"lazy\" decoding=\"async\" width=\"1080\" height=\"1080\" class=\"size-full wp-image-57319 aligncenter\" src=\"https:\/\/www.cruillabarcelona.cat\/wp-content\/uploads\/2025\/04\/CE25_Comedia_Cartell_Quadrat_ES.jpg\" alt=\"\" srcset=\"https:\/\/www.cruillabarcelona.cat\/wp-content\/uploads\/2025\/04\/CE25_Comedia_Cartell_Quadrat_ES.jpg 1080w, https:\/\/www.cruillabarcelona.cat\/wp-content\/uploads\/2025\/04\/CE25_Comedia_Cartell_Quadrat_ES-1024x1024.jpg 1024w, https:\/\/www.cruillabarcelona.cat\/wp-content\/uploads\/2025\/04\/CE25_Comedia_Cartell_Quadrat_ES-150x150.jpg 150w, https:\/\/www.cruillabarcelona.cat\/wp-content\/uploads\/2025\/04\/CE25_Comedia_Cartell_Quadrat_ES-768x768.jpg 768w, https:\/\/www.cruillabarcelona.cat\/wp-content\/uploads\/2025\/04\/CE25_Comedia_Cartell_Quadrat_ES-300x300.jpg 300w, https:\/\/www.cruillabarcelona.cat\/wp-content\/uploads\/2025\/04\/CE25_Comedia_Cartell_Quadrat_ES-600x600.jpg 600w\" sizes=\"auto, (max-width: 1080px) 100vw, 1080px\" \/><\/p>\n<p data-start=\"0\" data-end=\"399\">Hubo propuestas para todos los gustos, desde grandes nombres de la escena catalana como Ana Polo, Charlie Pee o los miembros fundadores de El Soterrani, hasta artistas que estaban arrasando a nivel nacional como Venga Monjas o Yunez Chaib, pasando por el talento emergente de Alba Segarra, Indicatiu, Alex Vila o c\u00f3micos consolidados a nivel internacional como Fede Cyrulnik, \u00a1entre muchos otros!<\/p>\n","protected":false},"excerpt":{"rendered":"<p>\u00a1COM\u00c8DIA EN EL FESTIVAL CRU\u00cfLLA! En una edici\u00f3n tan especial como esa no pod\u00eda faltar una de las disciplinas art\u00edsticas m\u00e1s importantes de la historia del [&hellip;]<\/p>\n","protected":false},"author":7,"featured_media":56948,"parent":0,"menu_order":0,"comment_status":"closed","ping_status":"closed","template":"page-templates\/page-landing.php","meta":{"_acf_changed":false,"footnotes":""},"class_list":["post-42773","page","type-page","status-publish","has-post-thumbnail","hentry"],"acf":[],"yoast_head":"<!-- This site is optimized with the Yoast SEO plugin v27.3 - https:\/\/yoast.com\/product\/yoast-seo-wordpress\/ -->\n<title>Com\u00e8dia 2025 - 11 y 12 de julio de 2025 en el Festival Cru\u00eflla<\/title>\n<meta name=\"description\" content=\"\u00a1El Com\u00e8dia se celebrar\u00e0 los d\u00edas 11 y 12 de julio de 2025 en el Escenario Vallformosa del Festival Cru\u00eflla!\" \/>\n<meta name=\"robots\" content=\"index, follow, max-snippet:-1, max-image-preview:large, max-video-preview:-1\" \/>\n<link rel=\"canonical\" href=\"https:\/\/www.cruillabarcelona.cat\/es\/comedia-2025\/\" \/>\n<meta property=\"og:locale\" content=\"es_ES\" \/>\n<meta property=\"og:type\" content=\"article\" \/>\n<meta property=\"og:title\" content=\"Com\u00e8dia 2025 - 11 y 12 de julio de 2025 en el Festival Cru\u00eflla\" \/>\n<meta property=\"og:description\" content=\"\u00a1El Com\u00e8dia se celebrar\u00e0 los d\u00edas 11 y 12 de julio de 2025 en el Escenario Vallformosa del Festival Cru\u00eflla!\" \/>\n<meta property=\"og:url\" content=\"https:\/\/www.cruillabarcelona.cat\/es\/comedia-2025\/\" \/>\n<meta property=\"og:site_name\" content=\"Festival Cru\u00eflla\" \/>\n<meta property=\"article:modified_time\" content=\"2025-10-30T15:17:17+00:00\" \/>\n<meta property=\"og:image\" content=\"https:\/\/www.cruillabarcelona.cat\/wp-content\/uploads\/2025\/03\/LandingWeb2.jpg\" \/>\n\t<meta property=\"og:image:width\" content=\"1500\" \/>\n\t<meta property=\"og:image:height\" content=\"500\" \/>\n\t<meta property=\"og:image:type\" content=\"image\/jpeg\" \/>\n<meta name=\"twitter:card\" content=\"summary_large_image\" \/>\n<meta name=\"twitter:label1\" content=\"Tiempo de lectura\" \/>\n\t<meta name=\"twitter:data1\" content=\"2 minutos\" \/>\n<script type=\"application\/ld+json\" class=\"yoast-schema-graph\">{\"@context\":\"https:\\\/\\\/schema.org\",\"@graph\":[{\"@type\":\"WebPage\",\"@id\":\"https:\\\/\\\/www.cruillabarcelona.cat\\\/es\\\/comedia-2025\\\/\",\"url\":\"https:\\\/\\\/www.cruillabarcelona.cat\\\/es\\\/comedia-2025\\\/\",\"name\":\"Com\u00e8dia 2025 - 11 y 12 de julio de 2025 en el Festival Cru\u00eflla\",\"isPartOf\":{\"@id\":\"https:\\\/\\\/www.cruillabarcelona.cat\\\/es\\\/#website\"},\"primaryImageOfPage\":{\"@id\":\"https:\\\/\\\/www.cruillabarcelona.cat\\\/es\\\/comedia-2025\\\/#primaryimage\"},\"image\":{\"@id\":\"https:\\\/\\\/www.cruillabarcelona.cat\\\/es\\\/comedia-2025\\\/#primaryimage\"},\"thumbnailUrl\":\"https:\\\/\\\/www.cruillabarcelona.cat\\\/wp-content\\\/uploads\\\/2025\\\/03\\\/LandingWeb2.jpg\",\"datePublished\":\"2022-04-07T10:21:48+00:00\",\"dateModified\":\"2025-10-30T15:17:17+00:00\",\"description\":\"\u00a1El Com\u00e8dia se celebrar\u00e0 los d\u00edas 11 y 12 de julio de 2025 en el Escenario Vallformosa del Festival Cru\u00eflla!\",\"breadcrumb\":{\"@id\":\"https:\\\/\\\/www.cruillabarcelona.cat\\\/es\\\/comedia-2025\\\/#breadcrumb\"},\"inLanguage\":\"es\",\"potentialAction\":[{\"@type\":\"ReadAction\",\"target\":[\"https:\\\/\\\/www.cruillabarcelona.cat\\\/es\\\/comedia-2025\\\/\"]}]},{\"@type\":\"ImageObject\",\"inLanguage\":\"es\",\"@id\":\"https:\\\/\\\/www.cruillabarcelona.cat\\\/es\\\/comedia-2025\\\/#primaryimage\",\"url\":\"https:\\\/\\\/www.cruillabarcelona.cat\\\/wp-content\\\/uploads\\\/2025\\\/03\\\/LandingWeb2.jpg\",\"contentUrl\":\"https:\\\/\\\/www.cruillabarcelona.cat\\\/wp-content\\\/uploads\\\/2025\\\/03\\\/LandingWeb2.jpg\",\"width\":1500,\"height\":500},{\"@type\":\"BreadcrumbList\",\"@id\":\"https:\\\/\\\/www.cruillabarcelona.cat\\\/es\\\/comedia-2025\\\/#breadcrumb\",\"itemListElement\":[{\"@type\":\"ListItem\",\"position\":1,\"name\":\"Home\",\"item\":\"https:\\\/\\\/www.cruillabarcelona.cat\\\/es\\\/\"},{\"@type\":\"ListItem\",\"position\":2,\"name\":\"Com\u00e8dia 2025\"}]},{\"@type\":\"WebSite\",\"@id\":\"https:\\\/\\\/www.cruillabarcelona.cat\\\/es\\\/#website\",\"url\":\"https:\\\/\\\/www.cruillabarcelona.cat\\\/es\\\/\",\"name\":\"Festival Cru\u00eflla\",\"description\":\"\",\"publisher\":{\"@id\":\"https:\\\/\\\/www.cruillabarcelona.cat\\\/es\\\/#organization\"},\"potentialAction\":[{\"@type\":\"SearchAction\",\"target\":{\"@type\":\"EntryPoint\",\"urlTemplate\":\"https:\\\/\\\/www.cruillabarcelona.cat\\\/es\\\/?s={search_term_string}\"},\"query-input\":{\"@type\":\"PropertyValueSpecification\",\"valueRequired\":true,\"valueName\":\"search_term_string\"}}],\"inLanguage\":\"es\"},{\"@type\":\"Organization\",\"@id\":\"https:\\\/\\\/www.cruillabarcelona.cat\\\/es\\\/#organization\",\"name\":\"Festival Cru\u00eflla\",\"url\":\"https:\\\/\\\/www.cruillabarcelona.cat\\\/es\\\/\",\"logo\":{\"@type\":\"ImageObject\",\"inLanguage\":\"es\",\"@id\":\"https:\\\/\\\/www.cruillabarcelona.cat\\\/es\\\/#\\\/schema\\\/logo\\\/image\\\/\",\"url\":\"https:\\\/\\\/www.cruillabarcelona.cat\\\/wp-content\\\/uploads\\\/2025\\\/12\\\/cruill-logo-negativo.png\",\"contentUrl\":\"https:\\\/\\\/www.cruillabarcelona.cat\\\/wp-content\\\/uploads\\\/2025\\\/12\\\/cruill-logo-negativo.png\",\"width\":400,\"height\":101,\"caption\":\"Festival Cru\u00eflla\"},\"image\":{\"@id\":\"https:\\\/\\\/www.cruillabarcelona.cat\\\/es\\\/#\\\/schema\\\/logo\\\/image\\\/\"}}]}<\/script>\n<!-- \/ Yoast SEO plugin. -->","yoast_head_json":{"title":"Com\u00e8dia 2025 - 11 y 12 de julio de 2025 en el Festival Cru\u00eflla","description":"\u00a1El Com\u00e8dia se celebrar\u00e0 los d\u00edas 11 y 12 de julio de 2025 en el Escenario Vallformosa del Festival Cru\u00eflla!","robots":{"index":"index","follow":"follow","max-snippet":"max-snippet:-1","max-image-preview":"max-image-preview:large","max-video-preview":"max-video-preview:-1"},"canonical":"https:\/\/www.cruillabarcelona.cat\/es\/comedia-2025\/","og_locale":"es_ES","og_type":"article","og_title":"Com\u00e8dia 2025 - 11 y 12 de julio de 2025 en el Festival Cru\u00eflla","og_description":"\u00a1El Com\u00e8dia se celebrar\u00e0 los d\u00edas 11 y 12 de julio de 2025 en el Escenario Vallformosa del Festival Cru\u00eflla!","og_url":"https:\/\/www.cruillabarcelona.cat\/es\/comedia-2025\/","og_site_name":"Festival Cru\u00eflla","article_modified_time":"2025-10-30T15:17:17+00:00","og_image":[{"width":1500,"height":500,"url":"https:\/\/www.cruillabarcelona.cat\/wp-content\/uploads\/2025\/03\/LandingWeb2.jpg","type":"image\/jpeg"}],"twitter_card":"summary_large_image","twitter_misc":{"Tiempo de lectura":"2 minutos"},"schema":{"@context":"https:\/\/schema.org","@graph":[{"@type":"WebPage","@id":"https:\/\/www.cruillabarcelona.cat\/es\/comedia-2025\/","url":"https:\/\/www.cruillabarcelona.cat\/es\/comedia-2025\/","name":"Com\u00e8dia 2025 - 11 y 12 de julio de 2025 en el Festival Cru\u00eflla","isPartOf":{"@id":"https:\/\/www.cruillabarcelona.cat\/es\/#website"},"primaryImageOfPage":{"@id":"https:\/\/www.cruillabarcelona.cat\/es\/comedia-2025\/#primaryimage"},"image":{"@id":"https:\/\/www.cruillabarcelona.cat\/es\/comedia-2025\/#primaryimage"},"thumbnailUrl":"https:\/\/www.cruillabarcelona.cat\/wp-content\/uploads\/2025\/03\/LandingWeb2.jpg","datePublished":"2022-04-07T10:21:48+00:00","dateModified":"2025-10-30T15:17:17+00:00","description":"\u00a1El Com\u00e8dia se celebrar\u00e0 los d\u00edas 11 y 12 de julio de 2025 en el Escenario Vallformosa del Festival Cru\u00eflla!","breadcrumb":{"@id":"https:\/\/www.cruillabarcelona.cat\/es\/comedia-2025\/#breadcrumb"},"inLanguage":"es","potentialAction":[{"@type":"ReadAction","target":["https:\/\/www.cruillabarcelona.cat\/es\/comedia-2025\/"]}]},{"@type":"ImageObject","inLanguage":"es","@id":"https:\/\/www.cruillabarcelona.cat\/es\/comedia-2025\/#primaryimage","url":"https:\/\/www.cruillabarcelona.cat\/wp-content\/uploads\/2025\/03\/LandingWeb2.jpg","contentUrl":"https:\/\/www.cruillabarcelona.cat\/wp-content\/uploads\/2025\/03\/LandingWeb2.jpg","width":1500,"height":500},{"@type":"BreadcrumbList","@id":"https:\/\/www.cruillabarcelona.cat\/es\/comedia-2025\/#breadcrumb","itemListElement":[{"@type":"ListItem","position":1,"name":"Home","item":"https:\/\/www.cruillabarcelona.cat\/es\/"},{"@type":"ListItem","position":2,"name":"Com\u00e8dia 2025"}]},{"@type":"WebSite","@id":"https:\/\/www.cruillabarcelona.cat\/es\/#website","url":"https:\/\/www.cruillabarcelona.cat\/es\/","name":"Festival Cru\u00eflla","description":"","publisher":{"@id":"https:\/\/www.cruillabarcelona.cat\/es\/#organization"},"potentialAction":[{"@type":"SearchAction","target":{"@type":"EntryPoint","urlTemplate":"https:\/\/www.cruillabarcelona.cat\/es\/?s={search_term_string}"},"query-input":{"@type":"PropertyValueSpecification","valueRequired":true,"valueName":"search_term_string"}}],"inLanguage":"es"},{"@type":"Organization","@id":"https:\/\/www.cruillabarcelona.cat\/es\/#organization","name":"Festival Cru\u00eflla","url":"https:\/\/www.cruillabarcelona.cat\/es\/","logo":{"@type":"ImageObject","inLanguage":"es","@id":"https:\/\/www.cruillabarcelona.cat\/es\/#\/schema\/logo\/image\/","url":"https:\/\/www.cruillabarcelona.cat\/wp-content\/uploads\/2025\/12\/cruill-logo-negativo.png","contentUrl":"https:\/\/www.cruillabarcelona.cat\/wp-content\/uploads\/2025\/12\/cruill-logo-negativo.png","width":400,"height":101,"caption":"Festival Cru\u00eflla"},"image":{"@id":"https:\/\/www.cruillabarcelona.cat\/es\/#\/schema\/logo\/image\/"}}]}},"_links":{"self":[{"href":"https:\/\/www.cruillabarcelona.cat\/es\/wp-json\/wp\/v2\/pages\/42773","targetHints":{"allow":["GET"]}}],"collection":[{"href":"https:\/\/www.cruillabarcelona.cat\/es\/wp-json\/wp\/v2\/pages"}],"about":[{"href":"https:\/\/www.cruillabarcelona.cat\/es\/wp-json\/wp\/v2\/types\/page"}],"author":[{"embeddable":true,"href":"https:\/\/www.cruillabarcelona.cat\/es\/wp-json\/wp\/v2\/users\/7"}],"replies":[{"embeddable":true,"href":"https:\/\/www.cruillabarcelona.cat\/es\/wp-json\/wp\/v2\/comments?post=42773"}],"version-history":[{"count":4,"href":"https:\/\/www.cruillabarcelona.cat\/es\/wp-json\/wp\/v2\/pages\/42773\/revisions"}],"predecessor-version":[{"id":60984,"href":"https:\/\/www.cruillabarcelona.cat\/es\/wp-json\/wp\/v2\/pages\/42773\/revisions\/60984"}],"wp:featuredmedia":[{"embeddable":true,"href":"https:\/\/www.cruillabarcelona.cat\/es\/wp-json\/wp\/v2\/media\/56948"}],"wp:attachment":[{"href":"https:\/\/www.cruillabarcelona.cat\/es\/wp-json\/wp\/v2\/media?parent=42773"}],"curies":[{"name":"wp","href":"https:\/\/api.w.org\/{rel}","templated":true}]}}