{"id":44395,"date":"2022-06-08T13:45:29","date_gmt":"2022-06-08T11:45:29","guid":{"rendered":"https:\/\/www.cruillabarcelona.cat\/?page_id=44395"},"modified":"2025-06-16T15:30:52","modified_gmt":"2025-06-16T13:30:52","slug":"cashless","status":"publish","type":"page","link":"https:\/\/www.cruillabarcelona.cat\/es\/cashless\/","title":{"rendered":"Informaci\u00f3n sobre la Pulsera Cashless"},"content":{"rendered":"<h2>La pulsera cashless, el m\u00e9todo de pago en el Cru\u00eflla<\/h2>\n<p>Cuando <strong>llegues al Festival Cru\u00eflla<\/strong> y ense\u00f1es tu entrada, te colocaremos una <strong>pulsera <em>cashless<\/em><\/strong>, que deber\u00e1s llevar puesta durante toda tu estancia en el festival.<\/p>\n<p>Esta <strong>pulsera<\/strong> es tu \u201cllave\u201d para entrar y salir del recinto y tambi\u00e9n el <strong>\u00fanico m\u00e9todo de pago<\/strong> dentro del Cru\u00eflla. Va ligada a tu <strong>cuenta personal,<\/strong> desde donde podr\u00e1s recargarla.<\/p>\n<hr \/>\n<p style=\"text-align: center;\"><em>Puedes acceder a tu cuenta personal aqu\u00ed:<\/em><\/p>\n<p><a class=\"weezevent-widget-integration\" title=\"Weezevent cashless\" data-src=\"https:\/\/widget.weezevent.com\/pay\/261961\/widgets\/1e997c95-648c-436e-9ae5-ad19b9884411#lang=es\" data-resize=\"1\" data-width_auto=\"1\" data-use-container=\"yes\" data-type=\"gadget\">WeezPay widget<\/a><script type=\"text\/javascript\" src=\"https:\/\/widget.weezevent.com\/weez.js\"><\/script><\/p>\n<p><em>* Si ya te registraste en a\u00f1os anteriores, utiliza la misma contrase\u00f1a. Si no la recuerdas, haz click en \u00ab\u00bfHas olvidado tu contrase\u00f1a?\u00bb<\/em><\/p>\n<hr \/>\n<h2>\u00bfC\u00f3mo funciona la pulsera cashless?<\/h2>\n<p><strong>Antes del Festival:<\/strong><\/p>\n<ul>\n<li>Crea tu <strong>cuenta personal<\/strong>. Tendr\u00e1s que <strong>asociar tu entrada<\/strong> siguiendo los pasos que el sistema te ir\u00e1 indicando. <strong>IMPORTANTE:<\/strong> Si has comprado m\u00e1s de una entrada del mismo tipo, ser\u00e1 necesario que cada asistente se cree su propia cuenta personal con su correo electr\u00f3nico.<\/li>\n<li>Una vez hayas asociado la entrada, podr\u00e1s <strong>cargar dinero en tu cuenta<\/strong> y este <strong>quedar\u00e1 vinculado a la pulsera<\/strong> que te entregaremos cuando llegues al festival.<\/li>\n<li>Adem\u00e1s, tambi\u00e9n podr\u00e1s <strong>reservar<\/strong> men\u00fas gastron\u00f3micos a precio reducido al cargar tu pulsera. Puedes hacer la prereserva de tu men\u00fa hasta 24 horas antes de su recogida.<\/li>\n<\/ul>\n<p><strong>Durante el Festival:<\/strong><\/p>\n<ul>\n<li>Si te quedas sin saldo, podr\u00e1s cargar dinero tantas veces como sea necesario, siempre desde tu dispositivo m\u00f3vil y a trav\u00e9s de tu cuenta personal. <strong>No habr\u00e1 puntos f\u00edsicos<\/strong> de carga en el recinto. Si tuvieras alg\u00fan problema, habr\u00e1 personal en el festival que te podr\u00e1 echar una mano.<\/li>\n<li aria-level=\"1\">Cada vez que hagas un pago dentro del recinto la persona que te cobre te podr\u00e1 indicar cu\u00e1nto dinero te queda en la pulsera. Tambi\u00e9n podr\u00e1s consultar esta informaci\u00f3n en cualquier momento en tu cuenta personal.<\/li>\n<li aria-level=\"1\"><strong>IMPORTANTE:<\/strong> si tienes <strong>entradas de diferentes d\u00edas<\/strong> (por ejemplo, una de jueves y una de s\u00e1bado), <strong>puedes vincular solo la entrada del primer d\u00eda en tu pulsera<\/strong>. Para poder seguir pagando el resto de d\u00edas, <strong>no te quites la pulsera <\/strong>hasta que no te vayas del festival el \u00faltimo d\u00eda.<\/li>\n<li aria-level=\"1\"><strong>Vajilla retornable y reutilizable:<\/strong> la primera vez que pidas una consumici\u00f3n en las barras, deber\u00e1s abonar <strong>2\u20ac<\/strong> con tu pulsera en concepto de <strong>alquiler del vaso<\/strong>, que se te volver\u00e1n a ingresar cuando lo retornes. Lo mismo tendr\u00e1s que hacer con los <strong>platos o envases<\/strong> de la zona de restauraci\u00f3n, que tendr\u00e1n tambi\u00e9n un precio de <strong>2\u20ac.<\/strong>\u00a0<strong>IMPORTANTE: solo podr\u00e1s devolver el mismo n\u00famero de vasos y platos que hayas pagado con tu pulsera.<\/strong><\/li>\n<\/ul>\n<p><strong>Despu\u00e9s del Festival:<\/strong><\/p>\n<ul>\n<li>El dinero que te quede en la pulsera una vez acabe el Cru\u00eflla <strong>se te devolver\u00e1 de forma autom\u00e1tica y sin ning\u00fan tipo de comisi\u00f3n<\/strong> en un plazo m\u00e1ximo de 15 d\u00edas desde la finalizaci\u00f3n del festival.<\/li>\n<li>Si el importe sobrante es<strong> igual o inferior a 2\u20ac,<\/strong> se destinar\u00e1 como <strong>donaci\u00f3n a<\/strong> <strong>Pallapupas<\/strong>. Si no quieres realizar la donaci\u00f3n, solo tienes que cargar un importe superior a 2\u20ac antes de que termine el festival y entonces se te devolver\u00e1 el importe \u00edntegro autom\u00e1ticamente. Tendr\u00e1s hasta el domingo 13 de julio a mediod\u00eda para hacer esta carga extra.<\/li>\n<\/ul>\n","protected":false},"excerpt":{"rendered":"<p>La pulsera cashless, el m\u00e9todo de pago en el Cru\u00eflla Cuando llegues al Festival Cru\u00eflla y ense\u00f1es tu entrada, te colocaremos una pulsera cashless, que deber\u00e1s [&hellip;]<\/p>\n","protected":false},"author":2,"featured_media":49327,"parent":0,"menu_order":0,"comment_status":"closed","ping_status":"closed","template":"page-templates\/page-landing.php","meta":{"_acf_changed":false,"footnotes":""},"class_list":["post-44395","page","type-page","status-publish","has-post-thumbnail","hentry"],"acf":[],"yoast_head":"<!-- This site is optimized with the Yoast SEO plugin v27.3 - https:\/\/yoast.com\/product\/yoast-seo-wordpress\/ -->\n<title>Carga tu pulsera cashless del Festival Cru\u00eflla<\/title>\n<meta name=\"description\" content=\"Ya puedes recargar tu pulsera cashless del Festival Cru\u00eflla. Av\u00e1nzate y carga ya tu dinero para el festival.\" \/>\n<meta name=\"robots\" content=\"index, follow, max-snippet:-1, max-image-preview:large, max-video-preview:-1\" \/>\n<link rel=\"canonical\" href=\"https:\/\/www.cruillabarcelona.cat\/es\/cashless\/\" \/>\n<meta property=\"og:locale\" content=\"es_ES\" \/>\n<meta property=\"og:type\" content=\"article\" \/>\n<meta property=\"og:title\" content=\"Carga tu pulsera cashless del Festival Cru\u00eflla\" \/>\n<meta property=\"og:description\" content=\"Ya puedes recargar tu pulsera cashless del Festival Cru\u00eflla. Av\u00e1nzate y carga ya tu dinero para el festival.\" \/>\n<meta property=\"og:url\" content=\"https:\/\/www.cruillabarcelona.cat\/es\/cashless\/\" \/>\n<meta property=\"og:site_name\" content=\"Festival Cru\u00eflla\" \/>\n<meta property=\"article:modified_time\" content=\"2025-06-16T13:30:52+00:00\" \/>\n<meta property=\"og:image\" content=\"https:\/\/www.cruillabarcelona.cat\/wp-content\/uploads\/2023\/06\/2022-07-06-AMBIENT-_M6I2211_PhotoXaviTorrent-scaled.jpg\" \/>\n\t<meta property=\"og:image:width\" content=\"2560\" \/>\n\t<meta property=\"og:image:height\" content=\"1706\" \/>\n\t<meta property=\"og:image:type\" content=\"image\/jpeg\" \/>\n<meta name=\"twitter:card\" content=\"summary_large_image\" \/>\n<meta name=\"twitter:label1\" content=\"Tiempo de lectura\" \/>\n\t<meta name=\"twitter:data1\" content=\"4 minutos\" \/>\n<script type=\"application\/ld+json\" class=\"yoast-schema-graph\">{\"@context\":\"https:\\\/\\\/schema.org\",\"@graph\":[{\"@type\":\"WebPage\",\"@id\":\"https:\\\/\\\/www.cruillabarcelona.cat\\\/es\\\/cashless\\\/\",\"url\":\"https:\\\/\\\/www.cruillabarcelona.cat\\\/es\\\/cashless\\\/\",\"name\":\"Carga tu pulsera cashless del Festival Cru\u00eflla\",\"isPartOf\":{\"@id\":\"https:\\\/\\\/www.cruillabarcelona.cat\\\/es\\\/#website\"},\"primaryImageOfPage\":{\"@id\":\"https:\\\/\\\/www.cruillabarcelona.cat\\\/es\\\/cashless\\\/#primaryimage\"},\"image\":{\"@id\":\"https:\\\/\\\/www.cruillabarcelona.cat\\\/es\\\/cashless\\\/#primaryimage\"},\"thumbnailUrl\":\"https:\\\/\\\/www.cruillabarcelona.cat\\\/wp-content\\\/uploads\\\/2023\\\/06\\\/2022-07-06-AMBIENT-_M6I2211_PhotoXaviTorrent-scaled.jpg\",\"datePublished\":\"2022-06-08T11:45:29+00:00\",\"dateModified\":\"2025-06-16T13:30:52+00:00\",\"description\":\"Ya puedes recargar tu pulsera cashless del Festival Cru\u00eflla. Av\u00e1nzate y carga ya tu dinero para el festival.\",\"breadcrumb\":{\"@id\":\"https:\\\/\\\/www.cruillabarcelona.cat\\\/es\\\/cashless\\\/#breadcrumb\"},\"inLanguage\":\"es\",\"potentialAction\":[{\"@type\":\"ReadAction\",\"target\":[\"https:\\\/\\\/www.cruillabarcelona.cat\\\/es\\\/cashless\\\/\"]}]},{\"@type\":\"ImageObject\",\"inLanguage\":\"es\",\"@id\":\"https:\\\/\\\/www.cruillabarcelona.cat\\\/es\\\/cashless\\\/#primaryimage\",\"url\":\"https:\\\/\\\/www.cruillabarcelona.cat\\\/wp-content\\\/uploads\\\/2023\\\/06\\\/2022-07-06-AMBIENT-_M6I2211_PhotoXaviTorrent-scaled.jpg\",\"contentUrl\":\"https:\\\/\\\/www.cruillabarcelona.cat\\\/wp-content\\\/uploads\\\/2023\\\/06\\\/2022-07-06-AMBIENT-_M6I2211_PhotoXaviTorrent-scaled.jpg\",\"width\":2560,\"height\":1706},{\"@type\":\"BreadcrumbList\",\"@id\":\"https:\\\/\\\/www.cruillabarcelona.cat\\\/es\\\/cashless\\\/#breadcrumb\",\"itemListElement\":[{\"@type\":\"ListItem\",\"position\":1,\"name\":\"Home\",\"item\":\"https:\\\/\\\/www.cruillabarcelona.cat\\\/es\\\/\"},{\"@type\":\"ListItem\",\"position\":2,\"name\":\"Informaci\u00f3n sobre la Pulsera Cashless\"}]},{\"@type\":\"WebSite\",\"@id\":\"https:\\\/\\\/www.cruillabarcelona.cat\\\/es\\\/#website\",\"url\":\"https:\\\/\\\/www.cruillabarcelona.cat\\\/es\\\/\",\"name\":\"Festival Cru\u00eflla\",\"description\":\"\",\"publisher\":{\"@id\":\"https:\\\/\\\/www.cruillabarcelona.cat\\\/es\\\/#organization\"},\"potentialAction\":[{\"@type\":\"SearchAction\",\"target\":{\"@type\":\"EntryPoint\",\"urlTemplate\":\"https:\\\/\\\/www.cruillabarcelona.cat\\\/es\\\/?s={search_term_string}\"},\"query-input\":{\"@type\":\"PropertyValueSpecification\",\"valueRequired\":true,\"valueName\":\"search_term_string\"}}],\"inLanguage\":\"es\"},{\"@type\":\"Organization\",\"@id\":\"https:\\\/\\\/www.cruillabarcelona.cat\\\/es\\\/#organization\",\"name\":\"Festival Cru\u00eflla\",\"url\":\"https:\\\/\\\/www.cruillabarcelona.cat\\\/es\\\/\",\"logo\":{\"@type\":\"ImageObject\",\"inLanguage\":\"es\",\"@id\":\"https:\\\/\\\/www.cruillabarcelona.cat\\\/es\\\/#\\\/schema\\\/logo\\\/image\\\/\",\"url\":\"https:\\\/\\\/www.cruillabarcelona.cat\\\/wp-content\\\/uploads\\\/2025\\\/12\\\/cruill-logo-negativo.png\",\"contentUrl\":\"https:\\\/\\\/www.cruillabarcelona.cat\\\/wp-content\\\/uploads\\\/2025\\\/12\\\/cruill-logo-negativo.png\",\"width\":400,\"height\":101,\"caption\":\"Festival Cru\u00eflla\"},\"image\":{\"@id\":\"https:\\\/\\\/www.cruillabarcelona.cat\\\/es\\\/#\\\/schema\\\/logo\\\/image\\\/\"}}]}<\/script>\n<!-- \/ Yoast SEO plugin. -->","yoast_head_json":{"title":"Carga tu pulsera cashless del Festival Cru\u00eflla","description":"Ya puedes recargar tu pulsera cashless del Festival Cru\u00eflla. Av\u00e1nzate y carga ya tu dinero para el festival.","robots":{"index":"index","follow":"follow","max-snippet":"max-snippet:-1","max-image-preview":"max-image-preview:large","max-video-preview":"max-video-preview:-1"},"canonical":"https:\/\/www.cruillabarcelona.cat\/es\/cashless\/","og_locale":"es_ES","og_type":"article","og_title":"Carga tu pulsera cashless del Festival Cru\u00eflla","og_description":"Ya puedes recargar tu pulsera cashless del Festival Cru\u00eflla. Av\u00e1nzate y carga ya tu dinero para el festival.","og_url":"https:\/\/www.cruillabarcelona.cat\/es\/cashless\/","og_site_name":"Festival Cru\u00eflla","article_modified_time":"2025-06-16T13:30:52+00:00","og_image":[{"width":2560,"height":1706,"url":"https:\/\/www.cruillabarcelona.cat\/wp-content\/uploads\/2023\/06\/2022-07-06-AMBIENT-_M6I2211_PhotoXaviTorrent-scaled.jpg","type":"image\/jpeg"}],"twitter_card":"summary_large_image","twitter_misc":{"Tiempo de lectura":"4 minutos"},"schema":{"@context":"https:\/\/schema.org","@graph":[{"@type":"WebPage","@id":"https:\/\/www.cruillabarcelona.cat\/es\/cashless\/","url":"https:\/\/www.cruillabarcelona.cat\/es\/cashless\/","name":"Carga tu pulsera cashless del Festival Cru\u00eflla","isPartOf":{"@id":"https:\/\/www.cruillabarcelona.cat\/es\/#website"},"primaryImageOfPage":{"@id":"https:\/\/www.cruillabarcelona.cat\/es\/cashless\/#primaryimage"},"image":{"@id":"https:\/\/www.cruillabarcelona.cat\/es\/cashless\/#primaryimage"},"thumbnailUrl":"https:\/\/www.cruillabarcelona.cat\/wp-content\/uploads\/2023\/06\/2022-07-06-AMBIENT-_M6I2211_PhotoXaviTorrent-scaled.jpg","datePublished":"2022-06-08T11:45:29+00:00","dateModified":"2025-06-16T13:30:52+00:00","description":"Ya puedes recargar tu pulsera cashless del Festival Cru\u00eflla. Av\u00e1nzate y carga ya tu dinero para el festival.","breadcrumb":{"@id":"https:\/\/www.cruillabarcelona.cat\/es\/cashless\/#breadcrumb"},"inLanguage":"es","potentialAction":[{"@type":"ReadAction","target":["https:\/\/www.cruillabarcelona.cat\/es\/cashless\/"]}]},{"@type":"ImageObject","inLanguage":"es","@id":"https:\/\/www.cruillabarcelona.cat\/es\/cashless\/#primaryimage","url":"https:\/\/www.cruillabarcelona.cat\/wp-content\/uploads\/2023\/06\/2022-07-06-AMBIENT-_M6I2211_PhotoXaviTorrent-scaled.jpg","contentUrl":"https:\/\/www.cruillabarcelona.cat\/wp-content\/uploads\/2023\/06\/2022-07-06-AMBIENT-_M6I2211_PhotoXaviTorrent-scaled.jpg","width":2560,"height":1706},{"@type":"BreadcrumbList","@id":"https:\/\/www.cruillabarcelona.cat\/es\/cashless\/#breadcrumb","itemListElement":[{"@type":"ListItem","position":1,"name":"Home","item":"https:\/\/www.cruillabarcelona.cat\/es\/"},{"@type":"ListItem","position":2,"name":"Informaci\u00f3n sobre la Pulsera Cashless"}]},{"@type":"WebSite","@id":"https:\/\/www.cruillabarcelona.cat\/es\/#website","url":"https:\/\/www.cruillabarcelona.cat\/es\/","name":"Festival Cru\u00eflla","description":"","publisher":{"@id":"https:\/\/www.cruillabarcelona.cat\/es\/#organization"},"potentialAction":[{"@type":"SearchAction","target":{"@type":"EntryPoint","urlTemplate":"https:\/\/www.cruillabarcelona.cat\/es\/?s={search_term_string}"},"query-input":{"@type":"PropertyValueSpecification","valueRequired":true,"valueName":"search_term_string"}}],"inLanguage":"es"},{"@type":"Organization","@id":"https:\/\/www.cruillabarcelona.cat\/es\/#organization","name":"Festival Cru\u00eflla","url":"https:\/\/www.cruillabarcelona.cat\/es\/","logo":{"@type":"ImageObject","inLanguage":"es","@id":"https:\/\/www.cruillabarcelona.cat\/es\/#\/schema\/logo\/image\/","url":"https:\/\/www.cruillabarcelona.cat\/wp-content\/uploads\/2025\/12\/cruill-logo-negativo.png","contentUrl":"https:\/\/www.cruillabarcelona.cat\/wp-content\/uploads\/2025\/12\/cruill-logo-negativo.png","width":400,"height":101,"caption":"Festival Cru\u00eflla"},"image":{"@id":"https:\/\/www.cruillabarcelona.cat\/es\/#\/schema\/logo\/image\/"}}]}},"_links":{"self":[{"href":"https:\/\/www.cruillabarcelona.cat\/es\/wp-json\/wp\/v2\/pages\/44395","targetHints":{"allow":["GET"]}}],"collection":[{"href":"https:\/\/www.cruillabarcelona.cat\/es\/wp-json\/wp\/v2\/pages"}],"about":[{"href":"https:\/\/www.cruillabarcelona.cat\/es\/wp-json\/wp\/v2\/types\/page"}],"author":[{"embeddable":true,"href":"https:\/\/www.cruillabarcelona.cat\/es\/wp-json\/wp\/v2\/users\/2"}],"replies":[{"embeddable":true,"href":"https:\/\/www.cruillabarcelona.cat\/es\/wp-json\/wp\/v2\/comments?post=44395"}],"version-history":[{"count":5,"href":"https:\/\/www.cruillabarcelona.cat\/es\/wp-json\/wp\/v2\/pages\/44395\/revisions"}],"predecessor-version":[{"id":59649,"href":"https:\/\/www.cruillabarcelona.cat\/es\/wp-json\/wp\/v2\/pages\/44395\/revisions\/59649"}],"wp:featuredmedia":[{"embeddable":true,"href":"https:\/\/www.cruillabarcelona.cat\/es\/wp-json\/wp\/v2\/media\/49327"}],"wp:attachment":[{"href":"https:\/\/www.cruillabarcelona.cat\/es\/wp-json\/wp\/v2\/media?parent=44395"}],"curies":[{"name":"wp","href":"https:\/\/api.w.org\/{rel}","templated":true}]}}