{"id":46929,"date":"2022-12-15T18:10:14","date_gmt":"2022-12-15T16:10:14","guid":{"rendered":"https:\/\/www.cruillabarcelona.cat\/?page_id=46929"},"modified":"2024-05-30T10:05:40","modified_gmt":"2024-05-30T08:05:40","slug":"landing-dimecres","status":"publish","type":"page","link":"https:\/\/www.cruillabarcelona.cat\/es\/landing-dimecres\/","title":{"rendered":"Mi\u00e9rcoles Cru\u00eflla 2024"},"content":{"rendered":"<h2 style=\"text-align: center;\">UN mi\u00e9rcoles De ADRENALINA URBANA<\/h2>\n<p>Si llevas todo el a\u00f1o reteniendo las ganas de bailar tu m\u00fasica urbana favorita en el autob\u00fas mientras la escuchas en los auriculares, si no concibes una fiesta sin un poco de perreo y unas cuantas barras o si te pasas el d\u00eda esperando las novedades musicales de los artistas del momento, el\u00a0<strong>mi\u00e9rcoles 10 de julio<\/strong>\u00a0no puedes faltar en el\u00a0<strong>Festival Cru\u00eflla 2024<\/strong>!<\/p>\n<p><img decoding=\"async\" class=\"aligncenter wp-image-53111 size-large\" src=\"https:\/\/www.cruillabarcelona.cat\/wp-content\/uploads\/2024\/05\/Cartell_CE24_Dimecres_ES-1024x1024.jpg\" alt=\"\" width=\"900\" height=\"900\" srcset=\"https:\/\/www.cruillabarcelona.cat\/wp-content\/uploads\/2024\/05\/Cartell_CE24_Dimecres_ES-1024x1024.jpg 1024w, https:\/\/www.cruillabarcelona.cat\/wp-content\/uploads\/2024\/05\/Cartell_CE24_Dimecres_ES-150x150.jpg 150w, https:\/\/www.cruillabarcelona.cat\/wp-content\/uploads\/2024\/05\/Cartell_CE24_Dimecres_ES-768x768.jpg 768w, https:\/\/www.cruillabarcelona.cat\/wp-content\/uploads\/2024\/05\/Cartell_CE24_Dimecres_ES-300x300.jpg 300w, https:\/\/www.cruillabarcelona.cat\/wp-content\/uploads\/2024\/05\/Cartell_CE24_Dimecres_ES-600x600.jpg 600w, https:\/\/www.cruillabarcelona.cat\/wp-content\/uploads\/2024\/05\/Cartell_CE24_Dimecres_ES.jpg 1200w\" sizes=\"(max-width: 900px) 100vw, 900px\" \/><\/p>\n<p><strong>Maria Becerra, Trueno e YSY A<\/strong>\u00a0vendr\u00e1n desde Argentina para traernos sus mejores hits de pop, reggaet\u00f3n, trap y rap hasta el Parc del F\u00f2rum, present\u00e1ndonos su nueva m\u00fasica y haci\u00e9ndonos dejarnos la voz con sus hits de siempre. Tampoco faltar\u00e1 el talento urbano nacional, desde el show imperdible de\u00a0<strong>31 FAM<\/strong>, a la gira de despedida de\u00a0<strong>Funzo &amp; Baby Loud<\/strong>, pasando por la bachateta catalana de los\u00a0<strong>Figa Flawas.<\/strong><\/p>\n<p>Desde otra rama de la m\u00fasica urbana tendremos a\u00a0<strong>Rojuu<\/strong>\u00a0o\u00a0<strong>Mar\u00eda<\/strong>\u00a0<strong>Escarmiento<\/strong>, que han sacudido los cementos del pop, y las propuestas emergentes para descubrir de\u00a0<strong>Kora<\/strong>,\u00a0<strong>Sila<\/strong>\u00a0<strong>Lua<\/strong>,\u00a0<strong>Maria<\/strong>\u00a0<strong>Blaya<\/strong>\u00a0y\u00a0<strong>Love<\/strong>\u00a0<strong>Yi<\/strong>. \u00a1Consigue tu entrada de d\u00eda o abono de 4 d\u00edas para disfrutarlos a todos y todas en el Festival Cru\u00eflla 2024!<\/p>\n<p style=\"text-align: center;\">[efsflexvideo type=\u00bbyoutube\u00bb url=\u00bbhttps:\/\/www.youtube.com\/watch?v=VPUTi7-Zad8&#8243; allowfullscreen=\u00bbyes\u00bb widescreen=\u00bbyes\u00bb width=\u00bb420&#8243; height=\u00bb315&#8243;\/]<\/p>\n<p>Durante el mismo d\u00eda tambi\u00e9n podr\u00e1s disfrutar de tu comida favorita, desde hamburguesas, a pizzas o fideos, entre otras muchas\u00a0<strong>propuestas gastron\u00f3micas<\/strong>, y flipar con el\u00a0<strong>arte en vivo de los grafiteros<\/strong>\u00a0que retratar\u00e1n los cabezas de cartel de la edici\u00f3n de este a\u00f1o. \u00a1Recuerda que\u00a0<strong>puedes venir gratuitamente utilizando el Bono Cultural Joven\u00a0<\/strong>si has cumplido o cumplir\u00e1s 18 a\u00f1os durante el 2024!<\/p>\n<p>Y si este a\u00f1o has cumplido 18 a\u00f1os, <strong>ven gratis<\/strong> con el <a href=\"https:\/\/www.cruillabarcelona.cat\/blog\/bonus-cultural\/\"><strong>BONO Cultural Joven<\/strong><\/a>!<\/p>\n<p><iframe loading=\"lazy\" style=\"border-radius: 12px;\" src=\"https:\/\/open.spotify.com\/embed\/playlist\/0sjUKsh5ESydhoDlVpcoVV?utm_source=generator\" width=\"100%\" height=\"352\" frameborder=\"0\" allowfullscreen=\"allowfullscreen\"><\/iframe><\/p>\n","protected":false},"excerpt":{"rendered":"<p>UN mi\u00e9rcoles De ADRENALINA URBANA Si llevas todo el a\u00f1o reteniendo las ganas de bailar tu m\u00fasica urbana favorita en el autob\u00fas mientras la escuchas en [&hellip;]<\/p>\n","protected":false},"author":2,"featured_media":53090,"parent":0,"menu_order":0,"comment_status":"closed","ping_status":"closed","template":"page-templates\/page-landing.php","meta":{"_acf_changed":false,"footnotes":""},"class_list":["post-46929","page","type-page","status-publish","has-post-thumbnail","hentry"],"acf":[],"yoast_head":"<!-- This site is optimized with the Yoast SEO plugin v27.5 - https:\/\/yoast.com\/product\/yoast-seo-wordpress\/ -->\n<title>Mi\u00e9rcoles 10 de julio en el Festival Cru\u00eflla 2024<\/title>\n<meta name=\"description\" content=\"\u00a1Compra entradas para el 10 de julio del Festival Cru\u00eflla 2024 y podr\u00e1s ver los a Maria Becerra, Trueno, Funzo &amp; Baby Loud y muchos m\u00e1s!\" \/>\n<meta name=\"robots\" content=\"index, follow, max-snippet:-1, max-image-preview:large, max-video-preview:-1\" \/>\n<link rel=\"canonical\" href=\"https:\/\/www.cruillabarcelona.cat\/es\/landing-dimecres\/\" \/>\n<meta property=\"og:locale\" content=\"es_ES\" \/>\n<meta property=\"og:type\" content=\"article\" \/>\n<meta property=\"og:title\" content=\"Mi\u00e9rcoles 10 de julio en el Festival Cru\u00eflla 2024\" \/>\n<meta property=\"og:description\" content=\"\u00a1Compra entradas para el 10 de julio del Festival Cru\u00eflla 2024 y podr\u00e1s ver los a Maria Becerra, Trueno, Funzo &amp; Baby Loud y muchos m\u00e1s!\" \/>\n<meta property=\"og:url\" content=\"https:\/\/www.cruillabarcelona.cat\/es\/landing-dimecres\/\" \/>\n<meta property=\"og:site_name\" content=\"Festival Cru\u00eflla\" \/>\n<meta property=\"article:modified_time\" content=\"2024-05-30T08:05:40+00:00\" \/>\n<meta property=\"og:image\" content=\"https:\/\/www.cruillabarcelona.cat\/wp-content\/uploads\/2024\/05\/CE24_LandingDimecres_WebDesktop.jpg\" \/>\n\t<meta property=\"og:image:width\" content=\"1500\" \/>\n\t<meta property=\"og:image:height\" content=\"500\" \/>\n\t<meta property=\"og:image:type\" content=\"image\/jpeg\" \/>\n<meta name=\"twitter:card\" content=\"summary_large_image\" \/>\n<meta name=\"twitter:label1\" content=\"Tiempo de lectura\" \/>\n\t<meta name=\"twitter:data1\" content=\"2 minutos\" \/>\n<script type=\"application\/ld+json\" class=\"yoast-schema-graph\">{\"@context\":\"https:\\\/\\\/schema.org\",\"@graph\":[{\"@type\":\"WebPage\",\"@id\":\"https:\\\/\\\/www.cruillabarcelona.cat\\\/es\\\/landing-dimecres\\\/\",\"url\":\"https:\\\/\\\/www.cruillabarcelona.cat\\\/es\\\/landing-dimecres\\\/\",\"name\":\"Mi\u00e9rcoles 10 de julio en el Festival Cru\u00eflla 2024\",\"isPartOf\":{\"@id\":\"https:\\\/\\\/www.cruillabarcelona.cat\\\/es\\\/#website\"},\"primaryImageOfPage\":{\"@id\":\"https:\\\/\\\/www.cruillabarcelona.cat\\\/es\\\/landing-dimecres\\\/#primaryimage\"},\"image\":{\"@id\":\"https:\\\/\\\/www.cruillabarcelona.cat\\\/es\\\/landing-dimecres\\\/#primaryimage\"},\"thumbnailUrl\":\"https:\\\/\\\/www.cruillabarcelona.cat\\\/wp-content\\\/uploads\\\/2024\\\/05\\\/CE24_LandingDimecres_WebDesktop.jpg\",\"datePublished\":\"2022-12-15T16:10:14+00:00\",\"dateModified\":\"2024-05-30T08:05:40+00:00\",\"description\":\"\u00a1Compra entradas para el 10 de julio del Festival Cru\u00eflla 2024 y podr\u00e1s ver los a Maria Becerra, Trueno, Funzo & Baby Loud y muchos m\u00e1s!\",\"breadcrumb\":{\"@id\":\"https:\\\/\\\/www.cruillabarcelona.cat\\\/es\\\/landing-dimecres\\\/#breadcrumb\"},\"inLanguage\":\"es\",\"potentialAction\":[{\"@type\":\"ReadAction\",\"target\":[\"https:\\\/\\\/www.cruillabarcelona.cat\\\/es\\\/landing-dimecres\\\/\"]}]},{\"@type\":\"ImageObject\",\"inLanguage\":\"es\",\"@id\":\"https:\\\/\\\/www.cruillabarcelona.cat\\\/es\\\/landing-dimecres\\\/#primaryimage\",\"url\":\"https:\\\/\\\/www.cruillabarcelona.cat\\\/wp-content\\\/uploads\\\/2024\\\/05\\\/CE24_LandingDimecres_WebDesktop.jpg\",\"contentUrl\":\"https:\\\/\\\/www.cruillabarcelona.cat\\\/wp-content\\\/uploads\\\/2024\\\/05\\\/CE24_LandingDimecres_WebDesktop.jpg\",\"width\":1500,\"height\":500},{\"@type\":\"BreadcrumbList\",\"@id\":\"https:\\\/\\\/www.cruillabarcelona.cat\\\/es\\\/landing-dimecres\\\/#breadcrumb\",\"itemListElement\":[{\"@type\":\"ListItem\",\"position\":1,\"name\":\"Home\",\"item\":\"https:\\\/\\\/www.cruillabarcelona.cat\\\/es\\\/\"},{\"@type\":\"ListItem\",\"position\":2,\"name\":\"Mi\u00e9rcoles Cru\u00eflla 2024\"}]},{\"@type\":\"WebSite\",\"@id\":\"https:\\\/\\\/www.cruillabarcelona.cat\\\/es\\\/#website\",\"url\":\"https:\\\/\\\/www.cruillabarcelona.cat\\\/es\\\/\",\"name\":\"Festival Cru\u00eflla\",\"description\":\"\",\"publisher\":{\"@id\":\"https:\\\/\\\/www.cruillabarcelona.cat\\\/es\\\/#organization\"},\"potentialAction\":[{\"@type\":\"SearchAction\",\"target\":{\"@type\":\"EntryPoint\",\"urlTemplate\":\"https:\\\/\\\/www.cruillabarcelona.cat\\\/es\\\/?s={search_term_string}\"},\"query-input\":{\"@type\":\"PropertyValueSpecification\",\"valueRequired\":true,\"valueName\":\"search_term_string\"}}],\"inLanguage\":\"es\"},{\"@type\":\"Organization\",\"@id\":\"https:\\\/\\\/www.cruillabarcelona.cat\\\/es\\\/#organization\",\"name\":\"Festival Cru\u00eflla\",\"url\":\"https:\\\/\\\/www.cruillabarcelona.cat\\\/es\\\/\",\"logo\":{\"@type\":\"ImageObject\",\"inLanguage\":\"es\",\"@id\":\"https:\\\/\\\/www.cruillabarcelona.cat\\\/es\\\/#\\\/schema\\\/logo\\\/image\\\/\",\"url\":\"https:\\\/\\\/www.cruillabarcelona.cat\\\/wp-content\\\/uploads\\\/2025\\\/12\\\/cruill-logo-negativo.png\",\"contentUrl\":\"https:\\\/\\\/www.cruillabarcelona.cat\\\/wp-content\\\/uploads\\\/2025\\\/12\\\/cruill-logo-negativo.png\",\"width\":400,\"height\":101,\"caption\":\"Festival Cru\u00eflla\"},\"image\":{\"@id\":\"https:\\\/\\\/www.cruillabarcelona.cat\\\/es\\\/#\\\/schema\\\/logo\\\/image\\\/\"}}]}<\/script>\n<!-- \/ Yoast SEO plugin. -->","yoast_head_json":{"title":"Mi\u00e9rcoles 10 de julio en el Festival Cru\u00eflla 2024","description":"\u00a1Compra entradas para el 10 de julio del Festival Cru\u00eflla 2024 y podr\u00e1s ver los a Maria Becerra, Trueno, Funzo & Baby Loud y muchos m\u00e1s!","robots":{"index":"index","follow":"follow","max-snippet":"max-snippet:-1","max-image-preview":"max-image-preview:large","max-video-preview":"max-video-preview:-1"},"canonical":"https:\/\/www.cruillabarcelona.cat\/es\/landing-dimecres\/","og_locale":"es_ES","og_type":"article","og_title":"Mi\u00e9rcoles 10 de julio en el Festival Cru\u00eflla 2024","og_description":"\u00a1Compra entradas para el 10 de julio del Festival Cru\u00eflla 2024 y podr\u00e1s ver los a Maria Becerra, Trueno, Funzo & Baby Loud y muchos m\u00e1s!","og_url":"https:\/\/www.cruillabarcelona.cat\/es\/landing-dimecres\/","og_site_name":"Festival Cru\u00eflla","article_modified_time":"2024-05-30T08:05:40+00:00","og_image":[{"width":1500,"height":500,"url":"https:\/\/www.cruillabarcelona.cat\/wp-content\/uploads\/2024\/05\/CE24_LandingDimecres_WebDesktop.jpg","type":"image\/jpeg"}],"twitter_card":"summary_large_image","twitter_misc":{"Tiempo de lectura":"2 minutos"},"schema":{"@context":"https:\/\/schema.org","@graph":[{"@type":"WebPage","@id":"https:\/\/www.cruillabarcelona.cat\/es\/landing-dimecres\/","url":"https:\/\/www.cruillabarcelona.cat\/es\/landing-dimecres\/","name":"Mi\u00e9rcoles 10 de julio en el Festival Cru\u00eflla 2024","isPartOf":{"@id":"https:\/\/www.cruillabarcelona.cat\/es\/#website"},"primaryImageOfPage":{"@id":"https:\/\/www.cruillabarcelona.cat\/es\/landing-dimecres\/#primaryimage"},"image":{"@id":"https:\/\/www.cruillabarcelona.cat\/es\/landing-dimecres\/#primaryimage"},"thumbnailUrl":"https:\/\/www.cruillabarcelona.cat\/wp-content\/uploads\/2024\/05\/CE24_LandingDimecres_WebDesktop.jpg","datePublished":"2022-12-15T16:10:14+00:00","dateModified":"2024-05-30T08:05:40+00:00","description":"\u00a1Compra entradas para el 10 de julio del Festival Cru\u00eflla 2024 y podr\u00e1s ver los a Maria Becerra, Trueno, Funzo & Baby Loud y muchos m\u00e1s!","breadcrumb":{"@id":"https:\/\/www.cruillabarcelona.cat\/es\/landing-dimecres\/#breadcrumb"},"inLanguage":"es","potentialAction":[{"@type":"ReadAction","target":["https:\/\/www.cruillabarcelona.cat\/es\/landing-dimecres\/"]}]},{"@type":"ImageObject","inLanguage":"es","@id":"https:\/\/www.cruillabarcelona.cat\/es\/landing-dimecres\/#primaryimage","url":"https:\/\/www.cruillabarcelona.cat\/wp-content\/uploads\/2024\/05\/CE24_LandingDimecres_WebDesktop.jpg","contentUrl":"https:\/\/www.cruillabarcelona.cat\/wp-content\/uploads\/2024\/05\/CE24_LandingDimecres_WebDesktop.jpg","width":1500,"height":500},{"@type":"BreadcrumbList","@id":"https:\/\/www.cruillabarcelona.cat\/es\/landing-dimecres\/#breadcrumb","itemListElement":[{"@type":"ListItem","position":1,"name":"Home","item":"https:\/\/www.cruillabarcelona.cat\/es\/"},{"@type":"ListItem","position":2,"name":"Mi\u00e9rcoles Cru\u00eflla 2024"}]},{"@type":"WebSite","@id":"https:\/\/www.cruillabarcelona.cat\/es\/#website","url":"https:\/\/www.cruillabarcelona.cat\/es\/","name":"Festival Cru\u00eflla","description":"","publisher":{"@id":"https:\/\/www.cruillabarcelona.cat\/es\/#organization"},"potentialAction":[{"@type":"SearchAction","target":{"@type":"EntryPoint","urlTemplate":"https:\/\/www.cruillabarcelona.cat\/es\/?s={search_term_string}"},"query-input":{"@type":"PropertyValueSpecification","valueRequired":true,"valueName":"search_term_string"}}],"inLanguage":"es"},{"@type":"Organization","@id":"https:\/\/www.cruillabarcelona.cat\/es\/#organization","name":"Festival Cru\u00eflla","url":"https:\/\/www.cruillabarcelona.cat\/es\/","logo":{"@type":"ImageObject","inLanguage":"es","@id":"https:\/\/www.cruillabarcelona.cat\/es\/#\/schema\/logo\/image\/","url":"https:\/\/www.cruillabarcelona.cat\/wp-content\/uploads\/2025\/12\/cruill-logo-negativo.png","contentUrl":"https:\/\/www.cruillabarcelona.cat\/wp-content\/uploads\/2025\/12\/cruill-logo-negativo.png","width":400,"height":101,"caption":"Festival Cru\u00eflla"},"image":{"@id":"https:\/\/www.cruillabarcelona.cat\/es\/#\/schema\/logo\/image\/"}}]}},"_links":{"self":[{"href":"https:\/\/www.cruillabarcelona.cat\/es\/wp-json\/wp\/v2\/pages\/46929","targetHints":{"allow":["GET"]}}],"collection":[{"href":"https:\/\/www.cruillabarcelona.cat\/es\/wp-json\/wp\/v2\/pages"}],"about":[{"href":"https:\/\/www.cruillabarcelona.cat\/es\/wp-json\/wp\/v2\/types\/page"}],"author":[{"embeddable":true,"href":"https:\/\/www.cruillabarcelona.cat\/es\/wp-json\/wp\/v2\/users\/2"}],"replies":[{"embeddable":true,"href":"https:\/\/www.cruillabarcelona.cat\/es\/wp-json\/wp\/v2\/comments?post=46929"}],"version-history":[{"count":5,"href":"https:\/\/www.cruillabarcelona.cat\/es\/wp-json\/wp\/v2\/pages\/46929\/revisions"}],"predecessor-version":[{"id":53372,"href":"https:\/\/www.cruillabarcelona.cat\/es\/wp-json\/wp\/v2\/pages\/46929\/revisions\/53372"}],"wp:featuredmedia":[{"embeddable":true,"href":"https:\/\/www.cruillabarcelona.cat\/es\/wp-json\/wp\/v2\/media\/53090"}],"wp:attachment":[{"href":"https:\/\/www.cruillabarcelona.cat\/es\/wp-json\/wp\/v2\/media?parent=46929"}],"curies":[{"name":"wp","href":"https:\/\/api.w.org\/{rel}","templated":true}]}}