{"id":4888,"date":"2017-05-16T15:59:09","date_gmt":"2017-05-16T15:59:09","guid":{"rendered":"https:\/\/www.cruillabarcelona.cat\/?page_id=4888\/"},"modified":"2017-05-18T11:35:40","modified_gmt":"2017-05-18T11:35:40","slug":"feliz-cumpleanos-no","status":"publish","type":"page","link":"https:\/\/www.cruillabarcelona.cat\/es\/feliz-cumpleanos-no\/","title":{"rendered":"\u00a1Feliz cumplea\u00f1os!"},"content":{"rendered":"<p><strong>\u00a1Hola! \u00bfSeguro que quieres dejar pasar este regalo de cumplea\u00f1os?<\/strong><\/p>\n<p>Tenemos tantas ganas de verte en el Cru\u00eflla 2017 que estamos dispuestos a ofrecerte un regalo a\u00fan mejor&#8230; En lugar\u00a0de una entrada de d\u00eda o abono, con este descuento podr\u00e1s conseguir\u00a0<strong>dos abonos o entradas de d\u00eda<\/strong> con un <strong>20% de descuento<\/strong>.<\/p>\n<p>Solo tienes que seguir estos pasos:<\/p>\n<ol>\n<li>Haz clic <span style=\"color: #ff6600;\"><strong><a style=\"color: #ff6600;\" href=\"https:\/\/www.portalticket.com\/entradas\/cruilla-barcelona\/marketing-directe?utm_source=Marketingdirecte&amp;utm_medium=newsletter&amp;utm_content=anivmaig&amp;utm_campaign=20descompte\" target=\"_blank\" rel=\"noopener noreferrer\">aqu\u00ed<\/a><\/strong><\/span>.<\/li>\n<li>Selecciona el tipo de entrada que te interesa.<\/li>\n<li>Introduce el c\u00f3digo que te hemos enviado por email en la caja de \u00abC\u00f3digo\u00bb y pulsa en \u00abAplicar promoci\u00f3n\u00bb.<\/li>\n<li>Selecciona 1 o 2 entradas y pulsa \u00abContinuar\u00bb.<\/li>\n<li>Completa el proceso de compra.<\/li>\n<\/ol>\n<p>Ten en cuenta que se aplicar\u00e1 tambi\u00e9n un cargo en concepto de gastos de gesti\u00f3n, y que el descuento es v\u00e1lido hasta el 31 de mayo.<\/p>\n<p><strong>\u00a1Esperamos que te decidas a disfrutar del Cru\u00eflla 2017!<\/strong><\/p>\n","protected":false},"excerpt":{"rendered":"<p>\u00a1Hola! \u00bfSeguro que quieres dejar pasar este regalo de cumplea\u00f1os? Tenemos tantas ganas de verte en el Cru\u00eflla 2017 que estamos dispuestos a ofrecerte un regalo [&hellip;]<\/p>\n","protected":false},"author":7,"featured_media":5127,"parent":0,"menu_order":0,"comment_status":"closed","ping_status":"closed","template":"page-templates\/page-landing.php","meta":{"_acf_changed":false,"footnotes":""},"class_list":["post-4888","page","type-page","status-publish","has-post-thumbnail","hentry"],"acf":[],"yoast_head":"<!-- This site is optimized with the Yoast SEO plugin v27.5 - https:\/\/yoast.com\/product\/yoast-seo-wordpress\/ -->\n<title>El Festival Cru\u00eflla quiere desearte un feliz cumplea\u00f1os<\/title>\n<meta name=\"description\" content=\"Desde el Festival Cru\u00eflla queremos que tengas un feliz cumplea\u00f1os, por eso te ofrecemos un regalo muy musical en tu d\u00eda especial.\" \/>\n<meta name=\"robots\" content=\"index, follow, max-snippet:-1, max-image-preview:large, max-video-preview:-1\" \/>\n<link rel=\"canonical\" href=\"https:\/\/www.cruillabarcelona.cat\/es\/feliz-cumpleanos-no\/\" \/>\n<meta property=\"og:locale\" content=\"es_ES\" \/>\n<meta property=\"og:type\" content=\"article\" \/>\n<meta property=\"og:title\" content=\"El Festival Cru\u00eflla quiere desearte un feliz cumplea\u00f1os\" \/>\n<meta property=\"og:description\" content=\"Desde el Festival Cru\u00eflla queremos que tengas un feliz cumplea\u00f1os, por eso te ofrecemos un regalo muy musical en tu d\u00eda especial.\" \/>\n<meta property=\"og:url\" content=\"https:\/\/www.cruillabarcelona.cat\/es\/feliz-cumpleanos-no\/\" \/>\n<meta property=\"og:site_name\" content=\"Festival Cru\u00eflla\" \/>\n<meta property=\"article:modified_time\" content=\"2017-05-18T11:35:40+00:00\" \/>\n<meta property=\"og:image\" content=\"https:\/\/www.cruillabarcelona.cat\/wp-content\/uploads\/2017\/05\/landinganiversari.jpg\" \/>\n\t<meta property=\"og:image:width\" content=\"2311\" \/>\n\t<meta property=\"og:image:height\" content=\"900\" \/>\n\t<meta property=\"og:image:type\" content=\"image\/jpeg\" \/>\n<meta name=\"twitter:card\" content=\"summary_large_image\" \/>\n<meta name=\"twitter:label1\" content=\"Tiempo de lectura\" \/>\n\t<meta name=\"twitter:data1\" content=\"1 minuto\" \/>\n<script type=\"application\/ld+json\" class=\"yoast-schema-graph\">{\"@context\":\"https:\\\/\\\/schema.org\",\"@graph\":[{\"@type\":\"WebPage\",\"@id\":\"https:\\\/\\\/www.cruillabarcelona.cat\\\/es\\\/feliz-cumpleanos-no\\\/\",\"url\":\"https:\\\/\\\/www.cruillabarcelona.cat\\\/es\\\/feliz-cumpleanos-no\\\/\",\"name\":\"El Festival Cru\u00eflla quiere desearte un feliz cumplea\u00f1os\",\"isPartOf\":{\"@id\":\"https:\\\/\\\/www.cruillabarcelona.cat\\\/es\\\/#website\"},\"primaryImageOfPage\":{\"@id\":\"https:\\\/\\\/www.cruillabarcelona.cat\\\/es\\\/feliz-cumpleanos-no\\\/#primaryimage\"},\"image\":{\"@id\":\"https:\\\/\\\/www.cruillabarcelona.cat\\\/es\\\/feliz-cumpleanos-no\\\/#primaryimage\"},\"thumbnailUrl\":\"https:\\\/\\\/www.cruillabarcelona.cat\\\/wp-content\\\/uploads\\\/2017\\\/05\\\/landinganiversari.jpg\",\"datePublished\":\"2017-05-16T15:59:09+00:00\",\"dateModified\":\"2017-05-18T11:35:40+00:00\",\"description\":\"Desde el Festival Cru\u00eflla queremos que tengas un feliz cumplea\u00f1os, por eso te ofrecemos un regalo muy musical en tu d\u00eda especial.\",\"breadcrumb\":{\"@id\":\"https:\\\/\\\/www.cruillabarcelona.cat\\\/es\\\/feliz-cumpleanos-no\\\/#breadcrumb\"},\"inLanguage\":\"es\",\"potentialAction\":[{\"@type\":\"ReadAction\",\"target\":[\"https:\\\/\\\/www.cruillabarcelona.cat\\\/es\\\/feliz-cumpleanos-no\\\/\"]}]},{\"@type\":\"ImageObject\",\"inLanguage\":\"es\",\"@id\":\"https:\\\/\\\/www.cruillabarcelona.cat\\\/es\\\/feliz-cumpleanos-no\\\/#primaryimage\",\"url\":\"https:\\\/\\\/www.cruillabarcelona.cat\\\/wp-content\\\/uploads\\\/2017\\\/05\\\/landinganiversari.jpg\",\"contentUrl\":\"https:\\\/\\\/www.cruillabarcelona.cat\\\/wp-content\\\/uploads\\\/2017\\\/05\\\/landinganiversari.jpg\",\"width\":\"2311\",\"height\":\"900\"},{\"@type\":\"BreadcrumbList\",\"@id\":\"https:\\\/\\\/www.cruillabarcelona.cat\\\/es\\\/feliz-cumpleanos-no\\\/#breadcrumb\",\"itemListElement\":[{\"@type\":\"ListItem\",\"position\":1,\"name\":\"Home\",\"item\":\"https:\\\/\\\/www.cruillabarcelona.cat\\\/es\\\/\"},{\"@type\":\"ListItem\",\"position\":2,\"name\":\"\u00a1Feliz cumplea\u00f1os!\"}]},{\"@type\":\"WebSite\",\"@id\":\"https:\\\/\\\/www.cruillabarcelona.cat\\\/es\\\/#website\",\"url\":\"https:\\\/\\\/www.cruillabarcelona.cat\\\/es\\\/\",\"name\":\"Festival Cru\u00eflla\",\"description\":\"\",\"publisher\":{\"@id\":\"https:\\\/\\\/www.cruillabarcelona.cat\\\/es\\\/#organization\"},\"potentialAction\":[{\"@type\":\"SearchAction\",\"target\":{\"@type\":\"EntryPoint\",\"urlTemplate\":\"https:\\\/\\\/www.cruillabarcelona.cat\\\/es\\\/?s={search_term_string}\"},\"query-input\":{\"@type\":\"PropertyValueSpecification\",\"valueRequired\":true,\"valueName\":\"search_term_string\"}}],\"inLanguage\":\"es\"},{\"@type\":\"Organization\",\"@id\":\"https:\\\/\\\/www.cruillabarcelona.cat\\\/es\\\/#organization\",\"name\":\"Festival Cru\u00eflla\",\"url\":\"https:\\\/\\\/www.cruillabarcelona.cat\\\/es\\\/\",\"logo\":{\"@type\":\"ImageObject\",\"inLanguage\":\"es\",\"@id\":\"https:\\\/\\\/www.cruillabarcelona.cat\\\/es\\\/#\\\/schema\\\/logo\\\/image\\\/\",\"url\":\"https:\\\/\\\/www.cruillabarcelona.cat\\\/wp-content\\\/uploads\\\/2025\\\/12\\\/cruill-logo-negativo.png\",\"contentUrl\":\"https:\\\/\\\/www.cruillabarcelona.cat\\\/wp-content\\\/uploads\\\/2025\\\/12\\\/cruill-logo-negativo.png\",\"width\":400,\"height\":101,\"caption\":\"Festival Cru\u00eflla\"},\"image\":{\"@id\":\"https:\\\/\\\/www.cruillabarcelona.cat\\\/es\\\/#\\\/schema\\\/logo\\\/image\\\/\"}}]}<\/script>\n<!-- \/ Yoast SEO plugin. -->","yoast_head_json":{"title":"El Festival Cru\u00eflla quiere desearte un feliz cumplea\u00f1os","description":"Desde el Festival Cru\u00eflla queremos que tengas un feliz cumplea\u00f1os, por eso te ofrecemos un regalo muy musical en tu d\u00eda especial.","robots":{"index":"index","follow":"follow","max-snippet":"max-snippet:-1","max-image-preview":"max-image-preview:large","max-video-preview":"max-video-preview:-1"},"canonical":"https:\/\/www.cruillabarcelona.cat\/es\/feliz-cumpleanos-no\/","og_locale":"es_ES","og_type":"article","og_title":"El Festival Cru\u00eflla quiere desearte un feliz cumplea\u00f1os","og_description":"Desde el Festival Cru\u00eflla queremos que tengas un feliz cumplea\u00f1os, por eso te ofrecemos un regalo muy musical en tu d\u00eda especial.","og_url":"https:\/\/www.cruillabarcelona.cat\/es\/feliz-cumpleanos-no\/","og_site_name":"Festival Cru\u00eflla","article_modified_time":"2017-05-18T11:35:40+00:00","og_image":[{"width":2311,"height":900,"url":"https:\/\/www.cruillabarcelona.cat\/wp-content\/uploads\/2017\/05\/landinganiversari.jpg","type":"image\/jpeg"}],"twitter_card":"summary_large_image","twitter_misc":{"Tiempo de lectura":"1 minuto"},"schema":{"@context":"https:\/\/schema.org","@graph":[{"@type":"WebPage","@id":"https:\/\/www.cruillabarcelona.cat\/es\/feliz-cumpleanos-no\/","url":"https:\/\/www.cruillabarcelona.cat\/es\/feliz-cumpleanos-no\/","name":"El Festival Cru\u00eflla quiere desearte un feliz cumplea\u00f1os","isPartOf":{"@id":"https:\/\/www.cruillabarcelona.cat\/es\/#website"},"primaryImageOfPage":{"@id":"https:\/\/www.cruillabarcelona.cat\/es\/feliz-cumpleanos-no\/#primaryimage"},"image":{"@id":"https:\/\/www.cruillabarcelona.cat\/es\/feliz-cumpleanos-no\/#primaryimage"},"thumbnailUrl":"https:\/\/www.cruillabarcelona.cat\/wp-content\/uploads\/2017\/05\/landinganiversari.jpg","datePublished":"2017-05-16T15:59:09+00:00","dateModified":"2017-05-18T11:35:40+00:00","description":"Desde el Festival Cru\u00eflla queremos que tengas un feliz cumplea\u00f1os, por eso te ofrecemos un regalo muy musical en tu d\u00eda especial.","breadcrumb":{"@id":"https:\/\/www.cruillabarcelona.cat\/es\/feliz-cumpleanos-no\/#breadcrumb"},"inLanguage":"es","potentialAction":[{"@type":"ReadAction","target":["https:\/\/www.cruillabarcelona.cat\/es\/feliz-cumpleanos-no\/"]}]},{"@type":"ImageObject","inLanguage":"es","@id":"https:\/\/www.cruillabarcelona.cat\/es\/feliz-cumpleanos-no\/#primaryimage","url":"https:\/\/www.cruillabarcelona.cat\/wp-content\/uploads\/2017\/05\/landinganiversari.jpg","contentUrl":"https:\/\/www.cruillabarcelona.cat\/wp-content\/uploads\/2017\/05\/landinganiversari.jpg","width":"2311","height":"900"},{"@type":"BreadcrumbList","@id":"https:\/\/www.cruillabarcelona.cat\/es\/feliz-cumpleanos-no\/#breadcrumb","itemListElement":[{"@type":"ListItem","position":1,"name":"Home","item":"https:\/\/www.cruillabarcelona.cat\/es\/"},{"@type":"ListItem","position":2,"name":"\u00a1Feliz cumplea\u00f1os!"}]},{"@type":"WebSite","@id":"https:\/\/www.cruillabarcelona.cat\/es\/#website","url":"https:\/\/www.cruillabarcelona.cat\/es\/","name":"Festival Cru\u00eflla","description":"","publisher":{"@id":"https:\/\/www.cruillabarcelona.cat\/es\/#organization"},"potentialAction":[{"@type":"SearchAction","target":{"@type":"EntryPoint","urlTemplate":"https:\/\/www.cruillabarcelona.cat\/es\/?s={search_term_string}"},"query-input":{"@type":"PropertyValueSpecification","valueRequired":true,"valueName":"search_term_string"}}],"inLanguage":"es"},{"@type":"Organization","@id":"https:\/\/www.cruillabarcelona.cat\/es\/#organization","name":"Festival Cru\u00eflla","url":"https:\/\/www.cruillabarcelona.cat\/es\/","logo":{"@type":"ImageObject","inLanguage":"es","@id":"https:\/\/www.cruillabarcelona.cat\/es\/#\/schema\/logo\/image\/","url":"https:\/\/www.cruillabarcelona.cat\/wp-content\/uploads\/2025\/12\/cruill-logo-negativo.png","contentUrl":"https:\/\/www.cruillabarcelona.cat\/wp-content\/uploads\/2025\/12\/cruill-logo-negativo.png","width":400,"height":101,"caption":"Festival Cru\u00eflla"},"image":{"@id":"https:\/\/www.cruillabarcelona.cat\/es\/#\/schema\/logo\/image\/"}}]}},"_links":{"self":[{"href":"https:\/\/www.cruillabarcelona.cat\/es\/wp-json\/wp\/v2\/pages\/4888","targetHints":{"allow":["GET"]}}],"collection":[{"href":"https:\/\/www.cruillabarcelona.cat\/es\/wp-json\/wp\/v2\/pages"}],"about":[{"href":"https:\/\/www.cruillabarcelona.cat\/es\/wp-json\/wp\/v2\/types\/page"}],"author":[{"embeddable":true,"href":"https:\/\/www.cruillabarcelona.cat\/es\/wp-json\/wp\/v2\/users\/7"}],"replies":[{"embeddable":true,"href":"https:\/\/www.cruillabarcelona.cat\/es\/wp-json\/wp\/v2\/comments?post=4888"}],"version-history":[{"count":0,"href":"https:\/\/www.cruillabarcelona.cat\/es\/wp-json\/wp\/v2\/pages\/4888\/revisions"}],"wp:featuredmedia":[{"embeddable":true,"href":"https:\/\/www.cruillabarcelona.cat\/es\/wp-json\/wp\/v2\/media\/5127"}],"wp:attachment":[{"href":"https:\/\/www.cruillabarcelona.cat\/es\/wp-json\/wp\/v2\/media?parent=4888"}],"curies":[{"name":"wp","href":"https:\/\/api.w.org\/{rel}","templated":true}]}}