{"id":49151,"date":"2023-06-27T13:58:09","date_gmt":"2023-06-27T11:58:09","guid":{"rendered":"https:\/\/www.cruillabarcelona.cat\/?page_id=49151"},"modified":"2026-03-16T17:09:01","modified_gmt":"2026-03-16T15:09:01","slug":"compromis-social_25","status":"publish","type":"page","link":"https:\/\/www.cruillabarcelona.cat\/es\/compromis-social_25\/","title":{"rendered":"Comprom\u00eds Social"},"content":{"rendered":"<p>El p\u00fablico del Cru\u00eflla es tan diverso como su programaci\u00f3n, por eso nos comprometemos a\u00a0<strong>dar respuesta<\/strong>\u00a0a todas sus necesidades ya hacerlo accesible para todo tipo de realidades.<\/p>\n<p>Te explicamos todas las acciones que hemos llevado a cabo como festival para convertirlo en un espacio que invite a la\u00a0<strong>reflexi\u00f3n, alimente el esp\u00edritu cr\u00edtico, est\u00e9 abierto a todo el mundo<\/strong>\u00a0y haga sentir como en casa a todo el que forme parte de \u00e9l.<\/p>\n<h2 style=\"text-align: center;\">LA LUCHA POR EL ACCESO AL AGUA<\/h2>\n<p>El agua es vida, hacemos que fluya y llegue hasta la Franja de Gaza.<\/p>\n<p>La\u00a0<strong>escasez de agua<\/strong>\u00a0que estamos afrontando, aqu\u00ed y a nivel mundial, agravada por la\u00a0<strong>crisis clim\u00e1tica<\/strong>\u00a0es un tema que nos preocupa. Una de cada cuatro personas no tiene acceso a agua potable, provocando enfermedades, hambre, conflictos por los recursos y desplazamientos forzados. Queremos poner nuestro granito de arena para remediar esta situaci\u00f3n de la mano de Oxfam Interm\u00f3n, con el fin de aportar soluciones inmediatas y a largo plazo para llevar agua donde m\u00e1s es necesario.<\/p>\n<p>Como en el caso de la Franja de Gaza, donde la escasez de agua potable se ha convertido en un problema urgente imposible de ignorar.\u00a0<a class=\"ql-link\" href=\"https:\/\/www.oxfamintermon.org\/es?_gl=1*1nqx4oy*_up*MQ..&amp;gclid=Cj0KCQjwjLGyBhCYARIsAPqTz1-JMFDw1BZ0c4My9XaUIIiPB0hylTdj_y0MDnVIfF4DZek8r4plE2oaAuWJEALw_wcB\" target=\"_blank\" rel=\"noopener noreferrer\">Oxfam Interm\u00f3n<\/a>\u00a0ya ha hecho llegar agua y productos higi\u00e9nicos a 120.000 personas, pero faltan muchas m\u00e1s. Por eso, este a\u00f1o los donativos que se recogen de las ventas de entradas y de los sobrantes de las pulseras cashless seran para contribuir con esta ONG en las instalaciones de plantas desalinizadoras de agua que funcionan con energ\u00eda solar y proporcionan agua limpia y sin riesgo de contaminaci\u00f3n.<\/p>\n<p>La pobreza tiene una soluci\u00f3n y el acceso al agua es un paso crucial para combatirla.\u00a0<strong>Es necesario. Es vital.<\/strong>\u00a0M\u00e1s claro, agua.<\/p>\n<p><img loading=\"lazy\" decoding=\"async\" class=\"aligncenter wp-image-49590 size-large\" src=\"https:\/\/www.cruillabarcelona.cat\/wp-content\/uploads\/2023\/06\/2022-07-06-AMBIENT-_41A7076_PhotoXaviTorrent-4-1-1024x683.jpg\" alt=\"\" width=\"900\" height=\"600\" srcset=\"https:\/\/www.cruillabarcelona.cat\/wp-content\/uploads\/2023\/06\/2022-07-06-AMBIENT-_41A7076_PhotoXaviTorrent-4-1-1024x683.jpg 1024w, https:\/\/www.cruillabarcelona.cat\/wp-content\/uploads\/2023\/06\/2022-07-06-AMBIENT-_41A7076_PhotoXaviTorrent-4-1-768x512.jpg 768w, https:\/\/www.cruillabarcelona.cat\/wp-content\/uploads\/2023\/06\/2022-07-06-AMBIENT-_41A7076_PhotoXaviTorrent-4-1-1536x1024.jpg 1536w, https:\/\/www.cruillabarcelona.cat\/wp-content\/uploads\/2023\/06\/2022-07-06-AMBIENT-_41A7076_PhotoXaviTorrent-4-1-2048x1366.jpg 2048w, https:\/\/www.cruillabarcelona.cat\/wp-content\/uploads\/2023\/06\/2022-07-06-AMBIENT-_41A7076_PhotoXaviTorrent-4-1-300x200.jpg 300w, https:\/\/www.cruillabarcelona.cat\/wp-content\/uploads\/2023\/06\/2022-07-06-AMBIENT-_41A7076_PhotoXaviTorrent-4-1-1500x1000.jpg 1500w\" sizes=\"auto, (max-width: 900px) 100vw, 900px\" \/><\/p>\n<h2 style=\"text-align: center;\">ESPAI TRANSFORMA\u2019T<\/h2>\n<p>Por segundo a\u00f1o consecutivo, vuelve al Festival Cru\u00eflla el\u00a0<a class=\"ql-link\" href=\"https:\/\/www.cruillabarcelona.cat\/es\/espai-transformat\/\" target=\"_blank\" rel=\"noopener noreferrer\">Espai Transforma\u2019t<\/a>, coordinado por la\u00a0<strong>Ag\u00e8ncia Catalana de Cooperaci\u00f3 al Desenvolupament del Govern de la Generalitat<\/strong>. Un espacio que fue un punto de encuentro para diversas entidades y ONGs que est\u00e9n comprometidas con el cambio social. Quiere ser un lugar de reflexi\u00f3n sobre la situaci\u00f3n en el mundo, las desigualdades, las injusticias y las causas estructurales que las provocan y generar conciencia cr\u00edtica en el p\u00fablico del festival, de forma l\u00fadica y positiva.<\/p>\n<p><img loading=\"lazy\" decoding=\"async\" class=\"aligncenter wp-image-51989 size-large\" src=\"https:\/\/www.cruillabarcelona.cat\/wp-content\/uploads\/2024\/03\/AMBIENT_230707_PhotoGiselaJane_GISJ6234-1-1024x682.jpg\" alt=\"\" width=\"900\" height=\"599\" srcset=\"https:\/\/www.cruillabarcelona.cat\/wp-content\/uploads\/2024\/03\/AMBIENT_230707_PhotoGiselaJane_GISJ6234-1-1024x682.jpg 1024w, https:\/\/www.cruillabarcelona.cat\/wp-content\/uploads\/2024\/03\/AMBIENT_230707_PhotoGiselaJane_GISJ6234-1-768x512.jpg 768w, https:\/\/www.cruillabarcelona.cat\/wp-content\/uploads\/2024\/03\/AMBIENT_230707_PhotoGiselaJane_GISJ6234-1-1536x1024.jpg 1536w, https:\/\/www.cruillabarcelona.cat\/wp-content\/uploads\/2024\/03\/AMBIENT_230707_PhotoGiselaJane_GISJ6234-1-300x200.jpg 300w, https:\/\/www.cruillabarcelona.cat\/wp-content\/uploads\/2024\/03\/AMBIENT_230707_PhotoGiselaJane_GISJ6234-1-1500x1000.jpg 1500w, https:\/\/www.cruillabarcelona.cat\/wp-content\/uploads\/2024\/03\/AMBIENT_230707_PhotoGiselaJane_GISJ6234-1.jpg 2030w\" sizes=\"auto, (max-width: 900px) 100vw, 900px\" \/><\/p>\n<h2 style=\"text-align: center;\">UN CRU\u00cfLLA PARA TODO EL MUNDO<\/h2>\n<p>Queremos crear un\u00a0<strong>espacio c\u00f3modo, seguro, c\u00edvico y respetuoso<\/strong>\u00a0para los asistentes. Y un espacio no es seguro si la mitad de las asistentes no se sienten seguras.<\/p>\n<p>Para<strong>\u00a0prevenir y atender cualquier agresi\u00f3n o comportamiento machista<\/strong>, a\u00f1o tras a\u00f1o contamos con un\u00a0<strong>Punto Violeta<\/strong>\u00a0presente en un espacio visible dentro del recinto y tambi\u00e9n con personal cualificado itinerante durante los cuatro d\u00edas de duraci\u00f3n del festival.<\/p>\n<p>Este a\u00f1o hemos colaborado con <strong>ARANA Feminista<\/strong>, un proyecto feminista colaborativo conformado por profesionales especializadas en g\u00e9nero, psicopedagog\u00eda e intervenci\u00f3n social. Las profesionales trabajan repartiendo material informativo, fomentando el debate y el pensamiento cr\u00edtico a trav\u00e9s de din\u00e1micas participativas, y detectando y atendiendo a situaciones de violencia, dando apoyo psicol\u00f3gico y activando los protocolos pertinentes. Adem\u00e1s, seguimos adheridas al protocolo No Callem del Ayuntamiento de Barcelona.<\/p>\n<p>Tampoco hemos tolerado ninguna actitud LGTBIQf\u00f3bica, racista, capacitista ni cualquier otra que atente contra la seguridad, el bienestar y los derechos de los asistentes al festival.<\/p>\n<p><img loading=\"lazy\" decoding=\"async\" class=\"aligncenter wp-image-53726 size-large\" src=\"https:\/\/www.cruillabarcelona.cat\/wp-content\/uploads\/2024\/06\/2022-07-06_AMBIENT_PhotoChristianBertrand-100-1-1024x683.jpg\" alt=\"\" width=\"900\" height=\"600\" srcset=\"https:\/\/www.cruillabarcelona.cat\/wp-content\/uploads\/2024\/06\/2022-07-06_AMBIENT_PhotoChristianBertrand-100-1-1024x683.jpg 1024w, https:\/\/www.cruillabarcelona.cat\/wp-content\/uploads\/2024\/06\/2022-07-06_AMBIENT_PhotoChristianBertrand-100-1-768x512.jpg 768w, https:\/\/www.cruillabarcelona.cat\/wp-content\/uploads\/2024\/06\/2022-07-06_AMBIENT_PhotoChristianBertrand-100-1-1536x1024.jpg 1536w, https:\/\/www.cruillabarcelona.cat\/wp-content\/uploads\/2024\/06\/2022-07-06_AMBIENT_PhotoChristianBertrand-100-1-2048x1365.jpg 2048w, https:\/\/www.cruillabarcelona.cat\/wp-content\/uploads\/2024\/06\/2022-07-06_AMBIENT_PhotoChristianBertrand-100-1-300x200.jpg 300w, https:\/\/www.cruillabarcelona.cat\/wp-content\/uploads\/2024\/06\/2022-07-06_AMBIENT_PhotoChristianBertrand-100-1-1500x1000.jpg 1500w\" sizes=\"auto, (max-width: 900px) 100vw, 900px\" \/><\/p>\n<p>Este a\u00f1o hemos colaborado con <strong>EnBucle<\/strong>\u00a0para facilitar el acceso a la m\u00fasica en directo a personas con diferentes grados de sordera. Durante los conciertos de\u00a0<strong>Malm\u00f6 040, Shinova y Selah Sue\u00a0<\/strong>del viernes 12 de julio y de\u00a0<strong>Ginest\u00e0, Marala y Peter Fox\u00a0<\/strong>del s\u00e1bado 13 de julio, todos ellos celebrados en el Escenario Vueling, se ofrecer\u00e1n 15 bucles magn\u00e9ticos y 15 mochilas vibratorias.<\/p>\n<p>El\u00a0<strong>bucle magn\u00e9tico<\/strong>\u00a0permite hacer llegar el sonido directamente al implante coclear o al aud\u00edfono con posici\u00f3n de T a las personas que lo lleven eliminando el ruido ambiente, mientras que las<strong>\u00a0mochilas vibratorias<\/strong>\u00a0se conectan a un sistema de transmisi\u00f3n de audio y, como su nombre indica, vibran al ritmo de la m\u00fasica permitiendo a la persona experimentarla de una forma m\u00e1s tangible y sensorial.<\/p>\n<p>Adem\u00e1s, hemos dispuesto de <strong>tapones para la protecci\u00f3n auditiva<\/strong> de todas las personas que lo necesiten. Se pudieron obtener en las taquillas antes del acceso.<\/p>\n<p>Por otro lado, el recinto del festival tambi\u00e9n cuenta con\u00a0<strong>zonas adaptadas<\/strong>\u00a0para\u00a0<strong>personas con movilidad reducida\u00a0<\/strong>en todos los escenarios, con buena visibilidad sobre los artistas, y un carril de acceso r\u00e1pido para que puedan acceder al recinto c\u00f3modamente.<\/p>\n<p><img loading=\"lazy\" decoding=\"async\" class=\"aligncenter wp-image-53729 size-large\" src=\"https:\/\/www.cruillabarcelona.cat\/wp-content\/uploads\/2024\/06\/AMBIENT_230706_PhotoChristianBertrand-171-1-1024x682.jpg\" alt=\"\" width=\"900\" height=\"599\" srcset=\"https:\/\/www.cruillabarcelona.cat\/wp-content\/uploads\/2024\/06\/AMBIENT_230706_PhotoChristianBertrand-171-1-1024x682.jpg 1024w, https:\/\/www.cruillabarcelona.cat\/wp-content\/uploads\/2024\/06\/AMBIENT_230706_PhotoChristianBertrand-171-1-768x512.jpg 768w, https:\/\/www.cruillabarcelona.cat\/wp-content\/uploads\/2024\/06\/AMBIENT_230706_PhotoChristianBertrand-171-1-1536x1024.jpg 1536w, https:\/\/www.cruillabarcelona.cat\/wp-content\/uploads\/2024\/06\/AMBIENT_230706_PhotoChristianBertrand-171-1-300x200.jpg 300w, https:\/\/www.cruillabarcelona.cat\/wp-content\/uploads\/2024\/06\/AMBIENT_230706_PhotoChristianBertrand-171-1-1500x1000.jpg 1500w, https:\/\/www.cruillabarcelona.cat\/wp-content\/uploads\/2024\/06\/AMBIENT_230706_PhotoChristianBertrand-171-1.jpg 1922w\" sizes=\"auto, (max-width: 900px) 100vw, 900px\" \/><\/p>\n<p>Este a\u00f1o hemos vuelto a colaborar con el <strong>Catering Social Mesclad\u00eds<\/strong>, una entidad sin \u00e1nimo de lucro que tiene la voluntad de contribuir a un horizonte de cohesi\u00f3n social en Barcelona, \u200b\u200bpara una convivencia enriquecedora entre culturas, con derechos y oportunidades garantizados para todos y todas. As\u00ed, impulsa oportunidades para personas que tienen dif\u00edcil acceder a un puesto de trabajo, muchas de ellas migrantes que ven sus derechos de ciudadan\u00eda, como trabajar, negados.<\/p>\n<p>La entidad ofreci\u00f3 sus<strong>\u00a0servicios de restauraci\u00f3n<\/strong>\u00a0a los trabajadores y trabajadoras del festival\u00a0<strong>durante los d\u00edas de montaje y celebraci\u00f3n<\/strong> del mismo. El catering se realiz\u00f3 a partir de un modelo de sostenibilidad social y medioambiental.<\/p>\n<p>Buscamos que la m\u00fasica llegue a todos y sea para todos. Por eso, todos los proyectos del Cru\u00eflla son accesibles para\u00a0<strong>colectivos en riesgo de vulnerabilidad y exclusi\u00f3n social<\/strong>\u00a0con la colaboraci\u00f3n de\u00a0<strong>Apropa Cultura<\/strong>, y el Festival Cru\u00eflla no es una excepci\u00f3n: este a\u00f1o ofrecemos hasta 900 entradas a un precio reducido para miembros de estos colectivos.<\/p>\n<p>Adem\u00e1s, tambi\u00e9n ofrecemos\u00a0<strong>descuentos<\/strong>\u00a0para\u00a0<strong>personas con discapacidad<\/strong>\u00a0y su acompa\u00f1ante en caso de que el certificado lo especifique y para\u00a0<strong>personas en paro<\/strong>, facilitando el acceso a la cultura como bien esencial y no como un lujo.<\/p>\n<p style=\"text-align: center;\"><strong>El compromiso social no es para nosotros una rama m\u00e1s del festival: es la ra\u00edz.<\/strong><\/p>\n<p style=\"text-align: center;\"><strong>Creemos que los grandes eventos deben tender hacia el modelo Cru\u00eflla. Un modelo de festivales de tama\u00f1o medio, dirigidos al p\u00fablico local, comprometidos con el territorio, los ciudadanos y el medio ambiente.<\/strong><\/p>\n","protected":false},"excerpt":{"rendered":"<p>El p\u00fablico del Cru\u00eflla es tan diverso como su programaci\u00f3n, por eso nos comprometemos a\u00a0dar respuesta\u00a0a todas sus necesidades ya hacerlo accesible para todo tipo de [&hellip;]<\/p>\n","protected":false},"author":7,"featured_media":53738,"parent":0,"menu_order":0,"comment_status":"closed","ping_status":"closed","template":"","meta":{"_acf_changed":false,"footnotes":""},"class_list":["post-49151","page","type-page","status-publish","has-post-thumbnail","hentry"],"acf":[],"yoast_head":"<!-- This site is optimized with the Yoast SEO plugin v27.3 - https:\/\/yoast.com\/product\/yoast-seo-wordpress\/ -->\n<title>Comprom\u00eds Social - Festival Cru\u00eflla<\/title>\n<meta name=\"robots\" content=\"index, follow, max-snippet:-1, max-image-preview:large, max-video-preview:-1\" \/>\n<link rel=\"canonical\" href=\"https:\/\/www.cruillabarcelona.cat\/es\/compromis-social_25\/\" \/>\n<meta property=\"og:locale\" content=\"es_ES\" \/>\n<meta property=\"og:type\" content=\"article\" \/>\n<meta property=\"og:title\" content=\"Comprom\u00eds Social - Festival Cru\u00eflla\" \/>\n<meta property=\"og:description\" content=\"El p\u00fablico del Cru\u00eflla es tan diverso como su programaci\u00f3n, por eso nos comprometemos a\u00a0dar respuesta\u00a0a todas sus necesidades ya hacerlo accesible para todo tipo de [&hellip;]\" \/>\n<meta property=\"og:url\" content=\"https:\/\/www.cruillabarcelona.cat\/es\/compromis-social_25\/\" \/>\n<meta property=\"og:site_name\" content=\"Festival Cru\u00eflla\" \/>\n<meta property=\"article:modified_time\" content=\"2026-03-16T15:09:01+00:00\" \/>\n<meta property=\"og:image\" content=\"https:\/\/www.cruillabarcelona.cat\/wp-content\/uploads\/2024\/06\/WebLanding_CE24_CompromisSocial_ES.jpg\" \/>\n\t<meta property=\"og:image:width\" content=\"1500\" \/>\n\t<meta property=\"og:image:height\" content=\"500\" \/>\n\t<meta property=\"og:image:type\" content=\"image\/jpeg\" \/>\n<meta name=\"twitter:card\" content=\"summary_large_image\" \/>\n<meta name=\"twitter:label1\" content=\"Tiempo de lectura\" \/>\n\t<meta name=\"twitter:data1\" content=\"7 minutos\" \/>\n<script type=\"application\/ld+json\" class=\"yoast-schema-graph\">{\"@context\":\"https:\\\/\\\/schema.org\",\"@graph\":[{\"@type\":\"WebPage\",\"@id\":\"https:\\\/\\\/www.cruillabarcelona.cat\\\/es\\\/compromis-social_25\\\/\",\"url\":\"https:\\\/\\\/www.cruillabarcelona.cat\\\/es\\\/compromis-social_25\\\/\",\"name\":\"Comprom\u00eds Social - Festival Cru\u00eflla\",\"isPartOf\":{\"@id\":\"https:\\\/\\\/www.cruillabarcelona.cat\\\/es\\\/#website\"},\"primaryImageOfPage\":{\"@id\":\"https:\\\/\\\/www.cruillabarcelona.cat\\\/es\\\/compromis-social_25\\\/#primaryimage\"},\"image\":{\"@id\":\"https:\\\/\\\/www.cruillabarcelona.cat\\\/es\\\/compromis-social_25\\\/#primaryimage\"},\"thumbnailUrl\":\"https:\\\/\\\/www.cruillabarcelona.cat\\\/wp-content\\\/uploads\\\/2024\\\/06\\\/WebLanding_CE24_CompromisSocial_ES.jpg\",\"datePublished\":\"2023-06-27T11:58:09+00:00\",\"dateModified\":\"2026-03-16T15:09:01+00:00\",\"breadcrumb\":{\"@id\":\"https:\\\/\\\/www.cruillabarcelona.cat\\\/es\\\/compromis-social_25\\\/#breadcrumb\"},\"inLanguage\":\"es\",\"potentialAction\":[{\"@type\":\"ReadAction\",\"target\":[\"https:\\\/\\\/www.cruillabarcelona.cat\\\/es\\\/compromis-social_25\\\/\"]}]},{\"@type\":\"ImageObject\",\"inLanguage\":\"es\",\"@id\":\"https:\\\/\\\/www.cruillabarcelona.cat\\\/es\\\/compromis-social_25\\\/#primaryimage\",\"url\":\"https:\\\/\\\/www.cruillabarcelona.cat\\\/wp-content\\\/uploads\\\/2024\\\/06\\\/WebLanding_CE24_CompromisSocial_ES.jpg\",\"contentUrl\":\"https:\\\/\\\/www.cruillabarcelona.cat\\\/wp-content\\\/uploads\\\/2024\\\/06\\\/WebLanding_CE24_CompromisSocial_ES.jpg\",\"width\":1500,\"height\":500},{\"@type\":\"BreadcrumbList\",\"@id\":\"https:\\\/\\\/www.cruillabarcelona.cat\\\/es\\\/compromis-social_25\\\/#breadcrumb\",\"itemListElement\":[{\"@type\":\"ListItem\",\"position\":1,\"name\":\"Home\",\"item\":\"https:\\\/\\\/www.cruillabarcelona.cat\\\/es\\\/\"},{\"@type\":\"ListItem\",\"position\":2,\"name\":\"Comprom\u00eds Social\"}]},{\"@type\":\"WebSite\",\"@id\":\"https:\\\/\\\/www.cruillabarcelona.cat\\\/es\\\/#website\",\"url\":\"https:\\\/\\\/www.cruillabarcelona.cat\\\/es\\\/\",\"name\":\"Festival Cru\u00eflla\",\"description\":\"\",\"publisher\":{\"@id\":\"https:\\\/\\\/www.cruillabarcelona.cat\\\/es\\\/#organization\"},\"potentialAction\":[{\"@type\":\"SearchAction\",\"target\":{\"@type\":\"EntryPoint\",\"urlTemplate\":\"https:\\\/\\\/www.cruillabarcelona.cat\\\/es\\\/?s={search_term_string}\"},\"query-input\":{\"@type\":\"PropertyValueSpecification\",\"valueRequired\":true,\"valueName\":\"search_term_string\"}}],\"inLanguage\":\"es\"},{\"@type\":\"Organization\",\"@id\":\"https:\\\/\\\/www.cruillabarcelona.cat\\\/es\\\/#organization\",\"name\":\"Festival Cru\u00eflla\",\"url\":\"https:\\\/\\\/www.cruillabarcelona.cat\\\/es\\\/\",\"logo\":{\"@type\":\"ImageObject\",\"inLanguage\":\"es\",\"@id\":\"https:\\\/\\\/www.cruillabarcelona.cat\\\/es\\\/#\\\/schema\\\/logo\\\/image\\\/\",\"url\":\"https:\\\/\\\/www.cruillabarcelona.cat\\\/wp-content\\\/uploads\\\/2025\\\/12\\\/cruill-logo-negativo.png\",\"contentUrl\":\"https:\\\/\\\/www.cruillabarcelona.cat\\\/wp-content\\\/uploads\\\/2025\\\/12\\\/cruill-logo-negativo.png\",\"width\":400,\"height\":101,\"caption\":\"Festival Cru\u00eflla\"},\"image\":{\"@id\":\"https:\\\/\\\/www.cruillabarcelona.cat\\\/es\\\/#\\\/schema\\\/logo\\\/image\\\/\"}}]}<\/script>\n<!-- \/ Yoast SEO plugin. -->","yoast_head_json":{"title":"Comprom\u00eds Social - Festival Cru\u00eflla","robots":{"index":"index","follow":"follow","max-snippet":"max-snippet:-1","max-image-preview":"max-image-preview:large","max-video-preview":"max-video-preview:-1"},"canonical":"https:\/\/www.cruillabarcelona.cat\/es\/compromis-social_25\/","og_locale":"es_ES","og_type":"article","og_title":"Comprom\u00eds Social - Festival Cru\u00eflla","og_description":"El p\u00fablico del Cru\u00eflla es tan diverso como su programaci\u00f3n, por eso nos comprometemos a\u00a0dar respuesta\u00a0a todas sus necesidades ya hacerlo accesible para todo tipo de [&hellip;]","og_url":"https:\/\/www.cruillabarcelona.cat\/es\/compromis-social_25\/","og_site_name":"Festival Cru\u00eflla","article_modified_time":"2026-03-16T15:09:01+00:00","og_image":[{"width":1500,"height":500,"url":"https:\/\/www.cruillabarcelona.cat\/wp-content\/uploads\/2024\/06\/WebLanding_CE24_CompromisSocial_ES.jpg","type":"image\/jpeg"}],"twitter_card":"summary_large_image","twitter_misc":{"Tiempo de lectura":"7 minutos"},"schema":{"@context":"https:\/\/schema.org","@graph":[{"@type":"WebPage","@id":"https:\/\/www.cruillabarcelona.cat\/es\/compromis-social_25\/","url":"https:\/\/www.cruillabarcelona.cat\/es\/compromis-social_25\/","name":"Comprom\u00eds Social - Festival Cru\u00eflla","isPartOf":{"@id":"https:\/\/www.cruillabarcelona.cat\/es\/#website"},"primaryImageOfPage":{"@id":"https:\/\/www.cruillabarcelona.cat\/es\/compromis-social_25\/#primaryimage"},"image":{"@id":"https:\/\/www.cruillabarcelona.cat\/es\/compromis-social_25\/#primaryimage"},"thumbnailUrl":"https:\/\/www.cruillabarcelona.cat\/wp-content\/uploads\/2024\/06\/WebLanding_CE24_CompromisSocial_ES.jpg","datePublished":"2023-06-27T11:58:09+00:00","dateModified":"2026-03-16T15:09:01+00:00","breadcrumb":{"@id":"https:\/\/www.cruillabarcelona.cat\/es\/compromis-social_25\/#breadcrumb"},"inLanguage":"es","potentialAction":[{"@type":"ReadAction","target":["https:\/\/www.cruillabarcelona.cat\/es\/compromis-social_25\/"]}]},{"@type":"ImageObject","inLanguage":"es","@id":"https:\/\/www.cruillabarcelona.cat\/es\/compromis-social_25\/#primaryimage","url":"https:\/\/www.cruillabarcelona.cat\/wp-content\/uploads\/2024\/06\/WebLanding_CE24_CompromisSocial_ES.jpg","contentUrl":"https:\/\/www.cruillabarcelona.cat\/wp-content\/uploads\/2024\/06\/WebLanding_CE24_CompromisSocial_ES.jpg","width":1500,"height":500},{"@type":"BreadcrumbList","@id":"https:\/\/www.cruillabarcelona.cat\/es\/compromis-social_25\/#breadcrumb","itemListElement":[{"@type":"ListItem","position":1,"name":"Home","item":"https:\/\/www.cruillabarcelona.cat\/es\/"},{"@type":"ListItem","position":2,"name":"Comprom\u00eds Social"}]},{"@type":"WebSite","@id":"https:\/\/www.cruillabarcelona.cat\/es\/#website","url":"https:\/\/www.cruillabarcelona.cat\/es\/","name":"Festival Cru\u00eflla","description":"","publisher":{"@id":"https:\/\/www.cruillabarcelona.cat\/es\/#organization"},"potentialAction":[{"@type":"SearchAction","target":{"@type":"EntryPoint","urlTemplate":"https:\/\/www.cruillabarcelona.cat\/es\/?s={search_term_string}"},"query-input":{"@type":"PropertyValueSpecification","valueRequired":true,"valueName":"search_term_string"}}],"inLanguage":"es"},{"@type":"Organization","@id":"https:\/\/www.cruillabarcelona.cat\/es\/#organization","name":"Festival Cru\u00eflla","url":"https:\/\/www.cruillabarcelona.cat\/es\/","logo":{"@type":"ImageObject","inLanguage":"es","@id":"https:\/\/www.cruillabarcelona.cat\/es\/#\/schema\/logo\/image\/","url":"https:\/\/www.cruillabarcelona.cat\/wp-content\/uploads\/2025\/12\/cruill-logo-negativo.png","contentUrl":"https:\/\/www.cruillabarcelona.cat\/wp-content\/uploads\/2025\/12\/cruill-logo-negativo.png","width":400,"height":101,"caption":"Festival Cru\u00eflla"},"image":{"@id":"https:\/\/www.cruillabarcelona.cat\/es\/#\/schema\/logo\/image\/"}}]}},"_links":{"self":[{"href":"https:\/\/www.cruillabarcelona.cat\/es\/wp-json\/wp\/v2\/pages\/49151","targetHints":{"allow":["GET"]}}],"collection":[{"href":"https:\/\/www.cruillabarcelona.cat\/es\/wp-json\/wp\/v2\/pages"}],"about":[{"href":"https:\/\/www.cruillabarcelona.cat\/es\/wp-json\/wp\/v2\/types\/page"}],"author":[{"embeddable":true,"href":"https:\/\/www.cruillabarcelona.cat\/es\/wp-json\/wp\/v2\/users\/7"}],"replies":[{"embeddable":true,"href":"https:\/\/www.cruillabarcelona.cat\/es\/wp-json\/wp\/v2\/comments?post=49151"}],"version-history":[{"count":3,"href":"https:\/\/www.cruillabarcelona.cat\/es\/wp-json\/wp\/v2\/pages\/49151\/revisions"}],"predecessor-version":[{"id":54868,"href":"https:\/\/www.cruillabarcelona.cat\/es\/wp-json\/wp\/v2\/pages\/49151\/revisions\/54868"}],"wp:featuredmedia":[{"embeddable":true,"href":"https:\/\/www.cruillabarcelona.cat\/es\/wp-json\/wp\/v2\/media\/53738"}],"wp:attachment":[{"href":"https:\/\/www.cruillabarcelona.cat\/es\/wp-json\/wp\/v2\/media?parent=49151"}],"curies":[{"name":"wp","href":"https:\/\/api.w.org\/{rel}","templated":true}]}}