{"id":49603,"date":"2023-06-27T16:58:02","date_gmt":"2023-06-27T14:58:02","guid":{"rendered":"https:\/\/www.cruillabarcelona.cat\/?page_id=49603"},"modified":"2025-07-23T13:51:21","modified_gmt":"2025-07-23T11:51:21","slug":"espai-transformat","status":"publish","type":"page","link":"https:\/\/www.cruillabarcelona.cat\/es\/espai-transformat\/","title":{"rendered":"Espai Transforma&#8217;t"},"content":{"rendered":"<h1 style=\"text-align: center;\"><span style=\"color: #a969b2;\">\u00a1Un punto de encuentro para el cambio social!<\/span><\/h1>\n<p>El Festival Cru\u00eflla es mucho m\u00e1s que un festival de m\u00fasica: desde hace muchos a\u00f1os otras disciplinas como la comedia, el arte, la gastronom\u00eda o la innovaci\u00f3n tecnol\u00f3gica forman parte de su programaci\u00f3n. Una programaci\u00f3n cultural que pretende hacernos descubrir cosas nuevas y disfrutar como nunca, pero tambi\u00e9n <strong>alimentar nuestro esp\u00edritu cr\u00edtico y contribuir a mejorar el presente y el futuro de nuestra sociedad.<\/strong><\/p>\n<p data-start=\"38\" data-end=\"419\">Despu\u00e9s de formar parte del Festival Cru\u00eflla por primera vez en 2023, ese julio volvimos a contar con el Espai Transforma&#8217;t, una zona dentro del recinto del festival que se convirti\u00f3 en un punto de encuentro para diversas entidades y ONGs comprometidas con el cambio social y que quer\u00eda despertar conciencias y motivar el cambio para caminar conjuntamente hacia un mundo m\u00e1s justo.<\/p>\n<p data-start=\"421\" data-end=\"739\" data-is-last-node=\"\" data-is-only-node=\"\">La quincena de colectivos que participaron estuvieron coordinados por la<a href=\"https:\/\/cooperaciocatalana.gencat.cat\/ca\/qui-som\/agencia_catalana_de_cooperacio_al_desenvolupament\/\"><strong>Ag\u00e8ncia Catalana de Cooperaci\u00f3 al Desenvolupament<\/strong><\/a>, un organismo de la Generalitat de Catalunya adscrito al Departamento de Acci\u00f3n Exterior y Uni\u00f3n Europea, responsable de gestionar las pol\u00edticas de cooperaci\u00f3n al desarrollo y acci\u00f3n humanitaria.<\/p>\n<p><img loading=\"lazy\" decoding=\"async\" class=\"aligncenter wp-image-51989 size-large\" src=\"https:\/\/www.cruillabarcelona.cat\/wp-content\/uploads\/2024\/03\/AMBIENT_230707_PhotoGiselaJane_GISJ6234-1-1024x682.jpg\" alt=\"\" width=\"900\" height=\"599\" srcset=\"https:\/\/www.cruillabarcelona.cat\/wp-content\/uploads\/2024\/03\/AMBIENT_230707_PhotoGiselaJane_GISJ6234-1-1024x682.jpg 1024w, https:\/\/www.cruillabarcelona.cat\/wp-content\/uploads\/2024\/03\/AMBIENT_230707_PhotoGiselaJane_GISJ6234-1-768x512.jpg 768w, https:\/\/www.cruillabarcelona.cat\/wp-content\/uploads\/2024\/03\/AMBIENT_230707_PhotoGiselaJane_GISJ6234-1-1536x1024.jpg 1536w, https:\/\/www.cruillabarcelona.cat\/wp-content\/uploads\/2024\/03\/AMBIENT_230707_PhotoGiselaJane_GISJ6234-1-300x200.jpg 300w, https:\/\/www.cruillabarcelona.cat\/wp-content\/uploads\/2024\/03\/AMBIENT_230707_PhotoGiselaJane_GISJ6234-1-1500x1000.jpg 1500w, https:\/\/www.cruillabarcelona.cat\/wp-content\/uploads\/2024\/03\/AMBIENT_230707_PhotoGiselaJane_GISJ6234-1.jpg 2030w\" sizes=\"auto, (max-width: 900px) 100vw, 900px\" \/><\/p>\n<h3>EL ESPAI TRANSFORMA&#8217;T EN EL FESTIVAL CRU\u00cfLLA 2025<\/h3>\n<p data-start=\"38\" data-end=\"367\">El Espai Transforma\u2019t fue un espacio de reflexi\u00f3n sobre las principales desigualdades e injusticias que sacuden al mundo y sobre las causas estructurales que las provocan.<\/p>\n<p data-start=\"369\" data-end=\"634\">Ese a\u00f1o fueron 15 las organizaciones que, a trav\u00e9s de una programaci\u00f3n din\u00e1mica y diversa, invitaron al p\u00fablico del festival a reflexionar y asumir roles activos en la construcci\u00f3n de sociedades pac\u00edficas, equitativas y sostenibles, tanto a nivel local como global.<\/p>\n<p data-start=\"636\" data-end=\"1095\" data-is-last-node=\"\" data-is-only-node=\"\">El Espai Transforma\u2019t estuvo dividido en cinco secciones: \u201cCompr\u00e8n El M\u00f3n\u201d, \u201cMobilitza\u2019t\u201d, \u201cSuma\u2019t Al Comer\u00e7 Just\u201d, \u201cSolidaritza\u2019t Amb Les Crisis Humanit\u00e0ries\u201d y \u201cCuidem-Nos Per Transformar\u201d, y cont\u00f3 con una programaci\u00f3n cultural din\u00e1mica con diversas activaciones organizadas por las entidades colaboradoras, donde se pudo jugar, reflexionar y despertar el esp\u00edritu cr\u00edtico sobre cuestiones como el g\u00e9nero, la paz, los derechos humanos o la crisis clim\u00e1tica.<\/p>\n<p><img loading=\"lazy\" decoding=\"async\" class=\"aligncenter wp-image-51995 size-large\" src=\"https:\/\/www.cruillabarcelona.cat\/wp-content\/uploads\/2024\/03\/AMBIENT_230707_PhotoGiselaJane_GISJ6269-1-1-1024x683.jpg\" alt=\"\" width=\"900\" height=\"600\" srcset=\"https:\/\/www.cruillabarcelona.cat\/wp-content\/uploads\/2024\/03\/AMBIENT_230707_PhotoGiselaJane_GISJ6269-1-1-1024x683.jpg 1024w, https:\/\/www.cruillabarcelona.cat\/wp-content\/uploads\/2024\/03\/AMBIENT_230707_PhotoGiselaJane_GISJ6269-1-1-768x512.jpg 768w, https:\/\/www.cruillabarcelona.cat\/wp-content\/uploads\/2024\/03\/AMBIENT_230707_PhotoGiselaJane_GISJ6269-1-1-1536x1024.jpg 1536w, https:\/\/www.cruillabarcelona.cat\/wp-content\/uploads\/2024\/03\/AMBIENT_230707_PhotoGiselaJane_GISJ6269-1-1-300x200.jpg 300w, https:\/\/www.cruillabarcelona.cat\/wp-content\/uploads\/2024\/03\/AMBIENT_230707_PhotoGiselaJane_GISJ6269-1-1-1500x1000.jpg 1500w, https:\/\/www.cruillabarcelona.cat\/wp-content\/uploads\/2024\/03\/AMBIENT_230707_PhotoGiselaJane_GISJ6269-1-1.jpg 1785w\" sizes=\"auto, (max-width: 900px) 100vw, 900px\" \/><\/p>\n<h3>DOS EXPOSICIONES FOTOGR\u00c1FICAS<\/h3>\n<p data-start=\"38\" data-end=\"383\">Adem\u00e1s, en esta zona tambi\u00e9n hubo dos exhibiciones de fotograf\u00eda inspiradoras e impactantes. Por un lado, se pudo disfrutar de <em data-start=\"165\" data-end=\"180\">Primary Ocean<\/em>, un proyecto de investigaci\u00f3n, concienciaci\u00f3n y defensa sobre la justicia ambiental y la crisis clim\u00e1tica en el oc\u00e9ano, presentado por <a href=\"https:\/\/www.ruidophoto.com\/es\/\"><strong>Ruido Photo<\/strong><\/a>\u00a0en colaboraci\u00f3n con el Instituto de Ciencias del Mar.<\/p>\n<p data-start=\"385\" data-end=\"688\" data-is-last-node=\"\" data-is-only-node=\"\">Por otro lado, tambi\u00e9n se pudo ver <em data-start=\"420\" data-end=\"444\">Activistas por la vida<\/em>, una propuesta ejecutada por el fot\u00f3grafo Gervasio S\u00e1nchez y la asociaci\u00f3n <a href=\"https:\/\/www.entrepobles.org\/\"><strong>Entrepueblos<\/strong><\/a>, que busc\u00f3 dar visibilidad a defensores y defensoras de los derechos humanos y la naturaleza, as\u00ed como a sus luchas, focaliz\u00e1ndose en Guatemala y Honduras.<\/p>\n<p><img loading=\"lazy\" decoding=\"async\" class=\"aligncenter wp-image-51992 size-large\" src=\"https:\/\/www.cruillabarcelona.cat\/wp-content\/uploads\/2024\/03\/AMBIENT_230707_PhotoGiselaJane_GISJ6276-1-1024x683.jpg\" alt=\"\" width=\"900\" height=\"600\" srcset=\"https:\/\/www.cruillabarcelona.cat\/wp-content\/uploads\/2024\/03\/AMBIENT_230707_PhotoGiselaJane_GISJ6276-1-1024x683.jpg 1024w, https:\/\/www.cruillabarcelona.cat\/wp-content\/uploads\/2024\/03\/AMBIENT_230707_PhotoGiselaJane_GISJ6276-1-768x512.jpg 768w, https:\/\/www.cruillabarcelona.cat\/wp-content\/uploads\/2024\/03\/AMBIENT_230707_PhotoGiselaJane_GISJ6276-1-1536x1024.jpg 1536w, https:\/\/www.cruillabarcelona.cat\/wp-content\/uploads\/2024\/03\/AMBIENT_230707_PhotoGiselaJane_GISJ6276-1-300x200.jpg 300w, https:\/\/www.cruillabarcelona.cat\/wp-content\/uploads\/2024\/03\/AMBIENT_230707_PhotoGiselaJane_GISJ6276-1-1500x1000.jpg 1500w, https:\/\/www.cruillabarcelona.cat\/wp-content\/uploads\/2024\/03\/AMBIENT_230707_PhotoGiselaJane_GISJ6276-1.jpg 1764w\" sizes=\"auto, (max-width: 900px) 100vw, 900px\" \/><\/p>\n<h3>M\u00c1S DE UNA DECENA DE ENTIDADES<\/h3>\n<p>Algunas de las entidades que formaron parte son la <a href=\"https:\/\/lassociacio.org\/\"><strong>Associaci\u00f3 pels Drets Sexuals i Reproductius<\/strong><\/a>, que vela por la promoci\u00f3n, defensa, reivindicaci\u00f3n y garant\u00eda real de los Derechos Sexuales y Reproductivos, o la \u00a0<a href=\"https:\/\/www.violenciadegenere.org\/\"><strong>Plataforma Unit\u00e0ria Contra les viol\u00e8ncies de g\u00e8nere<\/strong><\/a>, que impulsa y mujer apoyo al conjunto del movimiento social que lucha por los derechos y la libertad de las mujeres, dos organizaciones que luchan por erradicar las violencias machistas.<\/p>\n<p>Tambi\u00e9n contamos con la ONGD <a href=\"https:\/\/boscoglobal.org\/\"><strong>Bosco Global<\/strong><\/a> que vela por un mundo m\u00e1s justo, equitativo y sostenible mediante la educaci\u00f3n y que repiti\u00f3 un a\u00f1o m\u00e1s dentro del Espai Transforma&#8217;t as\u00ed como <strong><a href=\"https:\/\/lacoordi.cat\/\">La Coordi<\/a>,<\/strong> entidad de segundo grado que tiene como principal objetivo articular el Comercio Justo en el marco de la Econom\u00eda Solidaria.<\/p>\n<p>Las organizaciones humanitarias <a href=\"https:\/\/www.msf.es\/\"><strong>M\u00e9dicos Sin Fronteras<\/strong><\/a>, que aporta su ayuda a las v\u00edctimas de desastres naturales o humanos y de conflictos armados, y <a href=\"https:\/\/www.cruzroja.es\/principal\/web\/barcelona\"><strong>Cruz Roja Espa\u00f1ola en Catalu\u00f1a<\/strong><\/a>, instituci\u00f3n de car\u00e1cter e inter\u00e9s p\u00fablico que trabaja por el desarrollo humano y comunitario, fueron otras de las organizaciones que se implicaron en la dinamizaci\u00f3n del espacio.<\/p>\n<p>Pudimos ver tambi\u00e9n en el Espai Transforma&#8217;t activaciones de las entidades <strong><a href=\"https:\/\/www.mpdl.org\/\">Moviment per la Pau (MPDL)<\/a><\/strong>, que lucha por la paz y el cuidado de las personas y del planeta, o la <a href=\"https:\/\/www.ccoo.cat\/cooperacio\/\"><strong>Fundaci\u00f3 Pau i Solidaritat<\/strong><\/a>, que trabaja tambi\u00e9n por la defensa de los derechos humanos Laborales en todo el mundo.<\/p>\n<p>Tambi\u00e9n estubieron el <a href=\"https:\/\/www.bancsang.net\/ca\/\"><strong>Banco de Sangre y Tejidos<\/strong><\/a>, que volvi\u00f3 al festival tras el \u00e9xito del a\u00f1o pasado \u2014con un r\u00e9cord de 116 donantes de m\u00e9dula en s\u00f3lo dos d\u00edas\u2014, con un espacio dedicado a sumar nuevos donantes, y el <a href=\"https:\/\/www.pssjd.org\/\"><strong>Parque Sanitario de San Juan de Dios<\/strong><\/a>, que di\u00f3 a conocer algunas mismas terapias pensadas para generar cambios en las mentales y de sus relaciones con los dem\u00e1s.<\/p>\n<p>La <a href=\"https:\/\/www.ccar.cat\/\"><strong>Comissi\u00f3 Catalana d\u2019Acci\u00f3 pel Refugi<\/strong><\/a>, que vela por la defensa del derecho de asilo y los derechos de las personas refugiadas y\/o migradas que se encuentran en una situaci\u00f3n de especial vulnerabilidad, y el <a href=\"https:\/\/www.recercasantpau.cat\/\"><strong>Institut de Recerca Sant Pau<\/strong><\/a>, que trabaja para contribuir en la mejora de la salud y la calidad de vida de las personas, mediante la producci\u00f3n y divulgaci\u00f3n de conocimiento cient\u00edfico, entre otras cosas, tampoco faltaron.<\/p>\n<p>Por \u00faltimo, tambi\u00e9n tubimos a <a href=\"https:\/\/pallapupas.org\/es\/\"><strong>Pallapupas<\/strong><\/a>, la entidad que se encarga de humanizar los hospitales y acompa\u00f1ar, con humor y alegr\u00eda, a ni\u00f1os y adultos que viven procesos de enfermedad y al <a href=\"https:\/\/www.pssjd.org\/\"><strong>Parc Sanitari de Sant Joan de D\u00e9u<\/strong><\/a> con su proyecto Somrise.<\/p>\n","protected":false},"excerpt":{"rendered":"<p>\u00a1Un punto de encuentro para el cambio social! El Festival Cru\u00eflla es mucho m\u00e1s que un festival de m\u00fasica: desde hace muchos a\u00f1os otras disciplinas como [&hellip;]<\/p>\n","protected":false},"author":7,"featured_media":49681,"parent":0,"menu_order":0,"comment_status":"closed","ping_status":"closed","template":"page-templates\/page-landing.php","meta":{"_acf_changed":false,"footnotes":""},"class_list":["post-49603","page","type-page","status-publish","has-post-thumbnail","hentry"],"acf":[],"yoast_head":"<!-- This site is optimized with the Yoast SEO plugin v27.3 - https:\/\/yoast.com\/product\/yoast-seo-wordpress\/ -->\n<title>Espai Transforma&#039;t - Festival Cru\u00eflla<\/title>\n<meta name=\"robots\" content=\"index, follow, max-snippet:-1, max-image-preview:large, max-video-preview:-1\" \/>\n<link rel=\"canonical\" href=\"https:\/\/www.cruillabarcelona.cat\/es\/espai-transformat\/\" \/>\n<meta property=\"og:locale\" content=\"es_ES\" \/>\n<meta property=\"og:type\" content=\"article\" \/>\n<meta property=\"og:title\" content=\"Espai Transforma&#039;t - Festival Cru\u00eflla\" \/>\n<meta property=\"og:description\" content=\"\u00a1Un punto de encuentro para el cambio social! El Festival Cru\u00eflla es mucho m\u00e1s que un festival de m\u00fasica: desde hace muchos a\u00f1os otras disciplinas como [&hellip;]\" \/>\n<meta property=\"og:url\" content=\"https:\/\/www.cruillabarcelona.cat\/es\/espai-transformat\/\" \/>\n<meta property=\"og:site_name\" content=\"Festival Cru\u00eflla\" \/>\n<meta property=\"article:modified_time\" content=\"2025-07-23T11:51:21+00:00\" \/>\n<meta property=\"og:image\" content=\"https:\/\/www.cruillabarcelona.cat\/wp-content\/uploads\/2023\/06\/Copia-de-2022-07-09-AMBIENT__DSC0513_Foto\u00a9VictorParreno-scaled.jpg\" \/>\n\t<meta property=\"og:image:width\" content=\"2560\" \/>\n\t<meta property=\"og:image:height\" content=\"1709\" \/>\n\t<meta property=\"og:image:type\" content=\"image\/jpeg\" \/>\n<meta name=\"twitter:card\" content=\"summary_large_image\" \/>\n<meta name=\"twitter:label1\" content=\"Tiempo de lectura\" \/>\n\t<meta name=\"twitter:data1\" content=\"6 minutos\" \/>\n<script type=\"application\/ld+json\" class=\"yoast-schema-graph\">{\"@context\":\"https:\\\/\\\/schema.org\",\"@graph\":[{\"@type\":\"WebPage\",\"@id\":\"https:\\\/\\\/www.cruillabarcelona.cat\\\/es\\\/espai-transformat\\\/\",\"url\":\"https:\\\/\\\/www.cruillabarcelona.cat\\\/es\\\/espai-transformat\\\/\",\"name\":\"Espai Transforma't - Festival Cru\u00eflla\",\"isPartOf\":{\"@id\":\"https:\\\/\\\/www.cruillabarcelona.cat\\\/es\\\/#website\"},\"primaryImageOfPage\":{\"@id\":\"https:\\\/\\\/www.cruillabarcelona.cat\\\/es\\\/espai-transformat\\\/#primaryimage\"},\"image\":{\"@id\":\"https:\\\/\\\/www.cruillabarcelona.cat\\\/es\\\/espai-transformat\\\/#primaryimage\"},\"thumbnailUrl\":\"https:\\\/\\\/www.cruillabarcelona.cat\\\/wp-content\\\/uploads\\\/2023\\\/06\\\/Copia-de-2022-07-09-AMBIENT__DSC0513_Foto\u00a9VictorParreno-scaled.jpg\",\"datePublished\":\"2023-06-27T14:58:02+00:00\",\"dateModified\":\"2025-07-23T11:51:21+00:00\",\"breadcrumb\":{\"@id\":\"https:\\\/\\\/www.cruillabarcelona.cat\\\/es\\\/espai-transformat\\\/#breadcrumb\"},\"inLanguage\":\"es\",\"potentialAction\":[{\"@type\":\"ReadAction\",\"target\":[\"https:\\\/\\\/www.cruillabarcelona.cat\\\/es\\\/espai-transformat\\\/\"]}]},{\"@type\":\"ImageObject\",\"inLanguage\":\"es\",\"@id\":\"https:\\\/\\\/www.cruillabarcelona.cat\\\/es\\\/espai-transformat\\\/#primaryimage\",\"url\":\"https:\\\/\\\/www.cruillabarcelona.cat\\\/wp-content\\\/uploads\\\/2023\\\/06\\\/Copia-de-2022-07-09-AMBIENT__DSC0513_Foto\u00a9VictorParreno-scaled.jpg\",\"contentUrl\":\"https:\\\/\\\/www.cruillabarcelona.cat\\\/wp-content\\\/uploads\\\/2023\\\/06\\\/Copia-de-2022-07-09-AMBIENT__DSC0513_Foto\u00a9VictorParreno-scaled.jpg\",\"width\":2560,\"height\":1709},{\"@type\":\"BreadcrumbList\",\"@id\":\"https:\\\/\\\/www.cruillabarcelona.cat\\\/es\\\/espai-transformat\\\/#breadcrumb\",\"itemListElement\":[{\"@type\":\"ListItem\",\"position\":1,\"name\":\"Home\",\"item\":\"https:\\\/\\\/www.cruillabarcelona.cat\\\/es\\\/\"},{\"@type\":\"ListItem\",\"position\":2,\"name\":\"Espai Transforma&#8217;t\"}]},{\"@type\":\"WebSite\",\"@id\":\"https:\\\/\\\/www.cruillabarcelona.cat\\\/es\\\/#website\",\"url\":\"https:\\\/\\\/www.cruillabarcelona.cat\\\/es\\\/\",\"name\":\"Festival Cru\u00eflla\",\"description\":\"\",\"publisher\":{\"@id\":\"https:\\\/\\\/www.cruillabarcelona.cat\\\/es\\\/#organization\"},\"potentialAction\":[{\"@type\":\"SearchAction\",\"target\":{\"@type\":\"EntryPoint\",\"urlTemplate\":\"https:\\\/\\\/www.cruillabarcelona.cat\\\/es\\\/?s={search_term_string}\"},\"query-input\":{\"@type\":\"PropertyValueSpecification\",\"valueRequired\":true,\"valueName\":\"search_term_string\"}}],\"inLanguage\":\"es\"},{\"@type\":\"Organization\",\"@id\":\"https:\\\/\\\/www.cruillabarcelona.cat\\\/es\\\/#organization\",\"name\":\"Festival Cru\u00eflla\",\"url\":\"https:\\\/\\\/www.cruillabarcelona.cat\\\/es\\\/\",\"logo\":{\"@type\":\"ImageObject\",\"inLanguage\":\"es\",\"@id\":\"https:\\\/\\\/www.cruillabarcelona.cat\\\/es\\\/#\\\/schema\\\/logo\\\/image\\\/\",\"url\":\"https:\\\/\\\/www.cruillabarcelona.cat\\\/wp-content\\\/uploads\\\/2025\\\/12\\\/cruill-logo-negativo.png\",\"contentUrl\":\"https:\\\/\\\/www.cruillabarcelona.cat\\\/wp-content\\\/uploads\\\/2025\\\/12\\\/cruill-logo-negativo.png\",\"width\":400,\"height\":101,\"caption\":\"Festival Cru\u00eflla\"},\"image\":{\"@id\":\"https:\\\/\\\/www.cruillabarcelona.cat\\\/es\\\/#\\\/schema\\\/logo\\\/image\\\/\"}}]}<\/script>\n<!-- \/ Yoast SEO plugin. -->","yoast_head_json":{"title":"Espai Transforma't - Festival Cru\u00eflla","robots":{"index":"index","follow":"follow","max-snippet":"max-snippet:-1","max-image-preview":"max-image-preview:large","max-video-preview":"max-video-preview:-1"},"canonical":"https:\/\/www.cruillabarcelona.cat\/es\/espai-transformat\/","og_locale":"es_ES","og_type":"article","og_title":"Espai Transforma't - Festival Cru\u00eflla","og_description":"\u00a1Un punto de encuentro para el cambio social! El Festival Cru\u00eflla es mucho m\u00e1s que un festival de m\u00fasica: desde hace muchos a\u00f1os otras disciplinas como [&hellip;]","og_url":"https:\/\/www.cruillabarcelona.cat\/es\/espai-transformat\/","og_site_name":"Festival Cru\u00eflla","article_modified_time":"2025-07-23T11:51:21+00:00","og_image":[{"width":2560,"height":1709,"url":"https:\/\/www.cruillabarcelona.cat\/wp-content\/uploads\/2023\/06\/Copia-de-2022-07-09-AMBIENT__DSC0513_Foto\u00a9VictorParreno-scaled.jpg","type":"image\/jpeg"}],"twitter_card":"summary_large_image","twitter_misc":{"Tiempo de lectura":"6 minutos"},"schema":{"@context":"https:\/\/schema.org","@graph":[{"@type":"WebPage","@id":"https:\/\/www.cruillabarcelona.cat\/es\/espai-transformat\/","url":"https:\/\/www.cruillabarcelona.cat\/es\/espai-transformat\/","name":"Espai Transforma't - Festival Cru\u00eflla","isPartOf":{"@id":"https:\/\/www.cruillabarcelona.cat\/es\/#website"},"primaryImageOfPage":{"@id":"https:\/\/www.cruillabarcelona.cat\/es\/espai-transformat\/#primaryimage"},"image":{"@id":"https:\/\/www.cruillabarcelona.cat\/es\/espai-transformat\/#primaryimage"},"thumbnailUrl":"https:\/\/www.cruillabarcelona.cat\/wp-content\/uploads\/2023\/06\/Copia-de-2022-07-09-AMBIENT__DSC0513_Foto\u00a9VictorParreno-scaled.jpg","datePublished":"2023-06-27T14:58:02+00:00","dateModified":"2025-07-23T11:51:21+00:00","breadcrumb":{"@id":"https:\/\/www.cruillabarcelona.cat\/es\/espai-transformat\/#breadcrumb"},"inLanguage":"es","potentialAction":[{"@type":"ReadAction","target":["https:\/\/www.cruillabarcelona.cat\/es\/espai-transformat\/"]}]},{"@type":"ImageObject","inLanguage":"es","@id":"https:\/\/www.cruillabarcelona.cat\/es\/espai-transformat\/#primaryimage","url":"https:\/\/www.cruillabarcelona.cat\/wp-content\/uploads\/2023\/06\/Copia-de-2022-07-09-AMBIENT__DSC0513_Foto\u00a9VictorParreno-scaled.jpg","contentUrl":"https:\/\/www.cruillabarcelona.cat\/wp-content\/uploads\/2023\/06\/Copia-de-2022-07-09-AMBIENT__DSC0513_Foto\u00a9VictorParreno-scaled.jpg","width":2560,"height":1709},{"@type":"BreadcrumbList","@id":"https:\/\/www.cruillabarcelona.cat\/es\/espai-transformat\/#breadcrumb","itemListElement":[{"@type":"ListItem","position":1,"name":"Home","item":"https:\/\/www.cruillabarcelona.cat\/es\/"},{"@type":"ListItem","position":2,"name":"Espai Transforma&#8217;t"}]},{"@type":"WebSite","@id":"https:\/\/www.cruillabarcelona.cat\/es\/#website","url":"https:\/\/www.cruillabarcelona.cat\/es\/","name":"Festival Cru\u00eflla","description":"","publisher":{"@id":"https:\/\/www.cruillabarcelona.cat\/es\/#organization"},"potentialAction":[{"@type":"SearchAction","target":{"@type":"EntryPoint","urlTemplate":"https:\/\/www.cruillabarcelona.cat\/es\/?s={search_term_string}"},"query-input":{"@type":"PropertyValueSpecification","valueRequired":true,"valueName":"search_term_string"}}],"inLanguage":"es"},{"@type":"Organization","@id":"https:\/\/www.cruillabarcelona.cat\/es\/#organization","name":"Festival Cru\u00eflla","url":"https:\/\/www.cruillabarcelona.cat\/es\/","logo":{"@type":"ImageObject","inLanguage":"es","@id":"https:\/\/www.cruillabarcelona.cat\/es\/#\/schema\/logo\/image\/","url":"https:\/\/www.cruillabarcelona.cat\/wp-content\/uploads\/2025\/12\/cruill-logo-negativo.png","contentUrl":"https:\/\/www.cruillabarcelona.cat\/wp-content\/uploads\/2025\/12\/cruill-logo-negativo.png","width":400,"height":101,"caption":"Festival Cru\u00eflla"},"image":{"@id":"https:\/\/www.cruillabarcelona.cat\/es\/#\/schema\/logo\/image\/"}}]}},"_links":{"self":[{"href":"https:\/\/www.cruillabarcelona.cat\/es\/wp-json\/wp\/v2\/pages\/49603","targetHints":{"allow":["GET"]}}],"collection":[{"href":"https:\/\/www.cruillabarcelona.cat\/es\/wp-json\/wp\/v2\/pages"}],"about":[{"href":"https:\/\/www.cruillabarcelona.cat\/es\/wp-json\/wp\/v2\/types\/page"}],"author":[{"embeddable":true,"href":"https:\/\/www.cruillabarcelona.cat\/es\/wp-json\/wp\/v2\/users\/7"}],"replies":[{"embeddable":true,"href":"https:\/\/www.cruillabarcelona.cat\/es\/wp-json\/wp\/v2\/comments?post=49603"}],"version-history":[{"count":5,"href":"https:\/\/www.cruillabarcelona.cat\/es\/wp-json\/wp\/v2\/pages\/49603\/revisions"}],"predecessor-version":[{"id":60499,"href":"https:\/\/www.cruillabarcelona.cat\/es\/wp-json\/wp\/v2\/pages\/49603\/revisions\/60499"}],"wp:featuredmedia":[{"embeddable":true,"href":"https:\/\/www.cruillabarcelona.cat\/es\/wp-json\/wp\/v2\/media\/49681"}],"wp:attachment":[{"href":"https:\/\/www.cruillabarcelona.cat\/es\/wp-json\/wp\/v2\/media?parent=49603"}],"curies":[{"name":"wp","href":"https:\/\/api.w.org\/{rel}","templated":true}]}}