{"id":52255,"date":"2024-04-04T12:00:53","date_gmt":"2024-04-04T10:00:53","guid":{"rendered":"https:\/\/www.cruillabarcelona.cat\/?page_id=52255"},"modified":"2024-05-21T16:48:42","modified_gmt":"2024-05-21T14:48:42","slug":"landing-dijous","status":"publish","type":"page","link":"https:\/\/www.cruillabarcelona.cat\/es\/landing-dijous\/","title":{"rendered":"Jueves 11 de julio en el Festival Cru\u00eflla"},"content":{"rendered":"<p>Que el <strong>Festival Cru\u00eflla<\/strong>\u00a0es sin\u00f3nimo de fiesta no es una sorpresa para nadie, pero que\u00a0el pr\u00f3ximo<strong> jueves 11 de julio se convertir\u00e1 en la mayor pista de baile de la ciudad<\/strong> \u00a1te tendr\u00eda que poner los pelos de punta! Y es que, durante la segunda jornada del festival, m\u00e1s de una decena de artistas internacionales, nacionales y locales te har\u00e1n vivir <strong>una experiencia musical como nunca la has vivido antes.<\/strong><\/p>\n<p>Salsa, rumba, cumbia, bolero, merengue, flamenco, jazz, pop, electr\u00f3nica&#8230; el 11 de julio en el Festival Cru\u00eflla 2024 podr\u00e1s disfrutar de una programaci\u00f3n fren\u00e9tica que te har\u00e1 mostrar tus mejores pasos y darlo todo con tu gente entre coreograf\u00edas improvisadas, estribillos ic\u00f3nicos y ritmos de aqu\u00ed y de todas partes. <strong>No s\u00f3lo tendr\u00e1s ganas de mover las caderas sin parar, \u00a1es que no podr\u00e1s dejar de hacerlo!<\/strong><\/p>\n<p><img decoding=\"async\" class=\"aligncenter wp-image-52284 size-large\" src=\"https:\/\/www.cruillabarcelona.cat\/wp-content\/uploads\/2024\/04\/CE24_CartellDijous_Complet_Post_ES-1024x1024.jpg\" alt=\"\" width=\"900\" height=\"900\" srcset=\"https:\/\/www.cruillabarcelona.cat\/wp-content\/uploads\/2024\/04\/CE24_CartellDijous_Complet_Post_ES-1024x1024.jpg 1024w, https:\/\/www.cruillabarcelona.cat\/wp-content\/uploads\/2024\/04\/CE24_CartellDijous_Complet_Post_ES-150x150.jpg 150w, https:\/\/www.cruillabarcelona.cat\/wp-content\/uploads\/2024\/04\/CE24_CartellDijous_Complet_Post_ES-768x768.jpg 768w, https:\/\/www.cruillabarcelona.cat\/wp-content\/uploads\/2024\/04\/CE24_CartellDijous_Complet_Post_ES-300x300.jpg 300w, https:\/\/www.cruillabarcelona.cat\/wp-content\/uploads\/2024\/04\/CE24_CartellDijous_Complet_Post_ES-600x600.jpg 600w, https:\/\/www.cruillabarcelona.cat\/wp-content\/uploads\/2024\/04\/CE24_CartellDijous_Complet_Post_ES.jpg 1200w\" sizes=\"(max-width: 900px) 100vw, 900px\" \/><\/p>\n<p><strong>Cuatro de los nombres m\u00e1s importantes de la historia de la m\u00fasica latina<\/strong> se unir\u00e1n este verano en el Parc del F\u00f2rum para hacer que te dejes la voz entonando sus \u00e9xitos m\u00e1s conocidos y sumergirte en la cultura latina, tan arraigada en nuestra casa desde hace d\u00e9cadas.<\/p>\n<p>Tampoco faltar\u00e1n algunos de los <strong>exponentes de la m\u00fasica de fusi\u00f3n a nivel estatal y catal\u00e1n<\/strong>, que han llevado el pop un paso m\u00e1s all\u00e1 y han sido pioneros dentro de sus respectivos g\u00e9neros, ni varias <strong>propuestas emergentes<\/strong> que ya est\u00e1n sacudiendo el panorama actual y lo seguir\u00e1n haciendo en el futuro.<\/p>\n<p style=\"text-align: center;\"><a class=\"efsbutton button \" target=\"_blank\">ENTRADA JUEVES<\/a><\/p>\n<p style=\"text-align: center;\"><em>(Tambi\u00e9n puedes conseguir tu entrada del jueves <a href=\"https:\/\/www.cruillabarcelona.cat\/es\/tickets-premium\/\">PREMIUM<\/a>, con acceso a la zona PREMIUM y otras ventajas)<\/em><\/p>\n<h3>LOS GRANDES NOMBRES DE LA M\u00daSICA LATINA<\/h3>\n<p>Conocido como \u00abel Sonero del Mundo\u00bb,\u00a0<strong>Oscar D&#8217;Le\u00f3n<\/strong>\u00a0celebrar\u00e1 81 a\u00f1os sobre el escenario del Festival Cru\u00eflla, donde interpretar\u00e1 los grandes \u00e9xitos de su extensa carrera, que le ha llevado a ser toda una leyenda de la m\u00fasica venezolana. La portorrique\u00f1a\u00a0<strong>Olga Ta\u00f1\u00f3n<\/strong> actuar\u00e1 por primera vez en Catalu\u00f1a aquella misma noche, llevando<em> la gran fiesta<\/em> hasta el Parc del F\u00f2rum.<\/p>\n<p><strong>Chucho Vald\u00e9s<\/strong>\u00a0nos llevar\u00e1 el homenaje a su ic\u00f3nica banda\u00a0<strong>Irakere<\/strong>\u00a0cuando se celebran cincuenta a\u00f1os de su fundaci\u00f3n para llenar el festival de su jazz latino particular. La salsa estar\u00e1 a\u00fan m\u00e1s asegurada con el <strong>Grupo Niche<\/strong>, un grupo referente de la m\u00fasica colombiana. Desde Am\u00e9rica Latina tambi\u00e9n llegar\u00e1n las propuestas de <strong>Yadam<\/strong>, considerado el \u00abSam Smith de Venezuela\u00bb, o <strong>Bia Ferreira<\/strong>, la artista brasile\u00f1a dotada de una sensibilidad \u00fanica.<\/p>\n<p>En Catalu\u00f1a ya hace muchos a\u00f1os que sabemos que una fiesta no se puede llamar como tal sin la rumba cargada de mensaje de <strong>Albert Pla<\/strong> y el electropop costumbrista de <strong>Ladilla Rusa<\/strong>, que tampoco faltar\u00e1n el jueves 11 de julio. El flamenco tambi\u00e9n har\u00e1 acto de presencia a trav\u00e9s de <strong>La Plazuela<\/strong>, uno de los grupos nacionales del momento, y <strong>Morochos<\/strong>, los gemelos fabricantes de buen rollo. \u00a1Todo ello, redondeado con el sello particular de <strong>Azucarillo Kings!<\/strong><\/p>\n<p><iframe style=\"border-radius:12px\" src=\"https:\/\/open.spotify.com\/embed\/playlist\/5VKkTFZvVcVcHwCK1s1Wzc?utm_source=generator\" width=\"100%\" height=\"352\" frameBorder=\"0\" allowfullscreen=\"\" allow=\"autoplay; clipboard-write; encrypted-media; fullscreen; picture-in-picture\" loading=\"lazy\"><\/iframe><\/p>\n","protected":false},"excerpt":{"rendered":"<p>Que el Festival Cru\u00eflla\u00a0es sin\u00f3nimo de fiesta no es una sorpresa para nadie, pero que\u00a0el pr\u00f3ximo jueves 11 de julio se convertir\u00e1 en la mayor pista [&hellip;]<\/p>\n","protected":false},"author":7,"featured_media":52305,"parent":0,"menu_order":0,"comment_status":"closed","ping_status":"closed","template":"page-templates\/page-landing.php","meta":{"_acf_changed":false,"footnotes":""},"class_list":["post-52255","page","type-page","status-publish","has-post-thumbnail","hentry"],"acf":[],"yoast_head":"<!-- This site is optimized with the Yoast SEO plugin v27.5 - https:\/\/yoast.com\/product\/yoast-seo-wordpress\/ -->\n<title>Jueves 11 de julio en el Festival Cru\u00eflla - Festival Cru\u00eflla<\/title>\n<meta name=\"robots\" content=\"index, follow, max-snippet:-1, max-image-preview:large, max-video-preview:-1\" \/>\n<link rel=\"canonical\" href=\"https:\/\/www.cruillabarcelona.cat\/es\/landing-dijous\/\" \/>\n<meta property=\"og:locale\" content=\"es_ES\" \/>\n<meta property=\"og:type\" content=\"article\" \/>\n<meta property=\"og:title\" content=\"Jueves 11 de julio en el Festival Cru\u00eflla - Festival Cru\u00eflla\" \/>\n<meta property=\"og:description\" content=\"Que el Festival Cru\u00eflla\u00a0es sin\u00f3nimo de fiesta no es una sorpresa para nadie, pero que\u00a0el pr\u00f3ximo jueves 11 de julio se convertir\u00e1 en la mayor pista [&hellip;]\" \/>\n<meta property=\"og:url\" content=\"https:\/\/www.cruillabarcelona.cat\/es\/landing-dijous\/\" \/>\n<meta property=\"og:site_name\" content=\"Festival Cru\u00eflla\" \/>\n<meta property=\"article:modified_time\" content=\"2024-05-21T14:48:42+00:00\" \/>\n<meta property=\"og:image\" content=\"https:\/\/www.cruillabarcelona.cat\/wp-content\/uploads\/2024\/04\/CE24_AnunciODL_Landing_ES.jpg\" \/>\n\t<meta property=\"og:image:width\" content=\"1500\" \/>\n\t<meta property=\"og:image:height\" content=\"500\" \/>\n\t<meta property=\"og:image:type\" content=\"image\/jpeg\" \/>\n<meta name=\"twitter:card\" content=\"summary_large_image\" \/>\n<meta name=\"twitter:label1\" content=\"Tiempo de lectura\" \/>\n\t<meta name=\"twitter:data1\" content=\"4 minutos\" \/>\n<script type=\"application\/ld+json\" class=\"yoast-schema-graph\">{\"@context\":\"https:\\\/\\\/schema.org\",\"@graph\":[{\"@type\":\"WebPage\",\"@id\":\"https:\\\/\\\/www.cruillabarcelona.cat\\\/es\\\/landing-dijous\\\/\",\"url\":\"https:\\\/\\\/www.cruillabarcelona.cat\\\/es\\\/landing-dijous\\\/\",\"name\":\"Jueves 11 de julio en el Festival Cru\u00eflla - Festival Cru\u00eflla\",\"isPartOf\":{\"@id\":\"https:\\\/\\\/www.cruillabarcelona.cat\\\/es\\\/#website\"},\"primaryImageOfPage\":{\"@id\":\"https:\\\/\\\/www.cruillabarcelona.cat\\\/es\\\/landing-dijous\\\/#primaryimage\"},\"image\":{\"@id\":\"https:\\\/\\\/www.cruillabarcelona.cat\\\/es\\\/landing-dijous\\\/#primaryimage\"},\"thumbnailUrl\":\"https:\\\/\\\/www.cruillabarcelona.cat\\\/wp-content\\\/uploads\\\/2024\\\/04\\\/CE24_AnunciODL_Landing_ES.jpg\",\"datePublished\":\"2024-04-04T10:00:53+00:00\",\"dateModified\":\"2024-05-21T14:48:42+00:00\",\"breadcrumb\":{\"@id\":\"https:\\\/\\\/www.cruillabarcelona.cat\\\/es\\\/landing-dijous\\\/#breadcrumb\"},\"inLanguage\":\"es\",\"potentialAction\":[{\"@type\":\"ReadAction\",\"target\":[\"https:\\\/\\\/www.cruillabarcelona.cat\\\/es\\\/landing-dijous\\\/\"]}]},{\"@type\":\"ImageObject\",\"inLanguage\":\"es\",\"@id\":\"https:\\\/\\\/www.cruillabarcelona.cat\\\/es\\\/landing-dijous\\\/#primaryimage\",\"url\":\"https:\\\/\\\/www.cruillabarcelona.cat\\\/wp-content\\\/uploads\\\/2024\\\/04\\\/CE24_AnunciODL_Landing_ES.jpg\",\"contentUrl\":\"https:\\\/\\\/www.cruillabarcelona.cat\\\/wp-content\\\/uploads\\\/2024\\\/04\\\/CE24_AnunciODL_Landing_ES.jpg\",\"width\":1500,\"height\":500},{\"@type\":\"BreadcrumbList\",\"@id\":\"https:\\\/\\\/www.cruillabarcelona.cat\\\/es\\\/landing-dijous\\\/#breadcrumb\",\"itemListElement\":[{\"@type\":\"ListItem\",\"position\":1,\"name\":\"Home\",\"item\":\"https:\\\/\\\/www.cruillabarcelona.cat\\\/es\\\/\"},{\"@type\":\"ListItem\",\"position\":2,\"name\":\"Jueves 11 de julio en el Festival Cru\u00eflla\"}]},{\"@type\":\"WebSite\",\"@id\":\"https:\\\/\\\/www.cruillabarcelona.cat\\\/es\\\/#website\",\"url\":\"https:\\\/\\\/www.cruillabarcelona.cat\\\/es\\\/\",\"name\":\"Festival Cru\u00eflla\",\"description\":\"\",\"publisher\":{\"@id\":\"https:\\\/\\\/www.cruillabarcelona.cat\\\/es\\\/#organization\"},\"potentialAction\":[{\"@type\":\"SearchAction\",\"target\":{\"@type\":\"EntryPoint\",\"urlTemplate\":\"https:\\\/\\\/www.cruillabarcelona.cat\\\/es\\\/?s={search_term_string}\"},\"query-input\":{\"@type\":\"PropertyValueSpecification\",\"valueRequired\":true,\"valueName\":\"search_term_string\"}}],\"inLanguage\":\"es\"},{\"@type\":\"Organization\",\"@id\":\"https:\\\/\\\/www.cruillabarcelona.cat\\\/es\\\/#organization\",\"name\":\"Festival Cru\u00eflla\",\"url\":\"https:\\\/\\\/www.cruillabarcelona.cat\\\/es\\\/\",\"logo\":{\"@type\":\"ImageObject\",\"inLanguage\":\"es\",\"@id\":\"https:\\\/\\\/www.cruillabarcelona.cat\\\/es\\\/#\\\/schema\\\/logo\\\/image\\\/\",\"url\":\"https:\\\/\\\/www.cruillabarcelona.cat\\\/wp-content\\\/uploads\\\/2025\\\/12\\\/cruill-logo-negativo.png\",\"contentUrl\":\"https:\\\/\\\/www.cruillabarcelona.cat\\\/wp-content\\\/uploads\\\/2025\\\/12\\\/cruill-logo-negativo.png\",\"width\":400,\"height\":101,\"caption\":\"Festival Cru\u00eflla\"},\"image\":{\"@id\":\"https:\\\/\\\/www.cruillabarcelona.cat\\\/es\\\/#\\\/schema\\\/logo\\\/image\\\/\"}}]}<\/script>\n<!-- \/ Yoast SEO plugin. -->","yoast_head_json":{"title":"Jueves 11 de julio en el Festival Cru\u00eflla - Festival Cru\u00eflla","robots":{"index":"index","follow":"follow","max-snippet":"max-snippet:-1","max-image-preview":"max-image-preview:large","max-video-preview":"max-video-preview:-1"},"canonical":"https:\/\/www.cruillabarcelona.cat\/es\/landing-dijous\/","og_locale":"es_ES","og_type":"article","og_title":"Jueves 11 de julio en el Festival Cru\u00eflla - Festival Cru\u00eflla","og_description":"Que el Festival Cru\u00eflla\u00a0es sin\u00f3nimo de fiesta no es una sorpresa para nadie, pero que\u00a0el pr\u00f3ximo jueves 11 de julio se convertir\u00e1 en la mayor pista [&hellip;]","og_url":"https:\/\/www.cruillabarcelona.cat\/es\/landing-dijous\/","og_site_name":"Festival Cru\u00eflla","article_modified_time":"2024-05-21T14:48:42+00:00","og_image":[{"width":1500,"height":500,"url":"https:\/\/www.cruillabarcelona.cat\/wp-content\/uploads\/2024\/04\/CE24_AnunciODL_Landing_ES.jpg","type":"image\/jpeg"}],"twitter_card":"summary_large_image","twitter_misc":{"Tiempo de lectura":"4 minutos"},"schema":{"@context":"https:\/\/schema.org","@graph":[{"@type":"WebPage","@id":"https:\/\/www.cruillabarcelona.cat\/es\/landing-dijous\/","url":"https:\/\/www.cruillabarcelona.cat\/es\/landing-dijous\/","name":"Jueves 11 de julio en el Festival Cru\u00eflla - Festival Cru\u00eflla","isPartOf":{"@id":"https:\/\/www.cruillabarcelona.cat\/es\/#website"},"primaryImageOfPage":{"@id":"https:\/\/www.cruillabarcelona.cat\/es\/landing-dijous\/#primaryimage"},"image":{"@id":"https:\/\/www.cruillabarcelona.cat\/es\/landing-dijous\/#primaryimage"},"thumbnailUrl":"https:\/\/www.cruillabarcelona.cat\/wp-content\/uploads\/2024\/04\/CE24_AnunciODL_Landing_ES.jpg","datePublished":"2024-04-04T10:00:53+00:00","dateModified":"2024-05-21T14:48:42+00:00","breadcrumb":{"@id":"https:\/\/www.cruillabarcelona.cat\/es\/landing-dijous\/#breadcrumb"},"inLanguage":"es","potentialAction":[{"@type":"ReadAction","target":["https:\/\/www.cruillabarcelona.cat\/es\/landing-dijous\/"]}]},{"@type":"ImageObject","inLanguage":"es","@id":"https:\/\/www.cruillabarcelona.cat\/es\/landing-dijous\/#primaryimage","url":"https:\/\/www.cruillabarcelona.cat\/wp-content\/uploads\/2024\/04\/CE24_AnunciODL_Landing_ES.jpg","contentUrl":"https:\/\/www.cruillabarcelona.cat\/wp-content\/uploads\/2024\/04\/CE24_AnunciODL_Landing_ES.jpg","width":1500,"height":500},{"@type":"BreadcrumbList","@id":"https:\/\/www.cruillabarcelona.cat\/es\/landing-dijous\/#breadcrumb","itemListElement":[{"@type":"ListItem","position":1,"name":"Home","item":"https:\/\/www.cruillabarcelona.cat\/es\/"},{"@type":"ListItem","position":2,"name":"Jueves 11 de julio en el Festival Cru\u00eflla"}]},{"@type":"WebSite","@id":"https:\/\/www.cruillabarcelona.cat\/es\/#website","url":"https:\/\/www.cruillabarcelona.cat\/es\/","name":"Festival Cru\u00eflla","description":"","publisher":{"@id":"https:\/\/www.cruillabarcelona.cat\/es\/#organization"},"potentialAction":[{"@type":"SearchAction","target":{"@type":"EntryPoint","urlTemplate":"https:\/\/www.cruillabarcelona.cat\/es\/?s={search_term_string}"},"query-input":{"@type":"PropertyValueSpecification","valueRequired":true,"valueName":"search_term_string"}}],"inLanguage":"es"},{"@type":"Organization","@id":"https:\/\/www.cruillabarcelona.cat\/es\/#organization","name":"Festival Cru\u00eflla","url":"https:\/\/www.cruillabarcelona.cat\/es\/","logo":{"@type":"ImageObject","inLanguage":"es","@id":"https:\/\/www.cruillabarcelona.cat\/es\/#\/schema\/logo\/image\/","url":"https:\/\/www.cruillabarcelona.cat\/wp-content\/uploads\/2025\/12\/cruill-logo-negativo.png","contentUrl":"https:\/\/www.cruillabarcelona.cat\/wp-content\/uploads\/2025\/12\/cruill-logo-negativo.png","width":400,"height":101,"caption":"Festival Cru\u00eflla"},"image":{"@id":"https:\/\/www.cruillabarcelona.cat\/es\/#\/schema\/logo\/image\/"}}]}},"_links":{"self":[{"href":"https:\/\/www.cruillabarcelona.cat\/es\/wp-json\/wp\/v2\/pages\/52255","targetHints":{"allow":["GET"]}}],"collection":[{"href":"https:\/\/www.cruillabarcelona.cat\/es\/wp-json\/wp\/v2\/pages"}],"about":[{"href":"https:\/\/www.cruillabarcelona.cat\/es\/wp-json\/wp\/v2\/types\/page"}],"author":[{"embeddable":true,"href":"https:\/\/www.cruillabarcelona.cat\/es\/wp-json\/wp\/v2\/users\/7"}],"replies":[{"embeddable":true,"href":"https:\/\/www.cruillabarcelona.cat\/es\/wp-json\/wp\/v2\/comments?post=52255"}],"version-history":[{"count":5,"href":"https:\/\/www.cruillabarcelona.cat\/es\/wp-json\/wp\/v2\/pages\/52255\/revisions"}],"predecessor-version":[{"id":53146,"href":"https:\/\/www.cruillabarcelona.cat\/es\/wp-json\/wp\/v2\/pages\/52255\/revisions\/53146"}],"wp:featuredmedia":[{"embeddable":true,"href":"https:\/\/www.cruillabarcelona.cat\/es\/wp-json\/wp\/v2\/media\/52305"}],"wp:attachment":[{"href":"https:\/\/www.cruillabarcelona.cat\/es\/wp-json\/wp\/v2\/media?parent=52255"}],"curies":[{"name":"wp","href":"https:\/\/api.w.org\/{rel}","templated":true}]}}