{"id":52797,"date":"2024-05-15T12:00:04","date_gmt":"2024-05-15T10:00:04","guid":{"rendered":"https:\/\/www.cruillabarcelona.cat\/?page_id=52797"},"modified":"2024-07-03T10:41:59","modified_gmt":"2024-07-03T08:41:59","slug":"sorteo-vueling","status":"publish","type":"page","link":"https:\/\/www.cruillabarcelona.cat\/es\/sorteo-vueling\/","title":{"rendered":"Sorteo Vueling"},"content":{"rendered":"<h2 style=\"text-align: center;\">\u00a1VUELING TE LLEVA AL FESTIVAL CRU\u00cfLLA 2024!<\/h2>\n<p>Del <strong>10 al 13 de julio el Parc del F\u00f2rum de Barcelona<\/strong> acoger\u00e1 la decimocuarta edici\u00f3n del <strong>Festival Cru\u00eflla<\/strong>: un festival enmarcado en un <strong>entorno inmejorable<\/strong>, al aire libre y frente al mar, donde podr\u00e1s vivir una vivencia irrepetible, basada en <strong>la m\u00fasica, el arte y la comedia<\/strong>. En definitiva, es toda una experiencia pensada al mil\u00edmetro para convertirse en <strong>el mejor recuerdo de tu verano.<\/strong><\/p>\n<p><strong>\u00bfQuieres vivirlo en primera persona?<\/strong> Rellena este formulario y entrar\u00e1s en el sorteo de <strong>dos Abonos de 4 d\u00edas para el Festival Cru\u00eflla 2024<\/strong>! Tienes tiempo\u00a0<strong>hasta el d\u00eda 2 de julio<\/strong>,\u00a0cuando haremos el sorteo y nos pondremos en contacto con la persona ganadora.<\/p>\n<p style=\"text-align: center;\"><span style=\"color: #ff0000;\"><strong><em>Este sorteo ya ha finalizado, \u00a1pero a\u00fan est\u00e1s a tiempo de comprar tus tickets! No te duermas, \u00a1las entradas de s\u00e1bado y los abonos est\u00e1n a punto de agotarse<\/em><\/strong><\/span><span style=\"color: #ff0000;\"><strong><em>!<\/em><\/strong><\/span><\/p>\n<p style=\"text-align: center;\"><img decoding=\"async\" class=\"alignnone wp-image-53046 size-large\" src=\"https:\/\/www.cruillabarcelona.cat\/wp-content\/uploads\/2024\/05\/Cartell_CE24_WebQuadrat_ES-1024x1024.jpg\" alt=\"\" width=\"900\" height=\"900\" srcset=\"https:\/\/www.cruillabarcelona.cat\/wp-content\/uploads\/2024\/05\/Cartell_CE24_WebQuadrat_ES-1024x1024.jpg 1024w, https:\/\/www.cruillabarcelona.cat\/wp-content\/uploads\/2024\/05\/Cartell_CE24_WebQuadrat_ES-150x150.jpg 150w, https:\/\/www.cruillabarcelona.cat\/wp-content\/uploads\/2024\/05\/Cartell_CE24_WebQuadrat_ES-768x768.jpg 768w, https:\/\/www.cruillabarcelona.cat\/wp-content\/uploads\/2024\/05\/Cartell_CE24_WebQuadrat_ES-300x300.jpg 300w, https:\/\/www.cruillabarcelona.cat\/wp-content\/uploads\/2024\/05\/Cartell_CE24_WebQuadrat_ES-600x600.jpg 600w, https:\/\/www.cruillabarcelona.cat\/wp-content\/uploads\/2024\/05\/Cartell_CE24_WebQuadrat_ES.jpg 1200w\" sizes=\"(max-width: 900px) 100vw, 900px\" \/><\/p>\n<p>Tampoco faltar\u00e1 la comedia, con los principales representantes de la <strong>escena catalana<\/strong> o artistas que lo est\u00e1n petando a nivel nacional espa\u00f1ol, pasando por el <strong>talento emergente<\/strong> o c\u00f3micas <strong>consolidadas a nivel internacional.<\/strong><\/p>\n<p style=\"text-align: center;\"><img decoding=\"async\" class=\"alignnone wp-image-53056 size-large\" src=\"https:\/\/www.cruillabarcelona.cat\/wp-content\/uploads\/2024\/05\/WebQuadrat_CE24_Comedia_Cartell_ES-1024x1024.jpg\" alt=\"\" width=\"900\" height=\"900\" srcset=\"https:\/\/www.cruillabarcelona.cat\/wp-content\/uploads\/2024\/05\/WebQuadrat_CE24_Comedia_Cartell_ES-1024x1024.jpg 1024w, https:\/\/www.cruillabarcelona.cat\/wp-content\/uploads\/2024\/05\/WebQuadrat_CE24_Comedia_Cartell_ES-150x150.jpg 150w, https:\/\/www.cruillabarcelona.cat\/wp-content\/uploads\/2024\/05\/WebQuadrat_CE24_Comedia_Cartell_ES-768x768.jpg 768w, https:\/\/www.cruillabarcelona.cat\/wp-content\/uploads\/2024\/05\/WebQuadrat_CE24_Comedia_Cartell_ES-300x300.jpg 300w, https:\/\/www.cruillabarcelona.cat\/wp-content\/uploads\/2024\/05\/WebQuadrat_CE24_Comedia_Cartell_ES-600x600.jpg 600w, https:\/\/www.cruillabarcelona.cat\/wp-content\/uploads\/2024\/05\/WebQuadrat_CE24_Comedia_Cartell_ES.jpg 1200w\" sizes=\"(max-width: 900px) 100vw, 900px\" \/><\/p>\n<p>En el Festival Cru\u00eflla 2024 tambi\u00e9n disfrutaremos de una enorme programaci\u00f3n de artes en vivo y de una amplia oferta gastron\u00f3mica para todos los gustos. Adem\u00e1s, este a\u00f1o continuaremos trabajando para seguir mejorando nuestro compromiso con la sostenibilidad y los colectivos vulnerables de la ciudad y de todo el mundo.<strong> \u00a1Te esperamos!<\/strong><\/p>\n<p style=\"text-align: center;\">[efsflexvideo type=\u00bbyoutube\u00bb url=\u00bbhttps:\/\/www.youtube.com\/watch?v=7_a4KlW0HfQ\u00bb allowfullscreen=\u00bbyes\u00bb widescreen=\u00bbyes\u00bb width=\u00bb420&#8243; height=\u00bb315&#8243;\/]<\/p>\n","protected":false},"excerpt":{"rendered":"<p>\u00a1VUELING TE LLEVA AL FESTIVAL CRU\u00cfLLA 2024! Del 10 al 13 de julio el Parc del F\u00f2rum de Barcelona acoger\u00e1 la decimocuarta edici\u00f3n del Festival Cru\u00eflla: [&hellip;]<\/p>\n","protected":false},"author":2,"featured_media":53033,"parent":0,"menu_order":0,"comment_status":"closed","ping_status":"closed","template":"page-templates\/page-landing.php","meta":{"_acf_changed":false,"footnotes":""},"class_list":["post-52797","page","type-page","status-publish","has-post-thumbnail","hentry"],"acf":[],"yoast_head":"<!-- This site is optimized with the Yoast SEO plugin v27.5 - https:\/\/yoast.com\/product\/yoast-seo-wordpress\/ -->\n<title>Vueling x Festival Cru\u00eflla 2024<\/title>\n<meta name=\"description\" content=\"\u00a1Participa en el sorteo de Vueling de dos abonos full para el Festival Cru\u00eflla 2024!\" \/>\n<meta name=\"robots\" content=\"index, follow, max-snippet:-1, max-image-preview:large, max-video-preview:-1\" \/>\n<link rel=\"canonical\" href=\"https:\/\/www.cruillabarcelona.cat\/es\/sorteo-vueling\/\" \/>\n<meta property=\"og:locale\" content=\"es_ES\" \/>\n<meta property=\"og:type\" content=\"article\" \/>\n<meta property=\"og:title\" content=\"Vueling x Festival Cru\u00eflla 2024\" \/>\n<meta property=\"og:description\" content=\"\u00a1Participa en el sorteo de Vueling de dos abonos full para el Festival Cru\u00eflla 2024!\" \/>\n<meta property=\"og:url\" content=\"https:\/\/www.cruillabarcelona.cat\/es\/sorteo-vueling\/\" \/>\n<meta property=\"og:site_name\" content=\"Festival Cru\u00eflla\" \/>\n<meta property=\"article:modified_time\" content=\"2024-07-03T08:41:59+00:00\" \/>\n<meta property=\"og:image\" content=\"https:\/\/www.cruillabarcelona.cat\/wp-content\/uploads\/2024\/05\/AMBIENT_230706_PhotoChristianBertrand-282-1.jpg\" \/>\n\t<meta property=\"og:image:width\" content=\"2080\" \/>\n\t<meta property=\"og:image:height\" content=\"1387\" \/>\n\t<meta property=\"og:image:type\" content=\"image\/jpeg\" \/>\n<meta name=\"twitter:card\" content=\"summary_large_image\" \/>\n<meta name=\"twitter:label1\" content=\"Tiempo de lectura\" \/>\n\t<meta name=\"twitter:data1\" content=\"2 minutos\" \/>\n<script type=\"application\/ld+json\" class=\"yoast-schema-graph\">{\"@context\":\"https:\\\/\\\/schema.org\",\"@graph\":[{\"@type\":\"WebPage\",\"@id\":\"https:\\\/\\\/www.cruillabarcelona.cat\\\/es\\\/sorteo-vueling\\\/\",\"url\":\"https:\\\/\\\/www.cruillabarcelona.cat\\\/es\\\/sorteo-vueling\\\/\",\"name\":\"Vueling x Festival Cru\u00eflla 2024\",\"isPartOf\":{\"@id\":\"https:\\\/\\\/www.cruillabarcelona.cat\\\/es\\\/#website\"},\"primaryImageOfPage\":{\"@id\":\"https:\\\/\\\/www.cruillabarcelona.cat\\\/es\\\/sorteo-vueling\\\/#primaryimage\"},\"image\":{\"@id\":\"https:\\\/\\\/www.cruillabarcelona.cat\\\/es\\\/sorteo-vueling\\\/#primaryimage\"},\"thumbnailUrl\":\"https:\\\/\\\/www.cruillabarcelona.cat\\\/wp-content\\\/uploads\\\/2024\\\/05\\\/AMBIENT_230706_PhotoChristianBertrand-282-1.jpg\",\"datePublished\":\"2024-05-15T10:00:04+00:00\",\"dateModified\":\"2024-07-03T08:41:59+00:00\",\"description\":\"\u00a1Participa en el sorteo de Vueling de dos abonos full para el Festival Cru\u00eflla 2024!\",\"breadcrumb\":{\"@id\":\"https:\\\/\\\/www.cruillabarcelona.cat\\\/es\\\/sorteo-vueling\\\/#breadcrumb\"},\"inLanguage\":\"es\",\"potentialAction\":[{\"@type\":\"ReadAction\",\"target\":[\"https:\\\/\\\/www.cruillabarcelona.cat\\\/es\\\/sorteo-vueling\\\/\"]}]},{\"@type\":\"ImageObject\",\"inLanguage\":\"es\",\"@id\":\"https:\\\/\\\/www.cruillabarcelona.cat\\\/es\\\/sorteo-vueling\\\/#primaryimage\",\"url\":\"https:\\\/\\\/www.cruillabarcelona.cat\\\/wp-content\\\/uploads\\\/2024\\\/05\\\/AMBIENT_230706_PhotoChristianBertrand-282-1.jpg\",\"contentUrl\":\"https:\\\/\\\/www.cruillabarcelona.cat\\\/wp-content\\\/uploads\\\/2024\\\/05\\\/AMBIENT_230706_PhotoChristianBertrand-282-1.jpg\",\"width\":2080,\"height\":1387},{\"@type\":\"BreadcrumbList\",\"@id\":\"https:\\\/\\\/www.cruillabarcelona.cat\\\/es\\\/sorteo-vueling\\\/#breadcrumb\",\"itemListElement\":[{\"@type\":\"ListItem\",\"position\":1,\"name\":\"Home\",\"item\":\"https:\\\/\\\/www.cruillabarcelona.cat\\\/es\\\/\"},{\"@type\":\"ListItem\",\"position\":2,\"name\":\"Sorteo Vueling\"}]},{\"@type\":\"WebSite\",\"@id\":\"https:\\\/\\\/www.cruillabarcelona.cat\\\/es\\\/#website\",\"url\":\"https:\\\/\\\/www.cruillabarcelona.cat\\\/es\\\/\",\"name\":\"Festival Cru\u00eflla\",\"description\":\"\",\"publisher\":{\"@id\":\"https:\\\/\\\/www.cruillabarcelona.cat\\\/es\\\/#organization\"},\"potentialAction\":[{\"@type\":\"SearchAction\",\"target\":{\"@type\":\"EntryPoint\",\"urlTemplate\":\"https:\\\/\\\/www.cruillabarcelona.cat\\\/es\\\/?s={search_term_string}\"},\"query-input\":{\"@type\":\"PropertyValueSpecification\",\"valueRequired\":true,\"valueName\":\"search_term_string\"}}],\"inLanguage\":\"es\"},{\"@type\":\"Organization\",\"@id\":\"https:\\\/\\\/www.cruillabarcelona.cat\\\/es\\\/#organization\",\"name\":\"Festival Cru\u00eflla\",\"url\":\"https:\\\/\\\/www.cruillabarcelona.cat\\\/es\\\/\",\"logo\":{\"@type\":\"ImageObject\",\"inLanguage\":\"es\",\"@id\":\"https:\\\/\\\/www.cruillabarcelona.cat\\\/es\\\/#\\\/schema\\\/logo\\\/image\\\/\",\"url\":\"https:\\\/\\\/www.cruillabarcelona.cat\\\/wp-content\\\/uploads\\\/2025\\\/12\\\/cruill-logo-negativo.png\",\"contentUrl\":\"https:\\\/\\\/www.cruillabarcelona.cat\\\/wp-content\\\/uploads\\\/2025\\\/12\\\/cruill-logo-negativo.png\",\"width\":400,\"height\":101,\"caption\":\"Festival Cru\u00eflla\"},\"image\":{\"@id\":\"https:\\\/\\\/www.cruillabarcelona.cat\\\/es\\\/#\\\/schema\\\/logo\\\/image\\\/\"}}]}<\/script>\n<!-- \/ Yoast SEO plugin. -->","yoast_head_json":{"title":"Vueling x Festival Cru\u00eflla 2024","description":"\u00a1Participa en el sorteo de Vueling de dos abonos full para el Festival Cru\u00eflla 2024!","robots":{"index":"index","follow":"follow","max-snippet":"max-snippet:-1","max-image-preview":"max-image-preview:large","max-video-preview":"max-video-preview:-1"},"canonical":"https:\/\/www.cruillabarcelona.cat\/es\/sorteo-vueling\/","og_locale":"es_ES","og_type":"article","og_title":"Vueling x Festival Cru\u00eflla 2024","og_description":"\u00a1Participa en el sorteo de Vueling de dos abonos full para el Festival Cru\u00eflla 2024!","og_url":"https:\/\/www.cruillabarcelona.cat\/es\/sorteo-vueling\/","og_site_name":"Festival Cru\u00eflla","article_modified_time":"2024-07-03T08:41:59+00:00","og_image":[{"width":2080,"height":1387,"url":"https:\/\/www.cruillabarcelona.cat\/wp-content\/uploads\/2024\/05\/AMBIENT_230706_PhotoChristianBertrand-282-1.jpg","type":"image\/jpeg"}],"twitter_card":"summary_large_image","twitter_misc":{"Tiempo de lectura":"2 minutos"},"schema":{"@context":"https:\/\/schema.org","@graph":[{"@type":"WebPage","@id":"https:\/\/www.cruillabarcelona.cat\/es\/sorteo-vueling\/","url":"https:\/\/www.cruillabarcelona.cat\/es\/sorteo-vueling\/","name":"Vueling x Festival Cru\u00eflla 2024","isPartOf":{"@id":"https:\/\/www.cruillabarcelona.cat\/es\/#website"},"primaryImageOfPage":{"@id":"https:\/\/www.cruillabarcelona.cat\/es\/sorteo-vueling\/#primaryimage"},"image":{"@id":"https:\/\/www.cruillabarcelona.cat\/es\/sorteo-vueling\/#primaryimage"},"thumbnailUrl":"https:\/\/www.cruillabarcelona.cat\/wp-content\/uploads\/2024\/05\/AMBIENT_230706_PhotoChristianBertrand-282-1.jpg","datePublished":"2024-05-15T10:00:04+00:00","dateModified":"2024-07-03T08:41:59+00:00","description":"\u00a1Participa en el sorteo de Vueling de dos abonos full para el Festival Cru\u00eflla 2024!","breadcrumb":{"@id":"https:\/\/www.cruillabarcelona.cat\/es\/sorteo-vueling\/#breadcrumb"},"inLanguage":"es","potentialAction":[{"@type":"ReadAction","target":["https:\/\/www.cruillabarcelona.cat\/es\/sorteo-vueling\/"]}]},{"@type":"ImageObject","inLanguage":"es","@id":"https:\/\/www.cruillabarcelona.cat\/es\/sorteo-vueling\/#primaryimage","url":"https:\/\/www.cruillabarcelona.cat\/wp-content\/uploads\/2024\/05\/AMBIENT_230706_PhotoChristianBertrand-282-1.jpg","contentUrl":"https:\/\/www.cruillabarcelona.cat\/wp-content\/uploads\/2024\/05\/AMBIENT_230706_PhotoChristianBertrand-282-1.jpg","width":2080,"height":1387},{"@type":"BreadcrumbList","@id":"https:\/\/www.cruillabarcelona.cat\/es\/sorteo-vueling\/#breadcrumb","itemListElement":[{"@type":"ListItem","position":1,"name":"Home","item":"https:\/\/www.cruillabarcelona.cat\/es\/"},{"@type":"ListItem","position":2,"name":"Sorteo Vueling"}]},{"@type":"WebSite","@id":"https:\/\/www.cruillabarcelona.cat\/es\/#website","url":"https:\/\/www.cruillabarcelona.cat\/es\/","name":"Festival Cru\u00eflla","description":"","publisher":{"@id":"https:\/\/www.cruillabarcelona.cat\/es\/#organization"},"potentialAction":[{"@type":"SearchAction","target":{"@type":"EntryPoint","urlTemplate":"https:\/\/www.cruillabarcelona.cat\/es\/?s={search_term_string}"},"query-input":{"@type":"PropertyValueSpecification","valueRequired":true,"valueName":"search_term_string"}}],"inLanguage":"es"},{"@type":"Organization","@id":"https:\/\/www.cruillabarcelona.cat\/es\/#organization","name":"Festival Cru\u00eflla","url":"https:\/\/www.cruillabarcelona.cat\/es\/","logo":{"@type":"ImageObject","inLanguage":"es","@id":"https:\/\/www.cruillabarcelona.cat\/es\/#\/schema\/logo\/image\/","url":"https:\/\/www.cruillabarcelona.cat\/wp-content\/uploads\/2025\/12\/cruill-logo-negativo.png","contentUrl":"https:\/\/www.cruillabarcelona.cat\/wp-content\/uploads\/2025\/12\/cruill-logo-negativo.png","width":400,"height":101,"caption":"Festival Cru\u00eflla"},"image":{"@id":"https:\/\/www.cruillabarcelona.cat\/es\/#\/schema\/logo\/image\/"}}]}},"_links":{"self":[{"href":"https:\/\/www.cruillabarcelona.cat\/es\/wp-json\/wp\/v2\/pages\/52797","targetHints":{"allow":["GET"]}}],"collection":[{"href":"https:\/\/www.cruillabarcelona.cat\/es\/wp-json\/wp\/v2\/pages"}],"about":[{"href":"https:\/\/www.cruillabarcelona.cat\/es\/wp-json\/wp\/v2\/types\/page"}],"author":[{"embeddable":true,"href":"https:\/\/www.cruillabarcelona.cat\/es\/wp-json\/wp\/v2\/users\/2"}],"replies":[{"embeddable":true,"href":"https:\/\/www.cruillabarcelona.cat\/es\/wp-json\/wp\/v2\/comments?post=52797"}],"version-history":[{"count":5,"href":"https:\/\/www.cruillabarcelona.cat\/es\/wp-json\/wp\/v2\/pages\/52797\/revisions"}],"predecessor-version":[{"id":54353,"href":"https:\/\/www.cruillabarcelona.cat\/es\/wp-json\/wp\/v2\/pages\/52797\/revisions\/54353"}],"wp:featuredmedia":[{"embeddable":true,"href":"https:\/\/www.cruillabarcelona.cat\/es\/wp-json\/wp\/v2\/media\/53033"}],"wp:attachment":[{"href":"https:\/\/www.cruillabarcelona.cat\/es\/wp-json\/wp\/v2\/media?parent=52797"}],"curies":[{"name":"wp","href":"https:\/\/api.w.org\/{rel}","templated":true}]}}