{"id":53218,"date":"2024-05-22T09:31:49","date_gmt":"2024-05-22T07:31:49","guid":{"rendered":"https:\/\/www.cruillabarcelona.cat\/manual_invitacions\/"},"modified":"2025-05-20T17:51:01","modified_gmt":"2025-05-20T15:51:01","slug":"manual_invitacions","status":"publish","type":"page","link":"https:\/\/www.cruillabarcelona.cat\/es\/manual_invitacions\/","title":{"rendered":"Manual invitaciones Cru\u00eflla"},"content":{"rendered":"<h3>Manual para descargar tus invitaciones y\/o tus entradas con descuento<\/h3>\n<p><strong>1-Elige tus entradas o invitaciones:<\/strong> entra en:<a href=\"https:\/\/www.cruillabarcelona.cat\/es\/tickets\/\"> https:\/\/www.cruillabarcelona.cat\/es\/tickets\/<\/a> y<br \/>\nselecciona el tipo de entrada\/invitaci\u00f3n al que corresponde a tu c\u00f3digo. Lo ver\u00e1s indicado en el<br \/>\ncorreo electr\u00f3nico.<\/p>\n<p>&nbsp;<\/p>\n<p><img decoding=\"async\" width=\"550\" height=\"610\" class=\"aligncenter size-full wp-image-57749\" src=\"https:\/\/www.cruillabarcelona.cat\/wp-content\/uploads\/2025\/05\/manual_ca_1-1.jpg\" alt=\"\" srcset=\"https:\/\/www.cruillabarcelona.cat\/wp-content\/uploads\/2025\/05\/manual_ca_1-1.jpg 550w, https:\/\/www.cruillabarcelona.cat\/wp-content\/uploads\/2025\/05\/manual_ca_1-1-300x333.jpg 300w\" sizes=\"(max-width: 550px) 100vw, 550px\" \/><\/p>\n<p>&nbsp;<\/p>\n<p><strong>2-<\/strong>Introduce tu <strong>c\u00f3digo de invitado o el de tu descuento<\/strong> en la cajita promocional y haz click en<br \/>\n\u201cusar c\u00f3digo\u201d<\/p>\n<p class=\"p2\"><span class=\"Apple-converted-space\"><img decoding=\"async\" width=\"752\" height=\"625\" class=\"aligncenter size-full wp-image-57752\" src=\"https:\/\/www.cruillabarcelona.cat\/wp-content\/uploads\/2025\/05\/manual_ca_2-1.jpg\" alt=\"\" srcset=\"https:\/\/www.cruillabarcelona.cat\/wp-content\/uploads\/2025\/05\/manual_ca_2-1.jpg 752w, https:\/\/www.cruillabarcelona.cat\/wp-content\/uploads\/2025\/05\/manual_ca_2-1-300x249.jpg 300w\" sizes=\"(max-width: 752px) 100vw, 752px\" \/>\u00a0<\/span><\/p>\n<p><strong>3-<\/strong>Selecciona el n\u00famero de entradas y a\u00f1\u00e1delas a la cesta<strong><br \/>\n<\/strong><\/p>\n<p><img decoding=\"async\" width=\"789\" height=\"550\" class=\"aligncenter size-full wp-image-57755\" src=\"https:\/\/www.cruillabarcelona.cat\/wp-content\/uploads\/2025\/05\/manual_ca_3.jpg\" alt=\"\" srcset=\"https:\/\/www.cruillabarcelona.cat\/wp-content\/uploads\/2025\/05\/manual_ca_3.jpg 789w, https:\/\/www.cruillabarcelona.cat\/wp-content\/uploads\/2025\/05\/manual_ca_3-768x535.jpg 768w, https:\/\/www.cruillabarcelona.cat\/wp-content\/uploads\/2025\/05\/manual_ca_3-300x209.jpg 300w\" sizes=\"(max-width: 789px) 100vw, 789px\" \/><\/p>\n<p><strong>4- <\/strong>Opcionalmente <strong>puedes hacer un donativo a Pallapupas<\/strong><\/p>\n<p><img decoding=\"async\" width=\"544\" height=\"633\" class=\"aligncenter size-full wp-image-57758\" src=\"https:\/\/www.cruillabarcelona.cat\/wp-content\/uploads\/2025\/05\/manual_ca_4-1.jpg\" alt=\"\" srcset=\"https:\/\/www.cruillabarcelona.cat\/wp-content\/uploads\/2025\/05\/manual_ca_4-1.jpg 544w, https:\/\/www.cruillabarcelona.cat\/wp-content\/uploads\/2025\/05\/manual_ca_4-1-300x349.jpg 300w\" sizes=\"(max-width: 544px) 100vw, 544px\" \/><\/p>\n<p>&nbsp;<\/p>\n<p><strong>5-<\/strong> Comprueba que el <strong>precio sea 0\u20ac<\/strong> o que se te haya aplicado el <strong>descuento correspondiente<\/strong> y haz<br \/>\nclick en \u201cFinalizar compra\u201d.<strong><br \/>\n<\/strong><\/p>\n<p><img decoding=\"async\" width=\"753\" height=\"342\" class=\"aligncenter size-full wp-image-57761\" src=\"https:\/\/www.cruillabarcelona.cat\/wp-content\/uploads\/2025\/05\/manual_ca_5.jpg\" alt=\"\" srcset=\"https:\/\/www.cruillabarcelona.cat\/wp-content\/uploads\/2025\/05\/manual_ca_5.jpg 753w, https:\/\/www.cruillabarcelona.cat\/wp-content\/uploads\/2025\/05\/manual_ca_5-300x136.jpg 300w\" sizes=\"(max-width: 753px) 100vw, 753px\" \/><\/p>\n<p><strong>6- <\/strong>A continuaci\u00f3n, <strong>introduce tus datos. <\/strong>Utiliza el <strong>correo en el que has recibido el c\u00f3digo.<\/strong><\/p>\n<p><img decoding=\"async\" width=\"578\" height=\"351\" class=\"aligncenter size-full wp-image-57767\" src=\"https:\/\/www.cruillabarcelona.cat\/wp-content\/uploads\/2025\/05\/manual_ca_7-1.jpg\" alt=\"\" srcset=\"https:\/\/www.cruillabarcelona.cat\/wp-content\/uploads\/2025\/05\/manual_ca_7-1.jpg 578w, https:\/\/www.cruillabarcelona.cat\/wp-content\/uploads\/2025\/05\/manual_ca_7-1-300x182.jpg 300w\" sizes=\"(max-width: 578px) 100vw, 578px\" \/><br \/>\n<strong>7- <\/strong>Finalmente, <strong>recibir\u00e1s las entradas por mail.<\/strong>\u00a0 Tambi\u00e9n las puedes descargar directamente<\/p>\n<p><img decoding=\"async\" width=\"563\" height=\"329\" class=\"aligncenter size-full wp-image-57770\" src=\"https:\/\/www.cruillabarcelona.cat\/wp-content\/uploads\/2025\/05\/manual_ca_8-1.jpg\" alt=\"\" srcset=\"https:\/\/www.cruillabarcelona.cat\/wp-content\/uploads\/2025\/05\/manual_ca_8-1.jpg 563w, https:\/\/www.cruillabarcelona.cat\/wp-content\/uploads\/2025\/05\/manual_ca_8-1-300x175.jpg 300w\" sizes=\"(max-width: 563px) 100vw, 563px\" \/><\/p>\n<p>&nbsp;<\/p>\n<p>&nbsp;<\/p>\n<p>&nbsp;<\/p>\n","protected":false},"excerpt":{"rendered":"<p>Manual para descargar tus invitaciones y\/o tus entradas con descuento 1-Elige tus entradas o invitaciones: entra en: https:\/\/www.cruillabarcelona.cat\/es\/tickets\/ y selecciona el tipo de entrada\/invitaci\u00f3n al que [&hellip;]<\/p>\n","protected":false},"author":2,"featured_media":0,"parent":0,"menu_order":0,"comment_status":"closed","ping_status":"closed","template":"","meta":{"_acf_changed":false,"footnotes":""},"class_list":["post-53218","page","type-page","status-publish","hentry"],"acf":[],"yoast_head":"<!-- This site is optimized with the Yoast SEO plugin v27.5 - https:\/\/yoast.com\/product\/yoast-seo-wordpress\/ -->\n<title>Manual invitaciones Cru\u00eflla - Festival Cru\u00eflla<\/title>\n<meta name=\"robots\" content=\"noindex, nofollow\" \/>\n<meta property=\"og:locale\" content=\"es_ES\" \/>\n<meta property=\"og:type\" content=\"article\" \/>\n<meta property=\"og:title\" content=\"Manual invitaciones Cru\u00eflla - Festival Cru\u00eflla\" \/>\n<meta property=\"og:description\" content=\"Manual para descargar tus invitaciones y\/o tus entradas con descuento 1-Elige tus entradas o invitaciones: entra en: https:\/\/www.cruillabarcelona.cat\/es\/tickets\/ y selecciona el tipo de entrada\/invitaci\u00f3n al que [&hellip;]\" \/>\n<meta property=\"og:url\" content=\"https:\/\/www.cruillabarcelona.cat\/es\/manual_invitacions\/\" \/>\n<meta property=\"og:site_name\" content=\"Festival Cru\u00eflla\" \/>\n<meta property=\"article:modified_time\" content=\"2025-05-20T15:51:01+00:00\" \/>\n<meta property=\"og:image\" content=\"https:\/\/www.cruillabarcelona.cat\/wp-content\/uploads\/2025\/05\/manual_ca_1-1.jpg\" \/>\n<meta name=\"twitter:card\" content=\"summary_large_image\" \/>\n<meta name=\"twitter:label1\" content=\"Tiempo de lectura\" \/>\n\t<meta name=\"twitter:data1\" content=\"3 minutos\" \/>\n<script type=\"application\/ld+json\" class=\"yoast-schema-graph\">{\"@context\":\"https:\\\/\\\/schema.org\",\"@graph\":[{\"@type\":\"WebPage\",\"@id\":\"https:\\\/\\\/www.cruillabarcelona.cat\\\/es\\\/manual_invitacions\\\/\",\"url\":\"https:\\\/\\\/www.cruillabarcelona.cat\\\/es\\\/manual_invitacions\\\/\",\"name\":\"Manual invitaciones Cru\u00eflla - Festival Cru\u00eflla\",\"isPartOf\":{\"@id\":\"https:\\\/\\\/www.cruillabarcelona.cat\\\/es\\\/#website\"},\"primaryImageOfPage\":{\"@id\":\"https:\\\/\\\/www.cruillabarcelona.cat\\\/es\\\/manual_invitacions\\\/#primaryimage\"},\"image\":{\"@id\":\"https:\\\/\\\/www.cruillabarcelona.cat\\\/es\\\/manual_invitacions\\\/#primaryimage\"},\"thumbnailUrl\":\"https:\\\/\\\/www.cruillabarcelona.cat\\\/wp-content\\\/uploads\\\/2025\\\/05\\\/manual_ca_1-1.jpg\",\"datePublished\":\"2024-05-22T07:31:49+00:00\",\"dateModified\":\"2025-05-20T15:51:01+00:00\",\"breadcrumb\":{\"@id\":\"https:\\\/\\\/www.cruillabarcelona.cat\\\/es\\\/manual_invitacions\\\/#breadcrumb\"},\"inLanguage\":\"es\",\"potentialAction\":[{\"@type\":\"ReadAction\",\"target\":[\"https:\\\/\\\/www.cruillabarcelona.cat\\\/es\\\/manual_invitacions\\\/\"]}]},{\"@type\":\"ImageObject\",\"inLanguage\":\"es\",\"@id\":\"https:\\\/\\\/www.cruillabarcelona.cat\\\/es\\\/manual_invitacions\\\/#primaryimage\",\"url\":\"https:\\\/\\\/www.cruillabarcelona.cat\\\/wp-content\\\/uploads\\\/2025\\\/05\\\/manual_ca_1-1.jpg\",\"contentUrl\":\"https:\\\/\\\/www.cruillabarcelona.cat\\\/wp-content\\\/uploads\\\/2025\\\/05\\\/manual_ca_1-1.jpg\"},{\"@type\":\"BreadcrumbList\",\"@id\":\"https:\\\/\\\/www.cruillabarcelona.cat\\\/es\\\/manual_invitacions\\\/#breadcrumb\",\"itemListElement\":[{\"@type\":\"ListItem\",\"position\":1,\"name\":\"Home\",\"item\":\"https:\\\/\\\/www.cruillabarcelona.cat\\\/es\\\/\"},{\"@type\":\"ListItem\",\"position\":2,\"name\":\"Manual invitaciones Cru\u00eflla\"}]},{\"@type\":\"WebSite\",\"@id\":\"https:\\\/\\\/www.cruillabarcelona.cat\\\/es\\\/#website\",\"url\":\"https:\\\/\\\/www.cruillabarcelona.cat\\\/es\\\/\",\"name\":\"Festival Cru\u00eflla\",\"description\":\"\",\"publisher\":{\"@id\":\"https:\\\/\\\/www.cruillabarcelona.cat\\\/es\\\/#organization\"},\"potentialAction\":[{\"@type\":\"SearchAction\",\"target\":{\"@type\":\"EntryPoint\",\"urlTemplate\":\"https:\\\/\\\/www.cruillabarcelona.cat\\\/es\\\/?s={search_term_string}\"},\"query-input\":{\"@type\":\"PropertyValueSpecification\",\"valueRequired\":true,\"valueName\":\"search_term_string\"}}],\"inLanguage\":\"es\"},{\"@type\":\"Organization\",\"@id\":\"https:\\\/\\\/www.cruillabarcelona.cat\\\/es\\\/#organization\",\"name\":\"Festival Cru\u00eflla\",\"url\":\"https:\\\/\\\/www.cruillabarcelona.cat\\\/es\\\/\",\"logo\":{\"@type\":\"ImageObject\",\"inLanguage\":\"es\",\"@id\":\"https:\\\/\\\/www.cruillabarcelona.cat\\\/es\\\/#\\\/schema\\\/logo\\\/image\\\/\",\"url\":\"https:\\\/\\\/www.cruillabarcelona.cat\\\/wp-content\\\/uploads\\\/2025\\\/12\\\/cruill-logo-negativo.png\",\"contentUrl\":\"https:\\\/\\\/www.cruillabarcelona.cat\\\/wp-content\\\/uploads\\\/2025\\\/12\\\/cruill-logo-negativo.png\",\"width\":400,\"height\":101,\"caption\":\"Festival Cru\u00eflla\"},\"image\":{\"@id\":\"https:\\\/\\\/www.cruillabarcelona.cat\\\/es\\\/#\\\/schema\\\/logo\\\/image\\\/\"}}]}<\/script>\n<!-- \/ Yoast SEO plugin. -->","yoast_head_json":{"title":"Manual invitaciones Cru\u00eflla - Festival Cru\u00eflla","robots":{"index":"noindex","follow":"nofollow"},"og_locale":"es_ES","og_type":"article","og_title":"Manual invitaciones Cru\u00eflla - Festival Cru\u00eflla","og_description":"Manual para descargar tus invitaciones y\/o tus entradas con descuento 1-Elige tus entradas o invitaciones: entra en: https:\/\/www.cruillabarcelona.cat\/es\/tickets\/ y selecciona el tipo de entrada\/invitaci\u00f3n al que [&hellip;]","og_url":"https:\/\/www.cruillabarcelona.cat\/es\/manual_invitacions\/","og_site_name":"Festival Cru\u00eflla","article_modified_time":"2025-05-20T15:51:01+00:00","og_image":[{"url":"https:\/\/www.cruillabarcelona.cat\/wp-content\/uploads\/2025\/05\/manual_ca_1-1.jpg","type":"","width":"","height":""}],"twitter_card":"summary_large_image","twitter_misc":{"Tiempo de lectura":"3 minutos"},"schema":{"@context":"https:\/\/schema.org","@graph":[{"@type":"WebPage","@id":"https:\/\/www.cruillabarcelona.cat\/es\/manual_invitacions\/","url":"https:\/\/www.cruillabarcelona.cat\/es\/manual_invitacions\/","name":"Manual invitaciones Cru\u00eflla - Festival Cru\u00eflla","isPartOf":{"@id":"https:\/\/www.cruillabarcelona.cat\/es\/#website"},"primaryImageOfPage":{"@id":"https:\/\/www.cruillabarcelona.cat\/es\/manual_invitacions\/#primaryimage"},"image":{"@id":"https:\/\/www.cruillabarcelona.cat\/es\/manual_invitacions\/#primaryimage"},"thumbnailUrl":"https:\/\/www.cruillabarcelona.cat\/wp-content\/uploads\/2025\/05\/manual_ca_1-1.jpg","datePublished":"2024-05-22T07:31:49+00:00","dateModified":"2025-05-20T15:51:01+00:00","breadcrumb":{"@id":"https:\/\/www.cruillabarcelona.cat\/es\/manual_invitacions\/#breadcrumb"},"inLanguage":"es","potentialAction":[{"@type":"ReadAction","target":["https:\/\/www.cruillabarcelona.cat\/es\/manual_invitacions\/"]}]},{"@type":"ImageObject","inLanguage":"es","@id":"https:\/\/www.cruillabarcelona.cat\/es\/manual_invitacions\/#primaryimage","url":"https:\/\/www.cruillabarcelona.cat\/wp-content\/uploads\/2025\/05\/manual_ca_1-1.jpg","contentUrl":"https:\/\/www.cruillabarcelona.cat\/wp-content\/uploads\/2025\/05\/manual_ca_1-1.jpg"},{"@type":"BreadcrumbList","@id":"https:\/\/www.cruillabarcelona.cat\/es\/manual_invitacions\/#breadcrumb","itemListElement":[{"@type":"ListItem","position":1,"name":"Home","item":"https:\/\/www.cruillabarcelona.cat\/es\/"},{"@type":"ListItem","position":2,"name":"Manual invitaciones Cru\u00eflla"}]},{"@type":"WebSite","@id":"https:\/\/www.cruillabarcelona.cat\/es\/#website","url":"https:\/\/www.cruillabarcelona.cat\/es\/","name":"Festival Cru\u00eflla","description":"","publisher":{"@id":"https:\/\/www.cruillabarcelona.cat\/es\/#organization"},"potentialAction":[{"@type":"SearchAction","target":{"@type":"EntryPoint","urlTemplate":"https:\/\/www.cruillabarcelona.cat\/es\/?s={search_term_string}"},"query-input":{"@type":"PropertyValueSpecification","valueRequired":true,"valueName":"search_term_string"}}],"inLanguage":"es"},{"@type":"Organization","@id":"https:\/\/www.cruillabarcelona.cat\/es\/#organization","name":"Festival Cru\u00eflla","url":"https:\/\/www.cruillabarcelona.cat\/es\/","logo":{"@type":"ImageObject","inLanguage":"es","@id":"https:\/\/www.cruillabarcelona.cat\/es\/#\/schema\/logo\/image\/","url":"https:\/\/www.cruillabarcelona.cat\/wp-content\/uploads\/2025\/12\/cruill-logo-negativo.png","contentUrl":"https:\/\/www.cruillabarcelona.cat\/wp-content\/uploads\/2025\/12\/cruill-logo-negativo.png","width":400,"height":101,"caption":"Festival Cru\u00eflla"},"image":{"@id":"https:\/\/www.cruillabarcelona.cat\/es\/#\/schema\/logo\/image\/"}}]}},"_links":{"self":[{"href":"https:\/\/www.cruillabarcelona.cat\/es\/wp-json\/wp\/v2\/pages\/53218","targetHints":{"allow":["GET"]}}],"collection":[{"href":"https:\/\/www.cruillabarcelona.cat\/es\/wp-json\/wp\/v2\/pages"}],"about":[{"href":"https:\/\/www.cruillabarcelona.cat\/es\/wp-json\/wp\/v2\/types\/page"}],"author":[{"embeddable":true,"href":"https:\/\/www.cruillabarcelona.cat\/es\/wp-json\/wp\/v2\/users\/2"}],"replies":[{"embeddable":true,"href":"https:\/\/www.cruillabarcelona.cat\/es\/wp-json\/wp\/v2\/comments?post=53218"}],"version-history":[{"count":5,"href":"https:\/\/www.cruillabarcelona.cat\/es\/wp-json\/wp\/v2\/pages\/53218\/revisions"}],"predecessor-version":[{"id":57915,"href":"https:\/\/www.cruillabarcelona.cat\/es\/wp-json\/wp\/v2\/pages\/53218\/revisions\/57915"}],"wp:attachment":[{"href":"https:\/\/www.cruillabarcelona.cat\/es\/wp-json\/wp\/v2\/media?parent=53218"}],"curies":[{"name":"wp","href":"https:\/\/api.w.org\/{rel}","templated":true}]}}