{"id":54397,"date":"2024-07-03T18:01:04","date_gmt":"2024-07-03T16:01:04","guid":{"rendered":"https:\/\/www.cruillabarcelona.cat\/?page_id=54397"},"modified":"2024-07-16T15:06:39","modified_gmt":"2024-07-16T13:06:39","slug":"silent-disco","status":"publish","type":"page","link":"https:\/\/www.cruillabarcelona.cat\/es\/silent-disco\/","title":{"rendered":"Silent Disco"},"content":{"rendered":"<h2 style=\"text-align: center;\">\u00a1Presentamos la SILENT DISCO del Festival Cru\u00eflla 2024!<\/h2>\n<p>Por primera vez, contamos con un <strong>nuevo formato<\/strong> de escenario que propone una <strong>experiencia musical y lum\u00ednica inmersiva<\/strong> \u00fanica. Por primera vez \u00a1el Festival Cru\u00eflla tuvo una <strong>Silent Disco!<\/strong><\/p>\n<p>Durante los cuatro d\u00edas del festival, dentro de la Instalaci\u00f3n lum\u00ednica <strong>LOOPHOLE<\/strong> de <strong>Calidos<\/strong>, el p\u00fablico pudo disfrutar de una <strong>programaci\u00f3n musical excepcional<\/strong> de la mano de DJs de primera a trav\u00e9s de auriculares inal\u00e1mbricos. \u00c9stos se pudieron adquirir a cambio de una fianza que se volvi\u00f3 a cargar en la pulsera al devolver los cascos.<\/p>\n<p>Una nueva forma de vivir la m\u00fasica que, no s\u00f3lo supone una experiencia inmersiva \u00fanica alimentada con energ\u00eda de fuentes renovables, sino que su sistema de sonido permite<strong> reducir a zero el impacto sonoro<\/strong> en el barrio, convirti\u00e9ndose en un formato respetuoso con el entorno.<\/p>\n<p><img decoding=\"async\" class=\"aligncenter wp-image-54388 size-large\" src=\"https:\/\/www.cruillabarcelona.cat\/wp-content\/uploads\/2024\/07\/LOPPHOLE_BM-1-1024x577.jpeg\" alt=\"\" width=\"900\" height=\"507\" srcset=\"https:\/\/www.cruillabarcelona.cat\/wp-content\/uploads\/2024\/07\/LOPPHOLE_BM-1-1024x577.jpeg 1024w, https:\/\/www.cruillabarcelona.cat\/wp-content\/uploads\/2024\/07\/LOPPHOLE_BM-1-768x433.jpeg 768w, https:\/\/www.cruillabarcelona.cat\/wp-content\/uploads\/2024\/07\/LOPPHOLE_BM-1-300x169.jpeg 300w, https:\/\/www.cruillabarcelona.cat\/wp-content\/uploads\/2024\/07\/LOPPHOLE_BM-1.jpeg 1280w\" sizes=\"(max-width: 900px) 100vw, 900px\" \/><\/p>\n<p>La programaci\u00f3n de DJs fue <strong>especial y \u00fanica<\/strong> todos los d\u00edas, dise\u00f1ada por importantes colectivos y proyectos musicales de Barcelona siguiendo la l\u00ednea musical de cada jornada.<\/p>\n<ul>\n<li>El mi\u00e9rcoles cont\u00f3 con las sesiones de Shyne, Nahoomie y Selectya Glossy, una programaci\u00f3n ideada por PPL United que llev\u00f3 al Parc del F\u00f2rum los temas efervescentes del panorama urbano.<\/li>\n<li>El jueves, Radio Gladys Palmera escogi\u00f3 a \u00c1lex Garc\u00eda Amat, Jungleo y Andy Grey para que fueran los encargados de pinchar los mejores ritmos latinos y \u00a1convertir la Silent Disco en una gran pista de baile!<\/li>\n<li>El viernes tuvimos la sesi\u00f3n m\u00e1s internacional y ecl\u00e9ctica con los DJs Fonki Cheff (Espa\u00f1a), Nickodemus b2b Eddy Plenty (USA) y Niskerone (Sud \u00c1frica), curada por Curtis Audiophile.<\/li>\n<li>Y, finalmente, el s\u00e1bado contamos con un viaje dise\u00f1ado por Sergi No\u00e9 que repas\u00f3 los hits que nos han marcado con Mimsy, MBODJ, NoN Project y La Diabla como conductores.<\/li>\n<\/ul>\n<p style=\"text-align: center;\"><a class=\"efsbutton button \" target=\"_blank\">\u00a1Descubre toda la programaci\u00f3n!<\/a><\/p>\n","protected":false},"excerpt":{"rendered":"<p>\u00a1Presentamos la SILENT DISCO del Festival Cru\u00eflla 2024! Por primera vez, contamos con un nuevo formato de escenario que propone una experiencia musical y lum\u00ednica inmersiva [&hellip;]<\/p>\n","protected":false},"author":2,"featured_media":54527,"parent":0,"menu_order":0,"comment_status":"closed","ping_status":"closed","template":"page-templates\/page-landing.php","meta":{"_acf_changed":false,"footnotes":""},"class_list":["post-54397","page","type-page","status-publish","has-post-thumbnail","hentry"],"acf":[],"yoast_head":"<!-- This site is optimized with the Yoast SEO plugin v27.5 - https:\/\/yoast.com\/product\/yoast-seo-wordpress\/ -->\n<title>\u00a1Descubre la Silent Disco del Festival Cru\u00eflla 2024!<\/title>\n<meta name=\"description\" content=\"Presentamos la nueva Silent Disco del Festival Cru\u00eflla, en la Instalaci\u00f3n lum\u00ednica\u00a0LOOPHOLE\u00a0de\u00a0Calidos y \u00a1con una programaci\u00f3n de Djs de primera!\" \/>\n<meta name=\"robots\" content=\"index, follow, max-snippet:-1, max-image-preview:large, max-video-preview:-1\" \/>\n<link rel=\"canonical\" href=\"https:\/\/www.cruillabarcelona.cat\/es\/silent-disco\/\" \/>\n<meta property=\"og:locale\" content=\"es_ES\" \/>\n<meta property=\"og:type\" content=\"article\" \/>\n<meta property=\"og:title\" content=\"\u00a1Descubre la Silent Disco del Festival Cru\u00eflla 2024!\" \/>\n<meta property=\"og:description\" content=\"Presentamos la nueva Silent Disco del Festival Cru\u00eflla, en la Instalaci\u00f3n lum\u00ednica\u00a0LOOPHOLE\u00a0de\u00a0Calidos y \u00a1con una programaci\u00f3n de Djs de primera!\" \/>\n<meta property=\"og:url\" content=\"https:\/\/www.cruillabarcelona.cat\/es\/silent-disco\/\" \/>\n<meta property=\"og:site_name\" content=\"Festival Cru\u00eflla\" \/>\n<meta property=\"article:modified_time\" content=\"2024-07-16T13:06:39+00:00\" \/>\n<meta property=\"og:image\" content=\"https:\/\/www.cruillabarcelona.cat\/wp-content\/uploads\/2024\/07\/CE24_SilentDisco_Landing-1.jpg\" \/>\n\t<meta property=\"og:image:width\" content=\"1500\" \/>\n\t<meta property=\"og:image:height\" content=\"500\" \/>\n\t<meta property=\"og:image:type\" content=\"image\/jpeg\" \/>\n<meta name=\"twitter:card\" content=\"summary_large_image\" \/>\n<meta name=\"twitter:label1\" content=\"Tiempo de lectura\" \/>\n\t<meta name=\"twitter:data1\" content=\"3 minutos\" \/>\n<script type=\"application\/ld+json\" class=\"yoast-schema-graph\">{\"@context\":\"https:\\\/\\\/schema.org\",\"@graph\":[{\"@type\":\"WebPage\",\"@id\":\"https:\\\/\\\/www.cruillabarcelona.cat\\\/es\\\/silent-disco\\\/\",\"url\":\"https:\\\/\\\/www.cruillabarcelona.cat\\\/es\\\/silent-disco\\\/\",\"name\":\"\u00a1Descubre la Silent Disco del Festival Cru\u00eflla 2024!\",\"isPartOf\":{\"@id\":\"https:\\\/\\\/www.cruillabarcelona.cat\\\/es\\\/#website\"},\"primaryImageOfPage\":{\"@id\":\"https:\\\/\\\/www.cruillabarcelona.cat\\\/es\\\/silent-disco\\\/#primaryimage\"},\"image\":{\"@id\":\"https:\\\/\\\/www.cruillabarcelona.cat\\\/es\\\/silent-disco\\\/#primaryimage\"},\"thumbnailUrl\":\"https:\\\/\\\/www.cruillabarcelona.cat\\\/wp-content\\\/uploads\\\/2024\\\/07\\\/CE24_SilentDisco_Landing-1.jpg\",\"datePublished\":\"2024-07-03T16:01:04+00:00\",\"dateModified\":\"2024-07-16T13:06:39+00:00\",\"description\":\"Presentamos la nueva Silent Disco del Festival Cru\u00eflla, en la Instalaci\u00f3n lum\u00ednica\u00a0LOOPHOLE\u00a0de\u00a0Calidos y \u00a1con una programaci\u00f3n de Djs de primera!\",\"breadcrumb\":{\"@id\":\"https:\\\/\\\/www.cruillabarcelona.cat\\\/es\\\/silent-disco\\\/#breadcrumb\"},\"inLanguage\":\"es\",\"potentialAction\":[{\"@type\":\"ReadAction\",\"target\":[\"https:\\\/\\\/www.cruillabarcelona.cat\\\/es\\\/silent-disco\\\/\"]}]},{\"@type\":\"ImageObject\",\"inLanguage\":\"es\",\"@id\":\"https:\\\/\\\/www.cruillabarcelona.cat\\\/es\\\/silent-disco\\\/#primaryimage\",\"url\":\"https:\\\/\\\/www.cruillabarcelona.cat\\\/wp-content\\\/uploads\\\/2024\\\/07\\\/CE24_SilentDisco_Landing-1.jpg\",\"contentUrl\":\"https:\\\/\\\/www.cruillabarcelona.cat\\\/wp-content\\\/uploads\\\/2024\\\/07\\\/CE24_SilentDisco_Landing-1.jpg\",\"width\":1500,\"height\":500},{\"@type\":\"BreadcrumbList\",\"@id\":\"https:\\\/\\\/www.cruillabarcelona.cat\\\/es\\\/silent-disco\\\/#breadcrumb\",\"itemListElement\":[{\"@type\":\"ListItem\",\"position\":1,\"name\":\"Home\",\"item\":\"https:\\\/\\\/www.cruillabarcelona.cat\\\/es\\\/\"},{\"@type\":\"ListItem\",\"position\":2,\"name\":\"Silent Disco\"}]},{\"@type\":\"WebSite\",\"@id\":\"https:\\\/\\\/www.cruillabarcelona.cat\\\/es\\\/#website\",\"url\":\"https:\\\/\\\/www.cruillabarcelona.cat\\\/es\\\/\",\"name\":\"Festival Cru\u00eflla\",\"description\":\"\",\"publisher\":{\"@id\":\"https:\\\/\\\/www.cruillabarcelona.cat\\\/es\\\/#organization\"},\"potentialAction\":[{\"@type\":\"SearchAction\",\"target\":{\"@type\":\"EntryPoint\",\"urlTemplate\":\"https:\\\/\\\/www.cruillabarcelona.cat\\\/es\\\/?s={search_term_string}\"},\"query-input\":{\"@type\":\"PropertyValueSpecification\",\"valueRequired\":true,\"valueName\":\"search_term_string\"}}],\"inLanguage\":\"es\"},{\"@type\":\"Organization\",\"@id\":\"https:\\\/\\\/www.cruillabarcelona.cat\\\/es\\\/#organization\",\"name\":\"Festival Cru\u00eflla\",\"url\":\"https:\\\/\\\/www.cruillabarcelona.cat\\\/es\\\/\",\"logo\":{\"@type\":\"ImageObject\",\"inLanguage\":\"es\",\"@id\":\"https:\\\/\\\/www.cruillabarcelona.cat\\\/es\\\/#\\\/schema\\\/logo\\\/image\\\/\",\"url\":\"https:\\\/\\\/www.cruillabarcelona.cat\\\/wp-content\\\/uploads\\\/2025\\\/12\\\/cruill-logo-negativo.png\",\"contentUrl\":\"https:\\\/\\\/www.cruillabarcelona.cat\\\/wp-content\\\/uploads\\\/2025\\\/12\\\/cruill-logo-negativo.png\",\"width\":400,\"height\":101,\"caption\":\"Festival Cru\u00eflla\"},\"image\":{\"@id\":\"https:\\\/\\\/www.cruillabarcelona.cat\\\/es\\\/#\\\/schema\\\/logo\\\/image\\\/\"}}]}<\/script>\n<!-- \/ Yoast SEO plugin. -->","yoast_head_json":{"title":"\u00a1Descubre la Silent Disco del Festival Cru\u00eflla 2024!","description":"Presentamos la nueva Silent Disco del Festival Cru\u00eflla, en la Instalaci\u00f3n lum\u00ednica\u00a0LOOPHOLE\u00a0de\u00a0Calidos y \u00a1con una programaci\u00f3n de Djs de primera!","robots":{"index":"index","follow":"follow","max-snippet":"max-snippet:-1","max-image-preview":"max-image-preview:large","max-video-preview":"max-video-preview:-1"},"canonical":"https:\/\/www.cruillabarcelona.cat\/es\/silent-disco\/","og_locale":"es_ES","og_type":"article","og_title":"\u00a1Descubre la Silent Disco del Festival Cru\u00eflla 2024!","og_description":"Presentamos la nueva Silent Disco del Festival Cru\u00eflla, en la Instalaci\u00f3n lum\u00ednica\u00a0LOOPHOLE\u00a0de\u00a0Calidos y \u00a1con una programaci\u00f3n de Djs de primera!","og_url":"https:\/\/www.cruillabarcelona.cat\/es\/silent-disco\/","og_site_name":"Festival Cru\u00eflla","article_modified_time":"2024-07-16T13:06:39+00:00","og_image":[{"width":1500,"height":500,"url":"https:\/\/www.cruillabarcelona.cat\/wp-content\/uploads\/2024\/07\/CE24_SilentDisco_Landing-1.jpg","type":"image\/jpeg"}],"twitter_card":"summary_large_image","twitter_misc":{"Tiempo de lectura":"3 minutos"},"schema":{"@context":"https:\/\/schema.org","@graph":[{"@type":"WebPage","@id":"https:\/\/www.cruillabarcelona.cat\/es\/silent-disco\/","url":"https:\/\/www.cruillabarcelona.cat\/es\/silent-disco\/","name":"\u00a1Descubre la Silent Disco del Festival Cru\u00eflla 2024!","isPartOf":{"@id":"https:\/\/www.cruillabarcelona.cat\/es\/#website"},"primaryImageOfPage":{"@id":"https:\/\/www.cruillabarcelona.cat\/es\/silent-disco\/#primaryimage"},"image":{"@id":"https:\/\/www.cruillabarcelona.cat\/es\/silent-disco\/#primaryimage"},"thumbnailUrl":"https:\/\/www.cruillabarcelona.cat\/wp-content\/uploads\/2024\/07\/CE24_SilentDisco_Landing-1.jpg","datePublished":"2024-07-03T16:01:04+00:00","dateModified":"2024-07-16T13:06:39+00:00","description":"Presentamos la nueva Silent Disco del Festival Cru\u00eflla, en la Instalaci\u00f3n lum\u00ednica\u00a0LOOPHOLE\u00a0de\u00a0Calidos y \u00a1con una programaci\u00f3n de Djs de primera!","breadcrumb":{"@id":"https:\/\/www.cruillabarcelona.cat\/es\/silent-disco\/#breadcrumb"},"inLanguage":"es","potentialAction":[{"@type":"ReadAction","target":["https:\/\/www.cruillabarcelona.cat\/es\/silent-disco\/"]}]},{"@type":"ImageObject","inLanguage":"es","@id":"https:\/\/www.cruillabarcelona.cat\/es\/silent-disco\/#primaryimage","url":"https:\/\/www.cruillabarcelona.cat\/wp-content\/uploads\/2024\/07\/CE24_SilentDisco_Landing-1.jpg","contentUrl":"https:\/\/www.cruillabarcelona.cat\/wp-content\/uploads\/2024\/07\/CE24_SilentDisco_Landing-1.jpg","width":1500,"height":500},{"@type":"BreadcrumbList","@id":"https:\/\/www.cruillabarcelona.cat\/es\/silent-disco\/#breadcrumb","itemListElement":[{"@type":"ListItem","position":1,"name":"Home","item":"https:\/\/www.cruillabarcelona.cat\/es\/"},{"@type":"ListItem","position":2,"name":"Silent Disco"}]},{"@type":"WebSite","@id":"https:\/\/www.cruillabarcelona.cat\/es\/#website","url":"https:\/\/www.cruillabarcelona.cat\/es\/","name":"Festival Cru\u00eflla","description":"","publisher":{"@id":"https:\/\/www.cruillabarcelona.cat\/es\/#organization"},"potentialAction":[{"@type":"SearchAction","target":{"@type":"EntryPoint","urlTemplate":"https:\/\/www.cruillabarcelona.cat\/es\/?s={search_term_string}"},"query-input":{"@type":"PropertyValueSpecification","valueRequired":true,"valueName":"search_term_string"}}],"inLanguage":"es"},{"@type":"Organization","@id":"https:\/\/www.cruillabarcelona.cat\/es\/#organization","name":"Festival Cru\u00eflla","url":"https:\/\/www.cruillabarcelona.cat\/es\/","logo":{"@type":"ImageObject","inLanguage":"es","@id":"https:\/\/www.cruillabarcelona.cat\/es\/#\/schema\/logo\/image\/","url":"https:\/\/www.cruillabarcelona.cat\/wp-content\/uploads\/2025\/12\/cruill-logo-negativo.png","contentUrl":"https:\/\/www.cruillabarcelona.cat\/wp-content\/uploads\/2025\/12\/cruill-logo-negativo.png","width":400,"height":101,"caption":"Festival Cru\u00eflla"},"image":{"@id":"https:\/\/www.cruillabarcelona.cat\/es\/#\/schema\/logo\/image\/"}}]}},"_links":{"self":[{"href":"https:\/\/www.cruillabarcelona.cat\/es\/wp-json\/wp\/v2\/pages\/54397","targetHints":{"allow":["GET"]}}],"collection":[{"href":"https:\/\/www.cruillabarcelona.cat\/es\/wp-json\/wp\/v2\/pages"}],"about":[{"href":"https:\/\/www.cruillabarcelona.cat\/es\/wp-json\/wp\/v2\/types\/page"}],"author":[{"embeddable":true,"href":"https:\/\/www.cruillabarcelona.cat\/es\/wp-json\/wp\/v2\/users\/2"}],"replies":[{"embeddable":true,"href":"https:\/\/www.cruillabarcelona.cat\/es\/wp-json\/wp\/v2\/comments?post=54397"}],"version-history":[{"count":5,"href":"https:\/\/www.cruillabarcelona.cat\/es\/wp-json\/wp\/v2\/pages\/54397\/revisions"}],"predecessor-version":[{"id":54828,"href":"https:\/\/www.cruillabarcelona.cat\/es\/wp-json\/wp\/v2\/pages\/54397\/revisions\/54828"}],"wp:featuredmedia":[{"embeddable":true,"href":"https:\/\/www.cruillabarcelona.cat\/es\/wp-json\/wp\/v2\/media\/54527"}],"wp:attachment":[{"href":"https:\/\/www.cruillabarcelona.cat\/es\/wp-json\/wp\/v2\/media?parent=54397"}],"curies":[{"name":"wp","href":"https:\/\/api.w.org\/{rel}","templated":true}]}}