{"id":56192,"date":"2025-02-06T14:08:52","date_gmt":"2025-02-06T12:08:52","guid":{"rendered":"https:\/\/www.cruillabarcelona.cat\/?page_id=56192"},"modified":"2025-06-10T14:12:49","modified_gmt":"2025-06-10T12:12:49","slug":"dimecres-2025","status":"publish","type":"page","link":"https:\/\/www.cruillabarcelona.cat\/es\/dimecres-2025\/","title":{"rendered":"Mi\u00e9rcoles 9 de julio &#8211; Festival Cru\u00eflla 2025"},"content":{"rendered":"<h2 style=\"text-align: center;\">\u00a1EL POP LLEGA AL FESTIVAL CRU\u00cfLLA 2025 DE LA MANO DE GRACIE ABRAMS Y MUCHAS M\u00c1S ARTISTAS!<\/h2>\n<p>El pr\u00f3ximo julio el\u00a0<strong>Festival Cru\u00eflla<\/strong>\u00a0celebrar\u00e1 su decimoquinto aniversario en el Parc del F\u00f2rum y arrancar\u00e1 con una primera jornada con las artistas del momento: \u00a1<strong>Gracie Abrams, girl in red, Lia Kali, NSQK, Maria Hein, trashi, Balma y gavina.mp3<\/strong>\u00a0actuar\u00e1n el<strong>\u00a0mi\u00e9rcoles 9 de julio<\/strong>\u00a0para inaugurar una edici\u00f3n que ser\u00e1 \u00e9pica!<\/p>\n<p>La artista californiana Gracie Abrams, que con solo 25 a\u00f1os se ha convertido en una de las voces protagonistas del pop en nuestros tiempos, encabezar\u00e1 el cartel del primer d\u00eda del Festival Cru\u00eflla 2025. 2024 fue su a\u00f1o: revolucion\u00f3 TikTok al ritmo de\u00a0<strong>\u00abThat&#8217;s So True\u00bb<\/strong>, consigui\u00f3 m\u00e1s de 50 millones de oyentes mensuales gracias al disco\u00a0<strong>&#8216;The Secret of Us&#8217;<\/strong>\u00a0y fue\u00a0<strong>nominada a los Grammy<\/strong>, entre muchos otros \u00e9xitos.<\/p>\n<p style=\"text-align: center;\">[efsflexvideo type=\u00bbyoutube\u00bb url=\u00bbhttps:\/\/www.youtube.com\/watch?v=7djQsPAGIxc\u00bb allowfullscreen=\u00bbyes\u00bb widescreen=\u00bbyes\u00bb width=\u00bb420&#8243; height=\u00bb315&#8243;\/]<\/p>\n<p>Ha enamorado a toda una generaci\u00f3n, desde su \u00e1lbum debut<strong>\u00a0&#8216;Good Radiance&#8217;,<\/strong>\u00a0con el que agot\u00f3 todas las entradas de la gira norteamericana de presentaci\u00f3n y que tambi\u00e9n dio a conocer siendo telonera de\u00a0<strong>Taylor Swift\u00a0<\/strong>durante su\u00a0<strong>The Eras Tour\u00a0<\/strong>en 2023, hasta el lanzamiento de su \u00faltimo trabajo, que el pr\u00f3ximo 9 de julio podremos disfrutar como\u00a0<strong>\u00fanica fecha en Catalu\u00f1a<\/strong>\u00a0en el Festival Cru\u00eflla 2025: \u00a1no pierdas la oportunidad de disfrutarla en Barcelona!<\/p>\n<p>Adem\u00e1s, con tu\u00a0<strong>entrada de mi\u00e9rcoles o abono 4 d\u00edas<\/strong>\u00a0tambi\u00e9n podr\u00e1s ver a\u00a0<strong>girl in red<\/strong>, la ic\u00f3nica artista noruega que tambi\u00e9n acompa\u00f1\u00f3 a Taylor Swift en su hist\u00f3rica gira;\u00a0<strong>Lia Kali<\/strong>, una de las protagonistas de la escena urbana espa\u00f1ola actualmente;\u00a0<strong>Maria Hein<\/strong>, la voz del nuevo sonido mallorqu\u00edn; y tambi\u00e9n a\u00a0<strong>NSQK, trashi, Balma, gavina.mp3 o Modelo.<\/strong><\/p>\n<p style=\"text-align: center;\"><em><b>Compra aqu\u00ed tus entradas para el Festival Cru\u00eflla 2025<\/b><\/em><\/p>\n<p style=\"text-align: center;\"><em>Consigue tu entrada del mi\u00e9rcoles<\/em><\/p>\n<p style=\"text-align: center;\"><a class=\"efsbutton button \" target=\"_blank\">ENTRADAS<\/a><\/p>\n<p style=\"text-align: center;\">***<\/p>\n<p style=\"text-align: center;\"><strong>Si sois un grupo de 10 o m\u00e1s personas, pod\u00e9is beneficiaros del <a href=\"https:\/\/cruilla.seetickets.com\/event\/ticket-para-grupos-cruilla-2025-\/parc-del-forum-barcelona\/3302292\">Tiquet Grupo<\/a> y conseguir un descuento del 15%.<\/strong><\/p>\n<p style=\"text-align: center;\">***<\/p>\n<p style=\"text-align: center;\"><strong>Puedes conseguir tu entrada o abono con el descuento del <a href=\"https:\/\/www.carnetjove.cat\/ca\/propostes\/cruilla\">Carnet Jove<\/a> o con el <a href=\"https:\/\/www.cruillabarcelona.cat\/blog\/bonus-cultural\/\">Bo Cultural Jove<\/a>!<\/strong><\/p>\n<p>&nbsp;<\/p>\n","protected":false},"excerpt":{"rendered":"<p>\u00a1EL POP LLEGA AL FESTIVAL CRU\u00cfLLA 2025 DE LA MANO DE GRACIE ABRAMS Y MUCHAS M\u00c1S ARTISTAS! El pr\u00f3ximo julio el\u00a0Festival Cru\u00eflla\u00a0celebrar\u00e1 su decimoquinto aniversario en [&hellip;]<\/p>\n","protected":false},"author":2,"featured_media":59436,"parent":0,"menu_order":0,"comment_status":"closed","ping_status":"closed","template":"","meta":{"_acf_changed":false,"footnotes":""},"class_list":["post-56192","page","type-page","status-publish","has-post-thumbnail","hentry"],"acf":[],"yoast_head":"<!-- This site is optimized with the Yoast SEO plugin v27.5 - https:\/\/yoast.com\/product\/yoast-seo-wordpress\/ -->\n<title>Mi\u00e9rcoles 9 de julio - Festival Cru\u00eflla 2025<\/title>\n<meta name=\"description\" content=\"Compra tu entrada para el 9 de julio al Festival Cru\u00eflla y no te pierdas los conciertos de Gracie Abrams, girl in red, Lia Kali y muchos m\u00e1s\" \/>\n<meta name=\"robots\" content=\"index, follow, max-snippet:-1, max-image-preview:large, max-video-preview:-1\" \/>\n<link rel=\"canonical\" href=\"https:\/\/www.cruillabarcelona.cat\/es\/dimecres-2025\/\" \/>\n<meta property=\"og:locale\" content=\"es_ES\" \/>\n<meta property=\"og:type\" content=\"article\" \/>\n<meta property=\"og:title\" content=\"Mi\u00e9rcoles 9 de julio - Festival Cru\u00eflla 2025\" \/>\n<meta property=\"og:description\" content=\"Compra tu entrada para el 9 de julio al Festival Cru\u00eflla y no te pierdas los conciertos de Gracie Abrams, girl in red, Lia Kali y muchos m\u00e1s\" \/>\n<meta property=\"og:url\" content=\"https:\/\/www.cruillabarcelona.cat\/es\/dimecres-2025\/\" \/>\n<meta property=\"og:site_name\" content=\"Festival Cru\u00eflla\" \/>\n<meta property=\"article:modified_time\" content=\"2025-06-10T12:12:49+00:00\" \/>\n<meta property=\"og:image\" content=\"https:\/\/www.cruillabarcelona.cat\/wp-content\/uploads\/2025\/06\/CE25_CartellDies_Web_Dimecres-1.jpg\" \/>\n\t<meta property=\"og:image:width\" content=\"1500\" \/>\n\t<meta property=\"og:image:height\" content=\"500\" \/>\n\t<meta property=\"og:image:type\" content=\"image\/jpeg\" \/>\n<meta name=\"twitter:card\" content=\"summary_large_image\" \/>\n<meta name=\"twitter:label1\" content=\"Tiempo de lectura\" \/>\n\t<meta name=\"twitter:data1\" content=\"3 minutos\" \/>\n<script type=\"application\/ld+json\" class=\"yoast-schema-graph\">{\"@context\":\"https:\\\/\\\/schema.org\",\"@graph\":[{\"@type\":\"WebPage\",\"@id\":\"https:\\\/\\\/www.cruillabarcelona.cat\\\/es\\\/dimecres-2025\\\/\",\"url\":\"https:\\\/\\\/www.cruillabarcelona.cat\\\/es\\\/dimecres-2025\\\/\",\"name\":\"Mi\u00e9rcoles 9 de julio - Festival Cru\u00eflla 2025\",\"isPartOf\":{\"@id\":\"https:\\\/\\\/www.cruillabarcelona.cat\\\/es\\\/#website\"},\"primaryImageOfPage\":{\"@id\":\"https:\\\/\\\/www.cruillabarcelona.cat\\\/es\\\/dimecres-2025\\\/#primaryimage\"},\"image\":{\"@id\":\"https:\\\/\\\/www.cruillabarcelona.cat\\\/es\\\/dimecres-2025\\\/#primaryimage\"},\"thumbnailUrl\":\"https:\\\/\\\/www.cruillabarcelona.cat\\\/wp-content\\\/uploads\\\/2025\\\/06\\\/CE25_CartellDies_Web_Dimecres-1.jpg\",\"datePublished\":\"2025-02-06T12:08:52+00:00\",\"dateModified\":\"2025-06-10T12:12:49+00:00\",\"description\":\"Compra tu entrada para el 9 de julio al Festival Cru\u00eflla y no te pierdas los conciertos de Gracie Abrams, girl in red, Lia Kali y muchos m\u00e1s\",\"breadcrumb\":{\"@id\":\"https:\\\/\\\/www.cruillabarcelona.cat\\\/es\\\/dimecres-2025\\\/#breadcrumb\"},\"inLanguage\":\"es\",\"potentialAction\":[{\"@type\":\"ReadAction\",\"target\":[\"https:\\\/\\\/www.cruillabarcelona.cat\\\/es\\\/dimecres-2025\\\/\"]}]},{\"@type\":\"ImageObject\",\"inLanguage\":\"es\",\"@id\":\"https:\\\/\\\/www.cruillabarcelona.cat\\\/es\\\/dimecres-2025\\\/#primaryimage\",\"url\":\"https:\\\/\\\/www.cruillabarcelona.cat\\\/wp-content\\\/uploads\\\/2025\\\/06\\\/CE25_CartellDies_Web_Dimecres-1.jpg\",\"contentUrl\":\"https:\\\/\\\/www.cruillabarcelona.cat\\\/wp-content\\\/uploads\\\/2025\\\/06\\\/CE25_CartellDies_Web_Dimecres-1.jpg\",\"width\":1500,\"height\":500},{\"@type\":\"BreadcrumbList\",\"@id\":\"https:\\\/\\\/www.cruillabarcelona.cat\\\/es\\\/dimecres-2025\\\/#breadcrumb\",\"itemListElement\":[{\"@type\":\"ListItem\",\"position\":1,\"name\":\"Home\",\"item\":\"https:\\\/\\\/www.cruillabarcelona.cat\\\/es\\\/\"},{\"@type\":\"ListItem\",\"position\":2,\"name\":\"Mi\u00e9rcoles 9 de julio &#8211; Festival Cru\u00eflla 2025\"}]},{\"@type\":\"WebSite\",\"@id\":\"https:\\\/\\\/www.cruillabarcelona.cat\\\/es\\\/#website\",\"url\":\"https:\\\/\\\/www.cruillabarcelona.cat\\\/es\\\/\",\"name\":\"Festival Cru\u00eflla\",\"description\":\"\",\"publisher\":{\"@id\":\"https:\\\/\\\/www.cruillabarcelona.cat\\\/es\\\/#organization\"},\"potentialAction\":[{\"@type\":\"SearchAction\",\"target\":{\"@type\":\"EntryPoint\",\"urlTemplate\":\"https:\\\/\\\/www.cruillabarcelona.cat\\\/es\\\/?s={search_term_string}\"},\"query-input\":{\"@type\":\"PropertyValueSpecification\",\"valueRequired\":true,\"valueName\":\"search_term_string\"}}],\"inLanguage\":\"es\"},{\"@type\":\"Organization\",\"@id\":\"https:\\\/\\\/www.cruillabarcelona.cat\\\/es\\\/#organization\",\"name\":\"Festival Cru\u00eflla\",\"url\":\"https:\\\/\\\/www.cruillabarcelona.cat\\\/es\\\/\",\"logo\":{\"@type\":\"ImageObject\",\"inLanguage\":\"es\",\"@id\":\"https:\\\/\\\/www.cruillabarcelona.cat\\\/es\\\/#\\\/schema\\\/logo\\\/image\\\/\",\"url\":\"https:\\\/\\\/www.cruillabarcelona.cat\\\/wp-content\\\/uploads\\\/2025\\\/12\\\/cruill-logo-negativo.png\",\"contentUrl\":\"https:\\\/\\\/www.cruillabarcelona.cat\\\/wp-content\\\/uploads\\\/2025\\\/12\\\/cruill-logo-negativo.png\",\"width\":400,\"height\":101,\"caption\":\"Festival Cru\u00eflla\"},\"image\":{\"@id\":\"https:\\\/\\\/www.cruillabarcelona.cat\\\/es\\\/#\\\/schema\\\/logo\\\/image\\\/\"}}]}<\/script>\n<!-- \/ Yoast SEO plugin. -->","yoast_head_json":{"title":"Mi\u00e9rcoles 9 de julio - Festival Cru\u00eflla 2025","description":"Compra tu entrada para el 9 de julio al Festival Cru\u00eflla y no te pierdas los conciertos de Gracie Abrams, girl in red, Lia Kali y muchos m\u00e1s","robots":{"index":"index","follow":"follow","max-snippet":"max-snippet:-1","max-image-preview":"max-image-preview:large","max-video-preview":"max-video-preview:-1"},"canonical":"https:\/\/www.cruillabarcelona.cat\/es\/dimecres-2025\/","og_locale":"es_ES","og_type":"article","og_title":"Mi\u00e9rcoles 9 de julio - Festival Cru\u00eflla 2025","og_description":"Compra tu entrada para el 9 de julio al Festival Cru\u00eflla y no te pierdas los conciertos de Gracie Abrams, girl in red, Lia Kali y muchos m\u00e1s","og_url":"https:\/\/www.cruillabarcelona.cat\/es\/dimecres-2025\/","og_site_name":"Festival Cru\u00eflla","article_modified_time":"2025-06-10T12:12:49+00:00","og_image":[{"width":1500,"height":500,"url":"https:\/\/www.cruillabarcelona.cat\/wp-content\/uploads\/2025\/06\/CE25_CartellDies_Web_Dimecres-1.jpg","type":"image\/jpeg"}],"twitter_card":"summary_large_image","twitter_misc":{"Tiempo de lectura":"3 minutos"},"schema":{"@context":"https:\/\/schema.org","@graph":[{"@type":"WebPage","@id":"https:\/\/www.cruillabarcelona.cat\/es\/dimecres-2025\/","url":"https:\/\/www.cruillabarcelona.cat\/es\/dimecres-2025\/","name":"Mi\u00e9rcoles 9 de julio - Festival Cru\u00eflla 2025","isPartOf":{"@id":"https:\/\/www.cruillabarcelona.cat\/es\/#website"},"primaryImageOfPage":{"@id":"https:\/\/www.cruillabarcelona.cat\/es\/dimecres-2025\/#primaryimage"},"image":{"@id":"https:\/\/www.cruillabarcelona.cat\/es\/dimecres-2025\/#primaryimage"},"thumbnailUrl":"https:\/\/www.cruillabarcelona.cat\/wp-content\/uploads\/2025\/06\/CE25_CartellDies_Web_Dimecres-1.jpg","datePublished":"2025-02-06T12:08:52+00:00","dateModified":"2025-06-10T12:12:49+00:00","description":"Compra tu entrada para el 9 de julio al Festival Cru\u00eflla y no te pierdas los conciertos de Gracie Abrams, girl in red, Lia Kali y muchos m\u00e1s","breadcrumb":{"@id":"https:\/\/www.cruillabarcelona.cat\/es\/dimecres-2025\/#breadcrumb"},"inLanguage":"es","potentialAction":[{"@type":"ReadAction","target":["https:\/\/www.cruillabarcelona.cat\/es\/dimecres-2025\/"]}]},{"@type":"ImageObject","inLanguage":"es","@id":"https:\/\/www.cruillabarcelona.cat\/es\/dimecres-2025\/#primaryimage","url":"https:\/\/www.cruillabarcelona.cat\/wp-content\/uploads\/2025\/06\/CE25_CartellDies_Web_Dimecres-1.jpg","contentUrl":"https:\/\/www.cruillabarcelona.cat\/wp-content\/uploads\/2025\/06\/CE25_CartellDies_Web_Dimecres-1.jpg","width":1500,"height":500},{"@type":"BreadcrumbList","@id":"https:\/\/www.cruillabarcelona.cat\/es\/dimecres-2025\/#breadcrumb","itemListElement":[{"@type":"ListItem","position":1,"name":"Home","item":"https:\/\/www.cruillabarcelona.cat\/es\/"},{"@type":"ListItem","position":2,"name":"Mi\u00e9rcoles 9 de julio &#8211; Festival Cru\u00eflla 2025"}]},{"@type":"WebSite","@id":"https:\/\/www.cruillabarcelona.cat\/es\/#website","url":"https:\/\/www.cruillabarcelona.cat\/es\/","name":"Festival Cru\u00eflla","description":"","publisher":{"@id":"https:\/\/www.cruillabarcelona.cat\/es\/#organization"},"potentialAction":[{"@type":"SearchAction","target":{"@type":"EntryPoint","urlTemplate":"https:\/\/www.cruillabarcelona.cat\/es\/?s={search_term_string}"},"query-input":{"@type":"PropertyValueSpecification","valueRequired":true,"valueName":"search_term_string"}}],"inLanguage":"es"},{"@type":"Organization","@id":"https:\/\/www.cruillabarcelona.cat\/es\/#organization","name":"Festival Cru\u00eflla","url":"https:\/\/www.cruillabarcelona.cat\/es\/","logo":{"@type":"ImageObject","inLanguage":"es","@id":"https:\/\/www.cruillabarcelona.cat\/es\/#\/schema\/logo\/image\/","url":"https:\/\/www.cruillabarcelona.cat\/wp-content\/uploads\/2025\/12\/cruill-logo-negativo.png","contentUrl":"https:\/\/www.cruillabarcelona.cat\/wp-content\/uploads\/2025\/12\/cruill-logo-negativo.png","width":400,"height":101,"caption":"Festival Cru\u00eflla"},"image":{"@id":"https:\/\/www.cruillabarcelona.cat\/es\/#\/schema\/logo\/image\/"}}]}},"_links":{"self":[{"href":"https:\/\/www.cruillabarcelona.cat\/es\/wp-json\/wp\/v2\/pages\/56192","targetHints":{"allow":["GET"]}}],"collection":[{"href":"https:\/\/www.cruillabarcelona.cat\/es\/wp-json\/wp\/v2\/pages"}],"about":[{"href":"https:\/\/www.cruillabarcelona.cat\/es\/wp-json\/wp\/v2\/types\/page"}],"author":[{"embeddable":true,"href":"https:\/\/www.cruillabarcelona.cat\/es\/wp-json\/wp\/v2\/users\/2"}],"replies":[{"embeddable":true,"href":"https:\/\/www.cruillabarcelona.cat\/es\/wp-json\/wp\/v2\/comments?post=56192"}],"version-history":[{"count":5,"href":"https:\/\/www.cruillabarcelona.cat\/es\/wp-json\/wp\/v2\/pages\/56192\/revisions"}],"predecessor-version":[{"id":59438,"href":"https:\/\/www.cruillabarcelona.cat\/es\/wp-json\/wp\/v2\/pages\/56192\/revisions\/59438"}],"wp:featuredmedia":[{"embeddable":true,"href":"https:\/\/www.cruillabarcelona.cat\/es\/wp-json\/wp\/v2\/media\/59436"}],"wp:attachment":[{"href":"https:\/\/www.cruillabarcelona.cat\/es\/wp-json\/wp\/v2\/media?parent=56192"}],"curies":[{"name":"wp","href":"https:\/\/api.w.org\/{rel}","templated":true}]}}