{"id":56617,"date":"2025-03-13T12:27:04","date_gmt":"2025-03-13T10:27:04","guid":{"rendered":"https:\/\/www.cruillabarcelona.cat\/?page_id=56617"},"modified":"2025-06-11T10:47:22","modified_gmt":"2025-06-11T08:47:22","slug":"nits-cruilla","status":"publish","type":"page","link":"https:\/\/www.cruillabarcelona.cat\/es\/nits-cruilla\/","title":{"rendered":"Nits Cru\u00eflla"},"content":{"rendered":"<h2 style=\"text-align: center;\">\u00a1OS PRESENTAMOS LAS NITS CRU\u00cfLLA!<\/h2>\n<p>El <strong>Festival Cru\u00eflla<\/strong> est\u00e1 de celebraci\u00f3n: este a\u00f1o se cumplen <strong>15 a\u00f1os<\/strong> desde que se instal\u00f3 en el Parc del F\u00f2rum de Barcelona. Adem\u00e1s, esta temporada, el equipo que lo organiza tambi\u00e9n gestiona por primera vez su propia sala de eventos en directo, el m\u00edtico <a href=\"https:\/\/www.elmolinobarcelona.com\/\"><strong>El Molino<\/strong> <\/a>del Paral\u00b7lel. Por ello, durante los meses de <strong>marzo, mayo y junio,<\/strong> el festival celebrar\u00e1 en <strong>su nueva casa en la ciudad<\/strong> tres eventos que marcar\u00e1n el camino hacia su decimoquinta edici\u00f3n del 9 al 12 de julio y hacia el final de su primera temporada como gestores de El Molino: \u00a1llegan las <b>Nits Cru\u00eflla<\/b>!<\/p>\n<p>La pr\u00f3xima Nit Cru\u00eflla tendr\u00e1 lugar el <strong>jueves 26 de junio<\/strong> y contar\u00e1 con las actuaciones del c\u00f3mico\u00a0<strong>Marc Sarrats<\/strong>, el humorista catal\u00e1n del momento que ya ha presentado dos espect\u00e1culos en solitario, su primer libro y, muy pronto, su propia serie en 3Cat, la artista viral <strong>Maig<\/strong>, que ya ha actuado en los grandes escenarios del pa\u00eds y nos presentar\u00e1 su EP <strong>&#8216;La Flor de Maig&#8217;<\/strong>, y el <strong>DJ Hochi, <\/strong>uno de los m\u00e1s activos de la escena que se ha convertido en imprescindible!<\/p>\n<hr \/>\n<p style=\"text-align: center;\"><em><b>Compra aqu\u00ed tus entradas para la tercera Nit Cru\u00eflla<\/b><\/em><\/p>\n<p style=\"text-align: center;\"><a class=\"efsbutton button \" target=\"_blank\">ENTRADAS<\/a><\/p>\n<hr \/>\n<p data-start=\"1307\" data-end=\"2103\">Las <span style=\"font-weight: 400;\">Nits Cru\u00eflla<\/span> tendr\u00e1n lugar el \u00faltimo jueves de cada mes (27 de marzo, 29 de mayo y 26 de junio) y ser\u00e1n <strong>una oportunidad \u00fanica para vivir un adelanto del festival<\/strong> en El Molino, <strong>protagonizadas por sus dos grandes pilares: la m\u00fasica y la comedia.<\/strong> Cada Nit Cru\u00eflla arrancar\u00e1 con un mon\u00f3logo de stand-up a cargo de un humorista, seguido de un concierto de un artista emergente y una sesi\u00f3n de un DJ residente. Todo ello con el objetivo de ofrecer<strong> la experiencia Cru\u00eflla en un espacio m\u00e1gico como El Molino.<\/strong><\/p>\n<p style=\"text-align: center;\">[efsflexvideo type=\u00bbyoutube\u00bb url=\u00bbhttps:\/\/www.youtube.com\/watch?v=mjKmT-A85BY\u00bb allowfullscreen=\u00bbyes\u00bb widescreen=\u00bbyes\u00bb width=\u00bb420&#8243; height=\u00bb315&#8243;\/]<\/p>\n<p style=\"text-align: left;\">La entrada para disfrutar del mon\u00f3logo, el concierto y la sesi\u00f3n de DJ costar\u00e1 <strong>5\u20ac, con consumici\u00f3n incluida<\/strong>, un precio accesible para que todos los seguidores de Cru\u00eflla, los habituales de la sala y aquellas personas que a\u00fan no hayan descubierto el festival o el espacio puedan acercarse a celebrar los 15 a\u00f1os del festival y<strong> empaparse de la esencia Cru\u00eflla de primera mano.<\/strong> Cuando termine el concierto, si el aforo no est\u00e1 completo, se abrir\u00e1 el acceso gratuito para todos los que quieran bailar al ritmo del DJ residente de cada Nit Cru\u00eflla.<\/p>\n<p data-start=\"1307\" data-end=\"2103\"><img decoding=\"async\" width=\"2560\" height=\"1703\" class=\"size-full wp-image-57154 aligncenter\" src=\"https:\/\/www.cruillabarcelona.cat\/wp-content\/uploads\/2025\/04\/El-Molino_Nits-Cruilla_DSC_5768_\u00a9Victor-Parreno-scaled.jpg\" alt=\"\" srcset=\"https:\/\/www.cruillabarcelona.cat\/wp-content\/uploads\/2025\/04\/El-Molino_Nits-Cruilla_DSC_5768_\u00a9Victor-Parreno-scaled.jpg 2560w, https:\/\/www.cruillabarcelona.cat\/wp-content\/uploads\/2025\/04\/El-Molino_Nits-Cruilla_DSC_5768_\u00a9Victor-Parreno-1024x681.jpg 1024w, https:\/\/www.cruillabarcelona.cat\/wp-content\/uploads\/2025\/04\/El-Molino_Nits-Cruilla_DSC_5768_\u00a9Victor-Parreno-768x511.jpg 768w, https:\/\/www.cruillabarcelona.cat\/wp-content\/uploads\/2025\/04\/El-Molino_Nits-Cruilla_DSC_5768_\u00a9Victor-Parreno-1536x1022.jpg 1536w, https:\/\/www.cruillabarcelona.cat\/wp-content\/uploads\/2025\/04\/El-Molino_Nits-Cruilla_DSC_5768_\u00a9Victor-Parreno-2048x1362.jpg 2048w, https:\/\/www.cruillabarcelona.cat\/wp-content\/uploads\/2025\/04\/El-Molino_Nits-Cruilla_DSC_5768_\u00a9Victor-Parreno-300x200.jpg 300w, https:\/\/www.cruillabarcelona.cat\/wp-content\/uploads\/2025\/04\/El-Molino_Nits-Cruilla_DSC_5768_\u00a9Victor-Parreno-1500x998.jpg 1500w\" sizes=\"(max-width: 2560px) 100vw, 2560px\" \/><\/p>\n<p data-start=\"2105\" data-end=\"2647\" data-is-last-node=\"\" data-is-only-node=\"\">En las Nits Cru\u00eflla, se podr\u00e1 disfrutar de <strong>todo lo que encontramos en el festival<\/strong>: el mejor talento de la escena catalana de comedia, artistas que muy pronto podr\u00edan tocar en sus escenarios y la fiesta incansable que caracteriza al Cru\u00eflla y a la ciudad de Barcelona. Cada Nit Cru\u00eflla ser\u00e1 una versi\u00f3n mini del festival, una caja de sorpresas por descubrir, una fiesta de aniversario \u00fanica e irrepetible y un hito m\u00e1s en el camino hacia la celebraci\u00f3n del Festival Cru\u00eflla 2025, que tendr\u00e1 lugar del 9 al 12 de julio en el Parc del F\u00f2rum.<\/p>\n","protected":false},"excerpt":{"rendered":"<p>\u00a1OS PRESENTAMOS LAS NITS CRU\u00cfLLA! El Festival Cru\u00eflla est\u00e1 de celebraci\u00f3n: este a\u00f1o se cumplen 15 a\u00f1os desde que se instal\u00f3 en el Parc del F\u00f2rum [&hellip;]<\/p>\n","protected":false},"author":2,"featured_media":56773,"parent":0,"menu_order":0,"comment_status":"closed","ping_status":"closed","template":"page-templates\/page-landing.php","meta":{"_acf_changed":false,"footnotes":""},"class_list":["post-56617","page","type-page","status-publish","has-post-thumbnail","hentry"],"acf":[],"yoast_head":"<!-- This site is optimized with the Yoast SEO plugin v27.5 - https:\/\/yoast.com\/product\/yoast-seo-wordpress\/ -->\n<title>Nits Cru\u00eflla - Festival Cru\u00eflla<\/title>\n<meta name=\"robots\" content=\"index, follow, max-snippet:-1, max-image-preview:large, max-video-preview:-1\" \/>\n<link rel=\"canonical\" href=\"https:\/\/www.cruillabarcelona.cat\/es\/nits-cruilla\/\" \/>\n<meta property=\"og:locale\" content=\"es_ES\" \/>\n<meta property=\"og:type\" content=\"article\" \/>\n<meta property=\"og:title\" content=\"Nits Cru\u00eflla - Festival Cru\u00eflla\" \/>\n<meta property=\"og:description\" content=\"\u00a1OS PRESENTAMOS LAS NITS CRU\u00cfLLA! El Festival Cru\u00eflla est\u00e1 de celebraci\u00f3n: este a\u00f1o se cumplen 15 a\u00f1os desde que se instal\u00f3 en el Parc del F\u00f2rum [&hellip;]\" \/>\n<meta property=\"og:url\" content=\"https:\/\/www.cruillabarcelona.cat\/es\/nits-cruilla\/\" \/>\n<meta property=\"og:site_name\" content=\"Festival Cru\u00eflla\" \/>\n<meta property=\"article:modified_time\" content=\"2025-06-11T08:47:22+00:00\" \/>\n<meta property=\"og:image\" content=\"https:\/\/www.cruillabarcelona.cat\/wp-content\/uploads\/2025\/03\/CE25_NitsCruilla_Landing-1.jpg\" \/>\n\t<meta property=\"og:image:width\" content=\"1500\" \/>\n\t<meta property=\"og:image:height\" content=\"500\" \/>\n\t<meta property=\"og:image:type\" content=\"image\/jpeg\" \/>\n<meta name=\"twitter:card\" content=\"summary_large_image\" \/>\n<meta name=\"twitter:label1\" content=\"Tiempo de lectura\" \/>\n\t<meta name=\"twitter:data1\" content=\"4 minutos\" \/>\n<script type=\"application\/ld+json\" class=\"yoast-schema-graph\">{\"@context\":\"https:\\\/\\\/schema.org\",\"@graph\":[{\"@type\":\"WebPage\",\"@id\":\"https:\\\/\\\/www.cruillabarcelona.cat\\\/es\\\/nits-cruilla\\\/\",\"url\":\"https:\\\/\\\/www.cruillabarcelona.cat\\\/es\\\/nits-cruilla\\\/\",\"name\":\"Nits Cru\u00eflla - Festival Cru\u00eflla\",\"isPartOf\":{\"@id\":\"https:\\\/\\\/www.cruillabarcelona.cat\\\/es\\\/#website\"},\"primaryImageOfPage\":{\"@id\":\"https:\\\/\\\/www.cruillabarcelona.cat\\\/es\\\/nits-cruilla\\\/#primaryimage\"},\"image\":{\"@id\":\"https:\\\/\\\/www.cruillabarcelona.cat\\\/es\\\/nits-cruilla\\\/#primaryimage\"},\"thumbnailUrl\":\"https:\\\/\\\/www.cruillabarcelona.cat\\\/wp-content\\\/uploads\\\/2025\\\/03\\\/CE25_NitsCruilla_Landing-1.jpg\",\"datePublished\":\"2025-03-13T10:27:04+00:00\",\"dateModified\":\"2025-06-11T08:47:22+00:00\",\"breadcrumb\":{\"@id\":\"https:\\\/\\\/www.cruillabarcelona.cat\\\/es\\\/nits-cruilla\\\/#breadcrumb\"},\"inLanguage\":\"es\",\"potentialAction\":[{\"@type\":\"ReadAction\",\"target\":[\"https:\\\/\\\/www.cruillabarcelona.cat\\\/es\\\/nits-cruilla\\\/\"]}]},{\"@type\":\"ImageObject\",\"inLanguage\":\"es\",\"@id\":\"https:\\\/\\\/www.cruillabarcelona.cat\\\/es\\\/nits-cruilla\\\/#primaryimage\",\"url\":\"https:\\\/\\\/www.cruillabarcelona.cat\\\/wp-content\\\/uploads\\\/2025\\\/03\\\/CE25_NitsCruilla_Landing-1.jpg\",\"contentUrl\":\"https:\\\/\\\/www.cruillabarcelona.cat\\\/wp-content\\\/uploads\\\/2025\\\/03\\\/CE25_NitsCruilla_Landing-1.jpg\",\"width\":1500,\"height\":500},{\"@type\":\"BreadcrumbList\",\"@id\":\"https:\\\/\\\/www.cruillabarcelona.cat\\\/es\\\/nits-cruilla\\\/#breadcrumb\",\"itemListElement\":[{\"@type\":\"ListItem\",\"position\":1,\"name\":\"Home\",\"item\":\"https:\\\/\\\/www.cruillabarcelona.cat\\\/es\\\/\"},{\"@type\":\"ListItem\",\"position\":2,\"name\":\"Nits Cru\u00eflla\"}]},{\"@type\":\"WebSite\",\"@id\":\"https:\\\/\\\/www.cruillabarcelona.cat\\\/es\\\/#website\",\"url\":\"https:\\\/\\\/www.cruillabarcelona.cat\\\/es\\\/\",\"name\":\"Festival Cru\u00eflla\",\"description\":\"\",\"publisher\":{\"@id\":\"https:\\\/\\\/www.cruillabarcelona.cat\\\/es\\\/#organization\"},\"potentialAction\":[{\"@type\":\"SearchAction\",\"target\":{\"@type\":\"EntryPoint\",\"urlTemplate\":\"https:\\\/\\\/www.cruillabarcelona.cat\\\/es\\\/?s={search_term_string}\"},\"query-input\":{\"@type\":\"PropertyValueSpecification\",\"valueRequired\":true,\"valueName\":\"search_term_string\"}}],\"inLanguage\":\"es\"},{\"@type\":\"Organization\",\"@id\":\"https:\\\/\\\/www.cruillabarcelona.cat\\\/es\\\/#organization\",\"name\":\"Festival Cru\u00eflla\",\"url\":\"https:\\\/\\\/www.cruillabarcelona.cat\\\/es\\\/\",\"logo\":{\"@type\":\"ImageObject\",\"inLanguage\":\"es\",\"@id\":\"https:\\\/\\\/www.cruillabarcelona.cat\\\/es\\\/#\\\/schema\\\/logo\\\/image\\\/\",\"url\":\"https:\\\/\\\/www.cruillabarcelona.cat\\\/wp-content\\\/uploads\\\/2025\\\/12\\\/cruill-logo-negativo.png\",\"contentUrl\":\"https:\\\/\\\/www.cruillabarcelona.cat\\\/wp-content\\\/uploads\\\/2025\\\/12\\\/cruill-logo-negativo.png\",\"width\":400,\"height\":101,\"caption\":\"Festival Cru\u00eflla\"},\"image\":{\"@id\":\"https:\\\/\\\/www.cruillabarcelona.cat\\\/es\\\/#\\\/schema\\\/logo\\\/image\\\/\"}}]}<\/script>\n<!-- \/ Yoast SEO plugin. -->","yoast_head_json":{"title":"Nits Cru\u00eflla - Festival Cru\u00eflla","robots":{"index":"index","follow":"follow","max-snippet":"max-snippet:-1","max-image-preview":"max-image-preview:large","max-video-preview":"max-video-preview:-1"},"canonical":"https:\/\/www.cruillabarcelona.cat\/es\/nits-cruilla\/","og_locale":"es_ES","og_type":"article","og_title":"Nits Cru\u00eflla - Festival Cru\u00eflla","og_description":"\u00a1OS PRESENTAMOS LAS NITS CRU\u00cfLLA! El Festival Cru\u00eflla est\u00e1 de celebraci\u00f3n: este a\u00f1o se cumplen 15 a\u00f1os desde que se instal\u00f3 en el Parc del F\u00f2rum [&hellip;]","og_url":"https:\/\/www.cruillabarcelona.cat\/es\/nits-cruilla\/","og_site_name":"Festival Cru\u00eflla","article_modified_time":"2025-06-11T08:47:22+00:00","og_image":[{"width":1500,"height":500,"url":"https:\/\/www.cruillabarcelona.cat\/wp-content\/uploads\/2025\/03\/CE25_NitsCruilla_Landing-1.jpg","type":"image\/jpeg"}],"twitter_card":"summary_large_image","twitter_misc":{"Tiempo de lectura":"4 minutos"},"schema":{"@context":"https:\/\/schema.org","@graph":[{"@type":"WebPage","@id":"https:\/\/www.cruillabarcelona.cat\/es\/nits-cruilla\/","url":"https:\/\/www.cruillabarcelona.cat\/es\/nits-cruilla\/","name":"Nits Cru\u00eflla - Festival Cru\u00eflla","isPartOf":{"@id":"https:\/\/www.cruillabarcelona.cat\/es\/#website"},"primaryImageOfPage":{"@id":"https:\/\/www.cruillabarcelona.cat\/es\/nits-cruilla\/#primaryimage"},"image":{"@id":"https:\/\/www.cruillabarcelona.cat\/es\/nits-cruilla\/#primaryimage"},"thumbnailUrl":"https:\/\/www.cruillabarcelona.cat\/wp-content\/uploads\/2025\/03\/CE25_NitsCruilla_Landing-1.jpg","datePublished":"2025-03-13T10:27:04+00:00","dateModified":"2025-06-11T08:47:22+00:00","breadcrumb":{"@id":"https:\/\/www.cruillabarcelona.cat\/es\/nits-cruilla\/#breadcrumb"},"inLanguage":"es","potentialAction":[{"@type":"ReadAction","target":["https:\/\/www.cruillabarcelona.cat\/es\/nits-cruilla\/"]}]},{"@type":"ImageObject","inLanguage":"es","@id":"https:\/\/www.cruillabarcelona.cat\/es\/nits-cruilla\/#primaryimage","url":"https:\/\/www.cruillabarcelona.cat\/wp-content\/uploads\/2025\/03\/CE25_NitsCruilla_Landing-1.jpg","contentUrl":"https:\/\/www.cruillabarcelona.cat\/wp-content\/uploads\/2025\/03\/CE25_NitsCruilla_Landing-1.jpg","width":1500,"height":500},{"@type":"BreadcrumbList","@id":"https:\/\/www.cruillabarcelona.cat\/es\/nits-cruilla\/#breadcrumb","itemListElement":[{"@type":"ListItem","position":1,"name":"Home","item":"https:\/\/www.cruillabarcelona.cat\/es\/"},{"@type":"ListItem","position":2,"name":"Nits Cru\u00eflla"}]},{"@type":"WebSite","@id":"https:\/\/www.cruillabarcelona.cat\/es\/#website","url":"https:\/\/www.cruillabarcelona.cat\/es\/","name":"Festival Cru\u00eflla","description":"","publisher":{"@id":"https:\/\/www.cruillabarcelona.cat\/es\/#organization"},"potentialAction":[{"@type":"SearchAction","target":{"@type":"EntryPoint","urlTemplate":"https:\/\/www.cruillabarcelona.cat\/es\/?s={search_term_string}"},"query-input":{"@type":"PropertyValueSpecification","valueRequired":true,"valueName":"search_term_string"}}],"inLanguage":"es"},{"@type":"Organization","@id":"https:\/\/www.cruillabarcelona.cat\/es\/#organization","name":"Festival Cru\u00eflla","url":"https:\/\/www.cruillabarcelona.cat\/es\/","logo":{"@type":"ImageObject","inLanguage":"es","@id":"https:\/\/www.cruillabarcelona.cat\/es\/#\/schema\/logo\/image\/","url":"https:\/\/www.cruillabarcelona.cat\/wp-content\/uploads\/2025\/12\/cruill-logo-negativo.png","contentUrl":"https:\/\/www.cruillabarcelona.cat\/wp-content\/uploads\/2025\/12\/cruill-logo-negativo.png","width":400,"height":101,"caption":"Festival Cru\u00eflla"},"image":{"@id":"https:\/\/www.cruillabarcelona.cat\/es\/#\/schema\/logo\/image\/"}}]}},"_links":{"self":[{"href":"https:\/\/www.cruillabarcelona.cat\/es\/wp-json\/wp\/v2\/pages\/56617","targetHints":{"allow":["GET"]}}],"collection":[{"href":"https:\/\/www.cruillabarcelona.cat\/es\/wp-json\/wp\/v2\/pages"}],"about":[{"href":"https:\/\/www.cruillabarcelona.cat\/es\/wp-json\/wp\/v2\/types\/page"}],"author":[{"embeddable":true,"href":"https:\/\/www.cruillabarcelona.cat\/es\/wp-json\/wp\/v2\/users\/2"}],"replies":[{"embeddable":true,"href":"https:\/\/www.cruillabarcelona.cat\/es\/wp-json\/wp\/v2\/comments?post=56617"}],"version-history":[{"count":5,"href":"https:\/\/www.cruillabarcelona.cat\/es\/wp-json\/wp\/v2\/pages\/56617\/revisions"}],"predecessor-version":[{"id":59486,"href":"https:\/\/www.cruillabarcelona.cat\/es\/wp-json\/wp\/v2\/pages\/56617\/revisions\/59486"}],"wp:featuredmedia":[{"embeddable":true,"href":"https:\/\/www.cruillabarcelona.cat\/es\/wp-json\/wp\/v2\/media\/56773"}],"wp:attachment":[{"href":"https:\/\/www.cruillabarcelona.cat\/es\/wp-json\/wp\/v2\/media?parent=56617"}],"curies":[{"name":"wp","href":"https:\/\/api.w.org\/{rel}","templated":true}]}}