{"id":57557,"date":"2025-05-07T10:03:58","date_gmt":"2025-05-07T08:03:58","guid":{"rendered":"https:\/\/www.cruillabarcelona.cat\/?page_id=57557"},"modified":"2025-05-20T15:25:11","modified_gmt":"2025-05-20T13:25:11","slug":"bases-legales-15-anos-15-regalos","status":"publish","type":"page","link":"https:\/\/www.cruillabarcelona.cat\/es\/bases-legales-15-anos-15-regalos\/","title":{"rendered":"Bases legales del tercer sorteo 15 a\u00f1os, 15 regalos del Festival Cru\u00eflla"},"content":{"rendered":"<p><b>Organizador de los sorteos: <\/b><span style=\"font-weight: 400;\">Los 5 sorteos incluidos en la campa\u00f1a \u00ab15 a\u00f1os, 15 regalos\u00bb est\u00e1n organizados por Barcelona Events Musicals SLU (en adelante, \u00abel Organizador\u00bb), con domicilio social en la calle Pujades n\u00ba 77-79, 2\u00ba 7\u00aa, 08005, Barcelona.<\/span><\/p>\n<p><b>Elegibilidad para participar: <\/b><span style=\"font-weight: 400;\">Los sorteos est\u00e1n abiertos a todas las personas mayores de edad que residan legalmente en Espa\u00f1a. Quedan excluidos de la participaci\u00f3n los empleados del Organizador, as\u00ed como sus familiares directos.<\/span><\/p>\n<p><b>Mec\u00e1nica de los sorteos: <\/b><span style=\"font-weight: 400;\">Para participar en uno de los 5 sorteos, los participantes deber\u00e1n inscribirse en el formulario publicado por el Organizador en sus redes sociales y p\u00e1gina web, introduciendo su correo electr\u00f3nico.<\/span><\/p>\n<p><b>Duraci\u00f3n: <\/b><span style=\"font-weight: 400;\">Inicio el 21 de mayo a las 12:00 h y finalizaci\u00f3n el 27 de mayo a las 12:00 h<\/span><\/p>\n<p><span style=\"font-weight: 400;\">El Organizador se reserva el derecho de modificar las fechas y horas de inicio y finalizaci\u00f3n, as\u00ed como de cancelar o suspender el sorteo si existen causas justificadas.<\/span><\/p>\n<p><b>Selecci\u00f3n y notificaci\u00f3n del ganador: <\/b><span style=\"font-weight: 400;\">Los ganadores ser\u00e1n seleccionados de forma aleatoria entre todos los participantes elegibles. El Organizador se pondr\u00e1 en contacto con el ganador de cada sorteo a trav\u00e9s de la direcci\u00f3n de correo electr\u00f3nico proporcionada en el formulario de participaci\u00f3n y lo anunciar\u00e1 en una <\/span><i><span style=\"font-weight: 400;\">story<\/span><\/i><span style=\"font-weight: 400;\"> en el Instagram oficial del Festival Cru\u00eflla. Si el ganador no responde en un plazo de 5 d\u00edas, el premio se considerar\u00e1 desierto y se seleccionar\u00e1 un nuevo ganador de forma aleatoria.<\/span><\/p>\n<p><b>Premios sorteo 3:<\/b><span style=\"font-weight: 400;\"> Vuelo para dos personas con la compa\u00f1\u00eda Vueling, un lote de productos Coca-Cola y un lote exclusivo de botellas Beefeater.<\/span><\/p>\n<p><span style=\"font-weight: 400;\">Los premios no son transferibles ni canjeables por dinero en efectivo u otros productos o servicios. El Organizador se reserva el derecho de modificar los premios si existen causas justificadas.<\/span><\/p>\n<p><b>Datos personales:<\/b><span style=\"font-weight: 400;\"> Al participar en este sorteo, los participantes aceptan expresamente que el Organizador incorpore nombres y apellidos y las direcciones de correo electr\u00f3nico facilitadas a su base de datos. Asimismo, autorizan que se les pueda enviar informaci\u00f3n, comunicaciones comerciales y promociones relacionadas con las actividades, servicios y eventos organizados por el Organizador, de acuerdo con la normativa vigente en materia de protecci\u00f3n de datos y comunicaciones comerciales. El Organizador se compromete a no compartir estos datos con terceros sin el consentimiento expl\u00edcito de los participantes.<\/span><\/p>\n<p><span style=\"font-weight: 400;\">Los participantes podr\u00e1n ejercer en cualquier momento sus derechos de acceso, rectificaci\u00f3n, oposici\u00f3n y cancelaci\u00f3n de sus datos escribiendo al responsable del tratamiento a la direcci\u00f3n de correo electr\u00f3nico que se indica a continuaci\u00f3n: <\/span><span style=\"font-weight: 400;\">festival@cruillabarcelona.cat<\/span><span style=\"font-weight: 400;\">.<\/span><\/p>\n<p><b>Modificaciones y responsabilidades: <\/b><span style=\"font-weight: 400;\">El Organizador se reserva el derecho de modificar o cancelar los sorteos en caso de fuerza mayor o circunstancias imprevistas que lo justifiquen. El Organizador no ser\u00e1 responsable de problemas t\u00e9cnicos, p\u00e9rdida de datos, interrupciones o retrasos en la participaci\u00f3n o entrega de premios que est\u00e9n fuera de su control razonable.<\/span><\/p>\n<p><b>Aceptaci\u00f3n de las bases legales:<\/b><span style=\"font-weight: 400;\"> La participaci\u00f3n en el sorteo implica la aceptaci\u00f3n total e incondicional de estas bases legales. Cualquier violaci\u00f3n de estas bases por parte de un participante supondr\u00e1 su descalificaci\u00f3n.<\/span><\/p>\n","protected":false},"excerpt":{"rendered":"<p>Organizador de los sorteos: Los 5 sorteos incluidos en la campa\u00f1a \u00ab15 a\u00f1os, 15 regalos\u00bb est\u00e1n organizados por Barcelona Events Musicals SLU (en adelante, \u00abel Organizador\u00bb), [&hellip;]<\/p>\n","protected":false},"author":2,"featured_media":0,"parent":0,"menu_order":0,"comment_status":"closed","ping_status":"closed","template":"","meta":{"_acf_changed":false,"footnotes":""},"class_list":["post-57557","page","type-page","status-publish","hentry"],"acf":[],"yoast_head":"<!-- This site is optimized with the Yoast SEO plugin v27.5 - https:\/\/yoast.com\/product\/yoast-seo-wordpress\/ -->\n<title>Bases legales del tercer sorteo 15 a\u00f1os, 15 regalos del Festival Cru\u00eflla - Festival Cru\u00eflla<\/title>\n<meta name=\"robots\" content=\"index, follow, max-snippet:-1, max-image-preview:large, max-video-preview:-1\" \/>\n<link rel=\"canonical\" href=\"https:\/\/www.cruillabarcelona.cat\/es\/bases-legales-15-anos-15-regalos\/\" \/>\n<meta property=\"og:locale\" content=\"es_ES\" \/>\n<meta property=\"og:type\" content=\"article\" \/>\n<meta property=\"og:title\" content=\"Bases legales del tercer sorteo 15 a\u00f1os, 15 regalos del Festival Cru\u00eflla - Festival Cru\u00eflla\" \/>\n<meta property=\"og:description\" content=\"Organizador de los sorteos: Los 5 sorteos incluidos en la campa\u00f1a \u00ab15 a\u00f1os, 15 regalos\u00bb est\u00e1n organizados por Barcelona Events Musicals SLU (en adelante, \u00abel Organizador\u00bb), [&hellip;]\" \/>\n<meta property=\"og:url\" content=\"https:\/\/www.cruillabarcelona.cat\/es\/bases-legales-15-anos-15-regalos\/\" \/>\n<meta property=\"og:site_name\" content=\"Festival Cru\u00eflla\" \/>\n<meta property=\"article:modified_time\" content=\"2025-05-20T13:25:11+00:00\" \/>\n<meta name=\"twitter:card\" content=\"summary_large_image\" \/>\n<meta name=\"twitter:label1\" content=\"Tiempo de lectura\" \/>\n\t<meta name=\"twitter:data1\" content=\"3 minutos\" \/>\n<script type=\"application\/ld+json\" class=\"yoast-schema-graph\">{\"@context\":\"https:\\\/\\\/schema.org\",\"@graph\":[{\"@type\":\"WebPage\",\"@id\":\"https:\\\/\\\/www.cruillabarcelona.cat\\\/es\\\/bases-legales-15-anos-15-regalos\\\/\",\"url\":\"https:\\\/\\\/www.cruillabarcelona.cat\\\/es\\\/bases-legales-15-anos-15-regalos\\\/\",\"name\":\"Bases legales del tercer sorteo 15 a\u00f1os, 15 regalos del Festival Cru\u00eflla - Festival Cru\u00eflla\",\"isPartOf\":{\"@id\":\"https:\\\/\\\/www.cruillabarcelona.cat\\\/es\\\/#website\"},\"datePublished\":\"2025-05-07T08:03:58+00:00\",\"dateModified\":\"2025-05-20T13:25:11+00:00\",\"breadcrumb\":{\"@id\":\"https:\\\/\\\/www.cruillabarcelona.cat\\\/es\\\/bases-legales-15-anos-15-regalos\\\/#breadcrumb\"},\"inLanguage\":\"es\",\"potentialAction\":[{\"@type\":\"ReadAction\",\"target\":[\"https:\\\/\\\/www.cruillabarcelona.cat\\\/es\\\/bases-legales-15-anos-15-regalos\\\/\"]}]},{\"@type\":\"BreadcrumbList\",\"@id\":\"https:\\\/\\\/www.cruillabarcelona.cat\\\/es\\\/bases-legales-15-anos-15-regalos\\\/#breadcrumb\",\"itemListElement\":[{\"@type\":\"ListItem\",\"position\":1,\"name\":\"Home\",\"item\":\"https:\\\/\\\/www.cruillabarcelona.cat\\\/es\\\/\"},{\"@type\":\"ListItem\",\"position\":2,\"name\":\"Bases legales del tercer sorteo 15 a\u00f1os, 15 regalos del Festival Cru\u00eflla\"}]},{\"@type\":\"WebSite\",\"@id\":\"https:\\\/\\\/www.cruillabarcelona.cat\\\/es\\\/#website\",\"url\":\"https:\\\/\\\/www.cruillabarcelona.cat\\\/es\\\/\",\"name\":\"Festival Cru\u00eflla\",\"description\":\"\",\"publisher\":{\"@id\":\"https:\\\/\\\/www.cruillabarcelona.cat\\\/es\\\/#organization\"},\"potentialAction\":[{\"@type\":\"SearchAction\",\"target\":{\"@type\":\"EntryPoint\",\"urlTemplate\":\"https:\\\/\\\/www.cruillabarcelona.cat\\\/es\\\/?s={search_term_string}\"},\"query-input\":{\"@type\":\"PropertyValueSpecification\",\"valueRequired\":true,\"valueName\":\"search_term_string\"}}],\"inLanguage\":\"es\"},{\"@type\":\"Organization\",\"@id\":\"https:\\\/\\\/www.cruillabarcelona.cat\\\/es\\\/#organization\",\"name\":\"Festival Cru\u00eflla\",\"url\":\"https:\\\/\\\/www.cruillabarcelona.cat\\\/es\\\/\",\"logo\":{\"@type\":\"ImageObject\",\"inLanguage\":\"es\",\"@id\":\"https:\\\/\\\/www.cruillabarcelona.cat\\\/es\\\/#\\\/schema\\\/logo\\\/image\\\/\",\"url\":\"https:\\\/\\\/www.cruillabarcelona.cat\\\/wp-content\\\/uploads\\\/2025\\\/12\\\/cruill-logo-negativo.png\",\"contentUrl\":\"https:\\\/\\\/www.cruillabarcelona.cat\\\/wp-content\\\/uploads\\\/2025\\\/12\\\/cruill-logo-negativo.png\",\"width\":400,\"height\":101,\"caption\":\"Festival Cru\u00eflla\"},\"image\":{\"@id\":\"https:\\\/\\\/www.cruillabarcelona.cat\\\/es\\\/#\\\/schema\\\/logo\\\/image\\\/\"}}]}<\/script>\n<!-- \/ Yoast SEO plugin. -->","yoast_head_json":{"title":"Bases legales del tercer sorteo 15 a\u00f1os, 15 regalos del Festival Cru\u00eflla - Festival Cru\u00eflla","robots":{"index":"index","follow":"follow","max-snippet":"max-snippet:-1","max-image-preview":"max-image-preview:large","max-video-preview":"max-video-preview:-1"},"canonical":"https:\/\/www.cruillabarcelona.cat\/es\/bases-legales-15-anos-15-regalos\/","og_locale":"es_ES","og_type":"article","og_title":"Bases legales del tercer sorteo 15 a\u00f1os, 15 regalos del Festival Cru\u00eflla - Festival Cru\u00eflla","og_description":"Organizador de los sorteos: Los 5 sorteos incluidos en la campa\u00f1a \u00ab15 a\u00f1os, 15 regalos\u00bb est\u00e1n organizados por Barcelona Events Musicals SLU (en adelante, \u00abel Organizador\u00bb), [&hellip;]","og_url":"https:\/\/www.cruillabarcelona.cat\/es\/bases-legales-15-anos-15-regalos\/","og_site_name":"Festival Cru\u00eflla","article_modified_time":"2025-05-20T13:25:11+00:00","twitter_card":"summary_large_image","twitter_misc":{"Tiempo de lectura":"3 minutos"},"schema":{"@context":"https:\/\/schema.org","@graph":[{"@type":"WebPage","@id":"https:\/\/www.cruillabarcelona.cat\/es\/bases-legales-15-anos-15-regalos\/","url":"https:\/\/www.cruillabarcelona.cat\/es\/bases-legales-15-anos-15-regalos\/","name":"Bases legales del tercer sorteo 15 a\u00f1os, 15 regalos del Festival Cru\u00eflla - Festival Cru\u00eflla","isPartOf":{"@id":"https:\/\/www.cruillabarcelona.cat\/es\/#website"},"datePublished":"2025-05-07T08:03:58+00:00","dateModified":"2025-05-20T13:25:11+00:00","breadcrumb":{"@id":"https:\/\/www.cruillabarcelona.cat\/es\/bases-legales-15-anos-15-regalos\/#breadcrumb"},"inLanguage":"es","potentialAction":[{"@type":"ReadAction","target":["https:\/\/www.cruillabarcelona.cat\/es\/bases-legales-15-anos-15-regalos\/"]}]},{"@type":"BreadcrumbList","@id":"https:\/\/www.cruillabarcelona.cat\/es\/bases-legales-15-anos-15-regalos\/#breadcrumb","itemListElement":[{"@type":"ListItem","position":1,"name":"Home","item":"https:\/\/www.cruillabarcelona.cat\/es\/"},{"@type":"ListItem","position":2,"name":"Bases legales del tercer sorteo 15 a\u00f1os, 15 regalos del Festival Cru\u00eflla"}]},{"@type":"WebSite","@id":"https:\/\/www.cruillabarcelona.cat\/es\/#website","url":"https:\/\/www.cruillabarcelona.cat\/es\/","name":"Festival Cru\u00eflla","description":"","publisher":{"@id":"https:\/\/www.cruillabarcelona.cat\/es\/#organization"},"potentialAction":[{"@type":"SearchAction","target":{"@type":"EntryPoint","urlTemplate":"https:\/\/www.cruillabarcelona.cat\/es\/?s={search_term_string}"},"query-input":{"@type":"PropertyValueSpecification","valueRequired":true,"valueName":"search_term_string"}}],"inLanguage":"es"},{"@type":"Organization","@id":"https:\/\/www.cruillabarcelona.cat\/es\/#organization","name":"Festival Cru\u00eflla","url":"https:\/\/www.cruillabarcelona.cat\/es\/","logo":{"@type":"ImageObject","inLanguage":"es","@id":"https:\/\/www.cruillabarcelona.cat\/es\/#\/schema\/logo\/image\/","url":"https:\/\/www.cruillabarcelona.cat\/wp-content\/uploads\/2025\/12\/cruill-logo-negativo.png","contentUrl":"https:\/\/www.cruillabarcelona.cat\/wp-content\/uploads\/2025\/12\/cruill-logo-negativo.png","width":400,"height":101,"caption":"Festival Cru\u00eflla"},"image":{"@id":"https:\/\/www.cruillabarcelona.cat\/es\/#\/schema\/logo\/image\/"}}]}},"_links":{"self":[{"href":"https:\/\/www.cruillabarcelona.cat\/es\/wp-json\/wp\/v2\/pages\/57557","targetHints":{"allow":["GET"]}}],"collection":[{"href":"https:\/\/www.cruillabarcelona.cat\/es\/wp-json\/wp\/v2\/pages"}],"about":[{"href":"https:\/\/www.cruillabarcelona.cat\/es\/wp-json\/wp\/v2\/types\/page"}],"author":[{"embeddable":true,"href":"https:\/\/www.cruillabarcelona.cat\/es\/wp-json\/wp\/v2\/users\/2"}],"replies":[{"embeddable":true,"href":"https:\/\/www.cruillabarcelona.cat\/es\/wp-json\/wp\/v2\/comments?post=57557"}],"version-history":[{"count":4,"href":"https:\/\/www.cruillabarcelona.cat\/es\/wp-json\/wp\/v2\/pages\/57557\/revisions"}],"predecessor-version":[{"id":57913,"href":"https:\/\/www.cruillabarcelona.cat\/es\/wp-json\/wp\/v2\/pages\/57557\/revisions\/57913"}],"wp:attachment":[{"href":"https:\/\/www.cruillabarcelona.cat\/es\/wp-json\/wp\/v2\/media?parent=57557"}],"curies":[{"name":"wp","href":"https:\/\/api.w.org\/{rel}","templated":true}]}}