{"id":57882,"date":"2025-05-20T11:29:21","date_gmt":"2025-05-20T09:29:21","guid":{"rendered":"https:\/\/www.cruillabarcelona.cat\/thirty-seconds-to-mars\/"},"modified":"2025-06-10T14:19:28","modified_gmt":"2025-06-10T12:19:28","slug":"thirty-seconds-to-mars","status":"publish","type":"page","link":"https:\/\/www.cruillabarcelona.cat\/es\/thirty-seconds-to-mars\/","title":{"rendered":"Thirty Seconds to Mars al Festival Cru\u00eflla"},"content":{"rendered":"<h2 style=\"text-align: center;\">Concierto de Thirty Seconds to Mars el 11 de julio de 2025 en Barcelona<\/h2>\n<h3 style=\"text-align: center;\">\u00a1Disfruta de la oportunidad \u00fanica de ver en directo la banda liderada por los m\u00edticos hermanos Leto en el Festival Cru\u00eflla 2025!<\/h3>\n<p style=\"text-align: center;\"><em><strong>Compra aqu\u00ed tu entrada de d\u00eda o abono\u00a0<\/strong><\/em><\/p>\n<p style=\"text-align: center;\"><a class=\"efsbutton button \" target=\"_blank\">ENTRADA VIERNES<\/a><\/p>\n<p style=\"text-align: center;\"><a class=\"efsbutton button \" target=\"_blank\">ABONOS<\/a><\/p>\n<p>Despu\u00e9s de siete a\u00f1os sin pasar por Barcelona, \u200b\u200bla banda de Los \u00c1ngeles aterrizar\u00e1 por primera vez en el Festival Cru\u00eflla para sorprendernos con un directo \u00fanico. Sus guitarras impactantes y la voz inconfundible de Jared Leto, han hecho de <strong>Thirty Seconds to Mars<\/strong> uno de los t\u00f3tems del rock experimental en todo el mundo con seis \u00e1lbumes a sus espaldas, varios n\u00fameros 1 en las listas de \u00e9xitos y millones de oyentes en las plataformas digitales.<\/p>\n<p style=\"text-align: center;\">[efsflexvideo type=\u00bbyoutube\u00bb url=\u00bbhttps:\/\/www.youtube.com\/watch?v=H6WZIfJ9G_I\u00bb allowfullscreen=\u00bbyes\u00bb widescreen=\u00bbyes\u00bb width=\u00bb420&#8243; height=\u00bb315&#8243;\/]<\/p>\n<p>Los californianos conquistar\u00e1n el escenario principal del Festival Cru\u00eflla para demostrar que estos m\u00e1s de 25 a\u00f1os de trayectoria los han convertido en uno de los artistas m\u00e1s destacados del panorama contempor\u00e1neo. No ser\u00e1 sin embargo, lo \u00fanico que podr\u00e1s ver esa noche. El 11 de julio, y con la misma entrada, tendr\u00e1s la oportunidad de vivir en directo tambi\u00e9n en <strong>Texas, Crystal Fighters, Love of Lesbian, Africa Express feat Damon Albarn &amp; Others, Ben Harper <\/strong>o<strong> Maria Jaume<\/strong>, entre muchos altas, y podr\u00e1s disfrutar de lo mejor del humor con la programaci\u00f3n especial del Comedia.<\/p>\n<p><img decoding=\"async\" class=\"aligncenter wp-image-59417 size-full\" src=\"https:\/\/www.cruillabarcelona.cat\/wp-content\/uploads\/2025\/06\/CE25_CartellDies_1080x1080_ES-2.jpg\" alt=\"\" width=\"1080\" height=\"1080\" srcset=\"https:\/\/www.cruillabarcelona.cat\/wp-content\/uploads\/2025\/06\/CE25_CartellDies_1080x1080_ES-2.jpg 1080w, https:\/\/www.cruillabarcelona.cat\/wp-content\/uploads\/2025\/06\/CE25_CartellDies_1080x1080_ES-2-1024x1024.jpg 1024w, https:\/\/www.cruillabarcelona.cat\/wp-content\/uploads\/2025\/06\/CE25_CartellDies_1080x1080_ES-2-150x150.jpg 150w, https:\/\/www.cruillabarcelona.cat\/wp-content\/uploads\/2025\/06\/CE25_CartellDies_1080x1080_ES-2-768x768.jpg 768w, https:\/\/www.cruillabarcelona.cat\/wp-content\/uploads\/2025\/06\/CE25_CartellDies_1080x1080_ES-2-300x300.jpg 300w, https:\/\/www.cruillabarcelona.cat\/wp-content\/uploads\/2025\/06\/CE25_CartellDies_1080x1080_ES-2-600x600.jpg 600w\" sizes=\"(max-width: 1080px) 100vw, 1080px\" \/><\/p>\n<p style=\"text-align: center;\">\n<p>&nbsp;<\/p>\n","protected":false},"excerpt":{"rendered":"<p>Concierto de Thirty Seconds to Mars el 11 de julio de 2025 en Barcelona \u00a1Disfruta de la oportunidad \u00fanica de ver en directo la banda liderada [&hellip;]<\/p>\n","protected":false},"author":2,"featured_media":57860,"parent":0,"menu_order":0,"comment_status":"closed","ping_status":"closed","template":"page-templates\/page-landing.php","meta":{"_acf_changed":false,"footnotes":""},"class_list":["post-57882","page","type-page","status-publish","has-post-thumbnail","hentry"],"acf":[],"yoast_head":"<!-- This site is optimized with the Yoast SEO plugin v27.4 - https:\/\/yoast.com\/product\/yoast-seo-wordpress\/ -->\n<title>Concierto Thirty Seconds to Mars, Festival Cru\u00eflla - 11 de julio 2025<\/title>\n<meta name=\"description\" content=\"Entradas a la venta para el concierto de Thirty Seconds to Mars el viernes 11 de julio de 2025 en el Festival Cru\u00eflla.\" \/>\n<meta name=\"robots\" content=\"index, follow, max-snippet:-1, max-image-preview:large, max-video-preview:-1\" \/>\n<link rel=\"canonical\" href=\"https:\/\/www.cruillabarcelona.cat\/es\/thirty-seconds-to-mars\/\" \/>\n<meta property=\"og:locale\" content=\"es_ES\" \/>\n<meta property=\"og:type\" content=\"article\" \/>\n<meta property=\"og:title\" content=\"Concierto Thirty Seconds to Mars, Festival Cru\u00eflla - 11 de julio 2025\" \/>\n<meta property=\"og:description\" content=\"Entradas a la venta para el concierto de Thirty Seconds to Mars el viernes 11 de julio de 2025 en el Festival Cru\u00eflla.\" \/>\n<meta property=\"og:url\" content=\"https:\/\/www.cruillabarcelona.cat\/es\/thirty-seconds-to-mars\/\" \/>\n<meta property=\"og:site_name\" content=\"Festival Cru\u00eflla\" \/>\n<meta property=\"article:modified_time\" content=\"2025-06-10T12:19:28+00:00\" \/>\n<meta property=\"og:image\" content=\"https:\/\/www.cruillabarcelona.cat\/wp-content\/uploads\/2025\/05\/CE25_Landing_30STM_Desktop.png\" \/>\n\t<meta property=\"og:image:width\" content=\"1500\" \/>\n\t<meta property=\"og:image:height\" content=\"500\" \/>\n\t<meta property=\"og:image:type\" content=\"image\/png\" \/>\n<meta name=\"twitter:card\" content=\"summary_large_image\" \/>\n<meta name=\"twitter:label1\" content=\"Tiempo de lectura\" \/>\n\t<meta name=\"twitter:data1\" content=\"2 minutos\" \/>\n<script type=\"application\/ld+json\" class=\"yoast-schema-graph\">{\"@context\":\"https:\\\/\\\/schema.org\",\"@graph\":[{\"@type\":\"WebPage\",\"@id\":\"https:\\\/\\\/www.cruillabarcelona.cat\\\/es\\\/thirty-seconds-to-mars\\\/\",\"url\":\"https:\\\/\\\/www.cruillabarcelona.cat\\\/es\\\/thirty-seconds-to-mars\\\/\",\"name\":\"Concierto Thirty Seconds to Mars, Festival Cru\u00eflla - 11 de julio 2025\",\"isPartOf\":{\"@id\":\"https:\\\/\\\/www.cruillabarcelona.cat\\\/es\\\/#website\"},\"primaryImageOfPage\":{\"@id\":\"https:\\\/\\\/www.cruillabarcelona.cat\\\/es\\\/thirty-seconds-to-mars\\\/#primaryimage\"},\"image\":{\"@id\":\"https:\\\/\\\/www.cruillabarcelona.cat\\\/es\\\/thirty-seconds-to-mars\\\/#primaryimage\"},\"thumbnailUrl\":\"https:\\\/\\\/www.cruillabarcelona.cat\\\/wp-content\\\/uploads\\\/2025\\\/05\\\/CE25_Landing_30STM_Desktop.png\",\"datePublished\":\"2025-05-20T09:29:21+00:00\",\"dateModified\":\"2025-06-10T12:19:28+00:00\",\"description\":\"Entradas a la venta para el concierto de Thirty Seconds to Mars el viernes 11 de julio de 2025 en el Festival Cru\u00eflla.\",\"breadcrumb\":{\"@id\":\"https:\\\/\\\/www.cruillabarcelona.cat\\\/es\\\/thirty-seconds-to-mars\\\/#breadcrumb\"},\"inLanguage\":\"es\",\"potentialAction\":[{\"@type\":\"ReadAction\",\"target\":[\"https:\\\/\\\/www.cruillabarcelona.cat\\\/es\\\/thirty-seconds-to-mars\\\/\"]}]},{\"@type\":\"ImageObject\",\"inLanguage\":\"es\",\"@id\":\"https:\\\/\\\/www.cruillabarcelona.cat\\\/es\\\/thirty-seconds-to-mars\\\/#primaryimage\",\"url\":\"https:\\\/\\\/www.cruillabarcelona.cat\\\/wp-content\\\/uploads\\\/2025\\\/05\\\/CE25_Landing_30STM_Desktop.png\",\"contentUrl\":\"https:\\\/\\\/www.cruillabarcelona.cat\\\/wp-content\\\/uploads\\\/2025\\\/05\\\/CE25_Landing_30STM_Desktop.png\",\"width\":1500,\"height\":500},{\"@type\":\"BreadcrumbList\",\"@id\":\"https:\\\/\\\/www.cruillabarcelona.cat\\\/es\\\/thirty-seconds-to-mars\\\/#breadcrumb\",\"itemListElement\":[{\"@type\":\"ListItem\",\"position\":1,\"name\":\"Home\",\"item\":\"https:\\\/\\\/www.cruillabarcelona.cat\\\/es\\\/\"},{\"@type\":\"ListItem\",\"position\":2,\"name\":\"Thirty Seconds to Mars al Festival Cru\u00eflla\"}]},{\"@type\":\"WebSite\",\"@id\":\"https:\\\/\\\/www.cruillabarcelona.cat\\\/es\\\/#website\",\"url\":\"https:\\\/\\\/www.cruillabarcelona.cat\\\/es\\\/\",\"name\":\"Festival Cru\u00eflla\",\"description\":\"\",\"publisher\":{\"@id\":\"https:\\\/\\\/www.cruillabarcelona.cat\\\/es\\\/#organization\"},\"potentialAction\":[{\"@type\":\"SearchAction\",\"target\":{\"@type\":\"EntryPoint\",\"urlTemplate\":\"https:\\\/\\\/www.cruillabarcelona.cat\\\/es\\\/?s={search_term_string}\"},\"query-input\":{\"@type\":\"PropertyValueSpecification\",\"valueRequired\":true,\"valueName\":\"search_term_string\"}}],\"inLanguage\":\"es\"},{\"@type\":\"Organization\",\"@id\":\"https:\\\/\\\/www.cruillabarcelona.cat\\\/es\\\/#organization\",\"name\":\"Festival Cru\u00eflla\",\"url\":\"https:\\\/\\\/www.cruillabarcelona.cat\\\/es\\\/\",\"logo\":{\"@type\":\"ImageObject\",\"inLanguage\":\"es\",\"@id\":\"https:\\\/\\\/www.cruillabarcelona.cat\\\/es\\\/#\\\/schema\\\/logo\\\/image\\\/\",\"url\":\"https:\\\/\\\/www.cruillabarcelona.cat\\\/wp-content\\\/uploads\\\/2025\\\/12\\\/cruill-logo-negativo.png\",\"contentUrl\":\"https:\\\/\\\/www.cruillabarcelona.cat\\\/wp-content\\\/uploads\\\/2025\\\/12\\\/cruill-logo-negativo.png\",\"width\":400,\"height\":101,\"caption\":\"Festival Cru\u00eflla\"},\"image\":{\"@id\":\"https:\\\/\\\/www.cruillabarcelona.cat\\\/es\\\/#\\\/schema\\\/logo\\\/image\\\/\"}}]}<\/script>\n<!-- \/ Yoast SEO plugin. -->","yoast_head_json":{"title":"Concierto Thirty Seconds to Mars, Festival Cru\u00eflla - 11 de julio 2025","description":"Entradas a la venta para el concierto de Thirty Seconds to Mars el viernes 11 de julio de 2025 en el Festival Cru\u00eflla.","robots":{"index":"index","follow":"follow","max-snippet":"max-snippet:-1","max-image-preview":"max-image-preview:large","max-video-preview":"max-video-preview:-1"},"canonical":"https:\/\/www.cruillabarcelona.cat\/es\/thirty-seconds-to-mars\/","og_locale":"es_ES","og_type":"article","og_title":"Concierto Thirty Seconds to Mars, Festival Cru\u00eflla - 11 de julio 2025","og_description":"Entradas a la venta para el concierto de Thirty Seconds to Mars el viernes 11 de julio de 2025 en el Festival Cru\u00eflla.","og_url":"https:\/\/www.cruillabarcelona.cat\/es\/thirty-seconds-to-mars\/","og_site_name":"Festival Cru\u00eflla","article_modified_time":"2025-06-10T12:19:28+00:00","og_image":[{"width":1500,"height":500,"url":"https:\/\/www.cruillabarcelona.cat\/wp-content\/uploads\/2025\/05\/CE25_Landing_30STM_Desktop.png","type":"image\/png"}],"twitter_card":"summary_large_image","twitter_misc":{"Tiempo de lectura":"2 minutos"},"schema":{"@context":"https:\/\/schema.org","@graph":[{"@type":"WebPage","@id":"https:\/\/www.cruillabarcelona.cat\/es\/thirty-seconds-to-mars\/","url":"https:\/\/www.cruillabarcelona.cat\/es\/thirty-seconds-to-mars\/","name":"Concierto Thirty Seconds to Mars, Festival Cru\u00eflla - 11 de julio 2025","isPartOf":{"@id":"https:\/\/www.cruillabarcelona.cat\/es\/#website"},"primaryImageOfPage":{"@id":"https:\/\/www.cruillabarcelona.cat\/es\/thirty-seconds-to-mars\/#primaryimage"},"image":{"@id":"https:\/\/www.cruillabarcelona.cat\/es\/thirty-seconds-to-mars\/#primaryimage"},"thumbnailUrl":"https:\/\/www.cruillabarcelona.cat\/wp-content\/uploads\/2025\/05\/CE25_Landing_30STM_Desktop.png","datePublished":"2025-05-20T09:29:21+00:00","dateModified":"2025-06-10T12:19:28+00:00","description":"Entradas a la venta para el concierto de Thirty Seconds to Mars el viernes 11 de julio de 2025 en el Festival Cru\u00eflla.","breadcrumb":{"@id":"https:\/\/www.cruillabarcelona.cat\/es\/thirty-seconds-to-mars\/#breadcrumb"},"inLanguage":"es","potentialAction":[{"@type":"ReadAction","target":["https:\/\/www.cruillabarcelona.cat\/es\/thirty-seconds-to-mars\/"]}]},{"@type":"ImageObject","inLanguage":"es","@id":"https:\/\/www.cruillabarcelona.cat\/es\/thirty-seconds-to-mars\/#primaryimage","url":"https:\/\/www.cruillabarcelona.cat\/wp-content\/uploads\/2025\/05\/CE25_Landing_30STM_Desktop.png","contentUrl":"https:\/\/www.cruillabarcelona.cat\/wp-content\/uploads\/2025\/05\/CE25_Landing_30STM_Desktop.png","width":1500,"height":500},{"@type":"BreadcrumbList","@id":"https:\/\/www.cruillabarcelona.cat\/es\/thirty-seconds-to-mars\/#breadcrumb","itemListElement":[{"@type":"ListItem","position":1,"name":"Home","item":"https:\/\/www.cruillabarcelona.cat\/es\/"},{"@type":"ListItem","position":2,"name":"Thirty Seconds to Mars al Festival Cru\u00eflla"}]},{"@type":"WebSite","@id":"https:\/\/www.cruillabarcelona.cat\/es\/#website","url":"https:\/\/www.cruillabarcelona.cat\/es\/","name":"Festival Cru\u00eflla","description":"","publisher":{"@id":"https:\/\/www.cruillabarcelona.cat\/es\/#organization"},"potentialAction":[{"@type":"SearchAction","target":{"@type":"EntryPoint","urlTemplate":"https:\/\/www.cruillabarcelona.cat\/es\/?s={search_term_string}"},"query-input":{"@type":"PropertyValueSpecification","valueRequired":true,"valueName":"search_term_string"}}],"inLanguage":"es"},{"@type":"Organization","@id":"https:\/\/www.cruillabarcelona.cat\/es\/#organization","name":"Festival Cru\u00eflla","url":"https:\/\/www.cruillabarcelona.cat\/es\/","logo":{"@type":"ImageObject","inLanguage":"es","@id":"https:\/\/www.cruillabarcelona.cat\/es\/#\/schema\/logo\/image\/","url":"https:\/\/www.cruillabarcelona.cat\/wp-content\/uploads\/2025\/12\/cruill-logo-negativo.png","contentUrl":"https:\/\/www.cruillabarcelona.cat\/wp-content\/uploads\/2025\/12\/cruill-logo-negativo.png","width":400,"height":101,"caption":"Festival Cru\u00eflla"},"image":{"@id":"https:\/\/www.cruillabarcelona.cat\/es\/#\/schema\/logo\/image\/"}}]}},"_links":{"self":[{"href":"https:\/\/www.cruillabarcelona.cat\/es\/wp-json\/wp\/v2\/pages\/57882","targetHints":{"allow":["GET"]}}],"collection":[{"href":"https:\/\/www.cruillabarcelona.cat\/es\/wp-json\/wp\/v2\/pages"}],"about":[{"href":"https:\/\/www.cruillabarcelona.cat\/es\/wp-json\/wp\/v2\/types\/page"}],"author":[{"embeddable":true,"href":"https:\/\/www.cruillabarcelona.cat\/es\/wp-json\/wp\/v2\/users\/2"}],"replies":[{"embeddable":true,"href":"https:\/\/www.cruillabarcelona.cat\/es\/wp-json\/wp\/v2\/comments?post=57882"}],"version-history":[{"count":5,"href":"https:\/\/www.cruillabarcelona.cat\/es\/wp-json\/wp\/v2\/pages\/57882\/revisions"}],"predecessor-version":[{"id":59443,"href":"https:\/\/www.cruillabarcelona.cat\/es\/wp-json\/wp\/v2\/pages\/57882\/revisions\/59443"}],"wp:featuredmedia":[{"embeddable":true,"href":"https:\/\/www.cruillabarcelona.cat\/es\/wp-json\/wp\/v2\/media\/57860"}],"wp:attachment":[{"href":"https:\/\/www.cruillabarcelona.cat\/es\/wp-json\/wp\/v2\/media?parent=57882"}],"curies":[{"name":"wp","href":"https:\/\/api.w.org\/{rel}","templated":true}]}}