{"id":57893,"date":"2025-05-20T11:46:48","date_gmt":"2025-05-20T09:46:48","guid":{"rendered":"https:\/\/www.cruillabarcelona.cat\/sex-pistols-al-festival-cruilla\/"},"modified":"2025-06-10T13:40:47","modified_gmt":"2025-06-10T11:40:47","slug":"sex-pistols-al-festival-cruilla","status":"publish","type":"page","link":"https:\/\/www.cruillabarcelona.cat\/es\/sex-pistols-al-festival-cruilla\/","title":{"rendered":"Sex Pistols al Festival Cru\u00eflla"},"content":{"rendered":"<h2 style=\"text-align: center;\">Concierto de Sex Pistols ft. Frank Carter el 10 de julio de 2025 en Barcelona<\/h2>\n<h3 style=\"text-align: center;\">No te pierdas los legendarios Sex Pistols ft. Frank Carter en el Festival Cru\u00eflla 2025<\/h3>\n<p style=\"text-align: center;\"><em><strong>Compra aqu\u00ed tu entrada de d\u00eda o abono <\/strong><\/em><a class=\"efsbutton button \" target=\"_blank\">ENTRADA JUEVES<\/a><\/p>\n<p style=\"text-align: center;\"><a class=\"efsbutton button \" target=\"_blank\">ABONOS<\/a><\/p>\n<p class=\"monday-block-1\" contenteditable=\"false\" data-monday-block-type=\"1\" data-monday-block-content=\"[{&quot;insert&quot;:&quot;S\u00f3n una &quot;},{&quot;attributes&quot;:{&quot;sanitizedSize&quot;:&quot;20px&quot;},&quot;insert&quot;:&quot;de les bandes m\u00e9s influents\u00a0de tots els temps&quot;},{&quot;insert&quot;:&quot;. L&quot;},{&quot;attributes&quot;:{&quot;sanitizedSize&quot;:&quot;20px&quot;},&quot;insert&quot;:&quot;a seva fusi\u00f3 de guitarres desbordades i lletres irreverents va\u00a0redefinir el rock&quot;},{&quot;insert&quot;:&quot; i ara compten amb el &quot;},{&quot;attributes&quot;:{&quot;sanitizedSize&quot;:&quot;20px&quot;},&quot;insert&quot;:&quot;m\u00edtic\u00a0Frank Carter&quot;},{&quot;insert&quot;:&quot;, &quot;},{&quot;attributes&quot;:{&quot;sanitizedSize&quot;:&quot;20px&quot;},&quot;insert&quot;:&quot;explosi\u00f3 de for\u00e7a musical mai vista&quot;},{&quot;insert&quot;:&quot;. Si aix\u00f2 encara no t'ha conven\u00e7ut per venir a veure a &quot;},{&quot;attributes&quot;:{&quot;bold&quot;:true},&quot;insert&quot;:&quot;Sex Pistols &quot;},{&quot;attributes&quot;:{&quot;bold&quot;:true,&quot;sanitizedSize&quot;:&quot;20px&quot;},&quot;insert&quot;:&quot;ft. Frank Carter&quot;},{&quot;insert&quot;:&quot;, prova d'imaginar l'espectacle \u00fanic, provocador, desafiant i ple de &quot;},{&quot;attributes&quot;:{&quot;sanitizedSize&quot;:&quot;20px&quot;},&quot;insert&quot;:&quot;pura ess\u00e8ncia pun&quot;},{&quot;insert&quot;:&quot;k amb el que prometen encendre el Parc del F\u00f2rum. &quot;}]\" data-inline-monday=\"true\">Son una de las bandas m\u00e1s influyentes\u00a0de todos los tiempos. Su fusi\u00f3n de guitarras desbordadas y letras irreverentes redefini\u00f3 el rock y ahora cuentan con el m\u00edtico Frank Carter, explosi\u00f3n de fuerza musical nunca vista. Si esto todav\u00eda no te ha convencido por venir a ver a <strong>Sex Pistols ft. Frank Carter,<\/strong> intenta imaginar el espect\u00e1culo \u00fanico, provocador, desafiante y lleno de pura esencia punk con el que prometen encender el Parc del F\u00f2rum.<\/p>\n<p style=\"text-align: center;\">[efsflexvideo type=\u00bbyoutube\u00bb url=\u00bbhttps:\/\/www.youtube.com\/watch?v=HcoEMOT-KNk\u00bb allowfullscreen=\u00bbyes\u00bb widescreen=\u00bbyes\u00bb width=\u00bb420&#8243; height=\u00bb315&#8243;\/]<\/p>\n<p class=\"monday-block-1\" contenteditable=\"false\" data-monday-block-type=\"1\" data-monday-block-content=\"[{&quot;insert&quot;:&quot;La banda brit\u00e0nica oferir\u00e0 un concert absolutament imperdible, especialment amb l\u2019escenari principal del Festival Cru\u00eflla com a tel\u00f3 de fons. No ser\u00e0 per\u00f2, l'\u00fanic que podr\u00e0s veure aquella nit. El 10 de juliol, i amb la mateixa entrada, tindr\u00e0s l'oportunitat de viure en directe tamb\u00e9 a Fermin Muguruza, St.Vincent, Seu Jorge, Sandra Monfort o Remei de Ca La Fresca, entre d'altres.&quot;}]\" data-inline-monday=\"true\">La banda brit\u00e1nica ofrecer\u00e1 un concierto absolutamente imperdible, especialmente con el escenario principal del Festival Cru\u00eflla como tel\u00f3n de fondo. No ser\u00e1 sin embargo, el \u00fanico que podr\u00e1s ver esa noche. El 10 de julio, y con la misma entrada, tendr\u00e1s la oportunidad de vivir en directo tambi\u00e9n en <strong>Fermin Muguruza, St.Vincent, Sede Jorge, Sandra Monfort <\/strong>o<strong> Remei de Ca La Fresca<\/strong>, entre otros.<\/p>\n<p style=\"text-align: center;\">\n<p>Pronto descubriremos los <strong>horarios<\/strong> de su concierto en el Festival Cru\u00eflla 2025, pero mientras tanto ya puedes conseguir tu <strong>entrada del jueves<\/strong> para disfrutarlos en directo!<\/p>\n<p><img decoding=\"async\" class=\"aligncenter wp-image-59417 size-full\" src=\"https:\/\/www.cruillabarcelona.cat\/wp-content\/uploads\/2025\/06\/CE25_CartellDies_1080x1080_ES-2.jpg\" alt=\"\" width=\"1080\" height=\"1080\" srcset=\"https:\/\/www.cruillabarcelona.cat\/wp-content\/uploads\/2025\/06\/CE25_CartellDies_1080x1080_ES-2.jpg 1080w, https:\/\/www.cruillabarcelona.cat\/wp-content\/uploads\/2025\/06\/CE25_CartellDies_1080x1080_ES-2-1024x1024.jpg 1024w, https:\/\/www.cruillabarcelona.cat\/wp-content\/uploads\/2025\/06\/CE25_CartellDies_1080x1080_ES-2-150x150.jpg 150w, https:\/\/www.cruillabarcelona.cat\/wp-content\/uploads\/2025\/06\/CE25_CartellDies_1080x1080_ES-2-768x768.jpg 768w, https:\/\/www.cruillabarcelona.cat\/wp-content\/uploads\/2025\/06\/CE25_CartellDies_1080x1080_ES-2-300x300.jpg 300w, https:\/\/www.cruillabarcelona.cat\/wp-content\/uploads\/2025\/06\/CE25_CartellDies_1080x1080_ES-2-600x600.jpg 600w\" sizes=\"(max-width: 1080px) 100vw, 1080px\" \/><\/p>\n","protected":false},"excerpt":{"rendered":"<p>Concierto de Sex Pistols ft. Frank Carter el 10 de julio de 2025 en Barcelona No te pierdas los legendarios Sex Pistols ft. Frank Carter en [&hellip;]<\/p>\n","protected":false},"author":2,"featured_media":57872,"parent":0,"menu_order":0,"comment_status":"closed","ping_status":"closed","template":"page-templates\/page-landing.php","meta":{"_acf_changed":false,"footnotes":""},"class_list":["post-57893","page","type-page","status-publish","has-post-thumbnail","hentry"],"acf":[],"yoast_head":"<!-- This site is optimized with the Yoast SEO plugin v27.5 - https:\/\/yoast.com\/product\/yoast-seo-wordpress\/ -->\n<title>Sex Pistols ft. Frank Carter en el Festival Cru\u00eflla - 10 de julio de 2025<\/title>\n<meta name=\"description\" content=\"Entradas a la venta para el concierto de Sex Pistols ft. Frank Carter el jueves 10 de julio de 2025 en el Festival Cru\u00eflla.\" \/>\n<meta name=\"robots\" content=\"index, follow, max-snippet:-1, max-image-preview:large, max-video-preview:-1\" \/>\n<link rel=\"canonical\" href=\"https:\/\/www.cruillabarcelona.cat\/es\/sex-pistols-al-festival-cruilla\/\" \/>\n<meta property=\"og:locale\" content=\"es_ES\" \/>\n<meta property=\"og:type\" content=\"article\" \/>\n<meta property=\"og:title\" content=\"Sex Pistols ft. Frank Carter en el Festival Cru\u00eflla - 10 de julio de 2025\" \/>\n<meta property=\"og:description\" content=\"Entradas a la venta para el concierto de Sex Pistols ft. Frank Carter el jueves 10 de julio de 2025 en el Festival Cru\u00eflla.\" \/>\n<meta property=\"og:url\" content=\"https:\/\/www.cruillabarcelona.cat\/es\/sex-pistols-al-festival-cruilla\/\" \/>\n<meta property=\"og:site_name\" content=\"Festival Cru\u00eflla\" \/>\n<meta property=\"article:modified_time\" content=\"2025-06-10T11:40:47+00:00\" \/>\n<meta property=\"og:image\" content=\"https:\/\/www.cruillabarcelona.cat\/wp-content\/uploads\/2025\/05\/CE25_Landing_SexPistols_Desktop.png\" \/>\n\t<meta property=\"og:image:width\" content=\"1500\" \/>\n\t<meta property=\"og:image:height\" content=\"500\" \/>\n\t<meta property=\"og:image:type\" content=\"image\/png\" \/>\n<meta name=\"twitter:card\" content=\"summary_large_image\" \/>\n<meta name=\"twitter:label1\" content=\"Tiempo de lectura\" \/>\n\t<meta name=\"twitter:data1\" content=\"2 minutos\" \/>\n<script type=\"application\/ld+json\" class=\"yoast-schema-graph\">{\"@context\":\"https:\\\/\\\/schema.org\",\"@graph\":[{\"@type\":\"WebPage\",\"@id\":\"https:\\\/\\\/www.cruillabarcelona.cat\\\/es\\\/sex-pistols-al-festival-cruilla\\\/\",\"url\":\"https:\\\/\\\/www.cruillabarcelona.cat\\\/es\\\/sex-pistols-al-festival-cruilla\\\/\",\"name\":\"Sex Pistols ft. Frank Carter en el Festival Cru\u00eflla - 10 de julio de 2025\",\"isPartOf\":{\"@id\":\"https:\\\/\\\/www.cruillabarcelona.cat\\\/es\\\/#website\"},\"primaryImageOfPage\":{\"@id\":\"https:\\\/\\\/www.cruillabarcelona.cat\\\/es\\\/sex-pistols-al-festival-cruilla\\\/#primaryimage\"},\"image\":{\"@id\":\"https:\\\/\\\/www.cruillabarcelona.cat\\\/es\\\/sex-pistols-al-festival-cruilla\\\/#primaryimage\"},\"thumbnailUrl\":\"https:\\\/\\\/www.cruillabarcelona.cat\\\/wp-content\\\/uploads\\\/2025\\\/05\\\/CE25_Landing_SexPistols_Desktop.png\",\"datePublished\":\"2025-05-20T09:46:48+00:00\",\"dateModified\":\"2025-06-10T11:40:47+00:00\",\"description\":\"Entradas a la venta para el concierto de Sex Pistols ft. Frank Carter el jueves 10 de julio de 2025 en el Festival Cru\u00eflla.\",\"breadcrumb\":{\"@id\":\"https:\\\/\\\/www.cruillabarcelona.cat\\\/es\\\/sex-pistols-al-festival-cruilla\\\/#breadcrumb\"},\"inLanguage\":\"es\",\"potentialAction\":[{\"@type\":\"ReadAction\",\"target\":[\"https:\\\/\\\/www.cruillabarcelona.cat\\\/es\\\/sex-pistols-al-festival-cruilla\\\/\"]}]},{\"@type\":\"ImageObject\",\"inLanguage\":\"es\",\"@id\":\"https:\\\/\\\/www.cruillabarcelona.cat\\\/es\\\/sex-pistols-al-festival-cruilla\\\/#primaryimage\",\"url\":\"https:\\\/\\\/www.cruillabarcelona.cat\\\/wp-content\\\/uploads\\\/2025\\\/05\\\/CE25_Landing_SexPistols_Desktop.png\",\"contentUrl\":\"https:\\\/\\\/www.cruillabarcelona.cat\\\/wp-content\\\/uploads\\\/2025\\\/05\\\/CE25_Landing_SexPistols_Desktop.png\",\"width\":1500,\"height\":500},{\"@type\":\"BreadcrumbList\",\"@id\":\"https:\\\/\\\/www.cruillabarcelona.cat\\\/es\\\/sex-pistols-al-festival-cruilla\\\/#breadcrumb\",\"itemListElement\":[{\"@type\":\"ListItem\",\"position\":1,\"name\":\"Home\",\"item\":\"https:\\\/\\\/www.cruillabarcelona.cat\\\/es\\\/\"},{\"@type\":\"ListItem\",\"position\":2,\"name\":\"Sex Pistols al Festival Cru\u00eflla\"}]},{\"@type\":\"WebSite\",\"@id\":\"https:\\\/\\\/www.cruillabarcelona.cat\\\/es\\\/#website\",\"url\":\"https:\\\/\\\/www.cruillabarcelona.cat\\\/es\\\/\",\"name\":\"Festival Cru\u00eflla\",\"description\":\"\",\"publisher\":{\"@id\":\"https:\\\/\\\/www.cruillabarcelona.cat\\\/es\\\/#organization\"},\"potentialAction\":[{\"@type\":\"SearchAction\",\"target\":{\"@type\":\"EntryPoint\",\"urlTemplate\":\"https:\\\/\\\/www.cruillabarcelona.cat\\\/es\\\/?s={search_term_string}\"},\"query-input\":{\"@type\":\"PropertyValueSpecification\",\"valueRequired\":true,\"valueName\":\"search_term_string\"}}],\"inLanguage\":\"es\"},{\"@type\":\"Organization\",\"@id\":\"https:\\\/\\\/www.cruillabarcelona.cat\\\/es\\\/#organization\",\"name\":\"Festival Cru\u00eflla\",\"url\":\"https:\\\/\\\/www.cruillabarcelona.cat\\\/es\\\/\",\"logo\":{\"@type\":\"ImageObject\",\"inLanguage\":\"es\",\"@id\":\"https:\\\/\\\/www.cruillabarcelona.cat\\\/es\\\/#\\\/schema\\\/logo\\\/image\\\/\",\"url\":\"https:\\\/\\\/www.cruillabarcelona.cat\\\/wp-content\\\/uploads\\\/2025\\\/12\\\/cruill-logo-negativo.png\",\"contentUrl\":\"https:\\\/\\\/www.cruillabarcelona.cat\\\/wp-content\\\/uploads\\\/2025\\\/12\\\/cruill-logo-negativo.png\",\"width\":400,\"height\":101,\"caption\":\"Festival Cru\u00eflla\"},\"image\":{\"@id\":\"https:\\\/\\\/www.cruillabarcelona.cat\\\/es\\\/#\\\/schema\\\/logo\\\/image\\\/\"}}]}<\/script>\n<!-- \/ Yoast SEO plugin. -->","yoast_head_json":{"title":"Sex Pistols ft. Frank Carter en el Festival Cru\u00eflla - 10 de julio de 2025","description":"Entradas a la venta para el concierto de Sex Pistols ft. Frank Carter el jueves 10 de julio de 2025 en el Festival Cru\u00eflla.","robots":{"index":"index","follow":"follow","max-snippet":"max-snippet:-1","max-image-preview":"max-image-preview:large","max-video-preview":"max-video-preview:-1"},"canonical":"https:\/\/www.cruillabarcelona.cat\/es\/sex-pistols-al-festival-cruilla\/","og_locale":"es_ES","og_type":"article","og_title":"Sex Pistols ft. Frank Carter en el Festival Cru\u00eflla - 10 de julio de 2025","og_description":"Entradas a la venta para el concierto de Sex Pistols ft. Frank Carter el jueves 10 de julio de 2025 en el Festival Cru\u00eflla.","og_url":"https:\/\/www.cruillabarcelona.cat\/es\/sex-pistols-al-festival-cruilla\/","og_site_name":"Festival Cru\u00eflla","article_modified_time":"2025-06-10T11:40:47+00:00","og_image":[{"width":1500,"height":500,"url":"https:\/\/www.cruillabarcelona.cat\/wp-content\/uploads\/2025\/05\/CE25_Landing_SexPistols_Desktop.png","type":"image\/png"}],"twitter_card":"summary_large_image","twitter_misc":{"Tiempo de lectura":"2 minutos"},"schema":{"@context":"https:\/\/schema.org","@graph":[{"@type":"WebPage","@id":"https:\/\/www.cruillabarcelona.cat\/es\/sex-pistols-al-festival-cruilla\/","url":"https:\/\/www.cruillabarcelona.cat\/es\/sex-pistols-al-festival-cruilla\/","name":"Sex Pistols ft. Frank Carter en el Festival Cru\u00eflla - 10 de julio de 2025","isPartOf":{"@id":"https:\/\/www.cruillabarcelona.cat\/es\/#website"},"primaryImageOfPage":{"@id":"https:\/\/www.cruillabarcelona.cat\/es\/sex-pistols-al-festival-cruilla\/#primaryimage"},"image":{"@id":"https:\/\/www.cruillabarcelona.cat\/es\/sex-pistols-al-festival-cruilla\/#primaryimage"},"thumbnailUrl":"https:\/\/www.cruillabarcelona.cat\/wp-content\/uploads\/2025\/05\/CE25_Landing_SexPistols_Desktop.png","datePublished":"2025-05-20T09:46:48+00:00","dateModified":"2025-06-10T11:40:47+00:00","description":"Entradas a la venta para el concierto de Sex Pistols ft. Frank Carter el jueves 10 de julio de 2025 en el Festival Cru\u00eflla.","breadcrumb":{"@id":"https:\/\/www.cruillabarcelona.cat\/es\/sex-pistols-al-festival-cruilla\/#breadcrumb"},"inLanguage":"es","potentialAction":[{"@type":"ReadAction","target":["https:\/\/www.cruillabarcelona.cat\/es\/sex-pistols-al-festival-cruilla\/"]}]},{"@type":"ImageObject","inLanguage":"es","@id":"https:\/\/www.cruillabarcelona.cat\/es\/sex-pistols-al-festival-cruilla\/#primaryimage","url":"https:\/\/www.cruillabarcelona.cat\/wp-content\/uploads\/2025\/05\/CE25_Landing_SexPistols_Desktop.png","contentUrl":"https:\/\/www.cruillabarcelona.cat\/wp-content\/uploads\/2025\/05\/CE25_Landing_SexPistols_Desktop.png","width":1500,"height":500},{"@type":"BreadcrumbList","@id":"https:\/\/www.cruillabarcelona.cat\/es\/sex-pistols-al-festival-cruilla\/#breadcrumb","itemListElement":[{"@type":"ListItem","position":1,"name":"Home","item":"https:\/\/www.cruillabarcelona.cat\/es\/"},{"@type":"ListItem","position":2,"name":"Sex Pistols al Festival Cru\u00eflla"}]},{"@type":"WebSite","@id":"https:\/\/www.cruillabarcelona.cat\/es\/#website","url":"https:\/\/www.cruillabarcelona.cat\/es\/","name":"Festival Cru\u00eflla","description":"","publisher":{"@id":"https:\/\/www.cruillabarcelona.cat\/es\/#organization"},"potentialAction":[{"@type":"SearchAction","target":{"@type":"EntryPoint","urlTemplate":"https:\/\/www.cruillabarcelona.cat\/es\/?s={search_term_string}"},"query-input":{"@type":"PropertyValueSpecification","valueRequired":true,"valueName":"search_term_string"}}],"inLanguage":"es"},{"@type":"Organization","@id":"https:\/\/www.cruillabarcelona.cat\/es\/#organization","name":"Festival Cru\u00eflla","url":"https:\/\/www.cruillabarcelona.cat\/es\/","logo":{"@type":"ImageObject","inLanguage":"es","@id":"https:\/\/www.cruillabarcelona.cat\/es\/#\/schema\/logo\/image\/","url":"https:\/\/www.cruillabarcelona.cat\/wp-content\/uploads\/2025\/12\/cruill-logo-negativo.png","contentUrl":"https:\/\/www.cruillabarcelona.cat\/wp-content\/uploads\/2025\/12\/cruill-logo-negativo.png","width":400,"height":101,"caption":"Festival Cru\u00eflla"},"image":{"@id":"https:\/\/www.cruillabarcelona.cat\/es\/#\/schema\/logo\/image\/"}}]}},"_links":{"self":[{"href":"https:\/\/www.cruillabarcelona.cat\/es\/wp-json\/wp\/v2\/pages\/57893","targetHints":{"allow":["GET"]}}],"collection":[{"href":"https:\/\/www.cruillabarcelona.cat\/es\/wp-json\/wp\/v2\/pages"}],"about":[{"href":"https:\/\/www.cruillabarcelona.cat\/es\/wp-json\/wp\/v2\/types\/page"}],"author":[{"embeddable":true,"href":"https:\/\/www.cruillabarcelona.cat\/es\/wp-json\/wp\/v2\/users\/2"}],"replies":[{"embeddable":true,"href":"https:\/\/www.cruillabarcelona.cat\/es\/wp-json\/wp\/v2\/comments?post=57893"}],"version-history":[{"count":4,"href":"https:\/\/www.cruillabarcelona.cat\/es\/wp-json\/wp\/v2\/pages\/57893\/revisions"}],"predecessor-version":[{"id":59426,"href":"https:\/\/www.cruillabarcelona.cat\/es\/wp-json\/wp\/v2\/pages\/57893\/revisions\/59426"}],"wp:featuredmedia":[{"embeddable":true,"href":"https:\/\/www.cruillabarcelona.cat\/es\/wp-json\/wp\/v2\/media\/57872"}],"wp:attachment":[{"href":"https:\/\/www.cruillabarcelona.cat\/es\/wp-json\/wp\/v2\/media?parent=57893"}],"curies":[{"name":"wp","href":"https:\/\/api.w.org\/{rel}","templated":true}]}}