{"id":58539,"date":"2025-06-02T13:14:18","date_gmt":"2025-06-02T11:14:18","guid":{"rendered":"https:\/\/www.cruillabarcelona.cat\/?page_id=58539"},"modified":"2025-06-02T13:14:18","modified_gmt":"2025-06-02T11:14:18","slug":"green-rider-sostenibilidad","status":"publish","type":"page","link":"https:\/\/www.cruillabarcelona.cat\/es\/green-rider-sostenibilidad\/","title":{"rendered":"Green Rider"},"content":{"rendered":"<h1 style=\"text-align: center;\"><span style=\"color: #339966;\">La sostenibilidad, \u00a1una lucha de todos los implicados!<\/span><\/h1>\n<p>Los artistas son unos de los\u00a0<strong>grandes protagonistas\u00a0<\/strong>del Festival Cru\u00eflla, por eso los acompa\u00f1amos para que su paso por el festival sea lo m\u00e1s sostenible posible con propuestas claras y colaborativas.<\/p>\n<p>De la misma manera que ellos y ellas nos hacen llegar un\u00a0<em>rider<\/em> con sus necesidades para llevar a cabo su actuaci\u00f3n en el festival, nosotros les hacemos llegar un\u00a0<em><strong>green rider<\/strong><\/em><strong> con acciones sostenibles<\/strong> en lo relativo al catering, alojamiento y el transporte que van de la mano de las buenas pr\u00e1cticas en el \u00e1mbito de la circularidad y cuidado del entorno que llevamos a cabo.<\/p>\n<ul>\n<li style=\"font-weight: 400;\" aria-level=\"1\"><span style=\"font-weight: 400;\">Todos los envases que se ofrecen a los artistas son\u00a0<strong>reutilizables y retornables.<\/strong> Se prohibe el uso de botellas de agua de pl\u00e1stico, solo se permite el uso de cantimploras facilitadas por el festival, que se podr\u00e1n rellenar en las <strong>estaciones de agua mineral<\/strong> que habr\u00e1 en todos los backstage.<\/span><\/li>\n<li aria-level=\"1\">El Festival Cru\u00eflla ofrece\u00a0<strong>caf\u00e9 en grano<\/strong> molido en todos los backstage y oficinas de producci\u00f3n, con tal de eliminar el uso de c\u00e1psulas que genera un volumen de residuos muy elevado.<\/li>\n<li style=\"font-weight: 400;\" aria-level=\"1\">Se hace revisi\u00f3n del rider de hospitalidad antes de comprar, por si hay alguna modificaci\u00f3n. La naturaleza de las giras puede implicar que los art\u00edculos del rider hayan cambiado i ya no sean necesarios. El Festival Cru\u00eflla comprueba con el m\u00e1nager de la gira antes de la compra final para asegurarse de que los requisitos se mantienen iguales y\u00a0<strong>evitar residuos innecesarios.\u00a0<\/strong><\/li>\n<li style=\"font-weight: 400;\" aria-level=\"1\"><span style=\"font-weight: 400;\">El Festival Cru\u00eflla solo proporciona comida de calidad y local y con opciones saludables.\u00a0<\/span><\/li>\n<li style=\"font-weight: 400;\" aria-level=\"1\"><span style=\"font-weight: 400;\">Con tal de\u00a0<strong>minimizar el uso de materiales de industrias contaminantes<\/strong>, damos a cada artista una toalla para el escenario y se pide que traigan sus toallas de higiene, si bien las pueden encargar bajo demanda. Tambi\u00e9n se pide que eviten cualquier impresi\u00f3n innecesaria y, si es esencial, que solo se use papel certificado de origen \u00e9tico o, preferiblemente, papel reciclado.<\/span><\/li>\n<li aria-level=\"1\">El Festival Cru\u00eflla reserva alojamiento a los artistas, tan cerca como es posible, para\u00a0<strong>minimizar el transporte de ida y vuelta<\/strong> al espect\u00e1culo. Estos hoteles cuentan con la certificaci\u00f3n ambiental Ecostars.<\/li>\n<li style=\"font-weight: 400;\" aria-level=\"1\">Se pide a los artistas que hagan un\u00a0<strong>uso responsable\u00a0<\/strong>del servicio de transfer.<\/li>\n<\/ul>\n","protected":false},"excerpt":{"rendered":"<p>La sostenibilidad, \u00a1una lucha de todos los implicados! Los artistas son unos de los\u00a0grandes protagonistas\u00a0del Festival Cru\u00eflla, por eso los acompa\u00f1amos para que su paso por [&hellip;]<\/p>\n","protected":false},"author":2,"featured_media":58070,"parent":0,"menu_order":0,"comment_status":"closed","ping_status":"closed","template":"page-templates\/page-landing.php","meta":{"_acf_changed":false,"footnotes":""},"class_list":["post-58539","page","type-page","status-publish","has-post-thumbnail","hentry"],"acf":[],"yoast_head":"<!-- This site is optimized with the Yoast SEO plugin v27.5 - https:\/\/yoast.com\/product\/yoast-seo-wordpress\/ -->\n<title>Green Rider - Festival Cru\u00eflla<\/title>\n<meta name=\"robots\" content=\"index, follow, max-snippet:-1, max-image-preview:large, max-video-preview:-1\" \/>\n<link rel=\"canonical\" href=\"https:\/\/www.cruillabarcelona.cat\/es\/green-rider-sostenibilidad\/\" \/>\n<meta property=\"og:locale\" content=\"es_ES\" \/>\n<meta property=\"og:type\" content=\"article\" \/>\n<meta property=\"og:title\" content=\"Green Rider - Festival Cru\u00eflla\" \/>\n<meta property=\"og:description\" content=\"La sostenibilidad, \u00a1una lucha de todos los implicados! Los artistas son unos de los\u00a0grandes protagonistas\u00a0del Festival Cru\u00eflla, por eso los acompa\u00f1amos para que su paso por [&hellip;]\" \/>\n<meta property=\"og:url\" content=\"https:\/\/www.cruillabarcelona.cat\/es\/green-rider-sostenibilidad\/\" \/>\n<meta property=\"og:site_name\" content=\"Festival Cru\u00eflla\" \/>\n<meta property=\"og:image\" content=\"https:\/\/www.cruillabarcelona.cat\/wp-content\/uploads\/2025\/05\/Copia-de-AMBIENT_ChristianBertrand-013-min-scaled.jpg\" \/>\n\t<meta property=\"og:image:width\" content=\"1707\" \/>\n\t<meta property=\"og:image:height\" content=\"2560\" \/>\n\t<meta property=\"og:image:type\" content=\"image\/jpeg\" \/>\n<meta name=\"twitter:card\" content=\"summary_large_image\" \/>\n<meta name=\"twitter:label1\" content=\"Tiempo de lectura\" \/>\n\t<meta name=\"twitter:data1\" content=\"3 minutos\" \/>\n<script type=\"application\/ld+json\" class=\"yoast-schema-graph\">{\"@context\":\"https:\\\/\\\/schema.org\",\"@graph\":[{\"@type\":\"WebPage\",\"@id\":\"https:\\\/\\\/www.cruillabarcelona.cat\\\/es\\\/green-rider-sostenibilidad\\\/\",\"url\":\"https:\\\/\\\/www.cruillabarcelona.cat\\\/es\\\/green-rider-sostenibilidad\\\/\",\"name\":\"Green Rider - Festival Cru\u00eflla\",\"isPartOf\":{\"@id\":\"https:\\\/\\\/www.cruillabarcelona.cat\\\/es\\\/#website\"},\"primaryImageOfPage\":{\"@id\":\"https:\\\/\\\/www.cruillabarcelona.cat\\\/es\\\/green-rider-sostenibilidad\\\/#primaryimage\"},\"image\":{\"@id\":\"https:\\\/\\\/www.cruillabarcelona.cat\\\/es\\\/green-rider-sostenibilidad\\\/#primaryimage\"},\"thumbnailUrl\":\"https:\\\/\\\/www.cruillabarcelona.cat\\\/wp-content\\\/uploads\\\/2025\\\/05\\\/Copia-de-AMBIENT_ChristianBertrand-013-min-scaled.jpg\",\"datePublished\":\"2025-06-02T11:14:18+00:00\",\"breadcrumb\":{\"@id\":\"https:\\\/\\\/www.cruillabarcelona.cat\\\/es\\\/green-rider-sostenibilidad\\\/#breadcrumb\"},\"inLanguage\":\"es\",\"potentialAction\":[{\"@type\":\"ReadAction\",\"target\":[\"https:\\\/\\\/www.cruillabarcelona.cat\\\/es\\\/green-rider-sostenibilidad\\\/\"]}]},{\"@type\":\"ImageObject\",\"inLanguage\":\"es\",\"@id\":\"https:\\\/\\\/www.cruillabarcelona.cat\\\/es\\\/green-rider-sostenibilidad\\\/#primaryimage\",\"url\":\"https:\\\/\\\/www.cruillabarcelona.cat\\\/wp-content\\\/uploads\\\/2025\\\/05\\\/Copia-de-AMBIENT_ChristianBertrand-013-min-scaled.jpg\",\"contentUrl\":\"https:\\\/\\\/www.cruillabarcelona.cat\\\/wp-content\\\/uploads\\\/2025\\\/05\\\/Copia-de-AMBIENT_ChristianBertrand-013-min-scaled.jpg\",\"width\":1707,\"height\":2560},{\"@type\":\"BreadcrumbList\",\"@id\":\"https:\\\/\\\/www.cruillabarcelona.cat\\\/es\\\/green-rider-sostenibilidad\\\/#breadcrumb\",\"itemListElement\":[{\"@type\":\"ListItem\",\"position\":1,\"name\":\"Home\",\"item\":\"https:\\\/\\\/www.cruillabarcelona.cat\\\/es\\\/\"},{\"@type\":\"ListItem\",\"position\":2,\"name\":\"Green Rider\"}]},{\"@type\":\"WebSite\",\"@id\":\"https:\\\/\\\/www.cruillabarcelona.cat\\\/es\\\/#website\",\"url\":\"https:\\\/\\\/www.cruillabarcelona.cat\\\/es\\\/\",\"name\":\"Festival Cru\u00eflla\",\"description\":\"\",\"publisher\":{\"@id\":\"https:\\\/\\\/www.cruillabarcelona.cat\\\/es\\\/#organization\"},\"potentialAction\":[{\"@type\":\"SearchAction\",\"target\":{\"@type\":\"EntryPoint\",\"urlTemplate\":\"https:\\\/\\\/www.cruillabarcelona.cat\\\/es\\\/?s={search_term_string}\"},\"query-input\":{\"@type\":\"PropertyValueSpecification\",\"valueRequired\":true,\"valueName\":\"search_term_string\"}}],\"inLanguage\":\"es\"},{\"@type\":\"Organization\",\"@id\":\"https:\\\/\\\/www.cruillabarcelona.cat\\\/es\\\/#organization\",\"name\":\"Festival Cru\u00eflla\",\"url\":\"https:\\\/\\\/www.cruillabarcelona.cat\\\/es\\\/\",\"logo\":{\"@type\":\"ImageObject\",\"inLanguage\":\"es\",\"@id\":\"https:\\\/\\\/www.cruillabarcelona.cat\\\/es\\\/#\\\/schema\\\/logo\\\/image\\\/\",\"url\":\"https:\\\/\\\/www.cruillabarcelona.cat\\\/wp-content\\\/uploads\\\/2025\\\/12\\\/cruill-logo-negativo.png\",\"contentUrl\":\"https:\\\/\\\/www.cruillabarcelona.cat\\\/wp-content\\\/uploads\\\/2025\\\/12\\\/cruill-logo-negativo.png\",\"width\":400,\"height\":101,\"caption\":\"Festival Cru\u00eflla\"},\"image\":{\"@id\":\"https:\\\/\\\/www.cruillabarcelona.cat\\\/es\\\/#\\\/schema\\\/logo\\\/image\\\/\"}}]}<\/script>\n<!-- \/ Yoast SEO plugin. -->","yoast_head_json":{"title":"Green Rider - Festival Cru\u00eflla","robots":{"index":"index","follow":"follow","max-snippet":"max-snippet:-1","max-image-preview":"max-image-preview:large","max-video-preview":"max-video-preview:-1"},"canonical":"https:\/\/www.cruillabarcelona.cat\/es\/green-rider-sostenibilidad\/","og_locale":"es_ES","og_type":"article","og_title":"Green Rider - Festival Cru\u00eflla","og_description":"La sostenibilidad, \u00a1una lucha de todos los implicados! Los artistas son unos de los\u00a0grandes protagonistas\u00a0del Festival Cru\u00eflla, por eso los acompa\u00f1amos para que su paso por [&hellip;]","og_url":"https:\/\/www.cruillabarcelona.cat\/es\/green-rider-sostenibilidad\/","og_site_name":"Festival Cru\u00eflla","og_image":[{"width":1707,"height":2560,"url":"https:\/\/www.cruillabarcelona.cat\/wp-content\/uploads\/2025\/05\/Copia-de-AMBIENT_ChristianBertrand-013-min-scaled.jpg","type":"image\/jpeg"}],"twitter_card":"summary_large_image","twitter_misc":{"Tiempo de lectura":"3 minutos"},"schema":{"@context":"https:\/\/schema.org","@graph":[{"@type":"WebPage","@id":"https:\/\/www.cruillabarcelona.cat\/es\/green-rider-sostenibilidad\/","url":"https:\/\/www.cruillabarcelona.cat\/es\/green-rider-sostenibilidad\/","name":"Green Rider - Festival Cru\u00eflla","isPartOf":{"@id":"https:\/\/www.cruillabarcelona.cat\/es\/#website"},"primaryImageOfPage":{"@id":"https:\/\/www.cruillabarcelona.cat\/es\/green-rider-sostenibilidad\/#primaryimage"},"image":{"@id":"https:\/\/www.cruillabarcelona.cat\/es\/green-rider-sostenibilidad\/#primaryimage"},"thumbnailUrl":"https:\/\/www.cruillabarcelona.cat\/wp-content\/uploads\/2025\/05\/Copia-de-AMBIENT_ChristianBertrand-013-min-scaled.jpg","datePublished":"2025-06-02T11:14:18+00:00","breadcrumb":{"@id":"https:\/\/www.cruillabarcelona.cat\/es\/green-rider-sostenibilidad\/#breadcrumb"},"inLanguage":"es","potentialAction":[{"@type":"ReadAction","target":["https:\/\/www.cruillabarcelona.cat\/es\/green-rider-sostenibilidad\/"]}]},{"@type":"ImageObject","inLanguage":"es","@id":"https:\/\/www.cruillabarcelona.cat\/es\/green-rider-sostenibilidad\/#primaryimage","url":"https:\/\/www.cruillabarcelona.cat\/wp-content\/uploads\/2025\/05\/Copia-de-AMBIENT_ChristianBertrand-013-min-scaled.jpg","contentUrl":"https:\/\/www.cruillabarcelona.cat\/wp-content\/uploads\/2025\/05\/Copia-de-AMBIENT_ChristianBertrand-013-min-scaled.jpg","width":1707,"height":2560},{"@type":"BreadcrumbList","@id":"https:\/\/www.cruillabarcelona.cat\/es\/green-rider-sostenibilidad\/#breadcrumb","itemListElement":[{"@type":"ListItem","position":1,"name":"Home","item":"https:\/\/www.cruillabarcelona.cat\/es\/"},{"@type":"ListItem","position":2,"name":"Green Rider"}]},{"@type":"WebSite","@id":"https:\/\/www.cruillabarcelona.cat\/es\/#website","url":"https:\/\/www.cruillabarcelona.cat\/es\/","name":"Festival Cru\u00eflla","description":"","publisher":{"@id":"https:\/\/www.cruillabarcelona.cat\/es\/#organization"},"potentialAction":[{"@type":"SearchAction","target":{"@type":"EntryPoint","urlTemplate":"https:\/\/www.cruillabarcelona.cat\/es\/?s={search_term_string}"},"query-input":{"@type":"PropertyValueSpecification","valueRequired":true,"valueName":"search_term_string"}}],"inLanguage":"es"},{"@type":"Organization","@id":"https:\/\/www.cruillabarcelona.cat\/es\/#organization","name":"Festival Cru\u00eflla","url":"https:\/\/www.cruillabarcelona.cat\/es\/","logo":{"@type":"ImageObject","inLanguage":"es","@id":"https:\/\/www.cruillabarcelona.cat\/es\/#\/schema\/logo\/image\/","url":"https:\/\/www.cruillabarcelona.cat\/wp-content\/uploads\/2025\/12\/cruill-logo-negativo.png","contentUrl":"https:\/\/www.cruillabarcelona.cat\/wp-content\/uploads\/2025\/12\/cruill-logo-negativo.png","width":400,"height":101,"caption":"Festival Cru\u00eflla"},"image":{"@id":"https:\/\/www.cruillabarcelona.cat\/es\/#\/schema\/logo\/image\/"}}]}},"_links":{"self":[{"href":"https:\/\/www.cruillabarcelona.cat\/es\/wp-json\/wp\/v2\/pages\/58539","targetHints":{"allow":["GET"]}}],"collection":[{"href":"https:\/\/www.cruillabarcelona.cat\/es\/wp-json\/wp\/v2\/pages"}],"about":[{"href":"https:\/\/www.cruillabarcelona.cat\/es\/wp-json\/wp\/v2\/types\/page"}],"author":[{"embeddable":true,"href":"https:\/\/www.cruillabarcelona.cat\/es\/wp-json\/wp\/v2\/users\/2"}],"replies":[{"embeddable":true,"href":"https:\/\/www.cruillabarcelona.cat\/es\/wp-json\/wp\/v2\/comments?post=58539"}],"version-history":[{"count":1,"href":"https:\/\/www.cruillabarcelona.cat\/es\/wp-json\/wp\/v2\/pages\/58539\/revisions"}],"predecessor-version":[{"id":58563,"href":"https:\/\/www.cruillabarcelona.cat\/es\/wp-json\/wp\/v2\/pages\/58539\/revisions\/58563"}],"wp:featuredmedia":[{"embeddable":true,"href":"https:\/\/www.cruillabarcelona.cat\/es\/wp-json\/wp\/v2\/media\/58070"}],"wp:attachment":[{"href":"https:\/\/www.cruillabarcelona.cat\/es\/wp-json\/wp\/v2\/media?parent=58539"}],"curies":[{"name":"wp","href":"https:\/\/api.w.org\/{rel}","templated":true}]}}