{"id":58599,"date":"2025-06-02T13:27:52","date_gmt":"2025-06-02T11:27:52","guid":{"rendered":"https:\/\/www.cruillabarcelona.cat\/poblenou-urban-district\/"},"modified":"2025-07-23T12:41:02","modified_gmt":"2025-07-23T10:41:02","slug":"poblenou-urban-district","status":"publish","type":"page","link":"https:\/\/www.cruillabarcelona.cat\/es\/poblenou-urban-district\/","title":{"rendered":"Poblenou Urban District"},"content":{"rendered":"<p>La asociaci\u00f3n formada por profesionales, empresas y organizaciones del sector creativo y cultural de Barcelona, Poblenou Urban District, volvi\u00f3 a programar en el Cru\u00eflla Arts a los mejores artistas del panorama barcelon\u00e9s.<\/p>\n<h3>Murales WAC \/ Windows Art Circuit<\/h3>\n<p>Poblenou Urban District seleccion\u00f3 cinco artistas que crearon un mural lineal de m\u00e1s de 36 metros. Todos ellos hab\u00edan participado previamente en el <a href=\"https:\/\/poblenouurbandistrict.com\/ca\/windows-art-circuit\/\" target=\"_blank\" rel=\"noopener\">Windows Art Circuit \/ WAC.<\/a><\/p>\n<p><a href=\"https:\/\/www.instagram.com\/kst.ec\/?hl=es\" target=\"_blank\" rel=\"noopener\"><strong>KST:<\/strong><\/a> Andr\u00e9s de la Bastida (KST) es un artista visual ecuatoriano nacido en Gal\u00e1pagos. Arquitecto de formaci\u00f3n, ha desarrollado su carrera como ilustrador y muralista, explorando la intersecci\u00f3n entre lo tradicional y lo contempor\u00e1neo.<\/p>\n<p><a href=\"https:\/\/ricevisualartist.wordpress.com\/\" target=\"_blank\" rel=\"noopener\"><strong>Rice<\/strong><\/a><strong>:<\/strong> Su producci\u00f3n art\u00edstica se centra en intervenciones en el espacio p\u00fablico mediante la t\u00e9cnica del stencil. Rice utiliza el paisaje como lienzo para dar visibilidad a los protagonistas de sus retratos, reflexionando sobre la soledad, la distancia o el amor.<\/p>\n<p><a href=\"https:\/\/www.juanibengali.com\/\" target=\"_blank\" rel=\"noopener\"><strong>Juani Bengali<\/strong><\/a><a href=\"https:\/\/www.juanibengali.com\/\" target=\"_blank\" rel=\"noopener\">:<\/a> Ilustradora, dise\u00f1adora y arquitecta afincada en Barcelona. Le encantan los colores vibrantes, jugar con las formas y crear personajes que provocan sonrisas a trav\u00e9s del arte.<\/p>\n<p><a href=\"https:\/\/www.instagram.com\/antonseoane\/\" target=\"_blank\" rel=\"noopener\"><strong>Ant\u00f3n Seoane<\/strong><\/a>: Tras explorar disciplinas como la fotograf\u00eda y el tatuaje, se ha centrado en el arte decorativo con aerosol. Su obra retrata el imaginario del cine y los c\u00f3mics, dos de sus grandes pasiones.<\/p>\n<p><a href=\"https:\/\/www.pangoico.com\/nosotros\/\" target=\"_blank\" rel=\"noopener\"><strong>Pango i CO<\/strong><\/a><a href=\"https:\/\/www.pangoico.com\/nosotros\/\" target=\"_blank\" rel=\"noopener\"><strong>:<\/strong><\/a> Proyecto de Iv\u00e1n Egea y Estitxu Juli\u00e1n Fandi\u00f1o centrado en muralismo, serigraf\u00eda, dise\u00f1o y redes. Con \u201cRefranys il\u00b7lustrats\u201d fusionan sabidur\u00eda popular e ilustraci\u00f3n contempor\u00e1nea, reinterpretando dichos catalanes con humor y grafismo.<\/p>\n<p><img loading=\"lazy\" decoding=\"async\" class=\"aligncenter wp-image-58548 size-large\" src=\"https:\/\/www.cruillabarcelona.cat\/wp-content\/uploads\/2025\/06\/AMBIENT__LF_3448_PhotoXaviTorrent_-1-1024x683.jpg\" alt=\"\" width=\"900\" height=\"600\" srcset=\"https:\/\/www.cruillabarcelona.cat\/wp-content\/uploads\/2025\/06\/AMBIENT__LF_3448_PhotoXaviTorrent_-1-1024x683.jpg 1024w, https:\/\/www.cruillabarcelona.cat\/wp-content\/uploads\/2025\/06\/AMBIENT__LF_3448_PhotoXaviTorrent_-1-768x512.jpg 768w, https:\/\/www.cruillabarcelona.cat\/wp-content\/uploads\/2025\/06\/AMBIENT__LF_3448_PhotoXaviTorrent_-1-1536x1024.jpg 1536w, https:\/\/www.cruillabarcelona.cat\/wp-content\/uploads\/2025\/06\/AMBIENT__LF_3448_PhotoXaviTorrent_-1-300x200.jpg 300w, https:\/\/www.cruillabarcelona.cat\/wp-content\/uploads\/2025\/06\/AMBIENT__LF_3448_PhotoXaviTorrent_-1-1500x1000.jpg 1500w, https:\/\/www.cruillabarcelona.cat\/wp-content\/uploads\/2025\/06\/AMBIENT__LF_3448_PhotoXaviTorrent_-1.jpg 1720w\" sizes=\"auto, (max-width: 900px) 100vw, 900px\" \/><\/p>\n<h3>Intervenci\u00f3n conjunta en el suelo: AEROS\u00d2L<\/h3>\n<p>Por primera vez, tres artistas (Aleix Font, Domini y S\u00f2nia Toneu) crearon un mural colectivo en el suelo del festival.<\/p>\n<p><a href=\"https:\/\/aleixfont.com\/?target=home\" target=\"_blank\" rel=\"noopener\"><strong>Aleix Font<\/strong><\/a>: Apasionado de la cuadr\u00edcula como s\u00edmbolo de planificaci\u00f3n frente al caos. Sus composiciones exploran el espacio y crean narrativas abiertas al espectador.<\/p>\n<p><a href=\"https:\/\/www.instagram.com\/dominiart\/\" target=\"_blank\" rel=\"noopener\"><strong>Domin<\/strong><\/a><a href=\"https:\/\/www.instagram.com\/dominiart\/\" target=\"_blank\" rel=\"noopener\">i<\/a>: Para \u00e9l, el arte empieza donde acaba el dise\u00f1o. Le encanta crear a gran escala, como en edificios, sin normas ni directrices.<\/p>\n<p><a href=\"https:\/\/soniatoneu.com\/\" target=\"_blank\" rel=\"noopener\"><strong>S\u00f2nia Toneu<\/strong><\/a>: Centra su obra en la abstracci\u00f3n a trav\u00e9s de la pintura, instalaci\u00f3n y medios digitales, proponiendo realidades alternativas a la percepci\u00f3n convencional.<\/p>\n<p>Ese mural no fue solo arte ni se\u00f1alizaci\u00f3n: conect\u00f3 espacios, recorridos y personas. Una obra colectiva que record\u00f3 que, en Cru\u00eflla, el arte estuvo presente en cada paso.<\/p>\n<h3>Macromural y photocall participativo<\/h3>\n<p>Asis Percales y Geco unieron su talento para crear un macromural y photocall participativo que invit\u00f3 al p\u00fablico a formar parte de \u00e9l.<\/p>\n<p><a href=\"https:\/\/www.instagram.com\/asispercales\/?hl=es\"><strong>Asis Percales:\u00a0<\/strong><\/a>Artista reconocido que ha expuesto en Europa y Latinoam\u00e9rica. Su obra mezcla lo grotesco y lo bello mediante el dibujo y la naturaleza.<\/p>\n<p><strong><a href=\"https:\/\/www.instagram.com\/geco.gec0\/?hl=es\">Geco:\u00a0<\/a><\/strong>Artista multidisciplinar de Barcelona con experiencia en animaci\u00f3n, videojuegos y muralismo. Sus obras, accesibles a todos los p\u00fablicos, transmiten mensajes con cr\u00edtica social.<\/p>\n<p data-start=\"38\" data-end=\"126\" data-is-last-node=\"\" data-is-only-node=\"\">Juntos, crearon una instalaci\u00f3n viva y colectiva que foment\u00f3 la interacci\u00f3n del p\u00fablico.<\/p>\n<p><img loading=\"lazy\" decoding=\"async\" class=\"aligncenter wp-image-58551 size-large\" src=\"https:\/\/www.cruillabarcelona.cat\/wp-content\/uploads\/2025\/06\/ART__K0A9202_PhotoXaviTorrent_-1-1024x683.jpg\" alt=\"\" width=\"900\" height=\"600\" srcset=\"https:\/\/www.cruillabarcelona.cat\/wp-content\/uploads\/2025\/06\/ART__K0A9202_PhotoXaviTorrent_-1-1024x683.jpg 1024w, https:\/\/www.cruillabarcelona.cat\/wp-content\/uploads\/2025\/06\/ART__K0A9202_PhotoXaviTorrent_-1-768x512.jpg 768w, https:\/\/www.cruillabarcelona.cat\/wp-content\/uploads\/2025\/06\/ART__K0A9202_PhotoXaviTorrent_-1-1536x1024.jpg 1536w, https:\/\/www.cruillabarcelona.cat\/wp-content\/uploads\/2025\/06\/ART__K0A9202_PhotoXaviTorrent_-1-300x200.jpg 300w, https:\/\/www.cruillabarcelona.cat\/wp-content\/uploads\/2025\/06\/ART__K0A9202_PhotoXaviTorrent_-1-1500x1000.jpg 1500w, https:\/\/www.cruillabarcelona.cat\/wp-content\/uploads\/2025\/06\/ART__K0A9202_PhotoXaviTorrent_-1.jpg 1890w\" sizes=\"auto, (max-width: 900px) 100vw, 900px\" \/><\/p>\n<h3>Arte volum\u00e9trico<\/h3>\n<p data-start=\"3534\" data-end=\"3630\">El Dios de los Tres present\u00f3 una intervenci\u00f3n de arte volum\u00e9trico vibrante y sorprendente.<\/p>\n<p data-start=\"3632\" data-end=\"3974\">Javier Navarro Romero (Almer\u00eda, 1985), conocido como El Dios de los Tres, es un artista total: muralista, ilustrador y dise\u00f1ador. Su estilo mezcla barroco, surrealismo pop y referencias multiculturales en una explosi\u00f3n visual que no deja indiferente. Su mundo fant\u00e1stico tom\u00f3 forma en Cru\u00eflla con alegr\u00eda, libertad y creatividad exuberante.<\/p>\n<h3>Instalaci\u00f3n lum\u00ednica: No artists, no creative district<\/h3>\n<p>Creada por Poblenou Urban District y Lluria para el Off Llum Barcelona 2025, esa instalaci\u00f3n encabez\u00f3 el muro donde los artistas del WAC pintaron sus obras. La pieza resalt\u00f3 el valor de los artistas y su v\u00ednculo con el barrio, reivindicando la creaci\u00f3n compartida como base de la vitalidad y autenticidad cultural del Poblenou.<\/p>\n<p><img loading=\"lazy\" decoding=\"async\" class=\"aligncenter wp-image-58555 size-large\" src=\"https:\/\/www.cruillabarcelona.cat\/wp-content\/uploads\/2025\/06\/IMG_8236-1-1024x669.jpg\" alt=\"\" width=\"900\" height=\"588\" srcset=\"https:\/\/www.cruillabarcelona.cat\/wp-content\/uploads\/2025\/06\/IMG_8236-1-1024x669.jpg 1024w, https:\/\/www.cruillabarcelona.cat\/wp-content\/uploads\/2025\/06\/IMG_8236-1-768x502.jpg 768w, https:\/\/www.cruillabarcelona.cat\/wp-content\/uploads\/2025\/06\/IMG_8236-1-1536x1004.jpg 1536w, https:\/\/www.cruillabarcelona.cat\/wp-content\/uploads\/2025\/06\/IMG_8236-1-300x196.jpg 300w, https:\/\/www.cruillabarcelona.cat\/wp-content\/uploads\/2025\/06\/IMG_8236-1-1500x980.jpg 1500w, https:\/\/www.cruillabarcelona.cat\/wp-content\/uploads\/2025\/06\/IMG_8236-1.jpg 2000w\" sizes=\"auto, (max-width: 900px) 100vw, 900px\" \/><\/p>\n","protected":false},"excerpt":{"rendered":"<p>La asociaci\u00f3n formada por profesionales, empresas y organizaciones del sector creativo y cultural de Barcelona, Poblenou Urban District, volvi\u00f3 a programar en el Cru\u00eflla Arts a [&hellip;]<\/p>\n","protected":false},"author":2,"featured_media":58560,"parent":0,"menu_order":0,"comment_status":"closed","ping_status":"closed","template":"page-templates\/page-landing.php","meta":{"_acf_changed":false,"footnotes":""},"class_list":["post-58599","page","type-page","status-publish","has-post-thumbnail","hentry"],"acf":[],"yoast_head":"<!-- This site is optimized with the Yoast SEO plugin v27.3 - https:\/\/yoast.com\/product\/yoast-seo-wordpress\/ -->\n<title>Poblenou Urban District - Festival Cru\u00eflla<\/title>\n<meta name=\"robots\" content=\"index, follow, max-snippet:-1, max-image-preview:large, max-video-preview:-1\" \/>\n<link rel=\"canonical\" href=\"https:\/\/www.cruillabarcelona.cat\/es\/poblenou-urban-district\/\" \/>\n<meta property=\"og:locale\" content=\"es_ES\" \/>\n<meta property=\"og:type\" content=\"article\" \/>\n<meta property=\"og:title\" content=\"Poblenou Urban District - Festival Cru\u00eflla\" \/>\n<meta property=\"og:description\" content=\"La asociaci\u00f3n formada por profesionales, empresas y organizaciones del sector creativo y cultural de Barcelona, Poblenou Urban District, volvi\u00f3 a programar en el Cru\u00eflla Arts a [&hellip;]\" \/>\n<meta property=\"og:url\" content=\"https:\/\/www.cruillabarcelona.cat\/es\/poblenou-urban-district\/\" \/>\n<meta property=\"og:site_name\" content=\"Festival Cru\u00eflla\" \/>\n<meta property=\"article:modified_time\" content=\"2025-07-23T10:41:02+00:00\" \/>\n<meta property=\"og:image\" content=\"https:\/\/www.cruillabarcelona.cat\/wp-content\/uploads\/2025\/06\/ARTS_DSC_4128_\u00a9Victor-Parreno-1-scaled.jpg\" \/>\n\t<meta property=\"og:image:width\" content=\"2560\" \/>\n\t<meta property=\"og:image:height\" content=\"1703\" \/>\n\t<meta property=\"og:image:type\" content=\"image\/jpeg\" \/>\n<meta name=\"twitter:card\" content=\"summary_large_image\" \/>\n<meta name=\"twitter:label1\" content=\"Tiempo de lectura\" \/>\n\t<meta name=\"twitter:data1\" content=\"4 minutos\" \/>\n<script type=\"application\/ld+json\" class=\"yoast-schema-graph\">{\"@context\":\"https:\\\/\\\/schema.org\",\"@graph\":[{\"@type\":\"WebPage\",\"@id\":\"https:\\\/\\\/www.cruillabarcelona.cat\\\/es\\\/poblenou-urban-district\\\/\",\"url\":\"https:\\\/\\\/www.cruillabarcelona.cat\\\/es\\\/poblenou-urban-district\\\/\",\"name\":\"Poblenou Urban District - Festival Cru\u00eflla\",\"isPartOf\":{\"@id\":\"https:\\\/\\\/www.cruillabarcelona.cat\\\/es\\\/#website\"},\"primaryImageOfPage\":{\"@id\":\"https:\\\/\\\/www.cruillabarcelona.cat\\\/es\\\/poblenou-urban-district\\\/#primaryimage\"},\"image\":{\"@id\":\"https:\\\/\\\/www.cruillabarcelona.cat\\\/es\\\/poblenou-urban-district\\\/#primaryimage\"},\"thumbnailUrl\":\"https:\\\/\\\/www.cruillabarcelona.cat\\\/wp-content\\\/uploads\\\/2025\\\/06\\\/ARTS_DSC_4128_\u00a9Victor-Parreno-1-scaled.jpg\",\"datePublished\":\"2025-06-02T11:27:52+00:00\",\"dateModified\":\"2025-07-23T10:41:02+00:00\",\"breadcrumb\":{\"@id\":\"https:\\\/\\\/www.cruillabarcelona.cat\\\/es\\\/poblenou-urban-district\\\/#breadcrumb\"},\"inLanguage\":\"es\",\"potentialAction\":[{\"@type\":\"ReadAction\",\"target\":[\"https:\\\/\\\/www.cruillabarcelona.cat\\\/es\\\/poblenou-urban-district\\\/\"]}]},{\"@type\":\"ImageObject\",\"inLanguage\":\"es\",\"@id\":\"https:\\\/\\\/www.cruillabarcelona.cat\\\/es\\\/poblenou-urban-district\\\/#primaryimage\",\"url\":\"https:\\\/\\\/www.cruillabarcelona.cat\\\/wp-content\\\/uploads\\\/2025\\\/06\\\/ARTS_DSC_4128_\u00a9Victor-Parreno-1-scaled.jpg\",\"contentUrl\":\"https:\\\/\\\/www.cruillabarcelona.cat\\\/wp-content\\\/uploads\\\/2025\\\/06\\\/ARTS_DSC_4128_\u00a9Victor-Parreno-1-scaled.jpg\",\"width\":2560,\"height\":1703,\"caption\":\"\u00a9 V\u00edctor Parre\u00f1o\"},{\"@type\":\"BreadcrumbList\",\"@id\":\"https:\\\/\\\/www.cruillabarcelona.cat\\\/es\\\/poblenou-urban-district\\\/#breadcrumb\",\"itemListElement\":[{\"@type\":\"ListItem\",\"position\":1,\"name\":\"Home\",\"item\":\"https:\\\/\\\/www.cruillabarcelona.cat\\\/es\\\/\"},{\"@type\":\"ListItem\",\"position\":2,\"name\":\"Poblenou Urban District\"}]},{\"@type\":\"WebSite\",\"@id\":\"https:\\\/\\\/www.cruillabarcelona.cat\\\/es\\\/#website\",\"url\":\"https:\\\/\\\/www.cruillabarcelona.cat\\\/es\\\/\",\"name\":\"Festival Cru\u00eflla\",\"description\":\"\",\"publisher\":{\"@id\":\"https:\\\/\\\/www.cruillabarcelona.cat\\\/es\\\/#organization\"},\"potentialAction\":[{\"@type\":\"SearchAction\",\"target\":{\"@type\":\"EntryPoint\",\"urlTemplate\":\"https:\\\/\\\/www.cruillabarcelona.cat\\\/es\\\/?s={search_term_string}\"},\"query-input\":{\"@type\":\"PropertyValueSpecification\",\"valueRequired\":true,\"valueName\":\"search_term_string\"}}],\"inLanguage\":\"es\"},{\"@type\":\"Organization\",\"@id\":\"https:\\\/\\\/www.cruillabarcelona.cat\\\/es\\\/#organization\",\"name\":\"Festival Cru\u00eflla\",\"url\":\"https:\\\/\\\/www.cruillabarcelona.cat\\\/es\\\/\",\"logo\":{\"@type\":\"ImageObject\",\"inLanguage\":\"es\",\"@id\":\"https:\\\/\\\/www.cruillabarcelona.cat\\\/es\\\/#\\\/schema\\\/logo\\\/image\\\/\",\"url\":\"https:\\\/\\\/www.cruillabarcelona.cat\\\/wp-content\\\/uploads\\\/2025\\\/12\\\/cruill-logo-negativo.png\",\"contentUrl\":\"https:\\\/\\\/www.cruillabarcelona.cat\\\/wp-content\\\/uploads\\\/2025\\\/12\\\/cruill-logo-negativo.png\",\"width\":400,\"height\":101,\"caption\":\"Festival Cru\u00eflla\"},\"image\":{\"@id\":\"https:\\\/\\\/www.cruillabarcelona.cat\\\/es\\\/#\\\/schema\\\/logo\\\/image\\\/\"}}]}<\/script>\n<!-- \/ Yoast SEO plugin. -->","yoast_head_json":{"title":"Poblenou Urban District - Festival Cru\u00eflla","robots":{"index":"index","follow":"follow","max-snippet":"max-snippet:-1","max-image-preview":"max-image-preview:large","max-video-preview":"max-video-preview:-1"},"canonical":"https:\/\/www.cruillabarcelona.cat\/es\/poblenou-urban-district\/","og_locale":"es_ES","og_type":"article","og_title":"Poblenou Urban District - Festival Cru\u00eflla","og_description":"La asociaci\u00f3n formada por profesionales, empresas y organizaciones del sector creativo y cultural de Barcelona, Poblenou Urban District, volvi\u00f3 a programar en el Cru\u00eflla Arts a [&hellip;]","og_url":"https:\/\/www.cruillabarcelona.cat\/es\/poblenou-urban-district\/","og_site_name":"Festival Cru\u00eflla","article_modified_time":"2025-07-23T10:41:02+00:00","og_image":[{"width":2560,"height":1703,"url":"https:\/\/www.cruillabarcelona.cat\/wp-content\/uploads\/2025\/06\/ARTS_DSC_4128_\u00a9Victor-Parreno-1-scaled.jpg","type":"image\/jpeg"}],"twitter_card":"summary_large_image","twitter_misc":{"Tiempo de lectura":"4 minutos"},"schema":{"@context":"https:\/\/schema.org","@graph":[{"@type":"WebPage","@id":"https:\/\/www.cruillabarcelona.cat\/es\/poblenou-urban-district\/","url":"https:\/\/www.cruillabarcelona.cat\/es\/poblenou-urban-district\/","name":"Poblenou Urban District - Festival Cru\u00eflla","isPartOf":{"@id":"https:\/\/www.cruillabarcelona.cat\/es\/#website"},"primaryImageOfPage":{"@id":"https:\/\/www.cruillabarcelona.cat\/es\/poblenou-urban-district\/#primaryimage"},"image":{"@id":"https:\/\/www.cruillabarcelona.cat\/es\/poblenou-urban-district\/#primaryimage"},"thumbnailUrl":"https:\/\/www.cruillabarcelona.cat\/wp-content\/uploads\/2025\/06\/ARTS_DSC_4128_\u00a9Victor-Parreno-1-scaled.jpg","datePublished":"2025-06-02T11:27:52+00:00","dateModified":"2025-07-23T10:41:02+00:00","breadcrumb":{"@id":"https:\/\/www.cruillabarcelona.cat\/es\/poblenou-urban-district\/#breadcrumb"},"inLanguage":"es","potentialAction":[{"@type":"ReadAction","target":["https:\/\/www.cruillabarcelona.cat\/es\/poblenou-urban-district\/"]}]},{"@type":"ImageObject","inLanguage":"es","@id":"https:\/\/www.cruillabarcelona.cat\/es\/poblenou-urban-district\/#primaryimage","url":"https:\/\/www.cruillabarcelona.cat\/wp-content\/uploads\/2025\/06\/ARTS_DSC_4128_\u00a9Victor-Parreno-1-scaled.jpg","contentUrl":"https:\/\/www.cruillabarcelona.cat\/wp-content\/uploads\/2025\/06\/ARTS_DSC_4128_\u00a9Victor-Parreno-1-scaled.jpg","width":2560,"height":1703,"caption":"\u00a9 V\u00edctor Parre\u00f1o"},{"@type":"BreadcrumbList","@id":"https:\/\/www.cruillabarcelona.cat\/es\/poblenou-urban-district\/#breadcrumb","itemListElement":[{"@type":"ListItem","position":1,"name":"Home","item":"https:\/\/www.cruillabarcelona.cat\/es\/"},{"@type":"ListItem","position":2,"name":"Poblenou Urban District"}]},{"@type":"WebSite","@id":"https:\/\/www.cruillabarcelona.cat\/es\/#website","url":"https:\/\/www.cruillabarcelona.cat\/es\/","name":"Festival Cru\u00eflla","description":"","publisher":{"@id":"https:\/\/www.cruillabarcelona.cat\/es\/#organization"},"potentialAction":[{"@type":"SearchAction","target":{"@type":"EntryPoint","urlTemplate":"https:\/\/www.cruillabarcelona.cat\/es\/?s={search_term_string}"},"query-input":{"@type":"PropertyValueSpecification","valueRequired":true,"valueName":"search_term_string"}}],"inLanguage":"es"},{"@type":"Organization","@id":"https:\/\/www.cruillabarcelona.cat\/es\/#organization","name":"Festival Cru\u00eflla","url":"https:\/\/www.cruillabarcelona.cat\/es\/","logo":{"@type":"ImageObject","inLanguage":"es","@id":"https:\/\/www.cruillabarcelona.cat\/es\/#\/schema\/logo\/image\/","url":"https:\/\/www.cruillabarcelona.cat\/wp-content\/uploads\/2025\/12\/cruill-logo-negativo.png","contentUrl":"https:\/\/www.cruillabarcelona.cat\/wp-content\/uploads\/2025\/12\/cruill-logo-negativo.png","width":400,"height":101,"caption":"Festival Cru\u00eflla"},"image":{"@id":"https:\/\/www.cruillabarcelona.cat\/es\/#\/schema\/logo\/image\/"}}]}},"_links":{"self":[{"href":"https:\/\/www.cruillabarcelona.cat\/es\/wp-json\/wp\/v2\/pages\/58599","targetHints":{"allow":["GET"]}}],"collection":[{"href":"https:\/\/www.cruillabarcelona.cat\/es\/wp-json\/wp\/v2\/pages"}],"about":[{"href":"https:\/\/www.cruillabarcelona.cat\/es\/wp-json\/wp\/v2\/types\/page"}],"author":[{"embeddable":true,"href":"https:\/\/www.cruillabarcelona.cat\/es\/wp-json\/wp\/v2\/users\/2"}],"replies":[{"embeddable":true,"href":"https:\/\/www.cruillabarcelona.cat\/es\/wp-json\/wp\/v2\/comments?post=58599"}],"version-history":[{"count":4,"href":"https:\/\/www.cruillabarcelona.cat\/es\/wp-json\/wp\/v2\/pages\/58599\/revisions"}],"predecessor-version":[{"id":60482,"href":"https:\/\/www.cruillabarcelona.cat\/es\/wp-json\/wp\/v2\/pages\/58599\/revisions\/60482"}],"wp:featuredmedia":[{"embeddable":true,"href":"https:\/\/www.cruillabarcelona.cat\/es\/wp-json\/wp\/v2\/media\/58560"}],"wp:attachment":[{"href":"https:\/\/www.cruillabarcelona.cat\/es\/wp-json\/wp\/v2\/media?parent=58599"}],"curies":[{"name":"wp","href":"https:\/\/api.w.org\/{rel}","templated":true}]}}